{"id":313,"date":"2019-01-24T14:08:05","date_gmt":"2019-01-24T14:08:05","guid":{"rendered":"https:\/\/talidesign.eu\/wp\/?page_id=313"},"modified":"2023-03-11T00:43:47","modified_gmt":"2023-03-10T22:43:47","slug":"about","status":"publish","type":"page","link":"https:\/\/www.talidesign.eu\/en\/about\/","title":{"rendered":"About"},"content":{"rendered":"\n\n\t<section class=\"section\" id=\"section_2105202541\">\n\t\t<div class=\"section-bg fill\" >\n\t\t\t\t\t\t\t\t\t\n\t\t\t\n\n\t\t<\/div>\n\n\t\t\n\n\t\t<div class=\"section-content relative\">\n\t\t\t\n\n<div class=\"row align-center\"  id=\"row-1121047561\">\n\n\n\t<div id=\"col-711984992\" class=\"col medium-4 small-10 large-4\"  >\n\t\t\t\t<div class=\"col-inner\"  >\n\t\t\t\n\t\t\t\n\n<h1><span style=\"font-size: 150%;\">Meist<\/span><\/h1>\n\n\t\t<\/div>\n\t\t\t\t\n<style>\n#col-711984992 > .col-inner {\n  padding: 0px 40px 0px 0px;\n}\n<\/style>\n\t<\/div>\n\n\t\n\n\t<div id=\"col-222462287\" class=\"col medium-8 small-10 large-8\"  >\n\t\t\t\t<div class=\"col-inner\"  >\n\t\t\t\n\t\t\t\n\n<p>Eesti suurim disainipood TALI concept, asutatud arhitekt Triinu Tiiseli ja ettev\u00f5tja Jaan Allikvere poolt, pakub v\u00e4rskeimat ja kvatliteetset Eesti disaini ning inspireerivaid br\u00e4nde maailmast. Hoolikalt valitud tooteid (ehted, nahakunst, r\u00f5ivad, kodusisustus) iseloomustab p\u00f5hjamaale kohane lihtsus, kvaliteet, minimalism ja geomeetriine vorm, tasakaalustatud peene sarkasmi ja huumoriga.<br \/>Arhitektitaustaga Triinu terviklik ja detailideni l\u00e4bim\u00f5eldud keskkond ning pidevalt uuenev hoolikas selektsioon parimatelt loojatelt r\u00f5\u00f5mustab k\u00f5iki, kes peavad t\u00e4hsaks k\u00f5rgetasemelist disaini, kvaliteetset toormaterjali ja stiilipuhast v\u00e4ljan\u00e4gemist.<\/p>\n\n\t\t<\/div>\n\t\t\t\t\t<\/div>\n\n\t\n\n<\/div>\n<div class=\"row align-center\"  id=\"row-788144652\">\n\n\n\t<div id=\"col-202296313\" class=\"col medium-4 small-10 large-4\"  >\n\t\t\t\t<div class=\"col-inner\"  >\n\t\t\t\n\t\t\t\n\n<h1><span style=\"font-size: 150%;\">About Us<\/span><\/h1>\n\n\t\t<\/div>\n\t\t\t\t\n<style>\n#col-202296313 > .col-inner {\n  padding: 0px 40px 0px 0px;\n}\n<\/style>\n\t<\/div>\n\n\t\n\n\t<div id=\"col-811001563\" class=\"col medium-8 small-10 large-8\"  >\n\t\t\t\t<div class=\"col-inner\"  >\n\t\t\t\n\t\t\t\n\n<p>TALI concept is a largest design shop in Estonia, located in a hip Kalamaja area, offers you smacking selection of accessories, clothes, leather goods and home accessories by the most interesting up and coming local designers and inspiring brands all over the world. Carefully selected items will lead you through the different styles of Estonian young designers, where the common line is high quality products with simple minimalistic and contemporary visual, geometric shapes and pureness balanced with sharp humor and cuteness.<br \/>Architect and owner of the shop Triinu Tiisel\u2019s detailed and consistent vision of the shop, always searching for the freshest design and refreshing the display, has made TALI shop the most loved Estonian design shop in a short time. Bringing together young designers with established names and offering brand new selection of design highlights, TALI is a place for a person seeking for the top quality design with a little twist.<\/p>\n\n\t\t<\/div>\n\t\t\t\t\t<\/div>\n\n\t\n\n<\/div>\n\n\t\t<\/div>\n\n\t\t\n<style>\n#section_2105202541 {\n  padding-top: 20px;\n  padding-bottom: 20px;\n}\n<\/style>\n\t<\/section>\n\t\n\n","protected":false},"excerpt":{"rendered":"","protected":false},"author":1,"featured_media":0,"parent":0,"menu_order":0,"comment_status":"closed","ping_status":"closed","template":"","meta":{"footnotes":""},"class_list":["post-313","page","type-page","status-publish","hentry"],"yoast_head":"<!-- This site is optimized with the Yoast SEO plugin v27.3 - https:\/\/yoast.com\/product\/yoast-seo-wordpress\/ -->\n<title>About Us - TALI Concept Store<\/title>\n<meta name=\"description\" content=\"Eesti suurim disainipood Tali, asutatud arhitekt Triinu Tiiseli ja ettev\u00f5tja Jaan Allikvere poolt, pakub v\u00e4rskeimat ja kvatliteetset loomingut Eesti disaineritelt.\" \/>\n<meta name=\"robots\" content=\"index, follow, max-snippet:-1, max-image-preview:large, max-video-preview:-1\" \/>\n<link rel=\"canonical\" href=\"https:\/\/www.talidesign.eu\/en\/about\/\" \/>\n<meta property=\"og:locale\" content=\"en_US\" \/>\n<meta property=\"og:type\" content=\"article\" \/>\n<meta property=\"og:title\" content=\"About Us - TALI Concept Store\" \/>\n<meta property=\"og:description\" content=\"Eesti suurim disainipood Tali, asutatud arhitekt Triinu Tiiseli ja ettev\u00f5tja Jaan Allikvere poolt, pakub v\u00e4rskeimat ja kvatliteetset loomingut Eesti disaineritelt.\" \/>\n<meta property=\"og:url\" content=\"https:\/\/www.talidesign.eu\/en\/about\/\" \/>\n<meta property=\"og:site_name\" content=\"TALI Concept Store\" \/>\n<meta property=\"article:publisher\" content=\"https:\/\/www.facebook.com\/TaliDisain\/\" \/>\n<meta property=\"article:modified_time\" content=\"2023-03-10T22:43:47+00:00\" \/>\n<meta name=\"twitter:card\" content=\"summary_large_image\" \/>\n<meta name=\"twitter:label1\" content=\"Est. reading time\" \/>\n\t<meta name=\"twitter:data1\" content=\"1 minute\" \/>\n<script type=\"application\/ld+json\" class=\"yoast-schema-graph\">{\"@context\":\"https:\\\/\\\/schema.org\",\"@graph\":[{\"@type\":\"WebPage\",\"@id\":\"https:\\\/\\\/www.talidesign.eu\\\/en\\\/about\\\/\",\"url\":\"https:\\\/\\\/www.talidesign.eu\\\/en\\\/about\\\/\",\"name\":\"About Us - TALI Concept Store\",\"isPartOf\":{\"@id\":\"https:\\\/\\\/www.talidesign.eu\\\/en\\\/#website\"},\"datePublished\":\"2019-01-24T14:08:05+00:00\",\"dateModified\":\"2023-03-10T22:43:47+00:00\",\"description\":\"Eesti suurim disainipood Tali, asutatud arhitekt Triinu Tiiseli ja ettev\u00f5tja Jaan Allikvere poolt, pakub v\u00e4rskeimat ja kvatliteetset loomingut Eesti disaineritelt.\",\"breadcrumb\":{\"@id\":\"https:\\\/\\\/www.talidesign.eu\\\/en\\\/about\\\/#breadcrumb\"},\"inLanguage\":\"en-US\",\"potentialAction\":[{\"@type\":\"ReadAction\",\"target\":[\"https:\\\/\\\/www.talidesign.eu\\\/en\\\/about\\\/\"]}]},{\"@type\":\"BreadcrumbList\",\"@id\":\"https:\\\/\\\/www.talidesign.eu\\\/en\\\/about\\\/#breadcrumb\",\"itemListElement\":[{\"@type\":\"ListItem\",\"position\":1,\"name\":\"Avaleht\",\"item\":\"https:\\\/\\\/www.talidesign.eu\\\/en\\\/\"},{\"@type\":\"ListItem\",\"position\":2,\"name\":\"About\"}]},{\"@type\":\"WebSite\",\"@id\":\"https:\\\/\\\/www.talidesign.eu\\\/en\\\/#website\",\"url\":\"https:\\\/\\\/www.talidesign.eu\\\/en\\\/\",\"name\":\"TALI Concept Store\",\"description\":\"The largest design shop in Estonia\",\"potentialAction\":[{\"@type\":\"SearchAction\",\"target\":{\"@type\":\"EntryPoint\",\"urlTemplate\":\"https:\\\/\\\/www.talidesign.eu\\\/en\\\/?s={search_term_string}\"},\"query-input\":{\"@type\":\"PropertyValueSpecification\",\"valueRequired\":true,\"valueName\":\"search_term_string\"}}],\"inLanguage\":\"en-US\"}]}<\/script>\n<!-- \/ Yoast SEO plugin. -->","yoast_head_json":{"title":"About Us - TALI Concept Store","description":"Eesti suurim disainipood Tali, asutatud arhitekt Triinu Tiiseli ja ettev\u00f5tja Jaan Allikvere poolt, pakub v\u00e4rskeimat ja kvatliteetset loomingut Eesti disaineritelt.","robots":{"index":"index","follow":"follow","max-snippet":"max-snippet:-1","max-image-preview":"max-image-preview:large","max-video-preview":"max-video-preview:-1"},"canonical":"https:\/\/www.talidesign.eu\/en\/about\/","og_locale":"en_US","og_type":"article","og_title":"About Us - TALI Concept Store","og_description":"Eesti suurim disainipood Tali, asutatud arhitekt Triinu Tiiseli ja ettev\u00f5tja Jaan Allikvere poolt, pakub v\u00e4rskeimat ja kvatliteetset loomingut Eesti disaineritelt.","og_url":"https:\/\/www.talidesign.eu\/en\/about\/","og_site_name":"TALI Concept Store","article_publisher":"https:\/\/www.facebook.com\/TaliDisain\/","article_modified_time":"2023-03-10T22:43:47+00:00","twitter_card":"summary_large_image","twitter_misc":{"Est. reading time":"1 minute"},"schema":{"@context":"https:\/\/schema.org","@graph":[{"@type":"WebPage","@id":"https:\/\/www.talidesign.eu\/en\/about\/","url":"https:\/\/www.talidesign.eu\/en\/about\/","name":"About Us - TALI Concept Store","isPartOf":{"@id":"https:\/\/www.talidesign.eu\/en\/#website"},"datePublished":"2019-01-24T14:08:05+00:00","dateModified":"2023-03-10T22:43:47+00:00","description":"Eesti suurim disainipood Tali, asutatud arhitekt Triinu Tiiseli ja ettev\u00f5tja Jaan Allikvere poolt, pakub v\u00e4rskeimat ja kvatliteetset loomingut Eesti disaineritelt.","breadcrumb":{"@id":"https:\/\/www.talidesign.eu\/en\/about\/#breadcrumb"},"inLanguage":"en-US","potentialAction":[{"@type":"ReadAction","target":["https:\/\/www.talidesign.eu\/en\/about\/"]}]},{"@type":"BreadcrumbList","@id":"https:\/\/www.talidesign.eu\/en\/about\/#breadcrumb","itemListElement":[{"@type":"ListItem","position":1,"name":"Avaleht","item":"https:\/\/www.talidesign.eu\/en\/"},{"@type":"ListItem","position":2,"name":"About"}]},{"@type":"WebSite","@id":"https:\/\/www.talidesign.eu\/en\/#website","url":"https:\/\/www.talidesign.eu\/en\/","name":"TALI Concept Store","description":"The largest design shop in Estonia","potentialAction":[{"@type":"SearchAction","target":{"@type":"EntryPoint","urlTemplate":"https:\/\/www.talidesign.eu\/en\/?s={search_term_string}"},"query-input":{"@type":"PropertyValueSpecification","valueRequired":true,"valueName":"search_term_string"}}],"inLanguage":"en-US"}]}},"_links":{"self":[{"href":"https:\/\/www.talidesign.eu\/en\/wp-json\/wp\/v2\/pages\/313","targetHints":{"allow":["GET"]}}],"collection":[{"href":"https:\/\/www.talidesign.eu\/en\/wp-json\/wp\/v2\/pages"}],"about":[{"href":"https:\/\/www.talidesign.eu\/en\/wp-json\/wp\/v2\/types\/page"}],"author":[{"embeddable":true,"href":"https:\/\/www.talidesign.eu\/en\/wp-json\/wp\/v2\/users\/1"}],"replies":[{"embeddable":true,"href":"https:\/\/www.talidesign.eu\/en\/wp-json\/wp\/v2\/comments?post=313"}],"version-history":[{"count":1,"href":"https:\/\/www.talidesign.eu\/en\/wp-json\/wp\/v2\/pages\/313\/revisions"}],"predecessor-version":[{"id":69576,"href":"https:\/\/www.talidesign.eu\/en\/wp-json\/wp\/v2\/pages\/313\/revisions\/69576"}],"wp:attachment":[{"href":"https:\/\/www.talidesign.eu\/en\/wp-json\/wp\/v2\/media?parent=313"}],"curies":[{"name":"wp","href":"https:\/\/api.w.org\/{rel}","templated":true}]}}