{"id":532,"date":"2019-03-05T01:42:46","date_gmt":"2019-03-04T23:42:46","guid":{"rendered":"https:\/\/www.talidesign.eu\/?page_id=532"},"modified":"2019-03-05T01:42:46","modified_gmt":"2019-03-04T23:42:46","slug":"payments","status":"publish","type":"page","link":"https:\/\/www.talidesign.eu\/en\/help\/payments\/","title":{"rendered":"Payments"},"content":{"rendered":"<h2 style=\"text-align: center;\"><strong>Payments <\/strong><\/h2>\n<div class=\"text-center\"><div class=\"is-divider divider clearfix\" ><\/div><\/div>\n<p>Payments at Talidesign.eu are processed with <strong>Maksekeskus.ee<\/strong> services:<\/p>\n<ul>\n<li>Bank link payments for residents of Estonia, Lithuania, Finland and Latvia<\/li>\n<li><strong>Estonian<\/strong> bank links: Swedbank, SEB, Luminor, LHV, Coop, Pocopay and Liisi ID<\/li>\n<li><strong>Finland<\/strong> bank links: Aktia, \u00c5landsbanken, Danske, Handelsbanken, Nordea, Oma S\u00e4\u00e4stopankki, Pohjola, POP Pankki, S-Pankki, S\u00e4\u00e4stopankki<\/li>\n<li><strong>Lithuanian<\/strong> bank links: Swedbank, SEB and Luminor<\/li>\n<li><strong>Latvian<\/strong> bank links: SEB, Citadele and Luminor<\/li>\n<li>VISA, MasterCard and Maestro card payments are accepted globally<\/li>\n<\/ul>\n<p>Maksekeskus AS is a subsidiary company of Eesti Post AS (Omniva) and under the supervision of the Estonian Financial Supervision Authority.<\/p>\n","protected":false},"excerpt":{"rendered":"<p>Payments Payments at Talidesign.eu are processed with Maksekeskus.ee services: Bank link payments for residents of Estonia, Lithuania, Finland and Latvia Estonian bank links: Swedbank, SEB, Luminor, LHV, Coop, Pocopay and Liisi ID Finland bank links: Aktia, \u00c5landsbanken, Danske, Handelsbanken, Nordea, Oma S\u00e4\u00e4stopankki, Pohjola, POP Pankki, S-Pankki, S\u00e4\u00e4stopankki Lithuanian bank links: Swedbank, SEB and Luminor Latvian [&#8230;]\n","protected":false},"author":1,"featured_media":0,"parent":513,"menu_order":0,"comment_status":"closed","ping_status":"closed","template":"","meta":{"footnotes":""},"class_list":["post-532","page","type-page","status-publish","hentry"],"yoast_head":"<!-- This site is optimized with the Yoast SEO plugin v27.5 - https:\/\/yoast.com\/product\/yoast-seo-wordpress\/ -->\n<title>Payments - TALI Concept Store<\/title>\n<meta name=\"robots\" content=\"index, follow, max-snippet:-1, max-image-preview:large, max-video-preview:-1\" \/>\n<link rel=\"canonical\" href=\"https:\/\/www.talidesign.eu\/en\/help\/payments\/\" \/>\n<meta property=\"og:locale\" content=\"en_US\" \/>\n<meta property=\"og:type\" content=\"article\" \/>\n<meta property=\"og:title\" content=\"Payments - TALI Concept Store\" \/>\n<meta property=\"og:description\" content=\"Payments Payments at Talidesign.eu are processed with Maksekeskus.ee services: Bank link payments for residents of Estonia, Lithuania, Finland and Latvia Estonian bank links: Swedbank, SEB, Luminor, LHV, Coop, Pocopay and Liisi ID Finland bank links: Aktia, \u00c5landsbanken, Danske, Handelsbanken, Nordea, Oma S\u00e4\u00e4stopankki, Pohjola, POP Pankki, S-Pankki, S\u00e4\u00e4stopankki Lithuanian bank links: Swedbank, SEB and Luminor Latvian [...]\" \/>\n<meta property=\"og:url\" content=\"https:\/\/www.talidesign.eu\/en\/help\/payments\/\" \/>\n<meta property=\"og:site_name\" content=\"TALI Concept Store\" \/>\n<meta property=\"article:publisher\" content=\"https:\/\/www.facebook.com\/TaliDisain\/\" \/>\n<meta name=\"twitter:card\" content=\"summary_large_image\" \/>\n<script type=\"application\/ld+json\" class=\"yoast-schema-graph\">{\"@context\":\"https:\\\/\\\/schema.org\",\"@graph\":[{\"@type\":\"WebPage\",\"@id\":\"https:\\\/\\\/www.talidesign.eu\\\/en\\\/help\\\/payments\\\/\",\"url\":\"https:\\\/\\\/www.talidesign.eu\\\/en\\\/help\\\/payments\\\/\",\"name\":\"Payments - TALI Concept Store\",\"isPartOf\":{\"@id\":\"https:\\\/\\\/www.talidesign.eu\\\/en\\\/#website\"},\"datePublished\":\"2019-03-04T23:42:46+00:00\",\"breadcrumb\":{\"@id\":\"https:\\\/\\\/www.talidesign.eu\\\/en\\\/help\\\/payments\\\/#breadcrumb\"},\"inLanguage\":\"en-US\",\"potentialAction\":[{\"@type\":\"ReadAction\",\"target\":[\"https:\\\/\\\/www.talidesign.eu\\\/en\\\/help\\\/payments\\\/\"]}]},{\"@type\":\"BreadcrumbList\",\"@id\":\"https:\\\/\\\/www.talidesign.eu\\\/en\\\/help\\\/payments\\\/#breadcrumb\",\"itemListElement\":[{\"@type\":\"ListItem\",\"position\":1,\"name\":\"Avaleht\",\"item\":\"https:\\\/\\\/www.talidesign.eu\\\/en\\\/\"},{\"@type\":\"ListItem\",\"position\":2,\"name\":\"Private: Help\",\"item\":\"https:\\\/\\\/www.talidesign.eu\\\/en\\\/help\\\/\"},{\"@type\":\"ListItem\",\"position\":3,\"name\":\"Payments\"}]},{\"@type\":\"WebSite\",\"@id\":\"https:\\\/\\\/www.talidesign.eu\\\/en\\\/#website\",\"url\":\"https:\\\/\\\/www.talidesign.eu\\\/en\\\/\",\"name\":\"TALI Concept Store\",\"description\":\"The largest design shop in Estonia\",\"potentialAction\":[{\"@type\":\"SearchAction\",\"target\":{\"@type\":\"EntryPoint\",\"urlTemplate\":\"https:\\\/\\\/www.talidesign.eu\\\/en\\\/?s={search_term_string}\"},\"query-input\":{\"@type\":\"PropertyValueSpecification\",\"valueRequired\":true,\"valueName\":\"search_term_string\"}}],\"inLanguage\":\"en-US\"}]}<\/script>\n<!-- \/ Yoast SEO plugin. -->","yoast_head_json":{"title":"Payments - TALI Concept Store","robots":{"index":"index","follow":"follow","max-snippet":"max-snippet:-1","max-image-preview":"max-image-preview:large","max-video-preview":"max-video-preview:-1"},"canonical":"https:\/\/www.talidesign.eu\/en\/help\/payments\/","og_locale":"en_US","og_type":"article","og_title":"Payments - TALI Concept Store","og_description":"Payments Payments at Talidesign.eu are processed with Maksekeskus.ee services: Bank link payments for residents of Estonia, Lithuania, Finland and Latvia Estonian bank links: Swedbank, SEB, Luminor, LHV, Coop, Pocopay and Liisi ID Finland bank links: Aktia, \u00c5landsbanken, Danske, Handelsbanken, Nordea, Oma S\u00e4\u00e4stopankki, Pohjola, POP Pankki, S-Pankki, S\u00e4\u00e4stopankki Lithuanian bank links: Swedbank, SEB and Luminor Latvian [...]","og_url":"https:\/\/www.talidesign.eu\/en\/help\/payments\/","og_site_name":"TALI Concept Store","article_publisher":"https:\/\/www.facebook.com\/TaliDisain\/","twitter_card":"summary_large_image","schema":{"@context":"https:\/\/schema.org","@graph":[{"@type":"WebPage","@id":"https:\/\/www.talidesign.eu\/en\/help\/payments\/","url":"https:\/\/www.talidesign.eu\/en\/help\/payments\/","name":"Payments - TALI Concept Store","isPartOf":{"@id":"https:\/\/www.talidesign.eu\/en\/#website"},"datePublished":"2019-03-04T23:42:46+00:00","breadcrumb":{"@id":"https:\/\/www.talidesign.eu\/en\/help\/payments\/#breadcrumb"},"inLanguage":"en-US","potentialAction":[{"@type":"ReadAction","target":["https:\/\/www.talidesign.eu\/en\/help\/payments\/"]}]},{"@type":"BreadcrumbList","@id":"https:\/\/www.talidesign.eu\/en\/help\/payments\/#breadcrumb","itemListElement":[{"@type":"ListItem","position":1,"name":"Avaleht","item":"https:\/\/www.talidesign.eu\/en\/"},{"@type":"ListItem","position":2,"name":"Private: Help","item":"https:\/\/www.talidesign.eu\/en\/help\/"},{"@type":"ListItem","position":3,"name":"Payments"}]},{"@type":"WebSite","@id":"https:\/\/www.talidesign.eu\/en\/#website","url":"https:\/\/www.talidesign.eu\/en\/","name":"TALI Concept Store","description":"The largest design shop in Estonia","potentialAction":[{"@type":"SearchAction","target":{"@type":"EntryPoint","urlTemplate":"https:\/\/www.talidesign.eu\/en\/?s={search_term_string}"},"query-input":{"@type":"PropertyValueSpecification","valueRequired":true,"valueName":"search_term_string"}}],"inLanguage":"en-US"}]}},"_links":{"self":[{"href":"https:\/\/www.talidesign.eu\/en\/wp-json\/wp\/v2\/pages\/532","targetHints":{"allow":["GET"]}}],"collection":[{"href":"https:\/\/www.talidesign.eu\/en\/wp-json\/wp\/v2\/pages"}],"about":[{"href":"https:\/\/www.talidesign.eu\/en\/wp-json\/wp\/v2\/types\/page"}],"author":[{"embeddable":true,"href":"https:\/\/www.talidesign.eu\/en\/wp-json\/wp\/v2\/users\/1"}],"replies":[{"embeddable":true,"href":"https:\/\/www.talidesign.eu\/en\/wp-json\/wp\/v2\/comments?post=532"}],"version-history":[{"count":0,"href":"https:\/\/www.talidesign.eu\/en\/wp-json\/wp\/v2\/pages\/532\/revisions"}],"up":[{"embeddable":true,"href":"https:\/\/www.talidesign.eu\/en\/wp-json\/wp\/v2\/pages\/513"}],"wp:attachment":[{"href":"https:\/\/www.talidesign.eu\/en\/wp-json\/wp\/v2\/media?parent=532"}],"curies":[{"name":"wp","href":"https:\/\/api.w.org\/{rel}","templated":true}]}}