{"id":100916,"date":"2025-03-06T09:33:05","date_gmt":"2025-03-06T07:33:05","guid":{"rendered":"https:\/\/www.talidesign.eu\/?post_type=product&#038;p=100916"},"modified":"2026-04-09T17:08:37","modified_gmt":"2026-04-09T14:08:37","slug":"doiy-rose-bubbles-socks","status":"publish","type":"product","link":"https:\/\/www.talidesign.eu\/en\/shop\/product\/doiy-rose-bubbles-socks\/","title":{"rendered":"DOIY Ros\u00e9 Bubbles Socks"},"content":{"rendered":"<p><strong>Ros\u00e9 Bubbles Socks<\/strong><\/p>\n<p>Step into a world of elegance with Ros\u00e9 Bubbles Socks from Eat My Socks. These chic and cozy designs combine comfort with a touch of sparkle, making them ideal for every stylish occasion.<\/p>\n<p>\u2022 60,4% Cotton, 28,9% Polyester,2,4% Elastane\uff0c8,3% Polyamide<br \/>\n\u2022 Washing Machine Safe<br \/>\n\u2022 One size<\/p>\n<p><strong>About DOIY<\/strong><\/p>\n<p>Founded in 2008 by Elodie and Jaime in Barcelona, DOIY is a global lifestyle brand dedicated to designing gifts and home accessories. Every object holds a story. Whether they surprise you, cheer you up, send good vibes or make you laugh&#8230; they always provoke a pleasurable emotion.<\/p>\n<p><a href=\"https:\/\/www.talidesign.eu\/wp\/wp-content\/uploads\/2020\/05\/MG_0219-e1572366614332-scaled.jpg\"><img loading=\"lazy\" decoding=\"async\" class=\"alignnone size-full wp-image-9832\" src=\"https:\/\/www.talidesign.eu\/wp\/wp-content\/uploads\/2020\/05\/MG_0219-e1572366614332-scaled.jpg\" alt=\"\" width=\"2560\" height=\"2323\" srcset=\"https:\/\/www.talidesign.eu\/wp\/wp-content\/uploads\/2020\/05\/MG_0219-e1572366614332-scaled.jpg 2560w, https:\/\/www.talidesign.eu\/wp\/wp-content\/uploads\/2020\/05\/MG_0219-e1572366614332-441x400.jpg 441w, https:\/\/www.talidesign.eu\/wp\/wp-content\/uploads\/2020\/05\/MG_0219-e1572366614332-882x800.jpg 882w, https:\/\/www.talidesign.eu\/wp\/wp-content\/uploads\/2020\/05\/MG_0219-e1572366614332-768x697.jpg 768w, https:\/\/www.talidesign.eu\/wp\/wp-content\/uploads\/2020\/05\/MG_0219-e1572366614332-1536x1394.jpg 1536w, https:\/\/www.talidesign.eu\/wp\/wp-content\/uploads\/2020\/05\/MG_0219-e1572366614332-2048x1858.jpg 2048w, https:\/\/www.talidesign.eu\/wp\/wp-content\/uploads\/2020\/05\/MG_0219-e1572366614332-500x454.jpg 500w, https:\/\/www.talidesign.eu\/wp\/wp-content\/uploads\/2020\/05\/MG_0219-e1572366614332-510x463.jpg 510w\" sizes=\"auto, (max-width: 2560px) 100vw, 2560px\" \/><\/a><br \/>\n<em>Elodie and Jaime<\/em><br \/>\n<a href=\"\/product-category\/designers\/doiy\/\"><img loading=\"lazy\" decoding=\"async\" src=\"https:\/\/www.talidesign.eu\/wp\/wp-content\/uploads\/2021\/03\/logo-4.jpg\" alt=\"\" width=\"500\" height=\"100\" class=\"alignnone size-full wp-image-24553\" \/><\/a><\/p>\n","protected":false},"excerpt":{"rendered":"<p><strong>Ros\u00e9 Bubbles Socks<\/strong><\/p>\n<p>Step into a world of elegance with Ros\u00e9 Bubbles Socks from Eat My Socks. These chic and cozy designs combine comfort with a touch of sparkle, making them ideal for every stylish occasion.<\/p>\n<p>\u2022 60,4% Cotton, 28,9% Polyester,2,4% Elastane\uff0c8,3% Polyamide<br \/>\n\u2022 Washing Machine Safe<br \/>\n\u2022 One size<\/p>\n<p><strong>About DOIY<\/strong><\/p>\n<p>Founded in 2008 by Elodie and Jaime in Barcelona, DOIY is a global lifestyle brand dedicated to designing gifts and home accessories. Every object holds a story. Whether they surprise you, cheer you up, send good vibes or make you laugh&#8230; they always provoke a pleasurable emotion.<\/p>\n<p><a href=\"https:\/\/www.talidesign.eu\/wp\/wp-content\/uploads\/2020\/05\/MG_0219-e1572366614332-scaled.jpg\"><img loading=\"lazy\" decoding=\"async\" class=\"alignnone size-full wp-image-9832\" src=\"https:\/\/www.talidesign.eu\/wp\/wp-content\/uploads\/2020\/05\/MG_0219-e1572366614332-scaled.jpg\" alt=\"\" width=\"2560\" height=\"2323\" srcset=\"https:\/\/www.talidesign.eu\/wp\/wp-content\/uploads\/2020\/05\/MG_0219-e1572366614332-scaled.jpg 2560w, https:\/\/www.talidesign.eu\/wp\/wp-content\/uploads\/2020\/05\/MG_0219-e1572366614332-441x400.jpg 441w, https:\/\/www.talidesign.eu\/wp\/wp-content\/uploads\/2020\/05\/MG_0219-e1572366614332-882x800.jpg 882w, https:\/\/www.talidesign.eu\/wp\/wp-content\/uploads\/2020\/05\/MG_0219-e1572366614332-768x697.jpg 768w, https:\/\/www.talidesign.eu\/wp\/wp-content\/uploads\/2020\/05\/MG_0219-e1572366614332-1536x1394.jpg 1536w, https:\/\/www.talidesign.eu\/wp\/wp-content\/uploads\/2020\/05\/MG_0219-e1572366614332-2048x1858.jpg 2048w, https:\/\/www.talidesign.eu\/wp\/wp-content\/uploads\/2020\/05\/MG_0219-e1572366614332-500x454.jpg 500w, https:\/\/www.talidesign.eu\/wp\/wp-content\/uploads\/2020\/05\/MG_0219-e1572366614332-510x463.jpg 510w\" sizes=\"auto, (max-width: 2560px) 100vw, 2560px\" \/><\/a><br \/>\n<em>Elodie and Jaime<\/em><br \/>\n<a href=\"\/product-category\/designers\/doiy\/\"><img loading=\"lazy\" decoding=\"async\" src=\"https:\/\/www.talidesign.eu\/wp\/wp-content\/uploads\/2021\/03\/logo-4.jpg\" alt=\"\" width=\"500\" height=\"100\" class=\"alignnone size-full wp-image-24553\" \/><\/a><\/p>\n","protected":false},"featured_media":100920,"template":"","meta":[],"product_brand":[],"product_cat":[73,176,172,539],"product_tag":[227],"class_list":{"0":"post-100916","1":"product","2":"type-product","3":"status-publish","4":"has-post-thumbnail","6":"product_cat-designers","7":"product_cat-doiy","8":"product_cat-womens-socks","9":"product_cat-socks","10":"product_tag-socks","12":"first","13":"instock","14":"taxable","15":"shipping-taxable","16":"purchasable","17":"product-type-simple"},"yoast_head":"<!-- This site is optimized with the Yoast SEO plugin v27.3 - https:\/\/yoast.com\/product\/yoast-seo-wordpress\/ -->\n<title>DOIY Ros\u00e9 Bubbles Socks - TALI Concept Store<\/title>\n<meta name=\"robots\" content=\"index, follow, max-snippet:-1, max-image-preview:large, max-video-preview:-1\" \/>\n<link rel=\"canonical\" href=\"https:\/\/www.talidesign.eu\/en\/shop\/product\/doiy-rose-bubbles-socks\/\" \/>\n<meta property=\"og:locale\" content=\"en_US\" \/>\n<meta property=\"og:type\" content=\"article\" \/>\n<meta property=\"og:title\" content=\"DOIY Ros\u00e9 Bubbles Socks - TALI Concept Store\" \/>\n<meta property=\"og:description\" content=\"Ros\u00e9 Bubbles Socks  Step into a world of elegance with Ros\u00e9 Bubbles Socks from Eat My Socks. These chic and cozy designs combine comfort with a touch of sparkle, making them ideal for every stylish occasion.  \u2022 60,4% Cotton, 28,9% Polyester,2,4% Elastane\uff0c8,3% Polyamide \u2022 Washing Machine Safe \u2022 One size  About DOIY  Founded in 2008 by Elodie and Jaime in Barcelona, DOIY is a global lifestyle brand dedicated to designing gifts and home accessories. Every object holds a story. Whether they surprise you, cheer you up, send good vibes or make you laugh... they always provoke a pleasurable emotion.   Elodie and Jaime\" \/>\n<meta property=\"og:url\" content=\"https:\/\/www.talidesign.eu\/en\/shop\/product\/doiy-rose-bubbles-socks\/\" \/>\n<meta property=\"og:site_name\" content=\"TALI Concept Store\" \/>\n<meta property=\"article:publisher\" content=\"https:\/\/www.facebook.com\/TaliDisain\/\" \/>\n<meta property=\"article:modified_time\" content=\"2026-04-09T14:08:37+00:00\" \/>\n<meta property=\"og:image\" content=\"https:\/\/www.talidesign.eu\/wp\/wp-content\/uploads\/2025\/03\/EMSNOCROBU_PACK_72-1200x1600-1.jpeg\" \/>\n\t<meta property=\"og:image:width\" content=\"1200\" \/>\n\t<meta property=\"og:image:height\" content=\"1200\" \/>\n\t<meta property=\"og:image:type\" content=\"image\/jpeg\" \/>\n<meta name=\"twitter:card\" content=\"summary_large_image\" \/>\n<meta name=\"twitter:label1\" content=\"Est. reading time\" \/>\n\t<meta name=\"twitter:data1\" content=\"2 minutes\" \/>\n<script type=\"application\/ld+json\" class=\"yoast-schema-graph\">{\"@context\":\"https:\\\/\\\/schema.org\",\"@graph\":[{\"@type\":\"WebPage\",\"@id\":\"https:\\\/\\\/www.talidesign.eu\\\/en\\\/shop\\\/product\\\/doiy-rose-bubbles-socks\\\/\",\"url\":\"https:\\\/\\\/www.talidesign.eu\\\/en\\\/shop\\\/product\\\/doiy-rose-bubbles-socks\\\/\",\"name\":\"DOIY Ros\u00e9 Bubbles Socks - TALI Concept Store\",\"isPartOf\":{\"@id\":\"https:\\\/\\\/www.talidesign.eu\\\/en\\\/#website\"},\"primaryImageOfPage\":{\"@id\":\"https:\\\/\\\/www.talidesign.eu\\\/en\\\/shop\\\/product\\\/doiy-rose-bubbles-socks\\\/#primaryimage\"},\"image\":{\"@id\":\"https:\\\/\\\/www.talidesign.eu\\\/en\\\/shop\\\/product\\\/doiy-rose-bubbles-socks\\\/#primaryimage\"},\"thumbnailUrl\":\"https:\\\/\\\/www.talidesign.eu\\\/wp\\\/wp-content\\\/uploads\\\/2025\\\/03\\\/EMSNOCROBU_PACK_72-1200x1600-1.jpeg\",\"datePublished\":\"2025-03-06T07:33:05+00:00\",\"dateModified\":\"2026-04-09T14:08:37+00:00\",\"breadcrumb\":{\"@id\":\"https:\\\/\\\/www.talidesign.eu\\\/en\\\/shop\\\/product\\\/doiy-rose-bubbles-socks\\\/#breadcrumb\"},\"inLanguage\":\"en-US\",\"potentialAction\":[{\"@type\":\"ReadAction\",\"target\":[\"https:\\\/\\\/www.talidesign.eu\\\/en\\\/shop\\\/product\\\/doiy-rose-bubbles-socks\\\/\"]}]},{\"@type\":\"ImageObject\",\"inLanguage\":\"en-US\",\"@id\":\"https:\\\/\\\/www.talidesign.eu\\\/en\\\/shop\\\/product\\\/doiy-rose-bubbles-socks\\\/#primaryimage\",\"url\":\"https:\\\/\\\/www.talidesign.eu\\\/wp\\\/wp-content\\\/uploads\\\/2025\\\/03\\\/EMSNOCROBU_PACK_72-1200x1600-1.jpeg\",\"contentUrl\":\"https:\\\/\\\/www.talidesign.eu\\\/wp\\\/wp-content\\\/uploads\\\/2025\\\/03\\\/EMSNOCROBU_PACK_72-1200x1600-1.jpeg\",\"width\":1200,\"height\":1200},{\"@type\":\"BreadcrumbList\",\"@id\":\"https:\\\/\\\/www.talidesign.eu\\\/en\\\/shop\\\/product\\\/doiy-rose-bubbles-socks\\\/#breadcrumb\",\"itemListElement\":[{\"@type\":\"ListItem\",\"position\":1,\"name\":\"Avaleht\",\"item\":\"https:\\\/\\\/www.talidesign.eu\\\/en\\\/\"},{\"@type\":\"ListItem\",\"position\":2,\"name\":\"Shop\",\"item\":\"https:\\\/\\\/www.talidesign.eu\\\/en\\\/shop\\\/\"},{\"@type\":\"ListItem\",\"position\":3,\"name\":\"DOIY Ros\u00e9 Bubbles Socks\"}]},{\"@type\":\"WebSite\",\"@id\":\"https:\\\/\\\/www.talidesign.eu\\\/en\\\/#website\",\"url\":\"https:\\\/\\\/www.talidesign.eu\\\/en\\\/\",\"name\":\"TALI Concept Store\",\"description\":\"The largest design shop in Estonia\",\"potentialAction\":[{\"@type\":\"SearchAction\",\"target\":{\"@type\":\"EntryPoint\",\"urlTemplate\":\"https:\\\/\\\/www.talidesign.eu\\\/en\\\/?s={search_term_string}\"},\"query-input\":{\"@type\":\"PropertyValueSpecification\",\"valueRequired\":true,\"valueName\":\"search_term_string\"}}],\"inLanguage\":\"en-US\"}]}<\/script>\n<!-- \/ Yoast SEO plugin. -->","yoast_head_json":{"title":"DOIY Ros\u00e9 Bubbles Socks - TALI Concept Store","robots":{"index":"index","follow":"follow","max-snippet":"max-snippet:-1","max-image-preview":"max-image-preview:large","max-video-preview":"max-video-preview:-1"},"canonical":"https:\/\/www.talidesign.eu\/en\/shop\/product\/doiy-rose-bubbles-socks\/","og_locale":"en_US","og_type":"article","og_title":"DOIY Ros\u00e9 Bubbles Socks - TALI Concept Store","og_description":"Ros\u00e9 Bubbles Socks  Step into a world of elegance with Ros\u00e9 Bubbles Socks from Eat My Socks. These chic and cozy designs combine comfort with a touch of sparkle, making them ideal for every stylish occasion.  \u2022 60,4% Cotton, 28,9% Polyester,2,4% Elastane\uff0c8,3% Polyamide \u2022 Washing Machine Safe \u2022 One size  About DOIY  Founded in 2008 by Elodie and Jaime in Barcelona, DOIY is a global lifestyle brand dedicated to designing gifts and home accessories. Every object holds a story. Whether they surprise you, cheer you up, send good vibes or make you laugh... they always provoke a pleasurable emotion.   Elodie and Jaime","og_url":"https:\/\/www.talidesign.eu\/en\/shop\/product\/doiy-rose-bubbles-socks\/","og_site_name":"TALI Concept Store","article_publisher":"https:\/\/www.facebook.com\/TaliDisain\/","article_modified_time":"2026-04-09T14:08:37+00:00","og_image":[{"width":1200,"height":1200,"url":"https:\/\/www.talidesign.eu\/wp\/wp-content\/uploads\/2025\/03\/EMSNOCROBU_PACK_72-1200x1600-1.jpeg","type":"image\/jpeg"}],"twitter_card":"summary_large_image","twitter_misc":{"Est. reading time":"2 minutes"},"schema":{"@context":"https:\/\/schema.org","@graph":[{"@type":"WebPage","@id":"https:\/\/www.talidesign.eu\/en\/shop\/product\/doiy-rose-bubbles-socks\/","url":"https:\/\/www.talidesign.eu\/en\/shop\/product\/doiy-rose-bubbles-socks\/","name":"DOIY Ros\u00e9 Bubbles Socks - TALI Concept Store","isPartOf":{"@id":"https:\/\/www.talidesign.eu\/en\/#website"},"primaryImageOfPage":{"@id":"https:\/\/www.talidesign.eu\/en\/shop\/product\/doiy-rose-bubbles-socks\/#primaryimage"},"image":{"@id":"https:\/\/www.talidesign.eu\/en\/shop\/product\/doiy-rose-bubbles-socks\/#primaryimage"},"thumbnailUrl":"https:\/\/www.talidesign.eu\/wp\/wp-content\/uploads\/2025\/03\/EMSNOCROBU_PACK_72-1200x1600-1.jpeg","datePublished":"2025-03-06T07:33:05+00:00","dateModified":"2026-04-09T14:08:37+00:00","breadcrumb":{"@id":"https:\/\/www.talidesign.eu\/en\/shop\/product\/doiy-rose-bubbles-socks\/#breadcrumb"},"inLanguage":"en-US","potentialAction":[{"@type":"ReadAction","target":["https:\/\/www.talidesign.eu\/en\/shop\/product\/doiy-rose-bubbles-socks\/"]}]},{"@type":"ImageObject","inLanguage":"en-US","@id":"https:\/\/www.talidesign.eu\/en\/shop\/product\/doiy-rose-bubbles-socks\/#primaryimage","url":"https:\/\/www.talidesign.eu\/wp\/wp-content\/uploads\/2025\/03\/EMSNOCROBU_PACK_72-1200x1600-1.jpeg","contentUrl":"https:\/\/www.talidesign.eu\/wp\/wp-content\/uploads\/2025\/03\/EMSNOCROBU_PACK_72-1200x1600-1.jpeg","width":1200,"height":1200},{"@type":"BreadcrumbList","@id":"https:\/\/www.talidesign.eu\/en\/shop\/product\/doiy-rose-bubbles-socks\/#breadcrumb","itemListElement":[{"@type":"ListItem","position":1,"name":"Avaleht","item":"https:\/\/www.talidesign.eu\/en\/"},{"@type":"ListItem","position":2,"name":"Shop","item":"https:\/\/www.talidesign.eu\/en\/shop\/"},{"@type":"ListItem","position":3,"name":"DOIY Ros\u00e9 Bubbles Socks"}]},{"@type":"WebSite","@id":"https:\/\/www.talidesign.eu\/en\/#website","url":"https:\/\/www.talidesign.eu\/en\/","name":"TALI Concept Store","description":"The largest design shop in Estonia","potentialAction":[{"@type":"SearchAction","target":{"@type":"EntryPoint","urlTemplate":"https:\/\/www.talidesign.eu\/en\/?s={search_term_string}"},"query-input":{"@type":"PropertyValueSpecification","valueRequired":true,"valueName":"search_term_string"}}],"inLanguage":"en-US"}]}},"_links":{"self":[{"href":"https:\/\/www.talidesign.eu\/en\/wp-json\/wp\/v2\/product\/100916","targetHints":{"allow":["GET"]}}],"collection":[{"href":"https:\/\/www.talidesign.eu\/en\/wp-json\/wp\/v2\/product"}],"about":[{"href":"https:\/\/www.talidesign.eu\/en\/wp-json\/wp\/v2\/types\/product"}],"wp:featuredmedia":[{"embeddable":true,"href":"https:\/\/www.talidesign.eu\/en\/wp-json\/wp\/v2\/media\/100920"}],"wp:attachment":[{"href":"https:\/\/www.talidesign.eu\/en\/wp-json\/wp\/v2\/media?parent=100916"}],"wp:term":[{"taxonomy":"product_brand","embeddable":true,"href":"https:\/\/www.talidesign.eu\/en\/wp-json\/wp\/v2\/product_brand?post=100916"},{"taxonomy":"product_cat","embeddable":true,"href":"https:\/\/www.talidesign.eu\/en\/wp-json\/wp\/v2\/product_cat?post=100916"},{"taxonomy":"product_tag","embeddable":true,"href":"https:\/\/www.talidesign.eu\/en\/wp-json\/wp\/v2\/product_tag?post=100916"}],"curies":[{"name":"wp","href":"https:\/\/api.w.org\/{rel}","templated":true}]}}