{"id":35228,"date":"2021-09-23T13:58:42","date_gmt":"2021-09-23T10:58:42","guid":{"rendered":"https:\/\/www.talidesign.eu\/?post_type=product&#038;p=35228"},"modified":"2023-10-30T13:33:07","modified_gmt":"2023-10-30T11:33:07","slug":"kirju-fizz-ring-gold","status":"publish","type":"product","link":"https:\/\/www.talidesign.eu\/en\/shop\/product\/kirju-fizz-ring-gold\/","title":{"rendered":"Kirju Fizz Ring Gold"},"content":{"rendered":"<p><strong>Fizz Ring Gold<\/strong><\/p>\n<p><em>Sizing<\/em><\/p>\n<p>S &#8211; \u00f8 15.5mm; lenght 51,8mm<br \/>\nM &#8211; \u00f8 17.7mm; lenght 55,6mm<br \/>\nL &#8211; \u00f8 19.0mm; lenght 59,7mm<\/p>\n<p>\u2022 <a href=\"\/product-category\/designers\/kirju-co\/\">View more from KIRJU.CO<\/a><br \/>\n\u2022 Silver 925<br \/>\n\u2022 Lead, cadmium, and nickel-free<br \/>\n\u2022 Gift box included<\/p>\n<p>Clean your jewels using a soft cloth to preserve its original shine. Regular cleaning will help you keep your jewel shining and in perfect conditions.<\/p>\n<p>For gold-plated jewels, prepare a mix containing water, mild soap and a small quantity of ammonia. Remember that colors gradually rub off gold-plated jewelry.<\/p>\n<p><strong>About<\/strong><\/p>\n<p>KIRJU.CO happened when an architect started to draw animals.<\/p>\n<p>Today KIRJU.CO is one of the most popular brands in Estonia. Clean visuals and geometric shapes combined with cute animals and rainbow colours have won many hearts.<\/p>\n<p><a href=\"\/product-category\/designers\/kirju-co\/\"><img loading=\"lazy\" decoding=\"async\" class=\"alignnone size-full wp-image-24054\" src=\"https:\/\/www.talidesign.eu\/wp\/wp-content\/uploads\/2021\/03\/logo-1.jpg\" alt=\"\" width=\"500\" height=\"100\" \/><\/a><\/p>\n","protected":false},"excerpt":{"rendered":"<p><strong>Fizz Ring Gold<\/strong><\/p>\n<p><em>Sizing<\/em><\/p>\n<p>S &#8211; \u00f8 15.5mm; lenght 51,8mm<br \/>\nM &#8211; \u00f8 17.7mm; lenght 55,6mm<br \/>\nL &#8211; \u00f8 19.0mm; lenght 59,7mm<\/p>\n<p>\u2022 <a href=\"\/product-category\/designers\/kirju-co\/\">View more from KIRJU.CO<\/a><br \/>\n\u2022 Silver 925<br \/>\n\u2022 Lead, cadmium, and nickel-free<br \/>\n\u2022 Gift box included<\/p>\n<p>Clean your jewels using a soft cloth to preserve its original shine. Regular cleaning will help you keep your jewel shining and in perfect conditions.<\/p>\n<p>For gold-plated jewels, prepare a mix containing water, mild soap and a small quantity of ammonia. Remember that colors gradually rub off gold-plated jewelry.<\/p>\n<p><strong>About<\/strong><\/p>\n<p>KIRJU.CO happened when an architect started to draw animals.<\/p>\n<p>Today KIRJU.CO is one of the most popular brands in Estonia. Clean visuals and geometric shapes combined with cute animals and rainbow colours have won many hearts.<\/p>\n<p><a href=\"\/product-category\/designers\/kirju-co\/\"><img loading=\"lazy\" decoding=\"async\" class=\"alignnone size-full wp-image-24054\" src=\"https:\/\/www.talidesign.eu\/wp\/wp-content\/uploads\/2021\/03\/logo-1.jpg\" alt=\"\" width=\"500\" height=\"100\" \/><\/a><\/p>\n","protected":false},"featured_media":35234,"template":"","meta":[],"product_brand":[],"product_cat":[73,69,83,965],"product_tag":[249],"class_list":{"0":"post-35228","1":"product","2":"type-product","3":"status-publish","4":"has-post-thumbnail","6":"product_cat-designers","7":"product_cat-jewellery","8":"product_cat-kirju-co","9":"product_cat-rings","10":"product_tag-kirju-jewellery","12":"first","13":"outofstock","14":"featured","15":"taxable","16":"shipping-taxable","17":"product-type-variable"},"yoast_head":"<!-- This site is optimized with the Yoast SEO plugin v27.3 - https:\/\/yoast.com\/product\/yoast-seo-wordpress\/ -->\n<title>Kirju Fizz Ring Gold - TALI Concept Store<\/title>\n<meta name=\"robots\" content=\"index, follow, max-snippet:-1, max-image-preview:large, max-video-preview:-1\" \/>\n<link rel=\"canonical\" href=\"https:\/\/www.talidesign.eu\/en\/shop\/product\/kirju-fizz-ring-gold\/\" \/>\n<meta property=\"og:locale\" content=\"en_US\" \/>\n<meta property=\"og:type\" content=\"article\" \/>\n<meta property=\"og:title\" content=\"Kirju Fizz Ring Gold - TALI Concept Store\" \/>\n<meta property=\"og:description\" content=\"Fizz Ring Gold  Sizing  S - \u00f8 15.5mm; lenght 51,8mm M - \u00f8 17.7mm; lenght 55,6mm L - \u00f8 19.0mm; lenght 59,7mm  \u2022 View more from KIRJU.CO \u2022 Silver 925 \u2022 Lead, cadmium, and nickel-free \u2022 Gift box included  Clean your jewels using a soft cloth to preserve its original shine. Regular cleaning will help you keep your jewel shining and in perfect conditions.  For gold-plated jewels, prepare a mix containing water, mild soap and a small quantity of ammonia. Remember that colors gradually rub off gold-plated jewelry.  About  KIRJU.CO happened when an architect started to draw animals.  Today KIRJU.CO is one of the most popular brands in Estonia. Clean visuals and geometric shapes combined with cute animals and rainbow colours have won many hearts.\" \/>\n<meta property=\"og:url\" content=\"https:\/\/www.talidesign.eu\/en\/shop\/product\/kirju-fizz-ring-gold\/\" \/>\n<meta property=\"og:site_name\" content=\"TALI Concept Store\" \/>\n<meta property=\"article:publisher\" content=\"https:\/\/www.facebook.com\/TaliDisain\/\" \/>\n<meta property=\"article:modified_time\" content=\"2023-10-30T11:33:07+00:00\" \/>\n<meta property=\"og:image\" content=\"https:\/\/www.talidesign.eu\/wp\/wp-content\/uploads\/2021\/09\/Fizz_ring_gold2.jpg\" \/>\n\t<meta property=\"og:image:width\" content=\"1200\" \/>\n\t<meta property=\"og:image:height\" content=\"1200\" \/>\n\t<meta property=\"og:image:type\" content=\"image\/jpeg\" \/>\n<meta name=\"twitter:card\" content=\"summary_large_image\" \/>\n<meta name=\"twitter:label1\" content=\"Est. reading time\" \/>\n\t<meta name=\"twitter:data1\" content=\"1 minute\" \/>\n<script type=\"application\/ld+json\" class=\"yoast-schema-graph\">{\"@context\":\"https:\\\/\\\/schema.org\",\"@graph\":[{\"@type\":\"WebPage\",\"@id\":\"https:\\\/\\\/www.talidesign.eu\\\/en\\\/shop\\\/product\\\/kirju-fizz-ring-gold\\\/\",\"url\":\"https:\\\/\\\/www.talidesign.eu\\\/en\\\/shop\\\/product\\\/kirju-fizz-ring-gold\\\/\",\"name\":\"Kirju Fizz Ring Gold - TALI Concept Store\",\"isPartOf\":{\"@id\":\"https:\\\/\\\/www.talidesign.eu\\\/en\\\/#website\"},\"primaryImageOfPage\":{\"@id\":\"https:\\\/\\\/www.talidesign.eu\\\/en\\\/shop\\\/product\\\/kirju-fizz-ring-gold\\\/#primaryimage\"},\"image\":{\"@id\":\"https:\\\/\\\/www.talidesign.eu\\\/en\\\/shop\\\/product\\\/kirju-fizz-ring-gold\\\/#primaryimage\"},\"thumbnailUrl\":\"https:\\\/\\\/www.talidesign.eu\\\/wp\\\/wp-content\\\/uploads\\\/2021\\\/09\\\/Fizz_ring_gold2.jpg\",\"datePublished\":\"2021-09-23T10:58:42+00:00\",\"dateModified\":\"2023-10-30T11:33:07+00:00\",\"breadcrumb\":{\"@id\":\"https:\\\/\\\/www.talidesign.eu\\\/en\\\/shop\\\/product\\\/kirju-fizz-ring-gold\\\/#breadcrumb\"},\"inLanguage\":\"en-US\",\"potentialAction\":[{\"@type\":\"ReadAction\",\"target\":[\"https:\\\/\\\/www.talidesign.eu\\\/en\\\/shop\\\/product\\\/kirju-fizz-ring-gold\\\/\"]}]},{\"@type\":\"ImageObject\",\"inLanguage\":\"en-US\",\"@id\":\"https:\\\/\\\/www.talidesign.eu\\\/en\\\/shop\\\/product\\\/kirju-fizz-ring-gold\\\/#primaryimage\",\"url\":\"https:\\\/\\\/www.talidesign.eu\\\/wp\\\/wp-content\\\/uploads\\\/2021\\\/09\\\/Fizz_ring_gold2.jpg\",\"contentUrl\":\"https:\\\/\\\/www.talidesign.eu\\\/wp\\\/wp-content\\\/uploads\\\/2021\\\/09\\\/Fizz_ring_gold2.jpg\",\"width\":1200,\"height\":1200},{\"@type\":\"BreadcrumbList\",\"@id\":\"https:\\\/\\\/www.talidesign.eu\\\/en\\\/shop\\\/product\\\/kirju-fizz-ring-gold\\\/#breadcrumb\",\"itemListElement\":[{\"@type\":\"ListItem\",\"position\":1,\"name\":\"Avaleht\",\"item\":\"https:\\\/\\\/www.talidesign.eu\\\/en\\\/\"},{\"@type\":\"ListItem\",\"position\":2,\"name\":\"Shop\",\"item\":\"https:\\\/\\\/www.talidesign.eu\\\/en\\\/shop\\\/\"},{\"@type\":\"ListItem\",\"position\":3,\"name\":\"Kirju Fizz Ring Gold\"}]},{\"@type\":\"WebSite\",\"@id\":\"https:\\\/\\\/www.talidesign.eu\\\/en\\\/#website\",\"url\":\"https:\\\/\\\/www.talidesign.eu\\\/en\\\/\",\"name\":\"TALI Concept Store\",\"description\":\"The largest design shop in Estonia\",\"potentialAction\":[{\"@type\":\"SearchAction\",\"target\":{\"@type\":\"EntryPoint\",\"urlTemplate\":\"https:\\\/\\\/www.talidesign.eu\\\/en\\\/?s={search_term_string}\"},\"query-input\":{\"@type\":\"PropertyValueSpecification\",\"valueRequired\":true,\"valueName\":\"search_term_string\"}}],\"inLanguage\":\"en-US\"}]}<\/script>\n<!-- \/ Yoast SEO plugin. -->","yoast_head_json":{"title":"Kirju Fizz Ring Gold - TALI Concept Store","robots":{"index":"index","follow":"follow","max-snippet":"max-snippet:-1","max-image-preview":"max-image-preview:large","max-video-preview":"max-video-preview:-1"},"canonical":"https:\/\/www.talidesign.eu\/en\/shop\/product\/kirju-fizz-ring-gold\/","og_locale":"en_US","og_type":"article","og_title":"Kirju Fizz Ring Gold - TALI Concept Store","og_description":"Fizz Ring Gold  Sizing  S - \u00f8 15.5mm; lenght 51,8mm M - \u00f8 17.7mm; lenght 55,6mm L - \u00f8 19.0mm; lenght 59,7mm  \u2022 View more from KIRJU.CO \u2022 Silver 925 \u2022 Lead, cadmium, and nickel-free \u2022 Gift box included  Clean your jewels using a soft cloth to preserve its original shine. Regular cleaning will help you keep your jewel shining and in perfect conditions.  For gold-plated jewels, prepare a mix containing water, mild soap and a small quantity of ammonia. Remember that colors gradually rub off gold-plated jewelry.  About  KIRJU.CO happened when an architect started to draw animals.  Today KIRJU.CO is one of the most popular brands in Estonia. Clean visuals and geometric shapes combined with cute animals and rainbow colours have won many hearts.","og_url":"https:\/\/www.talidesign.eu\/en\/shop\/product\/kirju-fizz-ring-gold\/","og_site_name":"TALI Concept Store","article_publisher":"https:\/\/www.facebook.com\/TaliDisain\/","article_modified_time":"2023-10-30T11:33:07+00:00","og_image":[{"width":1200,"height":1200,"url":"https:\/\/www.talidesign.eu\/wp\/wp-content\/uploads\/2021\/09\/Fizz_ring_gold2.jpg","type":"image\/jpeg"}],"twitter_card":"summary_large_image","twitter_misc":{"Est. reading time":"1 minute"},"schema":{"@context":"https:\/\/schema.org","@graph":[{"@type":"WebPage","@id":"https:\/\/www.talidesign.eu\/en\/shop\/product\/kirju-fizz-ring-gold\/","url":"https:\/\/www.talidesign.eu\/en\/shop\/product\/kirju-fizz-ring-gold\/","name":"Kirju Fizz Ring Gold - TALI Concept Store","isPartOf":{"@id":"https:\/\/www.talidesign.eu\/en\/#website"},"primaryImageOfPage":{"@id":"https:\/\/www.talidesign.eu\/en\/shop\/product\/kirju-fizz-ring-gold\/#primaryimage"},"image":{"@id":"https:\/\/www.talidesign.eu\/en\/shop\/product\/kirju-fizz-ring-gold\/#primaryimage"},"thumbnailUrl":"https:\/\/www.talidesign.eu\/wp\/wp-content\/uploads\/2021\/09\/Fizz_ring_gold2.jpg","datePublished":"2021-09-23T10:58:42+00:00","dateModified":"2023-10-30T11:33:07+00:00","breadcrumb":{"@id":"https:\/\/www.talidesign.eu\/en\/shop\/product\/kirju-fizz-ring-gold\/#breadcrumb"},"inLanguage":"en-US","potentialAction":[{"@type":"ReadAction","target":["https:\/\/www.talidesign.eu\/en\/shop\/product\/kirju-fizz-ring-gold\/"]}]},{"@type":"ImageObject","inLanguage":"en-US","@id":"https:\/\/www.talidesign.eu\/en\/shop\/product\/kirju-fizz-ring-gold\/#primaryimage","url":"https:\/\/www.talidesign.eu\/wp\/wp-content\/uploads\/2021\/09\/Fizz_ring_gold2.jpg","contentUrl":"https:\/\/www.talidesign.eu\/wp\/wp-content\/uploads\/2021\/09\/Fizz_ring_gold2.jpg","width":1200,"height":1200},{"@type":"BreadcrumbList","@id":"https:\/\/www.talidesign.eu\/en\/shop\/product\/kirju-fizz-ring-gold\/#breadcrumb","itemListElement":[{"@type":"ListItem","position":1,"name":"Avaleht","item":"https:\/\/www.talidesign.eu\/en\/"},{"@type":"ListItem","position":2,"name":"Shop","item":"https:\/\/www.talidesign.eu\/en\/shop\/"},{"@type":"ListItem","position":3,"name":"Kirju Fizz Ring Gold"}]},{"@type":"WebSite","@id":"https:\/\/www.talidesign.eu\/en\/#website","url":"https:\/\/www.talidesign.eu\/en\/","name":"TALI Concept Store","description":"The largest design shop in Estonia","potentialAction":[{"@type":"SearchAction","target":{"@type":"EntryPoint","urlTemplate":"https:\/\/www.talidesign.eu\/en\/?s={search_term_string}"},"query-input":{"@type":"PropertyValueSpecification","valueRequired":true,"valueName":"search_term_string"}}],"inLanguage":"en-US"}]}},"_links":{"self":[{"href":"https:\/\/www.talidesign.eu\/en\/wp-json\/wp\/v2\/product\/35228","targetHints":{"allow":["GET"]}}],"collection":[{"href":"https:\/\/www.talidesign.eu\/en\/wp-json\/wp\/v2\/product"}],"about":[{"href":"https:\/\/www.talidesign.eu\/en\/wp-json\/wp\/v2\/types\/product"}],"wp:featuredmedia":[{"embeddable":true,"href":"https:\/\/www.talidesign.eu\/en\/wp-json\/wp\/v2\/media\/35234"}],"wp:attachment":[{"href":"https:\/\/www.talidesign.eu\/en\/wp-json\/wp\/v2\/media?parent=35228"}],"wp:term":[{"taxonomy":"product_brand","embeddable":true,"href":"https:\/\/www.talidesign.eu\/en\/wp-json\/wp\/v2\/product_brand?post=35228"},{"taxonomy":"product_cat","embeddable":true,"href":"https:\/\/www.talidesign.eu\/en\/wp-json\/wp\/v2\/product_cat?post=35228"},{"taxonomy":"product_tag","embeddable":true,"href":"https:\/\/www.talidesign.eu\/en\/wp-json\/wp\/v2\/product_tag?post=35228"}],"curies":[{"name":"wp","href":"https:\/\/api.w.org\/{rel}","templated":true}]}}