{"id":44597,"date":"2021-10-19T18:31:08","date_gmt":"2021-10-19T15:31:08","guid":{"rendered":"https:\/\/www.talidesign.eu\/?post_type=product&#038;p=44597"},"modified":"2022-03-12T14:56:54","modified_gmt":"2022-03-12T12:56:54","slug":"meller-mahe-dark-green-grey","status":"publish","type":"product","link":"https:\/\/www.talidesign.eu\/en\/shop\/product\/meller-mahe-dark-green-grey\/","title":{"rendered":"Meller Mah\u00e9 Dark Green Grey"},"content":{"rendered":"<p><strong>Mah\u00e9 Dark Green Grey<\/strong><\/p>\n<p>The elegance and luxury of the new maxi Mah\u00e9 model is inspired by the 70s. This new Meller design has a collection of risky colours with a prominent siluette frame. <\/p>\n<p>\u2022 <a href=\"\/product-category\/designers\/meller\/\">View more from Meller<\/a><br \/>\n\u2022 UV PROTECTION UV400 &#8211; Category 3<br \/>\n\u2022 LENS Japanese Tac Polarized, Antiscratch and Super Hydrfobic Film<br \/>\n\u2022 Material French Polycarbonate<br \/>\n\u2022 MEASUREMENTS Width: 144 mm, height: 55 mm, depth: 145 mm<br \/>\n\u2022 SHAPE Square<br \/>\n\u2022 LENS COLOR Grey<br \/>\n\u2022 FRAME COLOR Dark Green<\/p>\n<p>Designed for a perfect balance between comfort and durability<\/p>\n<p><strong>About<\/strong><\/p>\n<p>In 2014, Sergi Benet, Borja Nadal and Marco Grandi launched Meller after their stay in Kuala Lumpur, where they traveled after finishing their degree to participate in a startup incubator in Malaysia. In its beginnings, the brand began selling its first products from the storage room of one of the creators, until today they have established themselves as one of the most influential brands on the national scene.<\/p>\n<p><a href=\"\/product-category\/designers\/meller\/\"><img loading=\"lazy\" decoding=\"async\" src=\"https:\/\/www.talidesign.eu\/wp\/wp-content\/uploads\/2021\/07\/meller-1.jpg\" alt=\"\" width=\"400\" height=\"100\" class=\"alignnone size-full wp-image-31744\" \/><\/a><\/p>\n","protected":false},"excerpt":{"rendered":"<p><strong>Mah\u00e9 Dark Green Grey<\/strong><\/p>\n<p>The elegance and luxury of the new maxi Mah\u00e9 model is inspired by the 70s. This new Meller design has a collection of risky colours with a prominent siluette frame. <\/p>\n<p>\u2022 <a href=\"\/product-category\/designers\/meller\/\">View more from Meller<\/a><br \/>\n\u2022 UV PROTECTION UV400 &#8211; Category 3<br \/>\n\u2022 LENS Japanese Tac Polarized, Antiscratch and Super Hydrfobic Film<br \/>\n\u2022 Material French Polycarbonate<br \/>\n\u2022 MEASUREMENTS Width: 144 mm, height: 55 mm, depth: 145 mm<br \/>\n\u2022 SHAPE Square<br \/>\n\u2022 LENS COLOR Grey<br \/>\n\u2022 FRAME COLOR Dark Green<\/p>\n<p>Designed for a perfect balance between comfort and durability<\/p>\n<p><strong>About<\/strong><\/p>\n<p>In 2014, Sergi Benet, Borja Nadal and Marco Grandi launched Meller after their stay in Kuala Lumpur, where they traveled after finishing their degree to participate in a startup incubator in Malaysia. In its beginnings, the brand began selling its first products from the storage room of one of the creators, until today they have established themselves as one of the most influential brands on the national scene.<\/p>\n<p><a href=\"\/product-category\/designers\/meller\/\"><img loading=\"lazy\" decoding=\"async\" src=\"https:\/\/www.talidesign.eu\/wp\/wp-content\/uploads\/2021\/07\/meller-1.jpg\" alt=\"\" width=\"400\" height=\"100\" class=\"alignnone size-full wp-image-31744\" \/><\/a><\/p>\n","protected":false},"featured_media":44605,"template":"","meta":[],"product_brand":[],"product_cat":[73,807,133],"product_tag":[808],"class_list":{"0":"post-44597","1":"product","2":"type-product","3":"status-publish","4":"has-post-thumbnail","6":"product_cat-designers","7":"product_cat-meller","8":"product_cat-sunglasses","9":"product_tag-meller","11":"first","12":"outofstock","13":"taxable","14":"shipping-taxable","15":"purchasable","16":"product-type-simple"},"yoast_head":"<!-- This site is optimized with the Yoast SEO plugin v27.3 - https:\/\/yoast.com\/product\/yoast-seo-wordpress\/ -->\n<title>Meller Mah\u00e9 Dark Green Grey - TALI Concept Store<\/title>\n<meta name=\"robots\" content=\"index, follow, max-snippet:-1, max-image-preview:large, max-video-preview:-1\" \/>\n<link rel=\"canonical\" href=\"https:\/\/www.talidesign.eu\/en\/shop\/product\/meller-mahe-dark-green-grey\/\" \/>\n<meta property=\"og:locale\" content=\"en_US\" \/>\n<meta property=\"og:type\" content=\"article\" \/>\n<meta property=\"og:title\" content=\"Meller Mah\u00e9 Dark Green Grey - TALI Concept Store\" \/>\n<meta property=\"og:description\" content=\"Mah\u00e9 Dark Green Grey  The elegance and luxury of the new maxi Mah\u00e9 model is inspired by the 70s. This new Meller design has a collection of risky colours with a prominent siluette frame.   \u2022 View more from Meller \u2022 UV PROTECTION UV400 - Category 3 \u2022 LENS Japanese Tac Polarized, Antiscratch and Super Hydrfobic Film \u2022 Material French Polycarbonate \u2022 MEASUREMENTS Width: 144 mm, height: 55 mm, depth: 145 mm \u2022 SHAPE Square \u2022 LENS COLOR Grey \u2022 FRAME COLOR Dark Green  Designed for a perfect balance between comfort and durability  About  In 2014, Sergi Benet, Borja Nadal and Marco Grandi launched Meller after their stay in Kuala Lumpur, where they traveled after finishing their degree to participate in a startup incubator in Malaysia. In its beginnings, the brand began selling its first products from the storage room of one of the creators, until today they have established themselves as one of the most influential brands on the national scene.\" \/>\n<meta property=\"og:url\" content=\"https:\/\/www.talidesign.eu\/en\/shop\/product\/meller-mahe-dark-green-grey\/\" \/>\n<meta property=\"og:site_name\" content=\"TALI Concept Store\" \/>\n<meta property=\"article:publisher\" content=\"https:\/\/www.facebook.com\/TaliDisain\/\" \/>\n<meta property=\"article:modified_time\" content=\"2022-03-12T12:56:54+00:00\" \/>\n<meta property=\"og:image\" content=\"https:\/\/www.talidesign.eu\/wp\/wp-content\/uploads\/2021\/10\/meller-mahe-dark-green-grey.jpg\" \/>\n\t<meta property=\"og:image:width\" content=\"1280\" \/>\n\t<meta property=\"og:image:height\" content=\"1280\" \/>\n\t<meta property=\"og:image:type\" content=\"image\/jpeg\" \/>\n<meta name=\"twitter:card\" content=\"summary_large_image\" \/>\n<meta name=\"twitter:label1\" content=\"Est. reading time\" \/>\n\t<meta name=\"twitter:data1\" content=\"1 minute\" \/>\n<script type=\"application\/ld+json\" class=\"yoast-schema-graph\">{\"@context\":\"https:\\\/\\\/schema.org\",\"@graph\":[{\"@type\":\"WebPage\",\"@id\":\"https:\\\/\\\/www.talidesign.eu\\\/en\\\/shop\\\/product\\\/meller-mahe-dark-green-grey\\\/\",\"url\":\"https:\\\/\\\/www.talidesign.eu\\\/en\\\/shop\\\/product\\\/meller-mahe-dark-green-grey\\\/\",\"name\":\"Meller Mah\u00e9 Dark Green Grey - TALI Concept Store\",\"isPartOf\":{\"@id\":\"https:\\\/\\\/www.talidesign.eu\\\/en\\\/#website\"},\"primaryImageOfPage\":{\"@id\":\"https:\\\/\\\/www.talidesign.eu\\\/en\\\/shop\\\/product\\\/meller-mahe-dark-green-grey\\\/#primaryimage\"},\"image\":{\"@id\":\"https:\\\/\\\/www.talidesign.eu\\\/en\\\/shop\\\/product\\\/meller-mahe-dark-green-grey\\\/#primaryimage\"},\"thumbnailUrl\":\"https:\\\/\\\/www.talidesign.eu\\\/wp\\\/wp-content\\\/uploads\\\/2021\\\/10\\\/meller-mahe-dark-green-grey.jpg\",\"datePublished\":\"2021-10-19T15:31:08+00:00\",\"dateModified\":\"2022-03-12T12:56:54+00:00\",\"breadcrumb\":{\"@id\":\"https:\\\/\\\/www.talidesign.eu\\\/en\\\/shop\\\/product\\\/meller-mahe-dark-green-grey\\\/#breadcrumb\"},\"inLanguage\":\"en-US\",\"potentialAction\":[{\"@type\":\"ReadAction\",\"target\":[\"https:\\\/\\\/www.talidesign.eu\\\/en\\\/shop\\\/product\\\/meller-mahe-dark-green-grey\\\/\"]}]},{\"@type\":\"ImageObject\",\"inLanguage\":\"en-US\",\"@id\":\"https:\\\/\\\/www.talidesign.eu\\\/en\\\/shop\\\/product\\\/meller-mahe-dark-green-grey\\\/#primaryimage\",\"url\":\"https:\\\/\\\/www.talidesign.eu\\\/wp\\\/wp-content\\\/uploads\\\/2021\\\/10\\\/meller-mahe-dark-green-grey.jpg\",\"contentUrl\":\"https:\\\/\\\/www.talidesign.eu\\\/wp\\\/wp-content\\\/uploads\\\/2021\\\/10\\\/meller-mahe-dark-green-grey.jpg\",\"width\":1280,\"height\":1280},{\"@type\":\"BreadcrumbList\",\"@id\":\"https:\\\/\\\/www.talidesign.eu\\\/en\\\/shop\\\/product\\\/meller-mahe-dark-green-grey\\\/#breadcrumb\",\"itemListElement\":[{\"@type\":\"ListItem\",\"position\":1,\"name\":\"Avaleht\",\"item\":\"https:\\\/\\\/www.talidesign.eu\\\/en\\\/\"},{\"@type\":\"ListItem\",\"position\":2,\"name\":\"Shop\",\"item\":\"https:\\\/\\\/www.talidesign.eu\\\/en\\\/shop\\\/\"},{\"@type\":\"ListItem\",\"position\":3,\"name\":\"Meller Mah\u00e9 Dark Green Grey\"}]},{\"@type\":\"WebSite\",\"@id\":\"https:\\\/\\\/www.talidesign.eu\\\/en\\\/#website\",\"url\":\"https:\\\/\\\/www.talidesign.eu\\\/en\\\/\",\"name\":\"TALI Concept Store\",\"description\":\"The largest design shop in Estonia\",\"potentialAction\":[{\"@type\":\"SearchAction\",\"target\":{\"@type\":\"EntryPoint\",\"urlTemplate\":\"https:\\\/\\\/www.talidesign.eu\\\/en\\\/?s={search_term_string}\"},\"query-input\":{\"@type\":\"PropertyValueSpecification\",\"valueRequired\":true,\"valueName\":\"search_term_string\"}}],\"inLanguage\":\"en-US\"}]}<\/script>\n<!-- \/ Yoast SEO plugin. -->","yoast_head_json":{"title":"Meller Mah\u00e9 Dark Green Grey - TALI Concept Store","robots":{"index":"index","follow":"follow","max-snippet":"max-snippet:-1","max-image-preview":"max-image-preview:large","max-video-preview":"max-video-preview:-1"},"canonical":"https:\/\/www.talidesign.eu\/en\/shop\/product\/meller-mahe-dark-green-grey\/","og_locale":"en_US","og_type":"article","og_title":"Meller Mah\u00e9 Dark Green Grey - TALI Concept Store","og_description":"Mah\u00e9 Dark Green Grey  The elegance and luxury of the new maxi Mah\u00e9 model is inspired by the 70s. This new Meller design has a collection of risky colours with a prominent siluette frame.   \u2022 View more from Meller \u2022 UV PROTECTION UV400 - Category 3 \u2022 LENS Japanese Tac Polarized, Antiscratch and Super Hydrfobic Film \u2022 Material French Polycarbonate \u2022 MEASUREMENTS Width: 144 mm, height: 55 mm, depth: 145 mm \u2022 SHAPE Square \u2022 LENS COLOR Grey \u2022 FRAME COLOR Dark Green  Designed for a perfect balance between comfort and durability  About  In 2014, Sergi Benet, Borja Nadal and Marco Grandi launched Meller after their stay in Kuala Lumpur, where they traveled after finishing their degree to participate in a startup incubator in Malaysia. In its beginnings, the brand began selling its first products from the storage room of one of the creators, until today they have established themselves as one of the most influential brands on the national scene.","og_url":"https:\/\/www.talidesign.eu\/en\/shop\/product\/meller-mahe-dark-green-grey\/","og_site_name":"TALI Concept Store","article_publisher":"https:\/\/www.facebook.com\/TaliDisain\/","article_modified_time":"2022-03-12T12:56:54+00:00","og_image":[{"width":1280,"height":1280,"url":"https:\/\/www.talidesign.eu\/wp\/wp-content\/uploads\/2021\/10\/meller-mahe-dark-green-grey.jpg","type":"image\/jpeg"}],"twitter_card":"summary_large_image","twitter_misc":{"Est. reading time":"1 minute"},"schema":{"@context":"https:\/\/schema.org","@graph":[{"@type":"WebPage","@id":"https:\/\/www.talidesign.eu\/en\/shop\/product\/meller-mahe-dark-green-grey\/","url":"https:\/\/www.talidesign.eu\/en\/shop\/product\/meller-mahe-dark-green-grey\/","name":"Meller Mah\u00e9 Dark Green Grey - TALI Concept Store","isPartOf":{"@id":"https:\/\/www.talidesign.eu\/en\/#website"},"primaryImageOfPage":{"@id":"https:\/\/www.talidesign.eu\/en\/shop\/product\/meller-mahe-dark-green-grey\/#primaryimage"},"image":{"@id":"https:\/\/www.talidesign.eu\/en\/shop\/product\/meller-mahe-dark-green-grey\/#primaryimage"},"thumbnailUrl":"https:\/\/www.talidesign.eu\/wp\/wp-content\/uploads\/2021\/10\/meller-mahe-dark-green-grey.jpg","datePublished":"2021-10-19T15:31:08+00:00","dateModified":"2022-03-12T12:56:54+00:00","breadcrumb":{"@id":"https:\/\/www.talidesign.eu\/en\/shop\/product\/meller-mahe-dark-green-grey\/#breadcrumb"},"inLanguage":"en-US","potentialAction":[{"@type":"ReadAction","target":["https:\/\/www.talidesign.eu\/en\/shop\/product\/meller-mahe-dark-green-grey\/"]}]},{"@type":"ImageObject","inLanguage":"en-US","@id":"https:\/\/www.talidesign.eu\/en\/shop\/product\/meller-mahe-dark-green-grey\/#primaryimage","url":"https:\/\/www.talidesign.eu\/wp\/wp-content\/uploads\/2021\/10\/meller-mahe-dark-green-grey.jpg","contentUrl":"https:\/\/www.talidesign.eu\/wp\/wp-content\/uploads\/2021\/10\/meller-mahe-dark-green-grey.jpg","width":1280,"height":1280},{"@type":"BreadcrumbList","@id":"https:\/\/www.talidesign.eu\/en\/shop\/product\/meller-mahe-dark-green-grey\/#breadcrumb","itemListElement":[{"@type":"ListItem","position":1,"name":"Avaleht","item":"https:\/\/www.talidesign.eu\/en\/"},{"@type":"ListItem","position":2,"name":"Shop","item":"https:\/\/www.talidesign.eu\/en\/shop\/"},{"@type":"ListItem","position":3,"name":"Meller Mah\u00e9 Dark Green Grey"}]},{"@type":"WebSite","@id":"https:\/\/www.talidesign.eu\/en\/#website","url":"https:\/\/www.talidesign.eu\/en\/","name":"TALI Concept Store","description":"The largest design shop in Estonia","potentialAction":[{"@type":"SearchAction","target":{"@type":"EntryPoint","urlTemplate":"https:\/\/www.talidesign.eu\/en\/?s={search_term_string}"},"query-input":{"@type":"PropertyValueSpecification","valueRequired":true,"valueName":"search_term_string"}}],"inLanguage":"en-US"}]}},"_links":{"self":[{"href":"https:\/\/www.talidesign.eu\/en\/wp-json\/wp\/v2\/product\/44597","targetHints":{"allow":["GET"]}}],"collection":[{"href":"https:\/\/www.talidesign.eu\/en\/wp-json\/wp\/v2\/product"}],"about":[{"href":"https:\/\/www.talidesign.eu\/en\/wp-json\/wp\/v2\/types\/product"}],"wp:featuredmedia":[{"embeddable":true,"href":"https:\/\/www.talidesign.eu\/en\/wp-json\/wp\/v2\/media\/44605"}],"wp:attachment":[{"href":"https:\/\/www.talidesign.eu\/en\/wp-json\/wp\/v2\/media?parent=44597"}],"wp:term":[{"taxonomy":"product_brand","embeddable":true,"href":"https:\/\/www.talidesign.eu\/en\/wp-json\/wp\/v2\/product_brand?post=44597"},{"taxonomy":"product_cat","embeddable":true,"href":"https:\/\/www.talidesign.eu\/en\/wp-json\/wp\/v2\/product_cat?post=44597"},{"taxonomy":"product_tag","embeddable":true,"href":"https:\/\/www.talidesign.eu\/en\/wp-json\/wp\/v2\/product_tag?post=44597"}],"curies":[{"name":"wp","href":"https:\/\/api.w.org\/{rel}","templated":true}]}}