{"id":69982,"date":"2023-03-17T09:23:48","date_gmt":"2023-03-17T07:23:48","guid":{"rendered":"https:\/\/www.talidesign.eu\/?post_type=product&#038;p=69982"},"modified":"2026-04-07T12:34:26","modified_gmt":"2026-04-07T09:34:26","slug":"meller-eco-mahe-all-black","status":"publish","type":"product","link":"https:\/\/www.talidesign.eu\/en\/shop\/product\/meller-eco-mahe-all-black\/","title":{"rendered":"Meller Eco Mah\u00e9 All Black"},"content":{"rendered":"<p><strong>Eco Mah\u00e9 All Black<\/strong><\/p>\n<p>The elegance and luxury of the new maxi Mah\u00e9 model is inspired by the 70s. This new Meller design has a collection of risky colours with a prominent siluette frame. <\/p>\n<p>Why Bio-based?<\/p>\n<p>Meller launches a new line of Bio-based glasses offering a more eco-friendly alternative, with their reduction in the use of non sustainable plastics. The frames are manufactured with 45% naturally based materials, which lowers the use of fossil materials and carbon emissions.<\/p>\n<p>\u2022 <a href=\"\/product-category\/designers\/meller\/\">View more from Meller<\/a><br \/>\n\u2022 UV PROTECTION UV400 &#8211; Category 3<br \/>\n\u2022 LENS German Tac Polarized, Antiscratch and Super Hydrfobic Film<br \/>\n\u2022 Material Bio-based G850<br \/>\n\u2022 MEASUREMENTS Width: 144 mm, height: 55 mm, depth: 145 mm<br \/>\n\u2022 SHAPE Square<br \/>\n\u2022 LENS COLOR Black<br \/>\n\u2022 FRAME COLOR Black<\/p>\n<p>Designed for a perfect balance between comfort and durability<\/p>\n<p><strong>About<\/strong><\/p>\n<p>In 2014, Sergi Benet, Borja Nadal and Marco Grandi launched Meller after their stay in Kuala Lumpur, where they traveled after finishing their degree to participate in a startup incubator in Malaysia. In its beginnings, the brand began selling its first products from the storage room of one of the creators, until today they have established themselves as one of the most influential brands on the national scene.<\/p>\n<p><a href=\"\/product-category\/designers\/meller\/\"><img loading=\"lazy\" decoding=\"async\" src=\"https:\/\/www.talidesign.eu\/wp\/wp-content\/uploads\/2021\/07\/meller-1.jpg\" alt=\"\" width=\"400\" height=\"100\" class=\"alignnone size-full wp-image-31744\" \/><\/a><\/p>\n","protected":false},"excerpt":{"rendered":"<p><strong>Eco Mah\u00e9 All Black<\/strong><\/p>\n<p>The elegance and luxury of the new maxi Mah\u00e9 model is inspired by the 70s. This new Meller design has a collection of risky colours with a prominent siluette frame. <\/p>\n<p>Why Bio-based?<\/p>\n<p>Meller launches a new line of Bio-based glasses offering a more eco-friendly alternative, with their reduction in the use of non sustainable plastics. The frames are manufactured with 45% naturally based materials, which lowers the use of fossil materials and carbon emissions.<\/p>\n<p>\u2022 <a href=\"\/product-category\/designers\/meller\/\">View more from Meller<\/a><br \/>\n\u2022 UV PROTECTION UV400 &#8211; Category 3<br \/>\n\u2022 LENS Japanese Tac Polarized, Antiscratch and Super Hydrfobic Film<br \/>\n\u2022 Material Bio-based G850<br \/>\n\u2022 MEASUREMENTS Width: 144 mm, height: 55 mm, depth: 145 mm<br \/>\n\u2022 SHAPE Square<br \/>\n\u2022 LENS COLOR Black<br \/>\n\u2022 FRAME COLOR Black<\/p>\n<p>Designed for a perfect balance between comfort and durability<\/p>\n<p><strong>About<\/strong><\/p>\n<p>In 2014, Sergi Benet, Borja Nadal and Marco Grandi launched Meller after their stay in Kuala Lumpur, where they traveled after finishing their degree to participate in a startup incubator in Malaysia. In its beginnings, the brand began selling its first products from the storage room of one of the creators, until today they have established themselves as one of the most influential brands on the national scene.<\/p>\n<p><a href=\"\/product-category\/designers\/meller\/\"><img loading=\"lazy\" decoding=\"async\" src=\"https:\/\/www.talidesign.eu\/wp\/wp-content\/uploads\/2021\/07\/meller-1.jpg\" alt=\"\" width=\"400\" height=\"100\" class=\"alignnone size-full wp-image-31744\" \/><\/a><\/p>\n","protected":false},"featured_media":31832,"template":"","meta":[],"product_brand":[],"product_cat":[73,807,133],"product_tag":[808],"class_list":{"0":"post-69982","1":"product","2":"type-product","3":"status-publish","4":"has-post-thumbnail","6":"product_cat-designers","7":"product_cat-meller","8":"product_cat-sunglasses","9":"product_tag-meller","11":"first","12":"outofstock","13":"taxable","14":"shipping-taxable","15":"purchasable","16":"product-type-simple"},"yoast_head":"<!-- This site is optimized with the Yoast SEO plugin v27.3 - https:\/\/yoast.com\/product\/yoast-seo-wordpress\/ -->\n<title>Meller Eco Mah\u00e9 All Black - TALI Concept Store<\/title>\n<meta name=\"robots\" content=\"index, follow, max-snippet:-1, max-image-preview:large, max-video-preview:-1\" \/>\n<link rel=\"canonical\" href=\"https:\/\/www.talidesign.eu\/en\/shop\/product\/meller-eco-mahe-all-black\/\" \/>\n<meta property=\"og:locale\" content=\"en_US\" \/>\n<meta property=\"og:type\" content=\"article\" \/>\n<meta property=\"og:title\" content=\"Meller Eco Mah\u00e9 All Black - TALI Concept Store\" \/>\n<meta property=\"og:description\" content=\"Eco Mah\u00e9 All Black  The elegance and luxury of the new maxi Mah\u00e9 model is inspired by the 70s. This new Meller design has a collection of risky colours with a prominent siluette frame.   Why Bio-based?  Meller launches a new line of Bio-based glasses offering a more eco-friendly alternative, with their reduction in the use of non sustainable plastics. The frames are manufactured with 45% naturally based materials, which lowers the use of fossil materials and carbon emissions.  \u2022 View more from Meller \u2022 UV PROTECTION UV400 - Category 3 \u2022 LENS Japanese Tac Polarized, Antiscratch and Super Hydrfobic Film \u2022 Material Bio-based G850 \u2022 MEASUREMENTS Width: 144 mm, height: 55 mm, depth: 145 mm \u2022 SHAPE Square \u2022 LENS COLOR Black \u2022 FRAME COLOR Black  Designed for a perfect balance between comfort and durability  About  In 2014, Sergi Benet, Borja Nadal and Marco Grandi launched Meller after their stay in Kuala Lumpur, where they traveled after finishing their degree to participate in a startup incubator in Malaysia. In its beginnings, the brand began selling its first products from the storage room of one of the creators, until today they have established themselves as one of the most influential brands on the national scene.\" \/>\n<meta property=\"og:url\" content=\"https:\/\/www.talidesign.eu\/en\/shop\/product\/meller-eco-mahe-all-black\/\" \/>\n<meta property=\"og:site_name\" content=\"TALI Concept Store\" \/>\n<meta property=\"article:publisher\" content=\"https:\/\/www.facebook.com\/TaliDisain\/\" \/>\n<meta property=\"article:modified_time\" content=\"2026-04-07T09:34:26+00:00\" \/>\n<meta property=\"og:image\" content=\"https:\/\/www.talidesign.eu\/wp\/wp-content\/uploads\/2021\/07\/meller-mahe-all-black.jpg\" \/>\n\t<meta property=\"og:image:width\" content=\"1280\" \/>\n\t<meta property=\"og:image:height\" content=\"1280\" \/>\n\t<meta property=\"og:image:type\" content=\"image\/jpeg\" \/>\n<meta name=\"twitter:card\" content=\"summary_large_image\" \/>\n<meta name=\"twitter:label1\" content=\"Est. reading time\" \/>\n\t<meta name=\"twitter:data1\" content=\"2 minutes\" \/>\n<script type=\"application\/ld+json\" class=\"yoast-schema-graph\">{\"@context\":\"https:\\\/\\\/schema.org\",\"@graph\":[{\"@type\":\"WebPage\",\"@id\":\"https:\\\/\\\/www.talidesign.eu\\\/en\\\/shop\\\/product\\\/meller-eco-mahe-all-black\\\/\",\"url\":\"https:\\\/\\\/www.talidesign.eu\\\/en\\\/shop\\\/product\\\/meller-eco-mahe-all-black\\\/\",\"name\":\"Meller Eco Mah\u00e9 All Black - TALI Concept Store\",\"isPartOf\":{\"@id\":\"https:\\\/\\\/www.talidesign.eu\\\/en\\\/#website\"},\"primaryImageOfPage\":{\"@id\":\"https:\\\/\\\/www.talidesign.eu\\\/en\\\/shop\\\/product\\\/meller-eco-mahe-all-black\\\/#primaryimage\"},\"image\":{\"@id\":\"https:\\\/\\\/www.talidesign.eu\\\/en\\\/shop\\\/product\\\/meller-eco-mahe-all-black\\\/#primaryimage\"},\"thumbnailUrl\":\"https:\\\/\\\/www.talidesign.eu\\\/wp\\\/wp-content\\\/uploads\\\/2021\\\/07\\\/meller-mahe-all-black.jpg\",\"datePublished\":\"2023-03-17T07:23:48+00:00\",\"dateModified\":\"2026-04-07T09:34:26+00:00\",\"breadcrumb\":{\"@id\":\"https:\\\/\\\/www.talidesign.eu\\\/en\\\/shop\\\/product\\\/meller-eco-mahe-all-black\\\/#breadcrumb\"},\"inLanguage\":\"en-US\",\"potentialAction\":[{\"@type\":\"ReadAction\",\"target\":[\"https:\\\/\\\/www.talidesign.eu\\\/en\\\/shop\\\/product\\\/meller-eco-mahe-all-black\\\/\"]}]},{\"@type\":\"ImageObject\",\"inLanguage\":\"en-US\",\"@id\":\"https:\\\/\\\/www.talidesign.eu\\\/en\\\/shop\\\/product\\\/meller-eco-mahe-all-black\\\/#primaryimage\",\"url\":\"https:\\\/\\\/www.talidesign.eu\\\/wp\\\/wp-content\\\/uploads\\\/2021\\\/07\\\/meller-mahe-all-black.jpg\",\"contentUrl\":\"https:\\\/\\\/www.talidesign.eu\\\/wp\\\/wp-content\\\/uploads\\\/2021\\\/07\\\/meller-mahe-all-black.jpg\",\"width\":1280,\"height\":1280},{\"@type\":\"BreadcrumbList\",\"@id\":\"https:\\\/\\\/www.talidesign.eu\\\/en\\\/shop\\\/product\\\/meller-eco-mahe-all-black\\\/#breadcrumb\",\"itemListElement\":[{\"@type\":\"ListItem\",\"position\":1,\"name\":\"Avaleht\",\"item\":\"https:\\\/\\\/www.talidesign.eu\\\/en\\\/\"},{\"@type\":\"ListItem\",\"position\":2,\"name\":\"Shop\",\"item\":\"https:\\\/\\\/www.talidesign.eu\\\/en\\\/shop\\\/\"},{\"@type\":\"ListItem\",\"position\":3,\"name\":\"Meller Eco Mah\u00e9 All Black\"}]},{\"@type\":\"WebSite\",\"@id\":\"https:\\\/\\\/www.talidesign.eu\\\/en\\\/#website\",\"url\":\"https:\\\/\\\/www.talidesign.eu\\\/en\\\/\",\"name\":\"TALI Concept Store\",\"description\":\"The largest design shop in Estonia\",\"potentialAction\":[{\"@type\":\"SearchAction\",\"target\":{\"@type\":\"EntryPoint\",\"urlTemplate\":\"https:\\\/\\\/www.talidesign.eu\\\/en\\\/?s={search_term_string}\"},\"query-input\":{\"@type\":\"PropertyValueSpecification\",\"valueRequired\":true,\"valueName\":\"search_term_string\"}}],\"inLanguage\":\"en-US\"}]}<\/script>\n<!-- \/ Yoast SEO plugin. -->","yoast_head_json":{"title":"Meller Eco Mah\u00e9 All Black - TALI Concept Store","robots":{"index":"index","follow":"follow","max-snippet":"max-snippet:-1","max-image-preview":"max-image-preview:large","max-video-preview":"max-video-preview:-1"},"canonical":"https:\/\/www.talidesign.eu\/en\/shop\/product\/meller-eco-mahe-all-black\/","og_locale":"en_US","og_type":"article","og_title":"Meller Eco Mah\u00e9 All Black - TALI Concept Store","og_description":"Eco Mah\u00e9 All Black  The elegance and luxury of the new maxi Mah\u00e9 model is inspired by the 70s. This new Meller design has a collection of risky colours with a prominent siluette frame.   Why Bio-based?  Meller launches a new line of Bio-based glasses offering a more eco-friendly alternative, with their reduction in the use of non sustainable plastics. The frames are manufactured with 45% naturally based materials, which lowers the use of fossil materials and carbon emissions.  \u2022 View more from Meller \u2022 UV PROTECTION UV400 - Category 3 \u2022 LENS Japanese Tac Polarized, Antiscratch and Super Hydrfobic Film \u2022 Material Bio-based G850 \u2022 MEASUREMENTS Width: 144 mm, height: 55 mm, depth: 145 mm \u2022 SHAPE Square \u2022 LENS COLOR Black \u2022 FRAME COLOR Black  Designed for a perfect balance between comfort and durability  About  In 2014, Sergi Benet, Borja Nadal and Marco Grandi launched Meller after their stay in Kuala Lumpur, where they traveled after finishing their degree to participate in a startup incubator in Malaysia. In its beginnings, the brand began selling its first products from the storage room of one of the creators, until today they have established themselves as one of the most influential brands on the national scene.","og_url":"https:\/\/www.talidesign.eu\/en\/shop\/product\/meller-eco-mahe-all-black\/","og_site_name":"TALI Concept Store","article_publisher":"https:\/\/www.facebook.com\/TaliDisain\/","article_modified_time":"2026-04-07T09:34:26+00:00","og_image":[{"width":1280,"height":1280,"url":"https:\/\/www.talidesign.eu\/wp\/wp-content\/uploads\/2021\/07\/meller-mahe-all-black.jpg","type":"image\/jpeg"}],"twitter_card":"summary_large_image","twitter_misc":{"Est. reading time":"2 minutes"},"schema":{"@context":"https:\/\/schema.org","@graph":[{"@type":"WebPage","@id":"https:\/\/www.talidesign.eu\/en\/shop\/product\/meller-eco-mahe-all-black\/","url":"https:\/\/www.talidesign.eu\/en\/shop\/product\/meller-eco-mahe-all-black\/","name":"Meller Eco Mah\u00e9 All Black - TALI Concept Store","isPartOf":{"@id":"https:\/\/www.talidesign.eu\/en\/#website"},"primaryImageOfPage":{"@id":"https:\/\/www.talidesign.eu\/en\/shop\/product\/meller-eco-mahe-all-black\/#primaryimage"},"image":{"@id":"https:\/\/www.talidesign.eu\/en\/shop\/product\/meller-eco-mahe-all-black\/#primaryimage"},"thumbnailUrl":"https:\/\/www.talidesign.eu\/wp\/wp-content\/uploads\/2021\/07\/meller-mahe-all-black.jpg","datePublished":"2023-03-17T07:23:48+00:00","dateModified":"2026-04-07T09:34:26+00:00","breadcrumb":{"@id":"https:\/\/www.talidesign.eu\/en\/shop\/product\/meller-eco-mahe-all-black\/#breadcrumb"},"inLanguage":"en-US","potentialAction":[{"@type":"ReadAction","target":["https:\/\/www.talidesign.eu\/en\/shop\/product\/meller-eco-mahe-all-black\/"]}]},{"@type":"ImageObject","inLanguage":"en-US","@id":"https:\/\/www.talidesign.eu\/en\/shop\/product\/meller-eco-mahe-all-black\/#primaryimage","url":"https:\/\/www.talidesign.eu\/wp\/wp-content\/uploads\/2021\/07\/meller-mahe-all-black.jpg","contentUrl":"https:\/\/www.talidesign.eu\/wp\/wp-content\/uploads\/2021\/07\/meller-mahe-all-black.jpg","width":1280,"height":1280},{"@type":"BreadcrumbList","@id":"https:\/\/www.talidesign.eu\/en\/shop\/product\/meller-eco-mahe-all-black\/#breadcrumb","itemListElement":[{"@type":"ListItem","position":1,"name":"Avaleht","item":"https:\/\/www.talidesign.eu\/en\/"},{"@type":"ListItem","position":2,"name":"Shop","item":"https:\/\/www.talidesign.eu\/en\/shop\/"},{"@type":"ListItem","position":3,"name":"Meller Eco Mah\u00e9 All Black"}]},{"@type":"WebSite","@id":"https:\/\/www.talidesign.eu\/en\/#website","url":"https:\/\/www.talidesign.eu\/en\/","name":"TALI Concept Store","description":"The largest design shop in Estonia","potentialAction":[{"@type":"SearchAction","target":{"@type":"EntryPoint","urlTemplate":"https:\/\/www.talidesign.eu\/en\/?s={search_term_string}"},"query-input":{"@type":"PropertyValueSpecification","valueRequired":true,"valueName":"search_term_string"}}],"inLanguage":"en-US"}]}},"_links":{"self":[{"href":"https:\/\/www.talidesign.eu\/en\/wp-json\/wp\/v2\/product\/69982","targetHints":{"allow":["GET"]}}],"collection":[{"href":"https:\/\/www.talidesign.eu\/en\/wp-json\/wp\/v2\/product"}],"about":[{"href":"https:\/\/www.talidesign.eu\/en\/wp-json\/wp\/v2\/types\/product"}],"wp:featuredmedia":[{"embeddable":true,"href":"https:\/\/www.talidesign.eu\/en\/wp-json\/wp\/v2\/media\/31832"}],"wp:attachment":[{"href":"https:\/\/www.talidesign.eu\/en\/wp-json\/wp\/v2\/media?parent=69982"}],"wp:term":[{"taxonomy":"product_brand","embeddable":true,"href":"https:\/\/www.talidesign.eu\/en\/wp-json\/wp\/v2\/product_brand?post=69982"},{"taxonomy":"product_cat","embeddable":true,"href":"https:\/\/www.talidesign.eu\/en\/wp-json\/wp\/v2\/product_cat?post=69982"},{"taxonomy":"product_tag","embeddable":true,"href":"https:\/\/www.talidesign.eu\/en\/wp-json\/wp\/v2\/product_tag?post=69982"}],"curies":[{"name":"wp","href":"https:\/\/api.w.org\/{rel}","templated":true}]}}