{"id":35898,"date":"2021-10-01T23:14:57","date_gmt":"2021-10-01T20:14:57","guid":{"rendered":"https:\/\/www.talidesign.eu\/?page_id=35898"},"modified":"2025-06-30T23:03:28","modified_gmt":"2025-06-30T20:03:28","slug":"kkk","status":"publish","type":"page","link":"https:\/\/www.talidesign.eu\/et\/kkk\/","title":{"rendered":"KKK"},"content":{"rendered":"\n<h2 class=\"wp-block-heading\"><strong>KKK<\/strong><\/h2>\n\n\n\n<p>\u2022 <strong>Kuidas tagastada e-poest tellitud toode?<\/strong><\/p>\n\n\n\n<ol class=\"wp-block-list\">\n<li>E-poest ostetud toote saab tagastada 14 p\u00e4eva jooksul arvates kauba k\u00e4ttesaamise p\u00e4evast. <br><br>Tagastatud toode peab olema originaalpakendis, originaalmarkeeringus ning samasuguses komplektsuses nagu Tellijale v\u00e4ljastamise hetkel.<br><br>Sanitaarruumi paigaldatud toode ei ole tagasisaatmiseks k\u00f5lblik tervisekaitse ja h\u00fcgieenilistel p\u00f5hjustel.<br><br><strong>14-p\u00e4evase tagastamis\u00f5iguse kasutamiseks ei tohi tellitud kaupa kasutada muul viisil kui on vajalik kauba olemuses, omadustes ja toimimises veendumiseks viisil nagu see on lubatud kauba testimiseks f\u00fc\u00fcsilises poes.<\/strong><br><br>Edasim\u00fc\u00fcgiks k\u00f5lbmatu (toode ei vasta eelpool mainitud n\u00f5uetele) toote eest TALI raha tagasi ei maksa.<br><\/li>\n<\/ol>\n\n\n\n<p><\/p>\n\n\n\n<p><\/p>\n\n\n\n<p><strong>2. Taganemis\u00f5igus ei kohaldu, kui ostjaks on juriidiline isik.<\/strong><br><br>3. Kauba tagastamiseks tuleb t\u00e4ita kirjalik lepingust taganemise avaldus <strong><a href=\"https:\/\/www.talidesign.eu\/wp\/wp-content\/uploads\/2020\/10\/JM_m41_lisa1.rtf\" target=\"_blank\" rel=\"noreferrer noopener\">declaration of <\/a><\/strong><a href=\"https:\/\/www.talidesign.eu\/wp\/wp-content\/uploads\/2020\/10\/JM_m41_lisa1.rtf\" target=\"_blank\" rel=\"noreferrer noopener\"><strong>withdrawal<\/strong> <\/a>ning saata see <a href=\"mailto:info@talidesign.eu\">info@talidesign.eu<\/a>.<\/p>\n\n\n\n<p>4. Toode saata Itella pakiautomaati-<strong> Tallinna Merimetsa Selver<\/strong>, adressaat TALI nr <strong>+3725205317<\/strong>. TALI kauba tagasisaatmise kulusid ei kata. <br><br>5. Kauplusesse e-poest ostetud kaupa tagastada ei saa.<\/p>\n\n\n\n<p>\u2022 <strong>Kas saan poest (Telliskivi 60A) ostetud toote tagastada\/vahetada?<\/strong><\/p>\n\n\n\n<p>Poest ostetud kvaliteetset kaupa TALI tagasi ei v\u00f5ta ega vaheta, kuna enne ostu on olnud f\u00fc\u00fcsiliselt v\u00f5imalik tootega igati tutvuda.<\/p>\n\n\n\n<p>Tagastamise \u00f5igus kehtib vaid e-poest ostetud toodete puhul 14 p\u00e4eva jooksul.<\/p>\n\n\n\n<p>\u2022 <strong>Pretensioonide esitamine<\/strong><\/p>\n\n\n\n<p>Pretensiooni palume esitada kirjalikult ning saata e-posti aadressile <a href=\"mailto:info@talidesign.eu\">info@talidesign.eu<\/a>.<\/p>\n\n\n\n<p>Kaebuse v\u00f5ib esitada vabas vormis, kindlasti tuleb m\u00e4rkida oma nimi ja kontaktandmed, kaebuse esitamise kuup\u00e4ev, kaubal ilmnenud puudus ning <strong>lisada ostu t\u00f5endav dokument<\/strong>.<\/p>\n\n\n\n<p>Kui m\u00fc\u00fcjal on p\u00f5hjust kahelda, kas kaubal ilmnenud puudus on tingitud tootmispraagist v\u00f5i on klient selle p\u00f5hjustanud, t\u00f5endavad vea tekkep\u00f5hjuseid asjatundjad. Puuduse tekkimise p\u00f5hjuste t\u00f5endamise kohustus on <strong>esimesel 12 kuul p\u00e4rast ostu tegemist m\u00fc\u00fcjal<\/strong>, peale 12 kuud on t\u00f5endamise kohustus kliendil.<\/p>\n\n\n\n<p>M\u00fc\u00fcja ja kliendi vahel tekkivad vaidlused lahendavad pooled l\u00e4bir\u00e4\u00e4kimiste teel. Kokkuleppe mittesaavutamisel on kliendil \u00f5igus p\u00f6\u00f6rduda Tarbijakaitse ja Tehnilise J\u00e4relevalve Ameti Tarbimiskeskkonna osakonda (<a href=\"https:\/\/www.ttja.ee\">https:\/\/www.ttja.ee<\/a>) ja Tarbijavaidluste komisjoni (<a href=\"https:\/\/komisjon.ee\/et\">https:\/\/komisjon.ee\/et<\/a>).<\/p>\n\n\n\n<p>Euroopa Liidu liikmesriikides tekkivate probleemide lahendamiseks p\u00f6\u00f6rduda <a href=\"https:\/\/consumer.ee\/\">Euroopa Liidu tarbijate N\u00f5ustamiskeskusse<\/a>. Kaebust saab esitada ka veebip\u00f5hise platvormi abil: <a href=\"https:\/\/ec.europa.eu\/consumers\/odr\/main\/index.cfm?event=main.home.chooseLanguage\">ec.europa.eu\/odr<\/a><\/p>\n\n\n\n<p>\u2022 <strong>Kui kaua kehtib TALI kinkekaart?<\/strong><\/p>\n\n\n\n<p>TALI kinkekaardi kehtivusaeg on 12 kuud alates ostuhetkest.<\/p>\n\n\n\n<p>N\u00c4IDE: Ostetud 28.08.2020, viimane kehtivuse p\u00e4ev 28.08.2021. Peale seda kustub kinkekaart andmebaasist ning muutub kehtetuks.<br><br><a href=\"https:\/\/www.pealinn.ee\/tarbija\/tarbijakaitse-aegunud-kinkekaarte-poed-vastu-votma-ei-pea-n181815\" target=\"_blank\" rel=\"noreferrer noopener nofollow\">Loe lisaks: &#8220;Tarbijakaitse: aegunud kinkekaarte poed vastu v\u00f5tma ei pea&#8221;<\/a><\/p>\n\n\n\n<p>\u2022 <strong>Kas TALI kinkekaarti saab kasutada e-poes?<\/strong><\/p>\n\n\n\n<p>Kinkekaart kehtib vaid f\u00fc\u00fcsilises TALI poes, aadressil Telliskivi 60A, Tallinn.<\/p>\n","protected":false},"excerpt":{"rendered":"<p>KKK \u2022 Kuidas tagastada e-poest tellitud toode? 2. Taganemis\u00f5igus ei kohaldu, kui ostjaks on juriidiline isik. 3. Kauba tagastamiseks tuleb t\u00e4ita kirjalik lepingust taganemise avaldus declaration of withdrawal ning saata see info@talidesign.eu. 4. Toode saata Itella pakiautomaati- Tallinna Merimetsa Selver, adressaat TALI nr +3725205317. TALI kauba tagasisaatmise kulusid ei kata. 5. Kauplusesse e-poest ostetud kaupa [&#8230;]\n","protected":false},"author":1,"featured_media":0,"parent":0,"menu_order":0,"comment_status":"closed","ping_status":"closed","template":"","meta":{"footnotes":""},"class_list":["post-35898","page","type-page","status-publish","hentry"],"yoast_head":"<!-- This site is optimized with the Yoast SEO plugin v27.4 - https:\/\/yoast.com\/product\/yoast-seo-wordpress\/ -->\n<title>KKK - TALI Concept Store<\/title>\n<meta name=\"robots\" content=\"index, follow, max-snippet:-1, max-image-preview:large, max-video-preview:-1\" \/>\n<link rel=\"canonical\" href=\"https:\/\/www.talidesign.eu\/et\/kkk\/\" \/>\n<meta property=\"og:locale\" content=\"et_EE\" \/>\n<meta property=\"og:type\" content=\"article\" \/>\n<meta property=\"og:title\" content=\"KKK - TALI Concept Store\" \/>\n<meta property=\"og:description\" content=\"KKK \u2022 Kuidas tagastada e-poest tellitud toode? 2. Taganemis\u00f5igus ei kohaldu, kui ostjaks on juriidiline isik. 3. Kauba tagastamiseks tuleb t\u00e4ita kirjalik lepingust taganemise avaldus declaration of withdrawal ning saata see info@talidesign.eu. 4. Toode saata Itella pakiautomaati- Tallinna Merimetsa Selver, adressaat TALI nr +3725205317. TALI kauba tagasisaatmise kulusid ei kata. 5. Kauplusesse e-poest ostetud kaupa [...]\" \/>\n<meta property=\"og:url\" content=\"https:\/\/www.talidesign.eu\/et\/kkk\/\" \/>\n<meta property=\"og:site_name\" content=\"TALI Concept Store\" \/>\n<meta property=\"article:publisher\" content=\"https:\/\/www.facebook.com\/TaliDisain\/\" \/>\n<meta property=\"article:modified_time\" content=\"2025-06-30T20:03:28+00:00\" \/>\n<meta name=\"twitter:card\" content=\"summary_large_image\" \/>\n<meta name=\"twitter:label1\" content=\"Est. reading time\" \/>\n\t<meta name=\"twitter:data1\" content=\"2 minutes\" \/>\n<script type=\"application\/ld+json\" class=\"yoast-schema-graph\">{\"@context\":\"https:\\\/\\\/schema.org\",\"@graph\":[{\"@type\":\"WebPage\",\"@id\":\"https:\\\/\\\/www.talidesign.eu\\\/et\\\/kkk\\\/\",\"url\":\"https:\\\/\\\/www.talidesign.eu\\\/et\\\/kkk\\\/\",\"name\":\"KKK - TALI Concept Store\",\"isPartOf\":{\"@id\":\"https:\\\/\\\/www.talidesign.eu\\\/et\\\/#website\"},\"datePublished\":\"2021-10-01T20:14:57+00:00\",\"dateModified\":\"2025-06-30T20:03:28+00:00\",\"breadcrumb\":{\"@id\":\"https:\\\/\\\/www.talidesign.eu\\\/et\\\/kkk\\\/#breadcrumb\"},\"inLanguage\":\"et\",\"potentialAction\":[{\"@type\":\"ReadAction\",\"target\":[\"https:\\\/\\\/www.talidesign.eu\\\/et\\\/kkk\\\/\"]}]},{\"@type\":\"BreadcrumbList\",\"@id\":\"https:\\\/\\\/www.talidesign.eu\\\/et\\\/kkk\\\/#breadcrumb\",\"itemListElement\":[{\"@type\":\"ListItem\",\"position\":1,\"name\":\"Avaleht\",\"item\":\"https:\\\/\\\/www.talidesign.eu\\\/et\\\/\"},{\"@type\":\"ListItem\",\"position\":2,\"name\":\"KKK\"}]},{\"@type\":\"WebSite\",\"@id\":\"https:\\\/\\\/www.talidesign.eu\\\/et\\\/#website\",\"url\":\"https:\\\/\\\/www.talidesign.eu\\\/et\\\/\",\"name\":\"TALI Concept Store\",\"description\":\"Suurim Disainipood Eestis\",\"potentialAction\":[{\"@type\":\"SearchAction\",\"target\":{\"@type\":\"EntryPoint\",\"urlTemplate\":\"https:\\\/\\\/www.talidesign.eu\\\/et\\\/?s={search_term_string}\"},\"query-input\":{\"@type\":\"PropertyValueSpecification\",\"valueRequired\":true,\"valueName\":\"search_term_string\"}}],\"inLanguage\":\"et\"}]}<\/script>\n<!-- \/ Yoast SEO plugin. -->","yoast_head_json":{"title":"KKK - TALI Concept Store","robots":{"index":"index","follow":"follow","max-snippet":"max-snippet:-1","max-image-preview":"max-image-preview:large","max-video-preview":"max-video-preview:-1"},"canonical":"https:\/\/www.talidesign.eu\/et\/kkk\/","og_locale":"et_EE","og_type":"article","og_title":"KKK - TALI Concept Store","og_description":"KKK \u2022 Kuidas tagastada e-poest tellitud toode? 2. Taganemis\u00f5igus ei kohaldu, kui ostjaks on juriidiline isik. 3. Kauba tagastamiseks tuleb t\u00e4ita kirjalik lepingust taganemise avaldus declaration of withdrawal ning saata see info@talidesign.eu. 4. Toode saata Itella pakiautomaati- Tallinna Merimetsa Selver, adressaat TALI nr +3725205317. TALI kauba tagasisaatmise kulusid ei kata. 5. Kauplusesse e-poest ostetud kaupa [...]","og_url":"https:\/\/www.talidesign.eu\/et\/kkk\/","og_site_name":"TALI Concept Store","article_publisher":"https:\/\/www.facebook.com\/TaliDisain\/","article_modified_time":"2025-06-30T20:03:28+00:00","twitter_card":"summary_large_image","twitter_misc":{"Est. reading time":"2 minutes"},"schema":{"@context":"https:\/\/schema.org","@graph":[{"@type":"WebPage","@id":"https:\/\/www.talidesign.eu\/et\/kkk\/","url":"https:\/\/www.talidesign.eu\/et\/kkk\/","name":"KKK - TALI Concept Store","isPartOf":{"@id":"https:\/\/www.talidesign.eu\/et\/#website"},"datePublished":"2021-10-01T20:14:57+00:00","dateModified":"2025-06-30T20:03:28+00:00","breadcrumb":{"@id":"https:\/\/www.talidesign.eu\/et\/kkk\/#breadcrumb"},"inLanguage":"et","potentialAction":[{"@type":"ReadAction","target":["https:\/\/www.talidesign.eu\/et\/kkk\/"]}]},{"@type":"BreadcrumbList","@id":"https:\/\/www.talidesign.eu\/et\/kkk\/#breadcrumb","itemListElement":[{"@type":"ListItem","position":1,"name":"Avaleht","item":"https:\/\/www.talidesign.eu\/et\/"},{"@type":"ListItem","position":2,"name":"KKK"}]},{"@type":"WebSite","@id":"https:\/\/www.talidesign.eu\/et\/#website","url":"https:\/\/www.talidesign.eu\/et\/","name":"TALI Concept Store","description":"Suurim Disainipood Eestis","potentialAction":[{"@type":"SearchAction","target":{"@type":"EntryPoint","urlTemplate":"https:\/\/www.talidesign.eu\/et\/?s={search_term_string}"},"query-input":{"@type":"PropertyValueSpecification","valueRequired":true,"valueName":"search_term_string"}}],"inLanguage":"et"}]}},"_links":{"self":[{"href":"https:\/\/www.talidesign.eu\/et\/wp-json\/wp\/v2\/pages\/35898","targetHints":{"allow":["GET"]}}],"collection":[{"href":"https:\/\/www.talidesign.eu\/et\/wp-json\/wp\/v2\/pages"}],"about":[{"href":"https:\/\/www.talidesign.eu\/et\/wp-json\/wp\/v2\/types\/page"}],"author":[{"embeddable":true,"href":"https:\/\/www.talidesign.eu\/et\/wp-json\/wp\/v2\/users\/1"}],"replies":[{"embeddable":true,"href":"https:\/\/www.talidesign.eu\/et\/wp-json\/wp\/v2\/comments?post=35898"}],"version-history":[{"count":8,"href":"https:\/\/www.talidesign.eu\/et\/wp-json\/wp\/v2\/pages\/35898\/revisions"}],"predecessor-version":[{"id":105680,"href":"https:\/\/www.talidesign.eu\/et\/wp-json\/wp\/v2\/pages\/35898\/revisions\/105680"}],"wp:attachment":[{"href":"https:\/\/www.talidesign.eu\/et\/wp-json\/wp\/v2\/media?parent=35898"}],"curies":[{"name":"wp","href":"https:\/\/api.w.org\/{rel}","templated":true}]}}