{"id":35936,"date":"2019-03-05T01:40:09","date_gmt":"2019-03-04T23:40:09","guid":{"rendered":"https:\/\/www.talidesign.eu\/delivery-returns\/"},"modified":"2024-11-08T21:49:21","modified_gmt":"2024-11-08T19:49:21","slug":"delivery-returns","status":"publish","type":"page","link":"https:\/\/www.talidesign.eu\/et\/delivery-returns\/","title":{"rendered":"Saatmine &#038; Tagastamine"},"content":{"rendered":"\n<h2 style=\"text-align: center;\"><strong>Saatmine &amp; Tagastamine<\/strong><\/h2>\n<div class=\"text-center\"><div class=\"is-divider divider clearfix\" ><\/div><\/div>\n\n<p><strong>Kohaletoimetamine<\/strong><\/p>\n<p>Kauba saatmiskulud kannab ostja ning vastav hinnainfo on kuvatud saatmisviisi juures.<\/p>\n<p>Siseriiklikud tellimused saadetakse <a href=\"https:\/\/www.omniva.ee\/\" target=\"_blank\" rel=\"noopener noreferrer\">Omniva<\/a> v\u00f5i <a href=\"https:\/\/uus.smartpost.ee\/\" target=\"_blank\" rel=\"noopener noreferrer\">Smartpost<\/a> pakiautomaadi teenusega.<\/p>\n<p>Euroopa tellimused saadetakse Omniva postiteenusega, millel on j\u00e4lgimisnumber ja kohaletoimetamise kinnitus.<\/p>\n<p>Eestisisesed saadetised j\u00f5uavad \u00fcldjuhul ostja m\u00e4\u00e4ratud sihtpunkti 3-7 t\u00f6\u00f6p\u00e4eva jooksul alates m\u00fc\u00fcgilepingu j\u00f5ustumisest. V\u00e4ljaspool Eestit toimub kohaletoimetamine alates 5st t\u00f6\u00f6p\u00e4evast kuni 3-4 n\u00e4dalani.<\/p>\n<p>Erandlikel juhtumitel on \u00f5igus kaup kohale toimetada kuni 45 kalendrip\u00e4eva jooksul.<\/p>\n<p><strong>Taganemis\u00f5igus<\/strong><\/p>\n<p>P\u00e4rast tellimuse k\u00e4ttesaamist on ostjal \u00f5igus e-poes s\u00f5lmitud lepingust taganeda 14 p\u00e4eva jooksul.<\/p>\n<p><strong>Taganemis\u00f5igus ei kohaldu, kui ostjaks on juriidiline isik.<\/strong><\/p>\n<p>14-p\u00e4evase tagastamis\u00f5iguse kasutamiseks ei tohi tellitud kaupa kasutada muul viisil kui on vajalik kauba olemuses, omadustes ja toimimises veendumiseks viisil nagu see on lubatud kauba testimiseks f\u00fc\u00fcsilises poes.<\/p>\n<p>NB! Sanitaarruumi paigaldatud toode ei ole tagasisaatmiseks k\u00f5lblik tervisekaitse ja h\u00fcgieenilistel p\u00f5hjustel.<\/p>\n<p>Kui kaupa on kasutatud muuks otstarbeks kui on vajalik kauba olemuses, omadustes ja toimimises veendumiseks v\u00f5i sellel on kasutamise v\u00f5i kulumise m\u00e4rke, on Rocketfeeds O\u00dcl \u00f5igus alandada tagastatavat tasu vastavalt kauba v\u00e4\u00e4rtuse v\u00e4henemisele.<\/p>\n<p>Kauba tagastamiseks tuleb esitada kauba ostmisest taganemise avaldus, mille vormi leiab siit: <a href=\"https:\/\/www.talidesign.eu\/wp\/wp-content\/uploads\/2020\/10\/JM_m41_lisa1.rtf\" target=\"_blank\" rel=\"noopener noreferrer\"><strong>declaration of withdrawal<\/strong><\/a> : ning saata see e-posti aadressile <a href=\"mailto:info@talidesign.eu\"><strong>info@talidesign.eu<\/strong><\/a> hiljemalt 14 p\u00e4eva jooksul kauba k\u00e4ttesaamisest.<\/p>\n<p><strong>Toode saata Itella pakiautomaati- Tallinna Merimetsa Selver, adressaat TALI nr +3725205317. TALI kauba tagasisaatmise kulusid ei kata. <\/strong><\/p>\n<p>Kauba tagastamise kulud kannab ostja, v\u00e4lja arvatud juhul, kui tagastamise p\u00f5hjus seisneb asjaolus, et tagastamisele kuuluv toode ei vasta tellitule (nt vale v\u00f5i defektiga toode)<\/p>\n<p>Ostja peab kauba tagastama avalduse esitamisele j\u00e4rgneva 14 p\u00e4eva jooksul v\u00f5i esitama t\u00f5endi, et ta on eelnimetatud perioodi jooksul kauba \u00fcle andnud kauba vedajale.<\/p>\n<p>Veebipood tagastab tagastatava kauba k\u00e4ttesaamisel ostjale viivitamata, kuid mitte hiljem kui 14 p\u00e4eva m\u00f6\u00f6dumisel arvates taganemisavalduse saamisest, k\u00f5ik ostjalt lepingu alusel saadud tasud.<\/p>\n<p>Veebipood v\u00f5ib keelduda tagasimaksete tegemisest seni, kuni on lepingu esemeks oleva asja tagasi saanud v\u00f5i kuni ostja on esitanud t\u00f5endid, et on asja tagasi saatnud, s\u00f5ltuvalt sellest, kumb toimub varem.<\/p>\n<p>Kui ostja on s\u00f5naselgelt valinud Veebipoe pakutud k\u00f5ige odavamast tavap\u00e4rasest asja k\u00e4ttetoimetamise viisist erineva k\u00e4ttetoimetamise viisi, ei pea Veebipood tarbijale tagastama kulu, mis \u00fcletab tavap\u00e4rase k\u00e4ttetoimetamise viisiga seotud kulu.<\/p>\n<p>Veebipoel on \u00f5igus taganeda m\u00fc\u00fcgitehingust ning n\u00f5uda ostjalt tagasi kaup, kui kauba hind veebipoes on eksituse t\u00f5ttu m\u00e4rgitud oluliselt alla kauba turuhinna.<\/p>\n<p><strong>Pretensioonide esitamine<\/strong><\/p>\n<p>Veebipood vastutab ostjale m\u00fc\u00fcdud kauba lepingutingimustele mittevastavuse v\u00f5i puuduse eest, mis oli olemas juba asja \u00fcleandmise hetkel ning mis ilmneb kuni kahe aasta jooksul, alates kauba \u00fcleandmisest ostjale. Sellest esimese 12 kuu jooksul asja \u00fcleandmisest ostjale eeldatakse, et puudus oli olemas juba asja \u00fcleandmise ajal. Vastava eelduse \u00fcmberl\u00fckkamine on Veebipoe kohustus.<\/p>\n<p>Ostjal on \u00f5igus puuduse ilmnemisel p\u00f6\u00f6rduda hiljemalt kahe kuu jooksul veebipoe poole, saates e-kirja aadressile <a href=\"mailto:info@talidesign.eu\" target=\"_blank\" rel=\"noopener noreferrer\"><strong>info@talidesign.eu<\/strong><\/a>.<\/p>\n<p>Veebipood ei vastuta puuduste eest, mis on tekkinud p\u00e4rast kauba \u00fcleandmist ostjale.<\/p>\n<p>Kui Veebipoest ostetud kaubal on puudused, mille eest Veebipood vastutab, parandab v\u00f5i asendab Veebipood puudusega kauba. Kui kaupa ei ole v\u00f5imalik parandada ega asendada, tagastab Veebipood ostjale k\u00f5ik m\u00fc\u00fcgilepinguga kaasnenud tasud.<\/p>\n<p>Veebipood vastab tarbija esitatud kaebusele kirjalikult v\u00f5i kirjalikku taasesitamist v\u00f5imaldavas vormis 15 p\u00e4eva jooksul.<\/p>\n<p>Pretensiooni palume esitada kirjalikult ning saata e-posti aadressile <a href=\"mailto:info@talidesign.eu\">info@talidesign.eu<\/a>.<\/p>\n<p>Kaebuse v\u00f5ib esitada vabas vormis, kindlasti tuleb m\u00e4rkida oma nimi ja kontaktandmed, kaebuse esitamise kuup\u00e4ev, kaubal ilmnenud puudus ning <strong>lisada ostu t\u00f5endav dokument<\/strong>.<\/p>\n<p>Kui m\u00fc\u00fcjal on p\u00f5hjust kahelda, kas kaubal ilmnenud puudus on tingitud tootmispraagist v\u00f5i on klient selle p\u00f5hjustanud, t\u00f5endavad vea tekkep\u00f5hjuseid asjatundjad. Puuduse tekkimise p\u00f5hjuste t\u00f5endamise kohustus on <strong>esimesel 12 kuul p\u00e4rast ostu tegemist m\u00fc\u00fcjal<\/strong>, peale 12 kuud on t\u00f5endamise kohustus kliendil.<\/p>\n<p>M\u00fc\u00fcja ja kliendi vahel tekkivad vaidlused lahendavad pooled l\u00e4bir\u00e4\u00e4kimiste teel. Kokkuleppe mittesaavutamisel on kliendil \u00f5igus p\u00f6\u00f6rduda Tarbijakaitse ja Tehnilise J\u00e4relevalve Ameti Tarbimiskeskkonna osakonda (Pronksi 12 Tallinn 10117, <a href=\"https:\/\/www.ttja.ee\">https:\/\/www.ttja.ee<\/a>) ja Tarbijavaidluste komisjoni (Pronksi 12 Tallinn 10117, <a href=\"https:\/\/komisjon.ee\/et\">https:\/\/komisjon.ee\/et<\/a>).<\/p>\n<p>Euroopa Liidu liikmesriikides tekkivate probleemide lahendamiseks p\u00f6\u00f6rduda <a href=\"https:\/\/consumer.ee\/\">Euroopa Liidu tarbijate N\u00f5ustamiskeskusse<\/a>. Kaebust saab esitada ka veebip\u00f5hise platvormi abil: <a href=\"https:\/\/ec.europa.eu\/consumers\/odr\/main\/index.cfm?event=main.home.chooseLanguage\">ec.europa.eu\/odr<\/a><\/p>\n\n","protected":false},"excerpt":{"rendered":"","protected":false},"author":1,"featured_media":0,"parent":0,"menu_order":0,"comment_status":"closed","ping_status":"closed","template":"","meta":{"footnotes":""},"class_list":["post-35936","page","type-page","status-publish","hentry"],"yoast_head":"<!-- This site is optimized with the Yoast SEO plugin v27.5 - https:\/\/yoast.com\/product\/yoast-seo-wordpress\/ -->\n<title>Saatmine &amp; Tagastamine - TALI Concept Store<\/title>\n<meta name=\"robots\" content=\"index, follow, max-snippet:-1, max-image-preview:large, max-video-preview:-1\" \/>\n<link rel=\"canonical\" href=\"https:\/\/www.talidesign.eu\/et\/delivery-returns\/\" \/>\n<meta property=\"og:locale\" content=\"et_EE\" \/>\n<meta property=\"og:type\" content=\"article\" \/>\n<meta property=\"og:title\" content=\"Saatmine &amp; Tagastamine - TALI Concept Store\" \/>\n<meta property=\"og:url\" content=\"https:\/\/www.talidesign.eu\/et\/delivery-returns\/\" \/>\n<meta property=\"og:site_name\" content=\"TALI Concept Store\" \/>\n<meta property=\"article:publisher\" content=\"https:\/\/www.facebook.com\/TaliDisain\/\" \/>\n<meta property=\"article:modified_time\" content=\"2024-11-08T19:49:21+00:00\" \/>\n<meta name=\"twitter:card\" content=\"summary_large_image\" \/>\n<meta name=\"twitter:label1\" content=\"Est. reading time\" \/>\n\t<meta name=\"twitter:data1\" content=\"3 minutes\" \/>\n<script type=\"application\/ld+json\" class=\"yoast-schema-graph\">{\"@context\":\"https:\\\/\\\/schema.org\",\"@graph\":[{\"@type\":\"WebPage\",\"@id\":\"https:\\\/\\\/www.talidesign.eu\\\/et\\\/delivery-returns\\\/\",\"url\":\"https:\\\/\\\/www.talidesign.eu\\\/et\\\/delivery-returns\\\/\",\"name\":\"Saatmine & Tagastamine - TALI Concept Store\",\"isPartOf\":{\"@id\":\"https:\\\/\\\/www.talidesign.eu\\\/et\\\/#website\"},\"datePublished\":\"2019-03-04T23:40:09+00:00\",\"dateModified\":\"2024-11-08T19:49:21+00:00\",\"breadcrumb\":{\"@id\":\"https:\\\/\\\/www.talidesign.eu\\\/et\\\/delivery-returns\\\/#breadcrumb\"},\"inLanguage\":\"et\",\"potentialAction\":[{\"@type\":\"ReadAction\",\"target\":[\"https:\\\/\\\/www.talidesign.eu\\\/et\\\/delivery-returns\\\/\"]}]},{\"@type\":\"BreadcrumbList\",\"@id\":\"https:\\\/\\\/www.talidesign.eu\\\/et\\\/delivery-returns\\\/#breadcrumb\",\"itemListElement\":[{\"@type\":\"ListItem\",\"position\":1,\"name\":\"Avaleht\",\"item\":\"https:\\\/\\\/www.talidesign.eu\\\/et\\\/\"},{\"@type\":\"ListItem\",\"position\":2,\"name\":\"Saatmine &#038; Tagastamine\"}]},{\"@type\":\"WebSite\",\"@id\":\"https:\\\/\\\/www.talidesign.eu\\\/et\\\/#website\",\"url\":\"https:\\\/\\\/www.talidesign.eu\\\/et\\\/\",\"name\":\"TALI Concept Store\",\"description\":\"Suurim Disainipood Eestis\",\"potentialAction\":[{\"@type\":\"SearchAction\",\"target\":{\"@type\":\"EntryPoint\",\"urlTemplate\":\"https:\\\/\\\/www.talidesign.eu\\\/et\\\/?s={search_term_string}\"},\"query-input\":{\"@type\":\"PropertyValueSpecification\",\"valueRequired\":true,\"valueName\":\"search_term_string\"}}],\"inLanguage\":\"et\"}]}<\/script>\n<!-- \/ Yoast SEO plugin. -->","yoast_head_json":{"title":"Saatmine & Tagastamine - TALI Concept Store","robots":{"index":"index","follow":"follow","max-snippet":"max-snippet:-1","max-image-preview":"max-image-preview:large","max-video-preview":"max-video-preview:-1"},"canonical":"https:\/\/www.talidesign.eu\/et\/delivery-returns\/","og_locale":"et_EE","og_type":"article","og_title":"Saatmine & Tagastamine - TALI Concept Store","og_url":"https:\/\/www.talidesign.eu\/et\/delivery-returns\/","og_site_name":"TALI Concept Store","article_publisher":"https:\/\/www.facebook.com\/TaliDisain\/","article_modified_time":"2024-11-08T19:49:21+00:00","twitter_card":"summary_large_image","twitter_misc":{"Est. reading time":"3 minutes"},"schema":{"@context":"https:\/\/schema.org","@graph":[{"@type":"WebPage","@id":"https:\/\/www.talidesign.eu\/et\/delivery-returns\/","url":"https:\/\/www.talidesign.eu\/et\/delivery-returns\/","name":"Saatmine & Tagastamine - TALI Concept Store","isPartOf":{"@id":"https:\/\/www.talidesign.eu\/et\/#website"},"datePublished":"2019-03-04T23:40:09+00:00","dateModified":"2024-11-08T19:49:21+00:00","breadcrumb":{"@id":"https:\/\/www.talidesign.eu\/et\/delivery-returns\/#breadcrumb"},"inLanguage":"et","potentialAction":[{"@type":"ReadAction","target":["https:\/\/www.talidesign.eu\/et\/delivery-returns\/"]}]},{"@type":"BreadcrumbList","@id":"https:\/\/www.talidesign.eu\/et\/delivery-returns\/#breadcrumb","itemListElement":[{"@type":"ListItem","position":1,"name":"Avaleht","item":"https:\/\/www.talidesign.eu\/et\/"},{"@type":"ListItem","position":2,"name":"Saatmine &#038; Tagastamine"}]},{"@type":"WebSite","@id":"https:\/\/www.talidesign.eu\/et\/#website","url":"https:\/\/www.talidesign.eu\/et\/","name":"TALI Concept Store","description":"Suurim Disainipood Eestis","potentialAction":[{"@type":"SearchAction","target":{"@type":"EntryPoint","urlTemplate":"https:\/\/www.talidesign.eu\/et\/?s={search_term_string}"},"query-input":{"@type":"PropertyValueSpecification","valueRequired":true,"valueName":"search_term_string"}}],"inLanguage":"et"}]}},"_links":{"self":[{"href":"https:\/\/www.talidesign.eu\/et\/wp-json\/wp\/v2\/pages\/35936","targetHints":{"allow":["GET"]}}],"collection":[{"href":"https:\/\/www.talidesign.eu\/et\/wp-json\/wp\/v2\/pages"}],"about":[{"href":"https:\/\/www.talidesign.eu\/et\/wp-json\/wp\/v2\/types\/page"}],"author":[{"embeddable":true,"href":"https:\/\/www.talidesign.eu\/et\/wp-json\/wp\/v2\/users\/1"}],"replies":[{"embeddable":true,"href":"https:\/\/www.talidesign.eu\/et\/wp-json\/wp\/v2\/comments?post=35936"}],"version-history":[{"count":6,"href":"https:\/\/www.talidesign.eu\/et\/wp-json\/wp\/v2\/pages\/35936\/revisions"}],"predecessor-version":[{"id":94136,"href":"https:\/\/www.talidesign.eu\/et\/wp-json\/wp\/v2\/pages\/35936\/revisions\/94136"}],"wp:attachment":[{"href":"https:\/\/www.talidesign.eu\/et\/wp-json\/wp\/v2\/media?parent=35936"}],"curies":[{"name":"wp","href":"https:\/\/api.w.org\/{rel}","templated":true}]}}