{"id":35945,"date":"2019-03-05T01:31:21","date_gmt":"2019-03-04T23:31:21","guid":{"rendered":"https:\/\/www.talidesign.eu\/terms-and-conditions\/"},"modified":"2024-11-08T21:49:07","modified_gmt":"2024-11-08T19:49:07","slug":"terms-and-conditions","status":"publish","type":"page","link":"https:\/\/www.talidesign.eu\/et\/terms-and-conditions\/","title":{"rendered":"M\u00fc\u00fcgitingimused"},"content":{"rendered":"\n<h2 style=\"text-align: center;\"><strong>Veebipoe m\u00fc\u00fcgitingimused <\/strong><\/h2>\n<div class=\"text-center\"><div class=\"is-divider divider clearfix\" ><\/div><\/div>\n\n<p>1. <strong>M\u00fc\u00fcgitingimused<\/strong><\/p>\n<p>1.1. Veebipoe www.talidesign.eu (edaspidi Veebipood) omanik on Rocketfeeds O\u00dc (registrikood 11215318), asukohaga Harju maakond, Tallinn, P\u00f5hja-Tallinna linnaosa, Kopli tn 4a-31, 10412, Eesti.<\/p>\n<p>1.2. M\u00fc\u00fcgitingimused kehtivad Veebipoest kaupade ostmisel, mida reguleerib Eesti Vabariigi seadusandlus.<\/p>\n<p>1.3. Veebipoe omanikul on \u00f5igus \u00fchepoolselt muuta ja parandada m\u00fc\u00fcgitingimusi Veebipoes. Kliendi jaoks kehtivad m\u00fc\u00fcgitingimused ostuhetke ajal, millal Kliendil tuleb nendega tutvuda ja n\u00f5ustuda. Enne M\u00fc\u00fcgitingimustega n\u00f5ustumist v\u00f5ib Klient salvestada v\u00f5i printida M\u00fc\u00fcgitingimused.<\/p>\n<p>2. <strong>M\u00fc\u00fcgilepingu kehtivus, kauba- ja hinnainfo<\/strong><\/p>\n<p>2.1. Veebipoes m\u00fc\u00fcdavate toodete hinnad on m\u00e4rgitud toodete juurde. Hinnale lisandub tasu kauba k\u00e4ttetoimetamise eest. K\u00f5ik veebipoes m\u00fc\u00fcdavate kaupade hinnad on eurodes. Kauba k\u00e4ttetoimetamise tasu s\u00f5ltub ostja asukohast ning k\u00e4ttetoimetamise viisist. K\u00e4ttetoimetamise tasu kuvatakse ostjale tellimuse vormistamisel.<\/p>\n<p>2.2. Veebipoe omanikul on \u00f5igus hindu \u00fchepoolselt muuta, muutes uued hinnad Veebipoes k\u00e4ttesaadavaks.<\/p>\n<p>2.3. Kui Klient edastas oma tellimuse enne hinna muudatuse j\u00f5ustumist, siis tema jaoks kehtib hind, mis oli arvel kajastatud tellimise hetkel.<\/p>\n<p>2.4. Sooduskoodi olemasolul arvutatakse soodustus p\u00e4rast sooduskoodi sisestamist ja aktiveerimist ostukorvis.<\/p>\n<p>2.5. Tooted, soodustused ja hinnad v\u00f5ivad erineda Veebipoe omaniku filiaalide toodetest, soodustustest ja hindadest.<\/p>\n<p>2.6. Toodete informatsioon on olemas Veebipoes toodete lehel.<\/p>\n<p>2.7. Veebipoe omanik annab endast parima, et kuvatud kaup oleks saadaval, kuid erakordsetel juhtudel, mil vead v\u00f5ivad laoseisudel tekkida, asendab Veebipoe omanik tellitud toote teise tootega, mille hind on algse tootega sama Kliendi n\u00f5usolekul v\u00f5i maksab raha tagasi (k.a saatmiskulud) esimesel v\u00f5imalusel, kuid mitte hiljem kui 7 t\u00f6\u00f6p\u00e4eva jooksul p\u00e4rast Kliendiga suhtlemist.<\/p>\n<p>2.8. Fotod, mida kasutatakse toodete n\u00e4itamiseks on informatiivse v\u00e4\u00e4rtusega. Veebipoe omanik peab kindlustama, et tooted oleksid Kliendile v\u00f5imalikult t\u00e4pselt presenteeritud. K\u00fcll aga valguse ja resolutsiooni erinevused erinevates ekraanides v\u00f5ivad m\u00f5jutada toodete v\u00e4rvuse ja materjali taju v\u00f5rreldes tegeliku v\u00e4rvuse ja materjaliga. Veebipoe omanik ei saa vastutada visuaalsete tingimuste eest, mida eespool kirjeldati. Lisaks on paljud tooted k\u00e4sit\u00f6\u00f6, mis t\u00e4hendab, et v\u00f5ib esineda kergeid erinevusi Veebipoes kuvatul ja f\u00fc\u00fcsilisel tootel. Siiski mitte mingil juhul ei erine f\u00fc\u00fcsiline toode oluliselt Veebipoes kuvatavast tootest.<\/p>\n<p>3. <strong>K\u00fcpsised<\/strong><\/p>\n<p>3.1. Veebipood www.talidesign.eu kasutab k\u00fcpsised, et pakkuda k\u00fclastajatele mugavamat ja lihtsamat kasutajakogemust.<\/p>\n<p>3.2. K\u00fcpsised on v\u00e4iksed tekstifailid, mis kujutavad endast sisuliselt v\u00e4ikseid andmeplokke, mis saadetakse veebilehtede k\u00fclastamisel m\u00e4\u00e4ratud domeenile iga kord, kui kasutaja teeb sinna p\u00e4ringu. K\u00fcpsised v\u00f5ivad toimida veebilehe m\u00e4luna, v\u00f5imaldades veebilehel arvutit korduvatel k\u00fclastustel \u00e4ra tunda. Lisaks asjaolule, et k\u00fcpsised aitavad veebilehel meelde j\u00e4tta kasutaja eelistusi ja kohandada esitatavaid reklaame kasutajale sobilikeks, v\u00f5ib brauser k\u00fcpsiste kasutamise lubamisel meelde j\u00e4tta ka isiku kasutajanime ja salas\u00f5na.<\/p>\n<p>3.3. K\u00fcpsiste kategooriad:<\/p>\n<p>\u2022 Sessioonik\u00fcpsiseid ehk ajutised k\u00fcpsised \u2013 kasutatakse iga kord, kui meie veebilehte k\u00fclastad ja need kustutatakse p\u00e4rast veebilehitseja sulgemist. Ajutisi k\u00fcpsiseid kasutatakse n\u00e4iteks v\u00f5rgulehe keelevaliku, ostukorvi sisu meelde j\u00e4tmiseks.<\/p>\n<p>\u2022 P\u00fcsivad k\u00fcpsised j\u00e4\u00e4vad kasutaja seadmesse alles ka p\u00e4rast veebilehe sulgemist. P\u00fcsivatel k\u00fcpsistel on erinev aegumisperiood ning m\u00f5ned neist j\u00e4\u00e4vad kasutaja seadmesse p\u00e4evadeks, kuudeks v\u00f5i isegi aastateks. P\u00fcsivaid k\u00fcpsiseid kasutatakse n\u00e4iteks kasutaja eelistuste meelde j\u00e4tmiseks ning kasutajanime ja parooli salvestamiseks, et kasutaja ei peaks iga k\u00fclastusega uuesti sisse logima.<\/p>\n<p>\u2022 Kolmandate osapoolte k\u00fcpsised, mis, mis on sisu pakkumise, statistika kogumise ja reklaami n\u00e4itamise eesm\u00e4rgil. Kolmandate osapoolte privaatsuspoliitika ja tingimustega on v\u00f5imalik tutvuda k\u00fcpsise tootja lehel.<\/p>\n<p>3.4. Veebipoe k\u00fcpsised v\u00f5imaldavad n\u00e4ha k\u00fclastajate arvu erinevatel aegadel, milliseid brausereid ja operatsioonis\u00fcsteeme kasutatakse ning millised on k\u00f5ige populaarsemad tooted. See informatsioon v\u00f5imaldab parandada Veebipoe kasutamist ning muuta see turvalisemaks ning asjakohasemaks.<\/p>\n<p>3.5. Kasutaja saab kustutada seadmesse salvestatud k\u00fcpsised ja ennetavalt v\u00e4ltida k\u00fcpsiste salvestamist tema seadmesse. Selleks tuleb kasutajal muuta veebilehitseja privaatsusseadeid. T\u00e4psemalt juhised leiab veebilehitseja kasutusjuhendist.<\/p>\n<p>3.6.K\u00fcpsiste kohta saab rohkem teavet veebilehtedelt: www.allaboutcookies.org ja http:\/\/youronlinechoices.com\/ee<\/p>\n<p>4. <strong>Tellimuse vormistamine<\/strong><\/p>\n<p>Makseid vahendab <strong>Maksekeskus AS<\/strong>. Tasumine toimub v\u00e4ljaspool Veebipoodi turvalises keskkonnas \u2013 pangalingiga tasumisel vastava panga turvalises keskkonnas ja krediitkaardiga tasumisel Maksekeskus AS turvalises keskkonnas. M\u00fc\u00fcjal puudub ligip\u00e4\u00e4s kliendi panga ja krediitkaardi andmetele. Leping j\u00f5ustub alates tasumisele kuuluva summa laekumisest Veebipoe arvelduskontole.<\/p>\n<p>\u2022 Pangalingi kaudu maksed Eesti, L\u00e4ti, Leedu ning Soome elanikele.<\/p>\n<p>\u2022 <strong>Eesti pangalingid<\/strong>: Swedbank, SEB, Luminor, LHV, Coop, Pocopay and Liisi ID<\/p>\n<p>\u2022 <strong>Soome pangalingid<\/strong>: Aktia, \u00c5landsbanken, Danske, Handelsbanken, Nordea, Oma S\u00e4\u00e4stopankki, Pohjola, POP Pankki, S-Pankki, S\u00e4\u00e4stopankki<\/p>\n<p>\u2022 <strong>Leedu pangalingid<\/strong>: Swedbank, SEB and Luminor<\/p>\n<p>\u2022 <strong>L\u00e4ti pangalingid<\/strong>: SEB, Citadele and Luminor<\/p>\n<p>\u2022 VISA, MasterCard and Maestro kaardimakseid aktsepteeritakse \u00fclemaailmselt.<\/p>\n<p>Maksekeskus AS on Eesti Post AS (Omniva) t\u00fctarettev\u00f5tte ja kuulub Eesti Finantsinspektsiooni j\u00e4relevalve alla.<\/p>\n<p>5. <strong>Kohaletoimetamine<\/strong><\/p>\n<p>Kauba saatmiskulud kannab ostja ning vastav hinnainfo on kuvatud saatmisviisi juures.<\/p>\n<p>Siseriiklikud tellimused saadetakse <a href=\"https:\/\/www.omniva.ee\/\" target=\"_blank\" rel=\"noopener noreferrer\">Omniva<\/a> v\u00f5i <a href=\"https:\/\/uus.smartpost.ee\/\" target=\"_blank\" rel=\"noopener noreferrer\">Smartpost<\/a> pakiautomaadi teenusega.<\/p>\n<p>Euroopa tellimused saadetakse Omniva postiteenusega, millel on j\u00e4lgimisnumber ja kohaletoimetamise kinnitus.<\/p>\n<p>Eestisisesed saadetised j\u00f5uavad \u00fcldjuhul ostja m\u00e4\u00e4ratud sihtpunkti 3-7 t\u00f6\u00f6p\u00e4eva jooksul alates m\u00fc\u00fcgilepingu j\u00f5ustumisest. V\u00e4ljaspool Eestit toimub kohaletoimetamine alates 5st t\u00f6\u00f6p\u00e4evast kuni 3-4 n\u00e4dalani.<\/p>\n<p>Erandlikel juhtumitel on \u00f5igus kaup kohale toimetada kuni 45 kalendrip\u00e4eva jooksul.<\/p>\n<p>6. <strong>Taganemis\u00f5igus<\/strong><\/p>\n<p>P\u00e4rast tellimuse k\u00e4ttesaamist on ostjal \u00f5igus e-poes s\u00f5lmitud lepingust taganeda 14 p\u00e4eva jooksul.<\/p>\n<p><strong>Taganemis\u00f5igus ei kohaldu, kui ostjaks on juriidiline isik.<\/strong><\/p>\n<p>14-p\u00e4evase tagastamis\u00f5iguse kasutamiseks ei tohi tellitud kaupa kasutada muul viisil kui on vajalik kauba olemuses, omadustes ja toimimises veendumiseks viisil nagu see on lubatud kauba testimiseks f\u00fc\u00fcsilises poes.<\/p>\n<p>NB! Sanitaarruumi paigaldatud toode ei ole tagasisaatmiseks k\u00f5lblik tervisekaitse ja h\u00fcgieenilistel p\u00f5hjustel.<\/p>\n<p>Kui kaupa on kasutatud muuks otstarbeks kui on vajalik kauba olemuses, omadustes ja toimimises veendumiseks v\u00f5i sellel on kasutamise v\u00f5i kulumise m\u00e4rke, on Rocketfeeds O\u00dcl \u00f5igus alandada tagastatavat tasu vastavalt kauba v\u00e4\u00e4rtuse v\u00e4henemisele.<\/p>\n<p>Kauba tagastamiseks tuleb esitada kauba ostmisest taganemise avaldus, mille vormi leiab siit: <a href=\"https:\/\/www.talidesign.eu\/wp\/wp-content\/uploads\/2020\/10\/JM_m41_lisa1.rtf\" target=\"_blank\" rel=\"noopener noreferrer\"><strong>declaration of withdrawal<\/strong><\/a> : ning saata see e-posti aadressile <a href=\"mailto:info@talidesign.eu\"><strong>info@talidesign.eu<\/strong><\/a> hiljemalt 14 p\u00e4eva jooksul kauba k\u00e4ttesaamisest.<\/p>\n<p><strong>Toode saata Itella pakiautomaati- Tallinna Merimetsa Selver, adressaat TALI nr +3725205317. TALI kauba tagasisaatmise kulusid ei kata. <\/strong><\/p>\n<p>Kauba tagastamise kulud kannab ostja, v\u00e4lja arvatud juhul, kui tagastamise p\u00f5hjus seisneb asjaolus, et tagastamisele kuuluv toode ei vasta tellitule (nt vale v\u00f5i defektiga toode)<\/p>\n<p>Ostja peab kauba tagastama avalduse esitamisele j\u00e4rgneva 14 p\u00e4eva jooksul v\u00f5i esitama t\u00f5endi, et ta on eelnimetatud perioodi jooksul kauba \u00fcle andnud kauba vedajale.<\/p>\n<p>Veebipood tagastab tagastatava kauba k\u00e4ttesaamisel ostjale viivitamata, kuid mitte hiljem kui 14 p\u00e4eva m\u00f6\u00f6dumisel arvates taganemisavalduse saamisest, k\u00f5ik ostjalt lepingu alusel saadud tasud.<\/p>\n<p>Veebipood v\u00f5ib keelduda tagasimaksete tegemisest seni, kuni on lepingu esemeks oleva asja tagasi saanud v\u00f5i kuni ostja on esitanud t\u00f5endid, et on asja tagasi saatnud, s\u00f5ltuvalt sellest, kumb toimub varem.<\/p>\n<p>Kui ostja on s\u00f5naselgelt valinud Veebipoe pakutud k\u00f5ige odavamast tavap\u00e4rasest asja k\u00e4ttetoimetamise viisist erineva k\u00e4ttetoimetamise viisi, ei pea Veebipood tarbijale tagastama kulu, mis \u00fcletab tavap\u00e4rase k\u00e4ttetoimetamise viisiga seotud kulu.<\/p>\n<p>Veebipoel on \u00f5igus taganeda m\u00fc\u00fcgitehingust ning n\u00f5uda ostjalt tagasi kaup, kui kauba hind veebipoes on eksituse t\u00f5ttu m\u00e4rgitud oluliselt alla kauba turuhinna.<\/p>\n<p>7. <strong>Pretensioonide esitamine<\/strong><\/p>\n<p>Veebipood vastutab ostjale m\u00fc\u00fcdud kauba lepingutingimustele mittevastavuse v\u00f5i puuduse eest, mis oli olemas juba asja \u00fcleandmise hetkel ning mis ilmneb kuni kahe aasta jooksul, alates kauba \u00fcleandmisest ostjale. Sellest esimese 12 kuu jooksul asja \u00fcleandmisest ostjale eeldatakse, et puudus oli olemas juba asja \u00fcleandmise ajal. Vastava eelduse \u00fcmberl\u00fckkamine on Veebipoe kohustus.<\/p>\n<p>Ostjal on \u00f5igus puuduse ilmnemisel p\u00f6\u00f6rduda hiljemalt kahe kuu jooksul veebipoe poole, saates e-kirja aadressile <a href=\"mailto:info@talidesign.eu\" target=\"_blank\" rel=\"noopener noreferrer\"><strong>info@talidesign.eu<\/strong><\/a>.<\/p>\n<p>Veebipood ei vastuta puuduste eest, mis on tekkinud p\u00e4rast kauba \u00fcleandmist ostjale.<\/p>\n<p>Kui Veebipoest ostetud kaubal on puudused, mille eest Veebipood vastutab, parandab v\u00f5i asendab Veebipood puudusega kauba. Kui kaupa ei ole v\u00f5imalik parandada ega asendada, tagastab Veebipood ostjale k\u00f5ik m\u00fc\u00fcgilepinguga kaasnenud tasud.<\/p>\n<p>Veebipood vastab tarbija esitatud kaebusele kirjalikult v\u00f5i kirjalikku taasesitamist v\u00f5imaldavas vormis 15 p\u00e4eva jooksul.<\/p>\n<p>Pretensiooni palume esitada kirjalikult ning saata e-posti aadressile <a href=\"mailto:info@talidesign.eu\">info@talidesign.eu<\/a>.<\/p>\n<p>Kaebuse v\u00f5ib esitada vabas vormis, kindlasti tuleb m\u00e4rkida oma nimi ja kontaktandmed, kaebuse esitamise kuup\u00e4ev, kaubal ilmnenud puudus ning <strong>lisada ostu t\u00f5endav dokument<\/strong>.<\/p>\n<p>Kui m\u00fc\u00fcjal on p\u00f5hjust kahelda, kas kaubal ilmnenud puudus on tingitud tootmispraagist v\u00f5i on klient selle p\u00f5hjustanud, t\u00f5endavad vea tekkep\u00f5hjuseid asjatundjad. Puuduse tekkimise p\u00f5hjuste t\u00f5endamise kohustus on <strong>esimesel 12 kuul p\u00e4rast ostu tegemist m\u00fc\u00fcjal<\/strong>, peale 12 kuud on t\u00f5endamise kohustus kliendil.<\/p>\n<p>M\u00fc\u00fcja ja kliendi vahel tekkivad vaidlused lahendavad pooled l\u00e4bir\u00e4\u00e4kimiste teel. Kokkuleppe mittesaavutamisel on kliendil \u00f5igus p\u00f6\u00f6rduda Tarbijakaitse ja Tehnilise J\u00e4relevalve Ameti Tarbimiskeskkonna osakonda (<a href=\"https:\/\/www.ttja.ee\">https:\/\/www.ttja.ee<\/a>) ja Tarbijavaidluste komisjoni (<a href=\"https:\/\/komisjon.ee\/et\">https:\/\/komisjon.ee\/et<\/a>).<\/p>\n<p>Euroopa Liidu liikmesriikides tekkivate probleemide lahendamiseks p\u00f6\u00f6rduda <a href=\"https:\/\/consumer.ee\/\">Euroopa Liidu tarbijate N\u00f5ustamiskeskusse<\/a>. Kaebust saab esitada ka veebip\u00f5hise platvormi abil: <a href=\"https:\/\/ec.europa.eu\/consumers\/odr\/main\/index.cfm?event=main.home.chooseLanguage\">ec.europa.eu\/odr<\/a><\/p>\n\n","protected":false},"excerpt":{"rendered":"","protected":false},"author":1,"featured_media":0,"parent":0,"menu_order":0,"comment_status":"closed","ping_status":"closed","template":"","meta":{"footnotes":""},"class_list":["post-35945","page","type-page","status-publish","hentry"],"yoast_head":"<!-- This site is optimized with the Yoast SEO plugin v27.4 - https:\/\/yoast.com\/product\/yoast-seo-wordpress\/ -->\n<title>M\u00fc\u00fcgitingimused - TALI Concept Store<\/title>\n<meta name=\"robots\" content=\"index, follow, max-snippet:-1, max-image-preview:large, max-video-preview:-1\" \/>\n<link rel=\"canonical\" href=\"https:\/\/www.talidesign.eu\/et\/terms-and-conditions\/\" \/>\n<meta property=\"og:locale\" content=\"et_EE\" \/>\n<meta property=\"og:type\" content=\"article\" \/>\n<meta property=\"og:title\" content=\"M\u00fc\u00fcgitingimused - TALI Concept Store\" \/>\n<meta property=\"og:url\" content=\"https:\/\/www.talidesign.eu\/et\/terms-and-conditions\/\" \/>\n<meta property=\"og:site_name\" content=\"TALI Concept Store\" \/>\n<meta property=\"article:publisher\" content=\"https:\/\/www.facebook.com\/TaliDisain\/\" \/>\n<meta property=\"article:modified_time\" content=\"2024-11-08T19:49:07+00:00\" \/>\n<meta name=\"twitter:card\" content=\"summary_large_image\" \/>\n<meta name=\"twitter:label1\" content=\"Est. reading time\" \/>\n\t<meta name=\"twitter:data1\" content=\"6 minutes\" \/>\n<script type=\"application\/ld+json\" class=\"yoast-schema-graph\">{\"@context\":\"https:\\\/\\\/schema.org\",\"@graph\":[{\"@type\":\"WebPage\",\"@id\":\"https:\\\/\\\/www.talidesign.eu\\\/et\\\/terms-and-conditions\\\/\",\"url\":\"https:\\\/\\\/www.talidesign.eu\\\/et\\\/terms-and-conditions\\\/\",\"name\":\"M\u00fc\u00fcgitingimused - TALI Concept Store\",\"isPartOf\":{\"@id\":\"https:\\\/\\\/www.talidesign.eu\\\/et\\\/#website\"},\"datePublished\":\"2019-03-04T23:31:21+00:00\",\"dateModified\":\"2024-11-08T19:49:07+00:00\",\"breadcrumb\":{\"@id\":\"https:\\\/\\\/www.talidesign.eu\\\/et\\\/terms-and-conditions\\\/#breadcrumb\"},\"inLanguage\":\"et\",\"potentialAction\":[{\"@type\":\"ReadAction\",\"target\":[\"https:\\\/\\\/www.talidesign.eu\\\/et\\\/terms-and-conditions\\\/\"]}]},{\"@type\":\"BreadcrumbList\",\"@id\":\"https:\\\/\\\/www.talidesign.eu\\\/et\\\/terms-and-conditions\\\/#breadcrumb\",\"itemListElement\":[{\"@type\":\"ListItem\",\"position\":1,\"name\":\"Avaleht\",\"item\":\"https:\\\/\\\/www.talidesign.eu\\\/et\\\/\"},{\"@type\":\"ListItem\",\"position\":2,\"name\":\"M\u00fc\u00fcgitingimused\"}]},{\"@type\":\"WebSite\",\"@id\":\"https:\\\/\\\/www.talidesign.eu\\\/et\\\/#website\",\"url\":\"https:\\\/\\\/www.talidesign.eu\\\/et\\\/\",\"name\":\"TALI Concept Store\",\"description\":\"Suurim Disainipood Eestis\",\"potentialAction\":[{\"@type\":\"SearchAction\",\"target\":{\"@type\":\"EntryPoint\",\"urlTemplate\":\"https:\\\/\\\/www.talidesign.eu\\\/et\\\/?s={search_term_string}\"},\"query-input\":{\"@type\":\"PropertyValueSpecification\",\"valueRequired\":true,\"valueName\":\"search_term_string\"}}],\"inLanguage\":\"et\"}]}<\/script>\n<!-- \/ Yoast SEO plugin. -->","yoast_head_json":{"title":"M\u00fc\u00fcgitingimused - TALI Concept Store","robots":{"index":"index","follow":"follow","max-snippet":"max-snippet:-1","max-image-preview":"max-image-preview:large","max-video-preview":"max-video-preview:-1"},"canonical":"https:\/\/www.talidesign.eu\/et\/terms-and-conditions\/","og_locale":"et_EE","og_type":"article","og_title":"M\u00fc\u00fcgitingimused - TALI Concept Store","og_url":"https:\/\/www.talidesign.eu\/et\/terms-and-conditions\/","og_site_name":"TALI Concept Store","article_publisher":"https:\/\/www.facebook.com\/TaliDisain\/","article_modified_time":"2024-11-08T19:49:07+00:00","twitter_card":"summary_large_image","twitter_misc":{"Est. reading time":"6 minutes"},"schema":{"@context":"https:\/\/schema.org","@graph":[{"@type":"WebPage","@id":"https:\/\/www.talidesign.eu\/et\/terms-and-conditions\/","url":"https:\/\/www.talidesign.eu\/et\/terms-and-conditions\/","name":"M\u00fc\u00fcgitingimused - TALI Concept Store","isPartOf":{"@id":"https:\/\/www.talidesign.eu\/et\/#website"},"datePublished":"2019-03-04T23:31:21+00:00","dateModified":"2024-11-08T19:49:07+00:00","breadcrumb":{"@id":"https:\/\/www.talidesign.eu\/et\/terms-and-conditions\/#breadcrumb"},"inLanguage":"et","potentialAction":[{"@type":"ReadAction","target":["https:\/\/www.talidesign.eu\/et\/terms-and-conditions\/"]}]},{"@type":"BreadcrumbList","@id":"https:\/\/www.talidesign.eu\/et\/terms-and-conditions\/#breadcrumb","itemListElement":[{"@type":"ListItem","position":1,"name":"Avaleht","item":"https:\/\/www.talidesign.eu\/et\/"},{"@type":"ListItem","position":2,"name":"M\u00fc\u00fcgitingimused"}]},{"@type":"WebSite","@id":"https:\/\/www.talidesign.eu\/et\/#website","url":"https:\/\/www.talidesign.eu\/et\/","name":"TALI Concept Store","description":"Suurim Disainipood Eestis","potentialAction":[{"@type":"SearchAction","target":{"@type":"EntryPoint","urlTemplate":"https:\/\/www.talidesign.eu\/et\/?s={search_term_string}"},"query-input":{"@type":"PropertyValueSpecification","valueRequired":true,"valueName":"search_term_string"}}],"inLanguage":"et"}]}},"_links":{"self":[{"href":"https:\/\/www.talidesign.eu\/et\/wp-json\/wp\/v2\/pages\/35945","targetHints":{"allow":["GET"]}}],"collection":[{"href":"https:\/\/www.talidesign.eu\/et\/wp-json\/wp\/v2\/pages"}],"about":[{"href":"https:\/\/www.talidesign.eu\/et\/wp-json\/wp\/v2\/types\/page"}],"author":[{"embeddable":true,"href":"https:\/\/www.talidesign.eu\/et\/wp-json\/wp\/v2\/users\/1"}],"replies":[{"embeddable":true,"href":"https:\/\/www.talidesign.eu\/et\/wp-json\/wp\/v2\/comments?post=35945"}],"version-history":[{"count":7,"href":"https:\/\/www.talidesign.eu\/et\/wp-json\/wp\/v2\/pages\/35945\/revisions"}],"predecessor-version":[{"id":94135,"href":"https:\/\/www.talidesign.eu\/et\/wp-json\/wp\/v2\/pages\/35945\/revisions\/94135"}],"wp:attachment":[{"href":"https:\/\/www.talidesign.eu\/et\/wp-json\/wp\/v2\/media?parent=35945"}],"curies":[{"name":"wp","href":"https:\/\/api.w.org\/{rel}","templated":true}]}}