{"id":100334,"date":"2025-03-18T00:09:53","date_gmt":"2025-02-28T13:09:54","guid":{"rendered":"https:\/\/www.talidesign.eu\/?post_type=product&#038;p=100334"},"modified":"2025-08-25T12:05:34","modified_gmt":"2025-08-25T09:05:34","slug":"got-bag-rolltop-small-2-0-seljakott-black","status":"publish","type":"product","link":"https:\/\/www.talidesign.eu\/et\/pood\/toode\/got-bag-rolltop-small-2-0-seljakott-black\/","title":{"rendered":"Got Bag Rolltop Small 2.0 Seljakott Black"},"content":{"rendered":"<p><strong>Rolltop Small 2.0 Seljakott Black<\/strong><\/p>\n<p>Kompaktne ja praktiline \u2013 ikoonilise Rolltopi v\u00e4iksem versioon pakub paindlikku hoiuruumi igap\u00e4evaseks kasutamiseks. Integreeritud pudelihoidja hoiab su veepudeli kindlalt paigal, et see oleks alati k\u00e4ep\u00e4rast.<\/p>\n<p>\u2022 <a href=\"\/et\/tootekategooria\/brandid\/got-bag-et\/\">Br\u00e4nd Got Bag<\/a><br \/>\n\u2022 Maht: kuni 20 l<br \/>\n\u2022 M\u00f5\u00f5tmed: 40 cm (laiendatav kuni 57 cm) x 24 cm x 12 cm (K x L x S)<br \/>\n\u2022 Kaal: 480 g<br \/>\n\u2022 Magnetkinnitusega rullsuletav \u00fclaosa (UUS!)<br \/>\n\u2022 Suur sisemine t\u00f5mblukuga tasku<br \/>\n\u2022 Sisemine pudelihoidja<br \/>\n\u2022 Peamine materjal RE:PET, valmistatud taaskasutatud Ocean Impact plastikust<br \/>\n\u2022 Vooder, pandlad ja rihmad valmistatud taaskasutatud materjalidest<br \/>\n\u2022 Veekindel t\u00f6\u00f6tlus, k\u00f5rgsageduskeevitusega \u00f5mblused<br \/>\n\u2022 TPU tagumine ja PU esipoolne kate<br \/>\n\u2022 PFC- ja PVC-vaba<\/p>\n<p><strong>Br\u00e4ndist Got Bag<\/strong><\/p>\n<p>Asutatud 2018. aastal, loome minimalistlikke reisitarbeid neile, kes hindavad kvaliteeti ja kaasaegset disaini ning soovivad j\u00e4tta positiivse jalaj\u00e4lje. Meie seljakotid, kohvrid ja aksessuaarid s\u00fcnnivad taaskasutatud materjalidest, nagu Ocean Impact Plastic, muutes pr\u00fcgi v\u00e4\u00e4rtuslikuks ressursiks ja aidates kaitsta ookeane.<\/p>\n<p><strong>GOT BAG Indonesia puhastusprogramm<\/strong> v\u00f5itleb plastireostuse algp\u00f5hjustega, kogudes j\u00e4\u00e4tmeid meredest, j\u00f5gedest ja rannikualadelt. Kohalikke kogukondi kaasates ja j\u00e4\u00e4tmek\u00e4itluss\u00fcsteeme arendades muudame plastij\u00e4\u00e4tmed v\u00e4\u00e4rtuslikuks ressursiks, aidates luua puhtama elukeskkonna ning tugevdada kogukondade elatist.<\/p>\n<p>B Corp&#x2122; sertifitseeritud ettev\u00f5ttena oleme osa globaalsest kogukonnast, mis j\u00e4rgib k\u00f5rgeid sotsiaalse ja keskkondliku vastutuse standardeid.<\/p>\n<p><a href=\"\/et\/tootekategooria\/brandid\/got-bag-et\/\"><img loading=\"lazy\" decoding=\"async\" src=\"https:\/\/www.talidesign.eu\/wp\/wp-content\/uploads\/2025\/02\/gotbag.jpg\" alt=\"\" width=\"500\" height=\"100\" class=\"alignnone size-full wp-image-98951\" \/><\/a><\/p>\n","protected":false},"excerpt":{"rendered":"<p><strong>Rolltop Small 2.0 Seljakott Black<\/strong><\/p>\n<p>Kompaktne ja praktiline \u2013 ikoonilise Rolltopi v\u00e4iksem versioon pakub paindlikku hoiuruumi igap\u00e4evaseks kasutamiseks. Integreeritud pudelihoidja hoiab su veepudeli kindlalt paigal, et see oleks alati k\u00e4ep\u00e4rast.<\/p>\n<p>\u2022 <a href=\"\/et\/tootekategooria\/brandid\/got-bag-et\/\">Br\u00e4nd Got Bag<\/a><br \/>\n\u2022 Maht: kuni 20 l<br \/>\n\u2022 M\u00f5\u00f5tmed: 40 cm (laiendatav kuni 57 cm) x 24 cm x 12 cm (K x L x S)<br \/>\n\u2022 Kaal: 480 g<br \/>\n\u2022 Magnetkinnitusega rullsuletav \u00fclaosa (UUS!)<br \/>\n\u2022 Suur sisemine t\u00f5mblukuga tasku<br \/>\n\u2022 Sisemine pudelihoidja<br \/>\n\u2022 Peamine materjal RE:PET, valmistatud taaskasutatud Ocean Impact plastikust<br \/>\n\u2022 Vooder, pandlad ja rihmad valmistatud taaskasutatud materjalidest<br \/>\n\u2022 Veekindel t\u00f6\u00f6tlus, k\u00f5rgsageduskeevitusega \u00f5mblused<br \/>\n\u2022 TPU tagumine ja PU esipoolne kate<br \/>\n\u2022 PFC- ja PVC-vaba<\/p>\n<p><strong>Br\u00e4ndist Got Bag<\/strong><\/p>\n<p>Asutatud 2018. aastal, loome minimalistlikke reisitarbeid neile, kes hindavad kvaliteeti ja kaasaegset disaini ning soovivad j\u00e4tta positiivse jalaj\u00e4lje. Meie seljakotid, kohvrid ja aksessuaarid s\u00fcnnivad taaskasutatud materjalidest, nagu Ocean Impact Plastic, muutes pr\u00fcgi v\u00e4\u00e4rtuslikuks ressursiks ja aidates kaitsta ookeane.<\/p>\n<p><strong>GOT BAG Indonesia puhastusprogramm<\/strong> v\u00f5itleb plastireostuse algp\u00f5hjustega, kogudes j\u00e4\u00e4tmeid meredest, j\u00f5gedest ja rannikualadelt. Kohalikke kogukondi kaasates ja j\u00e4\u00e4tmek\u00e4itluss\u00fcsteeme arendades muudame plastij\u00e4\u00e4tmed v\u00e4\u00e4rtuslikuks ressursiks, aidates luua puhtama elukeskkonna ning tugevdada kogukondade elatist.<\/p>\n<p>B Corp&#x2122; sertifitseeritud ettev\u00f5ttena oleme osa globaalsest kogukonnast, mis j\u00e4rgib k\u00f5rgeid sotsiaalse ja keskkondliku vastutuse standardeid.<\/p>\n<p><a href=\"\/et\/tootekategooria\/brandid\/got-bag-et\/\"><img loading=\"lazy\" decoding=\"async\" src=\"https:\/\/www.talidesign.eu\/wp\/wp-content\/uploads\/2025\/02\/gotbag.jpg\" alt=\"\" width=\"500\" height=\"100\" class=\"alignnone size-full wp-image-98951\" \/><\/a><\/p>\n","protected":false},"featured_media":100354,"template":"","meta":[],"product_brand":[],"product_cat":[1026,3416,1113,1131],"product_tag":[3418],"class_list":{"0":"post-100334","1":"product","2":"type-product","3":"status-publish","4":"has-post-thumbnail","6":"product_cat-brandid","7":"product_cat-got-bag-et","8":"product_cat-kotid","9":"product_cat-naiste-kotid","10":"product_tag-got-bag-et","12":"first","13":"outofstock","14":"taxable","15":"shipping-taxable","16":"purchasable","17":"product-type-simple"},"yoast_head":"<!-- This site is optimized with the Yoast SEO plugin v27.3 - https:\/\/yoast.com\/product\/yoast-seo-wordpress\/ -->\n<title>Got Bag Rolltop Small 2.0 Seljakott Black - TALI Concept Store<\/title>\n<meta name=\"description\" content=\"Avasta kompaktne ja praktiline Got Bag Rolltop Small 2.0 seljakott. Taaskasutatud materjalidest valmistatud, et j\u00e4tta positiivne jalaj\u00e4lg. Tutvu l\u00e4hemalt!\" \/>\n<meta name=\"robots\" content=\"index, follow, max-snippet:-1, max-image-preview:large, max-video-preview:-1\" \/>\n<link rel=\"canonical\" href=\"https:\/\/www.talidesign.eu\/et\/pood\/toode\/got-bag-rolltop-small-2-0-seljakott-black\/\" \/>\n<meta property=\"og:locale\" content=\"et_EE\" \/>\n<meta property=\"og:type\" content=\"article\" \/>\n<meta property=\"og:title\" content=\"Got Bag Rolltop Small 2.0 Seljakott Black - TALI Concept Store\" \/>\n<meta property=\"og:description\" content=\"Avasta kompaktne ja praktiline Got Bag Rolltop Small 2.0 seljakott. Taaskasutatud materjalidest valmistatud, et j\u00e4tta positiivne jalaj\u00e4lg. Tutvu l\u00e4hemalt!\" \/>\n<meta property=\"og:url\" content=\"https:\/\/www.talidesign.eu\/et\/pood\/toode\/got-bag-rolltop-small-2-0-seljakott-black\/\" \/>\n<meta property=\"og:site_name\" content=\"TALI Concept Store\" \/>\n<meta property=\"article:publisher\" content=\"https:\/\/www.facebook.com\/TaliDisain\/\" \/>\n<meta property=\"article:modified_time\" content=\"2025-08-25T09:05:34+00:00\" \/>\n<meta property=\"og:image\" content=\"https:\/\/www.talidesign.eu\/wp\/wp-content\/uploads\/2025\/02\/3165501257_41309_230504_ROLLTOP_SMALL_black_01-front_compressed-Photoroom.jpg\" \/>\n\t<meta property=\"og:image:width\" content=\"1200\" \/>\n\t<meta property=\"og:image:height\" content=\"1200\" \/>\n\t<meta property=\"og:image:type\" content=\"image\/jpeg\" \/>\n<meta name=\"twitter:card\" content=\"summary_large_image\" \/>\n<meta name=\"twitter:label1\" content=\"Est. reading time\" \/>\n\t<meta name=\"twitter:data1\" content=\"2 minutes\" \/>\n<script type=\"application\/ld+json\" class=\"yoast-schema-graph\">{\"@context\":\"https:\\\/\\\/schema.org\",\"@graph\":[{\"@type\":\"WebPage\",\"@id\":\"https:\\\/\\\/www.talidesign.eu\\\/et\\\/pood\\\/toode\\\/got-bag-rolltop-small-2-0-seljakott-black\\\/\",\"url\":\"https:\\\/\\\/www.talidesign.eu\\\/et\\\/pood\\\/toode\\\/got-bag-rolltop-small-2-0-seljakott-black\\\/\",\"name\":\"Got Bag Rolltop Small 2.0 Seljakott Black - TALI Concept Store\",\"isPartOf\":{\"@id\":\"https:\\\/\\\/www.talidesign.eu\\\/et\\\/#website\"},\"primaryImageOfPage\":{\"@id\":\"https:\\\/\\\/www.talidesign.eu\\\/et\\\/pood\\\/toode\\\/got-bag-rolltop-small-2-0-seljakott-black\\\/#primaryimage\"},\"image\":{\"@id\":\"https:\\\/\\\/www.talidesign.eu\\\/et\\\/pood\\\/toode\\\/got-bag-rolltop-small-2-0-seljakott-black\\\/#primaryimage\"},\"thumbnailUrl\":\"https:\\\/\\\/www.talidesign.eu\\\/wp\\\/wp-content\\\/uploads\\\/2025\\\/02\\\/3165501257_41309_230504_ROLLTOP_SMALL_black_01-front_compressed-Photoroom.jpg\",\"datePublished\":\"2025-02-28T13:09:54+00:00\",\"dateModified\":\"2025-08-25T09:05:34+00:00\",\"description\":\"Avasta kompaktne ja praktiline Got Bag Rolltop Small 2.0 seljakott. Taaskasutatud materjalidest valmistatud, et j\u00e4tta positiivne jalaj\u00e4lg. Tutvu l\u00e4hemalt!\",\"breadcrumb\":{\"@id\":\"https:\\\/\\\/www.talidesign.eu\\\/et\\\/pood\\\/toode\\\/got-bag-rolltop-small-2-0-seljakott-black\\\/#breadcrumb\"},\"inLanguage\":\"et\",\"potentialAction\":[{\"@type\":\"ReadAction\",\"target\":[\"https:\\\/\\\/www.talidesign.eu\\\/et\\\/pood\\\/toode\\\/got-bag-rolltop-small-2-0-seljakott-black\\\/\"]}]},{\"@type\":\"ImageObject\",\"inLanguage\":\"et\",\"@id\":\"https:\\\/\\\/www.talidesign.eu\\\/et\\\/pood\\\/toode\\\/got-bag-rolltop-small-2-0-seljakott-black\\\/#primaryimage\",\"url\":\"https:\\\/\\\/www.talidesign.eu\\\/wp\\\/wp-content\\\/uploads\\\/2025\\\/02\\\/3165501257_41309_230504_ROLLTOP_SMALL_black_01-front_compressed-Photoroom.jpg\",\"contentUrl\":\"https:\\\/\\\/www.talidesign.eu\\\/wp\\\/wp-content\\\/uploads\\\/2025\\\/02\\\/3165501257_41309_230504_ROLLTOP_SMALL_black_01-front_compressed-Photoroom.jpg\",\"width\":1200,\"height\":1200},{\"@type\":\"BreadcrumbList\",\"@id\":\"https:\\\/\\\/www.talidesign.eu\\\/et\\\/pood\\\/toode\\\/got-bag-rolltop-small-2-0-seljakott-black\\\/#breadcrumb\",\"itemListElement\":[{\"@type\":\"ListItem\",\"position\":1,\"name\":\"Avaleht\",\"item\":\"https:\\\/\\\/www.talidesign.eu\\\/et\\\/\"},{\"@type\":\"ListItem\",\"position\":2,\"name\":\"Pood\",\"item\":\"https:\\\/\\\/www.talidesign.eu\\\/et\\\/pood\\\/\"},{\"@type\":\"ListItem\",\"position\":3,\"name\":\"Got Bag Rolltop Small 2.0 Seljakott Black\"}]},{\"@type\":\"WebSite\",\"@id\":\"https:\\\/\\\/www.talidesign.eu\\\/et\\\/#website\",\"url\":\"https:\\\/\\\/www.talidesign.eu\\\/et\\\/\",\"name\":\"TALI Concept Store\",\"description\":\"Suurim Disainipood Eestis\",\"potentialAction\":[{\"@type\":\"SearchAction\",\"target\":{\"@type\":\"EntryPoint\",\"urlTemplate\":\"https:\\\/\\\/www.talidesign.eu\\\/et\\\/?s={search_term_string}\"},\"query-input\":{\"@type\":\"PropertyValueSpecification\",\"valueRequired\":true,\"valueName\":\"search_term_string\"}}],\"inLanguage\":\"et\"}]}<\/script>\n<!-- \/ Yoast SEO plugin. -->","yoast_head_json":{"title":"Got Bag Rolltop Small 2.0 Seljakott Black - TALI Concept Store","description":"Avasta kompaktne ja praktiline Got Bag Rolltop Small 2.0 seljakott. Taaskasutatud materjalidest valmistatud, et j\u00e4tta positiivne jalaj\u00e4lg. Tutvu l\u00e4hemalt!","robots":{"index":"index","follow":"follow","max-snippet":"max-snippet:-1","max-image-preview":"max-image-preview:large","max-video-preview":"max-video-preview:-1"},"canonical":"https:\/\/www.talidesign.eu\/et\/pood\/toode\/got-bag-rolltop-small-2-0-seljakott-black\/","og_locale":"et_EE","og_type":"article","og_title":"Got Bag Rolltop Small 2.0 Seljakott Black - TALI Concept Store","og_description":"Avasta kompaktne ja praktiline Got Bag Rolltop Small 2.0 seljakott. Taaskasutatud materjalidest valmistatud, et j\u00e4tta positiivne jalaj\u00e4lg. Tutvu l\u00e4hemalt!","og_url":"https:\/\/www.talidesign.eu\/et\/pood\/toode\/got-bag-rolltop-small-2-0-seljakott-black\/","og_site_name":"TALI Concept Store","article_publisher":"https:\/\/www.facebook.com\/TaliDisain\/","article_modified_time":"2025-08-25T09:05:34+00:00","og_image":[{"width":1200,"height":1200,"url":"https:\/\/www.talidesign.eu\/wp\/wp-content\/uploads\/2025\/02\/3165501257_41309_230504_ROLLTOP_SMALL_black_01-front_compressed-Photoroom.jpg","type":"image\/jpeg"}],"twitter_card":"summary_large_image","twitter_misc":{"Est. reading time":"2 minutes"},"schema":{"@context":"https:\/\/schema.org","@graph":[{"@type":"WebPage","@id":"https:\/\/www.talidesign.eu\/et\/pood\/toode\/got-bag-rolltop-small-2-0-seljakott-black\/","url":"https:\/\/www.talidesign.eu\/et\/pood\/toode\/got-bag-rolltop-small-2-0-seljakott-black\/","name":"Got Bag Rolltop Small 2.0 Seljakott Black - TALI Concept Store","isPartOf":{"@id":"https:\/\/www.talidesign.eu\/et\/#website"},"primaryImageOfPage":{"@id":"https:\/\/www.talidesign.eu\/et\/pood\/toode\/got-bag-rolltop-small-2-0-seljakott-black\/#primaryimage"},"image":{"@id":"https:\/\/www.talidesign.eu\/et\/pood\/toode\/got-bag-rolltop-small-2-0-seljakott-black\/#primaryimage"},"thumbnailUrl":"https:\/\/www.talidesign.eu\/wp\/wp-content\/uploads\/2025\/02\/3165501257_41309_230504_ROLLTOP_SMALL_black_01-front_compressed-Photoroom.jpg","datePublished":"2025-02-28T13:09:54+00:00","dateModified":"2025-08-25T09:05:34+00:00","description":"Avasta kompaktne ja praktiline Got Bag Rolltop Small 2.0 seljakott. Taaskasutatud materjalidest valmistatud, et j\u00e4tta positiivne jalaj\u00e4lg. Tutvu l\u00e4hemalt!","breadcrumb":{"@id":"https:\/\/www.talidesign.eu\/et\/pood\/toode\/got-bag-rolltop-small-2-0-seljakott-black\/#breadcrumb"},"inLanguage":"et","potentialAction":[{"@type":"ReadAction","target":["https:\/\/www.talidesign.eu\/et\/pood\/toode\/got-bag-rolltop-small-2-0-seljakott-black\/"]}]},{"@type":"ImageObject","inLanguage":"et","@id":"https:\/\/www.talidesign.eu\/et\/pood\/toode\/got-bag-rolltop-small-2-0-seljakott-black\/#primaryimage","url":"https:\/\/www.talidesign.eu\/wp\/wp-content\/uploads\/2025\/02\/3165501257_41309_230504_ROLLTOP_SMALL_black_01-front_compressed-Photoroom.jpg","contentUrl":"https:\/\/www.talidesign.eu\/wp\/wp-content\/uploads\/2025\/02\/3165501257_41309_230504_ROLLTOP_SMALL_black_01-front_compressed-Photoroom.jpg","width":1200,"height":1200},{"@type":"BreadcrumbList","@id":"https:\/\/www.talidesign.eu\/et\/pood\/toode\/got-bag-rolltop-small-2-0-seljakott-black\/#breadcrumb","itemListElement":[{"@type":"ListItem","position":1,"name":"Avaleht","item":"https:\/\/www.talidesign.eu\/et\/"},{"@type":"ListItem","position":2,"name":"Pood","item":"https:\/\/www.talidesign.eu\/et\/pood\/"},{"@type":"ListItem","position":3,"name":"Got Bag Rolltop Small 2.0 Seljakott Black"}]},{"@type":"WebSite","@id":"https:\/\/www.talidesign.eu\/et\/#website","url":"https:\/\/www.talidesign.eu\/et\/","name":"TALI Concept Store","description":"Suurim Disainipood Eestis","potentialAction":[{"@type":"SearchAction","target":{"@type":"EntryPoint","urlTemplate":"https:\/\/www.talidesign.eu\/et\/?s={search_term_string}"},"query-input":{"@type":"PropertyValueSpecification","valueRequired":true,"valueName":"search_term_string"}}],"inLanguage":"et"}]}},"_links":{"self":[{"href":"https:\/\/www.talidesign.eu\/et\/wp-json\/wp\/v2\/product\/100334","targetHints":{"allow":["GET"]}}],"collection":[{"href":"https:\/\/www.talidesign.eu\/et\/wp-json\/wp\/v2\/product"}],"about":[{"href":"https:\/\/www.talidesign.eu\/et\/wp-json\/wp\/v2\/types\/product"}],"wp:featuredmedia":[{"embeddable":true,"href":"https:\/\/www.talidesign.eu\/et\/wp-json\/wp\/v2\/media\/100354"}],"wp:attachment":[{"href":"https:\/\/www.talidesign.eu\/et\/wp-json\/wp\/v2\/media?parent=100334"}],"wp:term":[{"taxonomy":"product_brand","embeddable":true,"href":"https:\/\/www.talidesign.eu\/et\/wp-json\/wp\/v2\/product_brand?post=100334"},{"taxonomy":"product_cat","embeddable":true,"href":"https:\/\/www.talidesign.eu\/et\/wp-json\/wp\/v2\/product_cat?post=100334"},{"taxonomy":"product_tag","embeddable":true,"href":"https:\/\/www.talidesign.eu\/et\/wp-json\/wp\/v2\/product_tag?post=100334"}],"curies":[{"name":"wp","href":"https:\/\/api.w.org\/{rel}","templated":true}]}}