{"id":100554,"date":"2025-03-01T22:40:08","date_gmt":"2025-03-01T20:40:09","guid":{"rendered":"https:\/\/www.talidesign.eu\/?post_type=product&#038;p=100554"},"modified":"2026-03-09T22:32:06","modified_gmt":"2026-03-09T20:32:06","slug":"yamazaki-tower-kleebitav-mitmeotstarbeline-korv-s-must","status":"publish","type":"product","link":"https:\/\/www.talidesign.eu\/et\/pood\/toode\/yamazaki-tower-kleebitav-mitmeotstarbeline-korv-s-must\/","title":{"rendered":"Yamazaki Tower Kleebitav mitmeotstarbeline korv S Must"},"content":{"rendered":"<p><strong>Tower Kleebitav mitmeotstarbeline korv S Must<\/strong><\/p>\n<p>See ruumikas ja praktiline korv kinnitub lihtsasti kraanikausi sisek\u00fcljele kaasasoleva kleebisega, s\u00e4\u00e4stes nii v\u00e4\u00e4rtuslikku t\u00f6\u00f6pinna ruumi. Ideaalne pesuvahendite ja \u0161vammide hoidmiseks, kuid sobib suurep\u00e4raselt ka vannituppa, hoides \u0161ampoonid ja du\u0161igeelid korras ning k\u00e4ep\u00e4rast.<\/p>\n<p>Kinnitatakse p\u00fcsivatele siledatele pindadele, nagu keraamilised plaadid, lakitud v\u00f5i spoonitud plaadid jne. Toodet ei ole soovitatav paigaldada ebatasasele\/karedale pinnale, kus teip ei kinnitu t\u00e4ielikult, ega pindadele, mis v\u00f5ivad nihkuda (nt m\u00e4rgruumi tapeet). \u00c4sja plaaditud seinte korral tuleb pind p\u00f5hjalikult puhastada, et sellel ei oleks vuugij\u00e4\u00e4ke.<\/p>\n<p>Paigaldusjuhised<\/p>\n<p>\u2022 Puhastage aluspind p\u00f5hjalikult ja laske sel kuivada. (Puhastusvahendid ei tohi sisaldada \u00f5li.)<br \/>\n\u2022 Eemaldage kaitsekile.<br \/>\n\u2022 Paigaldage toode seinale, vajutades seda 10 sekundit vastu aluspinda.<br \/>\n\u2022 Parimate tulemuste saamiseks laske liimil 24 tundi kuivada.<\/p>\n<p>\u2022 Materjal: polycarbonate\/pet\/polyurethane<br \/>\n\u2022 L 8.5 x W 15.5 x H 10cm<br \/>\n\u2022 Isekleepuv tagak\u00fclg<br \/>\n\u2022 <a href=\"\/et\/tootekategooria\/brandid\/yamazaki-home-et\/\">Br\u00e4nd Yamazaki Home<\/a><br \/>\n&nbsp;<br \/>\n&nbsp;<br \/>\n<a href=\"\/et\/tootekategooria\/brandid\/yamazaki-home-et\/\"><img loading=\"lazy\" decoding=\"async\" class=\"alignnone size-full wp-image-23562\" src=\"https:\/\/www.talidesign.eu\/wp\/wp-content\/uploads\/2021\/02\/yamazaki.jpg\" alt=\"\" width=\"500\" height=\"100\" \/><\/a><\/p>\n","protected":false},"excerpt":{"rendered":"<p><strong>Tower Kleebitav mitmeotstarbeline korv S Must<\/strong><\/p>\n<p>See ruumikas ja praktiline korv kinnitub lihtsasti kraanikausi sisek\u00fcljele kaasasoleva kleebisega, s\u00e4\u00e4stes nii v\u00e4\u00e4rtuslikku t\u00f6\u00f6pinna ruumi. Ideaalne pesuvahendite ja \u0161vammide hoidmiseks, kuid sobib suurep\u00e4raselt ka vannituppa, hoides \u0161ampoonid ja du\u0161igeelid korras ning k\u00e4ep\u00e4rast.<\/p>\n<p>Kinnitatakse p\u00fcsivatele siledatele pindadele, nagu keraamilised plaadid, lakitud v\u00f5i spoonitud plaadid jne. Toodet ei ole soovitatav paigaldada ebatasasele\/karedale pinnale, kus teip ei kinnitu t\u00e4ielikult, ega pindadele, mis v\u00f5ivad nihkuda (nt m\u00e4rgruumi tapeet). \u00c4sja plaaditud seinte korral tuleb pind p\u00f5hjalikult puhastada, et sellel ei oleks vuugij\u00e4\u00e4ke.<\/p>\n<p>Paigaldusjuhised<\/p>\n<p>\u2022 Puhastage aluspind p\u00f5hjalikult ja laske sel kuivada. (Puhastusvahendid ei tohi sisaldada \u00f5li.)<br \/>\n\u2022 Eemaldage kaitsekile.<br \/>\n\u2022 Paigaldage toode seinale, vajutades seda 10 sekundit vastu aluspinda.<br \/>\n\u2022 Parimate tulemuste saamiseks laske liimil 24 tundi kuivada.<\/p>\n<p>\u2022 Materjal: polycarbonate\/pet\/polyurethane<br \/>\n\u2022 L 8.5 x W 15.5 x H 10cm<br \/>\n\u2022 Isekleepuv tagak\u00fclg<br \/>\n\u2022 <a href=\"\/et\/tootekategooria\/brandid\/yamazaki-home-et\/\">Br\u00e4nd Yamazaki Home<\/a><br \/>\n&nbsp;<br \/>\n&nbsp;<br \/>\n<a href=\"\/et\/tootekategooria\/brandid\/yamazaki-home-et\/\"><img loading=\"lazy\" decoding=\"async\" class=\"alignnone size-full wp-image-23562\" src=\"https:\/\/www.talidesign.eu\/wp\/wp-content\/uploads\/2021\/02\/yamazaki.jpg\" alt=\"\" width=\"500\" height=\"100\" \/><\/a><\/p>\n","protected":false},"featured_media":100572,"template":"","meta":[],"product_brand":[],"product_cat":[2876,1026,1031,1018,1030,1100,1094],"product_tag":[1274],"class_list":{"0":"post-100554","1":"product","2":"type-product","3":"status-publish","4":"has-post-thumbnail","6":"product_cat-3m-kleebisega-tooted","7":"product_cat-brandid","8":"product_cat-hoiustamine","9":"product_cat-kodu","10":"product_cat-kook","11":"product_cat-vannituba","12":"product_cat-yamazaki-home-et","13":"product_tag-yamazaki-et","15":"first","16":"instock","17":"taxable","18":"shipping-taxable","19":"purchasable","20":"product-type-simple"},"yoast_head":"<!-- This site is optimized with the Yoast SEO plugin v27.3 - https:\/\/yoast.com\/product\/yoast-seo-wordpress\/ -->\n<title>Yamazaki Tower Kleebitav mitmeotstarbeline korv S Must - TALI Concept Store<\/title>\n<meta name=\"description\" content=\"Avasta Yamazaki Tower kleebitav mitmeotstarbeline korv S Must! See praktiline korv s\u00e4\u00e4stab v\u00e4\u00e4rtuslikku t\u00f6\u00f6pinna ruumi, olles ideaalne pesuvahendite ja \u0161vammide hoidmiseks. Sobib suurep\u00e4raselt ka vannituppa, hoides \u0161ampoonid ja du\u0161igeelid korras ning k\u00e4ep\u00e4rast. Kinnitub lihtsasti kraanikausi sisek\u00fcljele ja sobib p\u00fcsivatele siledatele pindadele. Tutvu l\u00e4hemalt!\" \/>\n<meta name=\"robots\" content=\"index, follow, max-snippet:-1, max-image-preview:large, max-video-preview:-1\" \/>\n<link rel=\"canonical\" href=\"https:\/\/www.talidesign.eu\/et\/pood\/toode\/yamazaki-tower-kleebitav-mitmeotstarbeline-korv-s-must\/\" \/>\n<meta property=\"og:locale\" content=\"et_EE\" \/>\n<meta property=\"og:type\" content=\"article\" \/>\n<meta property=\"og:title\" content=\"Yamazaki Tower Kleebitav mitmeotstarbeline korv S Must - TALI Concept Store\" \/>\n<meta property=\"og:description\" content=\"Avasta Yamazaki Tower kleebitav mitmeotstarbeline korv S Must! See praktiline korv s\u00e4\u00e4stab v\u00e4\u00e4rtuslikku t\u00f6\u00f6pinna ruumi, olles ideaalne pesuvahendite ja \u0161vammide hoidmiseks. Sobib suurep\u00e4raselt ka vannituppa, hoides \u0161ampoonid ja du\u0161igeelid korras ning k\u00e4ep\u00e4rast. Kinnitub lihtsasti kraanikausi sisek\u00fcljele ja sobib p\u00fcsivatele siledatele pindadele. Tutvu l\u00e4hemalt!\" \/>\n<meta property=\"og:url\" content=\"https:\/\/www.talidesign.eu\/et\/pood\/toode\/yamazaki-tower-kleebitav-mitmeotstarbeline-korv-s-must\/\" \/>\n<meta property=\"og:site_name\" content=\"TALI Concept Store\" \/>\n<meta property=\"article:publisher\" content=\"https:\/\/www.facebook.com\/TaliDisain\/\" \/>\n<meta property=\"article:modified_time\" content=\"2026-03-09T20:32:06+00:00\" \/>\n<meta property=\"og:image\" content=\"https:\/\/www.talidesign.eu\/wp\/wp-content\/uploads\/2025\/03\/l5cgab3jaec19kshdkvb_1800x1800.webp\" \/>\n\t<meta property=\"og:image:width\" content=\"1800\" \/>\n\t<meta property=\"og:image:height\" content=\"1800\" \/>\n\t<meta property=\"og:image:type\" content=\"image\/webp\" \/>\n<meta name=\"twitter:card\" content=\"summary_large_image\" \/>\n<meta name=\"twitter:label1\" content=\"Est. reading time\" \/>\n\t<meta name=\"twitter:data1\" content=\"1 minute\" \/>\n<script type=\"application\/ld+json\" class=\"yoast-schema-graph\">{\"@context\":\"https:\\\/\\\/schema.org\",\"@graph\":[{\"@type\":\"WebPage\",\"@id\":\"https:\\\/\\\/www.talidesign.eu\\\/et\\\/pood\\\/toode\\\/yamazaki-tower-kleebitav-mitmeotstarbeline-korv-s-must\\\/\",\"url\":\"https:\\\/\\\/www.talidesign.eu\\\/et\\\/pood\\\/toode\\\/yamazaki-tower-kleebitav-mitmeotstarbeline-korv-s-must\\\/\",\"name\":\"Yamazaki Tower Kleebitav mitmeotstarbeline korv S Must - TALI Concept Store\",\"isPartOf\":{\"@id\":\"https:\\\/\\\/www.talidesign.eu\\\/et\\\/#website\"},\"primaryImageOfPage\":{\"@id\":\"https:\\\/\\\/www.talidesign.eu\\\/et\\\/pood\\\/toode\\\/yamazaki-tower-kleebitav-mitmeotstarbeline-korv-s-must\\\/#primaryimage\"},\"image\":{\"@id\":\"https:\\\/\\\/www.talidesign.eu\\\/et\\\/pood\\\/toode\\\/yamazaki-tower-kleebitav-mitmeotstarbeline-korv-s-must\\\/#primaryimage\"},\"thumbnailUrl\":\"https:\\\/\\\/www.talidesign.eu\\\/wp\\\/wp-content\\\/uploads\\\/2025\\\/03\\\/l5cgab3jaec19kshdkvb_1800x1800.webp\",\"datePublished\":\"2025-03-01T20:40:09+00:00\",\"dateModified\":\"2026-03-09T20:32:06+00:00\",\"description\":\"Avasta Yamazaki Tower kleebitav mitmeotstarbeline korv S Must! See praktiline korv s\u00e4\u00e4stab v\u00e4\u00e4rtuslikku t\u00f6\u00f6pinna ruumi, olles ideaalne pesuvahendite ja \u0161vammide hoidmiseks. Sobib suurep\u00e4raselt ka vannituppa, hoides \u0161ampoonid ja du\u0161igeelid korras ning k\u00e4ep\u00e4rast. Kinnitub lihtsasti kraanikausi sisek\u00fcljele ja sobib p\u00fcsivatele siledatele pindadele. Tutvu l\u00e4hemalt!\",\"breadcrumb\":{\"@id\":\"https:\\\/\\\/www.talidesign.eu\\\/et\\\/pood\\\/toode\\\/yamazaki-tower-kleebitav-mitmeotstarbeline-korv-s-must\\\/#breadcrumb\"},\"inLanguage\":\"et\",\"potentialAction\":[{\"@type\":\"ReadAction\",\"target\":[\"https:\\\/\\\/www.talidesign.eu\\\/et\\\/pood\\\/toode\\\/yamazaki-tower-kleebitav-mitmeotstarbeline-korv-s-must\\\/\"]}]},{\"@type\":\"ImageObject\",\"inLanguage\":\"et\",\"@id\":\"https:\\\/\\\/www.talidesign.eu\\\/et\\\/pood\\\/toode\\\/yamazaki-tower-kleebitav-mitmeotstarbeline-korv-s-must\\\/#primaryimage\",\"url\":\"https:\\\/\\\/www.talidesign.eu\\\/wp\\\/wp-content\\\/uploads\\\/2025\\\/03\\\/l5cgab3jaec19kshdkvb_1800x1800.webp\",\"contentUrl\":\"https:\\\/\\\/www.talidesign.eu\\\/wp\\\/wp-content\\\/uploads\\\/2025\\\/03\\\/l5cgab3jaec19kshdkvb_1800x1800.webp\",\"width\":1800,\"height\":1800},{\"@type\":\"BreadcrumbList\",\"@id\":\"https:\\\/\\\/www.talidesign.eu\\\/et\\\/pood\\\/toode\\\/yamazaki-tower-kleebitav-mitmeotstarbeline-korv-s-must\\\/#breadcrumb\",\"itemListElement\":[{\"@type\":\"ListItem\",\"position\":1,\"name\":\"Avaleht\",\"item\":\"https:\\\/\\\/www.talidesign.eu\\\/et\\\/\"},{\"@type\":\"ListItem\",\"position\":2,\"name\":\"Pood\",\"item\":\"https:\\\/\\\/www.talidesign.eu\\\/et\\\/pood\\\/\"},{\"@type\":\"ListItem\",\"position\":3,\"name\":\"Yamazaki Tower Kleebitav mitmeotstarbeline korv S Must\"}]},{\"@type\":\"WebSite\",\"@id\":\"https:\\\/\\\/www.talidesign.eu\\\/et\\\/#website\",\"url\":\"https:\\\/\\\/www.talidesign.eu\\\/et\\\/\",\"name\":\"TALI Concept Store\",\"description\":\"Suurim Disainipood Eestis\",\"potentialAction\":[{\"@type\":\"SearchAction\",\"target\":{\"@type\":\"EntryPoint\",\"urlTemplate\":\"https:\\\/\\\/www.talidesign.eu\\\/et\\\/?s={search_term_string}\"},\"query-input\":{\"@type\":\"PropertyValueSpecification\",\"valueRequired\":true,\"valueName\":\"search_term_string\"}}],\"inLanguage\":\"et\"}]}<\/script>\n<!-- \/ Yoast SEO plugin. -->","yoast_head_json":{"title":"Yamazaki Tower Kleebitav mitmeotstarbeline korv S Must - TALI Concept Store","description":"Avasta Yamazaki Tower kleebitav mitmeotstarbeline korv S Must! See praktiline korv s\u00e4\u00e4stab v\u00e4\u00e4rtuslikku t\u00f6\u00f6pinna ruumi, olles ideaalne pesuvahendite ja \u0161vammide hoidmiseks. Sobib suurep\u00e4raselt ka vannituppa, hoides \u0161ampoonid ja du\u0161igeelid korras ning k\u00e4ep\u00e4rast. Kinnitub lihtsasti kraanikausi sisek\u00fcljele ja sobib p\u00fcsivatele siledatele pindadele. Tutvu l\u00e4hemalt!","robots":{"index":"index","follow":"follow","max-snippet":"max-snippet:-1","max-image-preview":"max-image-preview:large","max-video-preview":"max-video-preview:-1"},"canonical":"https:\/\/www.talidesign.eu\/et\/pood\/toode\/yamazaki-tower-kleebitav-mitmeotstarbeline-korv-s-must\/","og_locale":"et_EE","og_type":"article","og_title":"Yamazaki Tower Kleebitav mitmeotstarbeline korv S Must - TALI Concept Store","og_description":"Avasta Yamazaki Tower kleebitav mitmeotstarbeline korv S Must! See praktiline korv s\u00e4\u00e4stab v\u00e4\u00e4rtuslikku t\u00f6\u00f6pinna ruumi, olles ideaalne pesuvahendite ja \u0161vammide hoidmiseks. Sobib suurep\u00e4raselt ka vannituppa, hoides \u0161ampoonid ja du\u0161igeelid korras ning k\u00e4ep\u00e4rast. Kinnitub lihtsasti kraanikausi sisek\u00fcljele ja sobib p\u00fcsivatele siledatele pindadele. Tutvu l\u00e4hemalt!","og_url":"https:\/\/www.talidesign.eu\/et\/pood\/toode\/yamazaki-tower-kleebitav-mitmeotstarbeline-korv-s-must\/","og_site_name":"TALI Concept Store","article_publisher":"https:\/\/www.facebook.com\/TaliDisain\/","article_modified_time":"2026-03-09T20:32:06+00:00","og_image":[{"width":1800,"height":1800,"url":"https:\/\/www.talidesign.eu\/wp\/wp-content\/uploads\/2025\/03\/l5cgab3jaec19kshdkvb_1800x1800.webp","type":"image\/webp"}],"twitter_card":"summary_large_image","twitter_misc":{"Est. reading time":"1 minute"},"schema":{"@context":"https:\/\/schema.org","@graph":[{"@type":"WebPage","@id":"https:\/\/www.talidesign.eu\/et\/pood\/toode\/yamazaki-tower-kleebitav-mitmeotstarbeline-korv-s-must\/","url":"https:\/\/www.talidesign.eu\/et\/pood\/toode\/yamazaki-tower-kleebitav-mitmeotstarbeline-korv-s-must\/","name":"Yamazaki Tower Kleebitav mitmeotstarbeline korv S Must - TALI Concept Store","isPartOf":{"@id":"https:\/\/www.talidesign.eu\/et\/#website"},"primaryImageOfPage":{"@id":"https:\/\/www.talidesign.eu\/et\/pood\/toode\/yamazaki-tower-kleebitav-mitmeotstarbeline-korv-s-must\/#primaryimage"},"image":{"@id":"https:\/\/www.talidesign.eu\/et\/pood\/toode\/yamazaki-tower-kleebitav-mitmeotstarbeline-korv-s-must\/#primaryimage"},"thumbnailUrl":"https:\/\/www.talidesign.eu\/wp\/wp-content\/uploads\/2025\/03\/l5cgab3jaec19kshdkvb_1800x1800.webp","datePublished":"2025-03-01T20:40:09+00:00","dateModified":"2026-03-09T20:32:06+00:00","description":"Avasta Yamazaki Tower kleebitav mitmeotstarbeline korv S Must! See praktiline korv s\u00e4\u00e4stab v\u00e4\u00e4rtuslikku t\u00f6\u00f6pinna ruumi, olles ideaalne pesuvahendite ja \u0161vammide hoidmiseks. Sobib suurep\u00e4raselt ka vannituppa, hoides \u0161ampoonid ja du\u0161igeelid korras ning k\u00e4ep\u00e4rast. Kinnitub lihtsasti kraanikausi sisek\u00fcljele ja sobib p\u00fcsivatele siledatele pindadele. Tutvu l\u00e4hemalt!","breadcrumb":{"@id":"https:\/\/www.talidesign.eu\/et\/pood\/toode\/yamazaki-tower-kleebitav-mitmeotstarbeline-korv-s-must\/#breadcrumb"},"inLanguage":"et","potentialAction":[{"@type":"ReadAction","target":["https:\/\/www.talidesign.eu\/et\/pood\/toode\/yamazaki-tower-kleebitav-mitmeotstarbeline-korv-s-must\/"]}]},{"@type":"ImageObject","inLanguage":"et","@id":"https:\/\/www.talidesign.eu\/et\/pood\/toode\/yamazaki-tower-kleebitav-mitmeotstarbeline-korv-s-must\/#primaryimage","url":"https:\/\/www.talidesign.eu\/wp\/wp-content\/uploads\/2025\/03\/l5cgab3jaec19kshdkvb_1800x1800.webp","contentUrl":"https:\/\/www.talidesign.eu\/wp\/wp-content\/uploads\/2025\/03\/l5cgab3jaec19kshdkvb_1800x1800.webp","width":1800,"height":1800},{"@type":"BreadcrumbList","@id":"https:\/\/www.talidesign.eu\/et\/pood\/toode\/yamazaki-tower-kleebitav-mitmeotstarbeline-korv-s-must\/#breadcrumb","itemListElement":[{"@type":"ListItem","position":1,"name":"Avaleht","item":"https:\/\/www.talidesign.eu\/et\/"},{"@type":"ListItem","position":2,"name":"Pood","item":"https:\/\/www.talidesign.eu\/et\/pood\/"},{"@type":"ListItem","position":3,"name":"Yamazaki Tower Kleebitav mitmeotstarbeline korv S Must"}]},{"@type":"WebSite","@id":"https:\/\/www.talidesign.eu\/et\/#website","url":"https:\/\/www.talidesign.eu\/et\/","name":"TALI Concept Store","description":"Suurim Disainipood Eestis","potentialAction":[{"@type":"SearchAction","target":{"@type":"EntryPoint","urlTemplate":"https:\/\/www.talidesign.eu\/et\/?s={search_term_string}"},"query-input":{"@type":"PropertyValueSpecification","valueRequired":true,"valueName":"search_term_string"}}],"inLanguage":"et"}]}},"_links":{"self":[{"href":"https:\/\/www.talidesign.eu\/et\/wp-json\/wp\/v2\/product\/100554","targetHints":{"allow":["GET"]}}],"collection":[{"href":"https:\/\/www.talidesign.eu\/et\/wp-json\/wp\/v2\/product"}],"about":[{"href":"https:\/\/www.talidesign.eu\/et\/wp-json\/wp\/v2\/types\/product"}],"wp:featuredmedia":[{"embeddable":true,"href":"https:\/\/www.talidesign.eu\/et\/wp-json\/wp\/v2\/media\/100572"}],"wp:attachment":[{"href":"https:\/\/www.talidesign.eu\/et\/wp-json\/wp\/v2\/media?parent=100554"}],"wp:term":[{"taxonomy":"product_brand","embeddable":true,"href":"https:\/\/www.talidesign.eu\/et\/wp-json\/wp\/v2\/product_brand?post=100554"},{"taxonomy":"product_cat","embeddable":true,"href":"https:\/\/www.talidesign.eu\/et\/wp-json\/wp\/v2\/product_cat?post=100554"},{"taxonomy":"product_tag","embeddable":true,"href":"https:\/\/www.talidesign.eu\/et\/wp-json\/wp\/v2\/product_tag?post=100554"}],"curies":[{"name":"wp","href":"https:\/\/api.w.org\/{rel}","templated":true}]}}