{"id":100575,"date":"2025-03-01T22:54:53","date_gmt":"2025-03-01T20:54:54","guid":{"rendered":"https:\/\/www.talidesign.eu\/?post_type=product&#038;p=100575"},"modified":"2025-07-14T12:16:43","modified_gmt":"2025-07-14T09:16:43","slug":"yamazaki-tower-4-tasandiga-ruudukujuline-ehtekarp-must","status":"publish","type":"product","link":"https:\/\/www.talidesign.eu\/et\/pood\/toode\/yamazaki-tower-4-tasandiga-ruudukujuline-ehtekarp-must\/","title":{"rendered":"Yamazaki Tower 4 tasandiga ruudukujuline ehtekarp Must"},"content":{"rendered":"<p><strong>Tower 4 tasandiga ruudukujuline ehtekarp Must<\/strong><\/p>\n<p>4 tasandit sinu v\u00e4ikeste aarete hoiustamiseks<\/p>\n<p>See stiilne ja praktiline karp pakub ideaalset hoiuruumi v\u00e4ikestele esemetele ja ehete korraldamiseks. Neli vildiga vooderdatud sahtlit tagavad turvalise ja korrastatud hoiustamise. Iga sahtel on p\u00f6\u00f6ratav, v\u00f5imaldades h\u00f5lpsat ligip\u00e4\u00e4su ja elegantset esitlemist. Pealmine kaanega kate hoiab sisu tolmuvabana.<\/p>\n<p>\u2022 Materjal: ABS resin\/ Vilt \/ Silikoon<br \/>\n\u2022 L 9 x W 9 x H 10 cm<br \/>\n\u2022 Kaal: 0.19 kg<br \/>\n\u2022 <a href=\"\/et\/tootekategooria\/brandid\/yamazaki-home-et\/\">Br\u00e4nd Yamazaki Home<\/a><\/p>\n<p><a href=\"\/et\/tootekategooria\/brandid\/yamazaki-home-et\/\"><img loading=\"lazy\" decoding=\"async\" class=\"alignnone size-full wp-image-23562\" src=\"https:\/\/www.talidesign.eu\/wp\/wp-content\/uploads\/2021\/02\/yamazaki.jpg\" alt=\"\" width=\"500\" height=\"100\" \/><\/a><\/p>\n","protected":false},"excerpt":{"rendered":"<p><strong>Tower 4 tasandiga ruudukujuline ehtekarp Must<\/strong><\/p>\n<p>4 tasandit sinu v\u00e4ikeste aarete hoiustamiseks<\/p>\n<p>See stiilne ja praktiline karp pakub ideaalset hoiuruumi v\u00e4ikestele esemetele ja ehete korraldamiseks. Neli vildiga vooderdatud sahtlit tagavad turvalise ja korrastatud hoiustamise. Iga sahtel on p\u00f6\u00f6ratav, v\u00f5imaldades h\u00f5lpsat ligip\u00e4\u00e4su ja elegantset esitlemist. Pealmine kaanega kate hoiab sisu tolmuvabana.<\/p>\n<p>\u2022 Materjal: ABS resin\/ Vilt \/ Silikoon<br \/>\n\u2022 L 9 x W 9 x H 10 cm<br \/>\n\u2022 Kaal: 0.19 kg<br \/>\n\u2022 <a href=\"\/et\/tootekategooria\/brandid\/yamazaki-home-et\/\">Br\u00e4nd Yamazaki Home<\/a><\/p>\n<p><a href=\"\/et\/tootekategooria\/brandid\/yamazaki-home-et\/\"><img loading=\"lazy\" decoding=\"async\" class=\"alignnone size-full wp-image-23562\" src=\"https:\/\/www.talidesign.eu\/wp\/wp-content\/uploads\/2021\/02\/yamazaki.jpg\" alt=\"\" width=\"500\" height=\"100\" \/><\/a><\/p>\n","protected":false},"featured_media":100597,"template":"","meta":[],"product_brand":[],"product_cat":[1099,1026,1165,1107,1031,1018,1101,1100,1094],"product_tag":[1274],"class_list":{"0":"post-100575","1":"product","2":"type-product","3":"status-publish","4":"has-post-thumbnail","6":"product_cat-aksessuaarid","7":"product_cat-brandid","8":"product_cat-ehtelaekad-et","9":"product_cat-ehtelaekad","10":"product_cat-hoiustamine","11":"product_cat-kodu","12":"product_cat-magamis-ja-elutuba","13":"product_cat-vannituba","14":"product_cat-yamazaki-home-et","15":"product_tag-yamazaki-et","17":"first","18":"outofstock","19":"taxable","20":"shipping-taxable","21":"purchasable","22":"product-type-simple"},"yoast_head":"<!-- This site is optimized with the Yoast SEO plugin v27.3 - https:\/\/yoast.com\/product\/yoast-seo-wordpress\/ -->\n<title>Yamazaki Tower 4 tasandiga ruudukujuline ehtekarp Must - TALI Concept Store<\/title>\n<meta name=\"description\" content=\"Stiilne ja praktiline ehtekarp musta v\u00e4rviga. Pakub ideaalset hoiuruumi v\u00e4ikestele esemetele ja ehetele. Neli sahtlit tagavad turvalise ja korrastatud hoiustamise. Materjal: ABS resin\/ Vilt \/ Silikoon. Br\u00e4nd: Yamazaki Home.\" \/>\n<meta name=\"robots\" content=\"index, follow, max-snippet:-1, max-image-preview:large, max-video-preview:-1\" \/>\n<link rel=\"canonical\" href=\"https:\/\/www.talidesign.eu\/et\/pood\/toode\/yamazaki-tower-4-tasandiga-ruudukujuline-ehtekarp-must\/\" \/>\n<meta property=\"og:locale\" content=\"et_EE\" \/>\n<meta property=\"og:type\" content=\"article\" \/>\n<meta property=\"og:title\" content=\"Yamazaki Tower 4 tasandiga ruudukujuline ehtekarp Must - TALI Concept Store\" \/>\n<meta property=\"og:description\" content=\"Stiilne ja praktiline ehtekarp musta v\u00e4rviga. Pakub ideaalset hoiuruumi v\u00e4ikestele esemetele ja ehetele. Neli sahtlit tagavad turvalise ja korrastatud hoiustamise. Materjal: ABS resin\/ Vilt \/ Silikoon. Br\u00e4nd: Yamazaki Home.\" \/>\n<meta property=\"og:url\" content=\"https:\/\/www.talidesign.eu\/et\/pood\/toode\/yamazaki-tower-4-tasandiga-ruudukujuline-ehtekarp-must\/\" \/>\n<meta property=\"og:site_name\" content=\"TALI Concept Store\" \/>\n<meta property=\"article:publisher\" content=\"https:\/\/www.facebook.com\/TaliDisain\/\" \/>\n<meta property=\"article:modified_time\" content=\"2025-07-14T09:16:43+00:00\" \/>\n<meta property=\"og:image\" content=\"https:\/\/www.talidesign.eu\/wp\/wp-content\/uploads\/2025\/03\/1754_TOWER_4-Tiered_Accessory_Box_Square_BK_1ef45d97-ee33-4184-9f9d-cae19500fe83_1800x1800-Photoroom-1.jpg\" \/>\n\t<meta property=\"og:image:width\" content=\"1800\" \/>\n\t<meta property=\"og:image:height\" content=\"1800\" \/>\n\t<meta property=\"og:image:type\" content=\"image\/jpeg\" \/>\n<meta name=\"twitter:card\" content=\"summary_large_image\" \/>\n<meta name=\"twitter:label1\" content=\"Est. reading time\" \/>\n\t<meta name=\"twitter:data1\" content=\"1 minute\" \/>\n<script type=\"application\/ld+json\" class=\"yoast-schema-graph\">{\"@context\":\"https:\\\/\\\/schema.org\",\"@graph\":[{\"@type\":\"WebPage\",\"@id\":\"https:\\\/\\\/www.talidesign.eu\\\/et\\\/pood\\\/toode\\\/yamazaki-tower-4-tasandiga-ruudukujuline-ehtekarp-must\\\/\",\"url\":\"https:\\\/\\\/www.talidesign.eu\\\/et\\\/pood\\\/toode\\\/yamazaki-tower-4-tasandiga-ruudukujuline-ehtekarp-must\\\/\",\"name\":\"Yamazaki Tower 4 tasandiga ruudukujuline ehtekarp Must - TALI Concept Store\",\"isPartOf\":{\"@id\":\"https:\\\/\\\/www.talidesign.eu\\\/et\\\/#website\"},\"primaryImageOfPage\":{\"@id\":\"https:\\\/\\\/www.talidesign.eu\\\/et\\\/pood\\\/toode\\\/yamazaki-tower-4-tasandiga-ruudukujuline-ehtekarp-must\\\/#primaryimage\"},\"image\":{\"@id\":\"https:\\\/\\\/www.talidesign.eu\\\/et\\\/pood\\\/toode\\\/yamazaki-tower-4-tasandiga-ruudukujuline-ehtekarp-must\\\/#primaryimage\"},\"thumbnailUrl\":\"https:\\\/\\\/www.talidesign.eu\\\/wp\\\/wp-content\\\/uploads\\\/2025\\\/03\\\/1754_TOWER_4-Tiered_Accessory_Box_Square_BK_1ef45d97-ee33-4184-9f9d-cae19500fe83_1800x1800-Photoroom-1.jpg\",\"datePublished\":\"2025-03-01T20:54:54+00:00\",\"dateModified\":\"2025-07-14T09:16:43+00:00\",\"description\":\"Stiilne ja praktiline ehtekarp musta v\u00e4rviga. Pakub ideaalset hoiuruumi v\u00e4ikestele esemetele ja ehetele. Neli sahtlit tagavad turvalise ja korrastatud hoiustamise. Materjal: ABS resin\\\/ Vilt \\\/ Silikoon. Br\u00e4nd: Yamazaki Home.\",\"breadcrumb\":{\"@id\":\"https:\\\/\\\/www.talidesign.eu\\\/et\\\/pood\\\/toode\\\/yamazaki-tower-4-tasandiga-ruudukujuline-ehtekarp-must\\\/#breadcrumb\"},\"inLanguage\":\"et\",\"potentialAction\":[{\"@type\":\"ReadAction\",\"target\":[\"https:\\\/\\\/www.talidesign.eu\\\/et\\\/pood\\\/toode\\\/yamazaki-tower-4-tasandiga-ruudukujuline-ehtekarp-must\\\/\"]}]},{\"@type\":\"ImageObject\",\"inLanguage\":\"et\",\"@id\":\"https:\\\/\\\/www.talidesign.eu\\\/et\\\/pood\\\/toode\\\/yamazaki-tower-4-tasandiga-ruudukujuline-ehtekarp-must\\\/#primaryimage\",\"url\":\"https:\\\/\\\/www.talidesign.eu\\\/wp\\\/wp-content\\\/uploads\\\/2025\\\/03\\\/1754_TOWER_4-Tiered_Accessory_Box_Square_BK_1ef45d97-ee33-4184-9f9d-cae19500fe83_1800x1800-Photoroom-1.jpg\",\"contentUrl\":\"https:\\\/\\\/www.talidesign.eu\\\/wp\\\/wp-content\\\/uploads\\\/2025\\\/03\\\/1754_TOWER_4-Tiered_Accessory_Box_Square_BK_1ef45d97-ee33-4184-9f9d-cae19500fe83_1800x1800-Photoroom-1.jpg\",\"width\":1800,\"height\":1800},{\"@type\":\"BreadcrumbList\",\"@id\":\"https:\\\/\\\/www.talidesign.eu\\\/et\\\/pood\\\/toode\\\/yamazaki-tower-4-tasandiga-ruudukujuline-ehtekarp-must\\\/#breadcrumb\",\"itemListElement\":[{\"@type\":\"ListItem\",\"position\":1,\"name\":\"Avaleht\",\"item\":\"https:\\\/\\\/www.talidesign.eu\\\/et\\\/\"},{\"@type\":\"ListItem\",\"position\":2,\"name\":\"Pood\",\"item\":\"https:\\\/\\\/www.talidesign.eu\\\/et\\\/pood\\\/\"},{\"@type\":\"ListItem\",\"position\":3,\"name\":\"Yamazaki Tower 4 tasandiga ruudukujuline ehtekarp Must\"}]},{\"@type\":\"WebSite\",\"@id\":\"https:\\\/\\\/www.talidesign.eu\\\/et\\\/#website\",\"url\":\"https:\\\/\\\/www.talidesign.eu\\\/et\\\/\",\"name\":\"TALI Concept Store\",\"description\":\"Suurim Disainipood Eestis\",\"potentialAction\":[{\"@type\":\"SearchAction\",\"target\":{\"@type\":\"EntryPoint\",\"urlTemplate\":\"https:\\\/\\\/www.talidesign.eu\\\/et\\\/?s={search_term_string}\"},\"query-input\":{\"@type\":\"PropertyValueSpecification\",\"valueRequired\":true,\"valueName\":\"search_term_string\"}}],\"inLanguage\":\"et\"}]}<\/script>\n<!-- \/ Yoast SEO plugin. -->","yoast_head_json":{"title":"Yamazaki Tower 4 tasandiga ruudukujuline ehtekarp Must - TALI Concept Store","description":"Stiilne ja praktiline ehtekarp musta v\u00e4rviga. Pakub ideaalset hoiuruumi v\u00e4ikestele esemetele ja ehetele. Neli sahtlit tagavad turvalise ja korrastatud hoiustamise. Materjal: ABS resin\/ Vilt \/ Silikoon. Br\u00e4nd: Yamazaki Home.","robots":{"index":"index","follow":"follow","max-snippet":"max-snippet:-1","max-image-preview":"max-image-preview:large","max-video-preview":"max-video-preview:-1"},"canonical":"https:\/\/www.talidesign.eu\/et\/pood\/toode\/yamazaki-tower-4-tasandiga-ruudukujuline-ehtekarp-must\/","og_locale":"et_EE","og_type":"article","og_title":"Yamazaki Tower 4 tasandiga ruudukujuline ehtekarp Must - TALI Concept Store","og_description":"Stiilne ja praktiline ehtekarp musta v\u00e4rviga. Pakub ideaalset hoiuruumi v\u00e4ikestele esemetele ja ehetele. Neli sahtlit tagavad turvalise ja korrastatud hoiustamise. Materjal: ABS resin\/ Vilt \/ Silikoon. Br\u00e4nd: Yamazaki Home.","og_url":"https:\/\/www.talidesign.eu\/et\/pood\/toode\/yamazaki-tower-4-tasandiga-ruudukujuline-ehtekarp-must\/","og_site_name":"TALI Concept Store","article_publisher":"https:\/\/www.facebook.com\/TaliDisain\/","article_modified_time":"2025-07-14T09:16:43+00:00","og_image":[{"width":1800,"height":1800,"url":"https:\/\/www.talidesign.eu\/wp\/wp-content\/uploads\/2025\/03\/1754_TOWER_4-Tiered_Accessory_Box_Square_BK_1ef45d97-ee33-4184-9f9d-cae19500fe83_1800x1800-Photoroom-1.jpg","type":"image\/jpeg"}],"twitter_card":"summary_large_image","twitter_misc":{"Est. reading time":"1 minute"},"schema":{"@context":"https:\/\/schema.org","@graph":[{"@type":"WebPage","@id":"https:\/\/www.talidesign.eu\/et\/pood\/toode\/yamazaki-tower-4-tasandiga-ruudukujuline-ehtekarp-must\/","url":"https:\/\/www.talidesign.eu\/et\/pood\/toode\/yamazaki-tower-4-tasandiga-ruudukujuline-ehtekarp-must\/","name":"Yamazaki Tower 4 tasandiga ruudukujuline ehtekarp Must - TALI Concept Store","isPartOf":{"@id":"https:\/\/www.talidesign.eu\/et\/#website"},"primaryImageOfPage":{"@id":"https:\/\/www.talidesign.eu\/et\/pood\/toode\/yamazaki-tower-4-tasandiga-ruudukujuline-ehtekarp-must\/#primaryimage"},"image":{"@id":"https:\/\/www.talidesign.eu\/et\/pood\/toode\/yamazaki-tower-4-tasandiga-ruudukujuline-ehtekarp-must\/#primaryimage"},"thumbnailUrl":"https:\/\/www.talidesign.eu\/wp\/wp-content\/uploads\/2025\/03\/1754_TOWER_4-Tiered_Accessory_Box_Square_BK_1ef45d97-ee33-4184-9f9d-cae19500fe83_1800x1800-Photoroom-1.jpg","datePublished":"2025-03-01T20:54:54+00:00","dateModified":"2025-07-14T09:16:43+00:00","description":"Stiilne ja praktiline ehtekarp musta v\u00e4rviga. Pakub ideaalset hoiuruumi v\u00e4ikestele esemetele ja ehetele. Neli sahtlit tagavad turvalise ja korrastatud hoiustamise. Materjal: ABS resin\/ Vilt \/ Silikoon. Br\u00e4nd: Yamazaki Home.","breadcrumb":{"@id":"https:\/\/www.talidesign.eu\/et\/pood\/toode\/yamazaki-tower-4-tasandiga-ruudukujuline-ehtekarp-must\/#breadcrumb"},"inLanguage":"et","potentialAction":[{"@type":"ReadAction","target":["https:\/\/www.talidesign.eu\/et\/pood\/toode\/yamazaki-tower-4-tasandiga-ruudukujuline-ehtekarp-must\/"]}]},{"@type":"ImageObject","inLanguage":"et","@id":"https:\/\/www.talidesign.eu\/et\/pood\/toode\/yamazaki-tower-4-tasandiga-ruudukujuline-ehtekarp-must\/#primaryimage","url":"https:\/\/www.talidesign.eu\/wp\/wp-content\/uploads\/2025\/03\/1754_TOWER_4-Tiered_Accessory_Box_Square_BK_1ef45d97-ee33-4184-9f9d-cae19500fe83_1800x1800-Photoroom-1.jpg","contentUrl":"https:\/\/www.talidesign.eu\/wp\/wp-content\/uploads\/2025\/03\/1754_TOWER_4-Tiered_Accessory_Box_Square_BK_1ef45d97-ee33-4184-9f9d-cae19500fe83_1800x1800-Photoroom-1.jpg","width":1800,"height":1800},{"@type":"BreadcrumbList","@id":"https:\/\/www.talidesign.eu\/et\/pood\/toode\/yamazaki-tower-4-tasandiga-ruudukujuline-ehtekarp-must\/#breadcrumb","itemListElement":[{"@type":"ListItem","position":1,"name":"Avaleht","item":"https:\/\/www.talidesign.eu\/et\/"},{"@type":"ListItem","position":2,"name":"Pood","item":"https:\/\/www.talidesign.eu\/et\/pood\/"},{"@type":"ListItem","position":3,"name":"Yamazaki Tower 4 tasandiga ruudukujuline ehtekarp Must"}]},{"@type":"WebSite","@id":"https:\/\/www.talidesign.eu\/et\/#website","url":"https:\/\/www.talidesign.eu\/et\/","name":"TALI Concept Store","description":"Suurim Disainipood Eestis","potentialAction":[{"@type":"SearchAction","target":{"@type":"EntryPoint","urlTemplate":"https:\/\/www.talidesign.eu\/et\/?s={search_term_string}"},"query-input":{"@type":"PropertyValueSpecification","valueRequired":true,"valueName":"search_term_string"}}],"inLanguage":"et"}]}},"_links":{"self":[{"href":"https:\/\/www.talidesign.eu\/et\/wp-json\/wp\/v2\/product\/100575","targetHints":{"allow":["GET"]}}],"collection":[{"href":"https:\/\/www.talidesign.eu\/et\/wp-json\/wp\/v2\/product"}],"about":[{"href":"https:\/\/www.talidesign.eu\/et\/wp-json\/wp\/v2\/types\/product"}],"wp:featuredmedia":[{"embeddable":true,"href":"https:\/\/www.talidesign.eu\/et\/wp-json\/wp\/v2\/media\/100597"}],"wp:attachment":[{"href":"https:\/\/www.talidesign.eu\/et\/wp-json\/wp\/v2\/media?parent=100575"}],"wp:term":[{"taxonomy":"product_brand","embeddable":true,"href":"https:\/\/www.talidesign.eu\/et\/wp-json\/wp\/v2\/product_brand?post=100575"},{"taxonomy":"product_cat","embeddable":true,"href":"https:\/\/www.talidesign.eu\/et\/wp-json\/wp\/v2\/product_cat?post=100575"},{"taxonomy":"product_tag","embeddable":true,"href":"https:\/\/www.talidesign.eu\/et\/wp-json\/wp\/v2\/product_tag?post=100575"}],"curies":[{"name":"wp","href":"https:\/\/api.w.org\/{rel}","templated":true}]}}