{"id":100917,"date":"2025-03-06T09:33:05","date_gmt":"2025-03-06T07:33:07","guid":{"rendered":"https:\/\/www.talidesign.eu\/?post_type=product&#038;p=100917"},"modified":"2026-04-09T17:08:37","modified_gmt":"2026-04-09T14:08:37","slug":"doiy-rose-bubbles-sokid","status":"publish","type":"product","link":"https:\/\/www.talidesign.eu\/et\/pood\/toode\/doiy-rose-bubbles-sokid\/","title":{"rendered":"DOIY Ros\u00e9 Bubbles sokid"},"content":{"rendered":"<p><strong>Ros\u00e9 Bubbles sokid<\/strong><\/p>\n<p>Kui elegants kohtub mugavusega, s\u00fcnnivad Ros\u00e9 Bubbles sokid! Nende pehme tekstuur ja kergelt sillerdav disain loovad luksusliku tunde, sobides nii pidulikeks hetkedeks kui ka igap\u00e4evasteks r\u00f5\u00f5mudeks.<\/p>\n<p>\u2022 60,4% puuvill, 28,9% pol\u00fcester, 8,3% pol\u00fcamiid, 2,4% elastaan<br \/>\n\u2022 Unisex \u2013 \u00fcks suurus sobib k\u00f5igile<br \/>\n\u2022 <a href=\"\/et\/tootekategooria\/brandid\/doiy-et\/\">Br\u00e4nd DOIY<\/a><\/p>\n<p><strong>Meist<\/strong><\/p>\n<p>2008. aastal Elodie ja Jaime poolt Barcelonas asutatud DOIY on \u00fclemaailmne elustiilibr\u00e4nd, mis on p\u00fchendunud kingituste ja kodutarvikute loomisele. <\/p>\n<p>Igal esemel on oma lugu. \u00dcksk\u00f5ik, kas nad \u00fcllatavad, r\u00f5\u00f5mustavad, saadavad h\u00e4id tundeid v\u00f5i ajavad naerma &#8230; tekitavad nad alati meeldiva emotsiooni.<\/p>\n<p><a href=\"https:\/\/www.talidesign.eu\/wp\/wp-content\/uploads\/2020\/05\/MG_0219-e1572366614332-scaled.jpg\"><img loading=\"lazy\" decoding=\"async\" class=\"alignnone size-full wp-image-9832\" src=\"https:\/\/www.talidesign.eu\/wp\/wp-content\/uploads\/2020\/05\/MG_0219-e1572366614332-scaled.jpg\" alt=\"\" width=\"2560\" height=\"2323\" srcset=\"https:\/\/www.talidesign.eu\/wp\/wp-content\/uploads\/2020\/05\/MG_0219-e1572366614332-scaled.jpg 2560w, https:\/\/www.talidesign.eu\/wp\/wp-content\/uploads\/2020\/05\/MG_0219-e1572366614332-441x400.jpg 441w, https:\/\/www.talidesign.eu\/wp\/wp-content\/uploads\/2020\/05\/MG_0219-e1572366614332-882x800.jpg 882w, https:\/\/www.talidesign.eu\/wp\/wp-content\/uploads\/2020\/05\/MG_0219-e1572366614332-768x697.jpg 768w, https:\/\/www.talidesign.eu\/wp\/wp-content\/uploads\/2020\/05\/MG_0219-e1572366614332-1536x1394.jpg 1536w, https:\/\/www.talidesign.eu\/wp\/wp-content\/uploads\/2020\/05\/MG_0219-e1572366614332-2048x1858.jpg 2048w, https:\/\/www.talidesign.eu\/wp\/wp-content\/uploads\/2020\/05\/MG_0219-e1572366614332-500x454.jpg 500w, https:\/\/www.talidesign.eu\/wp\/wp-content\/uploads\/2020\/05\/MG_0219-e1572366614332-510x463.jpg 510w\" sizes=\"auto, (max-width: 2560px) 100vw, 2560px\" \/><\/a><br \/>\n<em>Elodie and Jaime<\/em><br \/>\n<a href=\"\/et\/tootekategooria\/brandid\/doiy-et\/\"><img loading=\"lazy\" decoding=\"async\" src=\"https:\/\/www.talidesign.eu\/wp\/wp-content\/uploads\/2021\/03\/logo-4.jpg\" alt=\"\" width=\"500\" height=\"100\" class=\"alignnone size-full wp-image-24553\" \/><\/a><\/p>\n","protected":false},"excerpt":{"rendered":"<p><strong>Ros\u00e9 Bubbles sokid<\/strong><\/p>\n<p>Kui elegants kohtub mugavusega, s\u00fcnnivad Ros\u00e9 Bubbles sokid! Nende pehme tekstuur ja kergelt sillerdav disain loovad luksusliku tunde, sobides nii pidulikeks hetkedeks kui ka igap\u00e4evasteks r\u00f5\u00f5mudeks.<\/p>\n<p>\u2022 60,4% puuvill, 28,9% pol\u00fcester, 8,3% pol\u00fcamiid, 2,4% elastaan<br \/>\n\u2022 Unisex \u2013 \u00fcks suurus sobib k\u00f5igile<br \/>\n\u2022 <a href=\"\/et\/tootekategooria\/brandid\/doiy-et\/\">Br\u00e4nd DOIY<\/a><\/p>\n<p><strong>Meist<\/strong><\/p>\n<p>2008. aastal Elodie ja Jaime poolt Barcelonas asutatud DOIY on \u00fclemaailmne elustiilibr\u00e4nd, mis on p\u00fchendunud kingituste ja kodutarvikute loomisele. <\/p>\n<p>Igal esemel on oma lugu. \u00dcksk\u00f5ik, kas nad \u00fcllatavad, r\u00f5\u00f5mustavad, saadavad h\u00e4id tundeid v\u00f5i ajavad naerma &#8230; tekitavad nad alati meeldiva emotsiooni.<\/p>\n<p><a href=\"https:\/\/www.talidesign.eu\/wp\/wp-content\/uploads\/2020\/05\/MG_0219-e1572366614332-scaled.jpg\"><img loading=\"lazy\" decoding=\"async\" class=\"alignnone size-full wp-image-9832\" src=\"https:\/\/www.talidesign.eu\/wp\/wp-content\/uploads\/2020\/05\/MG_0219-e1572366614332-scaled.jpg\" alt=\"\" width=\"2560\" height=\"2323\" srcset=\"https:\/\/www.talidesign.eu\/wp\/wp-content\/uploads\/2020\/05\/MG_0219-e1572366614332-scaled.jpg 2560w, https:\/\/www.talidesign.eu\/wp\/wp-content\/uploads\/2020\/05\/MG_0219-e1572366614332-441x400.jpg 441w, https:\/\/www.talidesign.eu\/wp\/wp-content\/uploads\/2020\/05\/MG_0219-e1572366614332-882x800.jpg 882w, https:\/\/www.talidesign.eu\/wp\/wp-content\/uploads\/2020\/05\/MG_0219-e1572366614332-768x697.jpg 768w, https:\/\/www.talidesign.eu\/wp\/wp-content\/uploads\/2020\/05\/MG_0219-e1572366614332-1536x1394.jpg 1536w, https:\/\/www.talidesign.eu\/wp\/wp-content\/uploads\/2020\/05\/MG_0219-e1572366614332-2048x1858.jpg 2048w, https:\/\/www.talidesign.eu\/wp\/wp-content\/uploads\/2020\/05\/MG_0219-e1572366614332-500x454.jpg 500w, https:\/\/www.talidesign.eu\/wp\/wp-content\/uploads\/2020\/05\/MG_0219-e1572366614332-510x463.jpg 510w\" sizes=\"auto, (max-width: 2560px) 100vw, 2560px\" \/><\/a><br \/>\n<em>Elodie and Jaime<\/em><br \/>\n<a href=\"\/et\/tootekategooria\/brandid\/doiy-et\/\"><img loading=\"lazy\" decoding=\"async\" src=\"https:\/\/www.talidesign.eu\/wp\/wp-content\/uploads\/2021\/03\/logo-4.jpg\" alt=\"\" width=\"500\" height=\"100\" class=\"alignnone size-full wp-image-24553\" \/><\/a><\/p>\n","protected":false},"featured_media":100921,"template":"","meta":[],"product_brand":[],"product_cat":[1026,1041,1121,1140],"product_tag":[1593],"class_list":{"0":"post-100917","1":"product","2":"type-product","3":"status-publish","4":"has-post-thumbnail","6":"product_cat-brandid","7":"product_cat-doiy-et","8":"product_cat-sokid","9":"product_cat-naiste-sokid","10":"product_tag-socks-et","12":"first","13":"instock","14":"taxable","15":"shipping-taxable","16":"purchasable","17":"product-type-simple"},"yoast_head":"<!-- This site is optimized with the Yoast SEO plugin v27.3 - https:\/\/yoast.com\/product\/yoast-seo-wordpress\/ -->\n<title>DOIY Ros\u00e9 Bubbles sokid - TALI Concept Store<\/title>\n<meta name=\"description\" content=\"Avasta DOIY Ros\u00e9 Bubbles sokid - elegantsed ja mugavad sokid, mis loovad luksusliku tunde. Sobivad nii pidulikeks hetkedeks kui ka igap\u00e4evasteks r\u00f5\u00f5mudeks.\" \/>\n<meta name=\"robots\" content=\"index, follow, max-snippet:-1, max-image-preview:large, max-video-preview:-1\" \/>\n<link rel=\"canonical\" href=\"https:\/\/www.talidesign.eu\/et\/pood\/toode\/doiy-rose-bubbles-sokid\/\" \/>\n<meta property=\"og:locale\" content=\"et_EE\" \/>\n<meta property=\"og:type\" content=\"article\" \/>\n<meta property=\"og:title\" content=\"DOIY Ros\u00e9 Bubbles sokid - TALI Concept Store\" \/>\n<meta property=\"og:description\" content=\"Avasta DOIY Ros\u00e9 Bubbles sokid - elegantsed ja mugavad sokid, mis loovad luksusliku tunde. Sobivad nii pidulikeks hetkedeks kui ka igap\u00e4evasteks r\u00f5\u00f5mudeks.\" \/>\n<meta property=\"og:url\" content=\"https:\/\/www.talidesign.eu\/et\/pood\/toode\/doiy-rose-bubbles-sokid\/\" \/>\n<meta property=\"og:site_name\" content=\"TALI Concept Store\" \/>\n<meta property=\"article:publisher\" content=\"https:\/\/www.facebook.com\/TaliDisain\/\" \/>\n<meta property=\"article:modified_time\" content=\"2026-04-09T14:08:37+00:00\" \/>\n<meta property=\"og:image\" content=\"https:\/\/www.talidesign.eu\/wp\/wp-content\/uploads\/2025\/03\/EMSNOCROBU_PACK_72-1200x1600-1.jpeg\" \/>\n\t<meta property=\"og:image:width\" content=\"1200\" \/>\n\t<meta property=\"og:image:height\" content=\"1200\" \/>\n\t<meta property=\"og:image:type\" content=\"image\/jpeg\" \/>\n<meta name=\"twitter:card\" content=\"summary_large_image\" \/>\n<meta name=\"twitter:label1\" content=\"Est. reading time\" \/>\n\t<meta name=\"twitter:data1\" content=\"1 minute\" \/>\n<script type=\"application\/ld+json\" class=\"yoast-schema-graph\">{\"@context\":\"https:\\\/\\\/schema.org\",\"@graph\":[{\"@type\":\"WebPage\",\"@id\":\"https:\\\/\\\/www.talidesign.eu\\\/et\\\/pood\\\/toode\\\/doiy-rose-bubbles-sokid\\\/\",\"url\":\"https:\\\/\\\/www.talidesign.eu\\\/et\\\/pood\\\/toode\\\/doiy-rose-bubbles-sokid\\\/\",\"name\":\"DOIY Ros\u00e9 Bubbles sokid - TALI Concept Store\",\"isPartOf\":{\"@id\":\"https:\\\/\\\/www.talidesign.eu\\\/et\\\/#website\"},\"primaryImageOfPage\":{\"@id\":\"https:\\\/\\\/www.talidesign.eu\\\/et\\\/pood\\\/toode\\\/doiy-rose-bubbles-sokid\\\/#primaryimage\"},\"image\":{\"@id\":\"https:\\\/\\\/www.talidesign.eu\\\/et\\\/pood\\\/toode\\\/doiy-rose-bubbles-sokid\\\/#primaryimage\"},\"thumbnailUrl\":\"https:\\\/\\\/www.talidesign.eu\\\/wp\\\/wp-content\\\/uploads\\\/2025\\\/03\\\/EMSNOCROBU_PACK_72-1200x1600-1.jpeg\",\"datePublished\":\"2025-03-06T07:33:07+00:00\",\"dateModified\":\"2026-04-09T14:08:37+00:00\",\"description\":\"Avasta DOIY Ros\u00e9 Bubbles sokid - elegantsed ja mugavad sokid, mis loovad luksusliku tunde. Sobivad nii pidulikeks hetkedeks kui ka igap\u00e4evasteks r\u00f5\u00f5mudeks.\",\"breadcrumb\":{\"@id\":\"https:\\\/\\\/www.talidesign.eu\\\/et\\\/pood\\\/toode\\\/doiy-rose-bubbles-sokid\\\/#breadcrumb\"},\"inLanguage\":\"et\",\"potentialAction\":[{\"@type\":\"ReadAction\",\"target\":[\"https:\\\/\\\/www.talidesign.eu\\\/et\\\/pood\\\/toode\\\/doiy-rose-bubbles-sokid\\\/\"]}]},{\"@type\":\"ImageObject\",\"inLanguage\":\"et\",\"@id\":\"https:\\\/\\\/www.talidesign.eu\\\/et\\\/pood\\\/toode\\\/doiy-rose-bubbles-sokid\\\/#primaryimage\",\"url\":\"https:\\\/\\\/www.talidesign.eu\\\/wp\\\/wp-content\\\/uploads\\\/2025\\\/03\\\/EMSNOCROBU_PACK_72-1200x1600-1.jpeg\",\"contentUrl\":\"https:\\\/\\\/www.talidesign.eu\\\/wp\\\/wp-content\\\/uploads\\\/2025\\\/03\\\/EMSNOCROBU_PACK_72-1200x1600-1.jpeg\",\"width\":1200,\"height\":1200},{\"@type\":\"BreadcrumbList\",\"@id\":\"https:\\\/\\\/www.talidesign.eu\\\/et\\\/pood\\\/toode\\\/doiy-rose-bubbles-sokid\\\/#breadcrumb\",\"itemListElement\":[{\"@type\":\"ListItem\",\"position\":1,\"name\":\"Avaleht\",\"item\":\"https:\\\/\\\/www.talidesign.eu\\\/et\\\/\"},{\"@type\":\"ListItem\",\"position\":2,\"name\":\"Pood\",\"item\":\"https:\\\/\\\/www.talidesign.eu\\\/et\\\/pood\\\/\"},{\"@type\":\"ListItem\",\"position\":3,\"name\":\"DOIY Ros\u00e9 Bubbles sokid\"}]},{\"@type\":\"WebSite\",\"@id\":\"https:\\\/\\\/www.talidesign.eu\\\/et\\\/#website\",\"url\":\"https:\\\/\\\/www.talidesign.eu\\\/et\\\/\",\"name\":\"TALI Concept Store\",\"description\":\"Suurim Disainipood Eestis\",\"potentialAction\":[{\"@type\":\"SearchAction\",\"target\":{\"@type\":\"EntryPoint\",\"urlTemplate\":\"https:\\\/\\\/www.talidesign.eu\\\/et\\\/?s={search_term_string}\"},\"query-input\":{\"@type\":\"PropertyValueSpecification\",\"valueRequired\":true,\"valueName\":\"search_term_string\"}}],\"inLanguage\":\"et\"}]}<\/script>\n<!-- \/ Yoast SEO plugin. -->","yoast_head_json":{"title":"DOIY Ros\u00e9 Bubbles sokid - TALI Concept Store","description":"Avasta DOIY Ros\u00e9 Bubbles sokid - elegantsed ja mugavad sokid, mis loovad luksusliku tunde. Sobivad nii pidulikeks hetkedeks kui ka igap\u00e4evasteks r\u00f5\u00f5mudeks.","robots":{"index":"index","follow":"follow","max-snippet":"max-snippet:-1","max-image-preview":"max-image-preview:large","max-video-preview":"max-video-preview:-1"},"canonical":"https:\/\/www.talidesign.eu\/et\/pood\/toode\/doiy-rose-bubbles-sokid\/","og_locale":"et_EE","og_type":"article","og_title":"DOIY Ros\u00e9 Bubbles sokid - TALI Concept Store","og_description":"Avasta DOIY Ros\u00e9 Bubbles sokid - elegantsed ja mugavad sokid, mis loovad luksusliku tunde. Sobivad nii pidulikeks hetkedeks kui ka igap\u00e4evasteks r\u00f5\u00f5mudeks.","og_url":"https:\/\/www.talidesign.eu\/et\/pood\/toode\/doiy-rose-bubbles-sokid\/","og_site_name":"TALI Concept Store","article_publisher":"https:\/\/www.facebook.com\/TaliDisain\/","article_modified_time":"2026-04-09T14:08:37+00:00","og_image":[{"width":1200,"height":1200,"url":"https:\/\/www.talidesign.eu\/wp\/wp-content\/uploads\/2025\/03\/EMSNOCROBU_PACK_72-1200x1600-1.jpeg","type":"image\/jpeg"}],"twitter_card":"summary_large_image","twitter_misc":{"Est. reading time":"1 minute"},"schema":{"@context":"https:\/\/schema.org","@graph":[{"@type":"WebPage","@id":"https:\/\/www.talidesign.eu\/et\/pood\/toode\/doiy-rose-bubbles-sokid\/","url":"https:\/\/www.talidesign.eu\/et\/pood\/toode\/doiy-rose-bubbles-sokid\/","name":"DOIY Ros\u00e9 Bubbles sokid - TALI Concept Store","isPartOf":{"@id":"https:\/\/www.talidesign.eu\/et\/#website"},"primaryImageOfPage":{"@id":"https:\/\/www.talidesign.eu\/et\/pood\/toode\/doiy-rose-bubbles-sokid\/#primaryimage"},"image":{"@id":"https:\/\/www.talidesign.eu\/et\/pood\/toode\/doiy-rose-bubbles-sokid\/#primaryimage"},"thumbnailUrl":"https:\/\/www.talidesign.eu\/wp\/wp-content\/uploads\/2025\/03\/EMSNOCROBU_PACK_72-1200x1600-1.jpeg","datePublished":"2025-03-06T07:33:07+00:00","dateModified":"2026-04-09T14:08:37+00:00","description":"Avasta DOIY Ros\u00e9 Bubbles sokid - elegantsed ja mugavad sokid, mis loovad luksusliku tunde. Sobivad nii pidulikeks hetkedeks kui ka igap\u00e4evasteks r\u00f5\u00f5mudeks.","breadcrumb":{"@id":"https:\/\/www.talidesign.eu\/et\/pood\/toode\/doiy-rose-bubbles-sokid\/#breadcrumb"},"inLanguage":"et","potentialAction":[{"@type":"ReadAction","target":["https:\/\/www.talidesign.eu\/et\/pood\/toode\/doiy-rose-bubbles-sokid\/"]}]},{"@type":"ImageObject","inLanguage":"et","@id":"https:\/\/www.talidesign.eu\/et\/pood\/toode\/doiy-rose-bubbles-sokid\/#primaryimage","url":"https:\/\/www.talidesign.eu\/wp\/wp-content\/uploads\/2025\/03\/EMSNOCROBU_PACK_72-1200x1600-1.jpeg","contentUrl":"https:\/\/www.talidesign.eu\/wp\/wp-content\/uploads\/2025\/03\/EMSNOCROBU_PACK_72-1200x1600-1.jpeg","width":1200,"height":1200},{"@type":"BreadcrumbList","@id":"https:\/\/www.talidesign.eu\/et\/pood\/toode\/doiy-rose-bubbles-sokid\/#breadcrumb","itemListElement":[{"@type":"ListItem","position":1,"name":"Avaleht","item":"https:\/\/www.talidesign.eu\/et\/"},{"@type":"ListItem","position":2,"name":"Pood","item":"https:\/\/www.talidesign.eu\/et\/pood\/"},{"@type":"ListItem","position":3,"name":"DOIY Ros\u00e9 Bubbles sokid"}]},{"@type":"WebSite","@id":"https:\/\/www.talidesign.eu\/et\/#website","url":"https:\/\/www.talidesign.eu\/et\/","name":"TALI Concept Store","description":"Suurim Disainipood Eestis","potentialAction":[{"@type":"SearchAction","target":{"@type":"EntryPoint","urlTemplate":"https:\/\/www.talidesign.eu\/et\/?s={search_term_string}"},"query-input":{"@type":"PropertyValueSpecification","valueRequired":true,"valueName":"search_term_string"}}],"inLanguage":"et"}]}},"_links":{"self":[{"href":"https:\/\/www.talidesign.eu\/et\/wp-json\/wp\/v2\/product\/100917","targetHints":{"allow":["GET"]}}],"collection":[{"href":"https:\/\/www.talidesign.eu\/et\/wp-json\/wp\/v2\/product"}],"about":[{"href":"https:\/\/www.talidesign.eu\/et\/wp-json\/wp\/v2\/types\/product"}],"wp:featuredmedia":[{"embeddable":true,"href":"https:\/\/www.talidesign.eu\/et\/wp-json\/wp\/v2\/media\/100921"}],"wp:attachment":[{"href":"https:\/\/www.talidesign.eu\/et\/wp-json\/wp\/v2\/media?parent=100917"}],"wp:term":[{"taxonomy":"product_brand","embeddable":true,"href":"https:\/\/www.talidesign.eu\/et\/wp-json\/wp\/v2\/product_brand?post=100917"},{"taxonomy":"product_cat","embeddable":true,"href":"https:\/\/www.talidesign.eu\/et\/wp-json\/wp\/v2\/product_cat?post=100917"},{"taxonomy":"product_tag","embeddable":true,"href":"https:\/\/www.talidesign.eu\/et\/wp-json\/wp\/v2\/product_tag?post=100917"}],"curies":[{"name":"wp","href":"https:\/\/api.w.org\/{rel}","templated":true}]}}