{"id":100926,"date":"2025-03-17T09:48:50","date_gmt":"2025-03-06T07:48:51","guid":{"rendered":"https:\/\/www.talidesign.eu\/?post_type=product&#038;p=100926"},"modified":"2026-01-17T15:28:59","modified_gmt":"2026-01-17T13:28:59","slug":"24bottles-urban-joogipudel-reactive-i-yellow-green","status":"publish","type":"product","link":"https:\/\/www.talidesign.eu\/et\/pood\/toode\/24bottles-urban-joogipudel-reactive-i-yellow-green\/","title":{"rendered":"24Bottles Urban joogipudel REactive I Yellow\/Green"},"content":{"rendered":"<p><strong>Urban joogipudel REactive I Yellow\/Green<\/strong><\/p>\n<p><strong>REactive Collection<\/strong> \u00fchendab v\u00e4rvimuutva tehnoloogia ja l\u00e4ikiva viimistluse, mis reageerib k\u00fclmadele jookidele, muutes selle ainulaadseks lisandiks su igap\u00e4evaellu.<\/p>\n<div style=\"width: 300px;\" class=\"wp-video\"><video class=\"wp-video-shortcode\" id=\"video-100926-1\" width=\"300\" height=\"360\" loop autoplay preload=\"metadata\" controls=\"controls\"><source type=\"video\/mp4\" src=\"https:\/\/www.talidesign.eu\/wp\/wp-content\/uploads\/2025\/03\/0462090e8a3e446c83156b6b223ce5d6.HD-1080p-2.5Mbps-36894186.mp4?_=1\" \/><a href=\"https:\/\/www.talidesign.eu\/wp\/wp-content\/uploads\/2025\/03\/0462090e8a3e446c83156b6b223ce5d6.HD-1080p-2.5Mbps-36894186.mp4\">https:\/\/www.talidesign.eu\/wp\/wp-content\/uploads\/2025\/03\/0462090e8a3e446c83156b6b223ce5d6.HD-1080p-2.5Mbps-36894186.mp4<\/a><\/video><\/div>\n<\/br><\/p>\n<p>Urban Bottle on k\u00f5ige kergem roostevabast terasest veepudel!<\/p>\n<p>\u2022 <a href=\"\/et\/tootekategooria\/brandid\/24bottles-et\/\">Br\u00e4nd 24Bottles<\/a><br \/>\n\u2022 Mahutavus: 500 ml<br \/>\n\u2022 L\u00e4bim\u00f5\u00f5t: 6,5 cm | K\u00f5rgus: 21 cm<br \/>\n\u2022 Kaal: vaid 117 g<br \/>\n\u2022 18\/8 toidukvaliteediga roostevaba teras<br \/>\n\u2022 100% BPA-vaba, ftalaadivaba, m\u00fcrgivaba<br \/>\n\u2022 K\u00e4sipesu soovitatav<\/p>\n<p><strong>Br\u00e4ndist 24Bottles\u00ae<\/strong><\/p>\n<p>Itaalia br\u00e4ndi asutajate Giovanni Randazzo ja Matteo Melotti eesm\u00e4rk on v\u00e4hendada \u00fchekordse taara mahtu ning selle m\u00f5ju keskkonnale. Pakkudes kvaliteetset toodet ning esteetilist disaini, p\u00fc\u00fcavad disainerid suunata inimesi tervislikuma elustiili ning puhtama keskkonna poole.<\/p>\n<p><a href=https:\/\/www.talidesign.eu\/wp\/wp-content\/uploads\/2020\/04\/24bottle.jpg><img class=\"alignnone size-full wp-image-9609\" src=https:\/\/www.talidesign.eu\/wp\/wp-content\/uploads\/2020\/04\/24bottle.jpg alt=\"\" width=\"826\" height=\"537\" \/><\/a><br \/>\n<em>Giovanni Randazzo and Matteo Melotti founders of 24Bottles\u00ae<\/em><\/p>\n","protected":false},"excerpt":{"rendered":"<p><strong>Urban joogipudel REactive I Yellow\/Green<\/strong><\/p>\n<p><strong>REactive Collection<\/strong> \u00fchendab v\u00e4rvimuutva tehnoloogia ja l\u00e4ikiva viimistluse, mis reageerib k\u00fclmadele jookidele, muutes selle ainulaadseks lisandiks su igap\u00e4evaellu.<\/p>\n<div style=\"width: 300px;\" class=\"wp-video\"><video class=\"wp-video-shortcode\" id=\"video-100926-2\" width=\"300\" height=\"360\" loop autoplay preload=\"metadata\" controls=\"controls\"><source type=\"video\/mp4\" src=\"https:\/\/www.talidesign.eu\/wp\/wp-content\/uploads\/2025\/03\/0462090e8a3e446c83156b6b223ce5d6.HD-1080p-2.5Mbps-36894186.mp4?_=2\" \/><a href=\"https:\/\/www.talidesign.eu\/wp\/wp-content\/uploads\/2025\/03\/0462090e8a3e446c83156b6b223ce5d6.HD-1080p-2.5Mbps-36894186.mp4\">https:\/\/www.talidesign.eu\/wp\/wp-content\/uploads\/2025\/03\/0462090e8a3e446c83156b6b223ce5d6.HD-1080p-2.5Mbps-36894186.mp4<\/a><\/video><\/div>\n<\/br><\/p>\n<p>Urban Bottle on k\u00f5ige kergem roostevabast terasest veepudel!<\/p>\n<p>\u2022 <a href=\"\/et\/tootekategooria\/brandid\/24bottles-et\/\">Br\u00e4nd 24Bottles<\/a><br \/>\n\u2022 Mahutavus: 500 ml<br \/>\n\u2022 L\u00e4bim\u00f5\u00f5t: 6,5 cm | K\u00f5rgus: 21 cm<br \/>\n\u2022 Kaal: vaid 117 g<br \/>\n\u2022 18\/8 toidukvaliteediga roostevaba teras<br \/>\n\u2022 100% BPA-vaba, ftalaadivaba, m\u00fcrgivaba<br \/>\n\u2022 K\u00e4sipesu soovitatav<\/p>\n<p><strong>Br\u00e4ndist 24Bottles\u00ae<\/strong><\/p>\n<p>Itaalia br\u00e4ndi asutajate Giovanni Randazzo ja Matteo Melotti eesm\u00e4rk on v\u00e4hendada \u00fchekordse taara mahtu ning selle m\u00f5ju keskkonnale. Pakkudes kvaliteetset toodet ning esteetilist disaini, p\u00fc\u00fcavad disainerid suunata inimesi tervislikuma elustiili ning puhtama keskkonna poole.<\/p>\n<p><a href=https:\/\/www.talidesign.eu\/wp\/wp-content\/uploads\/2020\/04\/24bottle.jpg><img class=\"alignnone size-full wp-image-9609\" src=https:\/\/www.talidesign.eu\/wp\/wp-content\/uploads\/2020\/04\/24bottle.jpg alt=\"\" width=\"826\" height=\"537\" \/><\/a><br \/>\n<em>Giovanni Randazzo and Matteo Melotti founders of 24Bottles\u00ae<\/em><\/p>\n","protected":false},"featured_media":100930,"template":"","meta":[],"product_brand":[],"product_cat":[1029,1099,1026,1018,1114,1132],"product_tag":[1480],"class_list":{"0":"post-100926","1":"product","2":"type-product","3":"status-publish","4":"has-post-thumbnail","6":"product_cat-24bottles-et","7":"product_cat-aksessuaarid","8":"product_cat-brandid","9":"product_cat-kodu","10":"product_cat-pudelid","11":"product_cat-naiste-pudelid","12":"product_tag-24bottles-et","14":"first","15":"outofstock","16":"taxable","17":"shipping-taxable","18":"purchasable","19":"product-type-simple"},"yoast_head":"<!-- This site is optimized with the Yoast SEO plugin v27.3 - https:\/\/yoast.com\/product\/yoast-seo-wordpress\/ -->\n<title>24Bottles - Urban Bottle Ice White<\/title>\n<meta name=\"description\" content=\"Avasta 24Bottles Urban joogipudel REactive I Yellow\/Green - ainulaadne lisand su igap\u00e4evaellu, mis reageerib k\u00fclmadele jookidele.\" \/>\n<meta name=\"robots\" content=\"index, follow, max-snippet:-1, max-image-preview:large, max-video-preview:-1\" \/>\n<link rel=\"canonical\" href=\"https:\/\/www.talidesign.eu\/et\/pood\/toode\/24bottles-urban-joogipudel-reactive-i-yellow-green\/\" \/>\n<meta property=\"og:locale\" content=\"et_EE\" \/>\n<meta property=\"og:type\" content=\"article\" \/>\n<meta property=\"og:title\" content=\"24Bottles - Urban Bottle Ice White\" \/>\n<meta property=\"og:description\" content=\"Avasta 24Bottles Urban joogipudel REactive I Yellow\/Green - ainulaadne lisand su igap\u00e4evaellu, mis reageerib k\u00fclmadele jookidele.\" \/>\n<meta property=\"og:url\" content=\"https:\/\/www.talidesign.eu\/et\/pood\/toode\/24bottles-urban-joogipudel-reactive-i-yellow-green\/\" \/>\n<meta property=\"og:site_name\" content=\"TALI Concept Store\" \/>\n<meta property=\"article:publisher\" content=\"https:\/\/www.facebook.com\/TaliDisain\/\" \/>\n<meta property=\"article:modified_time\" content=\"2026-01-17T13:28:59+00:00\" \/>\n<meta property=\"og:image\" content=\"https:\/\/www.talidesign.eu\/wp\/wp-content\/uploads\/2025\/03\/24Bottles_Urban500_Gialla_Reactive_02_760c5ed6-9438-4c5a-8aec-e653321d4d9f-Photoroom.jpg\" \/>\n\t<meta property=\"og:image:width\" content=\"1200\" \/>\n\t<meta property=\"og:image:height\" content=\"1200\" \/>\n\t<meta property=\"og:image:type\" content=\"image\/jpeg\" \/>\n<meta name=\"twitter:card\" content=\"summary_large_image\" \/>\n<meta name=\"twitter:label1\" content=\"Est. reading time\" \/>\n\t<meta name=\"twitter:data1\" content=\"1 minute\" \/>\n<script type=\"application\/ld+json\" class=\"yoast-schema-graph\">{\"@context\":\"https:\\\/\\\/schema.org\",\"@graph\":[{\"@type\":\"WebPage\",\"@id\":\"https:\\\/\\\/www.talidesign.eu\\\/et\\\/pood\\\/toode\\\/24bottles-urban-joogipudel-reactive-i-yellow-green\\\/\",\"url\":\"https:\\\/\\\/www.talidesign.eu\\\/et\\\/pood\\\/toode\\\/24bottles-urban-joogipudel-reactive-i-yellow-green\\\/\",\"name\":\"24Bottles - Urban Bottle Ice White\",\"isPartOf\":{\"@id\":\"https:\\\/\\\/www.talidesign.eu\\\/et\\\/#website\"},\"primaryImageOfPage\":{\"@id\":\"https:\\\/\\\/www.talidesign.eu\\\/et\\\/pood\\\/toode\\\/24bottles-urban-joogipudel-reactive-i-yellow-green\\\/#primaryimage\"},\"image\":{\"@id\":\"https:\\\/\\\/www.talidesign.eu\\\/et\\\/pood\\\/toode\\\/24bottles-urban-joogipudel-reactive-i-yellow-green\\\/#primaryimage\"},\"thumbnailUrl\":\"https:\\\/\\\/www.talidesign.eu\\\/wp\\\/wp-content\\\/uploads\\\/2025\\\/03\\\/24Bottles_Urban500_Gialla_Reactive_02_760c5ed6-9438-4c5a-8aec-e653321d4d9f-Photoroom.jpg\",\"datePublished\":\"2025-03-06T07:48:51+00:00\",\"dateModified\":\"2026-01-17T13:28:59+00:00\",\"description\":\"Avasta 24Bottles Urban joogipudel REactive I Yellow\\\/Green - ainulaadne lisand su igap\u00e4evaellu, mis reageerib k\u00fclmadele jookidele.\",\"breadcrumb\":{\"@id\":\"https:\\\/\\\/www.talidesign.eu\\\/et\\\/pood\\\/toode\\\/24bottles-urban-joogipudel-reactive-i-yellow-green\\\/#breadcrumb\"},\"inLanguage\":\"et\",\"potentialAction\":[{\"@type\":\"ReadAction\",\"target\":[\"https:\\\/\\\/www.talidesign.eu\\\/et\\\/pood\\\/toode\\\/24bottles-urban-joogipudel-reactive-i-yellow-green\\\/\"]}]},{\"@type\":\"ImageObject\",\"inLanguage\":\"et\",\"@id\":\"https:\\\/\\\/www.talidesign.eu\\\/et\\\/pood\\\/toode\\\/24bottles-urban-joogipudel-reactive-i-yellow-green\\\/#primaryimage\",\"url\":\"https:\\\/\\\/www.talidesign.eu\\\/wp\\\/wp-content\\\/uploads\\\/2025\\\/03\\\/24Bottles_Urban500_Gialla_Reactive_02_760c5ed6-9438-4c5a-8aec-e653321d4d9f-Photoroom.jpg\",\"contentUrl\":\"https:\\\/\\\/www.talidesign.eu\\\/wp\\\/wp-content\\\/uploads\\\/2025\\\/03\\\/24Bottles_Urban500_Gialla_Reactive_02_760c5ed6-9438-4c5a-8aec-e653321d4d9f-Photoroom.jpg\",\"width\":1200,\"height\":1200},{\"@type\":\"BreadcrumbList\",\"@id\":\"https:\\\/\\\/www.talidesign.eu\\\/et\\\/pood\\\/toode\\\/24bottles-urban-joogipudel-reactive-i-yellow-green\\\/#breadcrumb\",\"itemListElement\":[{\"@type\":\"ListItem\",\"position\":1,\"name\":\"Avaleht\",\"item\":\"https:\\\/\\\/www.talidesign.eu\\\/et\\\/\"},{\"@type\":\"ListItem\",\"position\":2,\"name\":\"Pood\",\"item\":\"https:\\\/\\\/www.talidesign.eu\\\/et\\\/pood\\\/\"},{\"@type\":\"ListItem\",\"position\":3,\"name\":\"24Bottles Urban joogipudel REactive I Yellow\\\/Green\"}]},{\"@type\":\"WebSite\",\"@id\":\"https:\\\/\\\/www.talidesign.eu\\\/et\\\/#website\",\"url\":\"https:\\\/\\\/www.talidesign.eu\\\/et\\\/\",\"name\":\"TALI Concept Store\",\"description\":\"Suurim Disainipood Eestis\",\"potentialAction\":[{\"@type\":\"SearchAction\",\"target\":{\"@type\":\"EntryPoint\",\"urlTemplate\":\"https:\\\/\\\/www.talidesign.eu\\\/et\\\/?s={search_term_string}\"},\"query-input\":{\"@type\":\"PropertyValueSpecification\",\"valueRequired\":true,\"valueName\":\"search_term_string\"}}],\"inLanguage\":\"et\"}]}<\/script>\n<!-- \/ Yoast SEO plugin. -->","yoast_head_json":{"title":"24Bottles - Urban Bottle Ice White","description":"Avasta 24Bottles Urban joogipudel REactive I Yellow\/Green - ainulaadne lisand su igap\u00e4evaellu, mis reageerib k\u00fclmadele jookidele.","robots":{"index":"index","follow":"follow","max-snippet":"max-snippet:-1","max-image-preview":"max-image-preview:large","max-video-preview":"max-video-preview:-1"},"canonical":"https:\/\/www.talidesign.eu\/et\/pood\/toode\/24bottles-urban-joogipudel-reactive-i-yellow-green\/","og_locale":"et_EE","og_type":"article","og_title":"24Bottles - Urban Bottle Ice White","og_description":"Avasta 24Bottles Urban joogipudel REactive I Yellow\/Green - ainulaadne lisand su igap\u00e4evaellu, mis reageerib k\u00fclmadele jookidele.","og_url":"https:\/\/www.talidesign.eu\/et\/pood\/toode\/24bottles-urban-joogipudel-reactive-i-yellow-green\/","og_site_name":"TALI Concept Store","article_publisher":"https:\/\/www.facebook.com\/TaliDisain\/","article_modified_time":"2026-01-17T13:28:59+00:00","og_image":[{"width":1200,"height":1200,"url":"https:\/\/www.talidesign.eu\/wp\/wp-content\/uploads\/2025\/03\/24Bottles_Urban500_Gialla_Reactive_02_760c5ed6-9438-4c5a-8aec-e653321d4d9f-Photoroom.jpg","type":"image\/jpeg"}],"twitter_card":"summary_large_image","twitter_misc":{"Est. reading time":"1 minute"},"schema":{"@context":"https:\/\/schema.org","@graph":[{"@type":"WebPage","@id":"https:\/\/www.talidesign.eu\/et\/pood\/toode\/24bottles-urban-joogipudel-reactive-i-yellow-green\/","url":"https:\/\/www.talidesign.eu\/et\/pood\/toode\/24bottles-urban-joogipudel-reactive-i-yellow-green\/","name":"24Bottles - Urban Bottle Ice White","isPartOf":{"@id":"https:\/\/www.talidesign.eu\/et\/#website"},"primaryImageOfPage":{"@id":"https:\/\/www.talidesign.eu\/et\/pood\/toode\/24bottles-urban-joogipudel-reactive-i-yellow-green\/#primaryimage"},"image":{"@id":"https:\/\/www.talidesign.eu\/et\/pood\/toode\/24bottles-urban-joogipudel-reactive-i-yellow-green\/#primaryimage"},"thumbnailUrl":"https:\/\/www.talidesign.eu\/wp\/wp-content\/uploads\/2025\/03\/24Bottles_Urban500_Gialla_Reactive_02_760c5ed6-9438-4c5a-8aec-e653321d4d9f-Photoroom.jpg","datePublished":"2025-03-06T07:48:51+00:00","dateModified":"2026-01-17T13:28:59+00:00","description":"Avasta 24Bottles Urban joogipudel REactive I Yellow\/Green - ainulaadne lisand su igap\u00e4evaellu, mis reageerib k\u00fclmadele jookidele.","breadcrumb":{"@id":"https:\/\/www.talidesign.eu\/et\/pood\/toode\/24bottles-urban-joogipudel-reactive-i-yellow-green\/#breadcrumb"},"inLanguage":"et","potentialAction":[{"@type":"ReadAction","target":["https:\/\/www.talidesign.eu\/et\/pood\/toode\/24bottles-urban-joogipudel-reactive-i-yellow-green\/"]}]},{"@type":"ImageObject","inLanguage":"et","@id":"https:\/\/www.talidesign.eu\/et\/pood\/toode\/24bottles-urban-joogipudel-reactive-i-yellow-green\/#primaryimage","url":"https:\/\/www.talidesign.eu\/wp\/wp-content\/uploads\/2025\/03\/24Bottles_Urban500_Gialla_Reactive_02_760c5ed6-9438-4c5a-8aec-e653321d4d9f-Photoroom.jpg","contentUrl":"https:\/\/www.talidesign.eu\/wp\/wp-content\/uploads\/2025\/03\/24Bottles_Urban500_Gialla_Reactive_02_760c5ed6-9438-4c5a-8aec-e653321d4d9f-Photoroom.jpg","width":1200,"height":1200},{"@type":"BreadcrumbList","@id":"https:\/\/www.talidesign.eu\/et\/pood\/toode\/24bottles-urban-joogipudel-reactive-i-yellow-green\/#breadcrumb","itemListElement":[{"@type":"ListItem","position":1,"name":"Avaleht","item":"https:\/\/www.talidesign.eu\/et\/"},{"@type":"ListItem","position":2,"name":"Pood","item":"https:\/\/www.talidesign.eu\/et\/pood\/"},{"@type":"ListItem","position":3,"name":"24Bottles Urban joogipudel REactive I Yellow\/Green"}]},{"@type":"WebSite","@id":"https:\/\/www.talidesign.eu\/et\/#website","url":"https:\/\/www.talidesign.eu\/et\/","name":"TALI Concept Store","description":"Suurim Disainipood Eestis","potentialAction":[{"@type":"SearchAction","target":{"@type":"EntryPoint","urlTemplate":"https:\/\/www.talidesign.eu\/et\/?s={search_term_string}"},"query-input":{"@type":"PropertyValueSpecification","valueRequired":true,"valueName":"search_term_string"}}],"inLanguage":"et"}]}},"_links":{"self":[{"href":"https:\/\/www.talidesign.eu\/et\/wp-json\/wp\/v2\/product\/100926","targetHints":{"allow":["GET"]}}],"collection":[{"href":"https:\/\/www.talidesign.eu\/et\/wp-json\/wp\/v2\/product"}],"about":[{"href":"https:\/\/www.talidesign.eu\/et\/wp-json\/wp\/v2\/types\/product"}],"wp:featuredmedia":[{"embeddable":true,"href":"https:\/\/www.talidesign.eu\/et\/wp-json\/wp\/v2\/media\/100930"}],"wp:attachment":[{"href":"https:\/\/www.talidesign.eu\/et\/wp-json\/wp\/v2\/media?parent=100926"}],"wp:term":[{"taxonomy":"product_brand","embeddable":true,"href":"https:\/\/www.talidesign.eu\/et\/wp-json\/wp\/v2\/product_brand?post=100926"},{"taxonomy":"product_cat","embeddable":true,"href":"https:\/\/www.talidesign.eu\/et\/wp-json\/wp\/v2\/product_cat?post=100926"},{"taxonomy":"product_tag","embeddable":true,"href":"https:\/\/www.talidesign.eu\/et\/wp-json\/wp\/v2\/product_tag?post=100926"}],"curies":[{"name":"wp","href":"https:\/\/api.w.org\/{rel}","templated":true}]}}