{"id":101281,"date":"2025-03-17T14:30:15","date_gmt":"2025-03-11T07:30:16","guid":{"rendered":"https:\/\/www.talidesign.eu\/?post_type=product&#038;p=101281"},"modified":"2025-11-18T12:31:14","modified_gmt":"2025-11-18T10:31:14","slug":"edblad-prime-creoles-l-korvarongad-teras","status":"publish","type":"product","link":"https:\/\/www.talidesign.eu\/et\/pood\/toode\/edblad-prime-creoles-l-korvarongad-teras\/","title":{"rendered":"Edblad Prime Creoles L k\u00f5rvar\u00f5ngad teras"},"content":{"rendered":"<p><strong>Prime Creoles L k\u00f5rvar\u00f5ngad teras<\/strong><\/p>\n<p>Prime Creoles L on loodud neile, kes hindavad puhtaid jooni ja ajatut disaini. Lai, \u00fcmara kujuga vorm tagab silmapaistva ja trendika v\u00e4limuse, mis sobib nii t\u00f6\u00f6p\u00e4evaks kui ka pidulikeks s\u00fcndmusteks.<\/p>\n<p>\u2022 <a href=\"https:\/\/www.talidesign.eu\/et\/tootekategooria\/brandid\/edblad-ehted\/\">Br\u00e4nd Edblad<\/a><br \/>\n\u2022 L\u00e4bim\u00f5\u00f5t: 22 mm | Laius: 16 mm<br \/>\n\u2022 L\u00e4ikiv roostevaba teras<br \/>\n\u2022 Niklivaba<br \/>\n\u2022 Veekindel \u2013 ideaalne igap\u00e4evaseks kandmiseks<br \/>\n\u2022 Kinkekarbis<\/p>\n<p>Parim vahend ehete puhastamiseks kodus on soe vesi. Puhastage ehted \u00f5rnatoimelise n\u00f5udepesuvahendi ja sooja vee lahuses. Loputage hoolikalt ja kuivatage pehme lapiga.<\/p>\n<p>Parima tulemuse saavutamiseks poleerige h\u00f5beehteid spetsiaalse ehete poleerimise lapiga.<\/p>\n<p><strong>Meie ajalugu ja p\u00e4rand<\/strong><\/p>\n<p><strong>Edblad <\/strong>on olnud Rootsi juhtiv ehtebr\u00e4nd alates 2006. aastast, mil disaineripaar Cathrine ja Hans Edblad selle asutasid. J\u00e4tkusuutlikkus ning skandinaavialik lihtsus on olnud meie kaubam\u00e4rgi p\u00f5hiv\u00e4\u00e4rtused juba algusest peale.<\/p>\n<p>Kiire elutempoga maailmas, kus asjad tulevad ja l\u00e4hevad sama kiiresti, on Edblad justkui ajakapsel, mis talletab olulisi hetki. Rootsi ehtekunst, mis on loodud samaaegselt nii stiilse kui ka vastupidavana, aitab Edbladil olla elav jutustaja kauakestvatest m\u00e4lestustest.<\/p>\n<p>Edblad kannab endas Rootsi p\u00e4randit \u2013 pingutuseta minimalismi ja ajatult kaunist stiili, mis on k\u00e4ttesaadav kaasaegsete ehete kaudu. Kogu meie kollektsioon s\u00fcnnib Stockholmis disainimeeskonna ning peadisainer Karin Fritzi k\u00e4e all.<\/p>\n<p><a href=\"https:\/\/www.talidesign.eu\/et\/tootekategooria\/brandid\/edblad-ehted\/\"><img loading=\"lazy\" decoding=\"async\" src=\"https:\/\/www.talidesign.eu\/wp\/wp-content\/uploads\/2025\/01\/edblad-1.jpg\" alt=\"\" width=\"500\" height=\"100\" class=\"alignnone size-full wp-image-96675\" \/><\/a><\/p>\n","protected":false},"excerpt":{"rendered":"<p><strong>Prime Creoles L k\u00f5rvar\u00f5ngad teras<\/strong><\/p>\n<p>Prime Creoles L on loodud neile, kes hindavad puhtaid jooni ja ajatut disaini. Lai, \u00fcmara kujuga vorm tagab silmapaistva ja trendika v\u00e4limuse, mis sobib nii t\u00f6\u00f6p\u00e4evaks kui ka pidulikeks s\u00fcndmusteks.<\/p>\n<p>\u2022 <a href=\"https:\/\/www.talidesign.eu\/et\/tootekategooria\/brandid\/edblad-ehted\/\">Br\u00e4nd Edblad<\/a><br \/>\n\u2022 L\u00e4bim\u00f5\u00f5t: 22 mm | Laius: 16 mm<br \/>\n\u2022 L\u00e4ikiv roostevaba teras<br \/>\n\u2022 Niklivaba<br \/>\n\u2022 Veekindel \u2013 ideaalne igap\u00e4evaseks kandmiseks<br \/>\n\u2022 Kinkekarbis<\/p>\n<p>Parim vahend ehete puhastamiseks kodus on soe vesi. Puhastage ehted \u00f5rnatoimelise n\u00f5udepesuvahendi ja sooja vee lahuses. Loputage hoolikalt ja kuivatage pehme lapiga.<\/p>\n<p>Parima tulemuse saavutamiseks poleerige h\u00f5beehteid spetsiaalse ehete poleerimise lapiga.<\/p>\n<p><strong>Meie ajalugu ja p\u00e4rand<\/strong><\/p>\n<p><strong>Edblad <\/strong>on olnud Rootsi juhtiv ehtebr\u00e4nd alates 2006. aastast, mil disaineripaar Cathrine ja Hans Edblad selle asutasid. J\u00e4tkusuutlikkus ning skandinaavialik lihtsus on olnud meie kaubam\u00e4rgi p\u00f5hiv\u00e4\u00e4rtused juba algusest peale.<\/p>\n<p>Kiire elutempoga maailmas, kus asjad tulevad ja l\u00e4hevad sama kiiresti, on Edblad justkui ajakapsel, mis talletab olulisi hetki. Rootsi ehtekunst, mis on loodud samaaegselt nii stiilse kui ka vastupidavana, aitab Edbladil olla elav jutustaja kauakestvatest m\u00e4lestustest.<\/p>\n<p>Edblad kannab endas Rootsi p\u00e4randit \u2013 pingutuseta minimalismi ja ajatult kaunist stiili, mis on k\u00e4ttesaadav kaasaegsete ehete kaudu. Kogu meie kollektsioon s\u00fcnnib Stockholmis disainimeeskonna ning peadisainer Karin Fritzi k\u00e4e all.<\/p>\n<p><a href=\"https:\/\/www.talidesign.eu\/et\/tootekategooria\/brandid\/edblad-ehted\/\"><img loading=\"lazy\" decoding=\"async\" src=\"https:\/\/www.talidesign.eu\/wp\/wp-content\/uploads\/2025\/01\/edblad-1.jpg\" alt=\"\" width=\"500\" height=\"100\" class=\"alignnone size-full wp-image-96675\" \/><\/a><\/p>\n","protected":false},"featured_media":101285,"template":"","meta":[],"product_brand":[],"product_cat":[1026,3398,3396,1146],"product_tag":[3401],"class_list":{"0":"post-101281","1":"product","2":"type-product","3":"status-publish","4":"has-post-thumbnail","6":"product_cat-brandid","7":"product_cat-edblad-korvarongad","8":"product_cat-edblad-ehted","9":"product_cat-ehted","10":"product_tag-edblad-et","12":"first","13":"outofstock","14":"taxable","15":"shipping-taxable","16":"purchasable","17":"product-type-simple"},"yoast_head":"<!-- This site is optimized with the Yoast SEO plugin v27.3 - https:\/\/yoast.com\/product\/yoast-seo-wordpress\/ -->\n<title>Edblad Prime Creoles L k\u00f5rvar\u00f5ngad teras - TALI Concept Store<\/title>\n<meta name=\"description\" content=\"Avasta Edblad Prime Creoles L k\u00f5rvar\u00f5ngad teras - ajatu disain, silmapaistev v\u00e4limus ja kvaliteetne materjal. Tutvu l\u00e4hemalt!\" \/>\n<meta name=\"robots\" content=\"index, follow, max-snippet:-1, max-image-preview:large, max-video-preview:-1\" \/>\n<link rel=\"canonical\" href=\"https:\/\/www.talidesign.eu\/et\/pood\/toode\/edblad-prime-creoles-l-korvarongad-teras\/\" \/>\n<meta property=\"og:locale\" content=\"et_EE\" \/>\n<meta property=\"og:type\" content=\"article\" \/>\n<meta property=\"og:title\" content=\"Edblad Prime Creoles L k\u00f5rvar\u00f5ngad teras - TALI Concept Store\" \/>\n<meta property=\"og:description\" content=\"Avasta Edblad Prime Creoles L k\u00f5rvar\u00f5ngad teras - ajatu disain, silmapaistev v\u00e4limus ja kvaliteetne materjal. Tutvu l\u00e4hemalt!\" \/>\n<meta property=\"og:url\" content=\"https:\/\/www.talidesign.eu\/et\/pood\/toode\/edblad-prime-creoles-l-korvarongad-teras\/\" \/>\n<meta property=\"og:site_name\" content=\"TALI Concept Store\" \/>\n<meta property=\"article:publisher\" content=\"https:\/\/www.facebook.com\/TaliDisain\/\" \/>\n<meta property=\"article:modified_time\" content=\"2025-11-18T10:31:14+00:00\" \/>\n<meta property=\"og:image\" content=\"https:\/\/www.talidesign.eu\/wp\/wp-content\/uploads\/2025\/03\/edblad-prime-creoles-l-steel-pi-127575.jpeg\" \/>\n\t<meta property=\"og:image:width\" content=\"1200\" \/>\n\t<meta property=\"og:image:height\" content=\"1200\" \/>\n\t<meta property=\"og:image:type\" content=\"image\/jpeg\" \/>\n<meta name=\"twitter:card\" content=\"summary_large_image\" \/>\n<meta name=\"twitter:label1\" content=\"Est. reading time\" \/>\n\t<meta name=\"twitter:data1\" content=\"2 minutes\" \/>\n<script type=\"application\/ld+json\" class=\"yoast-schema-graph\">{\"@context\":\"https:\\\/\\\/schema.org\",\"@graph\":[{\"@type\":\"WebPage\",\"@id\":\"https:\\\/\\\/www.talidesign.eu\\\/et\\\/pood\\\/toode\\\/edblad-prime-creoles-l-korvarongad-teras\\\/\",\"url\":\"https:\\\/\\\/www.talidesign.eu\\\/et\\\/pood\\\/toode\\\/edblad-prime-creoles-l-korvarongad-teras\\\/\",\"name\":\"Edblad Prime Creoles L k\u00f5rvar\u00f5ngad teras - TALI Concept Store\",\"isPartOf\":{\"@id\":\"https:\\\/\\\/www.talidesign.eu\\\/et\\\/#website\"},\"primaryImageOfPage\":{\"@id\":\"https:\\\/\\\/www.talidesign.eu\\\/et\\\/pood\\\/toode\\\/edblad-prime-creoles-l-korvarongad-teras\\\/#primaryimage\"},\"image\":{\"@id\":\"https:\\\/\\\/www.talidesign.eu\\\/et\\\/pood\\\/toode\\\/edblad-prime-creoles-l-korvarongad-teras\\\/#primaryimage\"},\"thumbnailUrl\":\"https:\\\/\\\/www.talidesign.eu\\\/wp\\\/wp-content\\\/uploads\\\/2025\\\/03\\\/edblad-prime-creoles-l-steel-pi-127575.jpeg\",\"datePublished\":\"2025-03-11T07:30:16+00:00\",\"dateModified\":\"2025-11-18T10:31:14+00:00\",\"description\":\"Avasta Edblad Prime Creoles L k\u00f5rvar\u00f5ngad teras - ajatu disain, silmapaistev v\u00e4limus ja kvaliteetne materjal. Tutvu l\u00e4hemalt!\",\"breadcrumb\":{\"@id\":\"https:\\\/\\\/www.talidesign.eu\\\/et\\\/pood\\\/toode\\\/edblad-prime-creoles-l-korvarongad-teras\\\/#breadcrumb\"},\"inLanguage\":\"et\",\"potentialAction\":[{\"@type\":\"ReadAction\",\"target\":[\"https:\\\/\\\/www.talidesign.eu\\\/et\\\/pood\\\/toode\\\/edblad-prime-creoles-l-korvarongad-teras\\\/\"]}]},{\"@type\":\"ImageObject\",\"inLanguage\":\"et\",\"@id\":\"https:\\\/\\\/www.talidesign.eu\\\/et\\\/pood\\\/toode\\\/edblad-prime-creoles-l-korvarongad-teras\\\/#primaryimage\",\"url\":\"https:\\\/\\\/www.talidesign.eu\\\/wp\\\/wp-content\\\/uploads\\\/2025\\\/03\\\/edblad-prime-creoles-l-steel-pi-127575.jpeg\",\"contentUrl\":\"https:\\\/\\\/www.talidesign.eu\\\/wp\\\/wp-content\\\/uploads\\\/2025\\\/03\\\/edblad-prime-creoles-l-steel-pi-127575.jpeg\",\"width\":1200,\"height\":1200},{\"@type\":\"BreadcrumbList\",\"@id\":\"https:\\\/\\\/www.talidesign.eu\\\/et\\\/pood\\\/toode\\\/edblad-prime-creoles-l-korvarongad-teras\\\/#breadcrumb\",\"itemListElement\":[{\"@type\":\"ListItem\",\"position\":1,\"name\":\"Avaleht\",\"item\":\"https:\\\/\\\/www.talidesign.eu\\\/et\\\/\"},{\"@type\":\"ListItem\",\"position\":2,\"name\":\"Pood\",\"item\":\"https:\\\/\\\/www.talidesign.eu\\\/et\\\/pood\\\/\"},{\"@type\":\"ListItem\",\"position\":3,\"name\":\"Edblad Prime Creoles L k\u00f5rvar\u00f5ngad teras\"}]},{\"@type\":\"WebSite\",\"@id\":\"https:\\\/\\\/www.talidesign.eu\\\/et\\\/#website\",\"url\":\"https:\\\/\\\/www.talidesign.eu\\\/et\\\/\",\"name\":\"TALI Concept Store\",\"description\":\"Suurim Disainipood Eestis\",\"potentialAction\":[{\"@type\":\"SearchAction\",\"target\":{\"@type\":\"EntryPoint\",\"urlTemplate\":\"https:\\\/\\\/www.talidesign.eu\\\/et\\\/?s={search_term_string}\"},\"query-input\":{\"@type\":\"PropertyValueSpecification\",\"valueRequired\":true,\"valueName\":\"search_term_string\"}}],\"inLanguage\":\"et\"}]}<\/script>\n<!-- \/ Yoast SEO plugin. -->","yoast_head_json":{"title":"Edblad Prime Creoles L k\u00f5rvar\u00f5ngad teras - TALI Concept Store","description":"Avasta Edblad Prime Creoles L k\u00f5rvar\u00f5ngad teras - ajatu disain, silmapaistev v\u00e4limus ja kvaliteetne materjal. Tutvu l\u00e4hemalt!","robots":{"index":"index","follow":"follow","max-snippet":"max-snippet:-1","max-image-preview":"max-image-preview:large","max-video-preview":"max-video-preview:-1"},"canonical":"https:\/\/www.talidesign.eu\/et\/pood\/toode\/edblad-prime-creoles-l-korvarongad-teras\/","og_locale":"et_EE","og_type":"article","og_title":"Edblad Prime Creoles L k\u00f5rvar\u00f5ngad teras - TALI Concept Store","og_description":"Avasta Edblad Prime Creoles L k\u00f5rvar\u00f5ngad teras - ajatu disain, silmapaistev v\u00e4limus ja kvaliteetne materjal. Tutvu l\u00e4hemalt!","og_url":"https:\/\/www.talidesign.eu\/et\/pood\/toode\/edblad-prime-creoles-l-korvarongad-teras\/","og_site_name":"TALI Concept Store","article_publisher":"https:\/\/www.facebook.com\/TaliDisain\/","article_modified_time":"2025-11-18T10:31:14+00:00","og_image":[{"width":1200,"height":1200,"url":"https:\/\/www.talidesign.eu\/wp\/wp-content\/uploads\/2025\/03\/edblad-prime-creoles-l-steel-pi-127575.jpeg","type":"image\/jpeg"}],"twitter_card":"summary_large_image","twitter_misc":{"Est. reading time":"2 minutes"},"schema":{"@context":"https:\/\/schema.org","@graph":[{"@type":"WebPage","@id":"https:\/\/www.talidesign.eu\/et\/pood\/toode\/edblad-prime-creoles-l-korvarongad-teras\/","url":"https:\/\/www.talidesign.eu\/et\/pood\/toode\/edblad-prime-creoles-l-korvarongad-teras\/","name":"Edblad Prime Creoles L k\u00f5rvar\u00f5ngad teras - TALI Concept Store","isPartOf":{"@id":"https:\/\/www.talidesign.eu\/et\/#website"},"primaryImageOfPage":{"@id":"https:\/\/www.talidesign.eu\/et\/pood\/toode\/edblad-prime-creoles-l-korvarongad-teras\/#primaryimage"},"image":{"@id":"https:\/\/www.talidesign.eu\/et\/pood\/toode\/edblad-prime-creoles-l-korvarongad-teras\/#primaryimage"},"thumbnailUrl":"https:\/\/www.talidesign.eu\/wp\/wp-content\/uploads\/2025\/03\/edblad-prime-creoles-l-steel-pi-127575.jpeg","datePublished":"2025-03-11T07:30:16+00:00","dateModified":"2025-11-18T10:31:14+00:00","description":"Avasta Edblad Prime Creoles L k\u00f5rvar\u00f5ngad teras - ajatu disain, silmapaistev v\u00e4limus ja kvaliteetne materjal. Tutvu l\u00e4hemalt!","breadcrumb":{"@id":"https:\/\/www.talidesign.eu\/et\/pood\/toode\/edblad-prime-creoles-l-korvarongad-teras\/#breadcrumb"},"inLanguage":"et","potentialAction":[{"@type":"ReadAction","target":["https:\/\/www.talidesign.eu\/et\/pood\/toode\/edblad-prime-creoles-l-korvarongad-teras\/"]}]},{"@type":"ImageObject","inLanguage":"et","@id":"https:\/\/www.talidesign.eu\/et\/pood\/toode\/edblad-prime-creoles-l-korvarongad-teras\/#primaryimage","url":"https:\/\/www.talidesign.eu\/wp\/wp-content\/uploads\/2025\/03\/edblad-prime-creoles-l-steel-pi-127575.jpeg","contentUrl":"https:\/\/www.talidesign.eu\/wp\/wp-content\/uploads\/2025\/03\/edblad-prime-creoles-l-steel-pi-127575.jpeg","width":1200,"height":1200},{"@type":"BreadcrumbList","@id":"https:\/\/www.talidesign.eu\/et\/pood\/toode\/edblad-prime-creoles-l-korvarongad-teras\/#breadcrumb","itemListElement":[{"@type":"ListItem","position":1,"name":"Avaleht","item":"https:\/\/www.talidesign.eu\/et\/"},{"@type":"ListItem","position":2,"name":"Pood","item":"https:\/\/www.talidesign.eu\/et\/pood\/"},{"@type":"ListItem","position":3,"name":"Edblad Prime Creoles L k\u00f5rvar\u00f5ngad teras"}]},{"@type":"WebSite","@id":"https:\/\/www.talidesign.eu\/et\/#website","url":"https:\/\/www.talidesign.eu\/et\/","name":"TALI Concept Store","description":"Suurim Disainipood Eestis","potentialAction":[{"@type":"SearchAction","target":{"@type":"EntryPoint","urlTemplate":"https:\/\/www.talidesign.eu\/et\/?s={search_term_string}"},"query-input":{"@type":"PropertyValueSpecification","valueRequired":true,"valueName":"search_term_string"}}],"inLanguage":"et"}]}},"_links":{"self":[{"href":"https:\/\/www.talidesign.eu\/et\/wp-json\/wp\/v2\/product\/101281","targetHints":{"allow":["GET"]}}],"collection":[{"href":"https:\/\/www.talidesign.eu\/et\/wp-json\/wp\/v2\/product"}],"about":[{"href":"https:\/\/www.talidesign.eu\/et\/wp-json\/wp\/v2\/types\/product"}],"wp:featuredmedia":[{"embeddable":true,"href":"https:\/\/www.talidesign.eu\/et\/wp-json\/wp\/v2\/media\/101285"}],"wp:attachment":[{"href":"https:\/\/www.talidesign.eu\/et\/wp-json\/wp\/v2\/media?parent=101281"}],"wp:term":[{"taxonomy":"product_brand","embeddable":true,"href":"https:\/\/www.talidesign.eu\/et\/wp-json\/wp\/v2\/product_brand?post=101281"},{"taxonomy":"product_cat","embeddable":true,"href":"https:\/\/www.talidesign.eu\/et\/wp-json\/wp\/v2\/product_cat?post=101281"},{"taxonomy":"product_tag","embeddable":true,"href":"https:\/\/www.talidesign.eu\/et\/wp-json\/wp\/v2\/product_tag?post=101281"}],"curies":[{"name":"wp","href":"https:\/\/api.w.org\/{rel}","templated":true}]}}