{"id":101740,"date":"2025-03-14T00:02:36","date_gmt":"2025-03-13T22:02:37","guid":{"rendered":"https:\/\/www.talidesign.eu\/?post_type=product&#038;p=101740"},"modified":"2025-10-18T13:03:51","modified_gmt":"2025-10-18T10:03:51","slug":"meller-eco-zane-paikeseprillid-all-black","status":"publish","type":"product","link":"https:\/\/www.talidesign.eu\/et\/pood\/toode\/meller-eco-zane-paikeseprillid-all-black\/","title":{"rendered":"Meller Eco Zane p\u00e4ikeseprillid All Black"},"content":{"rendered":"<p><strong>Eco Zane p\u00e4ikeseprillid All Black<\/strong><\/p>\n<p>Zane p\u00e4ikeseprillid \u00fchendavad vintage esteetika ja kaasaegse disaini, pakkudes ajatut kandilist vormi, mis t\u00e4iustab iga stiili. T\u00e4pselt viimistletud raamid ja tasakaalustatud proportsioonid loovad luksusliku ja mitmek\u00fclgse aksessuaari, mida saab kanda aastaringselt.<\/p>\n<p>Milleks Eco?<\/p>\n<p>Meller toob turule uue biop\u00f5histe prillide sarja, mis pakub keskkonnas\u00f5bralikumat alternatiivi, v\u00e4hendades mittes\u00e4\u00e4stlike plastide kasutamist. Raamid on valmistatud 45% looduslikest materjalidest, mis v\u00e4hendab fossiilsete materjalide kasutamist ja s\u00fcsinikdioksiidi heitkoguseid.<\/p>\n<p>\u2022 UV-kaitse UV400: 3. kategooria<br \/>\n\u2022 L\u00e4\u00e4ts: Saksa Tac polariseeritud, kriimustusvastane, super hydrfobic film<br \/>\n\u2022 Materjal: Bio-based G850<br \/>\n\u2022 M\u00f5\u00f5tmed: Laius 145 mm | K\u00f5rgus 46 mm | S\u00fcgavus 145 mm<br \/>\n\u2022 <a href=\"\/et\/tootekategooria\/brandid\/meller-et\/\">Br\u00e4nd Meller<\/a><\/p>\n<p>Ideaalne tasakaal mugavuse ja vastupidavuse vahel.<\/p>\n<p><strong>Br\u00e4ndist<\/strong><\/p>\n<p>Aastal 2014 asutasid Sergi Benet, Borja Nadal ja Marco Grandi Meller br\u00e4ndi.<\/p>\n<p>Alguses m\u00fc\u00fcsid nad oma tooteid garaa\u017eist&#8230; t\u00e4naseks on Mellerist saanud \u00fcks m\u00f5jukamaid kaubam\u00e4rke ravhusvahelisel areenil.<\/p>\n<p><a href=\"\/et\/tootekategooria\/brandid\/meller-et\/\"><img loading=\"lazy\" decoding=\"async\" src=\"https:\/\/www.talidesign.eu\/wp\/wp-content\/uploads\/2021\/07\/meller-1.jpg\" alt=\"\" width=\"400\" height=\"100\" class=\"alignnone size-full wp-image-31744\" \/><\/a><\/p>\n","protected":false},"excerpt":{"rendered":"<p><strong>Eco Zane p\u00e4ikeseprillid All Black<\/strong><\/p>\n<p>Zane p\u00e4ikeseprillid \u00fchendavad vintage esteetika ja kaasaegse disaini, pakkudes ajatut kandilist vormi, mis t\u00e4iustab iga stiili. T\u00e4pselt viimistletud raamid ja tasakaalustatud proportsioonid loovad luksusliku ja mitmek\u00fclgse aksessuaari, mida saab kanda aastaringselt.<\/p>\n<p>Milleks Eco?<\/p>\n<p>Meller toob turule uue biop\u00f5histe prillide sarja, mis pakub keskkonnas\u00f5bralikumat alternatiivi, v\u00e4hendades mittes\u00e4\u00e4stlike plastide kasutamist. Raamid on valmistatud 45% looduslikest materjalidest, mis v\u00e4hendab fossiilsete materjalide kasutamist ja s\u00fcsinikdioksiidi heitkoguseid.<\/p>\n<p>\u2022 UV-kaitse UV400: 3. kategooria<br \/>\n\u2022 L\u00e4\u00e4ts: Saksa Tac polariseeritud, kriimustusvastane, super hydrfobic film<br \/>\n\u2022 Materjal: Bio-based G850<br \/>\n\u2022 M\u00f5\u00f5tmed: Laius 145 mm | K\u00f5rgus 46 mm | S\u00fcgavus 145 mm<br \/>\n\u2022 <a href=\"\/et\/tootekategooria\/brandid\/meller-et\/\">Br\u00e4nd Meller<\/a><\/p>\n<p>Ideaalne tasakaal mugavuse ja vastupidavuse vahel.<\/p>\n<p><strong>Br\u00e4ndist<\/strong><\/p>\n<p>Aastal 2014 asutasid Sergi Benet, Borja Nadal ja Marco Grandi Meller br\u00e4ndi.<\/p>\n<p>Alguses m\u00fc\u00fcsid nad oma tooteid garaa\u017eist&#8230; t\u00e4naseks on Mellerist saanud \u00fcks m\u00f5jukamaid kaubam\u00e4rke ravhusvahelisel areenil.<\/p>\n<p><a href=\"\/et\/tootekategooria\/brandid\/meller-et\/\"><img loading=\"lazy\" decoding=\"async\" src=\"https:\/\/www.talidesign.eu\/wp\/wp-content\/uploads\/2021\/07\/meller-1.jpg\" alt=\"\" width=\"400\" height=\"100\" class=\"alignnone size-full wp-image-31744\" \/><\/a><\/p>\n","protected":false},"featured_media":101742,"template":"","meta":[],"product_brand":[],"product_cat":[1026,1067,1173,1128],"product_tag":[1750],"class_list":{"0":"post-101740","1":"product","2":"type-product","3":"status-publish","4":"has-post-thumbnail","6":"product_cat-brandid","7":"product_cat-meller-et","8":"product_cat-paikeseprillid","9":"product_cat-meeste-paikeseprillid","10":"product_tag-meller-et","12":"first","13":"outofstock","14":"taxable","15":"shipping-taxable","16":"purchasable","17":"product-type-simple"},"yoast_head":"<!-- This site is optimized with the Yoast SEO plugin v27.6 - https:\/\/yoast.com\/product\/yoast-seo-wordpress\/ -->\n<title>Meller Eco Zane p\u00e4ikeseprillid All Black - TALI Concept Store<\/title>\n<meta name=\"description\" content=\"Avasta Meller Eco Zane p\u00e4ikeseprillid All Black - ajatu disain, keskkonnas\u00f5bralikud materjalid ja luksuslikud proportsioonid. Tutvu l\u00e4hemalt!\" \/>\n<meta name=\"robots\" content=\"index, follow, max-snippet:-1, max-image-preview:large, max-video-preview:-1\" \/>\n<link rel=\"canonical\" href=\"https:\/\/www.talidesign.eu\/et\/pood\/toode\/meller-eco-zane-paikeseprillid-all-black\/\" \/>\n<meta property=\"og:locale\" content=\"et_EE\" \/>\n<meta property=\"og:type\" content=\"article\" \/>\n<meta property=\"og:title\" content=\"Meller Eco Zane p\u00e4ikeseprillid All Black - TALI Concept Store\" \/>\n<meta property=\"og:description\" content=\"Avasta Meller Eco Zane p\u00e4ikeseprillid All Black - ajatu disain, keskkonnas\u00f5bralikud materjalid ja luksuslikud proportsioonid. Tutvu l\u00e4hemalt!\" \/>\n<meta property=\"og:url\" content=\"https:\/\/www.talidesign.eu\/et\/pood\/toode\/meller-eco-zane-paikeseprillid-all-black\/\" \/>\n<meta property=\"og:site_name\" content=\"TALI Concept Store\" \/>\n<meta property=\"article:publisher\" content=\"https:\/\/www.facebook.com\/TaliDisain\/\" \/>\n<meta property=\"article:modified_time\" content=\"2025-10-18T10:03:51+00:00\" \/>\n<meta property=\"og:image\" content=\"https:\/\/www.talidesign.eu\/wp\/wp-content\/uploads\/2025\/03\/meller-eco-zane-all-black.jpg\" \/>\n\t<meta property=\"og:image:width\" content=\"1300\" \/>\n\t<meta property=\"og:image:height\" content=\"1300\" \/>\n\t<meta property=\"og:image:type\" content=\"image\/jpeg\" \/>\n<meta name=\"twitter:card\" content=\"summary_large_image\" \/>\n<meta name=\"twitter:label1\" content=\"Est. reading time\" \/>\n\t<meta name=\"twitter:data1\" content=\"1 minute\" \/>\n<script type=\"application\/ld+json\" class=\"yoast-schema-graph\">{\"@context\":\"https:\\\/\\\/schema.org\",\"@graph\":[{\"@type\":\"WebPage\",\"@id\":\"https:\\\/\\\/www.talidesign.eu\\\/et\\\/pood\\\/toode\\\/meller-eco-zane-paikeseprillid-all-black\\\/\",\"url\":\"https:\\\/\\\/www.talidesign.eu\\\/et\\\/pood\\\/toode\\\/meller-eco-zane-paikeseprillid-all-black\\\/\",\"name\":\"Meller Eco Zane p\u00e4ikeseprillid All Black - TALI Concept Store\",\"isPartOf\":{\"@id\":\"https:\\\/\\\/www.talidesign.eu\\\/et\\\/#website\"},\"primaryImageOfPage\":{\"@id\":\"https:\\\/\\\/www.talidesign.eu\\\/et\\\/pood\\\/toode\\\/meller-eco-zane-paikeseprillid-all-black\\\/#primaryimage\"},\"image\":{\"@id\":\"https:\\\/\\\/www.talidesign.eu\\\/et\\\/pood\\\/toode\\\/meller-eco-zane-paikeseprillid-all-black\\\/#primaryimage\"},\"thumbnailUrl\":\"https:\\\/\\\/www.talidesign.eu\\\/wp\\\/wp-content\\\/uploads\\\/2025\\\/03\\\/meller-eco-zane-all-black.jpg\",\"datePublished\":\"2025-03-13T22:02:37+00:00\",\"dateModified\":\"2025-10-18T10:03:51+00:00\",\"description\":\"Avasta Meller Eco Zane p\u00e4ikeseprillid All Black - ajatu disain, keskkonnas\u00f5bralikud materjalid ja luksuslikud proportsioonid. Tutvu l\u00e4hemalt!\",\"breadcrumb\":{\"@id\":\"https:\\\/\\\/www.talidesign.eu\\\/et\\\/pood\\\/toode\\\/meller-eco-zane-paikeseprillid-all-black\\\/#breadcrumb\"},\"inLanguage\":\"et\",\"potentialAction\":[{\"@type\":\"ReadAction\",\"target\":[\"https:\\\/\\\/www.talidesign.eu\\\/et\\\/pood\\\/toode\\\/meller-eco-zane-paikeseprillid-all-black\\\/\"]}]},{\"@type\":\"ImageObject\",\"inLanguage\":\"et\",\"@id\":\"https:\\\/\\\/www.talidesign.eu\\\/et\\\/pood\\\/toode\\\/meller-eco-zane-paikeseprillid-all-black\\\/#primaryimage\",\"url\":\"https:\\\/\\\/www.talidesign.eu\\\/wp\\\/wp-content\\\/uploads\\\/2025\\\/03\\\/meller-eco-zane-all-black.jpg\",\"contentUrl\":\"https:\\\/\\\/www.talidesign.eu\\\/wp\\\/wp-content\\\/uploads\\\/2025\\\/03\\\/meller-eco-zane-all-black.jpg\",\"width\":1300,\"height\":1300},{\"@type\":\"BreadcrumbList\",\"@id\":\"https:\\\/\\\/www.talidesign.eu\\\/et\\\/pood\\\/toode\\\/meller-eco-zane-paikeseprillid-all-black\\\/#breadcrumb\",\"itemListElement\":[{\"@type\":\"ListItem\",\"position\":1,\"name\":\"Avaleht\",\"item\":\"https:\\\/\\\/www.talidesign.eu\\\/et\\\/\"},{\"@type\":\"ListItem\",\"position\":2,\"name\":\"Pood\",\"item\":\"https:\\\/\\\/www.talidesign.eu\\\/et\\\/pood\\\/\"},{\"@type\":\"ListItem\",\"position\":3,\"name\":\"Meller Eco Zane p\u00e4ikeseprillid All Black\"}]},{\"@type\":\"WebSite\",\"@id\":\"https:\\\/\\\/www.talidesign.eu\\\/et\\\/#website\",\"url\":\"https:\\\/\\\/www.talidesign.eu\\\/et\\\/\",\"name\":\"TALI Concept Store\",\"description\":\"Suurim Disainipood Eestis\",\"potentialAction\":[{\"@type\":\"SearchAction\",\"target\":{\"@type\":\"EntryPoint\",\"urlTemplate\":\"https:\\\/\\\/www.talidesign.eu\\\/et\\\/?s={search_term_string}\"},\"query-input\":{\"@type\":\"PropertyValueSpecification\",\"valueRequired\":true,\"valueName\":\"search_term_string\"}}],\"inLanguage\":\"et\"}]}<\/script>\n<!-- \/ Yoast SEO plugin. -->","yoast_head_json":{"title":"Meller Eco Zane p\u00e4ikeseprillid All Black - TALI Concept Store","description":"Avasta Meller Eco Zane p\u00e4ikeseprillid All Black - ajatu disain, keskkonnas\u00f5bralikud materjalid ja luksuslikud proportsioonid. Tutvu l\u00e4hemalt!","robots":{"index":"index","follow":"follow","max-snippet":"max-snippet:-1","max-image-preview":"max-image-preview:large","max-video-preview":"max-video-preview:-1"},"canonical":"https:\/\/www.talidesign.eu\/et\/pood\/toode\/meller-eco-zane-paikeseprillid-all-black\/","og_locale":"et_EE","og_type":"article","og_title":"Meller Eco Zane p\u00e4ikeseprillid All Black - TALI Concept Store","og_description":"Avasta Meller Eco Zane p\u00e4ikeseprillid All Black - ajatu disain, keskkonnas\u00f5bralikud materjalid ja luksuslikud proportsioonid. Tutvu l\u00e4hemalt!","og_url":"https:\/\/www.talidesign.eu\/et\/pood\/toode\/meller-eco-zane-paikeseprillid-all-black\/","og_site_name":"TALI Concept Store","article_publisher":"https:\/\/www.facebook.com\/TaliDisain\/","article_modified_time":"2025-10-18T10:03:51+00:00","og_image":[{"width":1300,"height":1300,"url":"https:\/\/www.talidesign.eu\/wp\/wp-content\/uploads\/2025\/03\/meller-eco-zane-all-black.jpg","type":"image\/jpeg"}],"twitter_card":"summary_large_image","twitter_misc":{"Est. reading time":"1 minute"},"schema":{"@context":"https:\/\/schema.org","@graph":[{"@type":"WebPage","@id":"https:\/\/www.talidesign.eu\/et\/pood\/toode\/meller-eco-zane-paikeseprillid-all-black\/","url":"https:\/\/www.talidesign.eu\/et\/pood\/toode\/meller-eco-zane-paikeseprillid-all-black\/","name":"Meller Eco Zane p\u00e4ikeseprillid All Black - TALI Concept Store","isPartOf":{"@id":"https:\/\/www.talidesign.eu\/et\/#website"},"primaryImageOfPage":{"@id":"https:\/\/www.talidesign.eu\/et\/pood\/toode\/meller-eco-zane-paikeseprillid-all-black\/#primaryimage"},"image":{"@id":"https:\/\/www.talidesign.eu\/et\/pood\/toode\/meller-eco-zane-paikeseprillid-all-black\/#primaryimage"},"thumbnailUrl":"https:\/\/www.talidesign.eu\/wp\/wp-content\/uploads\/2025\/03\/meller-eco-zane-all-black.jpg","datePublished":"2025-03-13T22:02:37+00:00","dateModified":"2025-10-18T10:03:51+00:00","description":"Avasta Meller Eco Zane p\u00e4ikeseprillid All Black - ajatu disain, keskkonnas\u00f5bralikud materjalid ja luksuslikud proportsioonid. Tutvu l\u00e4hemalt!","breadcrumb":{"@id":"https:\/\/www.talidesign.eu\/et\/pood\/toode\/meller-eco-zane-paikeseprillid-all-black\/#breadcrumb"},"inLanguage":"et","potentialAction":[{"@type":"ReadAction","target":["https:\/\/www.talidesign.eu\/et\/pood\/toode\/meller-eco-zane-paikeseprillid-all-black\/"]}]},{"@type":"ImageObject","inLanguage":"et","@id":"https:\/\/www.talidesign.eu\/et\/pood\/toode\/meller-eco-zane-paikeseprillid-all-black\/#primaryimage","url":"https:\/\/www.talidesign.eu\/wp\/wp-content\/uploads\/2025\/03\/meller-eco-zane-all-black.jpg","contentUrl":"https:\/\/www.talidesign.eu\/wp\/wp-content\/uploads\/2025\/03\/meller-eco-zane-all-black.jpg","width":1300,"height":1300},{"@type":"BreadcrumbList","@id":"https:\/\/www.talidesign.eu\/et\/pood\/toode\/meller-eco-zane-paikeseprillid-all-black\/#breadcrumb","itemListElement":[{"@type":"ListItem","position":1,"name":"Avaleht","item":"https:\/\/www.talidesign.eu\/et\/"},{"@type":"ListItem","position":2,"name":"Pood","item":"https:\/\/www.talidesign.eu\/et\/pood\/"},{"@type":"ListItem","position":3,"name":"Meller Eco Zane p\u00e4ikeseprillid All Black"}]},{"@type":"WebSite","@id":"https:\/\/www.talidesign.eu\/et\/#website","url":"https:\/\/www.talidesign.eu\/et\/","name":"TALI Concept Store","description":"Suurim Disainipood Eestis","potentialAction":[{"@type":"SearchAction","target":{"@type":"EntryPoint","urlTemplate":"https:\/\/www.talidesign.eu\/et\/?s={search_term_string}"},"query-input":{"@type":"PropertyValueSpecification","valueRequired":true,"valueName":"search_term_string"}}],"inLanguage":"et"}]}},"_links":{"self":[{"href":"https:\/\/www.talidesign.eu\/et\/wp-json\/wp\/v2\/product\/101740","targetHints":{"allow":["GET"]}}],"collection":[{"href":"https:\/\/www.talidesign.eu\/et\/wp-json\/wp\/v2\/product"}],"about":[{"href":"https:\/\/www.talidesign.eu\/et\/wp-json\/wp\/v2\/types\/product"}],"wp:featuredmedia":[{"embeddable":true,"href":"https:\/\/www.talidesign.eu\/et\/wp-json\/wp\/v2\/media\/101742"}],"wp:attachment":[{"href":"https:\/\/www.talidesign.eu\/et\/wp-json\/wp\/v2\/media?parent=101740"}],"wp:term":[{"taxonomy":"product_brand","embeddable":true,"href":"https:\/\/www.talidesign.eu\/et\/wp-json\/wp\/v2\/product_brand?post=101740"},{"taxonomy":"product_cat","embeddable":true,"href":"https:\/\/www.talidesign.eu\/et\/wp-json\/wp\/v2\/product_cat?post=101740"},{"taxonomy":"product_tag","embeddable":true,"href":"https:\/\/www.talidesign.eu\/et\/wp-json\/wp\/v2\/product_tag?post=101740"}],"curies":[{"name":"wp","href":"https:\/\/api.w.org\/{rel}","templated":true}]}}