{"id":101928,"date":"2025-03-19T09:44:49","date_gmt":"2025-03-19T07:44:50","guid":{"rendered":"https:\/\/www.talidesign.eu\/?post_type=product&#038;p=101928"},"modified":"2025-04-09T16:07:49","modified_gmt":"2025-04-09T13:07:49","slug":"ppd-happy-koogilapp-noudepesulapp","status":"publish","type":"product","link":"https:\/\/www.talidesign.eu\/et\/pood\/toode\/ppd-happy-koogilapp-noudepesulapp\/","title":{"rendered":"Ppd Happy K\u00f6\u00f6gilapp \/ n\u00f5udepesulapp"},"content":{"rendered":"<p><strong>Happy K\u00f6\u00f6gilapp \/ n\u00f5udepesulapp<\/strong><\/p>\n<p>Unusta igavad ja tavalised n\u00f5udepesulapid! Happy toob k\u00f6\u00f6ki v\u00e4rskust ja modernset disaini, muutes selle mitte ainult kasulikuks, vaid ka stiilseks detailiks.<\/p>\n<p>Valmistatud 70% tselluloosist ja 30% puuvillast, see on nii n\u00f5udepesumasinas kui ka pesumasinas pestav, tagades pikaajalise kasutuse ja j\u00e4tkusuutlikkuse.<\/p>\n<p>\u2022 Materjal: 70% tselluloos \/ 30% puuvill<br \/>\n\u2022 M\u00f5\u00f5dud: 172 mm x 200 mm<br \/>\n\u2022 <a href=\"\/et\/tootekategooria\/brandid\/paperproducts-design-et\/\">Br\u00e4nd Paperproducts Design<\/a><\/p>\n<p><strong>Paperproducts Design<\/strong><\/p>\n<p>Loomingulisus, inspiratsioon ja kvaliteet.<\/p>\n<p>Usume, et innovaatiline disain suudab tuua meie igap\u00e4evaellu loovust, r\u00f5\u00f5mu ja inspiratsiooni. Stiil ja funktsionaalsus v\u00f5ivad k\u00e4ia k\u00e4sik\u00e4es ning me otsime pidevalt uut hingamist koduaksessuaaridele, pakkudes k\u00f5rgeima kvaliteediga lahendusi.<\/p>\n<p><a href=\"\/et\/tootekategooria\/brandid\/paperproducts-design-et\/\"><img loading=\"lazy\" decoding=\"async\" src=\"https:\/\/www.talidesign.eu\/wp\/wp-content\/uploads\/2025\/03\/ppd-logo.jpg\" alt=\"\" width=\"500\" height=\"100\" class=\"alignnone size-full wp-image-101863\" srcset=\"https:\/\/www.talidesign.eu\/wp\/wp-content\/uploads\/2025\/03\/ppd-logo.jpg 500w, https:\/\/www.talidesign.eu\/wp\/wp-content\/uploads\/2025\/03\/ppd-logo-64x13.jpg 64w\" sizes=\"auto, (max-width: 500px) 100vw, 500px\" \/><\/a><\/p>\n","protected":false},"excerpt":{"rendered":"<p><strong>Happy K\u00f6\u00f6gilapp \/ n\u00f5udepesulapp<\/strong><\/p>\n<p>Unusta igavad ja tavalised n\u00f5udepesulapid! Happy toob k\u00f6\u00f6ki v\u00e4rskust ja modernset disaini, muutes selle mitte ainult kasulikuks, vaid ka stiilseks detailiks.<\/p>\n<p>Valmistatud 70% tselluloosist ja 30% puuvillast, see on nii n\u00f5udepesumasinas kui ka pesumasinas pestav, tagades pikaajalise kasutuse ja j\u00e4tkusuutlikkuse.<\/p>\n<p>\u2022 Materjal: 70% tselluloos \/ 30% puuvill<br \/>\n\u2022 M\u00f5\u00f5dud: 172 mm x 200 mm<br \/>\n\u2022 <a href=\"\/et\/tootekategooria\/brandid\/paperproducts-design-et\/\">Br\u00e4nd Paperproducts Design<\/a><\/p>\n<p><strong>Paperproducts Design<\/strong><\/p>\n<p>Loomingulisus, inspiratsioon ja kvaliteet.<\/p>\n<p>Usume, et innovaatiline disain suudab tuua meie igap\u00e4evaellu loovust, r\u00f5\u00f5mu ja inspiratsiooni. Stiil ja funktsionaalsus v\u00f5ivad k\u00e4ia k\u00e4sik\u00e4es ning me otsime pidevalt uut hingamist koduaksessuaaridele, pakkudes k\u00f5rgeima kvaliteediga lahendusi.<\/p>\n<p><a href=\"\/et\/tootekategooria\/brandid\/paperproducts-design-et\/\"><img loading=\"lazy\" decoding=\"async\" src=\"https:\/\/www.talidesign.eu\/wp\/wp-content\/uploads\/2025\/03\/ppd-logo.jpg\" alt=\"\" width=\"500\" height=\"100\" class=\"alignnone size-full wp-image-101863\" srcset=\"https:\/\/www.talidesign.eu\/wp\/wp-content\/uploads\/2025\/03\/ppd-logo.jpg 500w, https:\/\/www.talidesign.eu\/wp\/wp-content\/uploads\/2025\/03\/ppd-logo-64x13.jpg 64w\" sizes=\"auto, (max-width: 500px) 100vw, 500px\" \/><\/a><\/p>\n","protected":false},"featured_media":101930,"template":"","meta":[],"product_brand":[],"product_cat":[1026,1018,1030,3486,1103,1100],"product_tag":[3502],"class_list":{"0":"post-101928","1":"product","2":"type-product","3":"status-publish","4":"has-post-thumbnail","6":"product_cat-brandid","7":"product_cat-kodu","8":"product_cat-kook","9":"product_cat-paperproducts-design-et","10":"product_cat-puhastusvahendid","11":"product_cat-vannituba","12":"product_tag-paperproducts-design-et","14":"first","15":"outofstock","16":"featured","17":"taxable","18":"shipping-taxable","19":"purchasable","20":"product-type-simple"},"yoast_head":"<!-- This site is optimized with the Yoast SEO plugin v27.3 - https:\/\/yoast.com\/product\/yoast-seo-wordpress\/ -->\n<title>Ppd Happy K\u00f6\u00f6gilapp \/ n\u00f5udepesulapp - TALI Concept Store<\/title>\n<meta name=\"description\" content=\"Unusta igavad ja tavalised n\u00f5udepesulapid! Happy toob k\u00f6\u00f6ki v\u00e4rskust ja modernset disaini, muutes selle mitte ainult kasulikuks, vaid ka stiilseks detailiks.\" \/>\n<meta name=\"robots\" content=\"index, follow, max-snippet:-1, max-image-preview:large, max-video-preview:-1\" \/>\n<link rel=\"canonical\" href=\"https:\/\/www.talidesign.eu\/et\/pood\/toode\/ppd-happy-koogilapp-noudepesulapp\/\" \/>\n<meta property=\"og:locale\" content=\"et_EE\" \/>\n<meta property=\"og:type\" content=\"article\" \/>\n<meta property=\"og:title\" content=\"Ppd Happy K\u00f6\u00f6gilapp \/ n\u00f5udepesulapp - TALI Concept Store\" \/>\n<meta property=\"og:description\" content=\"Unusta igavad ja tavalised n\u00f5udepesulapid! Happy toob k\u00f6\u00f6ki v\u00e4rskust ja modernset disaini, muutes selle mitte ainult kasulikuks, vaid ka stiilseks detailiks.\" \/>\n<meta property=\"og:url\" content=\"https:\/\/www.talidesign.eu\/et\/pood\/toode\/ppd-happy-koogilapp-noudepesulapp\/\" \/>\n<meta property=\"og:site_name\" content=\"TALI Concept Store\" \/>\n<meta property=\"article:publisher\" content=\"https:\/\/www.facebook.com\/TaliDisain\/\" \/>\n<meta property=\"article:modified_time\" content=\"2025-04-09T13:07:49+00:00\" \/>\n<meta property=\"og:image\" content=\"https:\/\/www.talidesign.eu\/wp\/wp-content\/uploads\/2025\/03\/185603154_gr_1920x1920.jpg\" \/>\n\t<meta property=\"og:image:width\" content=\"1181\" \/>\n\t<meta property=\"og:image:height\" content=\"1181\" \/>\n\t<meta property=\"og:image:type\" content=\"image\/jpeg\" \/>\n<meta name=\"twitter:card\" content=\"summary_large_image\" \/>\n<meta name=\"twitter:label1\" content=\"Est. reading time\" \/>\n\t<meta name=\"twitter:data1\" content=\"1 minute\" \/>\n<script type=\"application\/ld+json\" class=\"yoast-schema-graph\">{\"@context\":\"https:\\\/\\\/schema.org\",\"@graph\":[{\"@type\":\"WebPage\",\"@id\":\"https:\\\/\\\/www.talidesign.eu\\\/et\\\/pood\\\/toode\\\/ppd-happy-koogilapp-noudepesulapp\\\/\",\"url\":\"https:\\\/\\\/www.talidesign.eu\\\/et\\\/pood\\\/toode\\\/ppd-happy-koogilapp-noudepesulapp\\\/\",\"name\":\"Ppd Happy K\u00f6\u00f6gilapp \\\/ n\u00f5udepesulapp - TALI Concept Store\",\"isPartOf\":{\"@id\":\"https:\\\/\\\/www.talidesign.eu\\\/et\\\/#website\"},\"primaryImageOfPage\":{\"@id\":\"https:\\\/\\\/www.talidesign.eu\\\/et\\\/pood\\\/toode\\\/ppd-happy-koogilapp-noudepesulapp\\\/#primaryimage\"},\"image\":{\"@id\":\"https:\\\/\\\/www.talidesign.eu\\\/et\\\/pood\\\/toode\\\/ppd-happy-koogilapp-noudepesulapp\\\/#primaryimage\"},\"thumbnailUrl\":\"https:\\\/\\\/www.talidesign.eu\\\/wp\\\/wp-content\\\/uploads\\\/2025\\\/03\\\/185603154_gr_1920x1920.jpg\",\"datePublished\":\"2025-03-19T07:44:50+00:00\",\"dateModified\":\"2025-04-09T13:07:49+00:00\",\"description\":\"Unusta igavad ja tavalised n\u00f5udepesulapid! Happy toob k\u00f6\u00f6ki v\u00e4rskust ja modernset disaini, muutes selle mitte ainult kasulikuks, vaid ka stiilseks detailiks.\",\"breadcrumb\":{\"@id\":\"https:\\\/\\\/www.talidesign.eu\\\/et\\\/pood\\\/toode\\\/ppd-happy-koogilapp-noudepesulapp\\\/#breadcrumb\"},\"inLanguage\":\"et\",\"potentialAction\":[{\"@type\":\"ReadAction\",\"target\":[\"https:\\\/\\\/www.talidesign.eu\\\/et\\\/pood\\\/toode\\\/ppd-happy-koogilapp-noudepesulapp\\\/\"]}]},{\"@type\":\"ImageObject\",\"inLanguage\":\"et\",\"@id\":\"https:\\\/\\\/www.talidesign.eu\\\/et\\\/pood\\\/toode\\\/ppd-happy-koogilapp-noudepesulapp\\\/#primaryimage\",\"url\":\"https:\\\/\\\/www.talidesign.eu\\\/wp\\\/wp-content\\\/uploads\\\/2025\\\/03\\\/185603154_gr_1920x1920.jpg\",\"contentUrl\":\"https:\\\/\\\/www.talidesign.eu\\\/wp\\\/wp-content\\\/uploads\\\/2025\\\/03\\\/185603154_gr_1920x1920.jpg\",\"width\":1181,\"height\":1181},{\"@type\":\"BreadcrumbList\",\"@id\":\"https:\\\/\\\/www.talidesign.eu\\\/et\\\/pood\\\/toode\\\/ppd-happy-koogilapp-noudepesulapp\\\/#breadcrumb\",\"itemListElement\":[{\"@type\":\"ListItem\",\"position\":1,\"name\":\"Avaleht\",\"item\":\"https:\\\/\\\/www.talidesign.eu\\\/et\\\/\"},{\"@type\":\"ListItem\",\"position\":2,\"name\":\"Pood\",\"item\":\"https:\\\/\\\/www.talidesign.eu\\\/et\\\/pood\\\/\"},{\"@type\":\"ListItem\",\"position\":3,\"name\":\"Ppd Happy K\u00f6\u00f6gilapp \\\/ n\u00f5udepesulapp\"}]},{\"@type\":\"WebSite\",\"@id\":\"https:\\\/\\\/www.talidesign.eu\\\/et\\\/#website\",\"url\":\"https:\\\/\\\/www.talidesign.eu\\\/et\\\/\",\"name\":\"TALI Concept Store\",\"description\":\"Suurim Disainipood Eestis\",\"potentialAction\":[{\"@type\":\"SearchAction\",\"target\":{\"@type\":\"EntryPoint\",\"urlTemplate\":\"https:\\\/\\\/www.talidesign.eu\\\/et\\\/?s={search_term_string}\"},\"query-input\":{\"@type\":\"PropertyValueSpecification\",\"valueRequired\":true,\"valueName\":\"search_term_string\"}}],\"inLanguage\":\"et\"}]}<\/script>\n<!-- \/ Yoast SEO plugin. -->","yoast_head_json":{"title":"Ppd Happy K\u00f6\u00f6gilapp \/ n\u00f5udepesulapp - TALI Concept Store","description":"Unusta igavad ja tavalised n\u00f5udepesulapid! Happy toob k\u00f6\u00f6ki v\u00e4rskust ja modernset disaini, muutes selle mitte ainult kasulikuks, vaid ka stiilseks detailiks.","robots":{"index":"index","follow":"follow","max-snippet":"max-snippet:-1","max-image-preview":"max-image-preview:large","max-video-preview":"max-video-preview:-1"},"canonical":"https:\/\/www.talidesign.eu\/et\/pood\/toode\/ppd-happy-koogilapp-noudepesulapp\/","og_locale":"et_EE","og_type":"article","og_title":"Ppd Happy K\u00f6\u00f6gilapp \/ n\u00f5udepesulapp - TALI Concept Store","og_description":"Unusta igavad ja tavalised n\u00f5udepesulapid! Happy toob k\u00f6\u00f6ki v\u00e4rskust ja modernset disaini, muutes selle mitte ainult kasulikuks, vaid ka stiilseks detailiks.","og_url":"https:\/\/www.talidesign.eu\/et\/pood\/toode\/ppd-happy-koogilapp-noudepesulapp\/","og_site_name":"TALI Concept Store","article_publisher":"https:\/\/www.facebook.com\/TaliDisain\/","article_modified_time":"2025-04-09T13:07:49+00:00","og_image":[{"width":1181,"height":1181,"url":"https:\/\/www.talidesign.eu\/wp\/wp-content\/uploads\/2025\/03\/185603154_gr_1920x1920.jpg","type":"image\/jpeg"}],"twitter_card":"summary_large_image","twitter_misc":{"Est. reading time":"1 minute"},"schema":{"@context":"https:\/\/schema.org","@graph":[{"@type":"WebPage","@id":"https:\/\/www.talidesign.eu\/et\/pood\/toode\/ppd-happy-koogilapp-noudepesulapp\/","url":"https:\/\/www.talidesign.eu\/et\/pood\/toode\/ppd-happy-koogilapp-noudepesulapp\/","name":"Ppd Happy K\u00f6\u00f6gilapp \/ n\u00f5udepesulapp - TALI Concept Store","isPartOf":{"@id":"https:\/\/www.talidesign.eu\/et\/#website"},"primaryImageOfPage":{"@id":"https:\/\/www.talidesign.eu\/et\/pood\/toode\/ppd-happy-koogilapp-noudepesulapp\/#primaryimage"},"image":{"@id":"https:\/\/www.talidesign.eu\/et\/pood\/toode\/ppd-happy-koogilapp-noudepesulapp\/#primaryimage"},"thumbnailUrl":"https:\/\/www.talidesign.eu\/wp\/wp-content\/uploads\/2025\/03\/185603154_gr_1920x1920.jpg","datePublished":"2025-03-19T07:44:50+00:00","dateModified":"2025-04-09T13:07:49+00:00","description":"Unusta igavad ja tavalised n\u00f5udepesulapid! Happy toob k\u00f6\u00f6ki v\u00e4rskust ja modernset disaini, muutes selle mitte ainult kasulikuks, vaid ka stiilseks detailiks.","breadcrumb":{"@id":"https:\/\/www.talidesign.eu\/et\/pood\/toode\/ppd-happy-koogilapp-noudepesulapp\/#breadcrumb"},"inLanguage":"et","potentialAction":[{"@type":"ReadAction","target":["https:\/\/www.talidesign.eu\/et\/pood\/toode\/ppd-happy-koogilapp-noudepesulapp\/"]}]},{"@type":"ImageObject","inLanguage":"et","@id":"https:\/\/www.talidesign.eu\/et\/pood\/toode\/ppd-happy-koogilapp-noudepesulapp\/#primaryimage","url":"https:\/\/www.talidesign.eu\/wp\/wp-content\/uploads\/2025\/03\/185603154_gr_1920x1920.jpg","contentUrl":"https:\/\/www.talidesign.eu\/wp\/wp-content\/uploads\/2025\/03\/185603154_gr_1920x1920.jpg","width":1181,"height":1181},{"@type":"BreadcrumbList","@id":"https:\/\/www.talidesign.eu\/et\/pood\/toode\/ppd-happy-koogilapp-noudepesulapp\/#breadcrumb","itemListElement":[{"@type":"ListItem","position":1,"name":"Avaleht","item":"https:\/\/www.talidesign.eu\/et\/"},{"@type":"ListItem","position":2,"name":"Pood","item":"https:\/\/www.talidesign.eu\/et\/pood\/"},{"@type":"ListItem","position":3,"name":"Ppd Happy K\u00f6\u00f6gilapp \/ n\u00f5udepesulapp"}]},{"@type":"WebSite","@id":"https:\/\/www.talidesign.eu\/et\/#website","url":"https:\/\/www.talidesign.eu\/et\/","name":"TALI Concept Store","description":"Suurim Disainipood Eestis","potentialAction":[{"@type":"SearchAction","target":{"@type":"EntryPoint","urlTemplate":"https:\/\/www.talidesign.eu\/et\/?s={search_term_string}"},"query-input":{"@type":"PropertyValueSpecification","valueRequired":true,"valueName":"search_term_string"}}],"inLanguage":"et"}]}},"_links":{"self":[{"href":"https:\/\/www.talidesign.eu\/et\/wp-json\/wp\/v2\/product\/101928","targetHints":{"allow":["GET"]}}],"collection":[{"href":"https:\/\/www.talidesign.eu\/et\/wp-json\/wp\/v2\/product"}],"about":[{"href":"https:\/\/www.talidesign.eu\/et\/wp-json\/wp\/v2\/types\/product"}],"wp:featuredmedia":[{"embeddable":true,"href":"https:\/\/www.talidesign.eu\/et\/wp-json\/wp\/v2\/media\/101930"}],"wp:attachment":[{"href":"https:\/\/www.talidesign.eu\/et\/wp-json\/wp\/v2\/media?parent=101928"}],"wp:term":[{"taxonomy":"product_brand","embeddable":true,"href":"https:\/\/www.talidesign.eu\/et\/wp-json\/wp\/v2\/product_brand?post=101928"},{"taxonomy":"product_cat","embeddable":true,"href":"https:\/\/www.talidesign.eu\/et\/wp-json\/wp\/v2\/product_cat?post=101928"},{"taxonomy":"product_tag","embeddable":true,"href":"https:\/\/www.talidesign.eu\/et\/wp-json\/wp\/v2\/product_tag?post=101928"}],"curies":[{"name":"wp","href":"https:\/\/api.w.org\/{rel}","templated":true}]}}