{"id":101962,"date":"2025-03-20T10:37:09","date_gmt":"2025-03-20T08:37:10","guid":{"rendered":"https:\/\/www.talidesign.eu\/?post_type=product&#038;p=101962"},"modified":"2026-02-06T11:25:39","modified_gmt":"2026-02-06T09:25:39","slug":"fluid-market-cat-kruus","status":"publish","type":"product","link":"https:\/\/www.talidesign.eu\/et\/pood\/toode\/fluid-market-cat-kruus\/","title":{"rendered":"Fluid Market Cat kruus"},"content":{"rendered":"<p><strong>Kruus Kass<\/strong><\/p>\n<p>See kassi kujuline keraamiline tass lisab hommikurutiinile m\u00e4ngulist ja humoorikat aktsenti. <\/p>\n<p>\u2022 11x9cm<br \/>\n\u2022 Keraamiline<br \/>\n\u2022 <a href=\"\/product-category\/designers\/fluid-market-et\/\">Br\u00e4nd Fluid Market<\/a><\/p>\n<p><strong>Meist<\/strong><\/p>\n<p>J\u00e9r\u00e9my on olnud loominguline juba lapsep\u00f5lvest saadik, tema ema \u00fctles tihti, et ta elab oma kujutlusmaailmas.<br \/>\nSee loovus viis Fluid Marketi loomiseni \u2013 br\u00e4nd, mis on p\u00fchendunud positiivsete emotsioonide jagamisele ja ainulaadsete, m\u00e4nguliste disainide pakkumisele. P\u00e4rast aastaid k\u00fc\u00fcnlat\u00f6\u00f6stuses otsustas J\u00e9r\u00e9my uurida uusi kunstilisi horisonte. Keraamika sai t\u00e4iuslikuks v\u00e4ljundiks, pakkudes vabadust tema julgete ideede elluviimiseks.<\/p>\n<p>Tere tulemast Fluid Marketi maailma \u2014 naudi teekonda!<br \/>\n<a href=\"https:\/\/www.talidesign.eu\/wp\/wp-content\/uploads\/2024\/09\/Jeremy.webp\"><img loading=\"lazy\" decoding=\"async\" src=\"https:\/\/www.talidesign.eu\/wp\/wp-content\/uploads\/2024\/09\/Jeremy-400x400.webp\" alt=\"\" width=\"400\" height=\"400\" class=\"alignnone size-medium wp-image-91771\" srcset=\"https:\/\/www.talidesign.eu\/wp\/wp-content\/uploads\/2024\/09\/Jeremy-400x400.webp 400w, https:\/\/www.talidesign.eu\/wp\/wp-content\/uploads\/2024\/09\/Jeremy-280x280.webp 280w, https:\/\/www.talidesign.eu\/wp\/wp-content\/uploads\/2024\/09\/Jeremy-100x100.webp 100w, https:\/\/www.talidesign.eu\/wp\/wp-content\/uploads\/2024\/09\/Jeremy.webp 480w\" sizes=\"auto, (max-width: 400px) 100vw, 400px\" \/><\/a><br \/>\n<em>J\u00e9r\u00e9my<\/em><br \/>\n<a href=\"\/product-category\/designers\/fluid-market-et\/\"><img loading=\"lazy\" decoding=\"async\" src=\"https:\/\/www.talidesign.eu\/wp\/wp-content\/uploads\/2024\/09\/fluidMarket-1.jpg\" alt=\"\" width=\"500\" height=\"100\" class=\"alignnone size-full wp-image-91769\" \/><\/a><\/p>\n","protected":false},"excerpt":{"rendered":"<p><strong>Kruus Kass<\/strong><\/p>\n<p>See kassi kujuline keraamiline tass lisab hommikurutiinile m\u00e4ngulist ja humoorikat aktsenti. <\/p>\n<p>\u2022 11x9cm<br \/>\n\u2022 Keraamiline<br \/>\n\u2022 <a href=\"\/product-category\/designers\/fluid-market-et\/\">Br\u00e4nd Fluid Market<\/a><\/p>\n<p><strong>Meist<\/strong><\/p>\n<p>J\u00e9r\u00e9my on olnud loominguline juba lapsep\u00f5lvest saadik, tema ema \u00fctles tihti, et ta elab oma kujutlusmaailmas.<br \/>\nSee loovus viis Fluid Marketi loomiseni \u2013 br\u00e4nd, mis on p\u00fchendunud positiivsete emotsioonide jagamisele ja ainulaadsete, m\u00e4nguliste disainide pakkumisele. P\u00e4rast aastaid k\u00fc\u00fcnlat\u00f6\u00f6stuses otsustas J\u00e9r\u00e9my uurida uusi kunstilisi horisonte. Keraamika sai t\u00e4iuslikuks v\u00e4ljundiks, pakkudes vabadust tema julgete ideede elluviimiseks.<\/p>\n<p>Tere tulemast Fluid Marketi maailma \u2014 naudi teekonda!<br \/>\n<a href=\"https:\/\/www.talidesign.eu\/wp\/wp-content\/uploads\/2024\/09\/Jeremy.webp\"><img loading=\"lazy\" decoding=\"async\" src=\"https:\/\/www.talidesign.eu\/wp\/wp-content\/uploads\/2024\/09\/Jeremy-400x400.webp\" alt=\"\" width=\"400\" height=\"400\" class=\"alignnone size-medium wp-image-91771\" srcset=\"https:\/\/www.talidesign.eu\/wp\/wp-content\/uploads\/2024\/09\/Jeremy-400x400.webp 400w, https:\/\/www.talidesign.eu\/wp\/wp-content\/uploads\/2024\/09\/Jeremy-280x280.webp 280w, https:\/\/www.talidesign.eu\/wp\/wp-content\/uploads\/2024\/09\/Jeremy-100x100.webp 100w, https:\/\/www.talidesign.eu\/wp\/wp-content\/uploads\/2024\/09\/Jeremy.webp 480w\" sizes=\"auto, (max-width: 400px) 100vw, 400px\" \/><\/a><br \/>\n<em>J\u00e9r\u00e9my<\/em><br \/>\n<a href=\"\/product-category\/designers\/fluid-market-et\/\"><img loading=\"lazy\" decoding=\"async\" src=\"https:\/\/www.talidesign.eu\/wp\/wp-content\/uploads\/2024\/09\/fluidMarket-1.jpg\" alt=\"\" width=\"500\" height=\"100\" class=\"alignnone size-full wp-image-91769\" \/><\/a><\/p>\n","protected":false},"featured_media":101964,"template":"","meta":[],"product_brand":[],"product_cat":[1026,3299,1109],"product_tag":[3302],"class_list":{"0":"post-101962","1":"product","2":"type-product","3":"status-publish","4":"has-post-thumbnail","6":"product_cat-brandid","7":"product_cat-fluid-market-et","8":"product_cat-lauanoud","9":"product_tag-fluid-market-et","11":"first","12":"outofstock","13":"taxable","14":"shipping-taxable","15":"purchasable","16":"product-type-simple"},"yoast_head":"<!-- This site is optimized with the Yoast SEO plugin v27.3 - https:\/\/yoast.com\/product\/yoast-seo-wordpress\/ -->\n<title>Fluid Market Cat kruus - TALI Concept Store<\/title>\n<meta name=\"description\" content=\"See kassi kujuline keraamiline tass lisab hommikurutiinile m\u00e4ngulist ja humoorikat aktsenti. Tutvu l\u00e4hemalt Fluid Marketi kruusiga!\" \/>\n<meta name=\"robots\" content=\"index, follow, max-snippet:-1, max-image-preview:large, max-video-preview:-1\" \/>\n<link rel=\"canonical\" href=\"https:\/\/www.talidesign.eu\/et\/pood\/toode\/fluid-market-cat-kruus\/\" \/>\n<meta property=\"og:locale\" content=\"et_EE\" \/>\n<meta property=\"og:type\" content=\"article\" \/>\n<meta property=\"og:title\" content=\"Fluid Market Cat kruus - TALI Concept Store\" \/>\n<meta property=\"og:description\" content=\"See kassi kujuline keraamiline tass lisab hommikurutiinile m\u00e4ngulist ja humoorikat aktsenti. Tutvu l\u00e4hemalt Fluid Marketi kruusiga!\" \/>\n<meta property=\"og:url\" content=\"https:\/\/www.talidesign.eu\/et\/pood\/toode\/fluid-market-cat-kruus\/\" \/>\n<meta property=\"og:site_name\" content=\"TALI Concept Store\" \/>\n<meta property=\"article:publisher\" content=\"https:\/\/www.facebook.com\/TaliDisain\/\" \/>\n<meta property=\"article:modified_time\" content=\"2026-02-06T09:25:39+00:00\" \/>\n<meta property=\"og:image\" content=\"https:\/\/www.talidesign.eu\/wp\/wp-content\/uploads\/2025\/03\/CATMUG-Photoroom-3.jpg\" \/>\n\t<meta property=\"og:image:width\" content=\"2000\" \/>\n\t<meta property=\"og:image:height\" content=\"2000\" \/>\n\t<meta property=\"og:image:type\" content=\"image\/jpeg\" \/>\n<meta name=\"twitter:card\" content=\"summary_large_image\" \/>\n<meta name=\"twitter:label1\" content=\"Est. reading time\" \/>\n\t<meta name=\"twitter:data1\" content=\"2 minutes\" \/>\n<script type=\"application\/ld+json\" class=\"yoast-schema-graph\">{\"@context\":\"https:\\\/\\\/schema.org\",\"@graph\":[{\"@type\":\"WebPage\",\"@id\":\"https:\\\/\\\/www.talidesign.eu\\\/et\\\/pood\\\/toode\\\/fluid-market-cat-kruus\\\/\",\"url\":\"https:\\\/\\\/www.talidesign.eu\\\/et\\\/pood\\\/toode\\\/fluid-market-cat-kruus\\\/\",\"name\":\"Fluid Market Cat kruus - TALI Concept Store\",\"isPartOf\":{\"@id\":\"https:\\\/\\\/www.talidesign.eu\\\/et\\\/#website\"},\"primaryImageOfPage\":{\"@id\":\"https:\\\/\\\/www.talidesign.eu\\\/et\\\/pood\\\/toode\\\/fluid-market-cat-kruus\\\/#primaryimage\"},\"image\":{\"@id\":\"https:\\\/\\\/www.talidesign.eu\\\/et\\\/pood\\\/toode\\\/fluid-market-cat-kruus\\\/#primaryimage\"},\"thumbnailUrl\":\"https:\\\/\\\/www.talidesign.eu\\\/wp\\\/wp-content\\\/uploads\\\/2025\\\/03\\\/CATMUG-Photoroom-3.jpg\",\"datePublished\":\"2025-03-20T08:37:10+00:00\",\"dateModified\":\"2026-02-06T09:25:39+00:00\",\"description\":\"See kassi kujuline keraamiline tass lisab hommikurutiinile m\u00e4ngulist ja humoorikat aktsenti. Tutvu l\u00e4hemalt Fluid Marketi kruusiga!\",\"breadcrumb\":{\"@id\":\"https:\\\/\\\/www.talidesign.eu\\\/et\\\/pood\\\/toode\\\/fluid-market-cat-kruus\\\/#breadcrumb\"},\"inLanguage\":\"et\",\"potentialAction\":[{\"@type\":\"ReadAction\",\"target\":[\"https:\\\/\\\/www.talidesign.eu\\\/et\\\/pood\\\/toode\\\/fluid-market-cat-kruus\\\/\"]}]},{\"@type\":\"ImageObject\",\"inLanguage\":\"et\",\"@id\":\"https:\\\/\\\/www.talidesign.eu\\\/et\\\/pood\\\/toode\\\/fluid-market-cat-kruus\\\/#primaryimage\",\"url\":\"https:\\\/\\\/www.talidesign.eu\\\/wp\\\/wp-content\\\/uploads\\\/2025\\\/03\\\/CATMUG-Photoroom-3.jpg\",\"contentUrl\":\"https:\\\/\\\/www.talidesign.eu\\\/wp\\\/wp-content\\\/uploads\\\/2025\\\/03\\\/CATMUG-Photoroom-3.jpg\",\"width\":2000,\"height\":2000},{\"@type\":\"BreadcrumbList\",\"@id\":\"https:\\\/\\\/www.talidesign.eu\\\/et\\\/pood\\\/toode\\\/fluid-market-cat-kruus\\\/#breadcrumb\",\"itemListElement\":[{\"@type\":\"ListItem\",\"position\":1,\"name\":\"Avaleht\",\"item\":\"https:\\\/\\\/www.talidesign.eu\\\/et\\\/\"},{\"@type\":\"ListItem\",\"position\":2,\"name\":\"Pood\",\"item\":\"https:\\\/\\\/www.talidesign.eu\\\/et\\\/pood\\\/\"},{\"@type\":\"ListItem\",\"position\":3,\"name\":\"Fluid Market Cat kruus\"}]},{\"@type\":\"WebSite\",\"@id\":\"https:\\\/\\\/www.talidesign.eu\\\/et\\\/#website\",\"url\":\"https:\\\/\\\/www.talidesign.eu\\\/et\\\/\",\"name\":\"TALI Concept Store\",\"description\":\"Suurim Disainipood Eestis\",\"potentialAction\":[{\"@type\":\"SearchAction\",\"target\":{\"@type\":\"EntryPoint\",\"urlTemplate\":\"https:\\\/\\\/www.talidesign.eu\\\/et\\\/?s={search_term_string}\"},\"query-input\":{\"@type\":\"PropertyValueSpecification\",\"valueRequired\":true,\"valueName\":\"search_term_string\"}}],\"inLanguage\":\"et\"}]}<\/script>\n<!-- \/ Yoast SEO plugin. -->","yoast_head_json":{"title":"Fluid Market Cat kruus - TALI Concept Store","description":"See kassi kujuline keraamiline tass lisab hommikurutiinile m\u00e4ngulist ja humoorikat aktsenti. Tutvu l\u00e4hemalt Fluid Marketi kruusiga!","robots":{"index":"index","follow":"follow","max-snippet":"max-snippet:-1","max-image-preview":"max-image-preview:large","max-video-preview":"max-video-preview:-1"},"canonical":"https:\/\/www.talidesign.eu\/et\/pood\/toode\/fluid-market-cat-kruus\/","og_locale":"et_EE","og_type":"article","og_title":"Fluid Market Cat kruus - TALI Concept Store","og_description":"See kassi kujuline keraamiline tass lisab hommikurutiinile m\u00e4ngulist ja humoorikat aktsenti. Tutvu l\u00e4hemalt Fluid Marketi kruusiga!","og_url":"https:\/\/www.talidesign.eu\/et\/pood\/toode\/fluid-market-cat-kruus\/","og_site_name":"TALI Concept Store","article_publisher":"https:\/\/www.facebook.com\/TaliDisain\/","article_modified_time":"2026-02-06T09:25:39+00:00","og_image":[{"width":2000,"height":2000,"url":"https:\/\/www.talidesign.eu\/wp\/wp-content\/uploads\/2025\/03\/CATMUG-Photoroom-3.jpg","type":"image\/jpeg"}],"twitter_card":"summary_large_image","twitter_misc":{"Est. reading time":"2 minutes"},"schema":{"@context":"https:\/\/schema.org","@graph":[{"@type":"WebPage","@id":"https:\/\/www.talidesign.eu\/et\/pood\/toode\/fluid-market-cat-kruus\/","url":"https:\/\/www.talidesign.eu\/et\/pood\/toode\/fluid-market-cat-kruus\/","name":"Fluid Market Cat kruus - TALI Concept Store","isPartOf":{"@id":"https:\/\/www.talidesign.eu\/et\/#website"},"primaryImageOfPage":{"@id":"https:\/\/www.talidesign.eu\/et\/pood\/toode\/fluid-market-cat-kruus\/#primaryimage"},"image":{"@id":"https:\/\/www.talidesign.eu\/et\/pood\/toode\/fluid-market-cat-kruus\/#primaryimage"},"thumbnailUrl":"https:\/\/www.talidesign.eu\/wp\/wp-content\/uploads\/2025\/03\/CATMUG-Photoroom-3.jpg","datePublished":"2025-03-20T08:37:10+00:00","dateModified":"2026-02-06T09:25:39+00:00","description":"See kassi kujuline keraamiline tass lisab hommikurutiinile m\u00e4ngulist ja humoorikat aktsenti. Tutvu l\u00e4hemalt Fluid Marketi kruusiga!","breadcrumb":{"@id":"https:\/\/www.talidesign.eu\/et\/pood\/toode\/fluid-market-cat-kruus\/#breadcrumb"},"inLanguage":"et","potentialAction":[{"@type":"ReadAction","target":["https:\/\/www.talidesign.eu\/et\/pood\/toode\/fluid-market-cat-kruus\/"]}]},{"@type":"ImageObject","inLanguage":"et","@id":"https:\/\/www.talidesign.eu\/et\/pood\/toode\/fluid-market-cat-kruus\/#primaryimage","url":"https:\/\/www.talidesign.eu\/wp\/wp-content\/uploads\/2025\/03\/CATMUG-Photoroom-3.jpg","contentUrl":"https:\/\/www.talidesign.eu\/wp\/wp-content\/uploads\/2025\/03\/CATMUG-Photoroom-3.jpg","width":2000,"height":2000},{"@type":"BreadcrumbList","@id":"https:\/\/www.talidesign.eu\/et\/pood\/toode\/fluid-market-cat-kruus\/#breadcrumb","itemListElement":[{"@type":"ListItem","position":1,"name":"Avaleht","item":"https:\/\/www.talidesign.eu\/et\/"},{"@type":"ListItem","position":2,"name":"Pood","item":"https:\/\/www.talidesign.eu\/et\/pood\/"},{"@type":"ListItem","position":3,"name":"Fluid Market Cat kruus"}]},{"@type":"WebSite","@id":"https:\/\/www.talidesign.eu\/et\/#website","url":"https:\/\/www.talidesign.eu\/et\/","name":"TALI Concept Store","description":"Suurim Disainipood Eestis","potentialAction":[{"@type":"SearchAction","target":{"@type":"EntryPoint","urlTemplate":"https:\/\/www.talidesign.eu\/et\/?s={search_term_string}"},"query-input":{"@type":"PropertyValueSpecification","valueRequired":true,"valueName":"search_term_string"}}],"inLanguage":"et"}]}},"_links":{"self":[{"href":"https:\/\/www.talidesign.eu\/et\/wp-json\/wp\/v2\/product\/101962","targetHints":{"allow":["GET"]}}],"collection":[{"href":"https:\/\/www.talidesign.eu\/et\/wp-json\/wp\/v2\/product"}],"about":[{"href":"https:\/\/www.talidesign.eu\/et\/wp-json\/wp\/v2\/types\/product"}],"wp:featuredmedia":[{"embeddable":true,"href":"https:\/\/www.talidesign.eu\/et\/wp-json\/wp\/v2\/media\/101964"}],"wp:attachment":[{"href":"https:\/\/www.talidesign.eu\/et\/wp-json\/wp\/v2\/media?parent=101962"}],"wp:term":[{"taxonomy":"product_brand","embeddable":true,"href":"https:\/\/www.talidesign.eu\/et\/wp-json\/wp\/v2\/product_brand?post=101962"},{"taxonomy":"product_cat","embeddable":true,"href":"https:\/\/www.talidesign.eu\/et\/wp-json\/wp\/v2\/product_cat?post=101962"},{"taxonomy":"product_tag","embeddable":true,"href":"https:\/\/www.talidesign.eu\/et\/wp-json\/wp\/v2\/product_tag?post=101962"}],"curies":[{"name":"wp","href":"https:\/\/api.w.org\/{rel}","templated":true}]}}