{"id":101988,"date":"2025-03-20T14:05:26","date_gmt":"2025-03-20T12:05:27","guid":{"rendered":"https:\/\/www.talidesign.eu\/?post_type=product&#038;p=101988"},"modified":"2026-03-13T15:53:26","modified_gmt":"2026-03-13T13:53:26","slug":"umbra-wavy-ehtelaegas-chrome","status":"publish","type":"product","link":"https:\/\/www.talidesign.eu\/et\/pood\/toode\/umbra-wavy-ehtelaegas-chrome\/","title":{"rendered":"Umbra Wavy ehtelaegas Chrome"},"content":{"rendered":"<p><strong>Wavy ehtelaegas Chrome<\/strong><\/p>\n<p>Umbra Wavy ehtehoidja \u00fchendab kaasaegse disaini ja praktilise elegantsi. L\u00e4ikiva poleeritud kroomviimistlusega lisab Wavy igale tualettlauale luksuslikku ilmet, hoides samal ajal su ehted korras ja kaitstud. Detailidele suurt t\u00e4helepanu p\u00f6\u00f6rates on Wavy varustatud pehme sametpolstriga, mis hoiab k\u00f5rvar\u00f5ngad, s\u00f5rmused, k\u00e4ev\u00f5rud ja muud aksessuaarid kriimustuste eest. Saad kasutada sahtleid eraldi v\u00f5i laduda need \u00fcksteise peale, luues ruumis\u00e4\u00e4stliku ja stiilse hoiulahenduse. Wavy ei ole lihtsalt ehtelaegas\u2013 see on ideaalne kingitus igale ehtearmastajale.<\/p>\n<ul>\n<li><strong>Poleeritud kroomviimistlus<\/strong><br \/>\nValmistatud poleeritud alumiiniumist, mis on s\u00f5rmej\u00e4lgede ja plekkide suhtes vastupidav, s\u00e4ilitades alati laitmatu v\u00e4limuse.<\/li>\n<li><strong>Modulaarne ehtehoiustus<\/strong><br \/>\nKompaktne ja stiilne lahendus igap\u00e4evaste ehete hoiustamiseks \u2013 sahtleid saab kasutada eraldi v\u00f5i virnastada, et luua enda vajadustele vastav hoiulahendus.<\/li>\n<li><strong>Sametist vooder<\/strong><br \/>\n\u00dchel sahtlil on polsterdatud sametpadjad, mis sobivad ideaalselt s\u00f5rmuste ja k\u00f5rvar\u00f5ngaste jaoks, teisel tasapinnaline sametvooder, ideaalne suuremate ehete nagu k\u00e4ev\u00f5rude ja kellade hoiustamiseks.<\/li>\n<li><strong>T\u00e4iuslik kingitus<\/strong><br \/>\nStiilne ja praktiline valik igale ehtearmastajale \u2013 ideaalne kombinatsioon funktsionaalsusest ja elegantsist.<\/li>\n<\/ul>\n<p>\u2022 Materjal: Poleeritud alumiinium, sametvooder<br \/>\n\u2022 <a href=\"\/et\/tootekategooria\/brandid\/umbra-et\/\">Br\u00e4nd Umbra<\/a><\/p>\n<p><strong>Meist<\/strong><\/p>\n<p>1979. aastal alguse saanud \u00fche lihtsa aknakardinaga s\u00fcndis Umbra kirest originaalse disaini ja taskukohase, kaasaegse stiili vastu. Kaasasutajad Les Mandelbaum ja Paul Rowan n\u00e4gid vajadust luua loomingulisi ja soodsaid tooteid, mis sobiksid igasse koju.<\/p>\n<p>T\u00e4naseks on Torontos, Kanadas asuv Umbra kasvanud rahvusvaheliseks disainiliidriks, tegutsedes enam kui 120 riigis ja omades esindusi Euroopas, P\u00f5hja- ja L\u00f5una-Ameerikas ning Aasias. Innovatsioonist kantuna toob meie rahvusvaheline disainitiim igap\u00e4evaesemetesse v\u00e4rsket loomingulisust ja uusi ideid, seades kaasaegsele disainile uusi standardeid.<\/p>\n<p><a href=\"\/et\/tootekategooria\/brandid\/umbra-et\/\"><img loading=\"lazy\" decoding=\"async\" class=\"alignnone size-full wp-image-93263\" src=\"https:\/\/www.talidesign.eu\/wp\/wp-content\/uploads\/2024\/10\/umbralogo-1.jpg\" alt=\"\" width=\"500\" height=\"100\" \/><\/a><\/p>\n","protected":false},"excerpt":{"rendered":"<p><strong>Wavy ehtelaegas Chrome<\/strong><\/p>\n<p>Umbra Wavy ehtehoidja \u00fchendab kaasaegse disaini ja praktilise elegantsi. L\u00e4ikiva poleeritud kroomviimistlusega lisab Wavy igale tualettlauale luksuslikku ilmet, hoides samal ajal su ehted korras ja kaitstud. Detailidele suurt t\u00e4helepanu p\u00f6\u00f6rates on Wavy varustatud pehme sametpolstriga, mis hoiab k\u00f5rvar\u00f5ngad, s\u00f5rmused, k\u00e4ev\u00f5rud ja muud aksessuaarid kriimustuste eest. Saad kasutada sahtleid eraldi v\u00f5i laduda need \u00fcksteise peale, luues ruumis\u00e4\u00e4stliku ja stiilse hoiulahenduse. Wavy ei ole lihtsalt ehtelaegas\u2013 see on ideaalne kingitus igale ehtearmastajale.<\/p>\n<ul>\n<li><strong>Poleeritud kroomviimistlus<\/strong><br \/>\nValmistatud poleeritud alumiiniumist, mis on s\u00f5rmej\u00e4lgede ja plekkide suhtes vastupidav, s\u00e4ilitades alati laitmatu v\u00e4limuse.<\/li>\n<li><strong>Modulaarne ehtehoiustus<\/strong><br \/>\nKompaktne ja stiilne lahendus igap\u00e4evaste ehete hoiustamiseks \u2013 sahtleid saab kasutada eraldi v\u00f5i virnastada, et luua enda vajadustele vastav hoiulahendus.<\/li>\n<li><strong>Sametist vooder<\/strong><br \/>\n\u00dchel sahtlil on polsterdatud sametpadjad, mis sobivad ideaalselt s\u00f5rmuste ja k\u00f5rvar\u00f5ngaste jaoks, teisel tasapinnaline sametvooder, ideaalne suuremate ehete nagu k\u00e4ev\u00f5rude ja kellade hoiustamiseks.<\/li>\n<li><strong>T\u00e4iuslik kingitus<\/strong><br \/>\nStiilne ja praktiline valik igale ehtearmastajale \u2013 ideaalne kombinatsioon funktsionaalsusest ja elegantsist.<\/li>\n<\/ul>\n<p>\u2022 Materjal: Poleeritud alumiinium, sametvooder<br \/>\n\u2022 <a href=\"\/et\/tootekategooria\/brandid\/umbra-et\/\">Br\u00e4nd Umbra<\/a><\/p>\n<p><strong>Meist<\/strong><\/p>\n<p>1979. aastal alguse saanud \u00fche lihtsa aknakardinaga s\u00fcndis Umbra kirest originaalse disaini ja taskukohase, kaasaegse stiili vastu. Kaasasutajad Les Mandelbaum ja Paul Rowan n\u00e4gid vajadust luua loomingulisi ja soodsaid tooteid, mis sobiksid igasse koju.<\/p>\n<p>T\u00e4naseks on Torontos, Kanadas asuv Umbra kasvanud rahvusvaheliseks disainiliidriks, tegutsedes enam kui 120 riigis ja omades esindusi Euroopas, P\u00f5hja- ja L\u00f5una-Ameerikas ning Aasias. Innovatsioonist kantuna toob meie rahvusvaheline disainitiim igap\u00e4evaesemetesse v\u00e4rsket loomingulisust ja uusi ideid, seades kaasaegsele disainile uusi standardeid.<\/p>\n<p><a href=\"\/et\/tootekategooria\/brandid\/umbra-et\/\"><img loading=\"lazy\" decoding=\"async\" class=\"alignnone size-full wp-image-93263\" src=\"https:\/\/www.talidesign.eu\/wp\/wp-content\/uploads\/2024\/10\/umbralogo-1.jpg\" alt=\"\" width=\"500\" height=\"100\" \/><\/a><\/p>\n","protected":false},"featured_media":102003,"template":"","meta":[],"product_brand":[],"product_cat":[1026,1107,1165,1031,1018,3350],"product_tag":[3356],"class_list":{"0":"post-101988","1":"product","2":"type-product","3":"status-publish","4":"has-post-thumbnail","6":"product_cat-brandid","7":"product_cat-ehtelaekad","8":"product_cat-ehtelaekad-et","9":"product_cat-hoiustamine","10":"product_cat-kodu","11":"product_cat-umbra-et","12":"product_tag-umbra-et","14":"first","15":"instock","16":"taxable","17":"shipping-taxable","18":"purchasable","19":"product-type-simple"},"yoast_head":"<!-- This site is optimized with the Yoast SEO plugin v27.3 - https:\/\/yoast.com\/product\/yoast-seo-wordpress\/ -->\n<title>Umbra Wavy ehtelaegas Chrome - TALI Concept Store<\/title>\n<meta name=\"description\" content=\"Umbra Wavy ehtelaegas Chrome - kaasaegne ja elegantne ehtehoidja, mis lisab luksust igale tualettlauale. Hoiab ehted korras ja kaitstud.\" \/>\n<meta name=\"robots\" content=\"index, follow, max-snippet:-1, max-image-preview:large, max-video-preview:-1\" \/>\n<link rel=\"canonical\" href=\"https:\/\/www.talidesign.eu\/et\/pood\/toode\/umbra-wavy-ehtelaegas-chrome\/\" \/>\n<meta property=\"og:locale\" content=\"et_EE\" \/>\n<meta property=\"og:type\" content=\"article\" \/>\n<meta property=\"og:title\" content=\"Umbra Wavy ehtelaegas Chrome - TALI Concept Store\" \/>\n<meta property=\"og:description\" content=\"Umbra Wavy ehtelaegas Chrome - kaasaegne ja elegantne ehtehoidja, mis lisab luksust igale tualettlauale. Hoiab ehted korras ja kaitstud.\" \/>\n<meta property=\"og:url\" content=\"https:\/\/www.talidesign.eu\/et\/pood\/toode\/umbra-wavy-ehtelaegas-chrome\/\" \/>\n<meta property=\"og:site_name\" content=\"TALI Concept Store\" \/>\n<meta property=\"article:publisher\" content=\"https:\/\/www.facebook.com\/TaliDisain\/\" \/>\n<meta property=\"article:modified_time\" content=\"2026-03-13T13:53:26+00:00\" \/>\n<meta property=\"og:image\" content=\"https:\/\/www.talidesign.eu\/wp\/wp-content\/uploads\/2025\/03\/leikgd3k3hq0ktzlsaqt_de98be50-43bc-4d66-83d0-3d7a04c73136.jpeg\" \/>\n\t<meta property=\"og:image:width\" content=\"1214\" \/>\n\t<meta property=\"og:image:height\" content=\"1214\" \/>\n\t<meta property=\"og:image:type\" content=\"image\/jpeg\" \/>\n<meta name=\"twitter:card\" content=\"summary_large_image\" \/>\n<meta name=\"twitter:label1\" content=\"Est. reading time\" \/>\n\t<meta name=\"twitter:data1\" content=\"2 minutes\" \/>\n<script type=\"application\/ld+json\" class=\"yoast-schema-graph\">{\"@context\":\"https:\\\/\\\/schema.org\",\"@graph\":[{\"@type\":\"WebPage\",\"@id\":\"https:\\\/\\\/www.talidesign.eu\\\/et\\\/pood\\\/toode\\\/umbra-wavy-ehtelaegas-chrome\\\/\",\"url\":\"https:\\\/\\\/www.talidesign.eu\\\/et\\\/pood\\\/toode\\\/umbra-wavy-ehtelaegas-chrome\\\/\",\"name\":\"Umbra Wavy ehtelaegas Chrome - TALI Concept Store\",\"isPartOf\":{\"@id\":\"https:\\\/\\\/www.talidesign.eu\\\/et\\\/#website\"},\"primaryImageOfPage\":{\"@id\":\"https:\\\/\\\/www.talidesign.eu\\\/et\\\/pood\\\/toode\\\/umbra-wavy-ehtelaegas-chrome\\\/#primaryimage\"},\"image\":{\"@id\":\"https:\\\/\\\/www.talidesign.eu\\\/et\\\/pood\\\/toode\\\/umbra-wavy-ehtelaegas-chrome\\\/#primaryimage\"},\"thumbnailUrl\":\"https:\\\/\\\/www.talidesign.eu\\\/wp\\\/wp-content\\\/uploads\\\/2025\\\/03\\\/leikgd3k3hq0ktzlsaqt_de98be50-43bc-4d66-83d0-3d7a04c73136.jpeg\",\"datePublished\":\"2025-03-20T12:05:27+00:00\",\"dateModified\":\"2026-03-13T13:53:26+00:00\",\"description\":\"Umbra Wavy ehtelaegas Chrome - kaasaegne ja elegantne ehtehoidja, mis lisab luksust igale tualettlauale. Hoiab ehted korras ja kaitstud.\",\"breadcrumb\":{\"@id\":\"https:\\\/\\\/www.talidesign.eu\\\/et\\\/pood\\\/toode\\\/umbra-wavy-ehtelaegas-chrome\\\/#breadcrumb\"},\"inLanguage\":\"et\",\"potentialAction\":[{\"@type\":\"ReadAction\",\"target\":[\"https:\\\/\\\/www.talidesign.eu\\\/et\\\/pood\\\/toode\\\/umbra-wavy-ehtelaegas-chrome\\\/\"]}]},{\"@type\":\"ImageObject\",\"inLanguage\":\"et\",\"@id\":\"https:\\\/\\\/www.talidesign.eu\\\/et\\\/pood\\\/toode\\\/umbra-wavy-ehtelaegas-chrome\\\/#primaryimage\",\"url\":\"https:\\\/\\\/www.talidesign.eu\\\/wp\\\/wp-content\\\/uploads\\\/2025\\\/03\\\/leikgd3k3hq0ktzlsaqt_de98be50-43bc-4d66-83d0-3d7a04c73136.jpeg\",\"contentUrl\":\"https:\\\/\\\/www.talidesign.eu\\\/wp\\\/wp-content\\\/uploads\\\/2025\\\/03\\\/leikgd3k3hq0ktzlsaqt_de98be50-43bc-4d66-83d0-3d7a04c73136.jpeg\",\"width\":1214,\"height\":1214},{\"@type\":\"BreadcrumbList\",\"@id\":\"https:\\\/\\\/www.talidesign.eu\\\/et\\\/pood\\\/toode\\\/umbra-wavy-ehtelaegas-chrome\\\/#breadcrumb\",\"itemListElement\":[{\"@type\":\"ListItem\",\"position\":1,\"name\":\"Avaleht\",\"item\":\"https:\\\/\\\/www.talidesign.eu\\\/et\\\/\"},{\"@type\":\"ListItem\",\"position\":2,\"name\":\"Pood\",\"item\":\"https:\\\/\\\/www.talidesign.eu\\\/et\\\/pood\\\/\"},{\"@type\":\"ListItem\",\"position\":3,\"name\":\"Umbra Wavy ehtelaegas Chrome\"}]},{\"@type\":\"WebSite\",\"@id\":\"https:\\\/\\\/www.talidesign.eu\\\/et\\\/#website\",\"url\":\"https:\\\/\\\/www.talidesign.eu\\\/et\\\/\",\"name\":\"TALI Concept Store\",\"description\":\"Suurim Disainipood Eestis\",\"potentialAction\":[{\"@type\":\"SearchAction\",\"target\":{\"@type\":\"EntryPoint\",\"urlTemplate\":\"https:\\\/\\\/www.talidesign.eu\\\/et\\\/?s={search_term_string}\"},\"query-input\":{\"@type\":\"PropertyValueSpecification\",\"valueRequired\":true,\"valueName\":\"search_term_string\"}}],\"inLanguage\":\"et\"}]}<\/script>\n<!-- \/ Yoast SEO plugin. -->","yoast_head_json":{"title":"Umbra Wavy ehtelaegas Chrome - TALI Concept Store","description":"Umbra Wavy ehtelaegas Chrome - kaasaegne ja elegantne ehtehoidja, mis lisab luksust igale tualettlauale. Hoiab ehted korras ja kaitstud.","robots":{"index":"index","follow":"follow","max-snippet":"max-snippet:-1","max-image-preview":"max-image-preview:large","max-video-preview":"max-video-preview:-1"},"canonical":"https:\/\/www.talidesign.eu\/et\/pood\/toode\/umbra-wavy-ehtelaegas-chrome\/","og_locale":"et_EE","og_type":"article","og_title":"Umbra Wavy ehtelaegas Chrome - TALI Concept Store","og_description":"Umbra Wavy ehtelaegas Chrome - kaasaegne ja elegantne ehtehoidja, mis lisab luksust igale tualettlauale. Hoiab ehted korras ja kaitstud.","og_url":"https:\/\/www.talidesign.eu\/et\/pood\/toode\/umbra-wavy-ehtelaegas-chrome\/","og_site_name":"TALI Concept Store","article_publisher":"https:\/\/www.facebook.com\/TaliDisain\/","article_modified_time":"2026-03-13T13:53:26+00:00","og_image":[{"width":1214,"height":1214,"url":"https:\/\/www.talidesign.eu\/wp\/wp-content\/uploads\/2025\/03\/leikgd3k3hq0ktzlsaqt_de98be50-43bc-4d66-83d0-3d7a04c73136.jpeg","type":"image\/jpeg"}],"twitter_card":"summary_large_image","twitter_misc":{"Est. reading time":"2 minutes"},"schema":{"@context":"https:\/\/schema.org","@graph":[{"@type":"WebPage","@id":"https:\/\/www.talidesign.eu\/et\/pood\/toode\/umbra-wavy-ehtelaegas-chrome\/","url":"https:\/\/www.talidesign.eu\/et\/pood\/toode\/umbra-wavy-ehtelaegas-chrome\/","name":"Umbra Wavy ehtelaegas Chrome - TALI Concept Store","isPartOf":{"@id":"https:\/\/www.talidesign.eu\/et\/#website"},"primaryImageOfPage":{"@id":"https:\/\/www.talidesign.eu\/et\/pood\/toode\/umbra-wavy-ehtelaegas-chrome\/#primaryimage"},"image":{"@id":"https:\/\/www.talidesign.eu\/et\/pood\/toode\/umbra-wavy-ehtelaegas-chrome\/#primaryimage"},"thumbnailUrl":"https:\/\/www.talidesign.eu\/wp\/wp-content\/uploads\/2025\/03\/leikgd3k3hq0ktzlsaqt_de98be50-43bc-4d66-83d0-3d7a04c73136.jpeg","datePublished":"2025-03-20T12:05:27+00:00","dateModified":"2026-03-13T13:53:26+00:00","description":"Umbra Wavy ehtelaegas Chrome - kaasaegne ja elegantne ehtehoidja, mis lisab luksust igale tualettlauale. Hoiab ehted korras ja kaitstud.","breadcrumb":{"@id":"https:\/\/www.talidesign.eu\/et\/pood\/toode\/umbra-wavy-ehtelaegas-chrome\/#breadcrumb"},"inLanguage":"et","potentialAction":[{"@type":"ReadAction","target":["https:\/\/www.talidesign.eu\/et\/pood\/toode\/umbra-wavy-ehtelaegas-chrome\/"]}]},{"@type":"ImageObject","inLanguage":"et","@id":"https:\/\/www.talidesign.eu\/et\/pood\/toode\/umbra-wavy-ehtelaegas-chrome\/#primaryimage","url":"https:\/\/www.talidesign.eu\/wp\/wp-content\/uploads\/2025\/03\/leikgd3k3hq0ktzlsaqt_de98be50-43bc-4d66-83d0-3d7a04c73136.jpeg","contentUrl":"https:\/\/www.talidesign.eu\/wp\/wp-content\/uploads\/2025\/03\/leikgd3k3hq0ktzlsaqt_de98be50-43bc-4d66-83d0-3d7a04c73136.jpeg","width":1214,"height":1214},{"@type":"BreadcrumbList","@id":"https:\/\/www.talidesign.eu\/et\/pood\/toode\/umbra-wavy-ehtelaegas-chrome\/#breadcrumb","itemListElement":[{"@type":"ListItem","position":1,"name":"Avaleht","item":"https:\/\/www.talidesign.eu\/et\/"},{"@type":"ListItem","position":2,"name":"Pood","item":"https:\/\/www.talidesign.eu\/et\/pood\/"},{"@type":"ListItem","position":3,"name":"Umbra Wavy ehtelaegas Chrome"}]},{"@type":"WebSite","@id":"https:\/\/www.talidesign.eu\/et\/#website","url":"https:\/\/www.talidesign.eu\/et\/","name":"TALI Concept Store","description":"Suurim Disainipood Eestis","potentialAction":[{"@type":"SearchAction","target":{"@type":"EntryPoint","urlTemplate":"https:\/\/www.talidesign.eu\/et\/?s={search_term_string}"},"query-input":{"@type":"PropertyValueSpecification","valueRequired":true,"valueName":"search_term_string"}}],"inLanguage":"et"}]}},"_links":{"self":[{"href":"https:\/\/www.talidesign.eu\/et\/wp-json\/wp\/v2\/product\/101988","targetHints":{"allow":["GET"]}}],"collection":[{"href":"https:\/\/www.talidesign.eu\/et\/wp-json\/wp\/v2\/product"}],"about":[{"href":"https:\/\/www.talidesign.eu\/et\/wp-json\/wp\/v2\/types\/product"}],"wp:featuredmedia":[{"embeddable":true,"href":"https:\/\/www.talidesign.eu\/et\/wp-json\/wp\/v2\/media\/102003"}],"wp:attachment":[{"href":"https:\/\/www.talidesign.eu\/et\/wp-json\/wp\/v2\/media?parent=101988"}],"wp:term":[{"taxonomy":"product_brand","embeddable":true,"href":"https:\/\/www.talidesign.eu\/et\/wp-json\/wp\/v2\/product_brand?post=101988"},{"taxonomy":"product_cat","embeddable":true,"href":"https:\/\/www.talidesign.eu\/et\/wp-json\/wp\/v2\/product_cat?post=101988"},{"taxonomy":"product_tag","embeddable":true,"href":"https:\/\/www.talidesign.eu\/et\/wp-json\/wp\/v2\/product_tag?post=101988"}],"curies":[{"name":"wp","href":"https:\/\/api.w.org\/{rel}","templated":true}]}}