{"id":102291,"date":"2025-03-28T21:49:07","date_gmt":"2025-03-28T19:49:08","guid":{"rendered":"https:\/\/www.talidesign.eu\/?post_type=product&#038;p=102291"},"modified":"2025-08-26T13:39:13","modified_gmt":"2025-08-26T10:39:13","slug":"fluid-market-flower-kruus-roosa","status":"publish","type":"product","link":"https:\/\/www.talidesign.eu\/et\/pood\/toode\/fluid-market-flower-kruus-roosa\/","title":{"rendered":"Fluid Market Flower kruus Roosa"},"content":{"rendered":"<p><strong>Flower kruus Roosa<\/strong><\/p>\n<p>Minimalistlik, kuid m\u00e4nguline \u2013 see valge keraamiline tass koos pastelse roosa lillekujulise sangaga lisab su hommikutesse \u00f5rnust ja stiili. Sobib suurep\u00e4raselt nii kohvi, tee kui ka lihtsalt silmailuks riiulile.<\/p>\n<p>\u2022 9x8cm<br \/>\n\u2022 Keraamiline<br \/>\n\u2022 <a href=\"\/product-category\/designers\/fluid-market-et\/\">Br\u00e4nd Fluid Market<\/a><\/p>\n<p><strong>Meist<\/strong><\/p>\n<p>J\u00e9r\u00e9my on olnud loominguline juba lapsep\u00f5lvest saadik, tema ema \u00fctles tihti, et ta elab oma kujutlusmaailmas.<br \/>\nSee loovus viis Fluid Marketi loomiseni \u2013 br\u00e4nd, mis on p\u00fchendunud positiivsete emotsioonide jagamisele ja ainulaadsete, m\u00e4nguliste disainide pakkumisele. P\u00e4rast aastaid k\u00fc\u00fcnlat\u00f6\u00f6stuses otsustas J\u00e9r\u00e9my uurida uusi kunstilisi horisonte. Keraamika sai t\u00e4iuslikuks v\u00e4ljundiks, pakkudes vabadust tema julgete ideede elluviimiseks.<\/p>\n<p>Tere tulemast Fluid Marketi maailma \u2014 naudi teekonda!<br \/>\n<a href=\"https:\/\/www.talidesign.eu\/wp\/wp-content\/uploads\/2024\/09\/Jeremy.webp\"><img loading=\"lazy\" decoding=\"async\" src=\"https:\/\/www.talidesign.eu\/wp\/wp-content\/uploads\/2024\/09\/Jeremy-400x400.webp\" alt=\"\" width=\"400\" height=\"400\" class=\"alignnone size-medium wp-image-91771\" srcset=\"https:\/\/www.talidesign.eu\/wp\/wp-content\/uploads\/2024\/09\/Jeremy-400x400.webp 400w, https:\/\/www.talidesign.eu\/wp\/wp-content\/uploads\/2024\/09\/Jeremy-280x280.webp 280w, https:\/\/www.talidesign.eu\/wp\/wp-content\/uploads\/2024\/09\/Jeremy-100x100.webp 100w, https:\/\/www.talidesign.eu\/wp\/wp-content\/uploads\/2024\/09\/Jeremy.webp 480w\" sizes=\"auto, (max-width: 400px) 100vw, 400px\" \/><\/a><br \/>\n<em>J\u00e9r\u00e9my<\/em><br \/>\n<a href=\"\/product-category\/designers\/fluid-market-et\/\"><img loading=\"lazy\" decoding=\"async\" src=\"https:\/\/www.talidesign.eu\/wp\/wp-content\/uploads\/2024\/09\/fluidMarket-1.jpg\" alt=\"\" width=\"500\" height=\"100\" class=\"alignnone size-full wp-image-91769\" \/><\/a><\/p>\n","protected":false},"excerpt":{"rendered":"<p><strong>Flower kruus Roosa<\/strong><\/p>\n<p>Minimalistlik, kuid m\u00e4nguline \u2013 see valge keraamiline tass koos pastelse roosa lillekujulise sangaga lisab su hommikutesse \u00f5rnust ja stiili. Sobib suurep\u00e4raselt nii kohvi, tee kui ka lihtsalt silmailuks riiulile.<\/p>\n<p>\u2022 9x8cm<br \/>\n\u2022 Keraamiline<br \/>\n\u2022 <a href=\"\/product-category\/designers\/fluid-market-et\/\">Br\u00e4nd Fluid Market<\/a><\/p>\n<p><strong>Meist<\/strong><\/p>\n<p>J\u00e9r\u00e9my on olnud loominguline juba lapsep\u00f5lvest saadik, tema ema \u00fctles tihti, et ta elab oma kujutlusmaailmas.<br \/>\nSee loovus viis Fluid Marketi loomiseni \u2013 br\u00e4nd, mis on p\u00fchendunud positiivsete emotsioonide jagamisele ja ainulaadsete, m\u00e4nguliste disainide pakkumisele. P\u00e4rast aastaid k\u00fc\u00fcnlat\u00f6\u00f6stuses otsustas J\u00e9r\u00e9my uurida uusi kunstilisi horisonte. Keraamika sai t\u00e4iuslikuks v\u00e4ljundiks, pakkudes vabadust tema julgete ideede elluviimiseks.<\/p>\n<p>Tere tulemast Fluid Marketi maailma \u2014 naudi teekonda!<br \/>\n<a href=\"https:\/\/www.talidesign.eu\/wp\/wp-content\/uploads\/2024\/09\/Jeremy.webp\"><img loading=\"lazy\" decoding=\"async\" src=\"https:\/\/www.talidesign.eu\/wp\/wp-content\/uploads\/2024\/09\/Jeremy-400x400.webp\" alt=\"\" width=\"400\" height=\"400\" class=\"alignnone size-medium wp-image-91771\" srcset=\"https:\/\/www.talidesign.eu\/wp\/wp-content\/uploads\/2024\/09\/Jeremy-400x400.webp 400w, https:\/\/www.talidesign.eu\/wp\/wp-content\/uploads\/2024\/09\/Jeremy-280x280.webp 280w, https:\/\/www.talidesign.eu\/wp\/wp-content\/uploads\/2024\/09\/Jeremy-100x100.webp 100w, https:\/\/www.talidesign.eu\/wp\/wp-content\/uploads\/2024\/09\/Jeremy.webp 480w\" sizes=\"auto, (max-width: 400px) 100vw, 400px\" \/><\/a><br \/>\n<em>J\u00e9r\u00e9my<\/em><br \/>\n<a href=\"\/product-category\/designers\/fluid-market-et\/\"><img loading=\"lazy\" decoding=\"async\" src=\"https:\/\/www.talidesign.eu\/wp\/wp-content\/uploads\/2024\/09\/fluidMarket-1.jpg\" alt=\"\" width=\"500\" height=\"100\" class=\"alignnone size-full wp-image-91769\" \/><\/a><\/p>\n","protected":false},"featured_media":102293,"template":"","meta":[],"product_brand":[],"product_cat":[1026,3299,1109],"product_tag":[3302],"class_list":{"0":"post-102291","1":"product","2":"type-product","3":"status-publish","4":"has-post-thumbnail","6":"product_cat-brandid","7":"product_cat-fluid-market-et","8":"product_cat-lauanoud","9":"product_tag-fluid-market-et","11":"first","12":"outofstock","13":"taxable","14":"shipping-taxable","15":"purchasable","16":"product-type-simple"},"yoast_head":"<!-- This site is optimized with the Yoast SEO plugin v27.3 - https:\/\/yoast.com\/product\/yoast-seo-wordpress\/ -->\n<title>Fluid Market Flower kruus Roosa - TALI Concept Store<\/title>\n<meta name=\"description\" content=\"Fluid Market Flower kruus Roosa - Minimalistlik ja m\u00e4nguline keraamiline tass pastelse roosa lillekujulise sangaga. Lisab hommikutesse \u00f5rnust ja stiili.\" \/>\n<meta name=\"robots\" content=\"index, follow, max-snippet:-1, max-image-preview:large, max-video-preview:-1\" \/>\n<link rel=\"canonical\" href=\"https:\/\/www.talidesign.eu\/et\/pood\/toode\/fluid-market-flower-kruus-roosa\/\" \/>\n<meta property=\"og:locale\" content=\"et_EE\" \/>\n<meta property=\"og:type\" content=\"article\" \/>\n<meta property=\"og:title\" content=\"Fluid Market Flower kruus Roosa - TALI Concept Store\" \/>\n<meta property=\"og:description\" content=\"Fluid Market Flower kruus Roosa - Minimalistlik ja m\u00e4nguline keraamiline tass pastelse roosa lillekujulise sangaga. Lisab hommikutesse \u00f5rnust ja stiili.\" \/>\n<meta property=\"og:url\" content=\"https:\/\/www.talidesign.eu\/et\/pood\/toode\/fluid-market-flower-kruus-roosa\/\" \/>\n<meta property=\"og:site_name\" content=\"TALI Concept Store\" \/>\n<meta property=\"article:publisher\" content=\"https:\/\/www.facebook.com\/TaliDisain\/\" \/>\n<meta property=\"article:modified_time\" content=\"2025-08-26T10:39:13+00:00\" \/>\n<meta property=\"og:image\" content=\"https:\/\/www.talidesign.eu\/wp\/wp-content\/uploads\/2025\/03\/FLOWERMUGPINK-Photoroom.jpg\" \/>\n\t<meta property=\"og:image:width\" content=\"2000\" \/>\n\t<meta property=\"og:image:height\" content=\"2000\" \/>\n\t<meta property=\"og:image:type\" content=\"image\/jpeg\" \/>\n<meta name=\"twitter:card\" content=\"summary_large_image\" \/>\n<meta name=\"twitter:label1\" content=\"Est. reading time\" \/>\n\t<meta name=\"twitter:data1\" content=\"2 minutes\" \/>\n<script type=\"application\/ld+json\" class=\"yoast-schema-graph\">{\"@context\":\"https:\\\/\\\/schema.org\",\"@graph\":[{\"@type\":\"WebPage\",\"@id\":\"https:\\\/\\\/www.talidesign.eu\\\/et\\\/pood\\\/toode\\\/fluid-market-flower-kruus-roosa\\\/\",\"url\":\"https:\\\/\\\/www.talidesign.eu\\\/et\\\/pood\\\/toode\\\/fluid-market-flower-kruus-roosa\\\/\",\"name\":\"Fluid Market Flower kruus Roosa - TALI Concept Store\",\"isPartOf\":{\"@id\":\"https:\\\/\\\/www.talidesign.eu\\\/et\\\/#website\"},\"primaryImageOfPage\":{\"@id\":\"https:\\\/\\\/www.talidesign.eu\\\/et\\\/pood\\\/toode\\\/fluid-market-flower-kruus-roosa\\\/#primaryimage\"},\"image\":{\"@id\":\"https:\\\/\\\/www.talidesign.eu\\\/et\\\/pood\\\/toode\\\/fluid-market-flower-kruus-roosa\\\/#primaryimage\"},\"thumbnailUrl\":\"https:\\\/\\\/www.talidesign.eu\\\/wp\\\/wp-content\\\/uploads\\\/2025\\\/03\\\/FLOWERMUGPINK-Photoroom.jpg\",\"datePublished\":\"2025-03-28T19:49:08+00:00\",\"dateModified\":\"2025-08-26T10:39:13+00:00\",\"description\":\"Fluid Market Flower kruus Roosa - Minimalistlik ja m\u00e4nguline keraamiline tass pastelse roosa lillekujulise sangaga. Lisab hommikutesse \u00f5rnust ja stiili.\",\"breadcrumb\":{\"@id\":\"https:\\\/\\\/www.talidesign.eu\\\/et\\\/pood\\\/toode\\\/fluid-market-flower-kruus-roosa\\\/#breadcrumb\"},\"inLanguage\":\"et\",\"potentialAction\":[{\"@type\":\"ReadAction\",\"target\":[\"https:\\\/\\\/www.talidesign.eu\\\/et\\\/pood\\\/toode\\\/fluid-market-flower-kruus-roosa\\\/\"]}]},{\"@type\":\"ImageObject\",\"inLanguage\":\"et\",\"@id\":\"https:\\\/\\\/www.talidesign.eu\\\/et\\\/pood\\\/toode\\\/fluid-market-flower-kruus-roosa\\\/#primaryimage\",\"url\":\"https:\\\/\\\/www.talidesign.eu\\\/wp\\\/wp-content\\\/uploads\\\/2025\\\/03\\\/FLOWERMUGPINK-Photoroom.jpg\",\"contentUrl\":\"https:\\\/\\\/www.talidesign.eu\\\/wp\\\/wp-content\\\/uploads\\\/2025\\\/03\\\/FLOWERMUGPINK-Photoroom.jpg\",\"width\":2000,\"height\":2000},{\"@type\":\"BreadcrumbList\",\"@id\":\"https:\\\/\\\/www.talidesign.eu\\\/et\\\/pood\\\/toode\\\/fluid-market-flower-kruus-roosa\\\/#breadcrumb\",\"itemListElement\":[{\"@type\":\"ListItem\",\"position\":1,\"name\":\"Avaleht\",\"item\":\"https:\\\/\\\/www.talidesign.eu\\\/et\\\/\"},{\"@type\":\"ListItem\",\"position\":2,\"name\":\"Pood\",\"item\":\"https:\\\/\\\/www.talidesign.eu\\\/et\\\/pood\\\/\"},{\"@type\":\"ListItem\",\"position\":3,\"name\":\"Fluid Market Flower kruus Roosa\"}]},{\"@type\":\"WebSite\",\"@id\":\"https:\\\/\\\/www.talidesign.eu\\\/et\\\/#website\",\"url\":\"https:\\\/\\\/www.talidesign.eu\\\/et\\\/\",\"name\":\"TALI Concept Store\",\"description\":\"Suurim Disainipood Eestis\",\"potentialAction\":[{\"@type\":\"SearchAction\",\"target\":{\"@type\":\"EntryPoint\",\"urlTemplate\":\"https:\\\/\\\/www.talidesign.eu\\\/et\\\/?s={search_term_string}\"},\"query-input\":{\"@type\":\"PropertyValueSpecification\",\"valueRequired\":true,\"valueName\":\"search_term_string\"}}],\"inLanguage\":\"et\"}]}<\/script>\n<!-- \/ Yoast SEO plugin. -->","yoast_head_json":{"title":"Fluid Market Flower kruus Roosa - TALI Concept Store","description":"Fluid Market Flower kruus Roosa - Minimalistlik ja m\u00e4nguline keraamiline tass pastelse roosa lillekujulise sangaga. Lisab hommikutesse \u00f5rnust ja stiili.","robots":{"index":"index","follow":"follow","max-snippet":"max-snippet:-1","max-image-preview":"max-image-preview:large","max-video-preview":"max-video-preview:-1"},"canonical":"https:\/\/www.talidesign.eu\/et\/pood\/toode\/fluid-market-flower-kruus-roosa\/","og_locale":"et_EE","og_type":"article","og_title":"Fluid Market Flower kruus Roosa - TALI Concept Store","og_description":"Fluid Market Flower kruus Roosa - Minimalistlik ja m\u00e4nguline keraamiline tass pastelse roosa lillekujulise sangaga. Lisab hommikutesse \u00f5rnust ja stiili.","og_url":"https:\/\/www.talidesign.eu\/et\/pood\/toode\/fluid-market-flower-kruus-roosa\/","og_site_name":"TALI Concept Store","article_publisher":"https:\/\/www.facebook.com\/TaliDisain\/","article_modified_time":"2025-08-26T10:39:13+00:00","og_image":[{"width":2000,"height":2000,"url":"https:\/\/www.talidesign.eu\/wp\/wp-content\/uploads\/2025\/03\/FLOWERMUGPINK-Photoroom.jpg","type":"image\/jpeg"}],"twitter_card":"summary_large_image","twitter_misc":{"Est. reading time":"2 minutes"},"schema":{"@context":"https:\/\/schema.org","@graph":[{"@type":"WebPage","@id":"https:\/\/www.talidesign.eu\/et\/pood\/toode\/fluid-market-flower-kruus-roosa\/","url":"https:\/\/www.talidesign.eu\/et\/pood\/toode\/fluid-market-flower-kruus-roosa\/","name":"Fluid Market Flower kruus Roosa - TALI Concept Store","isPartOf":{"@id":"https:\/\/www.talidesign.eu\/et\/#website"},"primaryImageOfPage":{"@id":"https:\/\/www.talidesign.eu\/et\/pood\/toode\/fluid-market-flower-kruus-roosa\/#primaryimage"},"image":{"@id":"https:\/\/www.talidesign.eu\/et\/pood\/toode\/fluid-market-flower-kruus-roosa\/#primaryimage"},"thumbnailUrl":"https:\/\/www.talidesign.eu\/wp\/wp-content\/uploads\/2025\/03\/FLOWERMUGPINK-Photoroom.jpg","datePublished":"2025-03-28T19:49:08+00:00","dateModified":"2025-08-26T10:39:13+00:00","description":"Fluid Market Flower kruus Roosa - Minimalistlik ja m\u00e4nguline keraamiline tass pastelse roosa lillekujulise sangaga. Lisab hommikutesse \u00f5rnust ja stiili.","breadcrumb":{"@id":"https:\/\/www.talidesign.eu\/et\/pood\/toode\/fluid-market-flower-kruus-roosa\/#breadcrumb"},"inLanguage":"et","potentialAction":[{"@type":"ReadAction","target":["https:\/\/www.talidesign.eu\/et\/pood\/toode\/fluid-market-flower-kruus-roosa\/"]}]},{"@type":"ImageObject","inLanguage":"et","@id":"https:\/\/www.talidesign.eu\/et\/pood\/toode\/fluid-market-flower-kruus-roosa\/#primaryimage","url":"https:\/\/www.talidesign.eu\/wp\/wp-content\/uploads\/2025\/03\/FLOWERMUGPINK-Photoroom.jpg","contentUrl":"https:\/\/www.talidesign.eu\/wp\/wp-content\/uploads\/2025\/03\/FLOWERMUGPINK-Photoroom.jpg","width":2000,"height":2000},{"@type":"BreadcrumbList","@id":"https:\/\/www.talidesign.eu\/et\/pood\/toode\/fluid-market-flower-kruus-roosa\/#breadcrumb","itemListElement":[{"@type":"ListItem","position":1,"name":"Avaleht","item":"https:\/\/www.talidesign.eu\/et\/"},{"@type":"ListItem","position":2,"name":"Pood","item":"https:\/\/www.talidesign.eu\/et\/pood\/"},{"@type":"ListItem","position":3,"name":"Fluid Market Flower kruus Roosa"}]},{"@type":"WebSite","@id":"https:\/\/www.talidesign.eu\/et\/#website","url":"https:\/\/www.talidesign.eu\/et\/","name":"TALI Concept Store","description":"Suurim Disainipood Eestis","potentialAction":[{"@type":"SearchAction","target":{"@type":"EntryPoint","urlTemplate":"https:\/\/www.talidesign.eu\/et\/?s={search_term_string}"},"query-input":{"@type":"PropertyValueSpecification","valueRequired":true,"valueName":"search_term_string"}}],"inLanguage":"et"}]}},"_links":{"self":[{"href":"https:\/\/www.talidesign.eu\/et\/wp-json\/wp\/v2\/product\/102291","targetHints":{"allow":["GET"]}}],"collection":[{"href":"https:\/\/www.talidesign.eu\/et\/wp-json\/wp\/v2\/product"}],"about":[{"href":"https:\/\/www.talidesign.eu\/et\/wp-json\/wp\/v2\/types\/product"}],"wp:featuredmedia":[{"embeddable":true,"href":"https:\/\/www.talidesign.eu\/et\/wp-json\/wp\/v2\/media\/102293"}],"wp:attachment":[{"href":"https:\/\/www.talidesign.eu\/et\/wp-json\/wp\/v2\/media?parent=102291"}],"wp:term":[{"taxonomy":"product_brand","embeddable":true,"href":"https:\/\/www.talidesign.eu\/et\/wp-json\/wp\/v2\/product_brand?post=102291"},{"taxonomy":"product_cat","embeddable":true,"href":"https:\/\/www.talidesign.eu\/et\/wp-json\/wp\/v2\/product_cat?post=102291"},{"taxonomy":"product_tag","embeddable":true,"href":"https:\/\/www.talidesign.eu\/et\/wp-json\/wp\/v2\/product_tag?post=102291"}],"curies":[{"name":"wp","href":"https:\/\/api.w.org\/{rel}","templated":true}]}}