{"id":102797,"date":"2025-04-14T14:53:23","date_gmt":"2025-04-14T11:53:23","guid":{"rendered":"https:\/\/www.talidesign.eu\/?post_type=product&#038;p=102797"},"modified":"2026-04-02T17:17:16","modified_gmt":"2026-04-02T14:17:16","slug":"secrid-mini-rahakott-vintage-cognac-brown","status":"publish","type":"product","link":"https:\/\/www.talidesign.eu\/et\/pood\/toode\/secrid-mini-rahakott-vintage-cognac-brown\/","title":{"rendered":"Secrid Mini Rahakott Vintage Cognac Brown"},"content":{"rendered":"<p><strong>Mini Rahakott Vintage Cognac Brown<\/strong><\/p>\n<p>Industriaalne disain ja mood kohtuvad Secridi aksessuaarides. K\u00f5ik tooted on valmistatud Hollandis \u00fclima hoolega kvaliteedi, inimeste ja keskkonna suhtes. Patendeeritud mehhanism tagab lihtsa ligip\u00e4\u00e4su kaartidele.<\/p>\n<p>Meie Vintage nahal on hoolikalt h\u00f5\u00f5rdunud pind ja vahapind, mis annab kivipestud ilme. Vaha muudab selle kriimustuste suhtes tundlikumaks, muutes selle elava naha aja jooksul isikup\u00e4rasemaks.<\/p>\n<p>\u2022 <a href=\"https:\/\/www.talidesign.eu\/et\/tootekategooria\/brandid\/secrid-et\/\">Br\u00e4nd Secrid<\/a><br \/>\n\u2022 Materjal: alumiinium, roostevaba teras, vintage t\u00f6\u00f6deldud nahk<br \/>\n\u2022 M\u00f5\u00f5tmed: 65 x 102 x 21 mm<br \/>\n\u2022 Maht: 4 reljeefset v\u00f5i 6 tavalist kaarti, 4 lisakaarti<br \/>\n\u2022 Pangat\u00e4hed, visiitkaardid, kviitungid<\/p>\n<p><strong>Meist<\/strong><\/p>\n<p>Moderne industriaalne disain ja funktsionaalne mood kohtuvad Secridi v\u00e4ikestes aksessuaarides. Secridi praktilised ja nutikad kaarditaskud ning rahakotid on valmistatud Hollandis \u00fclima hoolega kvaliteedi, inimeste ja keskkonna suhtes. Secridi alumiinium s\u00fcdamega kaardihoidja tagab kaitse soovimatute kontaktivabade \u00fchenduste eest. K\u00f5ik rahakotid on valmistatud Euroopas kasvatatud nahast v\u00f5i kvaliteetsest vegan nahast.<\/p>\n<p><a href=\"https:\/\/www.talidesign.eu\/et\/tootekategooria\/brandid\/secrid-et\/\"><img loading=\"lazy\" decoding=\"async\" src=\"https:\/\/www.talidesign.eu\/wp\/wp-content\/uploads\/2021\/03\/logo-3.jpg\" alt=\"\" width=\"500\" height=\"100\" class=\"alignnone size-full wp-image-24535\" \/><\/a><\/p>\n","protected":false},"excerpt":{"rendered":"<p><strong>Mini Rahakott Vintage Cognac Brown<\/strong><\/p>\n<p>Industriaalne disain ja mood kohtuvad Secridi aksessuaarides. K\u00f5ik tooted on valmistatud Hollandis \u00fclima hoolega kvaliteedi, inimeste ja keskkonna suhtes. Patendeeritud mehhanism tagab lihtsa ligip\u00e4\u00e4su kaartidele.<\/p>\n<p>Meie Vintage nahal on hoolikalt h\u00f5\u00f5rdunud pind ja vahapind, mis annab kivipestud ilme. Vaha muudab selle kriimustuste suhtes tundlikumaks, muutes selle elava naha aja jooksul isikup\u00e4rasemaks.<\/p>\n<p>\u2022 <a href=\"https:\/\/www.talidesign.eu\/et\/tootekategooria\/brandid\/secrid-et\/\">Br\u00e4nd Secrid<\/a><br \/>\n\u2022 Materjal: alumiinium, roostevaba teras, vintage t\u00f6\u00f6deldud nahk<br \/>\n\u2022 M\u00f5\u00f5tmed: 65 x 102 x 21 mm<br \/>\n\u2022 Maht: 4 reljeefset v\u00f5i 6 tavalist kaarti, 4 lisakaarti<br \/>\n\u2022 Pangat\u00e4hed, visiitkaardid, kviitungid<\/p>\n<p><strong>Meist<\/strong><\/p>\n<p>Moderne industriaalne disain ja funktsionaalne mood kohtuvad Secridi v\u00e4ikestes aksessuaarides. Secridi praktilised ja nutikad kaarditaskud ning rahakotid on valmistatud Hollandis \u00fclima hoolega kvaliteedi, inimeste ja keskkonna suhtes. Secridi alumiinium s\u00fcdamega kaardihoidja tagab kaitse soovimatute kontaktivabade \u00fchenduste eest. K\u00f5ik rahakotid on valmistatud Euroopas kasvatatud nahast v\u00f5i kvaliteetsest vegan nahast.<\/p>\n<p><a href=\"https:\/\/www.talidesign.eu\/et\/tootekategooria\/brandid\/secrid-et\/\"><img loading=\"lazy\" decoding=\"async\" src=\"https:\/\/www.talidesign.eu\/wp\/wp-content\/uploads\/2021\/03\/logo-3.jpg\" alt=\"\" width=\"500\" height=\"100\" class=\"alignnone size-full wp-image-24535\" \/><\/a><\/p>\n","protected":false},"featured_media":102804,"template":"","meta":[],"product_brand":[],"product_cat":[1026,1174,1129,1080],"product_tag":[1517],"class_list":{"0":"post-102797","1":"product","2":"type-product","3":"status-publish","4":"has-post-thumbnail","6":"product_cat-brandid","7":"product_cat-rahakotid","8":"product_cat-meeste-rahakotid","9":"product_cat-secrid-et","10":"product_tag-secrid-et","12":"first","13":"instock","14":"taxable","15":"shipping-taxable","16":"purchasable","17":"product-type-simple"},"yoast_head":"<!-- This site is optimized with the Yoast SEO plugin v27.3 - https:\/\/yoast.com\/product\/yoast-seo-wordpress\/ -->\n<title>Secrid - Miniwallet Vintage Chocolate<\/title>\n<meta name=\"description\" content=\"Secrid Mini Rahakott Vintage Cognac Brown - Industriaalne disain ja mood kohtuvad Secridi aksessuaarides. Valmistatud Hollandis kvaliteedi, inimeste ja keskkonna suhtes.\" \/>\n<meta name=\"robots\" content=\"index, follow, max-snippet:-1, max-image-preview:large, max-video-preview:-1\" \/>\n<link rel=\"canonical\" href=\"https:\/\/www.talidesign.eu\/et\/pood\/toode\/secrid-mini-rahakott-vintage-cognac-brown\/\" \/>\n<meta property=\"og:locale\" content=\"et_EE\" \/>\n<meta property=\"og:type\" content=\"article\" \/>\n<meta property=\"og:title\" content=\"Secrid - Miniwallet Vintage Chocolate\" \/>\n<meta property=\"og:description\" content=\"Secrid Mini Rahakott Vintage Cognac Brown - Industriaalne disain ja mood kohtuvad Secridi aksessuaarides. Valmistatud Hollandis kvaliteedi, inimeste ja keskkonna suhtes.\" \/>\n<meta property=\"og:url\" content=\"https:\/\/www.talidesign.eu\/et\/pood\/toode\/secrid-mini-rahakott-vintage-cognac-brown\/\" \/>\n<meta property=\"og:site_name\" content=\"TALI Concept Store\" \/>\n<meta property=\"article:publisher\" content=\"https:\/\/www.facebook.com\/TaliDisain\/\" \/>\n<meta property=\"article:modified_time\" content=\"2026-04-02T14:17:16+00:00\" \/>\n<meta property=\"og:image\" content=\"https:\/\/www.talidesign.eu\/wp\/wp-content\/uploads\/2025\/04\/secrid-miniwallet-mv-vintage-cognac-brown4-Photoroom.jpg\" \/>\n\t<meta property=\"og:image:width\" content=\"800\" \/>\n\t<meta property=\"og:image:height\" content=\"800\" \/>\n\t<meta property=\"og:image:type\" content=\"image\/jpeg\" \/>\n<meta name=\"twitter:card\" content=\"summary_large_image\" \/>\n<meta name=\"twitter:label1\" content=\"Est. reading time\" \/>\n\t<meta name=\"twitter:data1\" content=\"2 minutes\" \/>\n<script type=\"application\/ld+json\" class=\"yoast-schema-graph\">{\"@context\":\"https:\\\/\\\/schema.org\",\"@graph\":[{\"@type\":\"WebPage\",\"@id\":\"https:\\\/\\\/www.talidesign.eu\\\/et\\\/pood\\\/toode\\\/secrid-mini-rahakott-vintage-cognac-brown\\\/\",\"url\":\"https:\\\/\\\/www.talidesign.eu\\\/et\\\/pood\\\/toode\\\/secrid-mini-rahakott-vintage-cognac-brown\\\/\",\"name\":\"Secrid - Miniwallet Vintage Chocolate\",\"isPartOf\":{\"@id\":\"https:\\\/\\\/www.talidesign.eu\\\/et\\\/#website\"},\"primaryImageOfPage\":{\"@id\":\"https:\\\/\\\/www.talidesign.eu\\\/et\\\/pood\\\/toode\\\/secrid-mini-rahakott-vintage-cognac-brown\\\/#primaryimage\"},\"image\":{\"@id\":\"https:\\\/\\\/www.talidesign.eu\\\/et\\\/pood\\\/toode\\\/secrid-mini-rahakott-vintage-cognac-brown\\\/#primaryimage\"},\"thumbnailUrl\":\"https:\\\/\\\/www.talidesign.eu\\\/wp\\\/wp-content\\\/uploads\\\/2025\\\/04\\\/secrid-miniwallet-mv-vintage-cognac-brown4-Photoroom.jpg\",\"datePublished\":\"2025-04-14T11:53:23+00:00\",\"dateModified\":\"2026-04-02T14:17:16+00:00\",\"description\":\"Secrid Mini Rahakott Vintage Cognac Brown - Industriaalne disain ja mood kohtuvad Secridi aksessuaarides. Valmistatud Hollandis kvaliteedi, inimeste ja keskkonna suhtes.\",\"breadcrumb\":{\"@id\":\"https:\\\/\\\/www.talidesign.eu\\\/et\\\/pood\\\/toode\\\/secrid-mini-rahakott-vintage-cognac-brown\\\/#breadcrumb\"},\"inLanguage\":\"et\",\"potentialAction\":[{\"@type\":\"ReadAction\",\"target\":[\"https:\\\/\\\/www.talidesign.eu\\\/et\\\/pood\\\/toode\\\/secrid-mini-rahakott-vintage-cognac-brown\\\/\"]}]},{\"@type\":\"ImageObject\",\"inLanguage\":\"et\",\"@id\":\"https:\\\/\\\/www.talidesign.eu\\\/et\\\/pood\\\/toode\\\/secrid-mini-rahakott-vintage-cognac-brown\\\/#primaryimage\",\"url\":\"https:\\\/\\\/www.talidesign.eu\\\/wp\\\/wp-content\\\/uploads\\\/2025\\\/04\\\/secrid-miniwallet-mv-vintage-cognac-brown4-Photoroom.jpg\",\"contentUrl\":\"https:\\\/\\\/www.talidesign.eu\\\/wp\\\/wp-content\\\/uploads\\\/2025\\\/04\\\/secrid-miniwallet-mv-vintage-cognac-brown4-Photoroom.jpg\",\"width\":800,\"height\":800},{\"@type\":\"BreadcrumbList\",\"@id\":\"https:\\\/\\\/www.talidesign.eu\\\/et\\\/pood\\\/toode\\\/secrid-mini-rahakott-vintage-cognac-brown\\\/#breadcrumb\",\"itemListElement\":[{\"@type\":\"ListItem\",\"position\":1,\"name\":\"Avaleht\",\"item\":\"https:\\\/\\\/www.talidesign.eu\\\/et\\\/\"},{\"@type\":\"ListItem\",\"position\":2,\"name\":\"Pood\",\"item\":\"https:\\\/\\\/www.talidesign.eu\\\/et\\\/pood\\\/\"},{\"@type\":\"ListItem\",\"position\":3,\"name\":\"Secrid Mini Rahakott Vintage Cognac Brown\"}]},{\"@type\":\"WebSite\",\"@id\":\"https:\\\/\\\/www.talidesign.eu\\\/et\\\/#website\",\"url\":\"https:\\\/\\\/www.talidesign.eu\\\/et\\\/\",\"name\":\"TALI Concept Store\",\"description\":\"Suurim Disainipood Eestis\",\"potentialAction\":[{\"@type\":\"SearchAction\",\"target\":{\"@type\":\"EntryPoint\",\"urlTemplate\":\"https:\\\/\\\/www.talidesign.eu\\\/et\\\/?s={search_term_string}\"},\"query-input\":{\"@type\":\"PropertyValueSpecification\",\"valueRequired\":true,\"valueName\":\"search_term_string\"}}],\"inLanguage\":\"et\"}]}<\/script>\n<!-- \/ Yoast SEO plugin. -->","yoast_head_json":{"title":"Secrid - Miniwallet Vintage Chocolate","description":"Secrid Mini Rahakott Vintage Cognac Brown - Industriaalne disain ja mood kohtuvad Secridi aksessuaarides. Valmistatud Hollandis kvaliteedi, inimeste ja keskkonna suhtes.","robots":{"index":"index","follow":"follow","max-snippet":"max-snippet:-1","max-image-preview":"max-image-preview:large","max-video-preview":"max-video-preview:-1"},"canonical":"https:\/\/www.talidesign.eu\/et\/pood\/toode\/secrid-mini-rahakott-vintage-cognac-brown\/","og_locale":"et_EE","og_type":"article","og_title":"Secrid - Miniwallet Vintage Chocolate","og_description":"Secrid Mini Rahakott Vintage Cognac Brown - Industriaalne disain ja mood kohtuvad Secridi aksessuaarides. Valmistatud Hollandis kvaliteedi, inimeste ja keskkonna suhtes.","og_url":"https:\/\/www.talidesign.eu\/et\/pood\/toode\/secrid-mini-rahakott-vintage-cognac-brown\/","og_site_name":"TALI Concept Store","article_publisher":"https:\/\/www.facebook.com\/TaliDisain\/","article_modified_time":"2026-04-02T14:17:16+00:00","og_image":[{"width":800,"height":800,"url":"https:\/\/www.talidesign.eu\/wp\/wp-content\/uploads\/2025\/04\/secrid-miniwallet-mv-vintage-cognac-brown4-Photoroom.jpg","type":"image\/jpeg"}],"twitter_card":"summary_large_image","twitter_misc":{"Est. reading time":"2 minutes"},"schema":{"@context":"https:\/\/schema.org","@graph":[{"@type":"WebPage","@id":"https:\/\/www.talidesign.eu\/et\/pood\/toode\/secrid-mini-rahakott-vintage-cognac-brown\/","url":"https:\/\/www.talidesign.eu\/et\/pood\/toode\/secrid-mini-rahakott-vintage-cognac-brown\/","name":"Secrid - Miniwallet Vintage Chocolate","isPartOf":{"@id":"https:\/\/www.talidesign.eu\/et\/#website"},"primaryImageOfPage":{"@id":"https:\/\/www.talidesign.eu\/et\/pood\/toode\/secrid-mini-rahakott-vintage-cognac-brown\/#primaryimage"},"image":{"@id":"https:\/\/www.talidesign.eu\/et\/pood\/toode\/secrid-mini-rahakott-vintage-cognac-brown\/#primaryimage"},"thumbnailUrl":"https:\/\/www.talidesign.eu\/wp\/wp-content\/uploads\/2025\/04\/secrid-miniwallet-mv-vintage-cognac-brown4-Photoroom.jpg","datePublished":"2025-04-14T11:53:23+00:00","dateModified":"2026-04-02T14:17:16+00:00","description":"Secrid Mini Rahakott Vintage Cognac Brown - Industriaalne disain ja mood kohtuvad Secridi aksessuaarides. Valmistatud Hollandis kvaliteedi, inimeste ja keskkonna suhtes.","breadcrumb":{"@id":"https:\/\/www.talidesign.eu\/et\/pood\/toode\/secrid-mini-rahakott-vintage-cognac-brown\/#breadcrumb"},"inLanguage":"et","potentialAction":[{"@type":"ReadAction","target":["https:\/\/www.talidesign.eu\/et\/pood\/toode\/secrid-mini-rahakott-vintage-cognac-brown\/"]}]},{"@type":"ImageObject","inLanguage":"et","@id":"https:\/\/www.talidesign.eu\/et\/pood\/toode\/secrid-mini-rahakott-vintage-cognac-brown\/#primaryimage","url":"https:\/\/www.talidesign.eu\/wp\/wp-content\/uploads\/2025\/04\/secrid-miniwallet-mv-vintage-cognac-brown4-Photoroom.jpg","contentUrl":"https:\/\/www.talidesign.eu\/wp\/wp-content\/uploads\/2025\/04\/secrid-miniwallet-mv-vintage-cognac-brown4-Photoroom.jpg","width":800,"height":800},{"@type":"BreadcrumbList","@id":"https:\/\/www.talidesign.eu\/et\/pood\/toode\/secrid-mini-rahakott-vintage-cognac-brown\/#breadcrumb","itemListElement":[{"@type":"ListItem","position":1,"name":"Avaleht","item":"https:\/\/www.talidesign.eu\/et\/"},{"@type":"ListItem","position":2,"name":"Pood","item":"https:\/\/www.talidesign.eu\/et\/pood\/"},{"@type":"ListItem","position":3,"name":"Secrid Mini Rahakott Vintage Cognac Brown"}]},{"@type":"WebSite","@id":"https:\/\/www.talidesign.eu\/et\/#website","url":"https:\/\/www.talidesign.eu\/et\/","name":"TALI Concept Store","description":"Suurim Disainipood Eestis","potentialAction":[{"@type":"SearchAction","target":{"@type":"EntryPoint","urlTemplate":"https:\/\/www.talidesign.eu\/et\/?s={search_term_string}"},"query-input":{"@type":"PropertyValueSpecification","valueRequired":true,"valueName":"search_term_string"}}],"inLanguage":"et"}]}},"_links":{"self":[{"href":"https:\/\/www.talidesign.eu\/et\/wp-json\/wp\/v2\/product\/102797","targetHints":{"allow":["GET"]}}],"collection":[{"href":"https:\/\/www.talidesign.eu\/et\/wp-json\/wp\/v2\/product"}],"about":[{"href":"https:\/\/www.talidesign.eu\/et\/wp-json\/wp\/v2\/types\/product"}],"wp:featuredmedia":[{"embeddable":true,"href":"https:\/\/www.talidesign.eu\/et\/wp-json\/wp\/v2\/media\/102804"}],"wp:attachment":[{"href":"https:\/\/www.talidesign.eu\/et\/wp-json\/wp\/v2\/media?parent=102797"}],"wp:term":[{"taxonomy":"product_brand","embeddable":true,"href":"https:\/\/www.talidesign.eu\/et\/wp-json\/wp\/v2\/product_brand?post=102797"},{"taxonomy":"product_cat","embeddable":true,"href":"https:\/\/www.talidesign.eu\/et\/wp-json\/wp\/v2\/product_cat?post=102797"},{"taxonomy":"product_tag","embeddable":true,"href":"https:\/\/www.talidesign.eu\/et\/wp-json\/wp\/v2\/product_tag?post=102797"}],"curies":[{"name":"wp","href":"https:\/\/api.w.org\/{rel}","templated":true}]}}