{"id":102928,"date":"2025-04-16T10:30:31","date_gmt":"2025-04-16T07:30:31","guid":{"rendered":"https:\/\/www.talidesign.eu\/?post_type=product&#038;p=102928"},"modified":"2026-01-28T16:44:01","modified_gmt":"2026-01-28T14:44:01","slug":"loikamis-ja-serveerimislaud-lemon-mangopuu","status":"publish","type":"product","link":"https:\/\/www.talidesign.eu\/et\/pood\/toode\/loikamis-ja-serveerimislaud-lemon-mangopuu\/","title":{"rendered":"L\u00f5ikamis- ja serveerimislaud Lemon Mangopuu"},"content":{"rendered":"<p><strong>L\u00f5ikamis- ja serveerimislaud Lemon Mangopuu<\/strong><\/p>\n<p>&#8220;Lemon&#8221; l\u00f5ikamis- ja serveerimislaud toob k\u00f6\u00f6ki v\u00e4rskust ja r\u00f5\u00f5msat suvetunnet t\u00e4nu oma armsale sidrunimustrile. Valmistatud kvaliteetsest mangopuidust, on see laud nii vastupidav kui ka looduss\u00f5bralik \u2013 iga eksemplar on ainulaadne oma loodusliku puidumustri poolest.<\/p>\n<p>Juutn\u00f6\u00f6rist riputusaas lisab rustikaalse aktsendi ja v\u00f5imaldab lauda kaunilt n\u00e4htavale riputada. Sobib suurep\u00e4raselt igap\u00e4evaseks kasutamiseks v\u00f5i suviste suupistete stiilseks serveerimiseks.<\/p>\n<p>Funktsionaalsus ja disain t\u00e4iuslikus tasakaalus.<\/p>\n<p>\u2022 Valmistatud j\u00e4tkusuutlikult, 100% FSC-sertifikaadiga mangopuidust.<br \/>\n\u2022 M\u00f5\u00f5dud: 38 x 25 x 2 cm<br \/>\n\u2022 <a href=\"https:\/\/www.talidesign.eu\/et\/tootekategooria\/brandid\/zeller-et\/\">Br\u00e4nd Zeller Home<\/a><\/p>\n<p><strong>Meist<\/strong><\/p>\n<p>1983. aastal Saksamaal asutatud Zeller Home t\u00f6\u00f6tab igal aastal v\u00e4lja lugematul hulgal uusi tooteid, mis vaatavad tulevikku. <\/p>\n<p>Kvaliteetne meisterlikkus \u2012 meie tooted sobivad igap\u00e4evaseks kasutamiseks ja on vastupidavad.<\/p>\n<p><a href=\"https:\/\/www.talidesign.eu\/et\/tootekategooria\/brandid\/zeller-et\/\"><img loading=\"lazy\" decoding=\"async\" src=\"https:\/\/www.talidesign.eu\/wp\/wp-content\/uploads\/2021\/07\/titelbild-home-1920x1280-1-1536x1024-1-600x400.jpg\" alt=\"\" width=\"600\" height=\"400\" class=\"alignnone size-medium wp-image-32925\" srcset=\"https:\/\/www.talidesign.eu\/wp\/wp-content\/uploads\/2021\/07\/titelbild-home-1920x1280-1-1536x1024-1-600x400.jpg 600w, https:\/\/www.talidesign.eu\/wp\/wp-content\/uploads\/2021\/07\/titelbild-home-1920x1280-1-1536x1024-1-1200x800.jpg 1200w, https:\/\/www.talidesign.eu\/wp\/wp-content\/uploads\/2021\/07\/titelbild-home-1920x1280-1-1536x1024-1-768x512.jpg 768w, https:\/\/www.talidesign.eu\/wp\/wp-content\/uploads\/2021\/07\/titelbild-home-1920x1280-1-1536x1024-1-500x333.jpg 500w, https:\/\/www.talidesign.eu\/wp\/wp-content\/uploads\/2021\/07\/titelbild-home-1920x1280-1-1536x1024-1-510x340.jpg 510w, https:\/\/www.talidesign.eu\/wp\/wp-content\/uploads\/2021\/07\/titelbild-home-1920x1280-1-1536x1024-1.jpg 1536w\" sizes=\"auto, (max-width: 600px) 100vw, 600px\" \/><\/a><\/p>\n","protected":false},"excerpt":{"rendered":"<p><strong>L\u00f5ikamis- ja serveerimislaud Lemon Mangopuu<\/strong><\/p>\n<p>&#8220;Lemon&#8221; l\u00f5ikamis- ja serveerimislaud toob k\u00f6\u00f6ki v\u00e4rskust ja r\u00f5\u00f5msat suvetunnet t\u00e4nu oma armsale sidrunimustrile. Valmistatud kvaliteetsest mangopuidust, on see laud nii vastupidav kui ka looduss\u00f5bralik \u2013 iga eksemplar on ainulaadne oma loodusliku puidumustri poolest.<\/p>\n<p>Juutn\u00f6\u00f6rist riputusaas lisab rustikaalse aktsendi ja v\u00f5imaldab lauda kaunilt n\u00e4htavale riputada. Sobib suurep\u00e4raselt igap\u00e4evaseks kasutamiseks v\u00f5i suviste suupistete stiilseks serveerimiseks.<\/p>\n<p>Funktsionaalsus ja disain t\u00e4iuslikus tasakaalus.<\/p>\n<p>\u2022 Valmistatud j\u00e4tkusuutlikult, 100% FSC-sertifikaadiga mangopuidust.<br \/>\n\u2022 M\u00f5\u00f5dud: 38 x 25 x 2 cm<br \/>\n\u2022 <a href=\"https:\/\/www.talidesign.eu\/et\/tootekategooria\/brandid\/zeller-et\/\">Br\u00e4nd Zeller Home<\/a><\/p>\n<p><strong>Meist<\/strong><\/p>\n<p>1983. aastal Saksamaal asutatud Zeller Home t\u00f6\u00f6tab igal aastal v\u00e4lja lugematul hulgal uusi tooteid, mis vaatavad tulevikku. <\/p>\n<p>Kvaliteetne meisterlikkus \u2012 meie tooted sobivad igap\u00e4evaseks kasutamiseks ja on vastupidavad.<\/p>\n<p><a href=\"https:\/\/www.talidesign.eu\/et\/tootekategooria\/brandid\/zeller-et\/\"><img loading=\"lazy\" decoding=\"async\" src=\"https:\/\/www.talidesign.eu\/wp\/wp-content\/uploads\/2021\/07\/titelbild-home-1920x1280-1-1536x1024-1-600x400.jpg\" alt=\"\" width=\"600\" height=\"400\" class=\"alignnone size-medium wp-image-32925\" srcset=\"https:\/\/www.talidesign.eu\/wp\/wp-content\/uploads\/2021\/07\/titelbild-home-1920x1280-1-1536x1024-1-600x400.jpg 600w, https:\/\/www.talidesign.eu\/wp\/wp-content\/uploads\/2021\/07\/titelbild-home-1920x1280-1-1536x1024-1-1200x800.jpg 1200w, https:\/\/www.talidesign.eu\/wp\/wp-content\/uploads\/2021\/07\/titelbild-home-1920x1280-1-1536x1024-1-768x512.jpg 768w, https:\/\/www.talidesign.eu\/wp\/wp-content\/uploads\/2021\/07\/titelbild-home-1920x1280-1-1536x1024-1-500x333.jpg 500w, https:\/\/www.talidesign.eu\/wp\/wp-content\/uploads\/2021\/07\/titelbild-home-1920x1280-1-1536x1024-1-510x340.jpg 510w, https:\/\/www.talidesign.eu\/wp\/wp-content\/uploads\/2021\/07\/titelbild-home-1920x1280-1-1536x1024-1.jpg 1536w\" sizes=\"auto, (max-width: 600px) 100vw, 600px\" \/><\/a><\/p>\n","protected":false},"featured_media":102938,"template":"","meta":[],"product_brand":[],"product_cat":[1026,1018,1030,1032],"product_tag":[1033],"class_list":{"0":"post-102928","1":"product","2":"type-product","3":"status-publish","4":"has-post-thumbnail","6":"product_cat-brandid","7":"product_cat-kodu","8":"product_cat-kook","9":"product_cat-zeller-et","10":"product_tag-zeller-et","12":"first","13":"outofstock","14":"taxable","15":"shipping-taxable","16":"purchasable","17":"product-type-simple"},"yoast_head":"<!-- This site is optimized with the Yoast SEO plugin v27.3 - https:\/\/yoast.com\/product\/yoast-seo-wordpress\/ -->\n<title>L\u00f5ikamis- ja serveerimislaud Lemon Mangopuu - TALI Concept Store<\/title>\n<meta name=\"description\" content=\"&quot;L\u00f5ikamis- ja serveerimislaud Lemon Mangopuu&quot; toob k\u00f6\u00f6ki v\u00e4rskust ja r\u00f5\u00f5msat suvetunnet. Valmistatud kvaliteetsest mangopuidust, see laud on vastupidav ja looduss\u00f5bralik. Avasta rohkem!\" \/>\n<meta name=\"robots\" content=\"index, follow, max-snippet:-1, max-image-preview:large, max-video-preview:-1\" \/>\n<link rel=\"canonical\" href=\"https:\/\/www.talidesign.eu\/et\/pood\/toode\/loikamis-ja-serveerimislaud-lemon-mangopuu\/\" \/>\n<meta property=\"og:locale\" content=\"et_EE\" \/>\n<meta property=\"og:type\" content=\"article\" \/>\n<meta property=\"og:title\" content=\"L\u00f5ikamis- ja serveerimislaud Lemon Mangopuu - TALI Concept Store\" \/>\n<meta property=\"og:description\" content=\"&quot;L\u00f5ikamis- ja serveerimislaud Lemon Mangopuu&quot; toob k\u00f6\u00f6ki v\u00e4rskust ja r\u00f5\u00f5msat suvetunnet. Valmistatud kvaliteetsest mangopuidust, see laud on vastupidav ja looduss\u00f5bralik. Avasta rohkem!\" \/>\n<meta property=\"og:url\" content=\"https:\/\/www.talidesign.eu\/et\/pood\/toode\/loikamis-ja-serveerimislaud-lemon-mangopuu\/\" \/>\n<meta property=\"og:site_name\" content=\"TALI Concept Store\" \/>\n<meta property=\"article:publisher\" content=\"https:\/\/www.facebook.com\/TaliDisain\/\" \/>\n<meta property=\"article:modified_time\" content=\"2026-01-28T14:44:01+00:00\" \/>\n<meta property=\"og:image\" content=\"https:\/\/www.talidesign.eu\/wp\/wp-content\/uploads\/2025\/04\/25705_VAR02.jpg\" \/>\n\t<meta property=\"og:image:width\" content=\"1000\" \/>\n\t<meta property=\"og:image:height\" content=\"1000\" \/>\n\t<meta property=\"og:image:type\" content=\"image\/jpeg\" \/>\n<meta name=\"twitter:card\" content=\"summary_large_image\" \/>\n<meta name=\"twitter:label1\" content=\"Est. reading time\" \/>\n\t<meta name=\"twitter:data1\" content=\"2 minutes\" \/>\n<script type=\"application\/ld+json\" class=\"yoast-schema-graph\">{\"@context\":\"https:\\\/\\\/schema.org\",\"@graph\":[{\"@type\":\"WebPage\",\"@id\":\"https:\\\/\\\/www.talidesign.eu\\\/et\\\/pood\\\/toode\\\/loikamis-ja-serveerimislaud-lemon-mangopuu\\\/\",\"url\":\"https:\\\/\\\/www.talidesign.eu\\\/et\\\/pood\\\/toode\\\/loikamis-ja-serveerimislaud-lemon-mangopuu\\\/\",\"name\":\"L\u00f5ikamis- ja serveerimislaud Lemon Mangopuu - TALI Concept Store\",\"isPartOf\":{\"@id\":\"https:\\\/\\\/www.talidesign.eu\\\/et\\\/#website\"},\"primaryImageOfPage\":{\"@id\":\"https:\\\/\\\/www.talidesign.eu\\\/et\\\/pood\\\/toode\\\/loikamis-ja-serveerimislaud-lemon-mangopuu\\\/#primaryimage\"},\"image\":{\"@id\":\"https:\\\/\\\/www.talidesign.eu\\\/et\\\/pood\\\/toode\\\/loikamis-ja-serveerimislaud-lemon-mangopuu\\\/#primaryimage\"},\"thumbnailUrl\":\"https:\\\/\\\/www.talidesign.eu\\\/wp\\\/wp-content\\\/uploads\\\/2025\\\/04\\\/25705_VAR02.jpg\",\"datePublished\":\"2025-04-16T07:30:31+00:00\",\"dateModified\":\"2026-01-28T14:44:01+00:00\",\"description\":\"\\\"L\u00f5ikamis- ja serveerimislaud Lemon Mangopuu\\\" toob k\u00f6\u00f6ki v\u00e4rskust ja r\u00f5\u00f5msat suvetunnet. Valmistatud kvaliteetsest mangopuidust, see laud on vastupidav ja looduss\u00f5bralik. Avasta rohkem!\",\"breadcrumb\":{\"@id\":\"https:\\\/\\\/www.talidesign.eu\\\/et\\\/pood\\\/toode\\\/loikamis-ja-serveerimislaud-lemon-mangopuu\\\/#breadcrumb\"},\"inLanguage\":\"et\",\"potentialAction\":[{\"@type\":\"ReadAction\",\"target\":[\"https:\\\/\\\/www.talidesign.eu\\\/et\\\/pood\\\/toode\\\/loikamis-ja-serveerimislaud-lemon-mangopuu\\\/\"]}]},{\"@type\":\"ImageObject\",\"inLanguage\":\"et\",\"@id\":\"https:\\\/\\\/www.talidesign.eu\\\/et\\\/pood\\\/toode\\\/loikamis-ja-serveerimislaud-lemon-mangopuu\\\/#primaryimage\",\"url\":\"https:\\\/\\\/www.talidesign.eu\\\/wp\\\/wp-content\\\/uploads\\\/2025\\\/04\\\/25705_VAR02.jpg\",\"contentUrl\":\"https:\\\/\\\/www.talidesign.eu\\\/wp\\\/wp-content\\\/uploads\\\/2025\\\/04\\\/25705_VAR02.jpg\",\"width\":1000,\"height\":1000},{\"@type\":\"BreadcrumbList\",\"@id\":\"https:\\\/\\\/www.talidesign.eu\\\/et\\\/pood\\\/toode\\\/loikamis-ja-serveerimislaud-lemon-mangopuu\\\/#breadcrumb\",\"itemListElement\":[{\"@type\":\"ListItem\",\"position\":1,\"name\":\"Avaleht\",\"item\":\"https:\\\/\\\/www.talidesign.eu\\\/et\\\/\"},{\"@type\":\"ListItem\",\"position\":2,\"name\":\"Pood\",\"item\":\"https:\\\/\\\/www.talidesign.eu\\\/et\\\/pood\\\/\"},{\"@type\":\"ListItem\",\"position\":3,\"name\":\"L\u00f5ikamis- ja serveerimislaud Lemon Mangopuu\"}]},{\"@type\":\"WebSite\",\"@id\":\"https:\\\/\\\/www.talidesign.eu\\\/et\\\/#website\",\"url\":\"https:\\\/\\\/www.talidesign.eu\\\/et\\\/\",\"name\":\"TALI Concept Store\",\"description\":\"Suurim Disainipood Eestis\",\"potentialAction\":[{\"@type\":\"SearchAction\",\"target\":{\"@type\":\"EntryPoint\",\"urlTemplate\":\"https:\\\/\\\/www.talidesign.eu\\\/et\\\/?s={search_term_string}\"},\"query-input\":{\"@type\":\"PropertyValueSpecification\",\"valueRequired\":true,\"valueName\":\"search_term_string\"}}],\"inLanguage\":\"et\"}]}<\/script>\n<!-- \/ Yoast SEO plugin. -->","yoast_head_json":{"title":"L\u00f5ikamis- ja serveerimislaud Lemon Mangopuu - TALI Concept Store","description":"\"L\u00f5ikamis- ja serveerimislaud Lemon Mangopuu\" toob k\u00f6\u00f6ki v\u00e4rskust ja r\u00f5\u00f5msat suvetunnet. Valmistatud kvaliteetsest mangopuidust, see laud on vastupidav ja looduss\u00f5bralik. Avasta rohkem!","robots":{"index":"index","follow":"follow","max-snippet":"max-snippet:-1","max-image-preview":"max-image-preview:large","max-video-preview":"max-video-preview:-1"},"canonical":"https:\/\/www.talidesign.eu\/et\/pood\/toode\/loikamis-ja-serveerimislaud-lemon-mangopuu\/","og_locale":"et_EE","og_type":"article","og_title":"L\u00f5ikamis- ja serveerimislaud Lemon Mangopuu - TALI Concept Store","og_description":"\"L\u00f5ikamis- ja serveerimislaud Lemon Mangopuu\" toob k\u00f6\u00f6ki v\u00e4rskust ja r\u00f5\u00f5msat suvetunnet. Valmistatud kvaliteetsest mangopuidust, see laud on vastupidav ja looduss\u00f5bralik. Avasta rohkem!","og_url":"https:\/\/www.talidesign.eu\/et\/pood\/toode\/loikamis-ja-serveerimislaud-lemon-mangopuu\/","og_site_name":"TALI Concept Store","article_publisher":"https:\/\/www.facebook.com\/TaliDisain\/","article_modified_time":"2026-01-28T14:44:01+00:00","og_image":[{"width":1000,"height":1000,"url":"https:\/\/www.talidesign.eu\/wp\/wp-content\/uploads\/2025\/04\/25705_VAR02.jpg","type":"image\/jpeg"}],"twitter_card":"summary_large_image","twitter_misc":{"Est. reading time":"2 minutes"},"schema":{"@context":"https:\/\/schema.org","@graph":[{"@type":"WebPage","@id":"https:\/\/www.talidesign.eu\/et\/pood\/toode\/loikamis-ja-serveerimislaud-lemon-mangopuu\/","url":"https:\/\/www.talidesign.eu\/et\/pood\/toode\/loikamis-ja-serveerimislaud-lemon-mangopuu\/","name":"L\u00f5ikamis- ja serveerimislaud Lemon Mangopuu - TALI Concept Store","isPartOf":{"@id":"https:\/\/www.talidesign.eu\/et\/#website"},"primaryImageOfPage":{"@id":"https:\/\/www.talidesign.eu\/et\/pood\/toode\/loikamis-ja-serveerimislaud-lemon-mangopuu\/#primaryimage"},"image":{"@id":"https:\/\/www.talidesign.eu\/et\/pood\/toode\/loikamis-ja-serveerimislaud-lemon-mangopuu\/#primaryimage"},"thumbnailUrl":"https:\/\/www.talidesign.eu\/wp\/wp-content\/uploads\/2025\/04\/25705_VAR02.jpg","datePublished":"2025-04-16T07:30:31+00:00","dateModified":"2026-01-28T14:44:01+00:00","description":"\"L\u00f5ikamis- ja serveerimislaud Lemon Mangopuu\" toob k\u00f6\u00f6ki v\u00e4rskust ja r\u00f5\u00f5msat suvetunnet. Valmistatud kvaliteetsest mangopuidust, see laud on vastupidav ja looduss\u00f5bralik. Avasta rohkem!","breadcrumb":{"@id":"https:\/\/www.talidesign.eu\/et\/pood\/toode\/loikamis-ja-serveerimislaud-lemon-mangopuu\/#breadcrumb"},"inLanguage":"et","potentialAction":[{"@type":"ReadAction","target":["https:\/\/www.talidesign.eu\/et\/pood\/toode\/loikamis-ja-serveerimislaud-lemon-mangopuu\/"]}]},{"@type":"ImageObject","inLanguage":"et","@id":"https:\/\/www.talidesign.eu\/et\/pood\/toode\/loikamis-ja-serveerimislaud-lemon-mangopuu\/#primaryimage","url":"https:\/\/www.talidesign.eu\/wp\/wp-content\/uploads\/2025\/04\/25705_VAR02.jpg","contentUrl":"https:\/\/www.talidesign.eu\/wp\/wp-content\/uploads\/2025\/04\/25705_VAR02.jpg","width":1000,"height":1000},{"@type":"BreadcrumbList","@id":"https:\/\/www.talidesign.eu\/et\/pood\/toode\/loikamis-ja-serveerimislaud-lemon-mangopuu\/#breadcrumb","itemListElement":[{"@type":"ListItem","position":1,"name":"Avaleht","item":"https:\/\/www.talidesign.eu\/et\/"},{"@type":"ListItem","position":2,"name":"Pood","item":"https:\/\/www.talidesign.eu\/et\/pood\/"},{"@type":"ListItem","position":3,"name":"L\u00f5ikamis- ja serveerimislaud Lemon Mangopuu"}]},{"@type":"WebSite","@id":"https:\/\/www.talidesign.eu\/et\/#website","url":"https:\/\/www.talidesign.eu\/et\/","name":"TALI Concept Store","description":"Suurim Disainipood Eestis","potentialAction":[{"@type":"SearchAction","target":{"@type":"EntryPoint","urlTemplate":"https:\/\/www.talidesign.eu\/et\/?s={search_term_string}"},"query-input":{"@type":"PropertyValueSpecification","valueRequired":true,"valueName":"search_term_string"}}],"inLanguage":"et"}]}},"_links":{"self":[{"href":"https:\/\/www.talidesign.eu\/et\/wp-json\/wp\/v2\/product\/102928","targetHints":{"allow":["GET"]}}],"collection":[{"href":"https:\/\/www.talidesign.eu\/et\/wp-json\/wp\/v2\/product"}],"about":[{"href":"https:\/\/www.talidesign.eu\/et\/wp-json\/wp\/v2\/types\/product"}],"wp:featuredmedia":[{"embeddable":true,"href":"https:\/\/www.talidesign.eu\/et\/wp-json\/wp\/v2\/media\/102938"}],"wp:attachment":[{"href":"https:\/\/www.talidesign.eu\/et\/wp-json\/wp\/v2\/media?parent=102928"}],"wp:term":[{"taxonomy":"product_brand","embeddable":true,"href":"https:\/\/www.talidesign.eu\/et\/wp-json\/wp\/v2\/product_brand?post=102928"},{"taxonomy":"product_cat","embeddable":true,"href":"https:\/\/www.talidesign.eu\/et\/wp-json\/wp\/v2\/product_cat?post=102928"},{"taxonomy":"product_tag","embeddable":true,"href":"https:\/\/www.talidesign.eu\/et\/wp-json\/wp\/v2\/product_tag?post=102928"}],"curies":[{"name":"wp","href":"https:\/\/api.w.org\/{rel}","templated":true}]}}