{"id":103979,"date":"2025-05-11T12:42:22","date_gmt":"2025-05-11T09:42:22","guid":{"rendered":"https:\/\/www.talidesign.eu\/?post_type=product&#038;p=103979"},"modified":"2025-12-20T12:20:49","modified_gmt":"2025-12-20T10:20:49","slug":"got-bag-rolltop-lite-2-0-seljakott-monochrome-oyster","status":"publish","type":"product","link":"https:\/\/www.talidesign.eu\/et\/pood\/toode\/got-bag-rolltop-lite-2-0-seljakott-monochrome-oyster\/","title":{"rendered":"Got Bag Rolltop Lite 2.0 Seljakott Monochrome Oyster"},"content":{"rendered":"<p><strong>Rolltop Lite 2.0 Seljakott Monochrome Oyster<\/strong><\/p>\n<p>Selge, lihtne ja n\u00fc\u00fcd veelgi parem \u2013 ikoonilise ROLLTOPi kompaktsem versioon pakub maksimaalset paindlikkust ja mugavust. Laiendatav magnetkinnitusega rullsuletav \u00fclaosa, polsterdatud seljatugi ja ergonoomilised \u00f5larihmad tagavad optimaalse kasutusmugavuse. Eraldi eemaldatav s\u00fclearvutikott mahutab kuni 15-tollise s\u00fclearvuti.<\/p>\n<p>\u2022 <a href=\"https:\/\/www.talidesign.eu\/et\/tootekategooria\/brandid\/got-bag-et\/\">Br\u00e4nd Got Bag<\/a><br \/>\n\u2022 Maht: kuni 26 l<br \/>\n\u2022 M\u00f5\u00f5tmed: 42 cm (laiendatav kuni 63 cm) x 32 cm x 15 cm (K x L x S)<br \/>\n\u2022 Kaal: 1120 g<br \/>\n\u2022 Magnetkinnitusega rullsuletav \u00fclaosa<br \/>\n\u2022 Eemaldatav s\u00fclearvutikott t\u00f5mblukuga: 31 cm x 28 cm (K x L) (sobib kuni 15\u201d MacBookile)<br \/>\n\u2022 Polsterdatud seljatugi<br \/>\n\u2022 Optimeeritud ergonoomilised \u00f5larihmad<br \/>\n\u2022 Sisemine t\u00f5mblukuga tasku koos v\u00f5tmehoidjaga<br \/>\n\u2022 Eemaldatav sisemine pudelihoidja<br \/>\n\u2022 Peidetud tagatasku<br \/>\n\u2022 Peamine materjal RE:PET, valmistatud taaskasutatud Ocean Impact plastikust<br \/>\n\u2022 Vooder, pandlad ja rihmad valmistatud taaskasutatud materjalidest (PET, PA)<br \/>\n\u2022 IP54 tolmu- ja veekindlus, k\u00f5rgsageduskeevitusega \u00f5mblused<br \/>\n\u2022 TPU tagumine ja PU esipoolne kate<br \/>\n\u2022 PFC- ja PVC-vaba<\/p>\n<p><strong>Br\u00e4ndist Got Bag<\/strong><\/p>\n<p>Asutatud 2018. aastal, loome minimalistlikke reisitarbeid neile, kes hindavad kvaliteeti ja kaasaegset disaini ning soovivad j\u00e4tta positiivse jalaj\u00e4lje. Meie seljakotid, kohvrid ja aksessuaarid s\u00fcnnivad taaskasutatud materjalidest, nagu Ocean Impact Plastic, muutes pr\u00fcgi v\u00e4\u00e4rtuslikuks ressursiks ja aidates kaitsta ookeane.<\/p>\n<p><strong>GOT BAG Indonesia puhastusprogramm<\/strong> v\u00f5itleb plastireostuse algp\u00f5hjustega, kogudes j\u00e4\u00e4tmeid meredest, j\u00f5gedest ja rannikualadelt. Kohalikke kogukondi kaasates ja j\u00e4\u00e4tmek\u00e4itluss\u00fcsteeme arendades muudame plastij\u00e4\u00e4tmed v\u00e4\u00e4rtuslikuks ressursiks, aidates luua puhtama elukeskkonna ning tugevdada kogukondade elatist.<\/p>\n<p>B Corp&#x2122; sertifitseeritud ettev\u00f5ttena oleme osa globaalsest kogukonnast, mis j\u00e4rgib k\u00f5rgeid sotsiaalse ja keskkondliku vastutuse standardeid.<\/p>\n<p><a href=\"https:\/\/www.talidesign.eu\/et\/tootekategooria\/brandid\/got-bag-et\/\"><img loading=\"lazy\" decoding=\"async\" src=\"https:\/\/www.talidesign.eu\/wp\/wp-content\/uploads\/2025\/02\/gotbag.jpg\" alt=\"\" width=\"500\" height=\"100\" class=\"alignnone size-full wp-image-98951\" \/><\/a><\/p>\n","protected":false},"excerpt":{"rendered":"<p><strong>Rolltop Lite 2.0 Seljakott Monochrome Oyster<\/strong><\/p>\n<p>Selge, lihtne ja n\u00fc\u00fcd veelgi parem \u2013 ikoonilise ROLLTOPi kompaktsem versioon pakub maksimaalset paindlikkust ja mugavust. Laiendatav magnetkinnitusega rullsuletav \u00fclaosa, polsterdatud seljatugi ja ergonoomilised \u00f5larihmad tagavad optimaalse kasutusmugavuse. Eraldi eemaldatav s\u00fclearvutikott mahutab kuni 15-tollise s\u00fclearvuti.<\/p>\n<p>\u2022 <a href=\"https:\/\/www.talidesign.eu\/et\/tootekategooria\/brandid\/got-bag-et\/\">Br\u00e4nd Got Bag<\/a><br \/>\n\u2022 Maht: kuni 26 l<br \/>\n\u2022 M\u00f5\u00f5tmed: 42 cm (laiendatav kuni 63 cm) x 32 cm x 15 cm (K x L x S)<br \/>\n\u2022 Kaal: 1120 g<br \/>\n\u2022 Magnetkinnitusega rullsuletav \u00fclaosa<br \/>\n\u2022 Eemaldatav s\u00fclearvutikott t\u00f5mblukuga: 31 cm x 28 cm (K x L) (sobib kuni 15\u201d MacBookile)<br \/>\n\u2022 Polsterdatud seljatugi<br \/>\n\u2022 Optimeeritud ergonoomilised \u00f5larihmad<br \/>\n\u2022 Sisemine t\u00f5mblukuga tasku koos v\u00f5tmehoidjaga<br \/>\n\u2022 Eemaldatav sisemine pudelihoidja<br \/>\n\u2022 Peidetud tagatasku<br \/>\n\u2022 Peamine materjal RE:PET, valmistatud taaskasutatud Ocean Impact plastikust<br \/>\n\u2022 Vooder, pandlad ja rihmad valmistatud taaskasutatud materjalidest (PET, PA)<br \/>\n\u2022 IP54 tolmu- ja veekindlus, k\u00f5rgsageduskeevitusega \u00f5mblused<br \/>\n\u2022 TPU tagumine ja PU esipoolne kate<br \/>\n\u2022 PFC- ja PVC-vaba<\/p>\n<p><strong>Br\u00e4ndist Got Bag<\/strong><\/p>\n<p>Asutatud 2018. aastal, loome minimalistlikke reisitarbeid neile, kes hindavad kvaliteeti ja kaasaegset disaini ning soovivad j\u00e4tta positiivse jalaj\u00e4lje. Meie seljakotid, kohvrid ja aksessuaarid s\u00fcnnivad taaskasutatud materjalidest, nagu Ocean Impact Plastic, muutes pr\u00fcgi v\u00e4\u00e4rtuslikuks ressursiks ja aidates kaitsta ookeane.<\/p>\n<p><strong>GOT BAG Indonesia puhastusprogramm<\/strong> v\u00f5itleb plastireostuse algp\u00f5hjustega, kogudes j\u00e4\u00e4tmeid meredest, j\u00f5gedest ja rannikualadelt. Kohalikke kogukondi kaasates ja j\u00e4\u00e4tmek\u00e4itluss\u00fcsteeme arendades muudame plastij\u00e4\u00e4tmed v\u00e4\u00e4rtuslikuks ressursiks, aidates luua puhtama elukeskkonna ning tugevdada kogukondade elatist.<\/p>\n<p>B Corp&#x2122; sertifitseeritud ettev\u00f5ttena oleme osa globaalsest kogukonnast, mis j\u00e4rgib k\u00f5rgeid sotsiaalse ja keskkondliku vastutuse standardeid.<\/p>\n<p><a href=\"https:\/\/www.talidesign.eu\/et\/tootekategooria\/brandid\/got-bag-et\/\"><img loading=\"lazy\" decoding=\"async\" src=\"https:\/\/www.talidesign.eu\/wp\/wp-content\/uploads\/2025\/02\/gotbag.jpg\" alt=\"\" width=\"500\" height=\"100\" class=\"alignnone size-full wp-image-98951\" \/><\/a><\/p>\n","protected":false},"featured_media":103991,"template":"","meta":[],"product_brand":[],"product_cat":[1026,3416,1131,1113],"product_tag":[3418],"class_list":{"0":"post-103979","1":"product","2":"type-product","3":"status-publish","4":"has-post-thumbnail","6":"product_cat-brandid","7":"product_cat-got-bag-et","8":"product_cat-naiste-kotid","9":"product_cat-kotid","10":"product_tag-got-bag-et","12":"first","13":"outofstock","14":"taxable","15":"shipping-taxable","16":"purchasable","17":"product-type-simple"},"yoast_head":"<!-- This site is optimized with the Yoast SEO plugin v27.3 - https:\/\/yoast.com\/product\/yoast-seo-wordpress\/ -->\n<title>Got Bag Rolltop Lite 2.0 Seljakott Monochrome Oyster - TALI Concept Store<\/title>\n<meta name=\"description\" content=\"Got Bag Rolltop Lite 2.0 Monochrome Oyster seljakott - minimalistlik disain, maksimaalne mugavus ja keskkonnas\u00f5bralikkus. Avasta rohkem juba t\u00e4na!\" \/>\n<meta name=\"robots\" content=\"index, follow, max-snippet:-1, max-image-preview:large, max-video-preview:-1\" \/>\n<link rel=\"canonical\" href=\"https:\/\/www.talidesign.eu\/et\/pood\/toode\/got-bag-rolltop-lite-2-0-seljakott-monochrome-oyster\/\" \/>\n<meta property=\"og:locale\" content=\"et_EE\" \/>\n<meta property=\"og:type\" content=\"article\" \/>\n<meta property=\"og:title\" content=\"Got Bag Rolltop Lite 2.0 Seljakott Monochrome Oyster - TALI Concept Store\" \/>\n<meta property=\"og:description\" content=\"Got Bag Rolltop Lite 2.0 Monochrome Oyster seljakott - minimalistlik disain, maksimaalne mugavus ja keskkonnas\u00f5bralikkus. Avasta rohkem juba t\u00e4na!\" \/>\n<meta property=\"og:url\" content=\"https:\/\/www.talidesign.eu\/et\/pood\/toode\/got-bag-rolltop-lite-2-0-seljakott-monochrome-oyster\/\" \/>\n<meta property=\"og:site_name\" content=\"TALI Concept Store\" \/>\n<meta property=\"article:publisher\" content=\"https:\/\/www.facebook.com\/TaliDisain\/\" \/>\n<meta property=\"article:modified_time\" content=\"2025-12-20T10:20:49+00:00\" \/>\n<meta property=\"og:image\" content=\"https:\/\/www.talidesign.eu\/wp\/wp-content\/uploads\/2025\/05\/ROLLTOP_LITE_2.0_Monochrome_Edition_oyster_01-front_460d7191-82a5-4d73-9f11-b80bc5673ede-Photoroom.jpg\" \/>\n\t<meta property=\"og:image:width\" content=\"800\" \/>\n\t<meta property=\"og:image:height\" content=\"800\" \/>\n\t<meta property=\"og:image:type\" content=\"image\/jpeg\" \/>\n<meta name=\"twitter:card\" content=\"summary_large_image\" \/>\n<meta name=\"twitter:label1\" content=\"Est. reading time\" \/>\n\t<meta name=\"twitter:data1\" content=\"2 minutes\" \/>\n<script type=\"application\/ld+json\" class=\"yoast-schema-graph\">{\"@context\":\"https:\\\/\\\/schema.org\",\"@graph\":[{\"@type\":\"WebPage\",\"@id\":\"https:\\\/\\\/www.talidesign.eu\\\/et\\\/pood\\\/toode\\\/got-bag-rolltop-lite-2-0-seljakott-monochrome-oyster\\\/\",\"url\":\"https:\\\/\\\/www.talidesign.eu\\\/et\\\/pood\\\/toode\\\/got-bag-rolltop-lite-2-0-seljakott-monochrome-oyster\\\/\",\"name\":\"Got Bag Rolltop Lite 2.0 Seljakott Monochrome Oyster - TALI Concept Store\",\"isPartOf\":{\"@id\":\"https:\\\/\\\/www.talidesign.eu\\\/et\\\/#website\"},\"primaryImageOfPage\":{\"@id\":\"https:\\\/\\\/www.talidesign.eu\\\/et\\\/pood\\\/toode\\\/got-bag-rolltop-lite-2-0-seljakott-monochrome-oyster\\\/#primaryimage\"},\"image\":{\"@id\":\"https:\\\/\\\/www.talidesign.eu\\\/et\\\/pood\\\/toode\\\/got-bag-rolltop-lite-2-0-seljakott-monochrome-oyster\\\/#primaryimage\"},\"thumbnailUrl\":\"https:\\\/\\\/www.talidesign.eu\\\/wp\\\/wp-content\\\/uploads\\\/2025\\\/05\\\/ROLLTOP_LITE_2.0_Monochrome_Edition_oyster_01-front_460d7191-82a5-4d73-9f11-b80bc5673ede-Photoroom.jpg\",\"datePublished\":\"2025-05-11T09:42:22+00:00\",\"dateModified\":\"2025-12-20T10:20:49+00:00\",\"description\":\"Got Bag Rolltop Lite 2.0 Monochrome Oyster seljakott - minimalistlik disain, maksimaalne mugavus ja keskkonnas\u00f5bralikkus. Avasta rohkem juba t\u00e4na!\",\"breadcrumb\":{\"@id\":\"https:\\\/\\\/www.talidesign.eu\\\/et\\\/pood\\\/toode\\\/got-bag-rolltop-lite-2-0-seljakott-monochrome-oyster\\\/#breadcrumb\"},\"inLanguage\":\"et\",\"potentialAction\":[{\"@type\":\"ReadAction\",\"target\":[\"https:\\\/\\\/www.talidesign.eu\\\/et\\\/pood\\\/toode\\\/got-bag-rolltop-lite-2-0-seljakott-monochrome-oyster\\\/\"]}]},{\"@type\":\"ImageObject\",\"inLanguage\":\"et\",\"@id\":\"https:\\\/\\\/www.talidesign.eu\\\/et\\\/pood\\\/toode\\\/got-bag-rolltop-lite-2-0-seljakott-monochrome-oyster\\\/#primaryimage\",\"url\":\"https:\\\/\\\/www.talidesign.eu\\\/wp\\\/wp-content\\\/uploads\\\/2025\\\/05\\\/ROLLTOP_LITE_2.0_Monochrome_Edition_oyster_01-front_460d7191-82a5-4d73-9f11-b80bc5673ede-Photoroom.jpg\",\"contentUrl\":\"https:\\\/\\\/www.talidesign.eu\\\/wp\\\/wp-content\\\/uploads\\\/2025\\\/05\\\/ROLLTOP_LITE_2.0_Monochrome_Edition_oyster_01-front_460d7191-82a5-4d73-9f11-b80bc5673ede-Photoroom.jpg\",\"width\":800,\"height\":800},{\"@type\":\"BreadcrumbList\",\"@id\":\"https:\\\/\\\/www.talidesign.eu\\\/et\\\/pood\\\/toode\\\/got-bag-rolltop-lite-2-0-seljakott-monochrome-oyster\\\/#breadcrumb\",\"itemListElement\":[{\"@type\":\"ListItem\",\"position\":1,\"name\":\"Avaleht\",\"item\":\"https:\\\/\\\/www.talidesign.eu\\\/et\\\/\"},{\"@type\":\"ListItem\",\"position\":2,\"name\":\"Pood\",\"item\":\"https:\\\/\\\/www.talidesign.eu\\\/et\\\/pood\\\/\"},{\"@type\":\"ListItem\",\"position\":3,\"name\":\"Got Bag Rolltop Lite 2.0 Seljakott Monochrome Oyster\"}]},{\"@type\":\"WebSite\",\"@id\":\"https:\\\/\\\/www.talidesign.eu\\\/et\\\/#website\",\"url\":\"https:\\\/\\\/www.talidesign.eu\\\/et\\\/\",\"name\":\"TALI Concept Store\",\"description\":\"Suurim Disainipood Eestis\",\"potentialAction\":[{\"@type\":\"SearchAction\",\"target\":{\"@type\":\"EntryPoint\",\"urlTemplate\":\"https:\\\/\\\/www.talidesign.eu\\\/et\\\/?s={search_term_string}\"},\"query-input\":{\"@type\":\"PropertyValueSpecification\",\"valueRequired\":true,\"valueName\":\"search_term_string\"}}],\"inLanguage\":\"et\"}]}<\/script>\n<!-- \/ Yoast SEO plugin. -->","yoast_head_json":{"title":"Got Bag Rolltop Lite 2.0 Seljakott Monochrome Oyster - TALI Concept Store","description":"Got Bag Rolltop Lite 2.0 Monochrome Oyster seljakott - minimalistlik disain, maksimaalne mugavus ja keskkonnas\u00f5bralikkus. Avasta rohkem juba t\u00e4na!","robots":{"index":"index","follow":"follow","max-snippet":"max-snippet:-1","max-image-preview":"max-image-preview:large","max-video-preview":"max-video-preview:-1"},"canonical":"https:\/\/www.talidesign.eu\/et\/pood\/toode\/got-bag-rolltop-lite-2-0-seljakott-monochrome-oyster\/","og_locale":"et_EE","og_type":"article","og_title":"Got Bag Rolltop Lite 2.0 Seljakott Monochrome Oyster - TALI Concept Store","og_description":"Got Bag Rolltop Lite 2.0 Monochrome Oyster seljakott - minimalistlik disain, maksimaalne mugavus ja keskkonnas\u00f5bralikkus. Avasta rohkem juba t\u00e4na!","og_url":"https:\/\/www.talidesign.eu\/et\/pood\/toode\/got-bag-rolltop-lite-2-0-seljakott-monochrome-oyster\/","og_site_name":"TALI Concept Store","article_publisher":"https:\/\/www.facebook.com\/TaliDisain\/","article_modified_time":"2025-12-20T10:20:49+00:00","og_image":[{"width":800,"height":800,"url":"https:\/\/www.talidesign.eu\/wp\/wp-content\/uploads\/2025\/05\/ROLLTOP_LITE_2.0_Monochrome_Edition_oyster_01-front_460d7191-82a5-4d73-9f11-b80bc5673ede-Photoroom.jpg","type":"image\/jpeg"}],"twitter_card":"summary_large_image","twitter_misc":{"Est. reading time":"2 minutes"},"schema":{"@context":"https:\/\/schema.org","@graph":[{"@type":"WebPage","@id":"https:\/\/www.talidesign.eu\/et\/pood\/toode\/got-bag-rolltop-lite-2-0-seljakott-monochrome-oyster\/","url":"https:\/\/www.talidesign.eu\/et\/pood\/toode\/got-bag-rolltop-lite-2-0-seljakott-monochrome-oyster\/","name":"Got Bag Rolltop Lite 2.0 Seljakott Monochrome Oyster - TALI Concept Store","isPartOf":{"@id":"https:\/\/www.talidesign.eu\/et\/#website"},"primaryImageOfPage":{"@id":"https:\/\/www.talidesign.eu\/et\/pood\/toode\/got-bag-rolltop-lite-2-0-seljakott-monochrome-oyster\/#primaryimage"},"image":{"@id":"https:\/\/www.talidesign.eu\/et\/pood\/toode\/got-bag-rolltop-lite-2-0-seljakott-monochrome-oyster\/#primaryimage"},"thumbnailUrl":"https:\/\/www.talidesign.eu\/wp\/wp-content\/uploads\/2025\/05\/ROLLTOP_LITE_2.0_Monochrome_Edition_oyster_01-front_460d7191-82a5-4d73-9f11-b80bc5673ede-Photoroom.jpg","datePublished":"2025-05-11T09:42:22+00:00","dateModified":"2025-12-20T10:20:49+00:00","description":"Got Bag Rolltop Lite 2.0 Monochrome Oyster seljakott - minimalistlik disain, maksimaalne mugavus ja keskkonnas\u00f5bralikkus. Avasta rohkem juba t\u00e4na!","breadcrumb":{"@id":"https:\/\/www.talidesign.eu\/et\/pood\/toode\/got-bag-rolltop-lite-2-0-seljakott-monochrome-oyster\/#breadcrumb"},"inLanguage":"et","potentialAction":[{"@type":"ReadAction","target":["https:\/\/www.talidesign.eu\/et\/pood\/toode\/got-bag-rolltop-lite-2-0-seljakott-monochrome-oyster\/"]}]},{"@type":"ImageObject","inLanguage":"et","@id":"https:\/\/www.talidesign.eu\/et\/pood\/toode\/got-bag-rolltop-lite-2-0-seljakott-monochrome-oyster\/#primaryimage","url":"https:\/\/www.talidesign.eu\/wp\/wp-content\/uploads\/2025\/05\/ROLLTOP_LITE_2.0_Monochrome_Edition_oyster_01-front_460d7191-82a5-4d73-9f11-b80bc5673ede-Photoroom.jpg","contentUrl":"https:\/\/www.talidesign.eu\/wp\/wp-content\/uploads\/2025\/05\/ROLLTOP_LITE_2.0_Monochrome_Edition_oyster_01-front_460d7191-82a5-4d73-9f11-b80bc5673ede-Photoroom.jpg","width":800,"height":800},{"@type":"BreadcrumbList","@id":"https:\/\/www.talidesign.eu\/et\/pood\/toode\/got-bag-rolltop-lite-2-0-seljakott-monochrome-oyster\/#breadcrumb","itemListElement":[{"@type":"ListItem","position":1,"name":"Avaleht","item":"https:\/\/www.talidesign.eu\/et\/"},{"@type":"ListItem","position":2,"name":"Pood","item":"https:\/\/www.talidesign.eu\/et\/pood\/"},{"@type":"ListItem","position":3,"name":"Got Bag Rolltop Lite 2.0 Seljakott Monochrome Oyster"}]},{"@type":"WebSite","@id":"https:\/\/www.talidesign.eu\/et\/#website","url":"https:\/\/www.talidesign.eu\/et\/","name":"TALI Concept Store","description":"Suurim Disainipood Eestis","potentialAction":[{"@type":"SearchAction","target":{"@type":"EntryPoint","urlTemplate":"https:\/\/www.talidesign.eu\/et\/?s={search_term_string}"},"query-input":{"@type":"PropertyValueSpecification","valueRequired":true,"valueName":"search_term_string"}}],"inLanguage":"et"}]}},"_links":{"self":[{"href":"https:\/\/www.talidesign.eu\/et\/wp-json\/wp\/v2\/product\/103979","targetHints":{"allow":["GET"]}}],"collection":[{"href":"https:\/\/www.talidesign.eu\/et\/wp-json\/wp\/v2\/product"}],"about":[{"href":"https:\/\/www.talidesign.eu\/et\/wp-json\/wp\/v2\/types\/product"}],"wp:featuredmedia":[{"embeddable":true,"href":"https:\/\/www.talidesign.eu\/et\/wp-json\/wp\/v2\/media\/103991"}],"wp:attachment":[{"href":"https:\/\/www.talidesign.eu\/et\/wp-json\/wp\/v2\/media?parent=103979"}],"wp:term":[{"taxonomy":"product_brand","embeddable":true,"href":"https:\/\/www.talidesign.eu\/et\/wp-json\/wp\/v2\/product_brand?post=103979"},{"taxonomy":"product_cat","embeddable":true,"href":"https:\/\/www.talidesign.eu\/et\/wp-json\/wp\/v2\/product_cat?post=103979"},{"taxonomy":"product_tag","embeddable":true,"href":"https:\/\/www.talidesign.eu\/et\/wp-json\/wp\/v2\/product_tag?post=103979"}],"curies":[{"name":"wp","href":"https:\/\/api.w.org\/{rel}","templated":true}]}}