{"id":105154,"date":"2025-06-16T16:05:11","date_gmt":"2025-06-16T13:05:11","guid":{"rendered":"https:\/\/www.talidesign.eu\/?post_type=product&#038;p=105154"},"modified":"2026-01-27T17:11:47","modified_gmt":"2026-01-27T15:11:47","slug":"24bottles-laste-joogipudel-best-friends-500ml","status":"publish","type":"product","link":"https:\/\/www.talidesign.eu\/et\/pood\/toode\/24bottles-laste-joogipudel-best-friends-500ml\/","title":{"rendered":"24Bottles Laste joogipudel Best Friends 500ml"},"content":{"rendered":"<p><strong>Laste joogipudel Best Friends 500ml<\/strong><\/p>\n<p>Laste joogipudel on eriti kerge, korduvkasutatav veepudel. See on m\u00f5eldud v\u00e4ikeste k\u00e4te jaoks, et kodus, koolis v\u00f5i m\u00e4nguv\u00e4ljakul lihtsalt ja iseseisvalt vett juua.<\/p>\n<p>Pudeli kork on 100% lekkekindel ja v\u00f5imaldab mugavalt juua ka \u00fche k\u00e4ega.<\/p>\n<p>\u2022 <a href=\"https:\/\/www.talidesign.eu\/et\/tootekategooria\/brandid\/24bottles-et\/\">Br\u00e4nd 24Bottles<\/a><br \/>\n\u2022 Kaalub 125 g<br \/>\n\u2022 L\u00e4bim\u00f5\u00f5t \u00f8 6,5 cm &#8211; Suu \u00f8 3,3 cm &#8211; K\u00f5rgus 21 cm<br \/>\n\u2022 Valmistatud 18\/8 toidukvaliteediga roostevabast terasest<br \/>\n\u2022 100% BPA vaba, ftalaatide vaba, toksiinide vaba<br \/>\n\u2022 Lekkekindel silikoontihend<br \/>\n\u2022 \u00dche k\u00e4ega avamine<\/p>\n<p><strong>Br\u00e4ndist 24Bottles\u00ae<\/strong><\/p>\n<p>Itaalia br\u00e4ndi asutajate Giovanni Randazzo ja Matteo Melotti eesm\u00e4rk on v\u00e4hendada \u00fchekordse taara mahtu ning selle m\u00f5ju keskkonnale. Pakkudes kvaliteetset toodet ning esteetilist disaini, p\u00fc\u00fcavad disainerid suunata inimesi tervislikuma elustiili ning puhtama keskkonna poole.<\/p>\n<p><a href=https:\/\/www.talidesign.eu\/wp\/wp-content\/uploads\/2020\/04\/24bottle.jpg><img class=\"alignnone size-full wp-image-9609\" src=https:\/\/www.talidesign.eu\/wp\/wp-content\/uploads\/2020\/04\/24bottle.jpg alt=\"\" width=\"826\" height=\"537\" \/><\/a><br \/>\n<em>Giovanni Randazzo and Matteo Melotti founders of 24Bottles\u00ae<\/em><\/p>\n","protected":false},"excerpt":{"rendered":"<p><strong>Laste joogipudel Best Friends 500ml<\/strong><\/p>\n<p>Laste joogipudel on eriti kerge, korduvkasutatav veepudel. See on m\u00f5eldud v\u00e4ikeste k\u00e4te jaoks, et kodus, koolis v\u00f5i m\u00e4nguv\u00e4ljakul lihtsalt ja iseseisvalt vett juua.<\/p>\n<p>Pudeli kork on 100% lekkekindel ja v\u00f5imaldab mugavalt juua ka \u00fche k\u00e4ega.<\/p>\n<p>\u2022 <a href=\"https:\/\/www.talidesign.eu\/et\/tootekategooria\/brandid\/24bottles-et\/\">Br\u00e4nd 24Bottles<\/a><br \/>\n\u2022 Kaalub 125 g<br \/>\n\u2022 L\u00e4bim\u00f5\u00f5t \u00f8 6,5 cm &#8211; Suu \u00f8 3,3 cm &#8211; K\u00f5rgus 21 cm<br \/>\n\u2022 Valmistatud 18\/8 toidukvaliteediga roostevabast terasest<br \/>\n\u2022 100% BPA vaba, ftalaatide vaba, toksiinide vaba<br \/>\n\u2022 Lekkekindel silikoontihend<br \/>\n\u2022 \u00dche k\u00e4ega avamine<\/p>\n<p><strong>Br\u00e4ndist 24Bottles\u00ae<\/strong><\/p>\n<p>Itaalia br\u00e4ndi asutajate Giovanni Randazzo ja Matteo Melotti eesm\u00e4rk on v\u00e4hendada \u00fchekordse taara mahtu ning selle m\u00f5ju keskkonnale. Pakkudes kvaliteetset toodet ning esteetilist disaini, p\u00fc\u00fcavad disainerid suunata inimesi tervislikuma elustiili ning puhtama keskkonna poole.<\/p>\n<p><a href=https:\/\/www.talidesign.eu\/wp\/wp-content\/uploads\/2020\/04\/24bottle.jpg><img class=\"alignnone size-full wp-image-9609\" src=https:\/\/www.talidesign.eu\/wp\/wp-content\/uploads\/2020\/04\/24bottle.jpg alt=\"\" width=\"826\" height=\"537\" \/><\/a><br \/>\n<em>Giovanni Randazzo and Matteo Melotti founders of 24Bottles\u00ae<\/em><\/p>\n","protected":false},"featured_media":105156,"template":"","meta":[],"product_brand":[],"product_cat":[1029,1099,1026,1018,1132,1114],"product_tag":[1480],"class_list":{"0":"post-105154","1":"product","2":"type-product","3":"status-publish","4":"has-post-thumbnail","6":"product_cat-24bottles-et","7":"product_cat-aksessuaarid","8":"product_cat-brandid","9":"product_cat-kodu","10":"product_cat-naiste-pudelid","11":"product_cat-pudelid","12":"product_tag-24bottles-et","14":"first","15":"outofstock","16":"taxable","17":"shipping-taxable","18":"purchasable","19":"product-type-simple"},"yoast_head":"<!-- This site is optimized with the Yoast SEO plugin v27.3 - https:\/\/yoast.com\/product\/yoast-seo-wordpress\/ -->\n<title>24Bottles Laste joogipudel Best Friends 500ml - TALI Concept Store<\/title>\n<meta name=\"description\" content=\"24Bottles laste joogipudel Best Friends 500ml on kerge, lekkekindel ja keskkonnas\u00f5bralik valik v\u00e4ikestele. Avasta roostevabast terasest pudel, mis innustab tervislikumale elule!\" \/>\n<meta name=\"robots\" content=\"index, follow, max-snippet:-1, max-image-preview:large, max-video-preview:-1\" \/>\n<link rel=\"canonical\" href=\"https:\/\/www.talidesign.eu\/et\/pood\/toode\/24bottles-laste-joogipudel-best-friends-500ml\/\" \/>\n<meta property=\"og:locale\" content=\"et_EE\" \/>\n<meta property=\"og:type\" content=\"article\" \/>\n<meta property=\"og:title\" content=\"24Bottles Laste joogipudel Best Friends 500ml - TALI Concept Store\" \/>\n<meta property=\"og:description\" content=\"24Bottles laste joogipudel Best Friends 500ml on kerge, lekkekindel ja keskkonnas\u00f5bralik valik v\u00e4ikestele. Avasta roostevabast terasest pudel, mis innustab tervislikumale elule!\" \/>\n<meta property=\"og:url\" content=\"https:\/\/www.talidesign.eu\/et\/pood\/toode\/24bottles-laste-joogipudel-best-friends-500ml\/\" \/>\n<meta property=\"og:site_name\" content=\"TALI Concept Store\" \/>\n<meta property=\"article:publisher\" content=\"https:\/\/www.facebook.com\/TaliDisain\/\" \/>\n<meta property=\"article:modified_time\" content=\"2026-01-27T15:11:47+00:00\" \/>\n<meta property=\"og:image\" content=\"https:\/\/www.talidesign.eu\/wp\/wp-content\/uploads\/2025\/06\/24Bottles_Kids500_Best-Friend_01_900x-Photoroom.jpg\" \/>\n\t<meta property=\"og:image:width\" content=\"1000\" \/>\n\t<meta property=\"og:image:height\" content=\"1000\" \/>\n\t<meta property=\"og:image:type\" content=\"image\/jpeg\" \/>\n<meta name=\"twitter:card\" content=\"summary_large_image\" \/>\n<meta name=\"twitter:label1\" content=\"Est. reading time\" \/>\n\t<meta name=\"twitter:data1\" content=\"1 minute\" \/>\n<script type=\"application\/ld+json\" class=\"yoast-schema-graph\">{\"@context\":\"https:\\\/\\\/schema.org\",\"@graph\":[{\"@type\":\"WebPage\",\"@id\":\"https:\\\/\\\/www.talidesign.eu\\\/et\\\/pood\\\/toode\\\/24bottles-laste-joogipudel-best-friends-500ml\\\/\",\"url\":\"https:\\\/\\\/www.talidesign.eu\\\/et\\\/pood\\\/toode\\\/24bottles-laste-joogipudel-best-friends-500ml\\\/\",\"name\":\"24Bottles Laste joogipudel Best Friends 500ml - TALI Concept Store\",\"isPartOf\":{\"@id\":\"https:\\\/\\\/www.talidesign.eu\\\/et\\\/#website\"},\"primaryImageOfPage\":{\"@id\":\"https:\\\/\\\/www.talidesign.eu\\\/et\\\/pood\\\/toode\\\/24bottles-laste-joogipudel-best-friends-500ml\\\/#primaryimage\"},\"image\":{\"@id\":\"https:\\\/\\\/www.talidesign.eu\\\/et\\\/pood\\\/toode\\\/24bottles-laste-joogipudel-best-friends-500ml\\\/#primaryimage\"},\"thumbnailUrl\":\"https:\\\/\\\/www.talidesign.eu\\\/wp\\\/wp-content\\\/uploads\\\/2025\\\/06\\\/24Bottles_Kids500_Best-Friend_01_900x-Photoroom.jpg\",\"datePublished\":\"2025-06-16T13:05:11+00:00\",\"dateModified\":\"2026-01-27T15:11:47+00:00\",\"description\":\"24Bottles laste joogipudel Best Friends 500ml on kerge, lekkekindel ja keskkonnas\u00f5bralik valik v\u00e4ikestele. Avasta roostevabast terasest pudel, mis innustab tervislikumale elule!\",\"breadcrumb\":{\"@id\":\"https:\\\/\\\/www.talidesign.eu\\\/et\\\/pood\\\/toode\\\/24bottles-laste-joogipudel-best-friends-500ml\\\/#breadcrumb\"},\"inLanguage\":\"et\",\"potentialAction\":[{\"@type\":\"ReadAction\",\"target\":[\"https:\\\/\\\/www.talidesign.eu\\\/et\\\/pood\\\/toode\\\/24bottles-laste-joogipudel-best-friends-500ml\\\/\"]}]},{\"@type\":\"ImageObject\",\"inLanguage\":\"et\",\"@id\":\"https:\\\/\\\/www.talidesign.eu\\\/et\\\/pood\\\/toode\\\/24bottles-laste-joogipudel-best-friends-500ml\\\/#primaryimage\",\"url\":\"https:\\\/\\\/www.talidesign.eu\\\/wp\\\/wp-content\\\/uploads\\\/2025\\\/06\\\/24Bottles_Kids500_Best-Friend_01_900x-Photoroom.jpg\",\"contentUrl\":\"https:\\\/\\\/www.talidesign.eu\\\/wp\\\/wp-content\\\/uploads\\\/2025\\\/06\\\/24Bottles_Kids500_Best-Friend_01_900x-Photoroom.jpg\",\"width\":1000,\"height\":1000},{\"@type\":\"BreadcrumbList\",\"@id\":\"https:\\\/\\\/www.talidesign.eu\\\/et\\\/pood\\\/toode\\\/24bottles-laste-joogipudel-best-friends-500ml\\\/#breadcrumb\",\"itemListElement\":[{\"@type\":\"ListItem\",\"position\":1,\"name\":\"Avaleht\",\"item\":\"https:\\\/\\\/www.talidesign.eu\\\/et\\\/\"},{\"@type\":\"ListItem\",\"position\":2,\"name\":\"Pood\",\"item\":\"https:\\\/\\\/www.talidesign.eu\\\/et\\\/pood\\\/\"},{\"@type\":\"ListItem\",\"position\":3,\"name\":\"24Bottles Laste joogipudel Best Friends 500ml\"}]},{\"@type\":\"WebSite\",\"@id\":\"https:\\\/\\\/www.talidesign.eu\\\/et\\\/#website\",\"url\":\"https:\\\/\\\/www.talidesign.eu\\\/et\\\/\",\"name\":\"TALI Concept Store\",\"description\":\"Suurim Disainipood Eestis\",\"potentialAction\":[{\"@type\":\"SearchAction\",\"target\":{\"@type\":\"EntryPoint\",\"urlTemplate\":\"https:\\\/\\\/www.talidesign.eu\\\/et\\\/?s={search_term_string}\"},\"query-input\":{\"@type\":\"PropertyValueSpecification\",\"valueRequired\":true,\"valueName\":\"search_term_string\"}}],\"inLanguage\":\"et\"}]}<\/script>\n<!-- \/ Yoast SEO plugin. -->","yoast_head_json":{"title":"24Bottles Laste joogipudel Best Friends 500ml - TALI Concept Store","description":"24Bottles laste joogipudel Best Friends 500ml on kerge, lekkekindel ja keskkonnas\u00f5bralik valik v\u00e4ikestele. Avasta roostevabast terasest pudel, mis innustab tervislikumale elule!","robots":{"index":"index","follow":"follow","max-snippet":"max-snippet:-1","max-image-preview":"max-image-preview:large","max-video-preview":"max-video-preview:-1"},"canonical":"https:\/\/www.talidesign.eu\/et\/pood\/toode\/24bottles-laste-joogipudel-best-friends-500ml\/","og_locale":"et_EE","og_type":"article","og_title":"24Bottles Laste joogipudel Best Friends 500ml - TALI Concept Store","og_description":"24Bottles laste joogipudel Best Friends 500ml on kerge, lekkekindel ja keskkonnas\u00f5bralik valik v\u00e4ikestele. Avasta roostevabast terasest pudel, mis innustab tervislikumale elule!","og_url":"https:\/\/www.talidesign.eu\/et\/pood\/toode\/24bottles-laste-joogipudel-best-friends-500ml\/","og_site_name":"TALI Concept Store","article_publisher":"https:\/\/www.facebook.com\/TaliDisain\/","article_modified_time":"2026-01-27T15:11:47+00:00","og_image":[{"width":1000,"height":1000,"url":"https:\/\/www.talidesign.eu\/wp\/wp-content\/uploads\/2025\/06\/24Bottles_Kids500_Best-Friend_01_900x-Photoroom.jpg","type":"image\/jpeg"}],"twitter_card":"summary_large_image","twitter_misc":{"Est. reading time":"1 minute"},"schema":{"@context":"https:\/\/schema.org","@graph":[{"@type":"WebPage","@id":"https:\/\/www.talidesign.eu\/et\/pood\/toode\/24bottles-laste-joogipudel-best-friends-500ml\/","url":"https:\/\/www.talidesign.eu\/et\/pood\/toode\/24bottles-laste-joogipudel-best-friends-500ml\/","name":"24Bottles Laste joogipudel Best Friends 500ml - TALI Concept Store","isPartOf":{"@id":"https:\/\/www.talidesign.eu\/et\/#website"},"primaryImageOfPage":{"@id":"https:\/\/www.talidesign.eu\/et\/pood\/toode\/24bottles-laste-joogipudel-best-friends-500ml\/#primaryimage"},"image":{"@id":"https:\/\/www.talidesign.eu\/et\/pood\/toode\/24bottles-laste-joogipudel-best-friends-500ml\/#primaryimage"},"thumbnailUrl":"https:\/\/www.talidesign.eu\/wp\/wp-content\/uploads\/2025\/06\/24Bottles_Kids500_Best-Friend_01_900x-Photoroom.jpg","datePublished":"2025-06-16T13:05:11+00:00","dateModified":"2026-01-27T15:11:47+00:00","description":"24Bottles laste joogipudel Best Friends 500ml on kerge, lekkekindel ja keskkonnas\u00f5bralik valik v\u00e4ikestele. Avasta roostevabast terasest pudel, mis innustab tervislikumale elule!","breadcrumb":{"@id":"https:\/\/www.talidesign.eu\/et\/pood\/toode\/24bottles-laste-joogipudel-best-friends-500ml\/#breadcrumb"},"inLanguage":"et","potentialAction":[{"@type":"ReadAction","target":["https:\/\/www.talidesign.eu\/et\/pood\/toode\/24bottles-laste-joogipudel-best-friends-500ml\/"]}]},{"@type":"ImageObject","inLanguage":"et","@id":"https:\/\/www.talidesign.eu\/et\/pood\/toode\/24bottles-laste-joogipudel-best-friends-500ml\/#primaryimage","url":"https:\/\/www.talidesign.eu\/wp\/wp-content\/uploads\/2025\/06\/24Bottles_Kids500_Best-Friend_01_900x-Photoroom.jpg","contentUrl":"https:\/\/www.talidesign.eu\/wp\/wp-content\/uploads\/2025\/06\/24Bottles_Kids500_Best-Friend_01_900x-Photoroom.jpg","width":1000,"height":1000},{"@type":"BreadcrumbList","@id":"https:\/\/www.talidesign.eu\/et\/pood\/toode\/24bottles-laste-joogipudel-best-friends-500ml\/#breadcrumb","itemListElement":[{"@type":"ListItem","position":1,"name":"Avaleht","item":"https:\/\/www.talidesign.eu\/et\/"},{"@type":"ListItem","position":2,"name":"Pood","item":"https:\/\/www.talidesign.eu\/et\/pood\/"},{"@type":"ListItem","position":3,"name":"24Bottles Laste joogipudel Best Friends 500ml"}]},{"@type":"WebSite","@id":"https:\/\/www.talidesign.eu\/et\/#website","url":"https:\/\/www.talidesign.eu\/et\/","name":"TALI Concept Store","description":"Suurim Disainipood Eestis","potentialAction":[{"@type":"SearchAction","target":{"@type":"EntryPoint","urlTemplate":"https:\/\/www.talidesign.eu\/et\/?s={search_term_string}"},"query-input":{"@type":"PropertyValueSpecification","valueRequired":true,"valueName":"search_term_string"}}],"inLanguage":"et"}]}},"_links":{"self":[{"href":"https:\/\/www.talidesign.eu\/et\/wp-json\/wp\/v2\/product\/105154","targetHints":{"allow":["GET"]}}],"collection":[{"href":"https:\/\/www.talidesign.eu\/et\/wp-json\/wp\/v2\/product"}],"about":[{"href":"https:\/\/www.talidesign.eu\/et\/wp-json\/wp\/v2\/types\/product"}],"wp:featuredmedia":[{"embeddable":true,"href":"https:\/\/www.talidesign.eu\/et\/wp-json\/wp\/v2\/media\/105156"}],"wp:attachment":[{"href":"https:\/\/www.talidesign.eu\/et\/wp-json\/wp\/v2\/media?parent=105154"}],"wp:term":[{"taxonomy":"product_brand","embeddable":true,"href":"https:\/\/www.talidesign.eu\/et\/wp-json\/wp\/v2\/product_brand?post=105154"},{"taxonomy":"product_cat","embeddable":true,"href":"https:\/\/www.talidesign.eu\/et\/wp-json\/wp\/v2\/product_cat?post=105154"},{"taxonomy":"product_tag","embeddable":true,"href":"https:\/\/www.talidesign.eu\/et\/wp-json\/wp\/v2\/product_tag?post=105154"}],"curies":[{"name":"wp","href":"https:\/\/api.w.org\/{rel}","templated":true}]}}