{"id":105500,"date":"2025-06-26T10:22:18","date_gmt":"2025-06-26T07:22:18","guid":{"rendered":"https:\/\/www.talidesign.eu\/?post_type=product&#038;p=105500"},"modified":"2025-11-26T20:24:58","modified_gmt":"2025-11-26T18:24:58","slug":"typealive-tote-be-yourself","status":"publish","type":"product","link":"https:\/\/www.talidesign.eu\/et\/pood\/toode\/typealive-tote-be-yourself\/","title":{"rendered":"typealive Tote Be Yourself"},"content":{"rendered":"<p><strong>Tote Be Yourself<\/strong><\/p>\n<p>\u00d6elge EI plastikule ja keemilistele lisanditele ning JAH sellele praktilisele looduslikule kotile, mis on valmistatud 100% \u00d6ko-Tex puuvillast.<\/p>\n<p>\u2022 38 x 42 cm<br \/>\n\u2022 Siiditr\u00fckk 100% puuvillale (\u00d6ko Tex sertifikaat). Tagak\u00fcljelele pole tr\u00fckitud.<br \/>\n\u2022 Toodetud Saksamaal ja Euroopas<br \/>\n\u2022 <a href=\"https:\/\/www.talidesign.eu\/et\/tootekategooria\/brandid\/typealive-et\/\">Br\u00e4nd typealive<\/a><\/p>\n<p><strong>Meist<\/strong><\/p>\n<p>typealive on M\u00fcnsterist p\u00e4rit v\u00e4ike graafilise disaini stuudio ja neil on suur oskus kombineerida teksti ja pilti l\u00f5busal, kaunil ja sageli ootamatul moel. <\/p>\n<p><a href=\"https:\/\/www.talidesign.eu\/et\/tootekategooria\/brandid\/typealive-et\/\"><img loading=\"lazy\" decoding=\"async\" src=\"https:\/\/www.talidesign.eu\/wp\/wp-content\/uploads\/2023\/09\/typelive.jpg\" alt=\"\" width=\"500\" height=\"100\" class=\"alignnone size-full wp-image-78202\" \/><\/a><\/p>\n","protected":false},"excerpt":{"rendered":"<p><strong>Tote Be Yourself<\/strong><\/p>\n<p>\u00d6elge EI plastikule ja keemilistele lisanditele ning JAH sellele praktilisele looduslikule kotile, mis on valmistatud 100% \u00d6ko-Tex puuvillast.<\/p>\n<p>\u2022 38 x 42 cm<br \/>\n\u2022 Siiditr\u00fckk 100% puuvillale (\u00d6ko Tex sertifikaat). Tagak\u00fcljelele pole tr\u00fckitud.<br \/>\n\u2022 Toodetud Saksamaal ja Euroopas<br \/>\n\u2022 <a href=\"https:\/\/www.talidesign.eu\/et\/tootekategooria\/brandid\/typealive-et\/\">Br\u00e4nd typealive<\/a><\/p>\n<p><strong>Meist<\/strong><\/p>\n<p>typealive on M\u00fcnsterist p\u00e4rit v\u00e4ike graafilise disaini stuudio ja neil on suur oskus kombineerida teksti ja pilti l\u00f5busal, kaunil ja sageli ootamatul moel. <\/p>\n<p><a href=\"https:\/\/www.talidesign.eu\/et\/tootekategooria\/brandid\/typealive-et\/\"><img loading=\"lazy\" decoding=\"async\" src=\"https:\/\/www.talidesign.eu\/wp\/wp-content\/uploads\/2023\/09\/typelive.jpg\" alt=\"\" width=\"500\" height=\"100\" class=\"alignnone size-full wp-image-78202\" \/><\/a><\/p>\n","protected":false},"featured_media":105508,"template":"","meta":[],"product_brand":[],"product_cat":[1026,1131,1113,3024],"product_tag":[3027],"class_list":{"0":"post-105500","1":"product","2":"type-product","3":"status-publish","4":"has-post-thumbnail","6":"product_cat-brandid","7":"product_cat-naiste-kotid","8":"product_cat-kotid","9":"product_cat-typealive-et","10":"product_tag-typealive-et","12":"first","13":"outofstock","14":"taxable","15":"shipping-taxable","16":"purchasable","17":"product-type-simple"},"yoast_head":"<!-- This site is optimized with the Yoast SEO plugin v27.3 - https:\/\/yoast.com\/product\/yoast-seo-wordpress\/ -->\n<title>typealive Tote Be Yourself - TALI Concept Store<\/title>\n<meta name=\"robots\" content=\"index, follow, max-snippet:-1, max-image-preview:large, max-video-preview:-1\" \/>\n<link rel=\"canonical\" href=\"https:\/\/www.talidesign.eu\/et\/pood\/toode\/typealive-tote-be-yourself\/\" \/>\n<meta property=\"og:locale\" content=\"et_EE\" \/>\n<meta property=\"og:type\" content=\"article\" \/>\n<meta property=\"og:title\" content=\"typealive Tote Be Yourself - TALI Concept Store\" \/>\n<meta property=\"og:description\" content=\"Tote Be Yourself  \u00d6elge EI plastikule ja keemilistele lisanditele ning JAH sellele praktilisele looduslikule kotile, mis on valmistatud 100% \u00d6ko-Tex puuvillast.  \u2022 38 x 42 cm \u2022 Siiditr\u00fckk 100% puuvillale (\u00d6ko Tex sertifikaat). Tagak\u00fcljelele pole tr\u00fckitud. \u2022 Toodetud Saksamaal ja Euroopas \u2022 Br\u00e4nd typealive  Meist  typealive on M\u00fcnsterist p\u00e4rit v\u00e4ike graafilise disaini stuudio ja neil on suur oskus kombineerida teksti ja pilti l\u00f5busal, kaunil ja sageli ootamatul moel.\" \/>\n<meta property=\"og:url\" content=\"https:\/\/www.talidesign.eu\/et\/pood\/toode\/typealive-tote-be-yourself\/\" \/>\n<meta property=\"og:site_name\" content=\"TALI Concept Store\" \/>\n<meta property=\"article:publisher\" content=\"https:\/\/www.facebook.com\/TaliDisain\/\" \/>\n<meta property=\"article:modified_time\" content=\"2025-11-26T18:24:58+00:00\" \/>\n<meta property=\"og:image\" content=\"https:\/\/www.talidesign.eu\/wp\/wp-content\/uploads\/2025\/06\/typealive-tote-be-yourself.jpg\" \/>\n\t<meta property=\"og:image:width\" content=\"1155\" \/>\n\t<meta property=\"og:image:height\" content=\"1155\" \/>\n\t<meta property=\"og:image:type\" content=\"image\/jpeg\" \/>\n<meta name=\"twitter:card\" content=\"summary_large_image\" \/>\n<meta name=\"twitter:label1\" content=\"Est. reading time\" \/>\n\t<meta name=\"twitter:data1\" content=\"1 minute\" \/>\n<script type=\"application\/ld+json\" class=\"yoast-schema-graph\">{\"@context\":\"https:\\\/\\\/schema.org\",\"@graph\":[{\"@type\":\"WebPage\",\"@id\":\"https:\\\/\\\/www.talidesign.eu\\\/et\\\/pood\\\/toode\\\/typealive-tote-be-yourself\\\/\",\"url\":\"https:\\\/\\\/www.talidesign.eu\\\/et\\\/pood\\\/toode\\\/typealive-tote-be-yourself\\\/\",\"name\":\"typealive Tote Be Yourself - TALI Concept Store\",\"isPartOf\":{\"@id\":\"https:\\\/\\\/www.talidesign.eu\\\/et\\\/#website\"},\"primaryImageOfPage\":{\"@id\":\"https:\\\/\\\/www.talidesign.eu\\\/et\\\/pood\\\/toode\\\/typealive-tote-be-yourself\\\/#primaryimage\"},\"image\":{\"@id\":\"https:\\\/\\\/www.talidesign.eu\\\/et\\\/pood\\\/toode\\\/typealive-tote-be-yourself\\\/#primaryimage\"},\"thumbnailUrl\":\"https:\\\/\\\/www.talidesign.eu\\\/wp\\\/wp-content\\\/uploads\\\/2025\\\/06\\\/typealive-tote-be-yourself.jpg\",\"datePublished\":\"2025-06-26T07:22:18+00:00\",\"dateModified\":\"2025-11-26T18:24:58+00:00\",\"breadcrumb\":{\"@id\":\"https:\\\/\\\/www.talidesign.eu\\\/et\\\/pood\\\/toode\\\/typealive-tote-be-yourself\\\/#breadcrumb\"},\"inLanguage\":\"et\",\"potentialAction\":[{\"@type\":\"ReadAction\",\"target\":[\"https:\\\/\\\/www.talidesign.eu\\\/et\\\/pood\\\/toode\\\/typealive-tote-be-yourself\\\/\"]}]},{\"@type\":\"ImageObject\",\"inLanguage\":\"et\",\"@id\":\"https:\\\/\\\/www.talidesign.eu\\\/et\\\/pood\\\/toode\\\/typealive-tote-be-yourself\\\/#primaryimage\",\"url\":\"https:\\\/\\\/www.talidesign.eu\\\/wp\\\/wp-content\\\/uploads\\\/2025\\\/06\\\/typealive-tote-be-yourself.jpg\",\"contentUrl\":\"https:\\\/\\\/www.talidesign.eu\\\/wp\\\/wp-content\\\/uploads\\\/2025\\\/06\\\/typealive-tote-be-yourself.jpg\",\"width\":1155,\"height\":1155},{\"@type\":\"BreadcrumbList\",\"@id\":\"https:\\\/\\\/www.talidesign.eu\\\/et\\\/pood\\\/toode\\\/typealive-tote-be-yourself\\\/#breadcrumb\",\"itemListElement\":[{\"@type\":\"ListItem\",\"position\":1,\"name\":\"Avaleht\",\"item\":\"https:\\\/\\\/www.talidesign.eu\\\/et\\\/\"},{\"@type\":\"ListItem\",\"position\":2,\"name\":\"Pood\",\"item\":\"https:\\\/\\\/www.talidesign.eu\\\/et\\\/pood\\\/\"},{\"@type\":\"ListItem\",\"position\":3,\"name\":\"typealive Tote Be Yourself\"}]},{\"@type\":\"WebSite\",\"@id\":\"https:\\\/\\\/www.talidesign.eu\\\/et\\\/#website\",\"url\":\"https:\\\/\\\/www.talidesign.eu\\\/et\\\/\",\"name\":\"TALI Concept Store\",\"description\":\"Suurim Disainipood Eestis\",\"potentialAction\":[{\"@type\":\"SearchAction\",\"target\":{\"@type\":\"EntryPoint\",\"urlTemplate\":\"https:\\\/\\\/www.talidesign.eu\\\/et\\\/?s={search_term_string}\"},\"query-input\":{\"@type\":\"PropertyValueSpecification\",\"valueRequired\":true,\"valueName\":\"search_term_string\"}}],\"inLanguage\":\"et\"}]}<\/script>\n<!-- \/ Yoast SEO plugin. -->","yoast_head_json":{"title":"typealive Tote Be Yourself - TALI Concept Store","robots":{"index":"index","follow":"follow","max-snippet":"max-snippet:-1","max-image-preview":"max-image-preview:large","max-video-preview":"max-video-preview:-1"},"canonical":"https:\/\/www.talidesign.eu\/et\/pood\/toode\/typealive-tote-be-yourself\/","og_locale":"et_EE","og_type":"article","og_title":"typealive Tote Be Yourself - TALI Concept Store","og_description":"Tote Be Yourself  \u00d6elge EI plastikule ja keemilistele lisanditele ning JAH sellele praktilisele looduslikule kotile, mis on valmistatud 100% \u00d6ko-Tex puuvillast.  \u2022 38 x 42 cm \u2022 Siiditr\u00fckk 100% puuvillale (\u00d6ko Tex sertifikaat). Tagak\u00fcljelele pole tr\u00fckitud. \u2022 Toodetud Saksamaal ja Euroopas \u2022 Br\u00e4nd typealive  Meist  typealive on M\u00fcnsterist p\u00e4rit v\u00e4ike graafilise disaini stuudio ja neil on suur oskus kombineerida teksti ja pilti l\u00f5busal, kaunil ja sageli ootamatul moel.","og_url":"https:\/\/www.talidesign.eu\/et\/pood\/toode\/typealive-tote-be-yourself\/","og_site_name":"TALI Concept Store","article_publisher":"https:\/\/www.facebook.com\/TaliDisain\/","article_modified_time":"2025-11-26T18:24:58+00:00","og_image":[{"width":1155,"height":1155,"url":"https:\/\/www.talidesign.eu\/wp\/wp-content\/uploads\/2025\/06\/typealive-tote-be-yourself.jpg","type":"image\/jpeg"}],"twitter_card":"summary_large_image","twitter_misc":{"Est. reading time":"1 minute"},"schema":{"@context":"https:\/\/schema.org","@graph":[{"@type":"WebPage","@id":"https:\/\/www.talidesign.eu\/et\/pood\/toode\/typealive-tote-be-yourself\/","url":"https:\/\/www.talidesign.eu\/et\/pood\/toode\/typealive-tote-be-yourself\/","name":"typealive Tote Be Yourself - TALI Concept Store","isPartOf":{"@id":"https:\/\/www.talidesign.eu\/et\/#website"},"primaryImageOfPage":{"@id":"https:\/\/www.talidesign.eu\/et\/pood\/toode\/typealive-tote-be-yourself\/#primaryimage"},"image":{"@id":"https:\/\/www.talidesign.eu\/et\/pood\/toode\/typealive-tote-be-yourself\/#primaryimage"},"thumbnailUrl":"https:\/\/www.talidesign.eu\/wp\/wp-content\/uploads\/2025\/06\/typealive-tote-be-yourself.jpg","datePublished":"2025-06-26T07:22:18+00:00","dateModified":"2025-11-26T18:24:58+00:00","breadcrumb":{"@id":"https:\/\/www.talidesign.eu\/et\/pood\/toode\/typealive-tote-be-yourself\/#breadcrumb"},"inLanguage":"et","potentialAction":[{"@type":"ReadAction","target":["https:\/\/www.talidesign.eu\/et\/pood\/toode\/typealive-tote-be-yourself\/"]}]},{"@type":"ImageObject","inLanguage":"et","@id":"https:\/\/www.talidesign.eu\/et\/pood\/toode\/typealive-tote-be-yourself\/#primaryimage","url":"https:\/\/www.talidesign.eu\/wp\/wp-content\/uploads\/2025\/06\/typealive-tote-be-yourself.jpg","contentUrl":"https:\/\/www.talidesign.eu\/wp\/wp-content\/uploads\/2025\/06\/typealive-tote-be-yourself.jpg","width":1155,"height":1155},{"@type":"BreadcrumbList","@id":"https:\/\/www.talidesign.eu\/et\/pood\/toode\/typealive-tote-be-yourself\/#breadcrumb","itemListElement":[{"@type":"ListItem","position":1,"name":"Avaleht","item":"https:\/\/www.talidesign.eu\/et\/"},{"@type":"ListItem","position":2,"name":"Pood","item":"https:\/\/www.talidesign.eu\/et\/pood\/"},{"@type":"ListItem","position":3,"name":"typealive Tote Be Yourself"}]},{"@type":"WebSite","@id":"https:\/\/www.talidesign.eu\/et\/#website","url":"https:\/\/www.talidesign.eu\/et\/","name":"TALI Concept Store","description":"Suurim Disainipood Eestis","potentialAction":[{"@type":"SearchAction","target":{"@type":"EntryPoint","urlTemplate":"https:\/\/www.talidesign.eu\/et\/?s={search_term_string}"},"query-input":{"@type":"PropertyValueSpecification","valueRequired":true,"valueName":"search_term_string"}}],"inLanguage":"et"}]}},"_links":{"self":[{"href":"https:\/\/www.talidesign.eu\/et\/wp-json\/wp\/v2\/product\/105500","targetHints":{"allow":["GET"]}}],"collection":[{"href":"https:\/\/www.talidesign.eu\/et\/wp-json\/wp\/v2\/product"}],"about":[{"href":"https:\/\/www.talidesign.eu\/et\/wp-json\/wp\/v2\/types\/product"}],"wp:featuredmedia":[{"embeddable":true,"href":"https:\/\/www.talidesign.eu\/et\/wp-json\/wp\/v2\/media\/105508"}],"wp:attachment":[{"href":"https:\/\/www.talidesign.eu\/et\/wp-json\/wp\/v2\/media?parent=105500"}],"wp:term":[{"taxonomy":"product_brand","embeddable":true,"href":"https:\/\/www.talidesign.eu\/et\/wp-json\/wp\/v2\/product_brand?post=105500"},{"taxonomy":"product_cat","embeddable":true,"href":"https:\/\/www.talidesign.eu\/et\/wp-json\/wp\/v2\/product_cat?post=105500"},{"taxonomy":"product_tag","embeddable":true,"href":"https:\/\/www.talidesign.eu\/et\/wp-json\/wp\/v2\/product_tag?post=105500"}],"curies":[{"name":"wp","href":"https:\/\/api.w.org\/{rel}","templated":true}]}}