{"id":105707,"date":"2025-07-02T23:18:48","date_gmt":"2025-07-02T20:18:48","guid":{"rendered":"https:\/\/www.talidesign.eu\/?post_type=product&#038;p=105707"},"modified":"2025-08-30T14:50:12","modified_gmt":"2025-08-30T11:50:12","slug":"dedicated-t-sark-stockholm-eternal-pizza-off-white","status":"publish","type":"product","link":"https:\/\/www.talidesign.eu\/et\/pood\/toode\/dedicated-t-sark-stockholm-eternal-pizza-off-white\/","title":{"rendered":"Dedicated T-s\u00e4rk Stockholm Eternal Pizza Off-White"},"content":{"rendered":"<p><strong>T-s\u00e4rk Stockholm Eternal Pizza Off-White<\/strong><\/p>\n<p>T\u00e4iuslik T-s\u00e4rk, mis on valmistatud j\u00e4tkusuutlikult inimeste ja planeedi eest hoolt kandes.<\/p>\n<p><strong>Unisex<\/strong><\/p>\n<p>\u2022 Klassikaline l\u00f5ige<br \/>\n\u2022 \u00dcmar kaelus<br \/>\n\u2022 Siiditr\u00fckk keskkonnas\u00f5braliku veep\u00f5hise tindiga<\/p>\n<p>\u2022 Fairtrade &#038; Orgaaniline<\/p>\n<p>See toode on valmistatud 100% orgaanilisest puuvillast, mis on sertifitseeritud Fairtrade&#8217;i poolt, mis on \u00fcks rangeimaid standardeid turul.<\/p>\n<p>\u2022 <a href=\"https:\/\/www.talidesign.eu\/et\/tootekategooria\/brandid\/dedicated-et\/\">Br\u00e4nd Dedicated<\/a><\/p>\n<p><strong>Suuruste tabel<\/strong><\/p>\n<p><a href=\"https:\/\/www.talidesign.eu\/wp\/wp-content\/uploads\/2025\/07\/size.jpg\"><img loading=\"lazy\" decoding=\"async\" src=\"https:\/\/www.talidesign.eu\/wp\/wp-content\/uploads\/2025\/07\/size-800x221.jpg\" alt=\"\" width=\"800\" height=\"221\" class=\"alignnone size-medium wp-image-105718\" srcset=\"https:\/\/www.talidesign.eu\/wp\/wp-content\/uploads\/2025\/07\/size-800x221.jpg 800w, https:\/\/www.talidesign.eu\/wp\/wp-content\/uploads\/2025\/07\/size-1400x387.jpg 1400w, https:\/\/www.talidesign.eu\/wp\/wp-content\/uploads\/2025\/07\/size-768x212.jpg 768w, https:\/\/www.talidesign.eu\/wp\/wp-content\/uploads\/2025\/07\/size-1536x425.jpg 1536w, https:\/\/www.talidesign.eu\/wp\/wp-content\/uploads\/2025\/07\/size-500x138.jpg 500w, https:\/\/www.talidesign.eu\/wp\/wp-content\/uploads\/2025\/07\/size-510x141.jpg 510w, https:\/\/www.talidesign.eu\/wp\/wp-content\/uploads\/2025\/07\/size-64x18.jpg 64w, https:\/\/www.talidesign.eu\/wp\/wp-content\/uploads\/2025\/07\/size.jpg 1587w\" sizes=\"auto, (max-width: 800px) 100vw, 800px\" \/><\/a><\/p>\n<p><a href=\"https:\/\/www.talidesign.eu\/wp\/wp-content\/uploads\/2021\/03\/cert-2.jpg\"><img loading=\"lazy\" decoding=\"async\" src=\"https:\/\/www.talidesign.eu\/wp\/wp-content\/uploads\/2021\/03\/cert-2.jpg\" alt=\"\" width=\"428\" height=\"81\" class=\"alignnone size-full wp-image-22967\" \/><\/a><br \/>\n<strong>Toetage meie planeeti \/ DEDICATED.<\/strong><\/p>\n<p>T\u00f6\u00f6tame GOTSi ja Fairtrade&#8217;i sertifitseeritud puuvilla, GRS -i ringlussev\u00f5etud pol\u00fcestri ja looduslike kiududega, nagu Tencel Lyocell. Loome moodi, mis hoolitseb nii p\u00f5llumeeste kui ka klientide eest.<\/p>\n<p><a href=\"https:\/\/www.talidesign.eu\/wp\/wp-content\/uploads\/2020\/04\/our-story-climate-strike_4101.jpg\"><img loading=\"lazy\" decoding=\"async\" class=\"alignnone size-full wp-image-9480\" src=\"https:\/\/www.talidesign.eu\/wp\/wp-content\/uploads\/2020\/04\/our-story-climate-strike_4101.jpg\" alt=\"\" width=\"700\" height=\"700\" srcset=\"https:\/\/www.talidesign.eu\/wp\/wp-content\/uploads\/2020\/04\/our-story-climate-strike_4101.jpg 700w, https:\/\/www.talidesign.eu\/wp\/wp-content\/uploads\/2020\/04\/our-story-climate-strike_4101-400x400.jpg 400w, https:\/\/www.talidesign.eu\/wp\/wp-content\/uploads\/2020\/04\/our-story-climate-strike_4101-280x280.jpg 280w, https:\/\/www.talidesign.eu\/wp\/wp-content\/uploads\/2020\/04\/our-story-climate-strike_4101-500x500.jpg 500w, https:\/\/www.talidesign.eu\/wp\/wp-content\/uploads\/2020\/04\/our-story-climate-strike_4101-510x510.jpg 510w, https:\/\/www.talidesign.eu\/wp\/wp-content\/uploads\/2020\/04\/our-story-climate-strike_4101-100x100.jpg 100w\" sizes=\"auto, (max-width: 700px) 100vw, 700px\" \/><\/a><br \/>\n<a href=\"https:\/\/www.talidesign.eu\/et\/tootekategooria\/brandid\/dedicated-et\/\"><img loading=\"lazy\" decoding=\"async\" src=\"https:\/\/www.talidesign.eu\/wp\/wp-content\/uploads\/2021\/03\/logo-2.jpg\" alt=\"\" width=\"500\" height=\"100\" class=\"alignnone size-full wp-image-24408\" \/><\/a><\/p>\n","protected":false},"excerpt":{"rendered":"<p><strong>T-s\u00e4rk Stockholm Eternal Pizza Off-White<\/strong><\/p>\n<p>T\u00e4iuslik T-s\u00e4rk, mis on valmistatud j\u00e4tkusuutlikult inimeste ja planeedi eest hoolt kandes.<\/p>\n<p><strong>Unisex<\/strong><\/p>\n<p>\u2022 Klassikaline l\u00f5ige<br \/>\n\u2022 \u00dcmar kaelus<br \/>\n\u2022 Siiditr\u00fckk keskkonnas\u00f5braliku veep\u00f5hise tindiga<\/p>\n<p>\u2022 Fairtrade &#038; Orgaaniline<\/p>\n<p>See toode on valmistatud 100% orgaanilisest puuvillast, mis on sertifitseeritud Fairtrade&#8217;i poolt, mis on \u00fcks rangeimaid standardeid turul.<\/p>\n<p>\u2022 <a href=\"https:\/\/www.talidesign.eu\/et\/tootekategooria\/brandid\/dedicated-et\/\">Br\u00e4nd Dedicated<\/a><\/p>\n<p><strong>Suuruste tabel<\/strong><\/p>\n<p><a href=\"https:\/\/www.talidesign.eu\/wp\/wp-content\/uploads\/2025\/07\/size.jpg\"><img loading=\"lazy\" decoding=\"async\" src=\"https:\/\/www.talidesign.eu\/wp\/wp-content\/uploads\/2025\/07\/size-800x221.jpg\" alt=\"\" width=\"800\" height=\"221\" class=\"alignnone size-medium wp-image-105718\" srcset=\"https:\/\/www.talidesign.eu\/wp\/wp-content\/uploads\/2025\/07\/size-800x221.jpg 800w, https:\/\/www.talidesign.eu\/wp\/wp-content\/uploads\/2025\/07\/size-1400x387.jpg 1400w, https:\/\/www.talidesign.eu\/wp\/wp-content\/uploads\/2025\/07\/size-768x212.jpg 768w, https:\/\/www.talidesign.eu\/wp\/wp-content\/uploads\/2025\/07\/size-1536x425.jpg 1536w, https:\/\/www.talidesign.eu\/wp\/wp-content\/uploads\/2025\/07\/size-500x138.jpg 500w, https:\/\/www.talidesign.eu\/wp\/wp-content\/uploads\/2025\/07\/size-510x141.jpg 510w, https:\/\/www.talidesign.eu\/wp\/wp-content\/uploads\/2025\/07\/size-64x18.jpg 64w, https:\/\/www.talidesign.eu\/wp\/wp-content\/uploads\/2025\/07\/size.jpg 1587w\" sizes=\"auto, (max-width: 800px) 100vw, 800px\" \/><\/a><\/p>\n<p><a href=\"https:\/\/www.talidesign.eu\/wp\/wp-content\/uploads\/2021\/03\/cert-2.jpg\"><img loading=\"lazy\" decoding=\"async\" src=\"https:\/\/www.talidesign.eu\/wp\/wp-content\/uploads\/2021\/03\/cert-2.jpg\" alt=\"\" width=\"428\" height=\"81\" class=\"alignnone size-full wp-image-22967\" \/><\/a><br \/>\n<strong>Toetage meie planeeti \/ DEDICATED.<\/strong><\/p>\n<p>T\u00f6\u00f6tame GOTSi ja Fairtrade&#8217;i sertifitseeritud puuvilla, GRS -i ringlussev\u00f5etud pol\u00fcestri ja looduslike kiududega, nagu Tencel Lyocell. Loome moodi, mis hoolitseb nii p\u00f5llumeeste kui ka klientide eest.<\/p>\n<p><a href=\"https:\/\/www.talidesign.eu\/wp\/wp-content\/uploads\/2020\/04\/our-story-climate-strike_4101.jpg\"><img loading=\"lazy\" decoding=\"async\" class=\"alignnone size-full wp-image-9480\" src=\"https:\/\/www.talidesign.eu\/wp\/wp-content\/uploads\/2020\/04\/our-story-climate-strike_4101.jpg\" alt=\"\" width=\"700\" height=\"700\" srcset=\"https:\/\/www.talidesign.eu\/wp\/wp-content\/uploads\/2020\/04\/our-story-climate-strike_4101.jpg 700w, https:\/\/www.talidesign.eu\/wp\/wp-content\/uploads\/2020\/04\/our-story-climate-strike_4101-400x400.jpg 400w, https:\/\/www.talidesign.eu\/wp\/wp-content\/uploads\/2020\/04\/our-story-climate-strike_4101-280x280.jpg 280w, https:\/\/www.talidesign.eu\/wp\/wp-content\/uploads\/2020\/04\/our-story-climate-strike_4101-500x500.jpg 500w, https:\/\/www.talidesign.eu\/wp\/wp-content\/uploads\/2020\/04\/our-story-climate-strike_4101-510x510.jpg 510w, https:\/\/www.talidesign.eu\/wp\/wp-content\/uploads\/2020\/04\/our-story-climate-strike_4101-100x100.jpg 100w\" sizes=\"auto, (max-width: 700px) 100vw, 700px\" \/><\/a><br \/>\n<a href=\"https:\/\/www.talidesign.eu\/et\/tootekategooria\/brandid\/dedicated-et\/\"><img loading=\"lazy\" decoding=\"async\" src=\"https:\/\/www.talidesign.eu\/wp\/wp-content\/uploads\/2021\/03\/logo-2.jpg\" alt=\"\" width=\"500\" height=\"100\" class=\"alignnone size-full wp-image-24408\" \/><\/a><\/p>\n","protected":false},"featured_media":105721,"template":"","meta":[],"product_brand":[],"product_cat":[1042,1142,1123],"product_tag":[1585],"class_list":{"0":"post-105707","1":"product","2":"type-product","3":"status-publish","4":"has-post-thumbnail","6":"product_cat-dedicated-et","7":"product_cat-t-sargid","8":"product_cat-t-sargid-mehed","9":"product_tag-dedicated-et","11":"first","12":"outofstock","13":"taxable","14":"shipping-taxable","15":"product-type-variable"},"yoast_head":"<!-- This site is optimized with the Yoast SEO plugin v27.3 - https:\/\/yoast.com\/product\/yoast-seo-wordpress\/ -->\n<title>Dedicated T-s\u00e4rk Stockholm Eternal Pizza Off-White - TALI Concept Store<\/title>\n<meta name=\"description\" content=\"T-s\u00e4rk Stockholm Eternal Pizza Off-White - j\u00e4tkusuutlik valik, mis hoolib nii inimestest kui ka planeedist. Fairtrade&#039;i sertifitseeritud orgaaniline puuvill. Osta n\u00fc\u00fcd!\" \/>\n<meta name=\"robots\" content=\"index, follow, max-snippet:-1, max-image-preview:large, max-video-preview:-1\" \/>\n<link rel=\"canonical\" href=\"https:\/\/www.talidesign.eu\/et\/pood\/toode\/dedicated-t-sark-stockholm-eternal-pizza-off-white\/\" \/>\n<meta property=\"og:locale\" content=\"et_EE\" \/>\n<meta property=\"og:type\" content=\"article\" \/>\n<meta property=\"og:title\" content=\"Dedicated T-s\u00e4rk Stockholm Eternal Pizza Off-White - TALI Concept Store\" \/>\n<meta property=\"og:description\" content=\"T-s\u00e4rk Stockholm Eternal Pizza Off-White - j\u00e4tkusuutlik valik, mis hoolib nii inimestest kui ka planeedist. Fairtrade&#039;i sertifitseeritud orgaaniline puuvill. Osta n\u00fc\u00fcd!\" \/>\n<meta property=\"og:url\" content=\"https:\/\/www.talidesign.eu\/et\/pood\/toode\/dedicated-t-sark-stockholm-eternal-pizza-off-white\/\" \/>\n<meta property=\"og:site_name\" content=\"TALI Concept Store\" \/>\n<meta property=\"article:publisher\" content=\"https:\/\/www.facebook.com\/TaliDisain\/\" \/>\n<meta property=\"article:modified_time\" content=\"2025-08-30T11:50:12+00:00\" \/>\n<meta property=\"og:image\" content=\"https:\/\/www.talidesign.eu\/wp\/wp-content\/uploads\/2025\/07\/10381_37f3569348-22789_2-ded-zoom-Photoroom.jpg\" \/>\n\t<meta property=\"og:image:width\" content=\"800\" \/>\n\t<meta property=\"og:image:height\" content=\"800\" \/>\n\t<meta property=\"og:image:type\" content=\"image\/jpeg\" \/>\n<meta name=\"twitter:card\" content=\"summary_large_image\" \/>\n<meta name=\"twitter:label1\" content=\"Est. reading time\" \/>\n\t<meta name=\"twitter:data1\" content=\"2 minutes\" \/>\n<script type=\"application\/ld+json\" class=\"yoast-schema-graph\">{\"@context\":\"https:\\\/\\\/schema.org\",\"@graph\":[{\"@type\":\"WebPage\",\"@id\":\"https:\\\/\\\/www.talidesign.eu\\\/et\\\/pood\\\/toode\\\/dedicated-t-sark-stockholm-eternal-pizza-off-white\\\/\",\"url\":\"https:\\\/\\\/www.talidesign.eu\\\/et\\\/pood\\\/toode\\\/dedicated-t-sark-stockholm-eternal-pizza-off-white\\\/\",\"name\":\"Dedicated T-s\u00e4rk Stockholm Eternal Pizza Off-White - TALI Concept Store\",\"isPartOf\":{\"@id\":\"https:\\\/\\\/www.talidesign.eu\\\/et\\\/#website\"},\"primaryImageOfPage\":{\"@id\":\"https:\\\/\\\/www.talidesign.eu\\\/et\\\/pood\\\/toode\\\/dedicated-t-sark-stockholm-eternal-pizza-off-white\\\/#primaryimage\"},\"image\":{\"@id\":\"https:\\\/\\\/www.talidesign.eu\\\/et\\\/pood\\\/toode\\\/dedicated-t-sark-stockholm-eternal-pizza-off-white\\\/#primaryimage\"},\"thumbnailUrl\":\"https:\\\/\\\/www.talidesign.eu\\\/wp\\\/wp-content\\\/uploads\\\/2025\\\/07\\\/10381_37f3569348-22789_2-ded-zoom-Photoroom.jpg\",\"datePublished\":\"2025-07-02T20:18:48+00:00\",\"dateModified\":\"2025-08-30T11:50:12+00:00\",\"description\":\"T-s\u00e4rk Stockholm Eternal Pizza Off-White - j\u00e4tkusuutlik valik, mis hoolib nii inimestest kui ka planeedist. Fairtrade'i sertifitseeritud orgaaniline puuvill. Osta n\u00fc\u00fcd!\",\"breadcrumb\":{\"@id\":\"https:\\\/\\\/www.talidesign.eu\\\/et\\\/pood\\\/toode\\\/dedicated-t-sark-stockholm-eternal-pizza-off-white\\\/#breadcrumb\"},\"inLanguage\":\"et\",\"potentialAction\":[{\"@type\":\"ReadAction\",\"target\":[\"https:\\\/\\\/www.talidesign.eu\\\/et\\\/pood\\\/toode\\\/dedicated-t-sark-stockholm-eternal-pizza-off-white\\\/\"]}]},{\"@type\":\"ImageObject\",\"inLanguage\":\"et\",\"@id\":\"https:\\\/\\\/www.talidesign.eu\\\/et\\\/pood\\\/toode\\\/dedicated-t-sark-stockholm-eternal-pizza-off-white\\\/#primaryimage\",\"url\":\"https:\\\/\\\/www.talidesign.eu\\\/wp\\\/wp-content\\\/uploads\\\/2025\\\/07\\\/10381_37f3569348-22789_2-ded-zoom-Photoroom.jpg\",\"contentUrl\":\"https:\\\/\\\/www.talidesign.eu\\\/wp\\\/wp-content\\\/uploads\\\/2025\\\/07\\\/10381_37f3569348-22789_2-ded-zoom-Photoroom.jpg\",\"width\":800,\"height\":800},{\"@type\":\"BreadcrumbList\",\"@id\":\"https:\\\/\\\/www.talidesign.eu\\\/et\\\/pood\\\/toode\\\/dedicated-t-sark-stockholm-eternal-pizza-off-white\\\/#breadcrumb\",\"itemListElement\":[{\"@type\":\"ListItem\",\"position\":1,\"name\":\"Avaleht\",\"item\":\"https:\\\/\\\/www.talidesign.eu\\\/et\\\/\"},{\"@type\":\"ListItem\",\"position\":2,\"name\":\"Pood\",\"item\":\"https:\\\/\\\/www.talidesign.eu\\\/et\\\/pood\\\/\"},{\"@type\":\"ListItem\",\"position\":3,\"name\":\"Dedicated T-s\u00e4rk Stockholm Eternal Pizza Off-White\"}]},{\"@type\":\"WebSite\",\"@id\":\"https:\\\/\\\/www.talidesign.eu\\\/et\\\/#website\",\"url\":\"https:\\\/\\\/www.talidesign.eu\\\/et\\\/\",\"name\":\"TALI Concept Store\",\"description\":\"Suurim Disainipood Eestis\",\"potentialAction\":[{\"@type\":\"SearchAction\",\"target\":{\"@type\":\"EntryPoint\",\"urlTemplate\":\"https:\\\/\\\/www.talidesign.eu\\\/et\\\/?s={search_term_string}\"},\"query-input\":{\"@type\":\"PropertyValueSpecification\",\"valueRequired\":true,\"valueName\":\"search_term_string\"}}],\"inLanguage\":\"et\"}]}<\/script>\n<!-- \/ Yoast SEO plugin. -->","yoast_head_json":{"title":"Dedicated T-s\u00e4rk Stockholm Eternal Pizza Off-White - TALI Concept Store","description":"T-s\u00e4rk Stockholm Eternal Pizza Off-White - j\u00e4tkusuutlik valik, mis hoolib nii inimestest kui ka planeedist. Fairtrade'i sertifitseeritud orgaaniline puuvill. Osta n\u00fc\u00fcd!","robots":{"index":"index","follow":"follow","max-snippet":"max-snippet:-1","max-image-preview":"max-image-preview:large","max-video-preview":"max-video-preview:-1"},"canonical":"https:\/\/www.talidesign.eu\/et\/pood\/toode\/dedicated-t-sark-stockholm-eternal-pizza-off-white\/","og_locale":"et_EE","og_type":"article","og_title":"Dedicated T-s\u00e4rk Stockholm Eternal Pizza Off-White - TALI Concept Store","og_description":"T-s\u00e4rk Stockholm Eternal Pizza Off-White - j\u00e4tkusuutlik valik, mis hoolib nii inimestest kui ka planeedist. Fairtrade'i sertifitseeritud orgaaniline puuvill. Osta n\u00fc\u00fcd!","og_url":"https:\/\/www.talidesign.eu\/et\/pood\/toode\/dedicated-t-sark-stockholm-eternal-pizza-off-white\/","og_site_name":"TALI Concept Store","article_publisher":"https:\/\/www.facebook.com\/TaliDisain\/","article_modified_time":"2025-08-30T11:50:12+00:00","og_image":[{"width":800,"height":800,"url":"https:\/\/www.talidesign.eu\/wp\/wp-content\/uploads\/2025\/07\/10381_37f3569348-22789_2-ded-zoom-Photoroom.jpg","type":"image\/jpeg"}],"twitter_card":"summary_large_image","twitter_misc":{"Est. reading time":"2 minutes"},"schema":{"@context":"https:\/\/schema.org","@graph":[{"@type":"WebPage","@id":"https:\/\/www.talidesign.eu\/et\/pood\/toode\/dedicated-t-sark-stockholm-eternal-pizza-off-white\/","url":"https:\/\/www.talidesign.eu\/et\/pood\/toode\/dedicated-t-sark-stockholm-eternal-pizza-off-white\/","name":"Dedicated T-s\u00e4rk Stockholm Eternal Pizza Off-White - TALI Concept Store","isPartOf":{"@id":"https:\/\/www.talidesign.eu\/et\/#website"},"primaryImageOfPage":{"@id":"https:\/\/www.talidesign.eu\/et\/pood\/toode\/dedicated-t-sark-stockholm-eternal-pizza-off-white\/#primaryimage"},"image":{"@id":"https:\/\/www.talidesign.eu\/et\/pood\/toode\/dedicated-t-sark-stockholm-eternal-pizza-off-white\/#primaryimage"},"thumbnailUrl":"https:\/\/www.talidesign.eu\/wp\/wp-content\/uploads\/2025\/07\/10381_37f3569348-22789_2-ded-zoom-Photoroom.jpg","datePublished":"2025-07-02T20:18:48+00:00","dateModified":"2025-08-30T11:50:12+00:00","description":"T-s\u00e4rk Stockholm Eternal Pizza Off-White - j\u00e4tkusuutlik valik, mis hoolib nii inimestest kui ka planeedist. Fairtrade'i sertifitseeritud orgaaniline puuvill. Osta n\u00fc\u00fcd!","breadcrumb":{"@id":"https:\/\/www.talidesign.eu\/et\/pood\/toode\/dedicated-t-sark-stockholm-eternal-pizza-off-white\/#breadcrumb"},"inLanguage":"et","potentialAction":[{"@type":"ReadAction","target":["https:\/\/www.talidesign.eu\/et\/pood\/toode\/dedicated-t-sark-stockholm-eternal-pizza-off-white\/"]}]},{"@type":"ImageObject","inLanguage":"et","@id":"https:\/\/www.talidesign.eu\/et\/pood\/toode\/dedicated-t-sark-stockholm-eternal-pizza-off-white\/#primaryimage","url":"https:\/\/www.talidesign.eu\/wp\/wp-content\/uploads\/2025\/07\/10381_37f3569348-22789_2-ded-zoom-Photoroom.jpg","contentUrl":"https:\/\/www.talidesign.eu\/wp\/wp-content\/uploads\/2025\/07\/10381_37f3569348-22789_2-ded-zoom-Photoroom.jpg","width":800,"height":800},{"@type":"BreadcrumbList","@id":"https:\/\/www.talidesign.eu\/et\/pood\/toode\/dedicated-t-sark-stockholm-eternal-pizza-off-white\/#breadcrumb","itemListElement":[{"@type":"ListItem","position":1,"name":"Avaleht","item":"https:\/\/www.talidesign.eu\/et\/"},{"@type":"ListItem","position":2,"name":"Pood","item":"https:\/\/www.talidesign.eu\/et\/pood\/"},{"@type":"ListItem","position":3,"name":"Dedicated T-s\u00e4rk Stockholm Eternal Pizza Off-White"}]},{"@type":"WebSite","@id":"https:\/\/www.talidesign.eu\/et\/#website","url":"https:\/\/www.talidesign.eu\/et\/","name":"TALI Concept Store","description":"Suurim Disainipood Eestis","potentialAction":[{"@type":"SearchAction","target":{"@type":"EntryPoint","urlTemplate":"https:\/\/www.talidesign.eu\/et\/?s={search_term_string}"},"query-input":{"@type":"PropertyValueSpecification","valueRequired":true,"valueName":"search_term_string"}}],"inLanguage":"et"}]}},"_links":{"self":[{"href":"https:\/\/www.talidesign.eu\/et\/wp-json\/wp\/v2\/product\/105707","targetHints":{"allow":["GET"]}}],"collection":[{"href":"https:\/\/www.talidesign.eu\/et\/wp-json\/wp\/v2\/product"}],"about":[{"href":"https:\/\/www.talidesign.eu\/et\/wp-json\/wp\/v2\/types\/product"}],"wp:featuredmedia":[{"embeddable":true,"href":"https:\/\/www.talidesign.eu\/et\/wp-json\/wp\/v2\/media\/105721"}],"wp:attachment":[{"href":"https:\/\/www.talidesign.eu\/et\/wp-json\/wp\/v2\/media?parent=105707"}],"wp:term":[{"taxonomy":"product_brand","embeddable":true,"href":"https:\/\/www.talidesign.eu\/et\/wp-json\/wp\/v2\/product_brand?post=105707"},{"taxonomy":"product_cat","embeddable":true,"href":"https:\/\/www.talidesign.eu\/et\/wp-json\/wp\/v2\/product_cat?post=105707"},{"taxonomy":"product_tag","embeddable":true,"href":"https:\/\/www.talidesign.eu\/et\/wp-json\/wp\/v2\/product_tag?post=105707"}],"curies":[{"name":"wp","href":"https:\/\/api.w.org\/{rel}","templated":true}]}}