{"id":106330,"date":"2025-07-14T12:40:34","date_gmt":"2025-07-14T09:40:34","guid":{"rendered":"https:\/\/www.talidesign.eu\/?post_type=product&#038;p=106330"},"modified":"2026-04-09T17:49:34","modified_gmt":"2026-04-09T14:49:34","slug":"fisura-kokkupandav-vihmavari-fcking-rain-kollane","status":"publish","type":"product","link":"https:\/\/www.talidesign.eu\/et\/pood\/toode\/fisura-kokkupandav-vihmavari-fcking-rain-kollane\/","title":{"rendered":"Fisura Kokkupandav vihmavari \u201cF*cking Rain\u201d Kollane"},"content":{"rendered":"<p><strong>Kokkupandav vihmavari \u201cF*cking Rain\u201d Kollane<\/strong><\/p>\n<p>\u00c4ra lase vihmal oma plaane rikkuda! Haara see ainulaadne vihmavari, t\u00f5mba saapad jalga ja valluta maailm ka vihmasajus. Kollane v\u00e4rv ja julge s\u00f5num \u201cfucking rain\u201d lisavad sinu v\u00e4limusele l\u00f5busa ja \u00fcleannetu noodi ning n\u00e4itavad selgelt, et sa vihkad halba ilma.<\/p>\n<p>\u2022 Kokkupanduna on vihmavari 20 cm pikk ja 6 cm lai.<br \/>\n\u2022 Lahtiselt on vihmavarju l\u00e4bim\u00f5\u00f5t 96 cm ja k\u00f5rgus 56 cm.<br \/>\n\u2022 Valmistatud pol\u00fcestrist, varrased on klaaskiust, mis muudab selle tuulekindlaks.<br \/>\n\u2022 Varustatud automaatse avamis- ja sulgemisnupuga, et saaksid seda mugavalt \u00fche k\u00e4ega kasutada.<\/p>\n<p><strong>Meist<\/strong><\/p>\n<p>Fisura on loominguline kaubam\u00e4rk Le\u00f3nist Hispaaniast, mis keskendub l\u00f5busatele ja originaalsetele disainidele kodusisustuses ja kingitustes. Nende sihiks on r\u00f5\u00f5mu ja h\u00e4id emotsioone levitada ning \u00fcllatada inimesi oma innovaatiliste toodetega.<\/p>\n<p>Fisura kirglik tiim \u00fchendab noorusliku energia ja peresarnase \u00fchtekuuluvuse, p\u00fc\u00fcdes alati saavutada seda t\u00f5elist \u201cwow-efekti\u201d.<\/p>\n","protected":false},"excerpt":{"rendered":"<p><strong>Kokkupandav vihmavari \u201cF*cking Rain\u201d Kollane<\/strong><\/p>\n<p>\u00c4ra lase vihmal oma plaane rikkuda! Haara see ainulaadne vihmavari, t\u00f5mba saapad jalga ja valluta maailm ka vihmasajus. Kollane v\u00e4rv ja julge s\u00f5num \u201cfucking rain\u201d lisavad sinu v\u00e4limusele l\u00f5busa ja \u00fcleannetu noodi ning n\u00e4itavad selgelt, et sa vihkad halba ilma.<\/p>\n<p>\u2022 Kokkupanduna on vihmavari 20 cm pikk ja 6 cm lai.<br \/>\n\u2022 Lahtiselt on vihmavarju l\u00e4bim\u00f5\u00f5t 96 cm ja k\u00f5rgus 56 cm.<br \/>\n\u2022 Valmistatud pol\u00fcestrist, varrased on klaaskiust, mis muudab selle tuulekindlaks.<br \/>\n\u2022 Varustatud automaatse avamis- ja sulgemisnupuga, et saaksid seda mugavalt \u00fche k\u00e4ega kasutada.<\/p>\n<p><strong>Meist<\/strong><\/p>\n<p>Fisura on loominguline kaubam\u00e4rk Le\u00f3nist Hispaaniast, mis keskendub l\u00f5busatele ja originaalsetele disainidele kodusisustuses ja kingitustes. Nende sihiks on r\u00f5\u00f5mu ja h\u00e4id emotsioone levitada ning \u00fcllatada inimesi oma innovaatiliste toodetega.<\/p>\n<p>Fisura kirglik tiim \u00fchendab noorusliku energia ja peresarnase \u00fchtekuuluvuse, p\u00fc\u00fcdes alati saavutada seda t\u00f5elist \u201cwow-efekti\u201d.<\/p>\n","protected":false},"featured_media":106342,"template":"","meta":[],"product_brand":[],"product_cat":[1026,1112,1130],"product_tag":[3596],"class_list":{"0":"post-106330","1":"product","2":"type-product","3":"status-publish","4":"has-post-thumbnail","6":"product_cat-brandid","7":"product_cat-mehed","8":"product_cat-naised","9":"product_tag-fisura-et","11":"first","12":"instock","13":"taxable","14":"shipping-taxable","15":"purchasable","16":"product-type-simple"},"yoast_head":"<!-- This site is optimized with the Yoast SEO plugin v27.3 - https:\/\/yoast.com\/product\/yoast-seo-wordpress\/ -->\n<title>Fisura Kokkupandav vihmavari \u201cF*cking Rain\u201d Kollane - TALI Concept Store<\/title>\n<meta name=\"robots\" content=\"index, follow, max-snippet:-1, max-image-preview:large, max-video-preview:-1\" \/>\n<link rel=\"canonical\" href=\"https:\/\/www.talidesign.eu\/et\/pood\/toode\/fisura-kokkupandav-vihmavari-fcking-rain-kollane\/\" \/>\n<meta property=\"og:locale\" content=\"et_EE\" \/>\n<meta property=\"og:type\" content=\"article\" \/>\n<meta property=\"og:title\" content=\"Fisura Kokkupandav vihmavari \u201cF*cking Rain\u201d Kollane - TALI Concept Store\" \/>\n<meta property=\"og:description\" content=\"Kokkupandav vihmavari \u201cF*cking Rain\u201d Kollane  \u00c4ra lase vihmal oma plaane rikkuda! Haara see ainulaadne vihmavari, t\u00f5mba saapad jalga ja valluta maailm ka vihmasajus. Kollane v\u00e4rv ja julge s\u00f5num \u201cfucking rain\u201d lisavad sinu v\u00e4limusele l\u00f5busa ja \u00fcleannetu noodi ning n\u00e4itavad selgelt, et sa vihkad halba ilma.  \u2022 Kokkupanduna on vihmavari 20 cm pikk ja 6 cm lai. \u2022 Lahtiselt on vihmavarju l\u00e4bim\u00f5\u00f5t 96 cm ja k\u00f5rgus 56 cm. \u2022 Valmistatud pol\u00fcestrist, varrased on klaaskiust, mis muudab selle tuulekindlaks. \u2022 Varustatud automaatse avamis- ja sulgemisnupuga, et saaksid seda mugavalt \u00fche k\u00e4ega kasutada.  Meist  Fisura on loominguline kaubam\u00e4rk Le\u00f3nist Hispaaniast, mis keskendub l\u00f5busatele ja originaalsetele disainidele kodusisustuses ja kingitustes. Nende sihiks on r\u00f5\u00f5mu ja h\u00e4id emotsioone levitada ning \u00fcllatada inimesi oma innovaatiliste toodetega.  Fisura kirglik tiim \u00fchendab noorusliku energia ja peresarnase \u00fchtekuuluvuse, p\u00fc\u00fcdes alati saavutada seda t\u00f5elist \u201cwow-efekti\u201d.\" \/>\n<meta property=\"og:url\" content=\"https:\/\/www.talidesign.eu\/et\/pood\/toode\/fisura-kokkupandav-vihmavari-fcking-rain-kollane\/\" \/>\n<meta property=\"og:site_name\" content=\"TALI Concept Store\" \/>\n<meta property=\"article:publisher\" content=\"https:\/\/www.facebook.com\/TaliDisain\/\" \/>\n<meta property=\"article:modified_time\" content=\"2026-04-09T14:49:34+00:00\" \/>\n<meta property=\"og:image\" content=\"https:\/\/www.talidesign.eu\/wp\/wp-content\/uploads\/2025\/07\/AUM2420458-p-002-min-scaled.jpeg\" \/>\n\t<meta property=\"og:image:width\" content=\"2560\" \/>\n\t<meta property=\"og:image:height\" content=\"2560\" \/>\n\t<meta property=\"og:image:type\" content=\"image\/jpeg\" \/>\n<meta name=\"twitter:card\" content=\"summary_large_image\" \/>\n<meta name=\"twitter:label1\" content=\"Est. reading time\" \/>\n\t<meta name=\"twitter:data1\" content=\"1 minute\" \/>\n<script type=\"application\/ld+json\" class=\"yoast-schema-graph\">{\"@context\":\"https:\\\/\\\/schema.org\",\"@graph\":[{\"@type\":\"WebPage\",\"@id\":\"https:\\\/\\\/www.talidesign.eu\\\/et\\\/pood\\\/toode\\\/fisura-kokkupandav-vihmavari-fcking-rain-kollane\\\/\",\"url\":\"https:\\\/\\\/www.talidesign.eu\\\/et\\\/pood\\\/toode\\\/fisura-kokkupandav-vihmavari-fcking-rain-kollane\\\/\",\"name\":\"Fisura Kokkupandav vihmavari \u201cF*cking Rain\u201d Kollane - TALI Concept Store\",\"isPartOf\":{\"@id\":\"https:\\\/\\\/www.talidesign.eu\\\/et\\\/#website\"},\"primaryImageOfPage\":{\"@id\":\"https:\\\/\\\/www.talidesign.eu\\\/et\\\/pood\\\/toode\\\/fisura-kokkupandav-vihmavari-fcking-rain-kollane\\\/#primaryimage\"},\"image\":{\"@id\":\"https:\\\/\\\/www.talidesign.eu\\\/et\\\/pood\\\/toode\\\/fisura-kokkupandav-vihmavari-fcking-rain-kollane\\\/#primaryimage\"},\"thumbnailUrl\":\"https:\\\/\\\/www.talidesign.eu\\\/wp\\\/wp-content\\\/uploads\\\/2025\\\/07\\\/AUM2420458-p-002-min-scaled.jpeg\",\"datePublished\":\"2025-07-14T09:40:34+00:00\",\"dateModified\":\"2026-04-09T14:49:34+00:00\",\"breadcrumb\":{\"@id\":\"https:\\\/\\\/www.talidesign.eu\\\/et\\\/pood\\\/toode\\\/fisura-kokkupandav-vihmavari-fcking-rain-kollane\\\/#breadcrumb\"},\"inLanguage\":\"et\",\"potentialAction\":[{\"@type\":\"ReadAction\",\"target\":[\"https:\\\/\\\/www.talidesign.eu\\\/et\\\/pood\\\/toode\\\/fisura-kokkupandav-vihmavari-fcking-rain-kollane\\\/\"]}]},{\"@type\":\"ImageObject\",\"inLanguage\":\"et\",\"@id\":\"https:\\\/\\\/www.talidesign.eu\\\/et\\\/pood\\\/toode\\\/fisura-kokkupandav-vihmavari-fcking-rain-kollane\\\/#primaryimage\",\"url\":\"https:\\\/\\\/www.talidesign.eu\\\/wp\\\/wp-content\\\/uploads\\\/2025\\\/07\\\/AUM2420458-p-002-min-scaled.jpeg\",\"contentUrl\":\"https:\\\/\\\/www.talidesign.eu\\\/wp\\\/wp-content\\\/uploads\\\/2025\\\/07\\\/AUM2420458-p-002-min-scaled.jpeg\",\"width\":2560,\"height\":2560},{\"@type\":\"BreadcrumbList\",\"@id\":\"https:\\\/\\\/www.talidesign.eu\\\/et\\\/pood\\\/toode\\\/fisura-kokkupandav-vihmavari-fcking-rain-kollane\\\/#breadcrumb\",\"itemListElement\":[{\"@type\":\"ListItem\",\"position\":1,\"name\":\"Avaleht\",\"item\":\"https:\\\/\\\/www.talidesign.eu\\\/et\\\/\"},{\"@type\":\"ListItem\",\"position\":2,\"name\":\"Pood\",\"item\":\"https:\\\/\\\/www.talidesign.eu\\\/et\\\/pood\\\/\"},{\"@type\":\"ListItem\",\"position\":3,\"name\":\"Fisura Kokkupandav vihmavari \u201cF*cking Rain\u201d Kollane\"}]},{\"@type\":\"WebSite\",\"@id\":\"https:\\\/\\\/www.talidesign.eu\\\/et\\\/#website\",\"url\":\"https:\\\/\\\/www.talidesign.eu\\\/et\\\/\",\"name\":\"TALI Concept Store\",\"description\":\"Suurim Disainipood Eestis\",\"potentialAction\":[{\"@type\":\"SearchAction\",\"target\":{\"@type\":\"EntryPoint\",\"urlTemplate\":\"https:\\\/\\\/www.talidesign.eu\\\/et\\\/?s={search_term_string}\"},\"query-input\":{\"@type\":\"PropertyValueSpecification\",\"valueRequired\":true,\"valueName\":\"search_term_string\"}}],\"inLanguage\":\"et\"}]}<\/script>\n<!-- \/ Yoast SEO plugin. -->","yoast_head_json":{"title":"Fisura Kokkupandav vihmavari \u201cF*cking Rain\u201d Kollane - TALI Concept Store","robots":{"index":"index","follow":"follow","max-snippet":"max-snippet:-1","max-image-preview":"max-image-preview:large","max-video-preview":"max-video-preview:-1"},"canonical":"https:\/\/www.talidesign.eu\/et\/pood\/toode\/fisura-kokkupandav-vihmavari-fcking-rain-kollane\/","og_locale":"et_EE","og_type":"article","og_title":"Fisura Kokkupandav vihmavari \u201cF*cking Rain\u201d Kollane - TALI Concept Store","og_description":"Kokkupandav vihmavari \u201cF*cking Rain\u201d Kollane  \u00c4ra lase vihmal oma plaane rikkuda! Haara see ainulaadne vihmavari, t\u00f5mba saapad jalga ja valluta maailm ka vihmasajus. Kollane v\u00e4rv ja julge s\u00f5num \u201cfucking rain\u201d lisavad sinu v\u00e4limusele l\u00f5busa ja \u00fcleannetu noodi ning n\u00e4itavad selgelt, et sa vihkad halba ilma.  \u2022 Kokkupanduna on vihmavari 20 cm pikk ja 6 cm lai. \u2022 Lahtiselt on vihmavarju l\u00e4bim\u00f5\u00f5t 96 cm ja k\u00f5rgus 56 cm. \u2022 Valmistatud pol\u00fcestrist, varrased on klaaskiust, mis muudab selle tuulekindlaks. \u2022 Varustatud automaatse avamis- ja sulgemisnupuga, et saaksid seda mugavalt \u00fche k\u00e4ega kasutada.  Meist  Fisura on loominguline kaubam\u00e4rk Le\u00f3nist Hispaaniast, mis keskendub l\u00f5busatele ja originaalsetele disainidele kodusisustuses ja kingitustes. Nende sihiks on r\u00f5\u00f5mu ja h\u00e4id emotsioone levitada ning \u00fcllatada inimesi oma innovaatiliste toodetega.  Fisura kirglik tiim \u00fchendab noorusliku energia ja peresarnase \u00fchtekuuluvuse, p\u00fc\u00fcdes alati saavutada seda t\u00f5elist \u201cwow-efekti\u201d.","og_url":"https:\/\/www.talidesign.eu\/et\/pood\/toode\/fisura-kokkupandav-vihmavari-fcking-rain-kollane\/","og_site_name":"TALI Concept Store","article_publisher":"https:\/\/www.facebook.com\/TaliDisain\/","article_modified_time":"2026-04-09T14:49:34+00:00","og_image":[{"width":2560,"height":2560,"url":"https:\/\/www.talidesign.eu\/wp\/wp-content\/uploads\/2025\/07\/AUM2420458-p-002-min-scaled.jpeg","type":"image\/jpeg"}],"twitter_card":"summary_large_image","twitter_misc":{"Est. reading time":"1 minute"},"schema":{"@context":"https:\/\/schema.org","@graph":[{"@type":"WebPage","@id":"https:\/\/www.talidesign.eu\/et\/pood\/toode\/fisura-kokkupandav-vihmavari-fcking-rain-kollane\/","url":"https:\/\/www.talidesign.eu\/et\/pood\/toode\/fisura-kokkupandav-vihmavari-fcking-rain-kollane\/","name":"Fisura Kokkupandav vihmavari \u201cF*cking Rain\u201d Kollane - TALI Concept Store","isPartOf":{"@id":"https:\/\/www.talidesign.eu\/et\/#website"},"primaryImageOfPage":{"@id":"https:\/\/www.talidesign.eu\/et\/pood\/toode\/fisura-kokkupandav-vihmavari-fcking-rain-kollane\/#primaryimage"},"image":{"@id":"https:\/\/www.talidesign.eu\/et\/pood\/toode\/fisura-kokkupandav-vihmavari-fcking-rain-kollane\/#primaryimage"},"thumbnailUrl":"https:\/\/www.talidesign.eu\/wp\/wp-content\/uploads\/2025\/07\/AUM2420458-p-002-min-scaled.jpeg","datePublished":"2025-07-14T09:40:34+00:00","dateModified":"2026-04-09T14:49:34+00:00","breadcrumb":{"@id":"https:\/\/www.talidesign.eu\/et\/pood\/toode\/fisura-kokkupandav-vihmavari-fcking-rain-kollane\/#breadcrumb"},"inLanguage":"et","potentialAction":[{"@type":"ReadAction","target":["https:\/\/www.talidesign.eu\/et\/pood\/toode\/fisura-kokkupandav-vihmavari-fcking-rain-kollane\/"]}]},{"@type":"ImageObject","inLanguage":"et","@id":"https:\/\/www.talidesign.eu\/et\/pood\/toode\/fisura-kokkupandav-vihmavari-fcking-rain-kollane\/#primaryimage","url":"https:\/\/www.talidesign.eu\/wp\/wp-content\/uploads\/2025\/07\/AUM2420458-p-002-min-scaled.jpeg","contentUrl":"https:\/\/www.talidesign.eu\/wp\/wp-content\/uploads\/2025\/07\/AUM2420458-p-002-min-scaled.jpeg","width":2560,"height":2560},{"@type":"BreadcrumbList","@id":"https:\/\/www.talidesign.eu\/et\/pood\/toode\/fisura-kokkupandav-vihmavari-fcking-rain-kollane\/#breadcrumb","itemListElement":[{"@type":"ListItem","position":1,"name":"Avaleht","item":"https:\/\/www.talidesign.eu\/et\/"},{"@type":"ListItem","position":2,"name":"Pood","item":"https:\/\/www.talidesign.eu\/et\/pood\/"},{"@type":"ListItem","position":3,"name":"Fisura Kokkupandav vihmavari \u201cF*cking Rain\u201d Kollane"}]},{"@type":"WebSite","@id":"https:\/\/www.talidesign.eu\/et\/#website","url":"https:\/\/www.talidesign.eu\/et\/","name":"TALI Concept Store","description":"Suurim Disainipood Eestis","potentialAction":[{"@type":"SearchAction","target":{"@type":"EntryPoint","urlTemplate":"https:\/\/www.talidesign.eu\/et\/?s={search_term_string}"},"query-input":{"@type":"PropertyValueSpecification","valueRequired":true,"valueName":"search_term_string"}}],"inLanguage":"et"}]}},"_links":{"self":[{"href":"https:\/\/www.talidesign.eu\/et\/wp-json\/wp\/v2\/product\/106330","targetHints":{"allow":["GET"]}}],"collection":[{"href":"https:\/\/www.talidesign.eu\/et\/wp-json\/wp\/v2\/product"}],"about":[{"href":"https:\/\/www.talidesign.eu\/et\/wp-json\/wp\/v2\/types\/product"}],"wp:featuredmedia":[{"embeddable":true,"href":"https:\/\/www.talidesign.eu\/et\/wp-json\/wp\/v2\/media\/106342"}],"wp:attachment":[{"href":"https:\/\/www.talidesign.eu\/et\/wp-json\/wp\/v2\/media?parent=106330"}],"wp:term":[{"taxonomy":"product_brand","embeddable":true,"href":"https:\/\/www.talidesign.eu\/et\/wp-json\/wp\/v2\/product_brand?post=106330"},{"taxonomy":"product_cat","embeddable":true,"href":"https:\/\/www.talidesign.eu\/et\/wp-json\/wp\/v2\/product_cat?post=106330"},{"taxonomy":"product_tag","embeddable":true,"href":"https:\/\/www.talidesign.eu\/et\/wp-json\/wp\/v2\/product_tag?post=106330"}],"curies":[{"name":"wp","href":"https:\/\/api.w.org\/{rel}","templated":true}]}}