{"id":106517,"date":"2025-07-23T23:14:56","date_gmt":"2025-07-23T20:14:56","guid":{"rendered":"https:\/\/www.talidesign.eu\/?post_type=product&#038;p=106517"},"modified":"2026-03-23T15:58:54","modified_gmt":"2026-03-23T13:58:54","slug":"maison-matine-parfuum-ukhu-pacha-50ml","status":"publish","type":"product","link":"https:\/\/www.talidesign.eu\/et\/pood\/toode\/maison-matine-parfuum-ukhu-pacha-50ml\/","title":{"rendered":"Maison Matine Parf\u00fc\u00fcm Ukhu Pacha 50ml"},"content":{"rendered":"<p><strong>Parf\u00fc\u00fcm Ukhu Pacha<\/strong><\/p>\n<p>V\u00f5rgutav l\u00f5hn, kus kohtuvad mahlasus, p\u00e4ikesesoojus ja \u00f5rn meresoolasus<\/p>\n<p>\u2022 50 ml<br \/>\n\u2022 Tipunoodid: Itaalia bergamot, soolane meresprei, kookos<br \/>\n\u2022 S\u00fcdamenoodid: Brasiilia tonkauba, apelsini\u00f5is, muguljas l\u00f5hnalill (tuberoos), jasmiin, ilang-ilang<br \/>\n\u2022 P\u00f5hjanoodid: triivpuit, pralinee, vanill<br \/>\n\u2022 Orgaanilisest nisust toodetud alkohol<br \/>\n\u2022 Taaskasutatud ja taaskasutatav pakend<br \/>\n\u2022 Loodud Pariisis, valmistatud Prantsusmaal<br \/>\n\u2022 <a href=\"https:\/\/www.talidesign.eu\/et\/tootekategooria\/brandid\/maison-matine-et\/\">Br\u00e4nd Maison Matine<\/a><\/p>\n<p><strong>Koostisained<\/strong><\/p>\n<p>alcoholdenat, parfum (fragrance), aqua (water), tetramethylacetyloctahydronaphthalenes, linalool, vanillin, geranylacetate, juniperusvirginianaoil, coumarin, citrusaurantiumbergamia (bergamot) peel oil, amylsalicylate, limonene, pogostemoncablin oil, tocopherol, linalylacetate, benzaldehyde, roseketones, pinene, beta-caryophyllene, hexadecanolactone, methylbenzoate, citronellol<\/p>\n<p>* Parf\u00fc\u00fcmi kasutatav alkohol on toodetud looduslikust nisust.<\/p>\n<p><strong>Br\u00e4ndist<\/strong><\/p>\n<p>Meie inspireerivad, vastutustundlikud ja helded l\u00f5hnad on loonud Prantsuse uue p\u00f5lvkonna p\u00fchendunud parf\u00fcmeerid.<\/p>\n<p>Vaba ja l\u00f5busana p\u00f6\u00f6rdume p\u00f5lvkonna poole, kes otsib iseseisvust ja loovust. <\/p>\n<p>Nisust toodetud alkohol on p\u00e4rit mahep\u00f5llumajandusest ning koostisainete kogumisel on arvestatud looduse ja tootjatega.<\/p>\n<p>Meie pakendid on valmistatud taaskasutatud ja taaskasutatavatest pappkarpidest, olles lihtsad ja t\u00f5husad. \u00dclepakendamise ja raiskamise v\u00e4ltimiseks ei kasuta me tsellofaani.<\/p>\n<p>Meie parf\u00fc\u00fcmid on loodud ja valmistatud <strong>Prantsusmaal<\/strong>, t\u00e4psemalt Pariisis ja Chartres\u02bcs.<\/p>\n<p><a href=\"\/product-category\/designers\/maison-matine\/\"><img loading=\"lazy\" decoding=\"async\" src=\"https:\/\/www.talidesign.eu\/wp\/wp-content\/uploads\/2022\/02\/maison-matine-into-the-wild-50ml.jpg\" alt=\"\" width=\"500\" height=\"100\" class=\"alignnone size-full wp-image-51839\" \/><\/a><\/p>\n","protected":false},"excerpt":{"rendered":"<p><strong>Parf\u00fc\u00fcm Ukhu Pacha<\/strong><\/p>\n<p>V\u00f5rgutav l\u00f5hn, kus kohtuvad mahlasus, p\u00e4ikesesoojus ja \u00f5rn meresoolasus<\/p>\n<p>\u2022 50 ml<br \/>\n\u2022 Tipunoodid: Itaalia bergamot, soolane meresprei, kookos<br \/>\n\u2022 S\u00fcdamenoodid: Brasiilia tonkauba, apelsini\u00f5is, muguljas l\u00f5hnalill (tuberoos), jasmiin, ilang-ilang<br \/>\n\u2022 P\u00f5hjanoodid: triivpuit, pralinee, vanill<br \/>\n\u2022 Orgaanilisest nisust toodetud alkohol<br \/>\n\u2022 Taaskasutatud ja taaskasutatav pakend<br \/>\n\u2022 Loodud Pariisis, valmistatud Prantsusmaal<br \/>\n\u2022 <a href=\"https:\/\/www.talidesign.eu\/et\/tootekategooria\/brandid\/maison-matine-et\/\">Br\u00e4nd Maison Matine<\/a><\/p>\n<p><strong>Koostisained<\/strong><\/p>\n<p>alcoholdenat, parfum (fragrance), aqua (water), tetramethylacetyloctahydronaphthalenes, linalool, vanillin, geranylacetate, juniperusvirginianaoil, coumarin, citrusaurantiumbergamia (bergamot) peel oil, amylsalicylate, limonene, pogostemoncablin oil, tocopherol, linalylacetate, benzaldehyde, roseketones, pinene, beta-caryophyllene, hexadecanolactone, methylbenzoate, citronellol<\/p>\n<p>* Parf\u00fc\u00fcmi kasutatav alkohol on toodetud looduslikust nisust.<\/p>\n<p><strong>Br\u00e4ndist<\/strong><\/p>\n<p>Meie inspireerivad, vastutustundlikud ja helded l\u00f5hnad on loonud Prantsuse uue p\u00f5lvkonna p\u00fchendunud parf\u00fcmeerid.<\/p>\n<p>Vaba ja l\u00f5busana p\u00f6\u00f6rdume p\u00f5lvkonna poole, kes otsib iseseisvust ja loovust. <\/p>\n<p>Nisust toodetud alkohol on p\u00e4rit mahep\u00f5llumajandusest ning koostisainete kogumisel on arvestatud looduse ja tootjatega.<\/p>\n<p>Meie pakendid on valmistatud taaskasutatud ja taaskasutatavatest pappkarpidest, olles lihtsad ja t\u00f5husad. \u00dclepakendamise ja raiskamise v\u00e4ltimiseks ei kasuta me tsellofaani.<\/p>\n<p>Meie parf\u00fc\u00fcmid on loodud ja valmistatud <strong>Prantsusmaal<\/strong>, t\u00e4psemalt Pariisis ja Chartres\u02bcs.<\/p>\n<p><a href=\"\/product-category\/designers\/maison-matine\/\"><img loading=\"lazy\" decoding=\"async\" src=\"https:\/\/www.talidesign.eu\/wp\/wp-content\/uploads\/2022\/02\/maison-matine-into-the-wild-50ml.jpg\" alt=\"\" width=\"500\" height=\"100\" class=\"alignnone size-full wp-image-51839\" \/><\/a><\/p>\n","protected":false},"featured_media":106508,"template":"","meta":[],"product_brand":[],"product_cat":[2123,1145],"product_tag":[2135],"class_list":{"0":"post-106517","1":"product","2":"type-product","3":"status-publish","4":"has-post-thumbnail","6":"product_cat-maison-matine-et","7":"product_cat-parfuumid","8":"product_tag-maison-matine-et","10":"first","11":"instock","12":"taxable","13":"shipping-taxable","14":"purchasable","15":"product-type-simple"},"yoast_head":"<!-- This site is optimized with the Yoast SEO plugin v27.3 - https:\/\/yoast.com\/product\/yoast-seo-wordpress\/ -->\n<title>Maison Matine Parf\u00fc\u00fcm Ukhu Pacha 50ml - TALI Concept Store<\/title>\n<meta name=\"robots\" content=\"index, follow, max-snippet:-1, max-image-preview:large, max-video-preview:-1\" \/>\n<link rel=\"canonical\" href=\"https:\/\/www.talidesign.eu\/et\/pood\/toode\/maison-matine-parfuum-ukhu-pacha-50ml\/\" \/>\n<meta property=\"og:locale\" content=\"et_EE\" \/>\n<meta property=\"og:type\" content=\"article\" \/>\n<meta property=\"og:title\" content=\"Maison Matine Parf\u00fc\u00fcm Ukhu Pacha 50ml - TALI Concept Store\" \/>\n<meta property=\"og:description\" content=\"Parf\u00fc\u00fcm Ukhu Pacha  V\u00f5rgutav l\u00f5hn, kus kohtuvad mahlasus, p\u00e4ikesesoojus ja \u00f5rn meresoolasus  \u2022 50 ml \u2022 Tipunoodid: Itaalia bergamot, soolane meresprei, kookos \u2022 S\u00fcdamenoodid: Brasiilia tonkauba, apelsini\u00f5is, muguljas l\u00f5hnalill (tuberoos), jasmiin, ilang-ilang \u2022 P\u00f5hjanoodid: triivpuit, pralinee, vanill \u2022 Orgaanilisest nisust toodetud alkohol \u2022 Taaskasutatud ja taaskasutatav pakend \u2022 Loodud Pariisis, valmistatud Prantsusmaal \u2022 Br\u00e4nd Maison Matine  Koostisained  alcoholdenat, parfum (fragrance), aqua (water), tetramethylacetyloctahydronaphthalenes, linalool, vanillin, geranylacetate, juniperusvirginianaoil, coumarin, citrusaurantiumbergamia (bergamot) peel oil, amylsalicylate, limonene, pogostemoncablin oil, tocopherol, linalylacetate, benzaldehyde, roseketones, pinene, beta-caryophyllene, hexadecanolactone, methylbenzoate, citronellol  * Parf\u00fc\u00fcmi kasutatav alkohol on toodetud looduslikust nisust.  Br\u00e4ndist  Meie inspireerivad, vastutustundlikud ja helded l\u00f5hnad on loonud Prantsuse uue p\u00f5lvkonna p\u00fchendunud parf\u00fcmeerid.  Vaba ja l\u00f5busana p\u00f6\u00f6rdume p\u00f5lvkonna poole, kes otsib iseseisvust ja loovust.   Nisust toodetud alkohol on p\u00e4rit mahep\u00f5llumajandusest ning koostisainete kogumisel on arvestatud looduse ja tootjatega.  Meie pakendid on valmistatud taaskasutatud ja taaskasutatavatest pappkarpidest, olles lihtsad ja t\u00f5husad. \u00dclepakendamise ja raiskamise v\u00e4ltimiseks ei kasuta me tsellofaani.  Meie parf\u00fc\u00fcmid on loodud ja valmistatud Prantsusmaal, t\u00e4psemalt Pariisis ja Chartres\u02bcs.\" \/>\n<meta property=\"og:url\" content=\"https:\/\/www.talidesign.eu\/et\/pood\/toode\/maison-matine-parfuum-ukhu-pacha-50ml\/\" \/>\n<meta property=\"og:site_name\" content=\"TALI Concept Store\" \/>\n<meta property=\"article:publisher\" content=\"https:\/\/www.facebook.com\/TaliDisain\/\" \/>\n<meta property=\"article:modified_time\" content=\"2026-03-23T13:58:54+00:00\" \/>\n<meta property=\"og:image\" content=\"https:\/\/www.talidesign.eu\/wp\/wp-content\/uploads\/2025\/07\/maison-matine-ukhu-pacha.jpg\" \/>\n\t<meta property=\"og:image:width\" content=\"768\" \/>\n\t<meta property=\"og:image:height\" content=\"768\" \/>\n\t<meta property=\"og:image:type\" content=\"image\/jpeg\" \/>\n<meta name=\"twitter:card\" content=\"summary_large_image\" \/>\n<meta name=\"twitter:label1\" content=\"Est. reading time\" \/>\n\t<meta name=\"twitter:data1\" content=\"2 minutes\" \/>\n<script type=\"application\/ld+json\" class=\"yoast-schema-graph\">{\"@context\":\"https:\\\/\\\/schema.org\",\"@graph\":[{\"@type\":\"WebPage\",\"@id\":\"https:\\\/\\\/www.talidesign.eu\\\/et\\\/pood\\\/toode\\\/maison-matine-parfuum-ukhu-pacha-50ml\\\/\",\"url\":\"https:\\\/\\\/www.talidesign.eu\\\/et\\\/pood\\\/toode\\\/maison-matine-parfuum-ukhu-pacha-50ml\\\/\",\"name\":\"Maison Matine Parf\u00fc\u00fcm Ukhu Pacha 50ml - TALI Concept Store\",\"isPartOf\":{\"@id\":\"https:\\\/\\\/www.talidesign.eu\\\/et\\\/#website\"},\"primaryImageOfPage\":{\"@id\":\"https:\\\/\\\/www.talidesign.eu\\\/et\\\/pood\\\/toode\\\/maison-matine-parfuum-ukhu-pacha-50ml\\\/#primaryimage\"},\"image\":{\"@id\":\"https:\\\/\\\/www.talidesign.eu\\\/et\\\/pood\\\/toode\\\/maison-matine-parfuum-ukhu-pacha-50ml\\\/#primaryimage\"},\"thumbnailUrl\":\"https:\\\/\\\/www.talidesign.eu\\\/wp\\\/wp-content\\\/uploads\\\/2025\\\/07\\\/maison-matine-ukhu-pacha.jpg\",\"datePublished\":\"2025-07-23T20:14:56+00:00\",\"dateModified\":\"2026-03-23T13:58:54+00:00\",\"breadcrumb\":{\"@id\":\"https:\\\/\\\/www.talidesign.eu\\\/et\\\/pood\\\/toode\\\/maison-matine-parfuum-ukhu-pacha-50ml\\\/#breadcrumb\"},\"inLanguage\":\"et\",\"potentialAction\":[{\"@type\":\"ReadAction\",\"target\":[\"https:\\\/\\\/www.talidesign.eu\\\/et\\\/pood\\\/toode\\\/maison-matine-parfuum-ukhu-pacha-50ml\\\/\"]}]},{\"@type\":\"ImageObject\",\"inLanguage\":\"et\",\"@id\":\"https:\\\/\\\/www.talidesign.eu\\\/et\\\/pood\\\/toode\\\/maison-matine-parfuum-ukhu-pacha-50ml\\\/#primaryimage\",\"url\":\"https:\\\/\\\/www.talidesign.eu\\\/wp\\\/wp-content\\\/uploads\\\/2025\\\/07\\\/maison-matine-ukhu-pacha.jpg\",\"contentUrl\":\"https:\\\/\\\/www.talidesign.eu\\\/wp\\\/wp-content\\\/uploads\\\/2025\\\/07\\\/maison-matine-ukhu-pacha.jpg\",\"width\":768,\"height\":768},{\"@type\":\"BreadcrumbList\",\"@id\":\"https:\\\/\\\/www.talidesign.eu\\\/et\\\/pood\\\/toode\\\/maison-matine-parfuum-ukhu-pacha-50ml\\\/#breadcrumb\",\"itemListElement\":[{\"@type\":\"ListItem\",\"position\":1,\"name\":\"Avaleht\",\"item\":\"https:\\\/\\\/www.talidesign.eu\\\/et\\\/\"},{\"@type\":\"ListItem\",\"position\":2,\"name\":\"Pood\",\"item\":\"https:\\\/\\\/www.talidesign.eu\\\/et\\\/pood\\\/\"},{\"@type\":\"ListItem\",\"position\":3,\"name\":\"Maison Matine Parf\u00fc\u00fcm Ukhu Pacha 50ml\"}]},{\"@type\":\"WebSite\",\"@id\":\"https:\\\/\\\/www.talidesign.eu\\\/et\\\/#website\",\"url\":\"https:\\\/\\\/www.talidesign.eu\\\/et\\\/\",\"name\":\"TALI Concept Store\",\"description\":\"Suurim Disainipood Eestis\",\"potentialAction\":[{\"@type\":\"SearchAction\",\"target\":{\"@type\":\"EntryPoint\",\"urlTemplate\":\"https:\\\/\\\/www.talidesign.eu\\\/et\\\/?s={search_term_string}\"},\"query-input\":{\"@type\":\"PropertyValueSpecification\",\"valueRequired\":true,\"valueName\":\"search_term_string\"}}],\"inLanguage\":\"et\"}]}<\/script>\n<!-- \/ Yoast SEO plugin. -->","yoast_head_json":{"title":"Maison Matine Parf\u00fc\u00fcm Ukhu Pacha 50ml - TALI Concept Store","robots":{"index":"index","follow":"follow","max-snippet":"max-snippet:-1","max-image-preview":"max-image-preview:large","max-video-preview":"max-video-preview:-1"},"canonical":"https:\/\/www.talidesign.eu\/et\/pood\/toode\/maison-matine-parfuum-ukhu-pacha-50ml\/","og_locale":"et_EE","og_type":"article","og_title":"Maison Matine Parf\u00fc\u00fcm Ukhu Pacha 50ml - TALI Concept Store","og_description":"Parf\u00fc\u00fcm Ukhu Pacha  V\u00f5rgutav l\u00f5hn, kus kohtuvad mahlasus, p\u00e4ikesesoojus ja \u00f5rn meresoolasus  \u2022 50 ml \u2022 Tipunoodid: Itaalia bergamot, soolane meresprei, kookos \u2022 S\u00fcdamenoodid: Brasiilia tonkauba, apelsini\u00f5is, muguljas l\u00f5hnalill (tuberoos), jasmiin, ilang-ilang \u2022 P\u00f5hjanoodid: triivpuit, pralinee, vanill \u2022 Orgaanilisest nisust toodetud alkohol \u2022 Taaskasutatud ja taaskasutatav pakend \u2022 Loodud Pariisis, valmistatud Prantsusmaal \u2022 Br\u00e4nd Maison Matine  Koostisained  alcoholdenat, parfum (fragrance), aqua (water), tetramethylacetyloctahydronaphthalenes, linalool, vanillin, geranylacetate, juniperusvirginianaoil, coumarin, citrusaurantiumbergamia (bergamot) peel oil, amylsalicylate, limonene, pogostemoncablin oil, tocopherol, linalylacetate, benzaldehyde, roseketones, pinene, beta-caryophyllene, hexadecanolactone, methylbenzoate, citronellol  * Parf\u00fc\u00fcmi kasutatav alkohol on toodetud looduslikust nisust.  Br\u00e4ndist  Meie inspireerivad, vastutustundlikud ja helded l\u00f5hnad on loonud Prantsuse uue p\u00f5lvkonna p\u00fchendunud parf\u00fcmeerid.  Vaba ja l\u00f5busana p\u00f6\u00f6rdume p\u00f5lvkonna poole, kes otsib iseseisvust ja loovust.   Nisust toodetud alkohol on p\u00e4rit mahep\u00f5llumajandusest ning koostisainete kogumisel on arvestatud looduse ja tootjatega.  Meie pakendid on valmistatud taaskasutatud ja taaskasutatavatest pappkarpidest, olles lihtsad ja t\u00f5husad. \u00dclepakendamise ja raiskamise v\u00e4ltimiseks ei kasuta me tsellofaani.  Meie parf\u00fc\u00fcmid on loodud ja valmistatud Prantsusmaal, t\u00e4psemalt Pariisis ja Chartres\u02bcs.","og_url":"https:\/\/www.talidesign.eu\/et\/pood\/toode\/maison-matine-parfuum-ukhu-pacha-50ml\/","og_site_name":"TALI Concept Store","article_publisher":"https:\/\/www.facebook.com\/TaliDisain\/","article_modified_time":"2026-03-23T13:58:54+00:00","og_image":[{"width":768,"height":768,"url":"https:\/\/www.talidesign.eu\/wp\/wp-content\/uploads\/2025\/07\/maison-matine-ukhu-pacha.jpg","type":"image\/jpeg"}],"twitter_card":"summary_large_image","twitter_misc":{"Est. reading time":"2 minutes"},"schema":{"@context":"https:\/\/schema.org","@graph":[{"@type":"WebPage","@id":"https:\/\/www.talidesign.eu\/et\/pood\/toode\/maison-matine-parfuum-ukhu-pacha-50ml\/","url":"https:\/\/www.talidesign.eu\/et\/pood\/toode\/maison-matine-parfuum-ukhu-pacha-50ml\/","name":"Maison Matine Parf\u00fc\u00fcm Ukhu Pacha 50ml - TALI Concept Store","isPartOf":{"@id":"https:\/\/www.talidesign.eu\/et\/#website"},"primaryImageOfPage":{"@id":"https:\/\/www.talidesign.eu\/et\/pood\/toode\/maison-matine-parfuum-ukhu-pacha-50ml\/#primaryimage"},"image":{"@id":"https:\/\/www.talidesign.eu\/et\/pood\/toode\/maison-matine-parfuum-ukhu-pacha-50ml\/#primaryimage"},"thumbnailUrl":"https:\/\/www.talidesign.eu\/wp\/wp-content\/uploads\/2025\/07\/maison-matine-ukhu-pacha.jpg","datePublished":"2025-07-23T20:14:56+00:00","dateModified":"2026-03-23T13:58:54+00:00","breadcrumb":{"@id":"https:\/\/www.talidesign.eu\/et\/pood\/toode\/maison-matine-parfuum-ukhu-pacha-50ml\/#breadcrumb"},"inLanguage":"et","potentialAction":[{"@type":"ReadAction","target":["https:\/\/www.talidesign.eu\/et\/pood\/toode\/maison-matine-parfuum-ukhu-pacha-50ml\/"]}]},{"@type":"ImageObject","inLanguage":"et","@id":"https:\/\/www.talidesign.eu\/et\/pood\/toode\/maison-matine-parfuum-ukhu-pacha-50ml\/#primaryimage","url":"https:\/\/www.talidesign.eu\/wp\/wp-content\/uploads\/2025\/07\/maison-matine-ukhu-pacha.jpg","contentUrl":"https:\/\/www.talidesign.eu\/wp\/wp-content\/uploads\/2025\/07\/maison-matine-ukhu-pacha.jpg","width":768,"height":768},{"@type":"BreadcrumbList","@id":"https:\/\/www.talidesign.eu\/et\/pood\/toode\/maison-matine-parfuum-ukhu-pacha-50ml\/#breadcrumb","itemListElement":[{"@type":"ListItem","position":1,"name":"Avaleht","item":"https:\/\/www.talidesign.eu\/et\/"},{"@type":"ListItem","position":2,"name":"Pood","item":"https:\/\/www.talidesign.eu\/et\/pood\/"},{"@type":"ListItem","position":3,"name":"Maison Matine Parf\u00fc\u00fcm Ukhu Pacha 50ml"}]},{"@type":"WebSite","@id":"https:\/\/www.talidesign.eu\/et\/#website","url":"https:\/\/www.talidesign.eu\/et\/","name":"TALI Concept Store","description":"Suurim Disainipood Eestis","potentialAction":[{"@type":"SearchAction","target":{"@type":"EntryPoint","urlTemplate":"https:\/\/www.talidesign.eu\/et\/?s={search_term_string}"},"query-input":{"@type":"PropertyValueSpecification","valueRequired":true,"valueName":"search_term_string"}}],"inLanguage":"et"}]}},"_links":{"self":[{"href":"https:\/\/www.talidesign.eu\/et\/wp-json\/wp\/v2\/product\/106517","targetHints":{"allow":["GET"]}}],"collection":[{"href":"https:\/\/www.talidesign.eu\/et\/wp-json\/wp\/v2\/product"}],"about":[{"href":"https:\/\/www.talidesign.eu\/et\/wp-json\/wp\/v2\/types\/product"}],"wp:featuredmedia":[{"embeddable":true,"href":"https:\/\/www.talidesign.eu\/et\/wp-json\/wp\/v2\/media\/106508"}],"wp:attachment":[{"href":"https:\/\/www.talidesign.eu\/et\/wp-json\/wp\/v2\/media?parent=106517"}],"wp:term":[{"taxonomy":"product_brand","embeddable":true,"href":"https:\/\/www.talidesign.eu\/et\/wp-json\/wp\/v2\/product_brand?post=106517"},{"taxonomy":"product_cat","embeddable":true,"href":"https:\/\/www.talidesign.eu\/et\/wp-json\/wp\/v2\/product_cat?post=106517"},{"taxonomy":"product_tag","embeddable":true,"href":"https:\/\/www.talidesign.eu\/et\/wp-json\/wp\/v2\/product_tag?post=106517"}],"curies":[{"name":"wp","href":"https:\/\/api.w.org\/{rel}","templated":true}]}}