{"id":106708,"date":"2025-08-03T08:45:26","date_gmt":"2025-08-03T05:45:26","guid":{"rendered":"https:\/\/www.talidesign.eu\/?post_type=product&#038;p=106708"},"modified":"2026-04-11T14:56:29","modified_gmt":"2026-04-11T11:56:29","slug":"umbra-dachsie-sormusehoidja-chrome","status":"publish","type":"product","link":"https:\/\/www.talidesign.eu\/et\/pood\/toode\/umbra-dachsie-sormusehoidja-chrome\/","title":{"rendered":"Umbra Dachsie s\u00f5rmusehoidja Chrome"},"content":{"rendered":"<p><strong>Dachsie s\u00f5rmusehoidja Chrome<\/strong><\/p>\n<p>Umbra Dachsie s\u00f5rmusehoidja on m\u00e4nguline ja samas praktiline austusavaldus taksikoerte f\u00e4nnidele. Vastupidavast valumetallist valmistatud ja k\u00e4sitsi poleeritud metallikviimistlusega Dachsie on enamat kui lihtsalt armas kujuke \u2013 see on loodud hoidma sinu s\u00f5rmuseid turvaliselt ning lisama interj\u00f6\u00f6rile stiilset aktsenti. Pehme sametvoodriga p\u00f5hi kaitseb ehteid kriimustuste eest ja toob luksuslikku ilmet sinu \u00f6\u00f6kapile, kummutile v\u00f5i t\u00f6\u00f6pinnale. Mahutades kuni 10 s\u00f5rmust v\u00f5i k\u00f5rvar\u00f5ngast, on see v\u00f5luv v\u00e4ike kutsu nii ehetes\u00f5pradele kui ka koeras\u00f5pradele ideaalne ja l\u00e4bim\u00f5eldud kingitus. Iga hoidja on k\u00e4sitsi poleeritud, mis teeb iga Dachsie ainulaadseks \u2013 viimistluse kerged variatsioonid on osa selle k\u00e4sit\u00f6\u00f6v\u00f5lust.<\/p>\n<ul>\n<li><strong>M\u00e4nguline taksikujundus<br \/>\n<\/strong>Inspireeritud armastatud taksikoerast, toob Dachsie sinu ehtehoidlasse iseloomu ja sarmi.<\/li>\n<li><strong>Mahutab kuni 10 s\u00f5rmust<br \/>\n<\/strong>T\u00e4iuslik suurus, et hoida korrastatult mitu s\u00f5rmust ja k\u00f5rvar\u00f5ngast, k\u00f5ik alati k\u00e4eulatuses.<\/li>\n<li><strong>Sametvoodriga p\u00f5hi<br \/>\n<\/strong>Kaitseb ehteid kriimude eest ja hoiab pinnad kahjustuste vabad.<\/li>\n<li><strong>L\u00e4bim\u00f5eldud kingitus<br \/>\n<\/strong>Taskukohane ja armas \u00fcllatus s\u00f5brap\u00e4evaks, emadep\u00e4evaks, s\u00fcnnip\u00e4evaks v\u00f5i m\u00f5neks muuks eriliseks hetkeks.<\/li>\n<\/ul>\n<p>\u2022 Materjal: valumetall, sametp\u00f5hi<br \/>\n\u2022 Mahutavus: kuni 10 s\u00f5rmust ja\/v\u00f5i k\u00f5rvar\u00f5ngast<br \/>\n\u2022 <a href=\"https:\/\/www.talidesign.eu\/et\/tootekategooria\/brandid\/umbra-et\/\">Br\u00e4nd Umbra<\/a><\/p>\n<p><strong>Meist<\/strong><\/p>\n<p>1979. aastal alguse saanud \u00fche lihtsa aknakardinaga s\u00fcndis Umbra kirest originaalse disaini ja taskukohase, kaasaegse stiili vastu. Kaasasutajad Les Mandelbaum ja Paul Rowan n\u00e4gid vajadust luua loomingulisi ja soodsaid tooteid, mis sobiksid igasse koju.<\/p>\n<p>T\u00e4naseks on Torontos, Kanadas asuv Umbra kasvanud rahvusvaheliseks disainiliidriks, tegutsedes enam kui 120 riigis ja omades esindusi Euroopas, P\u00f5hja- ja L\u00f5una-Ameerikas ning Aasias. Innovatsioonist kantuna toob meie rahvusvaheline disainitiim igap\u00e4evaesemetesse v\u00e4rsket loomingulisust ja uusi ideid, seades kaasaegsele disainile uusi standardeid.<\/p>\n<p><a href=\"https:\/\/www.talidesign.eu\/et\/tootekategooria\/brandid\/umbra-et\/\"><img loading=\"lazy\" decoding=\"async\" class=\"alignnone size-full wp-image-93263\" src=\"https:\/\/www.talidesign.eu\/wp\/wp-content\/uploads\/2024\/10\/umbralogo-1.jpg\" alt=\"\" width=\"500\" height=\"100\" \/><\/a><\/p>\n","protected":false},"excerpt":{"rendered":"<p><strong>Dachsie s\u00f5rmusehoidja Chrome<\/strong><\/p>\n<p>Umbra Dachsie s\u00f5rmusehoidja on m\u00e4nguline ja samas praktiline austusavaldus taksikoerte f\u00e4nnidele. Vastupidavast valumetallist valmistatud ja k\u00e4sitsi poleeritud metallikviimistlusega Dachsie on enamat kui lihtsalt armas kujuke \u2013 see on loodud hoidma sinu s\u00f5rmuseid turvaliselt ning lisama interj\u00f6\u00f6rile stiilset aktsenti. Pehme sametvoodriga p\u00f5hi kaitseb ehteid kriimustuste eest ja toob luksuslikku ilmet sinu \u00f6\u00f6kapile, kummutile v\u00f5i t\u00f6\u00f6pinnale. Mahutades kuni 10 s\u00f5rmust v\u00f5i k\u00f5rvar\u00f5ngast, on see v\u00f5luv v\u00e4ike kutsu nii ehetes\u00f5pradele kui ka koeras\u00f5pradele ideaalne ja l\u00e4bim\u00f5eldud kingitus. Iga hoidja on k\u00e4sitsi poleeritud, mis teeb iga Dachsie ainulaadseks \u2013 viimistluse kerged variatsioonid on osa selle k\u00e4sit\u00f6\u00f6v\u00f5lust.<\/p>\n<ul>\n<li><strong>M\u00e4nguline taksikujundus<br \/>\n<\/strong>Inspireeritud armastatud taksikoerast, toob Dachsie sinu ehtehoidlasse iseloomu ja sarmi.<\/li>\n<li><strong>Mahutab kuni 10 s\u00f5rmust<br \/>\n<\/strong>T\u00e4iuslik suurus, et hoida korrastatult mitu s\u00f5rmust ja k\u00f5rvar\u00f5ngast, k\u00f5ik alati k\u00e4eulatuses.<\/li>\n<li><strong>Sametvoodriga p\u00f5hi<br \/>\n<\/strong>Kaitseb ehteid kriimude eest ja hoiab pinnad kahjustuste vabad.<\/li>\n<li><strong>L\u00e4bim\u00f5eldud kingitus<br \/>\n<\/strong>Taskukohane ja armas \u00fcllatus s\u00f5brap\u00e4evaks, emadep\u00e4evaks, s\u00fcnnip\u00e4evaks v\u00f5i m\u00f5neks muuks eriliseks hetkeks.<\/li>\n<\/ul>\n<p>\u2022 Materjal: valumetall, sametp\u00f5hi<br \/>\n\u2022 Mahutavus: kuni 10 s\u00f5rmust ja\/v\u00f5i k\u00f5rvar\u00f5ngast<br \/>\n\u2022 <a href=\"https:\/\/www.talidesign.eu\/et\/tootekategooria\/brandid\/umbra-et\/\">Br\u00e4nd Umbra<\/a><\/p>\n<p><strong>Meist<\/strong><\/p>\n<p>1979. aastal alguse saanud \u00fche lihtsa aknakardinaga s\u00fcndis Umbra kirest originaalse disaini ja taskukohase, kaasaegse stiili vastu. Kaasasutajad Les Mandelbaum ja Paul Rowan n\u00e4gid vajadust luua loomingulisi ja soodsaid tooteid, mis sobiksid igasse koju.<\/p>\n<p>T\u00e4naseks on Torontos, Kanadas asuv Umbra kasvanud rahvusvaheliseks disainiliidriks, tegutsedes enam kui 120 riigis ja omades esindusi Euroopas, P\u00f5hja- ja L\u00f5una-Ameerikas ning Aasias. Innovatsioonist kantuna toob meie rahvusvaheline disainitiim igap\u00e4evaesemetesse v\u00e4rsket loomingulisust ja uusi ideid, seades kaasaegsele disainile uusi standardeid.<\/p>\n<p><a href=\"https:\/\/www.talidesign.eu\/et\/tootekategooria\/brandid\/umbra-et\/\"><img loading=\"lazy\" decoding=\"async\" class=\"alignnone size-full wp-image-93263\" src=\"https:\/\/www.talidesign.eu\/wp\/wp-content\/uploads\/2024\/10\/umbralogo-1.jpg\" alt=\"\" width=\"500\" height=\"100\" \/><\/a><\/p>\n","protected":false},"featured_media":106716,"template":"","meta":[],"product_brand":[],"product_cat":[1026,1165,1107,1031,1018,3350],"product_tag":[3356],"class_list":{"0":"post-106708","1":"product","2":"type-product","3":"status-publish","4":"has-post-thumbnail","6":"product_cat-brandid","7":"product_cat-ehtelaekad-et","8":"product_cat-ehtelaekad","9":"product_cat-hoiustamine","10":"product_cat-kodu","11":"product_cat-umbra-et","12":"product_tag-umbra-et","14":"first","15":"instock","16":"taxable","17":"shipping-taxable","18":"purchasable","19":"product-type-simple"},"yoast_head":"<!-- This site is optimized with the Yoast SEO plugin v27.3 - https:\/\/yoast.com\/product\/yoast-seo-wordpress\/ -->\n<title>Umbra Dachsie s\u00f5rmusehoidja Chrome - TALI Concept Store<\/title>\n<meta name=\"robots\" content=\"index, follow, max-snippet:-1, max-image-preview:large, max-video-preview:-1\" \/>\n<link rel=\"canonical\" href=\"https:\/\/www.talidesign.eu\/et\/pood\/toode\/umbra-dachsie-sormusehoidja-chrome\/\" \/>\n<meta property=\"og:locale\" content=\"et_EE\" \/>\n<meta property=\"og:type\" content=\"article\" \/>\n<meta property=\"og:title\" content=\"Umbra Dachsie s\u00f5rmusehoidja Chrome - TALI Concept Store\" \/>\n<meta property=\"og:description\" content=\"Dachsie s\u00f5rmusehoidja Chrome  Umbra Dachsie s\u00f5rmusehoidja on m\u00e4nguline ja samas praktiline austusavaldus taksikoerte f\u00e4nnidele. Vastupidavast valumetallist valmistatud ja k\u00e4sitsi poleeritud metallikviimistlusega Dachsie on enamat kui lihtsalt armas kujuke \u2013 see on loodud hoidma sinu s\u00f5rmuseid turvaliselt ning lisama interj\u00f6\u00f6rile stiilset aktsenti. Pehme sametvoodriga p\u00f5hi kaitseb ehteid kriimustuste eest ja toob luksuslikku ilmet sinu \u00f6\u00f6kapile, kummutile v\u00f5i t\u00f6\u00f6pinnale. Mahutades kuni 10 s\u00f5rmust v\u00f5i k\u00f5rvar\u00f5ngast, on see v\u00f5luv v\u00e4ike kutsu nii ehetes\u00f5pradele kui ka koeras\u00f5pradele ideaalne ja l\u00e4bim\u00f5eldud kingitus. Iga hoidja on k\u00e4sitsi poleeritud, mis teeb iga Dachsie ainulaadseks \u2013 viimistluse kerged variatsioonid on osa selle k\u00e4sit\u00f6\u00f6v\u00f5lust.   M\u00e4nguline taksikujundus Inspireeritud armastatud taksikoerast, toob Dachsie sinu ehtehoidlasse iseloomu ja sarmi.  Mahutab kuni 10 s\u00f5rmust T\u00e4iuslik suurus, et hoida korrastatult mitu s\u00f5rmust ja k\u00f5rvar\u00f5ngast, k\u00f5ik alati k\u00e4eulatuses.  Sametvoodriga p\u00f5hi Kaitseb ehteid kriimude eest ja hoiab pinnad kahjustuste vabad.  L\u00e4bim\u00f5eldud kingitus Taskukohane ja armas \u00fcllatus s\u00f5brap\u00e4evaks, emadep\u00e4evaks, s\u00fcnnip\u00e4evaks v\u00f5i m\u00f5neks muuks eriliseks hetkeks.  \u2022 Materjal: valumetall, sametp\u00f5hi \u2022 Mahutavus: kuni 10 s\u00f5rmust ja\/v\u00f5i k\u00f5rvar\u00f5ngast \u2022 Br\u00e4nd Umbra  Meist  1979. aastal alguse saanud \u00fche lihtsa aknakardinaga s\u00fcndis Umbra kirest originaalse disaini ja taskukohase, kaasaegse stiili vastu. Kaasasutajad Les Mandelbaum ja Paul Rowan n\u00e4gid vajadust luua loomingulisi ja soodsaid tooteid, mis sobiksid igasse koju.  T\u00e4naseks on Torontos, Kanadas asuv Umbra kasvanud rahvusvaheliseks disainiliidriks, tegutsedes enam kui 120 riigis ja omades esindusi Euroopas, P\u00f5hja- ja L\u00f5una-Ameerikas ning Aasias. Innovatsioonist kantuna toob meie rahvusvaheline disainitiim igap\u00e4evaesemetesse v\u00e4rsket loomingulisust ja uusi ideid, seades kaasaegsele disainile uusi standardeid.\" \/>\n<meta property=\"og:url\" content=\"https:\/\/www.talidesign.eu\/et\/pood\/toode\/umbra-dachsie-sormusehoidja-chrome\/\" \/>\n<meta property=\"og:site_name\" content=\"TALI Concept Store\" \/>\n<meta property=\"article:publisher\" content=\"https:\/\/www.facebook.com\/TaliDisain\/\" \/>\n<meta property=\"article:modified_time\" content=\"2026-04-11T11:56:29+00:00\" \/>\n<meta property=\"og:image\" content=\"https:\/\/www.talidesign.eu\/wp\/wp-content\/uploads\/2025\/08\/uwiyvlwi3xns9ujrasvw_e3ab05f4-2d91-4b66-9787-940c2c8d72ea.jpeg\" \/>\n\t<meta property=\"og:image:width\" content=\"1214\" \/>\n\t<meta property=\"og:image:height\" content=\"1214\" \/>\n\t<meta property=\"og:image:type\" content=\"image\/jpeg\" \/>\n<meta name=\"twitter:card\" content=\"summary_large_image\" \/>\n<meta name=\"twitter:label1\" content=\"Est. reading time\" \/>\n\t<meta name=\"twitter:data1\" content=\"2 minutes\" \/>\n<script type=\"application\/ld+json\" class=\"yoast-schema-graph\">{\"@context\":\"https:\\\/\\\/schema.org\",\"@graph\":[{\"@type\":\"WebPage\",\"@id\":\"https:\\\/\\\/www.talidesign.eu\\\/et\\\/pood\\\/toode\\\/umbra-dachsie-sormusehoidja-chrome\\\/\",\"url\":\"https:\\\/\\\/www.talidesign.eu\\\/et\\\/pood\\\/toode\\\/umbra-dachsie-sormusehoidja-chrome\\\/\",\"name\":\"Umbra Dachsie s\u00f5rmusehoidja Chrome - TALI Concept Store\",\"isPartOf\":{\"@id\":\"https:\\\/\\\/www.talidesign.eu\\\/et\\\/#website\"},\"primaryImageOfPage\":{\"@id\":\"https:\\\/\\\/www.talidesign.eu\\\/et\\\/pood\\\/toode\\\/umbra-dachsie-sormusehoidja-chrome\\\/#primaryimage\"},\"image\":{\"@id\":\"https:\\\/\\\/www.talidesign.eu\\\/et\\\/pood\\\/toode\\\/umbra-dachsie-sormusehoidja-chrome\\\/#primaryimage\"},\"thumbnailUrl\":\"https:\\\/\\\/www.talidesign.eu\\\/wp\\\/wp-content\\\/uploads\\\/2025\\\/08\\\/uwiyvlwi3xns9ujrasvw_e3ab05f4-2d91-4b66-9787-940c2c8d72ea.jpeg\",\"datePublished\":\"2025-08-03T05:45:26+00:00\",\"dateModified\":\"2026-04-11T11:56:29+00:00\",\"breadcrumb\":{\"@id\":\"https:\\\/\\\/www.talidesign.eu\\\/et\\\/pood\\\/toode\\\/umbra-dachsie-sormusehoidja-chrome\\\/#breadcrumb\"},\"inLanguage\":\"et\",\"potentialAction\":[{\"@type\":\"ReadAction\",\"target\":[\"https:\\\/\\\/www.talidesign.eu\\\/et\\\/pood\\\/toode\\\/umbra-dachsie-sormusehoidja-chrome\\\/\"]}]},{\"@type\":\"ImageObject\",\"inLanguage\":\"et\",\"@id\":\"https:\\\/\\\/www.talidesign.eu\\\/et\\\/pood\\\/toode\\\/umbra-dachsie-sormusehoidja-chrome\\\/#primaryimage\",\"url\":\"https:\\\/\\\/www.talidesign.eu\\\/wp\\\/wp-content\\\/uploads\\\/2025\\\/08\\\/uwiyvlwi3xns9ujrasvw_e3ab05f4-2d91-4b66-9787-940c2c8d72ea.jpeg\",\"contentUrl\":\"https:\\\/\\\/www.talidesign.eu\\\/wp\\\/wp-content\\\/uploads\\\/2025\\\/08\\\/uwiyvlwi3xns9ujrasvw_e3ab05f4-2d91-4b66-9787-940c2c8d72ea.jpeg\",\"width\":1214,\"height\":1214},{\"@type\":\"BreadcrumbList\",\"@id\":\"https:\\\/\\\/www.talidesign.eu\\\/et\\\/pood\\\/toode\\\/umbra-dachsie-sormusehoidja-chrome\\\/#breadcrumb\",\"itemListElement\":[{\"@type\":\"ListItem\",\"position\":1,\"name\":\"Avaleht\",\"item\":\"https:\\\/\\\/www.talidesign.eu\\\/et\\\/\"},{\"@type\":\"ListItem\",\"position\":2,\"name\":\"Pood\",\"item\":\"https:\\\/\\\/www.talidesign.eu\\\/et\\\/pood\\\/\"},{\"@type\":\"ListItem\",\"position\":3,\"name\":\"Umbra Dachsie s\u00f5rmusehoidja Chrome\"}]},{\"@type\":\"WebSite\",\"@id\":\"https:\\\/\\\/www.talidesign.eu\\\/et\\\/#website\",\"url\":\"https:\\\/\\\/www.talidesign.eu\\\/et\\\/\",\"name\":\"TALI Concept Store\",\"description\":\"Suurim Disainipood Eestis\",\"potentialAction\":[{\"@type\":\"SearchAction\",\"target\":{\"@type\":\"EntryPoint\",\"urlTemplate\":\"https:\\\/\\\/www.talidesign.eu\\\/et\\\/?s={search_term_string}\"},\"query-input\":{\"@type\":\"PropertyValueSpecification\",\"valueRequired\":true,\"valueName\":\"search_term_string\"}}],\"inLanguage\":\"et\"}]}<\/script>\n<!-- \/ Yoast SEO plugin. -->","yoast_head_json":{"title":"Umbra Dachsie s\u00f5rmusehoidja Chrome - TALI Concept Store","robots":{"index":"index","follow":"follow","max-snippet":"max-snippet:-1","max-image-preview":"max-image-preview:large","max-video-preview":"max-video-preview:-1"},"canonical":"https:\/\/www.talidesign.eu\/et\/pood\/toode\/umbra-dachsie-sormusehoidja-chrome\/","og_locale":"et_EE","og_type":"article","og_title":"Umbra Dachsie s\u00f5rmusehoidja Chrome - TALI Concept Store","og_description":"Dachsie s\u00f5rmusehoidja Chrome  Umbra Dachsie s\u00f5rmusehoidja on m\u00e4nguline ja samas praktiline austusavaldus taksikoerte f\u00e4nnidele. Vastupidavast valumetallist valmistatud ja k\u00e4sitsi poleeritud metallikviimistlusega Dachsie on enamat kui lihtsalt armas kujuke \u2013 see on loodud hoidma sinu s\u00f5rmuseid turvaliselt ning lisama interj\u00f6\u00f6rile stiilset aktsenti. Pehme sametvoodriga p\u00f5hi kaitseb ehteid kriimustuste eest ja toob luksuslikku ilmet sinu \u00f6\u00f6kapile, kummutile v\u00f5i t\u00f6\u00f6pinnale. Mahutades kuni 10 s\u00f5rmust v\u00f5i k\u00f5rvar\u00f5ngast, on see v\u00f5luv v\u00e4ike kutsu nii ehetes\u00f5pradele kui ka koeras\u00f5pradele ideaalne ja l\u00e4bim\u00f5eldud kingitus. Iga hoidja on k\u00e4sitsi poleeritud, mis teeb iga Dachsie ainulaadseks \u2013 viimistluse kerged variatsioonid on osa selle k\u00e4sit\u00f6\u00f6v\u00f5lust.   M\u00e4nguline taksikujundus Inspireeritud armastatud taksikoerast, toob Dachsie sinu ehtehoidlasse iseloomu ja sarmi.  Mahutab kuni 10 s\u00f5rmust T\u00e4iuslik suurus, et hoida korrastatult mitu s\u00f5rmust ja k\u00f5rvar\u00f5ngast, k\u00f5ik alati k\u00e4eulatuses.  Sametvoodriga p\u00f5hi Kaitseb ehteid kriimude eest ja hoiab pinnad kahjustuste vabad.  L\u00e4bim\u00f5eldud kingitus Taskukohane ja armas \u00fcllatus s\u00f5brap\u00e4evaks, emadep\u00e4evaks, s\u00fcnnip\u00e4evaks v\u00f5i m\u00f5neks muuks eriliseks hetkeks.  \u2022 Materjal: valumetall, sametp\u00f5hi \u2022 Mahutavus: kuni 10 s\u00f5rmust ja\/v\u00f5i k\u00f5rvar\u00f5ngast \u2022 Br\u00e4nd Umbra  Meist  1979. aastal alguse saanud \u00fche lihtsa aknakardinaga s\u00fcndis Umbra kirest originaalse disaini ja taskukohase, kaasaegse stiili vastu. Kaasasutajad Les Mandelbaum ja Paul Rowan n\u00e4gid vajadust luua loomingulisi ja soodsaid tooteid, mis sobiksid igasse koju.  T\u00e4naseks on Torontos, Kanadas asuv Umbra kasvanud rahvusvaheliseks disainiliidriks, tegutsedes enam kui 120 riigis ja omades esindusi Euroopas, P\u00f5hja- ja L\u00f5una-Ameerikas ning Aasias. Innovatsioonist kantuna toob meie rahvusvaheline disainitiim igap\u00e4evaesemetesse v\u00e4rsket loomingulisust ja uusi ideid, seades kaasaegsele disainile uusi standardeid.","og_url":"https:\/\/www.talidesign.eu\/et\/pood\/toode\/umbra-dachsie-sormusehoidja-chrome\/","og_site_name":"TALI Concept Store","article_publisher":"https:\/\/www.facebook.com\/TaliDisain\/","article_modified_time":"2026-04-11T11:56:29+00:00","og_image":[{"width":1214,"height":1214,"url":"https:\/\/www.talidesign.eu\/wp\/wp-content\/uploads\/2025\/08\/uwiyvlwi3xns9ujrasvw_e3ab05f4-2d91-4b66-9787-940c2c8d72ea.jpeg","type":"image\/jpeg"}],"twitter_card":"summary_large_image","twitter_misc":{"Est. reading time":"2 minutes"},"schema":{"@context":"https:\/\/schema.org","@graph":[{"@type":"WebPage","@id":"https:\/\/www.talidesign.eu\/et\/pood\/toode\/umbra-dachsie-sormusehoidja-chrome\/","url":"https:\/\/www.talidesign.eu\/et\/pood\/toode\/umbra-dachsie-sormusehoidja-chrome\/","name":"Umbra Dachsie s\u00f5rmusehoidja Chrome - TALI Concept Store","isPartOf":{"@id":"https:\/\/www.talidesign.eu\/et\/#website"},"primaryImageOfPage":{"@id":"https:\/\/www.talidesign.eu\/et\/pood\/toode\/umbra-dachsie-sormusehoidja-chrome\/#primaryimage"},"image":{"@id":"https:\/\/www.talidesign.eu\/et\/pood\/toode\/umbra-dachsie-sormusehoidja-chrome\/#primaryimage"},"thumbnailUrl":"https:\/\/www.talidesign.eu\/wp\/wp-content\/uploads\/2025\/08\/uwiyvlwi3xns9ujrasvw_e3ab05f4-2d91-4b66-9787-940c2c8d72ea.jpeg","datePublished":"2025-08-03T05:45:26+00:00","dateModified":"2026-04-11T11:56:29+00:00","breadcrumb":{"@id":"https:\/\/www.talidesign.eu\/et\/pood\/toode\/umbra-dachsie-sormusehoidja-chrome\/#breadcrumb"},"inLanguage":"et","potentialAction":[{"@type":"ReadAction","target":["https:\/\/www.talidesign.eu\/et\/pood\/toode\/umbra-dachsie-sormusehoidja-chrome\/"]}]},{"@type":"ImageObject","inLanguage":"et","@id":"https:\/\/www.talidesign.eu\/et\/pood\/toode\/umbra-dachsie-sormusehoidja-chrome\/#primaryimage","url":"https:\/\/www.talidesign.eu\/wp\/wp-content\/uploads\/2025\/08\/uwiyvlwi3xns9ujrasvw_e3ab05f4-2d91-4b66-9787-940c2c8d72ea.jpeg","contentUrl":"https:\/\/www.talidesign.eu\/wp\/wp-content\/uploads\/2025\/08\/uwiyvlwi3xns9ujrasvw_e3ab05f4-2d91-4b66-9787-940c2c8d72ea.jpeg","width":1214,"height":1214},{"@type":"BreadcrumbList","@id":"https:\/\/www.talidesign.eu\/et\/pood\/toode\/umbra-dachsie-sormusehoidja-chrome\/#breadcrumb","itemListElement":[{"@type":"ListItem","position":1,"name":"Avaleht","item":"https:\/\/www.talidesign.eu\/et\/"},{"@type":"ListItem","position":2,"name":"Pood","item":"https:\/\/www.talidesign.eu\/et\/pood\/"},{"@type":"ListItem","position":3,"name":"Umbra Dachsie s\u00f5rmusehoidja Chrome"}]},{"@type":"WebSite","@id":"https:\/\/www.talidesign.eu\/et\/#website","url":"https:\/\/www.talidesign.eu\/et\/","name":"TALI Concept Store","description":"Suurim Disainipood Eestis","potentialAction":[{"@type":"SearchAction","target":{"@type":"EntryPoint","urlTemplate":"https:\/\/www.talidesign.eu\/et\/?s={search_term_string}"},"query-input":{"@type":"PropertyValueSpecification","valueRequired":true,"valueName":"search_term_string"}}],"inLanguage":"et"}]}},"_links":{"self":[{"href":"https:\/\/www.talidesign.eu\/et\/wp-json\/wp\/v2\/product\/106708","targetHints":{"allow":["GET"]}}],"collection":[{"href":"https:\/\/www.talidesign.eu\/et\/wp-json\/wp\/v2\/product"}],"about":[{"href":"https:\/\/www.talidesign.eu\/et\/wp-json\/wp\/v2\/types\/product"}],"wp:featuredmedia":[{"embeddable":true,"href":"https:\/\/www.talidesign.eu\/et\/wp-json\/wp\/v2\/media\/106716"}],"wp:attachment":[{"href":"https:\/\/www.talidesign.eu\/et\/wp-json\/wp\/v2\/media?parent=106708"}],"wp:term":[{"taxonomy":"product_brand","embeddable":true,"href":"https:\/\/www.talidesign.eu\/et\/wp-json\/wp\/v2\/product_brand?post=106708"},{"taxonomy":"product_cat","embeddable":true,"href":"https:\/\/www.talidesign.eu\/et\/wp-json\/wp\/v2\/product_cat?post=106708"},{"taxonomy":"product_tag","embeddable":true,"href":"https:\/\/www.talidesign.eu\/et\/wp-json\/wp\/v2\/product_tag?post=106708"}],"curies":[{"name":"wp","href":"https:\/\/api.w.org\/{rel}","templated":true}]}}