{"id":108397,"date":"2025-09-12T09:57:15","date_gmt":"2025-09-12T06:57:15","guid":{"rendered":"https:\/\/www.talidesign.eu\/?post_type=product&#038;p=108397"},"modified":"2026-04-09T13:58:40","modified_gmt":"2026-04-09T10:58:40","slug":"way-skagen-kaevoru-kullatud-teras","status":"publish","type":"product","link":"https:\/\/www.talidesign.eu\/et\/pood\/toode\/way-skagen-kaevoru-kullatud-teras\/","title":{"rendered":"WAY Skagen k\u00e4ev\u00f5ru, kullatud teras"},"content":{"rendered":"<p><strong>Skagen k\u00e4ev\u00f5ru, kullatud teras<\/strong><\/p>\n<p>WAY on teekond l\u00e4bi Euroopa maastiku- kollektsioon, kus vormid on inspireeritud looduse kontuuridest: vee peegeldusest, kivimite reljeefist, m\u00e4gede monumentaalsusest\u2026<br \/>\nIga ehe selles kollektsioonis kannab maastikuvormi v\u00f5i fauna nime ning peegeldab looduse orgaanilist ilu. Vastupidavad ja veekindlad ehted on loodud kandmiseks igas ilmastikus- just nagu loodus ise: metsik, muutuv, vastupidav.<br \/>\nLoodusest inspireeritud kollektsioon \u00fchendab endas Kirju loomingust juba tuttavad mudelid, uue disaini ning hoolikalt valitud vormid, mis loovad visuaalse ja emotsionaalse terviku- modernse, ent samas ajatult loodusl\u00e4hedase koosluse.<\/p>\n<p>\u2022 <a href=\"https:\/\/www.talidesign.eu\/et\/tootekategooria\/brandid\/kirju-co-et\/\">Br\u00e4nd KIRJU.CO<\/a><br \/>\n\u2022 Suurus 67x57x7mm<br \/>\n\u2022 L\u00e4ikiv roostevaba teras<br \/>\n\u2022 H\u00fcpoallergeenne<br \/>\n\u2022 Niklivaba<br \/>\n\u2022 Veekindel \u2013 igap\u00e4evaseks kandmiseks<br \/>\n\u2022 Kinkekarbis<\/p>\n<p><strong>Hooldus<\/strong><\/p>\n<p>Parim vahend ehete puhastamiseks kodus on soe vesi. Puhastage ehted \u00f5rnatoimelise n\u00f5udepesuvahendi ja sooja vee lahuses. Loputage hoolikalt ja kuivatage pehme lapiga.<\/p>\n<p>Parima tulemuse saavutamiseks poleerige h\u00f5beehteid spetsiaalse ehete poleerimise lapiga.<\/p>\n<p><strong>Br\u00e4ndist<\/strong><\/p>\n<p>Eesti arhitekti poolt loodud br\u00e4nd KIRJU.CO on tuntud oma graafilise joone ning minimalistliku vormi t\u00f5ttu, sealjuures pidades v\u00e4ga oluliseks ka loomingu m\u00e4ngulisust. Juba 10 aastat tegutsenud br\u00e4nd on l\u00e4bi pidevalt uuenevate kollektsioonide s\u00e4ilitanud oma algsed loomamotiivid, millest on kujunenud KIRJU.CO firmam\u00e4rk. Lisaks kesksetele geomeetrilistele vormidele esinevad stiliseeritud taime- ja loomamotiivid paralleelselt paljudes kollektsioonides.<\/p>\n<p>KIRJU.CO tunnustab iga p\u00e4eva\u2026 iga hetke, v\u00e4\u00e4rtustab elu kergust ja imetleb selle kulgu. Streetwear br\u00e4ndina on k\u00f5ik meie tooted loodud kestma ning m\u00f5eldud igap\u00e4evaseks kandmiseks.<\/p>\n<p><a href=\"https:\/\/www.talidesign.eu\/et\/tootekategooria\/brandid\/kirju-co-et\/\"><img loading=\"lazy\" decoding=\"async\" src=\"https:\/\/www.talidesign.eu\/wp\/wp-content\/uploads\/2021\/03\/logo-1.jpg\" alt=\"\" width=\"500\" height=\"100\" class=\"alignnone size-full wp-image-24054\" \/><\/a><\/p>\n","protected":false},"excerpt":{"rendered":"<p><strong>Skagen k\u00e4ev\u00f5ru, kullatud teras<\/strong><\/p>\n<p>WAY on teekond l\u00e4bi Euroopa maastiku- kollektsioon, kus vormid on inspireeritud looduse kontuuridest: vee peegeldusest, kivimite reljeefist, m\u00e4gede monumentaalsusest\u2026<br \/>\nIga ehe selles kollektsioonis kannab maastikuvormi v\u00f5i fauna nime ning peegeldab looduse orgaanilist ilu. Vastupidavad ja veekindlad ehted on loodud kandmiseks igas ilmastikus- just nagu loodus ise: metsik, muutuv, vastupidav.<br \/>\nLoodusest inspireeritud kollektsioon \u00fchendab endas Kirju loomingust juba tuttavad mudelid, uue disaini ning hoolikalt valitud vormid, mis loovad visuaalse ja emotsionaalse terviku- modernse, ent samas ajatult loodusl\u00e4hedase koosluse.<\/p>\n<p>\u2022 <a href=\"https:\/\/www.talidesign.eu\/et\/tootekategooria\/brandid\/kirju-co-et\/\">Br\u00e4nd KIRJU.CO<\/a><br \/>\n\u2022 Suurus 67x57x7mm<br \/>\n\u2022 L\u00e4ikiv roostevaba teras<br \/>\n\u2022 H\u00fcpoallergeenne<br \/>\n\u2022 Niklivaba<br \/>\n\u2022 Veekindel \u2013 igap\u00e4evaseks kandmiseks<br \/>\n\u2022 Kinkekarbis<\/p>\n<p><strong>Hooldus<\/strong><\/p>\n<p>Parim vahend ehete puhastamiseks kodus on soe vesi. Puhastage ehted \u00f5rnatoimelise n\u00f5udepesuvahendi ja sooja vee lahuses. Loputage hoolikalt ja kuivatage pehme lapiga.<\/p>\n<p>Parima tulemuse saavutamiseks poleerige h\u00f5beehteid spetsiaalse ehete poleerimise lapiga.<\/p>\n<p><strong>Br\u00e4ndist<\/strong><\/p>\n<p>Eesti arhitekti poolt loodud br\u00e4nd KIRJU.CO on tuntud oma graafilise joone ning minimalistliku vormi t\u00f5ttu, sealjuures pidades v\u00e4ga oluliseks ka loomingu m\u00e4ngulisust. Juba 10 aastat tegutsenud br\u00e4nd on l\u00e4bi pidevalt uuenevate kollektsioonide s\u00e4ilitanud oma algsed loomamotiivid, millest on kujunenud KIRJU.CO firmam\u00e4rk. Lisaks kesksetele geomeetrilistele vormidele esinevad stiliseeritud taime- ja loomamotiivid paralleelselt paljudes kollektsioonides.<\/p>\n<p>KIRJU.CO tunnustab iga p\u00e4eva\u2026 iga hetke, v\u00e4\u00e4rtustab elu kergust ja imetleb selle kulgu. Streetwear br\u00e4ndina on k\u00f5ik meie tooted loodud kestma ning m\u00f5eldud igap\u00e4evaseks kandmiseks.<\/p>\n<p><a href=\"https:\/\/www.talidesign.eu\/et\/tootekategooria\/brandid\/kirju-co-et\/\"><img loading=\"lazy\" decoding=\"async\" src=\"https:\/\/www.talidesign.eu\/wp\/wp-content\/uploads\/2021\/03\/logo-1.jpg\" alt=\"\" width=\"500\" height=\"100\" class=\"alignnone size-full wp-image-24054\" \/><\/a><\/p>\n","protected":false},"featured_media":108422,"template":"","meta":[],"product_brand":[],"product_cat":[1147,1054],"product_tag":[1254],"class_list":{"0":"post-108397","1":"product","2":"type-product","3":"status-publish","4":"has-post-thumbnail","6":"product_cat-kaevorud","7":"product_cat-kirju-co-et","8":"product_tag-kirju-jewellery-et","10":"first","11":"instock","12":"featured","13":"taxable","14":"shipping-taxable","15":"purchasable","16":"product-type-simple"},"yoast_head":"<!-- This site is optimized with the Yoast SEO plugin v27.3 - https:\/\/yoast.com\/product\/yoast-seo-wordpress\/ -->\n<title>WAY Skagen k\u00e4ev\u00f5ru, kullatud teras - TALI Concept Store<\/title>\n<meta name=\"robots\" content=\"index, follow, max-snippet:-1, max-image-preview:large, max-video-preview:-1\" \/>\n<link rel=\"canonical\" href=\"https:\/\/www.talidesign.eu\/et\/pood\/toode\/way-skagen-kaevoru-kullatud-teras\/\" \/>\n<meta property=\"og:locale\" content=\"et_EE\" \/>\n<meta property=\"og:type\" content=\"article\" \/>\n<meta property=\"og:title\" content=\"WAY Skagen k\u00e4ev\u00f5ru, kullatud teras - TALI Concept Store\" \/>\n<meta property=\"og:description\" content=\"Skagen k\u00e4ev\u00f5ru, kullatud teras  WAY on teekond l\u00e4bi Euroopa maastiku- kollektsioon, kus vormid on inspireeritud looduse kontuuridest: vee peegeldusest, kivimite reljeefist, m\u00e4gede monumentaalsusest\u2026 Iga ehe selles kollektsioonis kannab maastikuvormi v\u00f5i fauna nime ning peegeldab looduse orgaanilist ilu. Vastupidavad ja veekindlad ehted on loodud kandmiseks igas ilmastikus- just nagu loodus ise: metsik, muutuv, vastupidav. Loodusest inspireeritud kollektsioon \u00fchendab endas Kirju loomingust juba tuttavad mudelid, uue disaini ning hoolikalt valitud vormid, mis loovad visuaalse ja emotsionaalse terviku- modernse, ent samas ajatult loodusl\u00e4hedase koosluse.  \u2022 Br\u00e4nd KIRJU.CO \u2022 Suurus 67x57x7mm \u2022 L\u00e4ikiv roostevaba teras \u2022 H\u00fcpoallergeenne \u2022 Niklivaba \u2022 Veekindel \u2013 igap\u00e4evaseks kandmiseks \u2022 Kinkekarbis  Hooldus  Parim vahend ehete puhastamiseks kodus on soe vesi. Puhastage ehted \u00f5rnatoimelise n\u00f5udepesuvahendi ja sooja vee lahuses. Loputage hoolikalt ja kuivatage pehme lapiga.  Parima tulemuse saavutamiseks poleerige h\u00f5beehteid spetsiaalse ehete poleerimise lapiga.  Br\u00e4ndist  Eesti arhitekti poolt loodud br\u00e4nd KIRJU.CO on tuntud oma graafilise joone ning minimalistliku vormi t\u00f5ttu, sealjuures pidades v\u00e4ga oluliseks ka loomingu m\u00e4ngulisust. Juba 10 aastat tegutsenud br\u00e4nd on l\u00e4bi pidevalt uuenevate kollektsioonide s\u00e4ilitanud oma algsed loomamotiivid, millest on kujunenud KIRJU.CO firmam\u00e4rk. Lisaks kesksetele geomeetrilistele vormidele esinevad stiliseeritud taime- ja loomamotiivid paralleelselt paljudes kollektsioonides.   KIRJU.CO tunnustab iga p\u00e4eva\u2026 iga hetke, v\u00e4\u00e4rtustab elu kergust ja imetleb selle kulgu. Streetwear br\u00e4ndina on k\u00f5ik meie tooted loodud kestma ning m\u00f5eldud igap\u00e4evaseks kandmiseks.\" \/>\n<meta property=\"og:url\" content=\"https:\/\/www.talidesign.eu\/et\/pood\/toode\/way-skagen-kaevoru-kullatud-teras\/\" \/>\n<meta property=\"og:site_name\" content=\"TALI Concept Store\" \/>\n<meta property=\"article:publisher\" content=\"https:\/\/www.facebook.com\/TaliDisain\/\" \/>\n<meta property=\"article:modified_time\" content=\"2026-04-09T10:58:40+00:00\" \/>\n<meta property=\"og:image\" content=\"https:\/\/www.talidesign.eu\/wp\/wp-content\/uploads\/2025\/09\/0_SKAGEN.jpg\" \/>\n\t<meta property=\"og:image:width\" content=\"1200\" \/>\n\t<meta property=\"og:image:height\" content=\"1200\" \/>\n\t<meta property=\"og:image:type\" content=\"image\/jpeg\" \/>\n<meta name=\"twitter:card\" content=\"summary_large_image\" \/>\n<meta name=\"twitter:label1\" content=\"Est. reading time\" \/>\n\t<meta name=\"twitter:data1\" content=\"2 minutes\" \/>\n<script type=\"application\/ld+json\" class=\"yoast-schema-graph\">{\"@context\":\"https:\\\/\\\/schema.org\",\"@graph\":[{\"@type\":\"WebPage\",\"@id\":\"https:\\\/\\\/www.talidesign.eu\\\/et\\\/pood\\\/toode\\\/way-skagen-kaevoru-kullatud-teras\\\/\",\"url\":\"https:\\\/\\\/www.talidesign.eu\\\/et\\\/pood\\\/toode\\\/way-skagen-kaevoru-kullatud-teras\\\/\",\"name\":\"WAY Skagen k\u00e4ev\u00f5ru, kullatud teras - TALI Concept Store\",\"isPartOf\":{\"@id\":\"https:\\\/\\\/www.talidesign.eu\\\/et\\\/#website\"},\"primaryImageOfPage\":{\"@id\":\"https:\\\/\\\/www.talidesign.eu\\\/et\\\/pood\\\/toode\\\/way-skagen-kaevoru-kullatud-teras\\\/#primaryimage\"},\"image\":{\"@id\":\"https:\\\/\\\/www.talidesign.eu\\\/et\\\/pood\\\/toode\\\/way-skagen-kaevoru-kullatud-teras\\\/#primaryimage\"},\"thumbnailUrl\":\"https:\\\/\\\/www.talidesign.eu\\\/wp\\\/wp-content\\\/uploads\\\/2025\\\/09\\\/0_SKAGEN.jpg\",\"datePublished\":\"2025-09-12T06:57:15+00:00\",\"dateModified\":\"2026-04-09T10:58:40+00:00\",\"breadcrumb\":{\"@id\":\"https:\\\/\\\/www.talidesign.eu\\\/et\\\/pood\\\/toode\\\/way-skagen-kaevoru-kullatud-teras\\\/#breadcrumb\"},\"inLanguage\":\"et\",\"potentialAction\":[{\"@type\":\"ReadAction\",\"target\":[\"https:\\\/\\\/www.talidesign.eu\\\/et\\\/pood\\\/toode\\\/way-skagen-kaevoru-kullatud-teras\\\/\"]}]},{\"@type\":\"ImageObject\",\"inLanguage\":\"et\",\"@id\":\"https:\\\/\\\/www.talidesign.eu\\\/et\\\/pood\\\/toode\\\/way-skagen-kaevoru-kullatud-teras\\\/#primaryimage\",\"url\":\"https:\\\/\\\/www.talidesign.eu\\\/wp\\\/wp-content\\\/uploads\\\/2025\\\/09\\\/0_SKAGEN.jpg\",\"contentUrl\":\"https:\\\/\\\/www.talidesign.eu\\\/wp\\\/wp-content\\\/uploads\\\/2025\\\/09\\\/0_SKAGEN.jpg\",\"width\":1200,\"height\":1200},{\"@type\":\"BreadcrumbList\",\"@id\":\"https:\\\/\\\/www.talidesign.eu\\\/et\\\/pood\\\/toode\\\/way-skagen-kaevoru-kullatud-teras\\\/#breadcrumb\",\"itemListElement\":[{\"@type\":\"ListItem\",\"position\":1,\"name\":\"Avaleht\",\"item\":\"https:\\\/\\\/www.talidesign.eu\\\/et\\\/\"},{\"@type\":\"ListItem\",\"position\":2,\"name\":\"Pood\",\"item\":\"https:\\\/\\\/www.talidesign.eu\\\/et\\\/pood\\\/\"},{\"@type\":\"ListItem\",\"position\":3,\"name\":\"WAY Skagen k\u00e4ev\u00f5ru, kullatud teras\"}]},{\"@type\":\"WebSite\",\"@id\":\"https:\\\/\\\/www.talidesign.eu\\\/et\\\/#website\",\"url\":\"https:\\\/\\\/www.talidesign.eu\\\/et\\\/\",\"name\":\"TALI Concept Store\",\"description\":\"Suurim Disainipood Eestis\",\"potentialAction\":[{\"@type\":\"SearchAction\",\"target\":{\"@type\":\"EntryPoint\",\"urlTemplate\":\"https:\\\/\\\/www.talidesign.eu\\\/et\\\/?s={search_term_string}\"},\"query-input\":{\"@type\":\"PropertyValueSpecification\",\"valueRequired\":true,\"valueName\":\"search_term_string\"}}],\"inLanguage\":\"et\"}]}<\/script>\n<!-- \/ Yoast SEO plugin. -->","yoast_head_json":{"title":"WAY Skagen k\u00e4ev\u00f5ru, kullatud teras - TALI Concept Store","robots":{"index":"index","follow":"follow","max-snippet":"max-snippet:-1","max-image-preview":"max-image-preview:large","max-video-preview":"max-video-preview:-1"},"canonical":"https:\/\/www.talidesign.eu\/et\/pood\/toode\/way-skagen-kaevoru-kullatud-teras\/","og_locale":"et_EE","og_type":"article","og_title":"WAY Skagen k\u00e4ev\u00f5ru, kullatud teras - TALI Concept Store","og_description":"Skagen k\u00e4ev\u00f5ru, kullatud teras  WAY on teekond l\u00e4bi Euroopa maastiku- kollektsioon, kus vormid on inspireeritud looduse kontuuridest: vee peegeldusest, kivimite reljeefist, m\u00e4gede monumentaalsusest\u2026 Iga ehe selles kollektsioonis kannab maastikuvormi v\u00f5i fauna nime ning peegeldab looduse orgaanilist ilu. Vastupidavad ja veekindlad ehted on loodud kandmiseks igas ilmastikus- just nagu loodus ise: metsik, muutuv, vastupidav. Loodusest inspireeritud kollektsioon \u00fchendab endas Kirju loomingust juba tuttavad mudelid, uue disaini ning hoolikalt valitud vormid, mis loovad visuaalse ja emotsionaalse terviku- modernse, ent samas ajatult loodusl\u00e4hedase koosluse.  \u2022 Br\u00e4nd KIRJU.CO \u2022 Suurus 67x57x7mm \u2022 L\u00e4ikiv roostevaba teras \u2022 H\u00fcpoallergeenne \u2022 Niklivaba \u2022 Veekindel \u2013 igap\u00e4evaseks kandmiseks \u2022 Kinkekarbis  Hooldus  Parim vahend ehete puhastamiseks kodus on soe vesi. Puhastage ehted \u00f5rnatoimelise n\u00f5udepesuvahendi ja sooja vee lahuses. Loputage hoolikalt ja kuivatage pehme lapiga.  Parima tulemuse saavutamiseks poleerige h\u00f5beehteid spetsiaalse ehete poleerimise lapiga.  Br\u00e4ndist  Eesti arhitekti poolt loodud br\u00e4nd KIRJU.CO on tuntud oma graafilise joone ning minimalistliku vormi t\u00f5ttu, sealjuures pidades v\u00e4ga oluliseks ka loomingu m\u00e4ngulisust. Juba 10 aastat tegutsenud br\u00e4nd on l\u00e4bi pidevalt uuenevate kollektsioonide s\u00e4ilitanud oma algsed loomamotiivid, millest on kujunenud KIRJU.CO firmam\u00e4rk. Lisaks kesksetele geomeetrilistele vormidele esinevad stiliseeritud taime- ja loomamotiivid paralleelselt paljudes kollektsioonides.   KIRJU.CO tunnustab iga p\u00e4eva\u2026 iga hetke, v\u00e4\u00e4rtustab elu kergust ja imetleb selle kulgu. Streetwear br\u00e4ndina on k\u00f5ik meie tooted loodud kestma ning m\u00f5eldud igap\u00e4evaseks kandmiseks.","og_url":"https:\/\/www.talidesign.eu\/et\/pood\/toode\/way-skagen-kaevoru-kullatud-teras\/","og_site_name":"TALI Concept Store","article_publisher":"https:\/\/www.facebook.com\/TaliDisain\/","article_modified_time":"2026-04-09T10:58:40+00:00","og_image":[{"width":1200,"height":1200,"url":"https:\/\/www.talidesign.eu\/wp\/wp-content\/uploads\/2025\/09\/0_SKAGEN.jpg","type":"image\/jpeg"}],"twitter_card":"summary_large_image","twitter_misc":{"Est. reading time":"2 minutes"},"schema":{"@context":"https:\/\/schema.org","@graph":[{"@type":"WebPage","@id":"https:\/\/www.talidesign.eu\/et\/pood\/toode\/way-skagen-kaevoru-kullatud-teras\/","url":"https:\/\/www.talidesign.eu\/et\/pood\/toode\/way-skagen-kaevoru-kullatud-teras\/","name":"WAY Skagen k\u00e4ev\u00f5ru, kullatud teras - TALI Concept Store","isPartOf":{"@id":"https:\/\/www.talidesign.eu\/et\/#website"},"primaryImageOfPage":{"@id":"https:\/\/www.talidesign.eu\/et\/pood\/toode\/way-skagen-kaevoru-kullatud-teras\/#primaryimage"},"image":{"@id":"https:\/\/www.talidesign.eu\/et\/pood\/toode\/way-skagen-kaevoru-kullatud-teras\/#primaryimage"},"thumbnailUrl":"https:\/\/www.talidesign.eu\/wp\/wp-content\/uploads\/2025\/09\/0_SKAGEN.jpg","datePublished":"2025-09-12T06:57:15+00:00","dateModified":"2026-04-09T10:58:40+00:00","breadcrumb":{"@id":"https:\/\/www.talidesign.eu\/et\/pood\/toode\/way-skagen-kaevoru-kullatud-teras\/#breadcrumb"},"inLanguage":"et","potentialAction":[{"@type":"ReadAction","target":["https:\/\/www.talidesign.eu\/et\/pood\/toode\/way-skagen-kaevoru-kullatud-teras\/"]}]},{"@type":"ImageObject","inLanguage":"et","@id":"https:\/\/www.talidesign.eu\/et\/pood\/toode\/way-skagen-kaevoru-kullatud-teras\/#primaryimage","url":"https:\/\/www.talidesign.eu\/wp\/wp-content\/uploads\/2025\/09\/0_SKAGEN.jpg","contentUrl":"https:\/\/www.talidesign.eu\/wp\/wp-content\/uploads\/2025\/09\/0_SKAGEN.jpg","width":1200,"height":1200},{"@type":"BreadcrumbList","@id":"https:\/\/www.talidesign.eu\/et\/pood\/toode\/way-skagen-kaevoru-kullatud-teras\/#breadcrumb","itemListElement":[{"@type":"ListItem","position":1,"name":"Avaleht","item":"https:\/\/www.talidesign.eu\/et\/"},{"@type":"ListItem","position":2,"name":"Pood","item":"https:\/\/www.talidesign.eu\/et\/pood\/"},{"@type":"ListItem","position":3,"name":"WAY Skagen k\u00e4ev\u00f5ru, kullatud teras"}]},{"@type":"WebSite","@id":"https:\/\/www.talidesign.eu\/et\/#website","url":"https:\/\/www.talidesign.eu\/et\/","name":"TALI Concept Store","description":"Suurim Disainipood Eestis","potentialAction":[{"@type":"SearchAction","target":{"@type":"EntryPoint","urlTemplate":"https:\/\/www.talidesign.eu\/et\/?s={search_term_string}"},"query-input":{"@type":"PropertyValueSpecification","valueRequired":true,"valueName":"search_term_string"}}],"inLanguage":"et"}]}},"_links":{"self":[{"href":"https:\/\/www.talidesign.eu\/et\/wp-json\/wp\/v2\/product\/108397","targetHints":{"allow":["GET"]}}],"collection":[{"href":"https:\/\/www.talidesign.eu\/et\/wp-json\/wp\/v2\/product"}],"about":[{"href":"https:\/\/www.talidesign.eu\/et\/wp-json\/wp\/v2\/types\/product"}],"wp:featuredmedia":[{"embeddable":true,"href":"https:\/\/www.talidesign.eu\/et\/wp-json\/wp\/v2\/media\/108422"}],"wp:attachment":[{"href":"https:\/\/www.talidesign.eu\/et\/wp-json\/wp\/v2\/media?parent=108397"}],"wp:term":[{"taxonomy":"product_brand","embeddable":true,"href":"https:\/\/www.talidesign.eu\/et\/wp-json\/wp\/v2\/product_brand?post=108397"},{"taxonomy":"product_cat","embeddable":true,"href":"https:\/\/www.talidesign.eu\/et\/wp-json\/wp\/v2\/product_cat?post=108397"},{"taxonomy":"product_tag","embeddable":true,"href":"https:\/\/www.talidesign.eu\/et\/wp-json\/wp\/v2\/product_tag?post=108397"}],"curies":[{"name":"wp","href":"https:\/\/api.w.org\/{rel}","templated":true}]}}