{"id":109197,"date":"2025-10-02T22:46:21","date_gmt":"2025-10-02T19:46:21","guid":{"rendered":"https:\/\/www.talidesign.eu\/?post_type=product&#038;p=109197"},"modified":"2025-12-09T00:25:48","modified_gmt":"2025-12-08T22:25:48","slug":"mr-maria-bundle-of-light-smiley-lamp-pink","status":"publish","type":"product","link":"https:\/\/www.talidesign.eu\/et\/pood\/toode\/mr-maria-bundle-of-light-smiley-lamp-pink\/","title":{"rendered":"Mr Maria Bundle of Light Smiley Lamp Pink"},"content":{"rendered":"<p><strong>Bundle of Light Smiley Lamp Pink<\/strong><\/p>\n<p>V\u00e4ike valgus, mis toob r\u00f5\u00f5mu igasse p\u00e4eva. See armas mini-lamp sobib h\u00e4sti riiulile v\u00f5i kingituseks kallile s\u00f5brale. Lase valgusel muuta kodu hubasemaks ja tuua naeratuse n\u00e4ole. Disain: jemi_home<\/p>\n<p>\u2022 <a href=\"https:\/\/www.talidesign.eu\/et\/tootekategooria\/brandid\/mr-maria-et\/\">Br\u00e4nd Mr Maria<\/a><br \/>\n\u2022 M\u00f5\u00f5dud: \u00d8 12 cm x H 11 cm<br \/>\n\u2022 L\u00fclitub automaatselt v\u00e4lja 15 minuti m\u00f6\u00f6dudes<br \/>\n\u2022 Komplektis CR2032 patarei<br \/>\n\u2022 Pehme, BPA-vaba silikoonmaterjal<br \/>\n\u2022 Hubane soe valge LED-valgus<\/p>\n<p><strong>Br\u00e4ndist<\/strong><\/p>\n<p>Alustasime 2004. aastal sooviga luua tooteid, mis teevad elu ilusamaks. Inspiratsiooni saame kunstist, loovusest, klassikalisest stiilist ja perekonnast.<\/p>\n<p>Meie tooted on loodud v\u00e4rvikaks ja r\u00f5\u00f5msaks eluks. Kollane valguspunkt s\u00fcmboliseerib selgust, m\u00e4ngulisust ja r\u00f5\u00f5mu, aga ka rahulikke ja vaikseid hetki.<\/p>\n<p><a href=\"https:\/\/www.talidesign.eu\/et\/tootekategooria\/brandid\/mr-maria-et\/\"><img loading=\"lazy\" decoding=\"async\" src=\"https:\/\/www.talidesign.eu\/wp\/wp-content\/uploads\/2025\/10\/mrmaria.jpg\" alt=\"\" width=\"500\" height=\"100\" class=\"alignnone size-full wp-image-109185\" srcset=\"https:\/\/www.talidesign.eu\/wp\/wp-content\/uploads\/2025\/10\/mrmaria.jpg 500w, https:\/\/www.talidesign.eu\/wp\/wp-content\/uploads\/2025\/10\/mrmaria-64x13.jpg 64w\" sizes=\"auto, (max-width: 500px) 100vw, 500px\" \/><\/a><\/p>\n","protected":false},"excerpt":{"rendered":"<p><strong>Bundle of Light Smiley Lamp Pink<\/strong><\/p>\n<p>V\u00e4ike valgus, mis toob r\u00f5\u00f5mu igasse p\u00e4eva. See armas mini-lamp sobib h\u00e4sti riiulile v\u00f5i kingituseks kallile s\u00f5brale. Lase valgusel muuta kodu hubasemaks ja tuua naeratuse n\u00e4ole. Disain: jemi_home<\/p>\n<p>\u2022 <a href=\"https:\/\/www.talidesign.eu\/et\/tootekategooria\/brandid\/mr-maria-et\/\">Br\u00e4nd Mr Maria<\/a><br \/>\n\u2022 M\u00f5\u00f5dud: \u00d8 12 cm x H 11 cm<br \/>\n\u2022 L\u00fclitub automaatselt v\u00e4lja 15 minuti m\u00f6\u00f6dudes<br \/>\n\u2022 Komplektis CR2032 patarei<br \/>\n\u2022 Pehme, BPA-vaba silikoonmaterjal<br \/>\n\u2022 Hubane soe valge LED-valgus<\/p>\n<p><strong>Br\u00e4ndist<\/strong><\/p>\n<p>Alustasime 2004. aastal sooviga luua tooteid, mis teevad elu ilusamaks. Inspiratsiooni saame kunstist, loovusest, klassikalisest stiilist ja perekonnast.<\/p>\n<p>Meie tooted on loodud v\u00e4rvikaks ja r\u00f5\u00f5msaks eluks. Kollane valguspunkt s\u00fcmboliseerib selgust, m\u00e4ngulisust ja r\u00f5\u00f5mu, aga ka rahulikke ja vaikseid hetki.<\/p>\n<p><a href=\"https:\/\/www.talidesign.eu\/et\/tootekategooria\/brandid\/mr-maria-et\/\"><img loading=\"lazy\" decoding=\"async\" src=\"https:\/\/www.talidesign.eu\/wp\/wp-content\/uploads\/2025\/10\/mrmaria.jpg\" alt=\"\" width=\"500\" height=\"100\" class=\"alignnone size-full wp-image-109185\" srcset=\"https:\/\/www.talidesign.eu\/wp\/wp-content\/uploads\/2025\/10\/mrmaria.jpg 500w, https:\/\/www.talidesign.eu\/wp\/wp-content\/uploads\/2025\/10\/mrmaria-64x13.jpg 64w\" sizes=\"auto, (max-width: 500px) 100vw, 500px\" \/><\/a><\/p>\n","protected":false},"featured_media":109199,"template":"","meta":[],"product_brand":[],"product_cat":[1105,1101,3623],"product_tag":[3626],"class_list":{"0":"post-109197","1":"product","2":"type-product","3":"status-publish","4":"has-post-thumbnail","6":"product_cat-esik","7":"product_cat-magamis-ja-elutuba","8":"product_cat-mr-maria-et","9":"product_tag-mr-maria-et","11":"first","12":"outofstock","13":"featured","14":"taxable","15":"shipping-taxable","16":"purchasable","17":"product-type-simple"},"yoast_head":"<!-- This site is optimized with the Yoast SEO plugin v27.3 - https:\/\/yoast.com\/product\/yoast-seo-wordpress\/ -->\n<title>Mr Maria Bundle of Light Smiley Lamp Pink - TALI Concept Store<\/title>\n<meta name=\"robots\" content=\"index, follow, max-snippet:-1, max-image-preview:large, max-video-preview:-1\" \/>\n<link rel=\"canonical\" href=\"https:\/\/www.talidesign.eu\/et\/pood\/toode\/mr-maria-bundle-of-light-smiley-lamp-pink\/\" \/>\n<meta property=\"og:locale\" content=\"et_EE\" \/>\n<meta property=\"og:type\" content=\"article\" \/>\n<meta property=\"og:title\" content=\"Mr Maria Bundle of Light Smiley Lamp Pink - TALI Concept Store\" \/>\n<meta property=\"og:description\" content=\"Bundle of Light Smiley Lamp Pink  V\u00e4ike valgus, mis toob r\u00f5\u00f5mu igasse p\u00e4eva. See armas mini-lamp sobib h\u00e4sti riiulile v\u00f5i kingituseks kallile s\u00f5brale. Lase valgusel muuta kodu hubasemaks ja tuua naeratuse n\u00e4ole. Disain: jemi_home  \u2022 Br\u00e4nd Mr Maria \u2022 M\u00f5\u00f5dud: \u00d8 12 cm x H 11 cm \u2022 L\u00fclitub automaatselt v\u00e4lja 15 minuti m\u00f6\u00f6dudes \u2022 Komplektis CR2032 patarei \u2022 Pehme, BPA-vaba silikoonmaterjal \u2022 Hubane soe valge LED-valgus  Br\u00e4ndist  Alustasime 2004. aastal sooviga luua tooteid, mis teevad elu ilusamaks. Inspiratsiooni saame kunstist, loovusest, klassikalisest stiilist ja perekonnast.  Meie tooted on loodud v\u00e4rvikaks ja r\u00f5\u00f5msaks eluks. Kollane valguspunkt s\u00fcmboliseerib selgust, m\u00e4ngulisust ja r\u00f5\u00f5mu, aga ka rahulikke ja vaikseid hetki.\" \/>\n<meta property=\"og:url\" content=\"https:\/\/www.talidesign.eu\/et\/pood\/toode\/mr-maria-bundle-of-light-smiley-lamp-pink\/\" \/>\n<meta property=\"og:site_name\" content=\"TALI Concept Store\" \/>\n<meta property=\"article:publisher\" content=\"https:\/\/www.facebook.com\/TaliDisain\/\" \/>\n<meta property=\"article:modified_time\" content=\"2025-12-08T22:25:48+00:00\" \/>\n<meta property=\"og:image\" content=\"https:\/\/www.talidesign.eu\/wp\/wp-content\/uploads\/2025\/10\/163.jpg\" \/>\n\t<meta property=\"og:image:width\" content=\"800\" \/>\n\t<meta property=\"og:image:height\" content=\"800\" \/>\n\t<meta property=\"og:image:type\" content=\"image\/jpeg\" \/>\n<meta name=\"twitter:card\" content=\"summary_large_image\" \/>\n<meta name=\"twitter:label1\" content=\"Est. reading time\" \/>\n\t<meta name=\"twitter:data1\" content=\"2 minutes\" \/>\n<script type=\"application\/ld+json\" class=\"yoast-schema-graph\">{\"@context\":\"https:\\\/\\\/schema.org\",\"@graph\":[{\"@type\":\"WebPage\",\"@id\":\"https:\\\/\\\/www.talidesign.eu\\\/et\\\/pood\\\/toode\\\/mr-maria-bundle-of-light-smiley-lamp-pink\\\/\",\"url\":\"https:\\\/\\\/www.talidesign.eu\\\/et\\\/pood\\\/toode\\\/mr-maria-bundle-of-light-smiley-lamp-pink\\\/\",\"name\":\"Mr Maria Bundle of Light Smiley Lamp Pink - TALI Concept Store\",\"isPartOf\":{\"@id\":\"https:\\\/\\\/www.talidesign.eu\\\/et\\\/#website\"},\"primaryImageOfPage\":{\"@id\":\"https:\\\/\\\/www.talidesign.eu\\\/et\\\/pood\\\/toode\\\/mr-maria-bundle-of-light-smiley-lamp-pink\\\/#primaryimage\"},\"image\":{\"@id\":\"https:\\\/\\\/www.talidesign.eu\\\/et\\\/pood\\\/toode\\\/mr-maria-bundle-of-light-smiley-lamp-pink\\\/#primaryimage\"},\"thumbnailUrl\":\"https:\\\/\\\/www.talidesign.eu\\\/wp\\\/wp-content\\\/uploads\\\/2025\\\/10\\\/163.jpg\",\"datePublished\":\"2025-10-02T19:46:21+00:00\",\"dateModified\":\"2025-12-08T22:25:48+00:00\",\"breadcrumb\":{\"@id\":\"https:\\\/\\\/www.talidesign.eu\\\/et\\\/pood\\\/toode\\\/mr-maria-bundle-of-light-smiley-lamp-pink\\\/#breadcrumb\"},\"inLanguage\":\"et\",\"potentialAction\":[{\"@type\":\"ReadAction\",\"target\":[\"https:\\\/\\\/www.talidesign.eu\\\/et\\\/pood\\\/toode\\\/mr-maria-bundle-of-light-smiley-lamp-pink\\\/\"]}]},{\"@type\":\"ImageObject\",\"inLanguage\":\"et\",\"@id\":\"https:\\\/\\\/www.talidesign.eu\\\/et\\\/pood\\\/toode\\\/mr-maria-bundle-of-light-smiley-lamp-pink\\\/#primaryimage\",\"url\":\"https:\\\/\\\/www.talidesign.eu\\\/wp\\\/wp-content\\\/uploads\\\/2025\\\/10\\\/163.jpg\",\"contentUrl\":\"https:\\\/\\\/www.talidesign.eu\\\/wp\\\/wp-content\\\/uploads\\\/2025\\\/10\\\/163.jpg\",\"width\":800,\"height\":800},{\"@type\":\"BreadcrumbList\",\"@id\":\"https:\\\/\\\/www.talidesign.eu\\\/et\\\/pood\\\/toode\\\/mr-maria-bundle-of-light-smiley-lamp-pink\\\/#breadcrumb\",\"itemListElement\":[{\"@type\":\"ListItem\",\"position\":1,\"name\":\"Avaleht\",\"item\":\"https:\\\/\\\/www.talidesign.eu\\\/et\\\/\"},{\"@type\":\"ListItem\",\"position\":2,\"name\":\"Pood\",\"item\":\"https:\\\/\\\/www.talidesign.eu\\\/et\\\/pood\\\/\"},{\"@type\":\"ListItem\",\"position\":3,\"name\":\"Mr Maria Bundle of Light Smiley Lamp Pink\"}]},{\"@type\":\"WebSite\",\"@id\":\"https:\\\/\\\/www.talidesign.eu\\\/et\\\/#website\",\"url\":\"https:\\\/\\\/www.talidesign.eu\\\/et\\\/\",\"name\":\"TALI Concept Store\",\"description\":\"Suurim Disainipood Eestis\",\"potentialAction\":[{\"@type\":\"SearchAction\",\"target\":{\"@type\":\"EntryPoint\",\"urlTemplate\":\"https:\\\/\\\/www.talidesign.eu\\\/et\\\/?s={search_term_string}\"},\"query-input\":{\"@type\":\"PropertyValueSpecification\",\"valueRequired\":true,\"valueName\":\"search_term_string\"}}],\"inLanguage\":\"et\"}]}<\/script>\n<!-- \/ Yoast SEO plugin. -->","yoast_head_json":{"title":"Mr Maria Bundle of Light Smiley Lamp Pink - TALI Concept Store","robots":{"index":"index","follow":"follow","max-snippet":"max-snippet:-1","max-image-preview":"max-image-preview:large","max-video-preview":"max-video-preview:-1"},"canonical":"https:\/\/www.talidesign.eu\/et\/pood\/toode\/mr-maria-bundle-of-light-smiley-lamp-pink\/","og_locale":"et_EE","og_type":"article","og_title":"Mr Maria Bundle of Light Smiley Lamp Pink - TALI Concept Store","og_description":"Bundle of Light Smiley Lamp Pink  V\u00e4ike valgus, mis toob r\u00f5\u00f5mu igasse p\u00e4eva. See armas mini-lamp sobib h\u00e4sti riiulile v\u00f5i kingituseks kallile s\u00f5brale. Lase valgusel muuta kodu hubasemaks ja tuua naeratuse n\u00e4ole. Disain: jemi_home  \u2022 Br\u00e4nd Mr Maria \u2022 M\u00f5\u00f5dud: \u00d8 12 cm x H 11 cm \u2022 L\u00fclitub automaatselt v\u00e4lja 15 minuti m\u00f6\u00f6dudes \u2022 Komplektis CR2032 patarei \u2022 Pehme, BPA-vaba silikoonmaterjal \u2022 Hubane soe valge LED-valgus  Br\u00e4ndist  Alustasime 2004. aastal sooviga luua tooteid, mis teevad elu ilusamaks. Inspiratsiooni saame kunstist, loovusest, klassikalisest stiilist ja perekonnast.  Meie tooted on loodud v\u00e4rvikaks ja r\u00f5\u00f5msaks eluks. Kollane valguspunkt s\u00fcmboliseerib selgust, m\u00e4ngulisust ja r\u00f5\u00f5mu, aga ka rahulikke ja vaikseid hetki.","og_url":"https:\/\/www.talidesign.eu\/et\/pood\/toode\/mr-maria-bundle-of-light-smiley-lamp-pink\/","og_site_name":"TALI Concept Store","article_publisher":"https:\/\/www.facebook.com\/TaliDisain\/","article_modified_time":"2025-12-08T22:25:48+00:00","og_image":[{"width":800,"height":800,"url":"https:\/\/www.talidesign.eu\/wp\/wp-content\/uploads\/2025\/10\/163.jpg","type":"image\/jpeg"}],"twitter_card":"summary_large_image","twitter_misc":{"Est. reading time":"2 minutes"},"schema":{"@context":"https:\/\/schema.org","@graph":[{"@type":"WebPage","@id":"https:\/\/www.talidesign.eu\/et\/pood\/toode\/mr-maria-bundle-of-light-smiley-lamp-pink\/","url":"https:\/\/www.talidesign.eu\/et\/pood\/toode\/mr-maria-bundle-of-light-smiley-lamp-pink\/","name":"Mr Maria Bundle of Light Smiley Lamp Pink - TALI Concept Store","isPartOf":{"@id":"https:\/\/www.talidesign.eu\/et\/#website"},"primaryImageOfPage":{"@id":"https:\/\/www.talidesign.eu\/et\/pood\/toode\/mr-maria-bundle-of-light-smiley-lamp-pink\/#primaryimage"},"image":{"@id":"https:\/\/www.talidesign.eu\/et\/pood\/toode\/mr-maria-bundle-of-light-smiley-lamp-pink\/#primaryimage"},"thumbnailUrl":"https:\/\/www.talidesign.eu\/wp\/wp-content\/uploads\/2025\/10\/163.jpg","datePublished":"2025-10-02T19:46:21+00:00","dateModified":"2025-12-08T22:25:48+00:00","breadcrumb":{"@id":"https:\/\/www.talidesign.eu\/et\/pood\/toode\/mr-maria-bundle-of-light-smiley-lamp-pink\/#breadcrumb"},"inLanguage":"et","potentialAction":[{"@type":"ReadAction","target":["https:\/\/www.talidesign.eu\/et\/pood\/toode\/mr-maria-bundle-of-light-smiley-lamp-pink\/"]}]},{"@type":"ImageObject","inLanguage":"et","@id":"https:\/\/www.talidesign.eu\/et\/pood\/toode\/mr-maria-bundle-of-light-smiley-lamp-pink\/#primaryimage","url":"https:\/\/www.talidesign.eu\/wp\/wp-content\/uploads\/2025\/10\/163.jpg","contentUrl":"https:\/\/www.talidesign.eu\/wp\/wp-content\/uploads\/2025\/10\/163.jpg","width":800,"height":800},{"@type":"BreadcrumbList","@id":"https:\/\/www.talidesign.eu\/et\/pood\/toode\/mr-maria-bundle-of-light-smiley-lamp-pink\/#breadcrumb","itemListElement":[{"@type":"ListItem","position":1,"name":"Avaleht","item":"https:\/\/www.talidesign.eu\/et\/"},{"@type":"ListItem","position":2,"name":"Pood","item":"https:\/\/www.talidesign.eu\/et\/pood\/"},{"@type":"ListItem","position":3,"name":"Mr Maria Bundle of Light Smiley Lamp Pink"}]},{"@type":"WebSite","@id":"https:\/\/www.talidesign.eu\/et\/#website","url":"https:\/\/www.talidesign.eu\/et\/","name":"TALI Concept Store","description":"Suurim Disainipood Eestis","potentialAction":[{"@type":"SearchAction","target":{"@type":"EntryPoint","urlTemplate":"https:\/\/www.talidesign.eu\/et\/?s={search_term_string}"},"query-input":{"@type":"PropertyValueSpecification","valueRequired":true,"valueName":"search_term_string"}}],"inLanguage":"et"}]}},"_links":{"self":[{"href":"https:\/\/www.talidesign.eu\/et\/wp-json\/wp\/v2\/product\/109197","targetHints":{"allow":["GET"]}}],"collection":[{"href":"https:\/\/www.talidesign.eu\/et\/wp-json\/wp\/v2\/product"}],"about":[{"href":"https:\/\/www.talidesign.eu\/et\/wp-json\/wp\/v2\/types\/product"}],"wp:featuredmedia":[{"embeddable":true,"href":"https:\/\/www.talidesign.eu\/et\/wp-json\/wp\/v2\/media\/109199"}],"wp:attachment":[{"href":"https:\/\/www.talidesign.eu\/et\/wp-json\/wp\/v2\/media?parent=109197"}],"wp:term":[{"taxonomy":"product_brand","embeddable":true,"href":"https:\/\/www.talidesign.eu\/et\/wp-json\/wp\/v2\/product_brand?post=109197"},{"taxonomy":"product_cat","embeddable":true,"href":"https:\/\/www.talidesign.eu\/et\/wp-json\/wp\/v2\/product_cat?post=109197"},{"taxonomy":"product_tag","embeddable":true,"href":"https:\/\/www.talidesign.eu\/et\/wp-json\/wp\/v2\/product_tag?post=109197"}],"curies":[{"name":"wp","href":"https:\/\/api.w.org\/{rel}","templated":true}]}}