{"id":109272,"date":"2025-10-06T15:28:15","date_gmt":"2025-10-06T12:28:15","guid":{"rendered":"https:\/\/www.talidesign.eu\/?post_type=product&#038;p=109272"},"modified":"2026-02-01T08:30:32","modified_gmt":"2026-02-01T06:30:32","slug":"chromophobia-korvarongad-sanctum","status":"publish","type":"product","link":"https:\/\/www.talidesign.eu\/et\/pood\/toode\/chromophobia-korvarongad-sanctum\/","title":{"rendered":"Chromophobia k\u00f5rvar\u00f5ngad \u201cSanctum\u201d"},"content":{"rendered":"<p><strong>\u201cSanctum\u201d k\u00f5rvar\u00f5ngad<\/strong><br \/>\nAutorikollektsioon<\/p>\n<p>\u2022 Lamineeritud puit<br \/>\n\u2022 H\u00f5be 925<br \/>\n\u2022 40x18mm<\/p>\n<p><a href=\"https:\/\/www.talidesign.eu\/et\/tootekategooria\/brandid\/chromophobia-by-triinu-tiisel-et\/\">Chromophobia by Triinu Tiisel<\/a><\/p>\n<p>Loomult range ja j\u00f5uline ehtesari \u201cChromophobia\u201d on p\u00fc\u00fcdlus korrastatud struktuuri ning sellega kaasneva vabaduse poole.<br \/>\nEhteid iseloomustavad julged graafilised jooned ning arhitektuurne vorm, metallist detailid r\u00f5hutavad maskuliinsuse elegantsi.<br \/>\nChromophobia ehtesari koosneb p\u00fcsikollektsioonist ning alati uuenevatest autoriehetest, mis valmivad v\u00e4ga v\u00e4ikeses koguses.<br \/>\nTriinu Tiisel on Eesti arhitekt ja disainer, kes l\u00f5i oma ehtebr\u00e4ndi 2011. aastal.<\/p>\n<p><a href=\"https:\/\/www.talidesign.eu\/et\/tootekategooria\/brandid\/chromophobia-by-triinu-tiisel-et\/\"><img loading=\"lazy\" decoding=\"async\" src=\"https:\/\/www.talidesign.eu\/wp\/wp-content\/uploads\/2021\/08\/Logo-584x400.jpg\" alt=\"\" width=\"584\" height=\"400\" class=\"alignnone size-medium wp-image-44532\" srcset=\"https:\/\/www.talidesign.eu\/wp\/wp-content\/uploads\/2021\/08\/Logo-584x400.jpg 584w, https:\/\/www.talidesign.eu\/wp\/wp-content\/uploads\/2021\/08\/Logo-1168x800.jpg 1168w, https:\/\/www.talidesign.eu\/wp\/wp-content\/uploads\/2021\/08\/Logo-768x526.jpg 768w, https:\/\/www.talidesign.eu\/wp\/wp-content\/uploads\/2021\/08\/Logo-1536x1052.jpg 1536w, https:\/\/www.talidesign.eu\/wp\/wp-content\/uploads\/2021\/08\/Logo-2048x1402.jpg 2048w, https:\/\/www.talidesign.eu\/wp\/wp-content\/uploads\/2021\/08\/Logo-500x342.jpg 500w, https:\/\/www.talidesign.eu\/wp\/wp-content\/uploads\/2021\/08\/Logo-510x349.jpg 510w\" sizes=\"auto, (max-width: 584px) 100vw, 584px\" \/><\/a><\/p>\n","protected":false},"excerpt":{"rendered":"<p><strong>\u201cSanctum\u201d k\u00f5rvar\u00f5ngad<\/strong><br \/>\nAutorikollektsioon<\/p>\n<p>\u2022 Lamineeritud puit<br \/>\n\u2022 H\u00f5be 925<br \/>\n\u2022 40x18mm<\/p>\n<p><a href=\"https:\/\/www.talidesign.eu\/et\/tootekategooria\/brandid\/chromophobia-by-triinu-tiisel-et\/\">Chromophobia by Triinu Tiisel<\/a><\/p>\n<p>Loomult range ja j\u00f5uline ehtesari \u201cChromophobia\u201d on p\u00fc\u00fcdlus korrastatud struktuuri ning sellega kaasneva vabaduse poole.<br \/>\nEhteid iseloomustavad julged graafilised jooned ning arhitektuurne vorm, metallist detailid r\u00f5hutavad maskuliinsuse elegantsi.<br \/>\nChromophobia ehtesari koosneb p\u00fcsikollektsioonist ning alati uuenevatest autoriehetest, mis valmivad v\u00e4ga v\u00e4ikeses koguses.<br \/>\nTriinu Tiisel on Eesti arhitekt ja disainer, kes l\u00f5i oma ehtebr\u00e4ndi 2011. aastal.<\/p>\n<p><a href=\"https:\/\/www.talidesign.eu\/et\/tootekategooria\/brandid\/chromophobia-by-triinu-tiisel-et\/\"><img loading=\"lazy\" decoding=\"async\" src=\"https:\/\/www.talidesign.eu\/wp\/wp-content\/uploads\/2021\/08\/Logo-584x400.jpg\" alt=\"\" width=\"584\" height=\"400\" class=\"alignnone size-medium wp-image-44532\" srcset=\"https:\/\/www.talidesign.eu\/wp\/wp-content\/uploads\/2021\/08\/Logo-584x400.jpg 584w, https:\/\/www.talidesign.eu\/wp\/wp-content\/uploads\/2021\/08\/Logo-1168x800.jpg 1168w, https:\/\/www.talidesign.eu\/wp\/wp-content\/uploads\/2021\/08\/Logo-768x526.jpg 768w, https:\/\/www.talidesign.eu\/wp\/wp-content\/uploads\/2021\/08\/Logo-1536x1052.jpg 1536w, https:\/\/www.talidesign.eu\/wp\/wp-content\/uploads\/2021\/08\/Logo-2048x1402.jpg 2048w, https:\/\/www.talidesign.eu\/wp\/wp-content\/uploads\/2021\/08\/Logo-500x342.jpg 500w, https:\/\/www.talidesign.eu\/wp\/wp-content\/uploads\/2021\/08\/Logo-510x349.jpg 510w\" sizes=\"auto, (max-width: 584px) 100vw, 584px\" \/><\/a><\/p>\n","protected":false},"featured_media":109277,"template":"","meta":[],"product_brand":[],"product_cat":[1026,1150,1176,1146,1148],"product_tag":[1824],"class_list":{"0":"post-109272","1":"product","2":"type-product","3":"status-publish","4":"has-post-thumbnail","6":"product_cat-brandid","7":"product_cat-chromophobia-by-triinu-tiisel-korvarongad","8":"product_cat-chromophobia-by-triinu-tiisel-et","9":"product_cat-ehted","10":"product_cat-korvarongad","11":"product_tag-chromophobia-et","13":"first","14":"outofstock","15":"taxable","16":"shipping-taxable","17":"purchasable","18":"product-type-simple"},"yoast_head":"<!-- This site is optimized with the Yoast SEO plugin v27.3 - https:\/\/yoast.com\/product\/yoast-seo-wordpress\/ -->\n<title>Chromophobia k\u00f5rvar\u00f5ngad \u201cSanctum\u201d - TALI Concept Store<\/title>\n<meta name=\"robots\" content=\"index, follow, max-snippet:-1, max-image-preview:large, max-video-preview:-1\" \/>\n<link rel=\"canonical\" href=\"https:\/\/www.talidesign.eu\/et\/pood\/toode\/chromophobia-korvarongad-sanctum\/\" \/>\n<meta property=\"og:locale\" content=\"et_EE\" \/>\n<meta property=\"og:type\" content=\"article\" \/>\n<meta property=\"og:title\" content=\"Chromophobia k\u00f5rvar\u00f5ngad \u201cSanctum\u201d - TALI Concept Store\" \/>\n<meta property=\"og:description\" content=\"\u201cSanctum\u201d k\u00f5rvar\u00f5ngad Autorikollektsioon  \u2022 Lamineeritud puit \u2022 H\u00f5be 925  \u2022 40x18mm  Chromophobia by Triinu Tiisel  Loomult range ja j\u00f5uline ehtesari \u201cChromophobia\u201d on p\u00fc\u00fcdlus korrastatud struktuuri ning sellega kaasneva vabaduse poole.  Ehteid iseloomustavad julged graafilised jooned ning arhitektuurne vorm, metallist detailid r\u00f5hutavad maskuliinsuse elegantsi. Chromophobia ehtesari koosneb p\u00fcsikollektsioonist ning alati uuenevatest autoriehetest, mis valmivad v\u00e4ga v\u00e4ikeses koguses. Triinu Tiisel on Eesti arhitekt ja disainer, kes l\u00f5i oma ehtebr\u00e4ndi 2011. aastal.\" \/>\n<meta property=\"og:url\" content=\"https:\/\/www.talidesign.eu\/et\/pood\/toode\/chromophobia-korvarongad-sanctum\/\" \/>\n<meta property=\"og:site_name\" content=\"TALI Concept Store\" \/>\n<meta property=\"article:publisher\" content=\"https:\/\/www.facebook.com\/TaliDisain\/\" \/>\n<meta property=\"article:modified_time\" content=\"2026-02-01T06:30:32+00:00\" \/>\n<meta property=\"og:image\" content=\"https:\/\/www.talidesign.eu\/wp\/wp-content\/uploads\/2025\/10\/Sanctum_1.jpg\" \/>\n\t<meta property=\"og:image:width\" content=\"2554\" \/>\n\t<meta property=\"og:image:height\" content=\"2552\" \/>\n\t<meta property=\"og:image:type\" content=\"image\/jpeg\" \/>\n<meta name=\"twitter:card\" content=\"summary_large_image\" \/>\n<meta name=\"twitter:label1\" content=\"Est. reading time\" \/>\n\t<meta name=\"twitter:data1\" content=\"1 minute\" \/>\n<script type=\"application\/ld+json\" class=\"yoast-schema-graph\">{\"@context\":\"https:\\\/\\\/schema.org\",\"@graph\":[{\"@type\":\"WebPage\",\"@id\":\"https:\\\/\\\/www.talidesign.eu\\\/et\\\/pood\\\/toode\\\/chromophobia-korvarongad-sanctum\\\/\",\"url\":\"https:\\\/\\\/www.talidesign.eu\\\/et\\\/pood\\\/toode\\\/chromophobia-korvarongad-sanctum\\\/\",\"name\":\"Chromophobia k\u00f5rvar\u00f5ngad \u201cSanctum\u201d - TALI Concept Store\",\"isPartOf\":{\"@id\":\"https:\\\/\\\/www.talidesign.eu\\\/et\\\/#website\"},\"primaryImageOfPage\":{\"@id\":\"https:\\\/\\\/www.talidesign.eu\\\/et\\\/pood\\\/toode\\\/chromophobia-korvarongad-sanctum\\\/#primaryimage\"},\"image\":{\"@id\":\"https:\\\/\\\/www.talidesign.eu\\\/et\\\/pood\\\/toode\\\/chromophobia-korvarongad-sanctum\\\/#primaryimage\"},\"thumbnailUrl\":\"https:\\\/\\\/www.talidesign.eu\\\/wp\\\/wp-content\\\/uploads\\\/2025\\\/10\\\/Sanctum_1.jpg\",\"datePublished\":\"2025-10-06T12:28:15+00:00\",\"dateModified\":\"2026-02-01T06:30:32+00:00\",\"breadcrumb\":{\"@id\":\"https:\\\/\\\/www.talidesign.eu\\\/et\\\/pood\\\/toode\\\/chromophobia-korvarongad-sanctum\\\/#breadcrumb\"},\"inLanguage\":\"et\",\"potentialAction\":[{\"@type\":\"ReadAction\",\"target\":[\"https:\\\/\\\/www.talidesign.eu\\\/et\\\/pood\\\/toode\\\/chromophobia-korvarongad-sanctum\\\/\"]}]},{\"@type\":\"ImageObject\",\"inLanguage\":\"et\",\"@id\":\"https:\\\/\\\/www.talidesign.eu\\\/et\\\/pood\\\/toode\\\/chromophobia-korvarongad-sanctum\\\/#primaryimage\",\"url\":\"https:\\\/\\\/www.talidesign.eu\\\/wp\\\/wp-content\\\/uploads\\\/2025\\\/10\\\/Sanctum_1.jpg\",\"contentUrl\":\"https:\\\/\\\/www.talidesign.eu\\\/wp\\\/wp-content\\\/uploads\\\/2025\\\/10\\\/Sanctum_1.jpg\",\"width\":2554,\"height\":2552},{\"@type\":\"BreadcrumbList\",\"@id\":\"https:\\\/\\\/www.talidesign.eu\\\/et\\\/pood\\\/toode\\\/chromophobia-korvarongad-sanctum\\\/#breadcrumb\",\"itemListElement\":[{\"@type\":\"ListItem\",\"position\":1,\"name\":\"Avaleht\",\"item\":\"https:\\\/\\\/www.talidesign.eu\\\/et\\\/\"},{\"@type\":\"ListItem\",\"position\":2,\"name\":\"Pood\",\"item\":\"https:\\\/\\\/www.talidesign.eu\\\/et\\\/pood\\\/\"},{\"@type\":\"ListItem\",\"position\":3,\"name\":\"Chromophobia k\u00f5rvar\u00f5ngad \u201cSanctum\u201d\"}]},{\"@type\":\"WebSite\",\"@id\":\"https:\\\/\\\/www.talidesign.eu\\\/et\\\/#website\",\"url\":\"https:\\\/\\\/www.talidesign.eu\\\/et\\\/\",\"name\":\"TALI Concept Store\",\"description\":\"Suurim Disainipood Eestis\",\"potentialAction\":[{\"@type\":\"SearchAction\",\"target\":{\"@type\":\"EntryPoint\",\"urlTemplate\":\"https:\\\/\\\/www.talidesign.eu\\\/et\\\/?s={search_term_string}\"},\"query-input\":{\"@type\":\"PropertyValueSpecification\",\"valueRequired\":true,\"valueName\":\"search_term_string\"}}],\"inLanguage\":\"et\"}]}<\/script>\n<!-- \/ Yoast SEO plugin. -->","yoast_head_json":{"title":"Chromophobia k\u00f5rvar\u00f5ngad \u201cSanctum\u201d - TALI Concept Store","robots":{"index":"index","follow":"follow","max-snippet":"max-snippet:-1","max-image-preview":"max-image-preview:large","max-video-preview":"max-video-preview:-1"},"canonical":"https:\/\/www.talidesign.eu\/et\/pood\/toode\/chromophobia-korvarongad-sanctum\/","og_locale":"et_EE","og_type":"article","og_title":"Chromophobia k\u00f5rvar\u00f5ngad \u201cSanctum\u201d - TALI Concept Store","og_description":"\u201cSanctum\u201d k\u00f5rvar\u00f5ngad Autorikollektsioon  \u2022 Lamineeritud puit \u2022 H\u00f5be 925  \u2022 40x18mm  Chromophobia by Triinu Tiisel  Loomult range ja j\u00f5uline ehtesari \u201cChromophobia\u201d on p\u00fc\u00fcdlus korrastatud struktuuri ning sellega kaasneva vabaduse poole.  Ehteid iseloomustavad julged graafilised jooned ning arhitektuurne vorm, metallist detailid r\u00f5hutavad maskuliinsuse elegantsi. Chromophobia ehtesari koosneb p\u00fcsikollektsioonist ning alati uuenevatest autoriehetest, mis valmivad v\u00e4ga v\u00e4ikeses koguses. Triinu Tiisel on Eesti arhitekt ja disainer, kes l\u00f5i oma ehtebr\u00e4ndi 2011. aastal.","og_url":"https:\/\/www.talidesign.eu\/et\/pood\/toode\/chromophobia-korvarongad-sanctum\/","og_site_name":"TALI Concept Store","article_publisher":"https:\/\/www.facebook.com\/TaliDisain\/","article_modified_time":"2026-02-01T06:30:32+00:00","og_image":[{"width":2554,"height":2552,"url":"https:\/\/www.talidesign.eu\/wp\/wp-content\/uploads\/2025\/10\/Sanctum_1.jpg","type":"image\/jpeg"}],"twitter_card":"summary_large_image","twitter_misc":{"Est. reading time":"1 minute"},"schema":{"@context":"https:\/\/schema.org","@graph":[{"@type":"WebPage","@id":"https:\/\/www.talidesign.eu\/et\/pood\/toode\/chromophobia-korvarongad-sanctum\/","url":"https:\/\/www.talidesign.eu\/et\/pood\/toode\/chromophobia-korvarongad-sanctum\/","name":"Chromophobia k\u00f5rvar\u00f5ngad \u201cSanctum\u201d - TALI Concept Store","isPartOf":{"@id":"https:\/\/www.talidesign.eu\/et\/#website"},"primaryImageOfPage":{"@id":"https:\/\/www.talidesign.eu\/et\/pood\/toode\/chromophobia-korvarongad-sanctum\/#primaryimage"},"image":{"@id":"https:\/\/www.talidesign.eu\/et\/pood\/toode\/chromophobia-korvarongad-sanctum\/#primaryimage"},"thumbnailUrl":"https:\/\/www.talidesign.eu\/wp\/wp-content\/uploads\/2025\/10\/Sanctum_1.jpg","datePublished":"2025-10-06T12:28:15+00:00","dateModified":"2026-02-01T06:30:32+00:00","breadcrumb":{"@id":"https:\/\/www.talidesign.eu\/et\/pood\/toode\/chromophobia-korvarongad-sanctum\/#breadcrumb"},"inLanguage":"et","potentialAction":[{"@type":"ReadAction","target":["https:\/\/www.talidesign.eu\/et\/pood\/toode\/chromophobia-korvarongad-sanctum\/"]}]},{"@type":"ImageObject","inLanguage":"et","@id":"https:\/\/www.talidesign.eu\/et\/pood\/toode\/chromophobia-korvarongad-sanctum\/#primaryimage","url":"https:\/\/www.talidesign.eu\/wp\/wp-content\/uploads\/2025\/10\/Sanctum_1.jpg","contentUrl":"https:\/\/www.talidesign.eu\/wp\/wp-content\/uploads\/2025\/10\/Sanctum_1.jpg","width":2554,"height":2552},{"@type":"BreadcrumbList","@id":"https:\/\/www.talidesign.eu\/et\/pood\/toode\/chromophobia-korvarongad-sanctum\/#breadcrumb","itemListElement":[{"@type":"ListItem","position":1,"name":"Avaleht","item":"https:\/\/www.talidesign.eu\/et\/"},{"@type":"ListItem","position":2,"name":"Pood","item":"https:\/\/www.talidesign.eu\/et\/pood\/"},{"@type":"ListItem","position":3,"name":"Chromophobia k\u00f5rvar\u00f5ngad \u201cSanctum\u201d"}]},{"@type":"WebSite","@id":"https:\/\/www.talidesign.eu\/et\/#website","url":"https:\/\/www.talidesign.eu\/et\/","name":"TALI Concept Store","description":"Suurim Disainipood Eestis","potentialAction":[{"@type":"SearchAction","target":{"@type":"EntryPoint","urlTemplate":"https:\/\/www.talidesign.eu\/et\/?s={search_term_string}"},"query-input":{"@type":"PropertyValueSpecification","valueRequired":true,"valueName":"search_term_string"}}],"inLanguage":"et"}]}},"_links":{"self":[{"href":"https:\/\/www.talidesign.eu\/et\/wp-json\/wp\/v2\/product\/109272","targetHints":{"allow":["GET"]}}],"collection":[{"href":"https:\/\/www.talidesign.eu\/et\/wp-json\/wp\/v2\/product"}],"about":[{"href":"https:\/\/www.talidesign.eu\/et\/wp-json\/wp\/v2\/types\/product"}],"wp:featuredmedia":[{"embeddable":true,"href":"https:\/\/www.talidesign.eu\/et\/wp-json\/wp\/v2\/media\/109277"}],"wp:attachment":[{"href":"https:\/\/www.talidesign.eu\/et\/wp-json\/wp\/v2\/media?parent=109272"}],"wp:term":[{"taxonomy":"product_brand","embeddable":true,"href":"https:\/\/www.talidesign.eu\/et\/wp-json\/wp\/v2\/product_brand?post=109272"},{"taxonomy":"product_cat","embeddable":true,"href":"https:\/\/www.talidesign.eu\/et\/wp-json\/wp\/v2\/product_cat?post=109272"},{"taxonomy":"product_tag","embeddable":true,"href":"https:\/\/www.talidesign.eu\/et\/wp-json\/wp\/v2\/product_tag?post=109272"}],"curies":[{"name":"wp","href":"https:\/\/api.w.org\/{rel}","templated":true}]}}