{"id":109355,"date":"2025-10-08T16:42:13","date_gmt":"2025-10-08T13:42:13","guid":{"rendered":"https:\/\/www.talidesign.eu\/?post_type=product&#038;p=109355"},"modified":"2026-03-22T10:56:06","modified_gmt":"2026-03-22T08:56:06","slug":"umbra-ali-cat-sormusehoidja-brass","status":"publish","type":"product","link":"https:\/\/www.talidesign.eu\/et\/pood\/toode\/umbra-ali-cat-sormusehoidja-brass\/","title":{"rendered":"Umbra Ali Cat s\u00f5rmusehoidja Brass"},"content":{"rendered":"<p><strong>Ali Cat s\u00f5rmusehoidja Brass<\/strong><\/p>\n<p>Tutvu <em>Ali Catiga<\/em> \u2013 Umbra m\u00e4ngulise ja kassis\u00f5pradest inspireeritud s\u00f5rmusehoidjaga, mis \u00fchendab endas stiili, praktilisuse ja meisterliku k\u00e4sit\u00f6\u00f6. Selle disaini loomisel on eeskujuks v\u00f5etud armsa munchkini kassit\u00f5u kompaktne kuju ja vallatu iseloom. Ali Cat lisab igale toale veidi kassiarmastuse v\u00f5lu ning hoiab su lemmikehted turvaliselt korras.<\/p>\n<p>Tugevast valumetallist valmistatud ning k\u00e4sitsi poleeritud kroomi v\u00f5i messingi viimistlusega Ali Cat on vastupidav ja samas elegantne aksessuaar. Pehme sametkattega padi kaitseb s\u00f5rmuseid kriimustuste eest, ning mahukas alus v\u00f5imaldab hoiustada kuni \u00fcheksat s\u00f5rmust. Iga hoidja on k\u00e4sitsi viimistletud, mist\u00f5ttu on igal esemel oma iseloom ja unikaalne s\u00e4ra. Sobib ideaalselt \u00f6\u00f6kapile, kummutile v\u00f5i t\u00f6\u00f6lauale \u2013 Ali Cat on samaaegselt kaunis sisustuselement ja armas kingitus igale kassihuvilisele.<\/p>\n<ul>\n<li><strong>Kassilik ja m\u00e4nguline disain<\/strong><br \/>\nMunchkini t\u00f5ust inspireeritud kuju lisab ehtelaekale iseloomu ja r\u00f5\u00f5msat meeleolu.<\/li>\n<li><strong>Mahutab kuni 9 s\u00f5rmust<\/strong><br \/>\nPraktiline ja mugav viis hoida mitmeid s\u00f5rmuseid korraga k\u00e4ep\u00e4raselt.<\/li>\n<li><strong>Sametpind kaitseks<\/strong><br \/>\nPehme sametkate hoiab ehted kriimustustest ja kulumisest.<\/li>\n<li><strong>Ideaalne kingitus<\/strong><br \/>\nArmas ja taskukohane \u00fcllatus kassif\u00e4nnile \u2013 sobib suurep\u00e4raselt s\u00f5brap\u00e4evaks, emadep\u00e4evaks, s\u00fcnnip\u00e4evaks v\u00f5i p\u00fchadeks.<\/li>\n<\/ul>\n<p>\u2022 Materjal: valumetall, k\u00e4sitsi poleeritud kroomi v\u00f5i messingi viimistlus, sametp\u00f5hi<br \/>\n\u2022 Mahutavus: kuni 9 s\u00f5rmust<br \/>\n\u2022 <a href=\"https:\/\/www.talidesign.eu\/et\/tootekategooria\/brandid\/umbra-et\/\">Br\u00e4nd Umbra<\/a><\/p>\n<p><strong>Meist<\/strong><\/p>\n<p>1979. aastal alguse saanud \u00fche lihtsa aknakardinaga s\u00fcndis Umbra kirest originaalse disaini ja taskukohase, kaasaegse stiili vastu. Kaasasutajad Les Mandelbaum ja Paul Rowan n\u00e4gid vajadust luua loomingulisi ja soodsaid tooteid, mis sobiksid igasse koju.<\/p>\n<p>T\u00e4naseks on Torontos, Kanadas asuv Umbra kasvanud rahvusvaheliseks disainiliidriks, tegutsedes enam kui 120 riigis ja omades esindusi Euroopas, P\u00f5hja- ja L\u00f5una-Ameerikas ning Aasias. Innovatsioonist kantuna toob meie rahvusvaheline disainitiim igap\u00e4evaesemetesse v\u00e4rsket loomingulisust ja uusi ideid, seades kaasaegsele disainile uusi standardeid.<\/p>\n<p><a href=\"https:\/\/www.talidesign.eu\/et\/tootekategooria\/brandid\/umbra-et\/\"><img loading=\"lazy\" decoding=\"async\" class=\"alignnone size-full wp-image-93263\" src=\"https:\/\/www.talidesign.eu\/wp\/wp-content\/uploads\/2024\/10\/umbralogo-1.jpg\" alt=\"\" width=\"500\" height=\"100\" \/><\/a><\/p>\n","protected":false},"excerpt":{"rendered":"<p><strong>Ali Cat s\u00f5rmusehoidja Brass<\/strong><\/p>\n<p>Tutvu <em>Ali Catiga<\/em> \u2013 Umbra m\u00e4ngulise ja kassis\u00f5pradest inspireeritud s\u00f5rmusehoidjaga, mis \u00fchendab endas stiili, praktilisuse ja meisterliku k\u00e4sit\u00f6\u00f6. Selle disaini loomisel on eeskujuks v\u00f5etud armsa munchkini kassit\u00f5u kompaktne kuju ja vallatu iseloom. Ali Cat lisab igale toale veidi kassiarmastuse v\u00f5lu ning hoiab su lemmikehted turvaliselt korras.<\/p>\n<p>Tugevast valumetallist valmistatud ning k\u00e4sitsi poleeritud kroomi v\u00f5i messingi viimistlusega Ali Cat on vastupidav ja samas elegantne aksessuaar. Pehme sametkattega padi kaitseb s\u00f5rmuseid kriimustuste eest, ning mahukas alus v\u00f5imaldab hoiustada kuni \u00fcheksat s\u00f5rmust. Iga hoidja on k\u00e4sitsi viimistletud, mist\u00f5ttu on igal esemel oma iseloom ja unikaalne s\u00e4ra. Sobib ideaalselt \u00f6\u00f6kapile, kummutile v\u00f5i t\u00f6\u00f6lauale \u2013 Ali Cat on samaaegselt kaunis sisustuselement ja armas kingitus igale kassihuvilisele.<\/p>\n<ul>\n<li><strong>Kassilik ja m\u00e4nguline disain<\/strong><br \/>\nMunchkini t\u00f5ust inspireeritud kuju lisab ehtelaekale iseloomu ja r\u00f5\u00f5msat meeleolu.<\/li>\n<li><strong>Mahutab kuni 9 s\u00f5rmust<\/strong><br \/>\nPraktiline ja mugav viis hoida mitmeid s\u00f5rmuseid korraga k\u00e4ep\u00e4raselt.<\/li>\n<li><strong>Sametpind kaitseks<\/strong><br \/>\nPehme sametkate hoiab ehted kriimustustest ja kulumisest.<\/li>\n<li><strong>Ideaalne kingitus<\/strong><br \/>\nArmas ja taskukohane \u00fcllatus kassif\u00e4nnile \u2013 sobib suurep\u00e4raselt s\u00f5brap\u00e4evaks, emadep\u00e4evaks, s\u00fcnnip\u00e4evaks v\u00f5i p\u00fchadeks.<\/li>\n<\/ul>\n<p>\u2022 Materjal: valumetall, k\u00e4sitsi poleeritud kroomi v\u00f5i messingi viimistlus, sametp\u00f5hi<br \/>\n\u2022 Mahutavus: kuni 9 s\u00f5rmust<br \/>\n\u2022 <a href=\"https:\/\/www.talidesign.eu\/et\/tootekategooria\/brandid\/umbra-et\/\">Br\u00e4nd Umbra<\/a><\/p>\n<p><strong>Meist<\/strong><\/p>\n<p>1979. aastal alguse saanud \u00fche lihtsa aknakardinaga s\u00fcndis Umbra kirest originaalse disaini ja taskukohase, kaasaegse stiili vastu. Kaasasutajad Les Mandelbaum ja Paul Rowan n\u00e4gid vajadust luua loomingulisi ja soodsaid tooteid, mis sobiksid igasse koju.<\/p>\n<p>T\u00e4naseks on Torontos, Kanadas asuv Umbra kasvanud rahvusvaheliseks disainiliidriks, tegutsedes enam kui 120 riigis ja omades esindusi Euroopas, P\u00f5hja- ja L\u00f5una-Ameerikas ning Aasias. Innovatsioonist kantuna toob meie rahvusvaheline disainitiim igap\u00e4evaesemetesse v\u00e4rsket loomingulisust ja uusi ideid, seades kaasaegsele disainile uusi standardeid.<\/p>\n<p><a href=\"https:\/\/www.talidesign.eu\/et\/tootekategooria\/brandid\/umbra-et\/\"><img loading=\"lazy\" decoding=\"async\" class=\"alignnone size-full wp-image-93263\" src=\"https:\/\/www.talidesign.eu\/wp\/wp-content\/uploads\/2024\/10\/umbralogo-1.jpg\" alt=\"\" width=\"500\" height=\"100\" \/><\/a><\/p>\n","protected":false},"featured_media":109371,"template":"","meta":[],"product_brand":[],"product_cat":[1026,1107,1165,1031,1018,3350],"product_tag":[3356],"class_list":{"0":"post-109355","1":"product","2":"type-product","3":"status-publish","4":"has-post-thumbnail","6":"product_cat-brandid","7":"product_cat-ehtelaekad","8":"product_cat-ehtelaekad-et","9":"product_cat-hoiustamine","10":"product_cat-kodu","11":"product_cat-umbra-et","12":"product_tag-umbra-et","14":"first","15":"instock","16":"taxable","17":"shipping-taxable","18":"purchasable","19":"product-type-simple"},"yoast_head":"<!-- This site is optimized with the Yoast SEO plugin v27.3 - https:\/\/yoast.com\/product\/yoast-seo-wordpress\/ -->\n<title>Umbra Ali Cat s\u00f5rmusehoidja Brass - TALI Concept Store<\/title>\n<meta name=\"robots\" content=\"index, follow, max-snippet:-1, max-image-preview:large, max-video-preview:-1\" \/>\n<link rel=\"canonical\" href=\"https:\/\/www.talidesign.eu\/et\/pood\/toode\/umbra-ali-cat-sormusehoidja-brass\/\" \/>\n<meta property=\"og:locale\" content=\"et_EE\" \/>\n<meta property=\"og:type\" content=\"article\" \/>\n<meta property=\"og:title\" content=\"Umbra Ali Cat s\u00f5rmusehoidja Brass - TALI Concept Store\" \/>\n<meta property=\"og:description\" content=\"Ali Cat s\u00f5rmusehoidja Brass  Tutvu Ali Catiga \u2013 Umbra m\u00e4ngulise ja kassis\u00f5pradest inspireeritud s\u00f5rmusehoidjaga, mis \u00fchendab endas stiili, praktilisuse ja meisterliku k\u00e4sit\u00f6\u00f6. Selle disaini loomisel on eeskujuks v\u00f5etud armsa munchkini kassit\u00f5u kompaktne kuju ja vallatu iseloom. Ali Cat lisab igale toale veidi kassiarmastuse v\u00f5lu ning hoiab su lemmikehted turvaliselt korras.  Tugevast valumetallist valmistatud ning k\u00e4sitsi poleeritud kroomi v\u00f5i messingi viimistlusega Ali Cat on vastupidav ja samas elegantne aksessuaar. Pehme sametkattega padi kaitseb s\u00f5rmuseid kriimustuste eest, ning mahukas alus v\u00f5imaldab hoiustada kuni \u00fcheksat s\u00f5rmust. Iga hoidja on k\u00e4sitsi viimistletud, mist\u00f5ttu on igal esemel oma iseloom ja unikaalne s\u00e4ra. Sobib ideaalselt \u00f6\u00f6kapile, kummutile v\u00f5i t\u00f6\u00f6lauale \u2013 Ali Cat on samaaegselt kaunis sisustuselement ja armas kingitus igale kassihuvilisele.   Kassilik ja m\u00e4nguline disain Munchkini t\u00f5ust inspireeritud kuju lisab ehtelaekale iseloomu ja r\u00f5\u00f5msat meeleolu.  Mahutab kuni 9 s\u00f5rmust Praktiline ja mugav viis hoida mitmeid s\u00f5rmuseid korraga k\u00e4ep\u00e4raselt.  Sametpind kaitseks Pehme sametkate hoiab ehted kriimustustest ja kulumisest.  Ideaalne kingitus Armas ja taskukohane \u00fcllatus kassif\u00e4nnile \u2013 sobib suurep\u00e4raselt s\u00f5brap\u00e4evaks, emadep\u00e4evaks, s\u00fcnnip\u00e4evaks v\u00f5i p\u00fchadeks.  \u2022 Materjal: valumetall, k\u00e4sitsi poleeritud kroomi v\u00f5i messingi viimistlus, sametp\u00f5hi \u2022 Mahutavus: kuni 9 s\u00f5rmust \u2022 Br\u00e4nd Umbra  Meist  1979. aastal alguse saanud \u00fche lihtsa aknakardinaga s\u00fcndis Umbra kirest originaalse disaini ja taskukohase, kaasaegse stiili vastu. Kaasasutajad Les Mandelbaum ja Paul Rowan n\u00e4gid vajadust luua loomingulisi ja soodsaid tooteid, mis sobiksid igasse koju.  T\u00e4naseks on Torontos, Kanadas asuv Umbra kasvanud rahvusvaheliseks disainiliidriks, tegutsedes enam kui 120 riigis ja omades esindusi Euroopas, P\u00f5hja- ja L\u00f5una-Ameerikas ning Aasias. Innovatsioonist kantuna toob meie rahvusvaheline disainitiim igap\u00e4evaesemetesse v\u00e4rsket loomingulisust ja uusi ideid, seades kaasaegsele disainile uusi standardeid.\" \/>\n<meta property=\"og:url\" content=\"https:\/\/www.talidesign.eu\/et\/pood\/toode\/umbra-ali-cat-sormusehoidja-brass\/\" \/>\n<meta property=\"og:site_name\" content=\"TALI Concept Store\" \/>\n<meta property=\"article:publisher\" content=\"https:\/\/www.facebook.com\/TaliDisain\/\" \/>\n<meta property=\"article:modified_time\" content=\"2026-03-22T08:56:06+00:00\" \/>\n<meta property=\"og:image\" content=\"https:\/\/www.talidesign.eu\/wp\/wp-content\/uploads\/2025\/10\/ockwfdze5wrfewkcz0ym_5828b3fe-d263-4d5d-8df1-fc8965ccaaf6.jpeg\" \/>\n\t<meta property=\"og:image:width\" content=\"1214\" \/>\n\t<meta property=\"og:image:height\" content=\"1214\" \/>\n\t<meta property=\"og:image:type\" content=\"image\/jpeg\" \/>\n<meta name=\"twitter:card\" content=\"summary_large_image\" \/>\n<meta name=\"twitter:label1\" content=\"Est. reading time\" \/>\n\t<meta name=\"twitter:data1\" content=\"2 minutes\" \/>\n<script type=\"application\/ld+json\" class=\"yoast-schema-graph\">{\"@context\":\"https:\\\/\\\/schema.org\",\"@graph\":[{\"@type\":\"WebPage\",\"@id\":\"https:\\\/\\\/www.talidesign.eu\\\/et\\\/pood\\\/toode\\\/umbra-ali-cat-sormusehoidja-brass\\\/\",\"url\":\"https:\\\/\\\/www.talidesign.eu\\\/et\\\/pood\\\/toode\\\/umbra-ali-cat-sormusehoidja-brass\\\/\",\"name\":\"Umbra Ali Cat s\u00f5rmusehoidja Brass - TALI Concept Store\",\"isPartOf\":{\"@id\":\"https:\\\/\\\/www.talidesign.eu\\\/et\\\/#website\"},\"primaryImageOfPage\":{\"@id\":\"https:\\\/\\\/www.talidesign.eu\\\/et\\\/pood\\\/toode\\\/umbra-ali-cat-sormusehoidja-brass\\\/#primaryimage\"},\"image\":{\"@id\":\"https:\\\/\\\/www.talidesign.eu\\\/et\\\/pood\\\/toode\\\/umbra-ali-cat-sormusehoidja-brass\\\/#primaryimage\"},\"thumbnailUrl\":\"https:\\\/\\\/www.talidesign.eu\\\/wp\\\/wp-content\\\/uploads\\\/2025\\\/10\\\/ockwfdze5wrfewkcz0ym_5828b3fe-d263-4d5d-8df1-fc8965ccaaf6.jpeg\",\"datePublished\":\"2025-10-08T13:42:13+00:00\",\"dateModified\":\"2026-03-22T08:56:06+00:00\",\"breadcrumb\":{\"@id\":\"https:\\\/\\\/www.talidesign.eu\\\/et\\\/pood\\\/toode\\\/umbra-ali-cat-sormusehoidja-brass\\\/#breadcrumb\"},\"inLanguage\":\"et\",\"potentialAction\":[{\"@type\":\"ReadAction\",\"target\":[\"https:\\\/\\\/www.talidesign.eu\\\/et\\\/pood\\\/toode\\\/umbra-ali-cat-sormusehoidja-brass\\\/\"]}]},{\"@type\":\"ImageObject\",\"inLanguage\":\"et\",\"@id\":\"https:\\\/\\\/www.talidesign.eu\\\/et\\\/pood\\\/toode\\\/umbra-ali-cat-sormusehoidja-brass\\\/#primaryimage\",\"url\":\"https:\\\/\\\/www.talidesign.eu\\\/wp\\\/wp-content\\\/uploads\\\/2025\\\/10\\\/ockwfdze5wrfewkcz0ym_5828b3fe-d263-4d5d-8df1-fc8965ccaaf6.jpeg\",\"contentUrl\":\"https:\\\/\\\/www.talidesign.eu\\\/wp\\\/wp-content\\\/uploads\\\/2025\\\/10\\\/ockwfdze5wrfewkcz0ym_5828b3fe-d263-4d5d-8df1-fc8965ccaaf6.jpeg\",\"width\":1214,\"height\":1214},{\"@type\":\"BreadcrumbList\",\"@id\":\"https:\\\/\\\/www.talidesign.eu\\\/et\\\/pood\\\/toode\\\/umbra-ali-cat-sormusehoidja-brass\\\/#breadcrumb\",\"itemListElement\":[{\"@type\":\"ListItem\",\"position\":1,\"name\":\"Avaleht\",\"item\":\"https:\\\/\\\/www.talidesign.eu\\\/et\\\/\"},{\"@type\":\"ListItem\",\"position\":2,\"name\":\"Pood\",\"item\":\"https:\\\/\\\/www.talidesign.eu\\\/et\\\/pood\\\/\"},{\"@type\":\"ListItem\",\"position\":3,\"name\":\"Umbra Ali Cat s\u00f5rmusehoidja Brass\"}]},{\"@type\":\"WebSite\",\"@id\":\"https:\\\/\\\/www.talidesign.eu\\\/et\\\/#website\",\"url\":\"https:\\\/\\\/www.talidesign.eu\\\/et\\\/\",\"name\":\"TALI Concept Store\",\"description\":\"Suurim Disainipood Eestis\",\"potentialAction\":[{\"@type\":\"SearchAction\",\"target\":{\"@type\":\"EntryPoint\",\"urlTemplate\":\"https:\\\/\\\/www.talidesign.eu\\\/et\\\/?s={search_term_string}\"},\"query-input\":{\"@type\":\"PropertyValueSpecification\",\"valueRequired\":true,\"valueName\":\"search_term_string\"}}],\"inLanguage\":\"et\"}]}<\/script>\n<!-- \/ Yoast SEO plugin. -->","yoast_head_json":{"title":"Umbra Ali Cat s\u00f5rmusehoidja Brass - TALI Concept Store","robots":{"index":"index","follow":"follow","max-snippet":"max-snippet:-1","max-image-preview":"max-image-preview:large","max-video-preview":"max-video-preview:-1"},"canonical":"https:\/\/www.talidesign.eu\/et\/pood\/toode\/umbra-ali-cat-sormusehoidja-brass\/","og_locale":"et_EE","og_type":"article","og_title":"Umbra Ali Cat s\u00f5rmusehoidja Brass - TALI Concept Store","og_description":"Ali Cat s\u00f5rmusehoidja Brass  Tutvu Ali Catiga \u2013 Umbra m\u00e4ngulise ja kassis\u00f5pradest inspireeritud s\u00f5rmusehoidjaga, mis \u00fchendab endas stiili, praktilisuse ja meisterliku k\u00e4sit\u00f6\u00f6. Selle disaini loomisel on eeskujuks v\u00f5etud armsa munchkini kassit\u00f5u kompaktne kuju ja vallatu iseloom. Ali Cat lisab igale toale veidi kassiarmastuse v\u00f5lu ning hoiab su lemmikehted turvaliselt korras.  Tugevast valumetallist valmistatud ning k\u00e4sitsi poleeritud kroomi v\u00f5i messingi viimistlusega Ali Cat on vastupidav ja samas elegantne aksessuaar. Pehme sametkattega padi kaitseb s\u00f5rmuseid kriimustuste eest, ning mahukas alus v\u00f5imaldab hoiustada kuni \u00fcheksat s\u00f5rmust. Iga hoidja on k\u00e4sitsi viimistletud, mist\u00f5ttu on igal esemel oma iseloom ja unikaalne s\u00e4ra. Sobib ideaalselt \u00f6\u00f6kapile, kummutile v\u00f5i t\u00f6\u00f6lauale \u2013 Ali Cat on samaaegselt kaunis sisustuselement ja armas kingitus igale kassihuvilisele.   Kassilik ja m\u00e4nguline disain Munchkini t\u00f5ust inspireeritud kuju lisab ehtelaekale iseloomu ja r\u00f5\u00f5msat meeleolu.  Mahutab kuni 9 s\u00f5rmust Praktiline ja mugav viis hoida mitmeid s\u00f5rmuseid korraga k\u00e4ep\u00e4raselt.  Sametpind kaitseks Pehme sametkate hoiab ehted kriimustustest ja kulumisest.  Ideaalne kingitus Armas ja taskukohane \u00fcllatus kassif\u00e4nnile \u2013 sobib suurep\u00e4raselt s\u00f5brap\u00e4evaks, emadep\u00e4evaks, s\u00fcnnip\u00e4evaks v\u00f5i p\u00fchadeks.  \u2022 Materjal: valumetall, k\u00e4sitsi poleeritud kroomi v\u00f5i messingi viimistlus, sametp\u00f5hi \u2022 Mahutavus: kuni 9 s\u00f5rmust \u2022 Br\u00e4nd Umbra  Meist  1979. aastal alguse saanud \u00fche lihtsa aknakardinaga s\u00fcndis Umbra kirest originaalse disaini ja taskukohase, kaasaegse stiili vastu. Kaasasutajad Les Mandelbaum ja Paul Rowan n\u00e4gid vajadust luua loomingulisi ja soodsaid tooteid, mis sobiksid igasse koju.  T\u00e4naseks on Torontos, Kanadas asuv Umbra kasvanud rahvusvaheliseks disainiliidriks, tegutsedes enam kui 120 riigis ja omades esindusi Euroopas, P\u00f5hja- ja L\u00f5una-Ameerikas ning Aasias. Innovatsioonist kantuna toob meie rahvusvaheline disainitiim igap\u00e4evaesemetesse v\u00e4rsket loomingulisust ja uusi ideid, seades kaasaegsele disainile uusi standardeid.","og_url":"https:\/\/www.talidesign.eu\/et\/pood\/toode\/umbra-ali-cat-sormusehoidja-brass\/","og_site_name":"TALI Concept Store","article_publisher":"https:\/\/www.facebook.com\/TaliDisain\/","article_modified_time":"2026-03-22T08:56:06+00:00","og_image":[{"width":1214,"height":1214,"url":"https:\/\/www.talidesign.eu\/wp\/wp-content\/uploads\/2025\/10\/ockwfdze5wrfewkcz0ym_5828b3fe-d263-4d5d-8df1-fc8965ccaaf6.jpeg","type":"image\/jpeg"}],"twitter_card":"summary_large_image","twitter_misc":{"Est. reading time":"2 minutes"},"schema":{"@context":"https:\/\/schema.org","@graph":[{"@type":"WebPage","@id":"https:\/\/www.talidesign.eu\/et\/pood\/toode\/umbra-ali-cat-sormusehoidja-brass\/","url":"https:\/\/www.talidesign.eu\/et\/pood\/toode\/umbra-ali-cat-sormusehoidja-brass\/","name":"Umbra Ali Cat s\u00f5rmusehoidja Brass - TALI Concept Store","isPartOf":{"@id":"https:\/\/www.talidesign.eu\/et\/#website"},"primaryImageOfPage":{"@id":"https:\/\/www.talidesign.eu\/et\/pood\/toode\/umbra-ali-cat-sormusehoidja-brass\/#primaryimage"},"image":{"@id":"https:\/\/www.talidesign.eu\/et\/pood\/toode\/umbra-ali-cat-sormusehoidja-brass\/#primaryimage"},"thumbnailUrl":"https:\/\/www.talidesign.eu\/wp\/wp-content\/uploads\/2025\/10\/ockwfdze5wrfewkcz0ym_5828b3fe-d263-4d5d-8df1-fc8965ccaaf6.jpeg","datePublished":"2025-10-08T13:42:13+00:00","dateModified":"2026-03-22T08:56:06+00:00","breadcrumb":{"@id":"https:\/\/www.talidesign.eu\/et\/pood\/toode\/umbra-ali-cat-sormusehoidja-brass\/#breadcrumb"},"inLanguage":"et","potentialAction":[{"@type":"ReadAction","target":["https:\/\/www.talidesign.eu\/et\/pood\/toode\/umbra-ali-cat-sormusehoidja-brass\/"]}]},{"@type":"ImageObject","inLanguage":"et","@id":"https:\/\/www.talidesign.eu\/et\/pood\/toode\/umbra-ali-cat-sormusehoidja-brass\/#primaryimage","url":"https:\/\/www.talidesign.eu\/wp\/wp-content\/uploads\/2025\/10\/ockwfdze5wrfewkcz0ym_5828b3fe-d263-4d5d-8df1-fc8965ccaaf6.jpeg","contentUrl":"https:\/\/www.talidesign.eu\/wp\/wp-content\/uploads\/2025\/10\/ockwfdze5wrfewkcz0ym_5828b3fe-d263-4d5d-8df1-fc8965ccaaf6.jpeg","width":1214,"height":1214},{"@type":"BreadcrumbList","@id":"https:\/\/www.talidesign.eu\/et\/pood\/toode\/umbra-ali-cat-sormusehoidja-brass\/#breadcrumb","itemListElement":[{"@type":"ListItem","position":1,"name":"Avaleht","item":"https:\/\/www.talidesign.eu\/et\/"},{"@type":"ListItem","position":2,"name":"Pood","item":"https:\/\/www.talidesign.eu\/et\/pood\/"},{"@type":"ListItem","position":3,"name":"Umbra Ali Cat s\u00f5rmusehoidja Brass"}]},{"@type":"WebSite","@id":"https:\/\/www.talidesign.eu\/et\/#website","url":"https:\/\/www.talidesign.eu\/et\/","name":"TALI Concept Store","description":"Suurim Disainipood Eestis","potentialAction":[{"@type":"SearchAction","target":{"@type":"EntryPoint","urlTemplate":"https:\/\/www.talidesign.eu\/et\/?s={search_term_string}"},"query-input":{"@type":"PropertyValueSpecification","valueRequired":true,"valueName":"search_term_string"}}],"inLanguage":"et"}]}},"_links":{"self":[{"href":"https:\/\/www.talidesign.eu\/et\/wp-json\/wp\/v2\/product\/109355","targetHints":{"allow":["GET"]}}],"collection":[{"href":"https:\/\/www.talidesign.eu\/et\/wp-json\/wp\/v2\/product"}],"about":[{"href":"https:\/\/www.talidesign.eu\/et\/wp-json\/wp\/v2\/types\/product"}],"wp:featuredmedia":[{"embeddable":true,"href":"https:\/\/www.talidesign.eu\/et\/wp-json\/wp\/v2\/media\/109371"}],"wp:attachment":[{"href":"https:\/\/www.talidesign.eu\/et\/wp-json\/wp\/v2\/media?parent=109355"}],"wp:term":[{"taxonomy":"product_brand","embeddable":true,"href":"https:\/\/www.talidesign.eu\/et\/wp-json\/wp\/v2\/product_brand?post=109355"},{"taxonomy":"product_cat","embeddable":true,"href":"https:\/\/www.talidesign.eu\/et\/wp-json\/wp\/v2\/product_cat?post=109355"},{"taxonomy":"product_tag","embeddable":true,"href":"https:\/\/www.talidesign.eu\/et\/wp-json\/wp\/v2\/product_tag?post=109355"}],"curies":[{"name":"wp","href":"https:\/\/api.w.org\/{rel}","templated":true}]}}