{"id":109393,"date":"2025-10-08T17:20:06","date_gmt":"2025-10-08T14:20:06","guid":{"rendered":"https:\/\/www.talidesign.eu\/?post_type=product&#038;p=109393"},"modified":"2026-04-11T11:35:34","modified_gmt":"2026-04-11T08:35:34","slug":"umbra-rodeo-buddy-pudeliavaja","status":"publish","type":"product","link":"https:\/\/www.talidesign.eu\/et\/pood\/toode\/umbra-rodeo-buddy-pudeliavaja\/","title":{"rendered":"Umbra Rodeo Buddy pudeliavaja"},"content":{"rendered":"<p><strong>Rodeo Buddy pudeliavaja<\/strong><\/p>\n<p>Lisa oma koju veidi iseloomu ja l\u00f5busat energiat <em>Rodeo Buddy<\/em> abil \u2013 pudeliavaja, mis toob igasse hetke stiili ja meelelahutust! See pole lihtsalt tavaline avaaja \u2013 Rodeo Buddy on valmistatud vastupidavast valumetallist ja kaetud l\u00e4ikiva kroomviimistlusega, muutes selle samaaegselt praktiliseks ja pilkup\u00fc\u00fcdvaks sisustuselemendiks. T\u00e4nu nutikale tasakaalualusele saab Buddy p\u00e4rast igat kasutuskorda \u201etantsida\u201c v\u00f5i 360\u00b0 p\u00f6\u00f6rleda, pakkudes l\u00f5busat vaatepilti ja jututeemat igale k\u00fclalisele. Ideaalne nii kodubaaridesse, peo\u00f5htuteks kui ka kingituseks \u2013 Rodeo Buddy lisab igasse ruumi veidi huumorit ja \u0161armi.<\/p>\n<ul>\n<li><strong>L\u00f5bus ja interaktiivne disain<\/strong><br \/>\nRodeo Buddy saab p\u00e4rast kasutamist \u00f5\u00f5tsuda \u00fcles-alla v\u00f5i p\u00f6\u00f6rata end 360\u00b0, muutes iga pudeli avamise v\u00e4ikseks etenduseks.<\/li>\n<li><strong>Kvaliteetne ja vastupidav<\/strong><br \/>\nValmistatud tugevast valumetallist ning viimistletud k\u00e4sitsi poleeritud kroomkattega, mis s\u00e4ilitab oma l\u00e4ike ja kestvuse.<\/li>\n<li><strong>Vestluse alustaja<\/strong><br \/>\nM\u00e4nguline ja silmapaistev aksessuaar, mis on samaaegselt nii praktiline t\u00f6\u00f6riist kui ka disainielement.<\/li>\n<li><strong>Kaunis isegi kasutuspauside ajal<\/strong><br \/>\nRodeo Buddy on ainus pudeliavaja, mida sa tahad n\u00e4htavale j\u00e4tta \u2013 sobib igasse interj\u00f6\u00f6ri.<\/li>\n<\/ul>\n<p>\u2022 Materjal: valumetall, l\u00e4ikiv kroomviimistlus<br \/>\n\u2022 Omadused: tasakaalualus, 360\u00b0 p\u00f6\u00f6rlemine<br \/>\n\u2022 <a href=\"https:\/\/www.talidesign.eu\/et\/tootekategooria\/brandid\/umbra-et\/\">Br\u00e4nd Umbra<\/a><\/p>\n<p><strong>Meist<\/strong><\/p>\n<p>1979. aastal alguse saanud \u00fche lihtsa aknakardinaga s\u00fcndis Umbra kirest originaalse disaini ja taskukohase, kaasaegse stiili vastu. Kaasasutajad Les Mandelbaum ja Paul Rowan n\u00e4gid vajadust luua loomingulisi ja soodsaid tooteid, mis sobiksid igasse koju.<\/p>\n<p>T\u00e4naseks on Torontos, Kanadas asuv Umbra kasvanud rahvusvaheliseks disainiliidriks, tegutsedes enam kui 120 riigis ja omades esindusi Euroopas, P\u00f5hja- ja L\u00f5una-Ameerikas ning Aasias. Innovatsioonist kantuna toob meie rahvusvaheline disainitiim igap\u00e4evaesemetesse v\u00e4rsket loomingulisust ja uusi ideid, seades kaasaegsele disainile uusi standardeid.<\/p>\n<p><a href=\"https:\/\/www.talidesign.eu\/et\/tootekategooria\/brandid\/umbra-et\/\"><img loading=\"lazy\" decoding=\"async\" class=\"alignnone size-full wp-image-93263\" src=\"https:\/\/www.talidesign.eu\/wp\/wp-content\/uploads\/2024\/10\/umbralogo-1.jpg\" alt=\"\" width=\"500\" height=\"100\" \/><\/a><\/p>\n","protected":false},"excerpt":{"rendered":"<p><strong>Rodeo Buddy pudeliavaja<\/strong><\/p>\n<p>Lisa oma koju veidi iseloomu ja l\u00f5busat energiat <em>Rodeo Buddy<\/em> abil \u2013 pudeliavaja, mis toob igasse hetke stiili ja meelelahutust! See pole lihtsalt tavaline avaaja \u2013 Rodeo Buddy on valmistatud vastupidavast valumetallist ja kaetud l\u00e4ikiva kroomviimistlusega, muutes selle samaaegselt praktiliseks ja pilkup\u00fc\u00fcdvaks sisustuselemendiks. T\u00e4nu nutikale tasakaalualusele saab Buddy p\u00e4rast igat kasutuskorda \u201etantsida\u201c v\u00f5i 360\u00b0 p\u00f6\u00f6rleda, pakkudes l\u00f5busat vaatepilti ja jututeemat igale k\u00fclalisele. Ideaalne nii kodubaaridesse, peo\u00f5htuteks kui ka kingituseks \u2013 Rodeo Buddy lisab igasse ruumi veidi huumorit ja \u0161armi.<\/p>\n<ul>\n<li><strong>L\u00f5bus ja interaktiivne disain<\/strong><br \/>\nRodeo Buddy saab p\u00e4rast kasutamist \u00f5\u00f5tsuda \u00fcles-alla v\u00f5i p\u00f6\u00f6rata end 360\u00b0, muutes iga pudeli avamise v\u00e4ikseks etenduseks.<\/li>\n<li><strong>Kvaliteetne ja vastupidav<\/strong><br \/>\nValmistatud tugevast valumetallist ning viimistletud k\u00e4sitsi poleeritud kroomkattega, mis s\u00e4ilitab oma l\u00e4ike ja kestvuse.<\/li>\n<li><strong>Vestluse alustaja<\/strong><br \/>\nM\u00e4nguline ja silmapaistev aksessuaar, mis on samaaegselt nii praktiline t\u00f6\u00f6riist kui ka disainielement.<\/li>\n<li><strong>Kaunis isegi kasutuspauside ajal<\/strong><br \/>\nRodeo Buddy on ainus pudeliavaja, mida sa tahad n\u00e4htavale j\u00e4tta \u2013 sobib igasse interj\u00f6\u00f6ri.<\/li>\n<\/ul>\n<p>\u2022 Materjal: valumetall, l\u00e4ikiv kroomviimistlus<br \/>\n\u2022 Omadused: tasakaalualus, 360\u00b0 p\u00f6\u00f6rlemine<br \/>\n\u2022 <a href=\"https:\/\/www.talidesign.eu\/et\/tootekategooria\/brandid\/umbra-et\/\">Br\u00e4nd Umbra<\/a><\/p>\n<p><strong>Meist<\/strong><\/p>\n<p>1979. aastal alguse saanud \u00fche lihtsa aknakardinaga s\u00fcndis Umbra kirest originaalse disaini ja taskukohase, kaasaegse stiili vastu. Kaasasutajad Les Mandelbaum ja Paul Rowan n\u00e4gid vajadust luua loomingulisi ja soodsaid tooteid, mis sobiksid igasse koju.<\/p>\n<p>T\u00e4naseks on Torontos, Kanadas asuv Umbra kasvanud rahvusvaheliseks disainiliidriks, tegutsedes enam kui 120 riigis ja omades esindusi Euroopas, P\u00f5hja- ja L\u00f5una-Ameerikas ning Aasias. Innovatsioonist kantuna toob meie rahvusvaheline disainitiim igap\u00e4evaesemetesse v\u00e4rsket loomingulisust ja uusi ideid, seades kaasaegsele disainile uusi standardeid.<\/p>\n<p><a href=\"https:\/\/www.talidesign.eu\/et\/tootekategooria\/brandid\/umbra-et\/\"><img loading=\"lazy\" decoding=\"async\" class=\"alignnone size-full wp-image-93263\" src=\"https:\/\/www.talidesign.eu\/wp\/wp-content\/uploads\/2024\/10\/umbralogo-1.jpg\" alt=\"\" width=\"500\" height=\"100\" \/><\/a><\/p>\n","protected":false},"featured_media":109411,"template":"","meta":[],"product_brand":[],"product_cat":[1099,1026,1018,1030,3350],"product_tag":[3356],"class_list":{"0":"post-109393","1":"product","2":"type-product","3":"status-publish","4":"has-post-thumbnail","6":"product_cat-aksessuaarid","7":"product_cat-brandid","8":"product_cat-kodu","9":"product_cat-kook","10":"product_cat-umbra-et","11":"product_tag-umbra-et","13":"first","14":"instock","15":"taxable","16":"shipping-taxable","17":"purchasable","18":"product-type-simple"},"yoast_head":"<!-- This site is optimized with the Yoast SEO plugin v27.3 - https:\/\/yoast.com\/product\/yoast-seo-wordpress\/ -->\n<title>Umbra Rodeo Buddy pudeliavaja - TALI Concept Store<\/title>\n<meta name=\"robots\" content=\"index, follow, max-snippet:-1, max-image-preview:large, max-video-preview:-1\" \/>\n<link rel=\"canonical\" href=\"https:\/\/www.talidesign.eu\/et\/pood\/toode\/umbra-rodeo-buddy-pudeliavaja\/\" \/>\n<meta property=\"og:locale\" content=\"et_EE\" \/>\n<meta property=\"og:type\" content=\"article\" \/>\n<meta property=\"og:title\" content=\"Umbra Rodeo Buddy pudeliavaja - TALI Concept Store\" \/>\n<meta property=\"og:description\" content=\"Rodeo Buddy pudeliavaja  Lisa oma koju veidi iseloomu ja l\u00f5busat energiat Rodeo Buddy abil \u2013 pudeliavaja, mis toob igasse hetke stiili ja meelelahutust! See pole lihtsalt tavaline avaaja \u2013 Rodeo Buddy on valmistatud vastupidavast valumetallist ja kaetud l\u00e4ikiva kroomviimistlusega, muutes selle samaaegselt praktiliseks ja pilkup\u00fc\u00fcdvaks sisustuselemendiks. T\u00e4nu nutikale tasakaalualusele saab Buddy p\u00e4rast igat kasutuskorda \u201etantsida\u201c v\u00f5i 360\u00b0 p\u00f6\u00f6rleda, pakkudes l\u00f5busat vaatepilti ja jututeemat igale k\u00fclalisele. Ideaalne nii kodubaaridesse, peo\u00f5htuteks kui ka kingituseks \u2013 Rodeo Buddy lisab igasse ruumi veidi huumorit ja \u0161armi.   L\u00f5bus ja interaktiivne disain Rodeo Buddy saab p\u00e4rast kasutamist \u00f5\u00f5tsuda \u00fcles-alla v\u00f5i p\u00f6\u00f6rata end 360\u00b0, muutes iga pudeli avamise v\u00e4ikseks etenduseks.  Kvaliteetne ja vastupidav Valmistatud tugevast valumetallist ning viimistletud k\u00e4sitsi poleeritud kroomkattega, mis s\u00e4ilitab oma l\u00e4ike ja kestvuse.  Vestluse alustaja M\u00e4nguline ja silmapaistev aksessuaar, mis on samaaegselt nii praktiline t\u00f6\u00f6riist kui ka disainielement.  Kaunis isegi kasutuspauside ajal Rodeo Buddy on ainus pudeliavaja, mida sa tahad n\u00e4htavale j\u00e4tta \u2013 sobib igasse interj\u00f6\u00f6ri.  \u2022 Materjal: valumetall, l\u00e4ikiv kroomviimistlus \u2022 Omadused: tasakaalualus, 360\u00b0 p\u00f6\u00f6rlemine \u2022 Br\u00e4nd Umbra  Meist  1979. aastal alguse saanud \u00fche lihtsa aknakardinaga s\u00fcndis Umbra kirest originaalse disaini ja taskukohase, kaasaegse stiili vastu. Kaasasutajad Les Mandelbaum ja Paul Rowan n\u00e4gid vajadust luua loomingulisi ja soodsaid tooteid, mis sobiksid igasse koju.  T\u00e4naseks on Torontos, Kanadas asuv Umbra kasvanud rahvusvaheliseks disainiliidriks, tegutsedes enam kui 120 riigis ja omades esindusi Euroopas, P\u00f5hja- ja L\u00f5una-Ameerikas ning Aasias. Innovatsioonist kantuna toob meie rahvusvaheline disainitiim igap\u00e4evaesemetesse v\u00e4rsket loomingulisust ja uusi ideid, seades kaasaegsele disainile uusi standardeid.\" \/>\n<meta property=\"og:url\" content=\"https:\/\/www.talidesign.eu\/et\/pood\/toode\/umbra-rodeo-buddy-pudeliavaja\/\" \/>\n<meta property=\"og:site_name\" content=\"TALI Concept Store\" \/>\n<meta property=\"article:publisher\" content=\"https:\/\/www.facebook.com\/TaliDisain\/\" \/>\n<meta property=\"article:modified_time\" content=\"2026-04-11T08:35:34+00:00\" \/>\n<meta property=\"og:image\" content=\"https:\/\/www.talidesign.eu\/wp\/wp-content\/uploads\/2025\/10\/oklkqcjxnlly7zmlg1cy_782e6963-d56d-421c-a546-1d7d23327d20.jpeg\" \/>\n\t<meta property=\"og:image:width\" content=\"1214\" \/>\n\t<meta property=\"og:image:height\" content=\"1214\" \/>\n\t<meta property=\"og:image:type\" content=\"image\/jpeg\" \/>\n<meta name=\"twitter:card\" content=\"summary_large_image\" \/>\n<meta name=\"twitter:label1\" content=\"Est. reading time\" \/>\n\t<meta name=\"twitter:data1\" content=\"2 minutes\" \/>\n<script type=\"application\/ld+json\" class=\"yoast-schema-graph\">{\"@context\":\"https:\\\/\\\/schema.org\",\"@graph\":[{\"@type\":\"WebPage\",\"@id\":\"https:\\\/\\\/www.talidesign.eu\\\/et\\\/pood\\\/toode\\\/umbra-rodeo-buddy-pudeliavaja\\\/\",\"url\":\"https:\\\/\\\/www.talidesign.eu\\\/et\\\/pood\\\/toode\\\/umbra-rodeo-buddy-pudeliavaja\\\/\",\"name\":\"Umbra Rodeo Buddy pudeliavaja - TALI Concept Store\",\"isPartOf\":{\"@id\":\"https:\\\/\\\/www.talidesign.eu\\\/et\\\/#website\"},\"primaryImageOfPage\":{\"@id\":\"https:\\\/\\\/www.talidesign.eu\\\/et\\\/pood\\\/toode\\\/umbra-rodeo-buddy-pudeliavaja\\\/#primaryimage\"},\"image\":{\"@id\":\"https:\\\/\\\/www.talidesign.eu\\\/et\\\/pood\\\/toode\\\/umbra-rodeo-buddy-pudeliavaja\\\/#primaryimage\"},\"thumbnailUrl\":\"https:\\\/\\\/www.talidesign.eu\\\/wp\\\/wp-content\\\/uploads\\\/2025\\\/10\\\/oklkqcjxnlly7zmlg1cy_782e6963-d56d-421c-a546-1d7d23327d20.jpeg\",\"datePublished\":\"2025-10-08T14:20:06+00:00\",\"dateModified\":\"2026-04-11T08:35:34+00:00\",\"breadcrumb\":{\"@id\":\"https:\\\/\\\/www.talidesign.eu\\\/et\\\/pood\\\/toode\\\/umbra-rodeo-buddy-pudeliavaja\\\/#breadcrumb\"},\"inLanguage\":\"et\",\"potentialAction\":[{\"@type\":\"ReadAction\",\"target\":[\"https:\\\/\\\/www.talidesign.eu\\\/et\\\/pood\\\/toode\\\/umbra-rodeo-buddy-pudeliavaja\\\/\"]}]},{\"@type\":\"ImageObject\",\"inLanguage\":\"et\",\"@id\":\"https:\\\/\\\/www.talidesign.eu\\\/et\\\/pood\\\/toode\\\/umbra-rodeo-buddy-pudeliavaja\\\/#primaryimage\",\"url\":\"https:\\\/\\\/www.talidesign.eu\\\/wp\\\/wp-content\\\/uploads\\\/2025\\\/10\\\/oklkqcjxnlly7zmlg1cy_782e6963-d56d-421c-a546-1d7d23327d20.jpeg\",\"contentUrl\":\"https:\\\/\\\/www.talidesign.eu\\\/wp\\\/wp-content\\\/uploads\\\/2025\\\/10\\\/oklkqcjxnlly7zmlg1cy_782e6963-d56d-421c-a546-1d7d23327d20.jpeg\",\"width\":1214,\"height\":1214},{\"@type\":\"BreadcrumbList\",\"@id\":\"https:\\\/\\\/www.talidesign.eu\\\/et\\\/pood\\\/toode\\\/umbra-rodeo-buddy-pudeliavaja\\\/#breadcrumb\",\"itemListElement\":[{\"@type\":\"ListItem\",\"position\":1,\"name\":\"Avaleht\",\"item\":\"https:\\\/\\\/www.talidesign.eu\\\/et\\\/\"},{\"@type\":\"ListItem\",\"position\":2,\"name\":\"Pood\",\"item\":\"https:\\\/\\\/www.talidesign.eu\\\/et\\\/pood\\\/\"},{\"@type\":\"ListItem\",\"position\":3,\"name\":\"Umbra Rodeo Buddy pudeliavaja\"}]},{\"@type\":\"WebSite\",\"@id\":\"https:\\\/\\\/www.talidesign.eu\\\/et\\\/#website\",\"url\":\"https:\\\/\\\/www.talidesign.eu\\\/et\\\/\",\"name\":\"TALI Concept Store\",\"description\":\"Suurim Disainipood Eestis\",\"potentialAction\":[{\"@type\":\"SearchAction\",\"target\":{\"@type\":\"EntryPoint\",\"urlTemplate\":\"https:\\\/\\\/www.talidesign.eu\\\/et\\\/?s={search_term_string}\"},\"query-input\":{\"@type\":\"PropertyValueSpecification\",\"valueRequired\":true,\"valueName\":\"search_term_string\"}}],\"inLanguage\":\"et\"}]}<\/script>\n<!-- \/ Yoast SEO plugin. -->","yoast_head_json":{"title":"Umbra Rodeo Buddy pudeliavaja - TALI Concept Store","robots":{"index":"index","follow":"follow","max-snippet":"max-snippet:-1","max-image-preview":"max-image-preview:large","max-video-preview":"max-video-preview:-1"},"canonical":"https:\/\/www.talidesign.eu\/et\/pood\/toode\/umbra-rodeo-buddy-pudeliavaja\/","og_locale":"et_EE","og_type":"article","og_title":"Umbra Rodeo Buddy pudeliavaja - TALI Concept Store","og_description":"Rodeo Buddy pudeliavaja  Lisa oma koju veidi iseloomu ja l\u00f5busat energiat Rodeo Buddy abil \u2013 pudeliavaja, mis toob igasse hetke stiili ja meelelahutust! See pole lihtsalt tavaline avaaja \u2013 Rodeo Buddy on valmistatud vastupidavast valumetallist ja kaetud l\u00e4ikiva kroomviimistlusega, muutes selle samaaegselt praktiliseks ja pilkup\u00fc\u00fcdvaks sisustuselemendiks. T\u00e4nu nutikale tasakaalualusele saab Buddy p\u00e4rast igat kasutuskorda \u201etantsida\u201c v\u00f5i 360\u00b0 p\u00f6\u00f6rleda, pakkudes l\u00f5busat vaatepilti ja jututeemat igale k\u00fclalisele. Ideaalne nii kodubaaridesse, peo\u00f5htuteks kui ka kingituseks \u2013 Rodeo Buddy lisab igasse ruumi veidi huumorit ja \u0161armi.   L\u00f5bus ja interaktiivne disain Rodeo Buddy saab p\u00e4rast kasutamist \u00f5\u00f5tsuda \u00fcles-alla v\u00f5i p\u00f6\u00f6rata end 360\u00b0, muutes iga pudeli avamise v\u00e4ikseks etenduseks.  Kvaliteetne ja vastupidav Valmistatud tugevast valumetallist ning viimistletud k\u00e4sitsi poleeritud kroomkattega, mis s\u00e4ilitab oma l\u00e4ike ja kestvuse.  Vestluse alustaja M\u00e4nguline ja silmapaistev aksessuaar, mis on samaaegselt nii praktiline t\u00f6\u00f6riist kui ka disainielement.  Kaunis isegi kasutuspauside ajal Rodeo Buddy on ainus pudeliavaja, mida sa tahad n\u00e4htavale j\u00e4tta \u2013 sobib igasse interj\u00f6\u00f6ri.  \u2022 Materjal: valumetall, l\u00e4ikiv kroomviimistlus \u2022 Omadused: tasakaalualus, 360\u00b0 p\u00f6\u00f6rlemine \u2022 Br\u00e4nd Umbra  Meist  1979. aastal alguse saanud \u00fche lihtsa aknakardinaga s\u00fcndis Umbra kirest originaalse disaini ja taskukohase, kaasaegse stiili vastu. Kaasasutajad Les Mandelbaum ja Paul Rowan n\u00e4gid vajadust luua loomingulisi ja soodsaid tooteid, mis sobiksid igasse koju.  T\u00e4naseks on Torontos, Kanadas asuv Umbra kasvanud rahvusvaheliseks disainiliidriks, tegutsedes enam kui 120 riigis ja omades esindusi Euroopas, P\u00f5hja- ja L\u00f5una-Ameerikas ning Aasias. Innovatsioonist kantuna toob meie rahvusvaheline disainitiim igap\u00e4evaesemetesse v\u00e4rsket loomingulisust ja uusi ideid, seades kaasaegsele disainile uusi standardeid.","og_url":"https:\/\/www.talidesign.eu\/et\/pood\/toode\/umbra-rodeo-buddy-pudeliavaja\/","og_site_name":"TALI Concept Store","article_publisher":"https:\/\/www.facebook.com\/TaliDisain\/","article_modified_time":"2026-04-11T08:35:34+00:00","og_image":[{"width":1214,"height":1214,"url":"https:\/\/www.talidesign.eu\/wp\/wp-content\/uploads\/2025\/10\/oklkqcjxnlly7zmlg1cy_782e6963-d56d-421c-a546-1d7d23327d20.jpeg","type":"image\/jpeg"}],"twitter_card":"summary_large_image","twitter_misc":{"Est. reading time":"2 minutes"},"schema":{"@context":"https:\/\/schema.org","@graph":[{"@type":"WebPage","@id":"https:\/\/www.talidesign.eu\/et\/pood\/toode\/umbra-rodeo-buddy-pudeliavaja\/","url":"https:\/\/www.talidesign.eu\/et\/pood\/toode\/umbra-rodeo-buddy-pudeliavaja\/","name":"Umbra Rodeo Buddy pudeliavaja - TALI Concept Store","isPartOf":{"@id":"https:\/\/www.talidesign.eu\/et\/#website"},"primaryImageOfPage":{"@id":"https:\/\/www.talidesign.eu\/et\/pood\/toode\/umbra-rodeo-buddy-pudeliavaja\/#primaryimage"},"image":{"@id":"https:\/\/www.talidesign.eu\/et\/pood\/toode\/umbra-rodeo-buddy-pudeliavaja\/#primaryimage"},"thumbnailUrl":"https:\/\/www.talidesign.eu\/wp\/wp-content\/uploads\/2025\/10\/oklkqcjxnlly7zmlg1cy_782e6963-d56d-421c-a546-1d7d23327d20.jpeg","datePublished":"2025-10-08T14:20:06+00:00","dateModified":"2026-04-11T08:35:34+00:00","breadcrumb":{"@id":"https:\/\/www.talidesign.eu\/et\/pood\/toode\/umbra-rodeo-buddy-pudeliavaja\/#breadcrumb"},"inLanguage":"et","potentialAction":[{"@type":"ReadAction","target":["https:\/\/www.talidesign.eu\/et\/pood\/toode\/umbra-rodeo-buddy-pudeliavaja\/"]}]},{"@type":"ImageObject","inLanguage":"et","@id":"https:\/\/www.talidesign.eu\/et\/pood\/toode\/umbra-rodeo-buddy-pudeliavaja\/#primaryimage","url":"https:\/\/www.talidesign.eu\/wp\/wp-content\/uploads\/2025\/10\/oklkqcjxnlly7zmlg1cy_782e6963-d56d-421c-a546-1d7d23327d20.jpeg","contentUrl":"https:\/\/www.talidesign.eu\/wp\/wp-content\/uploads\/2025\/10\/oklkqcjxnlly7zmlg1cy_782e6963-d56d-421c-a546-1d7d23327d20.jpeg","width":1214,"height":1214},{"@type":"BreadcrumbList","@id":"https:\/\/www.talidesign.eu\/et\/pood\/toode\/umbra-rodeo-buddy-pudeliavaja\/#breadcrumb","itemListElement":[{"@type":"ListItem","position":1,"name":"Avaleht","item":"https:\/\/www.talidesign.eu\/et\/"},{"@type":"ListItem","position":2,"name":"Pood","item":"https:\/\/www.talidesign.eu\/et\/pood\/"},{"@type":"ListItem","position":3,"name":"Umbra Rodeo Buddy pudeliavaja"}]},{"@type":"WebSite","@id":"https:\/\/www.talidesign.eu\/et\/#website","url":"https:\/\/www.talidesign.eu\/et\/","name":"TALI Concept Store","description":"Suurim Disainipood Eestis","potentialAction":[{"@type":"SearchAction","target":{"@type":"EntryPoint","urlTemplate":"https:\/\/www.talidesign.eu\/et\/?s={search_term_string}"},"query-input":{"@type":"PropertyValueSpecification","valueRequired":true,"valueName":"search_term_string"}}],"inLanguage":"et"}]}},"_links":{"self":[{"href":"https:\/\/www.talidesign.eu\/et\/wp-json\/wp\/v2\/product\/109393","targetHints":{"allow":["GET"]}}],"collection":[{"href":"https:\/\/www.talidesign.eu\/et\/wp-json\/wp\/v2\/product"}],"about":[{"href":"https:\/\/www.talidesign.eu\/et\/wp-json\/wp\/v2\/types\/product"}],"wp:featuredmedia":[{"embeddable":true,"href":"https:\/\/www.talidesign.eu\/et\/wp-json\/wp\/v2\/media\/109411"}],"wp:attachment":[{"href":"https:\/\/www.talidesign.eu\/et\/wp-json\/wp\/v2\/media?parent=109393"}],"wp:term":[{"taxonomy":"product_brand","embeddable":true,"href":"https:\/\/www.talidesign.eu\/et\/wp-json\/wp\/v2\/product_brand?post=109393"},{"taxonomy":"product_cat","embeddable":true,"href":"https:\/\/www.talidesign.eu\/et\/wp-json\/wp\/v2\/product_cat?post=109393"},{"taxonomy":"product_tag","embeddable":true,"href":"https:\/\/www.talidesign.eu\/et\/wp-json\/wp\/v2\/product_tag?post=109393"}],"curies":[{"name":"wp","href":"https:\/\/api.w.org\/{rel}","templated":true}]}}