{"id":109790,"date":"2025-10-22T13:00:37","date_gmt":"2025-10-22T10:00:37","guid":{"rendered":"https:\/\/www.talidesign.eu\/?post_type=product&#038;p=109790"},"modified":"2026-01-15T12:30:44","modified_gmt":"2026-01-15T10:30:44","slug":"5mm-paper-totem-puidust-kuunlajalg-tall-no-3","status":"publish","type":"product","link":"https:\/\/www.talidesign.eu\/et\/pood\/toode\/5mm-paper-totem-puidust-kuunlajalg-tall-no-3\/","title":{"rendered":"5mm Paper Totem puidust k\u00fc\u00fcnlajalg \u2013 Tall N\u00ba 3"},"content":{"rendered":"<p><strong>Totem puidust k\u00fc\u00fcnlajalg \u2013 Tall N\u00ba 3<\/strong><\/p>\n<p>K\u00e4sitsi valmistatud p\u00f6\u00f6gipuidust k\u00fc\u00fcnlajalg, toodetud Portugalis traditsioonilise puidup\u00f6\u00f6ramise tehnikaga.<\/p>\n<p>See modernne, kuid m\u00e4ngulise joonega Skandinaavia stiilis k\u00fc\u00fcnlajalg on valmistatud t\u00e4ispuidust p\u00f6\u00f6gist ning lisab igale ruumile soojust ja iseloomu.<\/p>\n<p>\u2022 <a href=\"https:\/\/www.talidesign.eu\/et\/tootekategooria\/brandid\/5mm-paper-et\/\">Vaata rohkem br\u00e4ndilt 5mm Paper<\/a><br \/>\n\u2022 L\u00e4bim\u00f5\u00f5t: 5 cm<br \/>\n\u2022 K\u00f5rgus: 15 cm<br \/>\n\u2022 Valmistatud Portugalis<br \/>\n\u2022 Kaal: 190.51g<\/p>\n<p><strong>Br\u00e4ndist<\/strong><\/p>\n<p>5mm Paper on kodusisustuse ja elustiilitoodete br\u00e4nd, kus Portugali k\u00e4sit\u00f6\u00f6 kohtub kaasaegse disainiga. Meile meeldib t\u00f6\u00f6tada looduslike materjalidega ja kasutada traditsioonilisi k\u00e4sit\u00f6\u00f6v\u00f5tteid, n\u00e4iteks puidup\u00f6\u00f6ramist.<\/p>\n<p>K\u00f5ik tooted valmivad Portugalis v\u00e4ikeste partiidena, p\u00f6\u00f6rates erilist t\u00e4helepanu j\u00e4tkusuutlikkusele. Loome praktilisi ja kaasaegseid disainitooteid igap\u00e4evaseks kasutamiseks. Meie stiili iseloomustab minimalistlik vormikeel ja m\u00e4nguline viimistlus. Abstraktsed kujundid, v\u00e4rvid ja looduslikud materjalid moodustavad koos moodsa ja pilkup\u00fc\u00fcdva disaini.<\/p>\n<p><a href=\"https:\/\/www.talidesign.eu\/et\/tootekategooria\/brandid\/5mm-paper-et\/\"><img loading=\"lazy\" decoding=\"async\" src=\"https:\/\/www.talidesign.eu\/wp\/wp-content\/uploads\/2025\/10\/5mm.jpg\" alt=\"5mm Paper logo\" width=\"500\" height=\"100\" class=\"alignnone size-full wp-image-109669\" srcset=\"https:\/\/www.talidesign.eu\/wp\/wp-content\/uploads\/2025\/10\/5mm.jpg 500w, https:\/\/www.talidesign.eu\/wp\/wp-content\/uploads\/2025\/10\/5mm-64x13.jpg 64w\" sizes=\"auto, (max-width: 500px) 100vw, 500px\" \/><\/a><\/p>\n","protected":false},"excerpt":{"rendered":"<p><strong>Totem puidust k\u00fc\u00fcnlajalg \u2013 Tall N\u00ba 3<\/strong><\/p>\n<p>K\u00e4sitsi valmistatud p\u00f6\u00f6gipuidust k\u00fc\u00fcnlajalg, toodetud Portugalis traditsioonilise puidup\u00f6\u00f6ramise tehnikaga.<\/p>\n<p>See modernne, kuid m\u00e4ngulise joonega Skandinaavia stiilis k\u00fc\u00fcnlajalg on valmistatud t\u00e4ispuidust p\u00f6\u00f6gist ning lisab igale ruumile soojust ja iseloomu.<\/p>\n<p>\u2022 <a href=\"https:\/\/www.talidesign.eu\/et\/tootekategooria\/brandid\/5mm-paper-et\/\">Vaata rohkem br\u00e4ndilt 5mm Paper<\/a><br \/>\n\u2022 L\u00e4bim\u00f5\u00f5t: 5 cm<br \/>\n\u2022 K\u00f5rgus: 15 cm<br \/>\n\u2022 Valmistatud Portugalis<br \/>\n\u2022 Kaal: 190.51g<\/p>\n<p><strong>Br\u00e4ndist<\/strong><\/p>\n<p>5mm Paper on kodusisustuse ja elustiilitoodete br\u00e4nd, kus Portugali k\u00e4sit\u00f6\u00f6 kohtub kaasaegse disainiga. Meile meeldib t\u00f6\u00f6tada looduslike materjalidega ja kasutada traditsioonilisi k\u00e4sit\u00f6\u00f6v\u00f5tteid, n\u00e4iteks puidup\u00f6\u00f6ramist.<\/p>\n<p>K\u00f5ik tooted valmivad Portugalis v\u00e4ikeste partiidena, p\u00f6\u00f6rates erilist t\u00e4helepanu j\u00e4tkusuutlikkusele. Loome praktilisi ja kaasaegseid disainitooteid igap\u00e4evaseks kasutamiseks. Meie stiili iseloomustab minimalistlik vormikeel ja m\u00e4nguline viimistlus. Abstraktsed kujundid, v\u00e4rvid ja looduslikud materjalid moodustavad koos moodsa ja pilkup\u00fc\u00fcdva disaini.<\/p>\n<p><a href=\"https:\/\/www.talidesign.eu\/et\/tootekategooria\/brandid\/5mm-paper-et\/\"><img loading=\"lazy\" decoding=\"async\" src=\"https:\/\/www.talidesign.eu\/wp\/wp-content\/uploads\/2025\/10\/5mm.jpg\" alt=\"5mm Paper logo\" width=\"500\" height=\"100\" class=\"alignnone size-full wp-image-109669\" srcset=\"https:\/\/www.talidesign.eu\/wp\/wp-content\/uploads\/2025\/10\/5mm.jpg 500w, https:\/\/www.talidesign.eu\/wp\/wp-content\/uploads\/2025\/10\/5mm-64x13.jpg 64w\" sizes=\"auto, (max-width: 500px) 100vw, 500px\" \/><\/a><\/p>\n","protected":false},"featured_media":109796,"template":"","meta":[],"product_brand":[],"product_cat":[3629,1099,1030,1109,1101],"product_tag":[3632],"class_list":{"0":"post-109790","1":"product","2":"type-product","3":"status-publish","4":"has-post-thumbnail","6":"product_cat-5mm-paper-et","7":"product_cat-aksessuaarid","8":"product_cat-kook","9":"product_cat-lauanoud","10":"product_cat-magamis-ja-elutuba","11":"product_tag-5mm-paper-et","13":"first","14":"outofstock","15":"featured","16":"taxable","17":"shipping-taxable","18":"purchasable","19":"product-type-simple"},"yoast_head":"<!-- This site is optimized with the Yoast SEO plugin v27.5 - https:\/\/yoast.com\/product\/yoast-seo-wordpress\/ -->\n<title>5mm Paper Totem puidust k\u00fc\u00fcnlajalg \u2013 Tall N\u00ba 3 - TALI Concept Store<\/title>\n<meta name=\"robots\" content=\"index, follow, max-snippet:-1, max-image-preview:large, max-video-preview:-1\" \/>\n<link rel=\"canonical\" href=\"https:\/\/www.talidesign.eu\/et\/pood\/toode\/5mm-paper-totem-puidust-kuunlajalg-tall-no-3\/\" \/>\n<meta property=\"og:locale\" content=\"et_EE\" \/>\n<meta property=\"og:type\" content=\"article\" \/>\n<meta property=\"og:title\" content=\"5mm Paper Totem puidust k\u00fc\u00fcnlajalg \u2013 Tall N\u00ba 3 - TALI Concept Store\" \/>\n<meta property=\"og:description\" content=\"Totem puidust k\u00fc\u00fcnlajalg \u2013 Tall N\u00ba 3  K\u00e4sitsi valmistatud p\u00f6\u00f6gipuidust k\u00fc\u00fcnlajalg, toodetud Portugalis traditsioonilise puidup\u00f6\u00f6ramise tehnikaga.  See modernne, kuid m\u00e4ngulise joonega Skandinaavia stiilis k\u00fc\u00fcnlajalg on valmistatud t\u00e4ispuidust p\u00f6\u00f6gist ning lisab igale ruumile soojust ja iseloomu.  \u2022 Vaata rohkem br\u00e4ndilt 5mm Paper \u2022 L\u00e4bim\u00f5\u00f5t: 5 cm \u2022 K\u00f5rgus: 15 cm \u2022 Valmistatud Portugalis \u2022 Kaal: 190.51g  Br\u00e4ndist  5mm Paper on kodusisustuse ja elustiilitoodete br\u00e4nd, kus Portugali k\u00e4sit\u00f6\u00f6 kohtub kaasaegse disainiga. Meile meeldib t\u00f6\u00f6tada looduslike materjalidega ja kasutada traditsioonilisi k\u00e4sit\u00f6\u00f6v\u00f5tteid, n\u00e4iteks puidup\u00f6\u00f6ramist.  K\u00f5ik tooted valmivad Portugalis v\u00e4ikeste partiidena, p\u00f6\u00f6rates erilist t\u00e4helepanu j\u00e4tkusuutlikkusele. Loome praktilisi ja kaasaegseid disainitooteid igap\u00e4evaseks kasutamiseks. Meie stiili iseloomustab minimalistlik vormikeel ja m\u00e4nguline viimistlus. Abstraktsed kujundid, v\u00e4rvid ja looduslikud materjalid moodustavad koos moodsa ja pilkup\u00fc\u00fcdva disaini.\" \/>\n<meta property=\"og:url\" content=\"https:\/\/www.talidesign.eu\/et\/pood\/toode\/5mm-paper-totem-puidust-kuunlajalg-tall-no-3\/\" \/>\n<meta property=\"og:site_name\" content=\"TALI Concept Store\" \/>\n<meta property=\"article:publisher\" content=\"https:\/\/www.facebook.com\/TaliDisain\/\" \/>\n<meta property=\"article:modified_time\" content=\"2026-01-15T10:30:44+00:00\" \/>\n<meta property=\"og:image\" content=\"https:\/\/www.talidesign.eu\/wp\/wp-content\/uploads\/2025\/10\/d1ed7dc98056c5729887547a25a5104b1f1ccba96fb1bc559a0f472337213556-Photoroom.jpg\" \/>\n\t<meta property=\"og:image:width\" content=\"768\" \/>\n\t<meta property=\"og:image:height\" content=\"768\" \/>\n\t<meta property=\"og:image:type\" content=\"image\/jpeg\" \/>\n<meta name=\"twitter:card\" content=\"summary_large_image\" \/>\n<meta name=\"twitter:label1\" content=\"Est. reading time\" \/>\n\t<meta name=\"twitter:data1\" content=\"1 minute\" \/>\n<script type=\"application\/ld+json\" class=\"yoast-schema-graph\">{\"@context\":\"https:\\\/\\\/schema.org\",\"@graph\":[{\"@type\":\"WebPage\",\"@id\":\"https:\\\/\\\/www.talidesign.eu\\\/et\\\/pood\\\/toode\\\/5mm-paper-totem-puidust-kuunlajalg-tall-no-3\\\/\",\"url\":\"https:\\\/\\\/www.talidesign.eu\\\/et\\\/pood\\\/toode\\\/5mm-paper-totem-puidust-kuunlajalg-tall-no-3\\\/\",\"name\":\"5mm Paper Totem puidust k\u00fc\u00fcnlajalg \u2013 Tall N\u00ba 3 - TALI Concept Store\",\"isPartOf\":{\"@id\":\"https:\\\/\\\/www.talidesign.eu\\\/et\\\/#website\"},\"primaryImageOfPage\":{\"@id\":\"https:\\\/\\\/www.talidesign.eu\\\/et\\\/pood\\\/toode\\\/5mm-paper-totem-puidust-kuunlajalg-tall-no-3\\\/#primaryimage\"},\"image\":{\"@id\":\"https:\\\/\\\/www.talidesign.eu\\\/et\\\/pood\\\/toode\\\/5mm-paper-totem-puidust-kuunlajalg-tall-no-3\\\/#primaryimage\"},\"thumbnailUrl\":\"https:\\\/\\\/www.talidesign.eu\\\/wp\\\/wp-content\\\/uploads\\\/2025\\\/10\\\/d1ed7dc98056c5729887547a25a5104b1f1ccba96fb1bc559a0f472337213556-Photoroom.jpg\",\"datePublished\":\"2025-10-22T10:00:37+00:00\",\"dateModified\":\"2026-01-15T10:30:44+00:00\",\"breadcrumb\":{\"@id\":\"https:\\\/\\\/www.talidesign.eu\\\/et\\\/pood\\\/toode\\\/5mm-paper-totem-puidust-kuunlajalg-tall-no-3\\\/#breadcrumb\"},\"inLanguage\":\"et\",\"potentialAction\":[{\"@type\":\"ReadAction\",\"target\":[\"https:\\\/\\\/www.talidesign.eu\\\/et\\\/pood\\\/toode\\\/5mm-paper-totem-puidust-kuunlajalg-tall-no-3\\\/\"]}]},{\"@type\":\"ImageObject\",\"inLanguage\":\"et\",\"@id\":\"https:\\\/\\\/www.talidesign.eu\\\/et\\\/pood\\\/toode\\\/5mm-paper-totem-puidust-kuunlajalg-tall-no-3\\\/#primaryimage\",\"url\":\"https:\\\/\\\/www.talidesign.eu\\\/wp\\\/wp-content\\\/uploads\\\/2025\\\/10\\\/d1ed7dc98056c5729887547a25a5104b1f1ccba96fb1bc559a0f472337213556-Photoroom.jpg\",\"contentUrl\":\"https:\\\/\\\/www.talidesign.eu\\\/wp\\\/wp-content\\\/uploads\\\/2025\\\/10\\\/d1ed7dc98056c5729887547a25a5104b1f1ccba96fb1bc559a0f472337213556-Photoroom.jpg\",\"width\":768,\"height\":768},{\"@type\":\"BreadcrumbList\",\"@id\":\"https:\\\/\\\/www.talidesign.eu\\\/et\\\/pood\\\/toode\\\/5mm-paper-totem-puidust-kuunlajalg-tall-no-3\\\/#breadcrumb\",\"itemListElement\":[{\"@type\":\"ListItem\",\"position\":1,\"name\":\"Avaleht\",\"item\":\"https:\\\/\\\/www.talidesign.eu\\\/et\\\/\"},{\"@type\":\"ListItem\",\"position\":2,\"name\":\"Pood\",\"item\":\"https:\\\/\\\/www.talidesign.eu\\\/et\\\/pood\\\/\"},{\"@type\":\"ListItem\",\"position\":3,\"name\":\"5mm Paper Totem puidust k\u00fc\u00fcnlajalg \u2013 Tall N\u00ba 3\"}]},{\"@type\":\"WebSite\",\"@id\":\"https:\\\/\\\/www.talidesign.eu\\\/et\\\/#website\",\"url\":\"https:\\\/\\\/www.talidesign.eu\\\/et\\\/\",\"name\":\"TALI Concept Store\",\"description\":\"Suurim Disainipood Eestis\",\"potentialAction\":[{\"@type\":\"SearchAction\",\"target\":{\"@type\":\"EntryPoint\",\"urlTemplate\":\"https:\\\/\\\/www.talidesign.eu\\\/et\\\/?s={search_term_string}\"},\"query-input\":{\"@type\":\"PropertyValueSpecification\",\"valueRequired\":true,\"valueName\":\"search_term_string\"}}],\"inLanguage\":\"et\"}]}<\/script>\n<!-- \/ Yoast SEO plugin. -->","yoast_head_json":{"title":"5mm Paper Totem puidust k\u00fc\u00fcnlajalg \u2013 Tall N\u00ba 3 - TALI Concept Store","robots":{"index":"index","follow":"follow","max-snippet":"max-snippet:-1","max-image-preview":"max-image-preview:large","max-video-preview":"max-video-preview:-1"},"canonical":"https:\/\/www.talidesign.eu\/et\/pood\/toode\/5mm-paper-totem-puidust-kuunlajalg-tall-no-3\/","og_locale":"et_EE","og_type":"article","og_title":"5mm Paper Totem puidust k\u00fc\u00fcnlajalg \u2013 Tall N\u00ba 3 - TALI Concept Store","og_description":"Totem puidust k\u00fc\u00fcnlajalg \u2013 Tall N\u00ba 3  K\u00e4sitsi valmistatud p\u00f6\u00f6gipuidust k\u00fc\u00fcnlajalg, toodetud Portugalis traditsioonilise puidup\u00f6\u00f6ramise tehnikaga.  See modernne, kuid m\u00e4ngulise joonega Skandinaavia stiilis k\u00fc\u00fcnlajalg on valmistatud t\u00e4ispuidust p\u00f6\u00f6gist ning lisab igale ruumile soojust ja iseloomu.  \u2022 Vaata rohkem br\u00e4ndilt 5mm Paper \u2022 L\u00e4bim\u00f5\u00f5t: 5 cm \u2022 K\u00f5rgus: 15 cm \u2022 Valmistatud Portugalis \u2022 Kaal: 190.51g  Br\u00e4ndist  5mm Paper on kodusisustuse ja elustiilitoodete br\u00e4nd, kus Portugali k\u00e4sit\u00f6\u00f6 kohtub kaasaegse disainiga. Meile meeldib t\u00f6\u00f6tada looduslike materjalidega ja kasutada traditsioonilisi k\u00e4sit\u00f6\u00f6v\u00f5tteid, n\u00e4iteks puidup\u00f6\u00f6ramist.  K\u00f5ik tooted valmivad Portugalis v\u00e4ikeste partiidena, p\u00f6\u00f6rates erilist t\u00e4helepanu j\u00e4tkusuutlikkusele. Loome praktilisi ja kaasaegseid disainitooteid igap\u00e4evaseks kasutamiseks. Meie stiili iseloomustab minimalistlik vormikeel ja m\u00e4nguline viimistlus. Abstraktsed kujundid, v\u00e4rvid ja looduslikud materjalid moodustavad koos moodsa ja pilkup\u00fc\u00fcdva disaini.","og_url":"https:\/\/www.talidesign.eu\/et\/pood\/toode\/5mm-paper-totem-puidust-kuunlajalg-tall-no-3\/","og_site_name":"TALI Concept Store","article_publisher":"https:\/\/www.facebook.com\/TaliDisain\/","article_modified_time":"2026-01-15T10:30:44+00:00","og_image":[{"width":768,"height":768,"url":"https:\/\/www.talidesign.eu\/wp\/wp-content\/uploads\/2025\/10\/d1ed7dc98056c5729887547a25a5104b1f1ccba96fb1bc559a0f472337213556-Photoroom.jpg","type":"image\/jpeg"}],"twitter_card":"summary_large_image","twitter_misc":{"Est. reading time":"1 minute"},"schema":{"@context":"https:\/\/schema.org","@graph":[{"@type":"WebPage","@id":"https:\/\/www.talidesign.eu\/et\/pood\/toode\/5mm-paper-totem-puidust-kuunlajalg-tall-no-3\/","url":"https:\/\/www.talidesign.eu\/et\/pood\/toode\/5mm-paper-totem-puidust-kuunlajalg-tall-no-3\/","name":"5mm Paper Totem puidust k\u00fc\u00fcnlajalg \u2013 Tall N\u00ba 3 - TALI Concept Store","isPartOf":{"@id":"https:\/\/www.talidesign.eu\/et\/#website"},"primaryImageOfPage":{"@id":"https:\/\/www.talidesign.eu\/et\/pood\/toode\/5mm-paper-totem-puidust-kuunlajalg-tall-no-3\/#primaryimage"},"image":{"@id":"https:\/\/www.talidesign.eu\/et\/pood\/toode\/5mm-paper-totem-puidust-kuunlajalg-tall-no-3\/#primaryimage"},"thumbnailUrl":"https:\/\/www.talidesign.eu\/wp\/wp-content\/uploads\/2025\/10\/d1ed7dc98056c5729887547a25a5104b1f1ccba96fb1bc559a0f472337213556-Photoroom.jpg","datePublished":"2025-10-22T10:00:37+00:00","dateModified":"2026-01-15T10:30:44+00:00","breadcrumb":{"@id":"https:\/\/www.talidesign.eu\/et\/pood\/toode\/5mm-paper-totem-puidust-kuunlajalg-tall-no-3\/#breadcrumb"},"inLanguage":"et","potentialAction":[{"@type":"ReadAction","target":["https:\/\/www.talidesign.eu\/et\/pood\/toode\/5mm-paper-totem-puidust-kuunlajalg-tall-no-3\/"]}]},{"@type":"ImageObject","inLanguage":"et","@id":"https:\/\/www.talidesign.eu\/et\/pood\/toode\/5mm-paper-totem-puidust-kuunlajalg-tall-no-3\/#primaryimage","url":"https:\/\/www.talidesign.eu\/wp\/wp-content\/uploads\/2025\/10\/d1ed7dc98056c5729887547a25a5104b1f1ccba96fb1bc559a0f472337213556-Photoroom.jpg","contentUrl":"https:\/\/www.talidesign.eu\/wp\/wp-content\/uploads\/2025\/10\/d1ed7dc98056c5729887547a25a5104b1f1ccba96fb1bc559a0f472337213556-Photoroom.jpg","width":768,"height":768},{"@type":"BreadcrumbList","@id":"https:\/\/www.talidesign.eu\/et\/pood\/toode\/5mm-paper-totem-puidust-kuunlajalg-tall-no-3\/#breadcrumb","itemListElement":[{"@type":"ListItem","position":1,"name":"Avaleht","item":"https:\/\/www.talidesign.eu\/et\/"},{"@type":"ListItem","position":2,"name":"Pood","item":"https:\/\/www.talidesign.eu\/et\/pood\/"},{"@type":"ListItem","position":3,"name":"5mm Paper Totem puidust k\u00fc\u00fcnlajalg \u2013 Tall N\u00ba 3"}]},{"@type":"WebSite","@id":"https:\/\/www.talidesign.eu\/et\/#website","url":"https:\/\/www.talidesign.eu\/et\/","name":"TALI Concept Store","description":"Suurim Disainipood Eestis","potentialAction":[{"@type":"SearchAction","target":{"@type":"EntryPoint","urlTemplate":"https:\/\/www.talidesign.eu\/et\/?s={search_term_string}"},"query-input":{"@type":"PropertyValueSpecification","valueRequired":true,"valueName":"search_term_string"}}],"inLanguage":"et"}]}},"_links":{"self":[{"href":"https:\/\/www.talidesign.eu\/et\/wp-json\/wp\/v2\/product\/109790","targetHints":{"allow":["GET"]}}],"collection":[{"href":"https:\/\/www.talidesign.eu\/et\/wp-json\/wp\/v2\/product"}],"about":[{"href":"https:\/\/www.talidesign.eu\/et\/wp-json\/wp\/v2\/types\/product"}],"wp:featuredmedia":[{"embeddable":true,"href":"https:\/\/www.talidesign.eu\/et\/wp-json\/wp\/v2\/media\/109796"}],"wp:attachment":[{"href":"https:\/\/www.talidesign.eu\/et\/wp-json\/wp\/v2\/media?parent=109790"}],"wp:term":[{"taxonomy":"product_brand","embeddable":true,"href":"https:\/\/www.talidesign.eu\/et\/wp-json\/wp\/v2\/product_brand?post=109790"},{"taxonomy":"product_cat","embeddable":true,"href":"https:\/\/www.talidesign.eu\/et\/wp-json\/wp\/v2\/product_cat?post=109790"},{"taxonomy":"product_tag","embeddable":true,"href":"https:\/\/www.talidesign.eu\/et\/wp-json\/wp\/v2\/product_tag?post=109790"}],"curies":[{"name":"wp","href":"https:\/\/api.w.org\/{rel}","templated":true}]}}