{"id":109858,"date":"2025-10-24T10:50:59","date_gmt":"2025-10-24T07:50:59","guid":{"rendered":"https:\/\/www.talidesign.eu\/?post_type=product&#038;p=109858"},"modified":"2025-11-26T13:14:27","modified_gmt":"2025-11-26T11:14:27","slug":"pluto-design-angel-chime-flying-angel","status":"publish","type":"product","link":"https:\/\/www.talidesign.eu\/et\/pood\/toode\/pluto-design-angel-chime-flying-angel\/","title":{"rendered":"Pluto Design Angel Chime Flying Angel"},"content":{"rendered":"<p><strong>Angel Chime Flying Angel<\/strong><\/p>\n<p>Kaunista oma kodu elegantse ja \u00f5hulise Flying Angel inglikellaga, mille kuldsed inglid keerlevad \u00f5rnalt valguse ja soojuse saatel. See lummav dekoratsioon loob maagilise meeleolu ning toob igasse tuppa rahu ja pidulikkust. Ideaalne nii j\u00f5uluajaks kui aastaringseks kodukaunistuseks.<\/p>\n<p>\u2022 <a href=\"\/?product_cat=pluto-design-et\">Vaata rohkem br\u00e4ndilt Pluto Design<\/a><br \/>\n\u2022 Pikkus: 6,5 cm<br \/>\n\u2022 Laius: 6,5 cm<br \/>\n\u2022 K\u00f5rgus: 16 cm<br \/>\n\u2022 Kaal: 50 g<br \/>\n\u2022 Materjal: metall<br \/>\n\u2022 V\u00e4rvus: kuldne<\/p>\n<p><strong>Br\u00e4ndist<\/strong><\/p>\n<p>Pluto Design on Rootsi disainibr\u00e4nd, mis sai alguse G\u00f6teborgis 1996. aastal ning on t\u00e4naseks kujunenud armastatud nimeks sisustusmaailmas. Ettev\u00f5tte eesm\u00e4rk on luua kvaliteetseid Skandinaavia stiilis tooteid, mis \u00fchendavad kauni disaini, hoolikalt l\u00e4bim\u00f5eldud pakendi ja taskukohase hinna.<\/p>\n<p>Pluto teeb koost\u00f6\u00f6d tuntud rahvusvaheliste litsentsibr\u00e4ndidega, nagu Moomin Characters\u2122, Miffy ja Lisa Larson, ning nende tooteid leiab juba 35 riigis \u00fcle kogu maailma.<\/p>\n<p>Br\u00e4ndi m\u00e4nguline ja oman\u00e4oline stiil p\u00f5imib kaasaegseid ja traditsioonilisi jooni, p\u00f6\u00f6rates samal ajal suurt t\u00e4helepanu keskkonnas\u00f5bralikkusele ja taaskasutusele. Iga uus kollektsioon s\u00fcnnib soovist tuua ilu, soojust ja r\u00f5\u00f5mu igasse koju.<\/p>\n<p><a href=\"\/?product_cat=pluto-design-et\"><img loading=\"lazy\" decoding=\"async\" src=\"https:\/\/www.talidesign.eu\/wp\/wp-content\/uploads\/2025\/10\/pluto.jpg\" alt=\"\" width=\"500\" height=\"100\" class=\"alignnone size-full wp-image-109839\" srcset=\"https:\/\/www.talidesign.eu\/wp\/wp-content\/uploads\/2025\/10\/pluto.jpg 500w, https:\/\/www.talidesign.eu\/wp\/wp-content\/uploads\/2025\/10\/pluto-64x13.jpg 64w\" sizes=\"auto, (max-width: 500px) 100vw, 500px\" \/><\/a><\/p>\n","protected":false},"excerpt":{"rendered":"<p><strong>Angel Chime Flying Angel<\/strong><\/p>\n<p>Kaunista oma kodu elegantse ja \u00f5hulise Flying Angel inglikellaga, mille kuldsed inglid keerlevad \u00f5rnalt valguse ja soojuse saatel. See lummav dekoratsioon loob maagilise meeleolu ning toob igasse tuppa rahu ja pidulikkust. Ideaalne nii j\u00f5uluajaks kui aastaringseks kodukaunistuseks.<\/p>\n<p>\u2022 <a href=\"\/?product_cat=pluto-design-et\">Vaata rohkem br\u00e4ndilt Pluto Design<\/a><br \/>\n\u2022 Pikkus: 6,5 cm<br \/>\n\u2022 Laius: 6,5 cm<br \/>\n\u2022 K\u00f5rgus: 16 cm<br \/>\n\u2022 Kaal: 50 g<br \/>\n\u2022 Materjal: metall<br \/>\n\u2022 V\u00e4rvus: kuldne<\/p>\n<p><strong>Br\u00e4ndist<\/strong><\/p>\n<p>Pluto Design on Rootsi disainibr\u00e4nd, mis sai alguse G\u00f6teborgis 1996. aastal ning on t\u00e4naseks kujunenud armastatud nimeks sisustusmaailmas. Ettev\u00f5tte eesm\u00e4rk on luua kvaliteetseid Skandinaavia stiilis tooteid, mis \u00fchendavad kauni disaini, hoolikalt l\u00e4bim\u00f5eldud pakendi ja taskukohase hinna.<\/p>\n<p>Pluto teeb koost\u00f6\u00f6d tuntud rahvusvaheliste litsentsibr\u00e4ndidega, nagu Moomin Characters\u2122, Miffy ja Lisa Larson, ning nende tooteid leiab juba 35 riigis \u00fcle kogu maailma.<\/p>\n<p>Br\u00e4ndi m\u00e4nguline ja oman\u00e4oline stiil p\u00f5imib kaasaegseid ja traditsioonilisi jooni, p\u00f6\u00f6rates samal ajal suurt t\u00e4helepanu keskkonnas\u00f5bralikkusele ja taaskasutusele. Iga uus kollektsioon s\u00fcnnib soovist tuua ilu, soojust ja r\u00f5\u00f5mu igasse koju.<\/p>\n<p><a href=\"\/?product_cat=pluto-design-et\"><img loading=\"lazy\" decoding=\"async\" src=\"https:\/\/www.talidesign.eu\/wp\/wp-content\/uploads\/2025\/10\/pluto.jpg\" alt=\"\" width=\"500\" height=\"100\" class=\"alignnone size-full wp-image-109839\" srcset=\"https:\/\/www.talidesign.eu\/wp\/wp-content\/uploads\/2025\/10\/pluto.jpg 500w, https:\/\/www.talidesign.eu\/wp\/wp-content\/uploads\/2025\/10\/pluto-64x13.jpg 64w\" sizes=\"auto, (max-width: 500px) 100vw, 500px\" \/><\/a><\/p>\n","protected":false},"featured_media":109862,"template":"","meta":[],"product_brand":[],"product_cat":[1099,1101,3635],"product_tag":[3638],"class_list":{"0":"post-109858","1":"product","2":"type-product","3":"status-publish","4":"has-post-thumbnail","6":"product_cat-aksessuaarid","7":"product_cat-magamis-ja-elutuba","8":"product_cat-pluto-design-et","9":"product_tag-pluto-design","11":"first","12":"outofstock","13":"featured","14":"taxable","15":"shipping-taxable","16":"purchasable","17":"product-type-simple"},"yoast_head":"<!-- This site is optimized with the Yoast SEO plugin v27.5 - https:\/\/yoast.com\/product\/yoast-seo-wordpress\/ -->\n<title>Pluto Design Angel Chime Flying Angel - TALI Concept Store<\/title>\n<meta name=\"robots\" content=\"index, follow, max-snippet:-1, max-image-preview:large, max-video-preview:-1\" \/>\n<link rel=\"canonical\" href=\"https:\/\/www.talidesign.eu\/et\/pood\/toode\/pluto-design-angel-chime-flying-angel\/\" \/>\n<meta property=\"og:locale\" content=\"et_EE\" \/>\n<meta property=\"og:type\" content=\"article\" \/>\n<meta property=\"og:title\" content=\"Pluto Design Angel Chime Flying Angel - TALI Concept Store\" \/>\n<meta property=\"og:description\" content=\"Angel Chime Flying Angel  Kaunista oma kodu elegantse ja \u00f5hulise Flying Angel inglikellaga, mille kuldsed inglid keerlevad \u00f5rnalt valguse ja soojuse saatel. See lummav dekoratsioon loob maagilise meeleolu ning toob igasse tuppa rahu ja pidulikkust. Ideaalne nii j\u00f5uluajaks kui aastaringseks kodukaunistuseks.  \u2022 Vaata rohkem br\u00e4ndilt Pluto Design \u2022 Pikkus: 6,5 cm \u2022 Laius: 6,5 cm \u2022 K\u00f5rgus: 16 cm \u2022 Kaal: 50 g \u2022 Materjal: metall \u2022 V\u00e4rvus: kuldne  Br\u00e4ndist  Pluto Design on Rootsi disainibr\u00e4nd, mis sai alguse G\u00f6teborgis 1996. aastal ning on t\u00e4naseks kujunenud armastatud nimeks sisustusmaailmas. Ettev\u00f5tte eesm\u00e4rk on luua kvaliteetseid Skandinaavia stiilis tooteid, mis \u00fchendavad kauni disaini, hoolikalt l\u00e4bim\u00f5eldud pakendi ja taskukohase hinna.  Pluto teeb koost\u00f6\u00f6d tuntud rahvusvaheliste litsentsibr\u00e4ndidega, nagu Moomin Characters\u2122, Miffy ja Lisa Larson, ning nende tooteid leiab juba 35 riigis \u00fcle kogu maailma.  Br\u00e4ndi m\u00e4nguline ja oman\u00e4oline stiil p\u00f5imib kaasaegseid ja traditsioonilisi jooni, p\u00f6\u00f6rates samal ajal suurt t\u00e4helepanu keskkonnas\u00f5bralikkusele ja taaskasutusele. Iga uus kollektsioon s\u00fcnnib soovist tuua ilu, soojust ja r\u00f5\u00f5mu igasse koju.\" \/>\n<meta property=\"og:url\" content=\"https:\/\/www.talidesign.eu\/et\/pood\/toode\/pluto-design-angel-chime-flying-angel\/\" \/>\n<meta property=\"og:site_name\" content=\"TALI Concept Store\" \/>\n<meta property=\"article:publisher\" content=\"https:\/\/www.facebook.com\/TaliDisain\/\" \/>\n<meta property=\"article:modified_time\" content=\"2025-11-26T11:14:27+00:00\" \/>\n<meta property=\"og:image\" content=\"https:\/\/www.talidesign.eu\/wp\/wp-content\/uploads\/2025\/10\/177967407-origpic-adc75a-Photoroom.jpg\" \/>\n\t<meta property=\"og:image:width\" content=\"768\" \/>\n\t<meta property=\"og:image:height\" content=\"768\" \/>\n\t<meta property=\"og:image:type\" content=\"image\/jpeg\" \/>\n<meta name=\"twitter:card\" content=\"summary_large_image\" \/>\n<meta name=\"twitter:label1\" content=\"Est. reading time\" \/>\n\t<meta name=\"twitter:data1\" content=\"2 minutes\" \/>\n<script type=\"application\/ld+json\" class=\"yoast-schema-graph\">{\"@context\":\"https:\\\/\\\/schema.org\",\"@graph\":[{\"@type\":\"WebPage\",\"@id\":\"https:\\\/\\\/www.talidesign.eu\\\/et\\\/pood\\\/toode\\\/pluto-design-angel-chime-flying-angel\\\/\",\"url\":\"https:\\\/\\\/www.talidesign.eu\\\/et\\\/pood\\\/toode\\\/pluto-design-angel-chime-flying-angel\\\/\",\"name\":\"Pluto Design Angel Chime Flying Angel - TALI Concept Store\",\"isPartOf\":{\"@id\":\"https:\\\/\\\/www.talidesign.eu\\\/et\\\/#website\"},\"primaryImageOfPage\":{\"@id\":\"https:\\\/\\\/www.talidesign.eu\\\/et\\\/pood\\\/toode\\\/pluto-design-angel-chime-flying-angel\\\/#primaryimage\"},\"image\":{\"@id\":\"https:\\\/\\\/www.talidesign.eu\\\/et\\\/pood\\\/toode\\\/pluto-design-angel-chime-flying-angel\\\/#primaryimage\"},\"thumbnailUrl\":\"https:\\\/\\\/www.talidesign.eu\\\/wp\\\/wp-content\\\/uploads\\\/2025\\\/10\\\/177967407-origpic-adc75a-Photoroom.jpg\",\"datePublished\":\"2025-10-24T07:50:59+00:00\",\"dateModified\":\"2025-11-26T11:14:27+00:00\",\"breadcrumb\":{\"@id\":\"https:\\\/\\\/www.talidesign.eu\\\/et\\\/pood\\\/toode\\\/pluto-design-angel-chime-flying-angel\\\/#breadcrumb\"},\"inLanguage\":\"et\",\"potentialAction\":[{\"@type\":\"ReadAction\",\"target\":[\"https:\\\/\\\/www.talidesign.eu\\\/et\\\/pood\\\/toode\\\/pluto-design-angel-chime-flying-angel\\\/\"]}]},{\"@type\":\"ImageObject\",\"inLanguage\":\"et\",\"@id\":\"https:\\\/\\\/www.talidesign.eu\\\/et\\\/pood\\\/toode\\\/pluto-design-angel-chime-flying-angel\\\/#primaryimage\",\"url\":\"https:\\\/\\\/www.talidesign.eu\\\/wp\\\/wp-content\\\/uploads\\\/2025\\\/10\\\/177967407-origpic-adc75a-Photoroom.jpg\",\"contentUrl\":\"https:\\\/\\\/www.talidesign.eu\\\/wp\\\/wp-content\\\/uploads\\\/2025\\\/10\\\/177967407-origpic-adc75a-Photoroom.jpg\",\"width\":768,\"height\":768},{\"@type\":\"BreadcrumbList\",\"@id\":\"https:\\\/\\\/www.talidesign.eu\\\/et\\\/pood\\\/toode\\\/pluto-design-angel-chime-flying-angel\\\/#breadcrumb\",\"itemListElement\":[{\"@type\":\"ListItem\",\"position\":1,\"name\":\"Avaleht\",\"item\":\"https:\\\/\\\/www.talidesign.eu\\\/et\\\/\"},{\"@type\":\"ListItem\",\"position\":2,\"name\":\"Pood\",\"item\":\"https:\\\/\\\/www.talidesign.eu\\\/et\\\/pood\\\/\"},{\"@type\":\"ListItem\",\"position\":3,\"name\":\"Pluto Design Angel Chime Flying Angel\"}]},{\"@type\":\"WebSite\",\"@id\":\"https:\\\/\\\/www.talidesign.eu\\\/et\\\/#website\",\"url\":\"https:\\\/\\\/www.talidesign.eu\\\/et\\\/\",\"name\":\"TALI Concept Store\",\"description\":\"Suurim Disainipood Eestis\",\"potentialAction\":[{\"@type\":\"SearchAction\",\"target\":{\"@type\":\"EntryPoint\",\"urlTemplate\":\"https:\\\/\\\/www.talidesign.eu\\\/et\\\/?s={search_term_string}\"},\"query-input\":{\"@type\":\"PropertyValueSpecification\",\"valueRequired\":true,\"valueName\":\"search_term_string\"}}],\"inLanguage\":\"et\"}]}<\/script>\n<!-- \/ Yoast SEO plugin. -->","yoast_head_json":{"title":"Pluto Design Angel Chime Flying Angel - TALI Concept Store","robots":{"index":"index","follow":"follow","max-snippet":"max-snippet:-1","max-image-preview":"max-image-preview:large","max-video-preview":"max-video-preview:-1"},"canonical":"https:\/\/www.talidesign.eu\/et\/pood\/toode\/pluto-design-angel-chime-flying-angel\/","og_locale":"et_EE","og_type":"article","og_title":"Pluto Design Angel Chime Flying Angel - TALI Concept Store","og_description":"Angel Chime Flying Angel  Kaunista oma kodu elegantse ja \u00f5hulise Flying Angel inglikellaga, mille kuldsed inglid keerlevad \u00f5rnalt valguse ja soojuse saatel. See lummav dekoratsioon loob maagilise meeleolu ning toob igasse tuppa rahu ja pidulikkust. Ideaalne nii j\u00f5uluajaks kui aastaringseks kodukaunistuseks.  \u2022 Vaata rohkem br\u00e4ndilt Pluto Design \u2022 Pikkus: 6,5 cm \u2022 Laius: 6,5 cm \u2022 K\u00f5rgus: 16 cm \u2022 Kaal: 50 g \u2022 Materjal: metall \u2022 V\u00e4rvus: kuldne  Br\u00e4ndist  Pluto Design on Rootsi disainibr\u00e4nd, mis sai alguse G\u00f6teborgis 1996. aastal ning on t\u00e4naseks kujunenud armastatud nimeks sisustusmaailmas. Ettev\u00f5tte eesm\u00e4rk on luua kvaliteetseid Skandinaavia stiilis tooteid, mis \u00fchendavad kauni disaini, hoolikalt l\u00e4bim\u00f5eldud pakendi ja taskukohase hinna.  Pluto teeb koost\u00f6\u00f6d tuntud rahvusvaheliste litsentsibr\u00e4ndidega, nagu Moomin Characters\u2122, Miffy ja Lisa Larson, ning nende tooteid leiab juba 35 riigis \u00fcle kogu maailma.  Br\u00e4ndi m\u00e4nguline ja oman\u00e4oline stiil p\u00f5imib kaasaegseid ja traditsioonilisi jooni, p\u00f6\u00f6rates samal ajal suurt t\u00e4helepanu keskkonnas\u00f5bralikkusele ja taaskasutusele. Iga uus kollektsioon s\u00fcnnib soovist tuua ilu, soojust ja r\u00f5\u00f5mu igasse koju.","og_url":"https:\/\/www.talidesign.eu\/et\/pood\/toode\/pluto-design-angel-chime-flying-angel\/","og_site_name":"TALI Concept Store","article_publisher":"https:\/\/www.facebook.com\/TaliDisain\/","article_modified_time":"2025-11-26T11:14:27+00:00","og_image":[{"width":768,"height":768,"url":"https:\/\/www.talidesign.eu\/wp\/wp-content\/uploads\/2025\/10\/177967407-origpic-adc75a-Photoroom.jpg","type":"image\/jpeg"}],"twitter_card":"summary_large_image","twitter_misc":{"Est. reading time":"2 minutes"},"schema":{"@context":"https:\/\/schema.org","@graph":[{"@type":"WebPage","@id":"https:\/\/www.talidesign.eu\/et\/pood\/toode\/pluto-design-angel-chime-flying-angel\/","url":"https:\/\/www.talidesign.eu\/et\/pood\/toode\/pluto-design-angel-chime-flying-angel\/","name":"Pluto Design Angel Chime Flying Angel - TALI Concept Store","isPartOf":{"@id":"https:\/\/www.talidesign.eu\/et\/#website"},"primaryImageOfPage":{"@id":"https:\/\/www.talidesign.eu\/et\/pood\/toode\/pluto-design-angel-chime-flying-angel\/#primaryimage"},"image":{"@id":"https:\/\/www.talidesign.eu\/et\/pood\/toode\/pluto-design-angel-chime-flying-angel\/#primaryimage"},"thumbnailUrl":"https:\/\/www.talidesign.eu\/wp\/wp-content\/uploads\/2025\/10\/177967407-origpic-adc75a-Photoroom.jpg","datePublished":"2025-10-24T07:50:59+00:00","dateModified":"2025-11-26T11:14:27+00:00","breadcrumb":{"@id":"https:\/\/www.talidesign.eu\/et\/pood\/toode\/pluto-design-angel-chime-flying-angel\/#breadcrumb"},"inLanguage":"et","potentialAction":[{"@type":"ReadAction","target":["https:\/\/www.talidesign.eu\/et\/pood\/toode\/pluto-design-angel-chime-flying-angel\/"]}]},{"@type":"ImageObject","inLanguage":"et","@id":"https:\/\/www.talidesign.eu\/et\/pood\/toode\/pluto-design-angel-chime-flying-angel\/#primaryimage","url":"https:\/\/www.talidesign.eu\/wp\/wp-content\/uploads\/2025\/10\/177967407-origpic-adc75a-Photoroom.jpg","contentUrl":"https:\/\/www.talidesign.eu\/wp\/wp-content\/uploads\/2025\/10\/177967407-origpic-adc75a-Photoroom.jpg","width":768,"height":768},{"@type":"BreadcrumbList","@id":"https:\/\/www.talidesign.eu\/et\/pood\/toode\/pluto-design-angel-chime-flying-angel\/#breadcrumb","itemListElement":[{"@type":"ListItem","position":1,"name":"Avaleht","item":"https:\/\/www.talidesign.eu\/et\/"},{"@type":"ListItem","position":2,"name":"Pood","item":"https:\/\/www.talidesign.eu\/et\/pood\/"},{"@type":"ListItem","position":3,"name":"Pluto Design Angel Chime Flying Angel"}]},{"@type":"WebSite","@id":"https:\/\/www.talidesign.eu\/et\/#website","url":"https:\/\/www.talidesign.eu\/et\/","name":"TALI Concept Store","description":"Suurim Disainipood Eestis","potentialAction":[{"@type":"SearchAction","target":{"@type":"EntryPoint","urlTemplate":"https:\/\/www.talidesign.eu\/et\/?s={search_term_string}"},"query-input":{"@type":"PropertyValueSpecification","valueRequired":true,"valueName":"search_term_string"}}],"inLanguage":"et"}]}},"_links":{"self":[{"href":"https:\/\/www.talidesign.eu\/et\/wp-json\/wp\/v2\/product\/109858","targetHints":{"allow":["GET"]}}],"collection":[{"href":"https:\/\/www.talidesign.eu\/et\/wp-json\/wp\/v2\/product"}],"about":[{"href":"https:\/\/www.talidesign.eu\/et\/wp-json\/wp\/v2\/types\/product"}],"wp:featuredmedia":[{"embeddable":true,"href":"https:\/\/www.talidesign.eu\/et\/wp-json\/wp\/v2\/media\/109862"}],"wp:attachment":[{"href":"https:\/\/www.talidesign.eu\/et\/wp-json\/wp\/v2\/media?parent=109858"}],"wp:term":[{"taxonomy":"product_brand","embeddable":true,"href":"https:\/\/www.talidesign.eu\/et\/wp-json\/wp\/v2\/product_brand?post=109858"},{"taxonomy":"product_cat","embeddable":true,"href":"https:\/\/www.talidesign.eu\/et\/wp-json\/wp\/v2\/product_cat?post=109858"},{"taxonomy":"product_tag","embeddable":true,"href":"https:\/\/www.talidesign.eu\/et\/wp-json\/wp\/v2\/product_tag?post=109858"}],"curies":[{"name":"wp","href":"https:\/\/api.w.org\/{rel}","templated":true}]}}