{"id":110031,"date":"2025-10-28T13:18:22","date_gmt":"2025-10-28T11:18:22","guid":{"rendered":"https:\/\/www.talidesign.eu\/?post_type=product&#038;p=110031"},"modified":"2026-03-13T22:19:43","modified_gmt":"2026-03-13T20:19:43","slug":"umbra-stowit-ehtelaegas-valge","status":"publish","type":"product","link":"https:\/\/www.talidesign.eu\/et\/pood\/toode\/umbra-stowit-ehtelaegas-valge\/","title":{"rendered":"Umbra Stowit ehtelaegas Valge"},"content":{"rendered":"<p><strong>Stowit ehtelaegas Valge<\/strong><\/p>\n<p>Stowit on nutikalt disainitud ehtelaegas, mis \u00fchendab korrastatuse ja kaasaegse stiili. Erineva suurusega sahtlid ja peidetud lahtrid hoiavad ehted organiseeritult ja kaitstult, samas kui pehme kangasvooder ennetab kriimustusi ja pusasid. T\u00e4nu puhtale disainile ja puidu ning metalli kombinatsioonile sobib see suurep\u00e4raselt nii kummutile, \u00f6\u00f6kapile kui ka tualettlauale. Kummijalad hoiavad kasti kindlalt paigal ega j\u00e4ta pinda kahjustusi. Valmistatud taastuvast puidust ja viimistletud keskkonnas\u00f5bralikul moel.<\/p>\n<ul>\n<li><strong>Organiseerib ehted<\/strong><br \/>\nErineva suurusega sahtlid hoiavad aksessuaarid korras ja h\u00f5lpsasti leitavad.<\/li>\n<li><strong>Stiilne ja modernne disain<\/strong><br \/>\nMinimalistlik v\u00e4limus sobib iga interj\u00f6\u00f6riga.<\/li>\n<li><strong>Suur pealispind<\/strong><br \/>\nSobib igap\u00e4evaselt kasutatavate ehete ja aksessuaaride k\u00e4ep\u00e4raseks hoiustamiseks.<\/li>\n<li><strong>Varjatud hoiuruum<\/strong><br \/>\nPeidetud sahtlid hoiavad ehted privaatselt ja tolmuvabalt.<\/li>\n<\/ul>\n<p>\u2022 Materjalid: Taastuv puit, keskkonnas\u00f5bralik viimistlus<br \/>\n\u2022 M\u00f5\u00f5dud: 10.2 x 8.7 x 4.7 tolli (26 x 22 x 12 cm)<br \/>\n\u2022 <a href=\"https:\/\/www.talidesign.eu\/et\/tootekategooria\/brandid\/umbra-et\/\">Br\u00e4nd Umbra<\/a><\/p>\n<p><strong>Meist<\/strong><\/p>\n<p>1979. aastal alguse saanud \u00fche lihtsa aknakardinaga s\u00fcndis Umbra kirest originaalse disaini ja taskukohase, kaasaegse stiili vastu. Kaasasutajad Les Mandelbaum ja Paul Rowan n\u00e4gid vajadust luua loomingulisi ja soodsaid tooteid, mis sobiksid igasse koju.<\/p>\n<p>T\u00e4naseks on Torontos, Kanadas asuv Umbra kasvanud rahvusvaheliseks disainiliidriks, tegutsedes enam kui 120 riigis ja omades esindusi Euroopas, P\u00f5hja- ja L\u00f5una-Ameerikas ning Aasias. Innovatsioonist kantuna toob meie rahvusvaheline disainitiim igap\u00e4evaesemetesse v\u00e4rsket loomingulisust ja uusi ideid, seades kaasaegsele disainile uusi standardeid.<\/p>\n<p><a href=\"https:\/\/www.talidesign.eu\/et\/tootekategooria\/brandid\/umbra-et\/\"><img loading=\"lazy\" decoding=\"async\" src=\"https:\/\/www.talidesign.eu\/wp\/wp-content\/uploads\/2024\/10\/umbralogo-1.jpg\" alt=\"\" width=\"500\" height=\"100\" class=\"alignnone size-full wp-image-93263\" \/><\/a><\/p>\n","protected":false},"excerpt":{"rendered":"<p><strong>Stowit ehtelaegas Valge<\/strong><\/p>\n<p>Stowit on nutikalt disainitud ehtelaegas, mis \u00fchendab korrastatuse ja kaasaegse stiili. Erineva suurusega sahtlid ja peidetud lahtrid hoiavad ehted organiseeritult ja kaitstult, samas kui pehme kangasvooder ennetab kriimustusi ja pusasid. T\u00e4nu puhtale disainile ja puidu ning metalli kombinatsioonile sobib see suurep\u00e4raselt nii kummutile, \u00f6\u00f6kapile kui ka tualettlauale. Kummijalad hoiavad kasti kindlalt paigal ega j\u00e4ta pinda kahjustusi. Valmistatud taastuvast puidust ja viimistletud keskkonnas\u00f5bralikul moel.<\/p>\n<ul>\n<li><strong>Organiseerib ehted<\/strong><br \/>\nErineva suurusega sahtlid hoiavad aksessuaarid korras ja h\u00f5lpsasti leitavad.<\/li>\n<li><strong>Stiilne ja modernne disain<\/strong><br \/>\nMinimalistlik v\u00e4limus sobib iga interj\u00f6\u00f6riga.<\/li>\n<li><strong>Suur pealispind<\/strong><br \/>\nSobib igap\u00e4evaselt kasutatavate ehete ja aksessuaaride k\u00e4ep\u00e4raseks hoiustamiseks.<\/li>\n<li><strong>Varjatud hoiuruum<\/strong><br \/>\nPeidetud sahtlid hoiavad ehted privaatselt ja tolmuvabalt.<\/li>\n<\/ul>\n<p>\u2022 Materjalid: Taastuv puit, keskkonnas\u00f5bralik viimistlus<br \/>\n\u2022 M\u00f5\u00f5dud: 10.2 x 8.7 x 4.7 tolli (26 x 22 x 12 cm)<br \/>\n\u2022 <a href=\"https:\/\/www.talidesign.eu\/et\/tootekategooria\/brandid\/umbra-et\/\">Br\u00e4nd Umbra<\/a><\/p>\n<p><strong>Meist<\/strong><\/p>\n<p>1979. aastal alguse saanud \u00fche lihtsa aknakardinaga s\u00fcndis Umbra kirest originaalse disaini ja taskukohase, kaasaegse stiili vastu. Kaasasutajad Les Mandelbaum ja Paul Rowan n\u00e4gid vajadust luua loomingulisi ja soodsaid tooteid, mis sobiksid igasse koju.<\/p>\n<p>T\u00e4naseks on Torontos, Kanadas asuv Umbra kasvanud rahvusvaheliseks disainiliidriks, tegutsedes enam kui 120 riigis ja omades esindusi Euroopas, P\u00f5hja- ja L\u00f5una-Ameerikas ning Aasias. Innovatsioonist kantuna toob meie rahvusvaheline disainitiim igap\u00e4evaesemetesse v\u00e4rsket loomingulisust ja uusi ideid, seades kaasaegsele disainile uusi standardeid.<\/p>\n<p><a href=\"https:\/\/www.talidesign.eu\/et\/tootekategooria\/brandid\/umbra-et\/\"><img loading=\"lazy\" decoding=\"async\" src=\"https:\/\/www.talidesign.eu\/wp\/wp-content\/uploads\/2024\/10\/umbralogo-1.jpg\" alt=\"\" width=\"500\" height=\"100\" class=\"alignnone size-full wp-image-93263\" \/><\/a><\/p>\n","protected":false},"featured_media":110041,"template":"","meta":[],"product_brand":[],"product_cat":[1026,1165,1107,1031,1018,3350],"product_tag":[3356],"class_list":{"0":"post-110031","1":"product","2":"type-product","3":"status-publish","4":"has-post-thumbnail","6":"product_cat-brandid","7":"product_cat-ehtelaekad-et","8":"product_cat-ehtelaekad","9":"product_cat-hoiustamine","10":"product_cat-kodu","11":"product_cat-umbra-et","12":"product_tag-umbra-et","14":"first","15":"instock","16":"taxable","17":"shipping-taxable","18":"purchasable","19":"product-type-simple"},"yoast_head":"<!-- This site is optimized with the Yoast SEO plugin v27.3 - https:\/\/yoast.com\/product\/yoast-seo-wordpress\/ -->\n<title>Umbra Stowit ehtelaegas Valge - TALI Concept Store<\/title>\n<meta name=\"robots\" content=\"index, follow, max-snippet:-1, max-image-preview:large, max-video-preview:-1\" \/>\n<link rel=\"canonical\" href=\"https:\/\/www.talidesign.eu\/et\/pood\/toode\/umbra-stowit-ehtelaegas-valge\/\" \/>\n<meta property=\"og:locale\" content=\"et_EE\" \/>\n<meta property=\"og:type\" content=\"article\" \/>\n<meta property=\"og:title\" content=\"Umbra Stowit ehtelaegas Valge - TALI Concept Store\" \/>\n<meta property=\"og:description\" content=\"Stowit ehtelaegas Valge  Stowit on nutikalt disainitud ehtelaegas, mis \u00fchendab korrastatuse ja kaasaegse stiili. Erineva suurusega sahtlid ja peidetud lahtrid hoiavad ehted organiseeritult ja kaitstult, samas kui pehme kangasvooder ennetab kriimustusi ja pusasid. T\u00e4nu puhtale disainile ja puidu ning metalli kombinatsioonile sobib see suurep\u00e4raselt nii kummutile, \u00f6\u00f6kapile kui ka tualettlauale. Kummijalad hoiavad kasti kindlalt paigal ega j\u00e4ta pinda kahjustusi. Valmistatud taastuvast puidust ja viimistletud keskkonnas\u00f5bralikul moel.   Organiseerib ehted  Erineva suurusega sahtlid hoiavad aksessuaarid korras ja h\u00f5lpsasti leitavad. Stiilne ja modernne disain  Minimalistlik v\u00e4limus sobib iga interj\u00f6\u00f6riga. Suur pealispind  Sobib igap\u00e4evaselt kasutatavate ehete ja aksessuaaride k\u00e4ep\u00e4raseks hoiustamiseks. Varjatud hoiuruum  Peidetud sahtlid hoiavad ehted privaatselt ja tolmuvabalt.   \u2022 Materjalid: Taastuv puit, keskkonnas\u00f5bralik viimistlus \u2022 M\u00f5\u00f5dud: 10.2 x 8.7 x 4.7 tolli (26 x 22 x 12 cm) \u2022 Br\u00e4nd Umbra  Meist  1979. aastal alguse saanud \u00fche lihtsa aknakardinaga s\u00fcndis Umbra kirest originaalse disaini ja taskukohase, kaasaegse stiili vastu. Kaasasutajad Les Mandelbaum ja Paul Rowan n\u00e4gid vajadust luua loomingulisi ja soodsaid tooteid, mis sobiksid igasse koju.  T\u00e4naseks on Torontos, Kanadas asuv Umbra kasvanud rahvusvaheliseks disainiliidriks, tegutsedes enam kui 120 riigis ja omades esindusi Euroopas, P\u00f5hja- ja L\u00f5una-Ameerikas ning Aasias. Innovatsioonist kantuna toob meie rahvusvaheline disainitiim igap\u00e4evaesemetesse v\u00e4rsket loomingulisust ja uusi ideid, seades kaasaegsele disainile uusi standardeid.\" \/>\n<meta property=\"og:url\" content=\"https:\/\/www.talidesign.eu\/et\/pood\/toode\/umbra-stowit-ehtelaegas-valge\/\" \/>\n<meta property=\"og:site_name\" content=\"TALI Concept Store\" \/>\n<meta property=\"article:publisher\" content=\"https:\/\/www.facebook.com\/TaliDisain\/\" \/>\n<meta property=\"article:modified_time\" content=\"2026-03-13T20:19:43+00:00\" \/>\n<meta property=\"og:image\" content=\"https:\/\/www.talidesign.eu\/wp\/wp-content\/uploads\/2025\/10\/h5bvxr3egh8e619jmczf.jpeg\" \/>\n\t<meta property=\"og:image:width\" content=\"1900\" \/>\n\t<meta property=\"og:image:height\" content=\"1900\" \/>\n\t<meta property=\"og:image:type\" content=\"image\/jpeg\" \/>\n<meta name=\"twitter:card\" content=\"summary_large_image\" \/>\n<meta name=\"twitter:label1\" content=\"Est. reading time\" \/>\n\t<meta name=\"twitter:data1\" content=\"2 minutes\" \/>\n<script type=\"application\/ld+json\" class=\"yoast-schema-graph\">{\"@context\":\"https:\\\/\\\/schema.org\",\"@graph\":[{\"@type\":\"WebPage\",\"@id\":\"https:\\\/\\\/www.talidesign.eu\\\/et\\\/pood\\\/toode\\\/umbra-stowit-ehtelaegas-valge\\\/\",\"url\":\"https:\\\/\\\/www.talidesign.eu\\\/et\\\/pood\\\/toode\\\/umbra-stowit-ehtelaegas-valge\\\/\",\"name\":\"Umbra Stowit ehtelaegas Valge - TALI Concept Store\",\"isPartOf\":{\"@id\":\"https:\\\/\\\/www.talidesign.eu\\\/et\\\/#website\"},\"primaryImageOfPage\":{\"@id\":\"https:\\\/\\\/www.talidesign.eu\\\/et\\\/pood\\\/toode\\\/umbra-stowit-ehtelaegas-valge\\\/#primaryimage\"},\"image\":{\"@id\":\"https:\\\/\\\/www.talidesign.eu\\\/et\\\/pood\\\/toode\\\/umbra-stowit-ehtelaegas-valge\\\/#primaryimage\"},\"thumbnailUrl\":\"https:\\\/\\\/www.talidesign.eu\\\/wp\\\/wp-content\\\/uploads\\\/2025\\\/10\\\/h5bvxr3egh8e619jmczf.jpeg\",\"datePublished\":\"2025-10-28T11:18:22+00:00\",\"dateModified\":\"2026-03-13T20:19:43+00:00\",\"breadcrumb\":{\"@id\":\"https:\\\/\\\/www.talidesign.eu\\\/et\\\/pood\\\/toode\\\/umbra-stowit-ehtelaegas-valge\\\/#breadcrumb\"},\"inLanguage\":\"et\",\"potentialAction\":[{\"@type\":\"ReadAction\",\"target\":[\"https:\\\/\\\/www.talidesign.eu\\\/et\\\/pood\\\/toode\\\/umbra-stowit-ehtelaegas-valge\\\/\"]}]},{\"@type\":\"ImageObject\",\"inLanguage\":\"et\",\"@id\":\"https:\\\/\\\/www.talidesign.eu\\\/et\\\/pood\\\/toode\\\/umbra-stowit-ehtelaegas-valge\\\/#primaryimage\",\"url\":\"https:\\\/\\\/www.talidesign.eu\\\/wp\\\/wp-content\\\/uploads\\\/2025\\\/10\\\/h5bvxr3egh8e619jmczf.jpeg\",\"contentUrl\":\"https:\\\/\\\/www.talidesign.eu\\\/wp\\\/wp-content\\\/uploads\\\/2025\\\/10\\\/h5bvxr3egh8e619jmczf.jpeg\",\"width\":1900,\"height\":1900},{\"@type\":\"BreadcrumbList\",\"@id\":\"https:\\\/\\\/www.talidesign.eu\\\/et\\\/pood\\\/toode\\\/umbra-stowit-ehtelaegas-valge\\\/#breadcrumb\",\"itemListElement\":[{\"@type\":\"ListItem\",\"position\":1,\"name\":\"Avaleht\",\"item\":\"https:\\\/\\\/www.talidesign.eu\\\/et\\\/\"},{\"@type\":\"ListItem\",\"position\":2,\"name\":\"Pood\",\"item\":\"https:\\\/\\\/www.talidesign.eu\\\/et\\\/pood\\\/\"},{\"@type\":\"ListItem\",\"position\":3,\"name\":\"Umbra Stowit ehtelaegas Valge\"}]},{\"@type\":\"WebSite\",\"@id\":\"https:\\\/\\\/www.talidesign.eu\\\/et\\\/#website\",\"url\":\"https:\\\/\\\/www.talidesign.eu\\\/et\\\/\",\"name\":\"TALI Concept Store\",\"description\":\"Suurim Disainipood Eestis\",\"potentialAction\":[{\"@type\":\"SearchAction\",\"target\":{\"@type\":\"EntryPoint\",\"urlTemplate\":\"https:\\\/\\\/www.talidesign.eu\\\/et\\\/?s={search_term_string}\"},\"query-input\":{\"@type\":\"PropertyValueSpecification\",\"valueRequired\":true,\"valueName\":\"search_term_string\"}}],\"inLanguage\":\"et\"}]}<\/script>\n<!-- \/ Yoast SEO plugin. -->","yoast_head_json":{"title":"Umbra Stowit ehtelaegas Valge - TALI Concept Store","robots":{"index":"index","follow":"follow","max-snippet":"max-snippet:-1","max-image-preview":"max-image-preview:large","max-video-preview":"max-video-preview:-1"},"canonical":"https:\/\/www.talidesign.eu\/et\/pood\/toode\/umbra-stowit-ehtelaegas-valge\/","og_locale":"et_EE","og_type":"article","og_title":"Umbra Stowit ehtelaegas Valge - TALI Concept Store","og_description":"Stowit ehtelaegas Valge  Stowit on nutikalt disainitud ehtelaegas, mis \u00fchendab korrastatuse ja kaasaegse stiili. Erineva suurusega sahtlid ja peidetud lahtrid hoiavad ehted organiseeritult ja kaitstult, samas kui pehme kangasvooder ennetab kriimustusi ja pusasid. T\u00e4nu puhtale disainile ja puidu ning metalli kombinatsioonile sobib see suurep\u00e4raselt nii kummutile, \u00f6\u00f6kapile kui ka tualettlauale. Kummijalad hoiavad kasti kindlalt paigal ega j\u00e4ta pinda kahjustusi. Valmistatud taastuvast puidust ja viimistletud keskkonnas\u00f5bralikul moel.   Organiseerib ehted  Erineva suurusega sahtlid hoiavad aksessuaarid korras ja h\u00f5lpsasti leitavad. Stiilne ja modernne disain  Minimalistlik v\u00e4limus sobib iga interj\u00f6\u00f6riga. Suur pealispind  Sobib igap\u00e4evaselt kasutatavate ehete ja aksessuaaride k\u00e4ep\u00e4raseks hoiustamiseks. Varjatud hoiuruum  Peidetud sahtlid hoiavad ehted privaatselt ja tolmuvabalt.   \u2022 Materjalid: Taastuv puit, keskkonnas\u00f5bralik viimistlus \u2022 M\u00f5\u00f5dud: 10.2 x 8.7 x 4.7 tolli (26 x 22 x 12 cm) \u2022 Br\u00e4nd Umbra  Meist  1979. aastal alguse saanud \u00fche lihtsa aknakardinaga s\u00fcndis Umbra kirest originaalse disaini ja taskukohase, kaasaegse stiili vastu. Kaasasutajad Les Mandelbaum ja Paul Rowan n\u00e4gid vajadust luua loomingulisi ja soodsaid tooteid, mis sobiksid igasse koju.  T\u00e4naseks on Torontos, Kanadas asuv Umbra kasvanud rahvusvaheliseks disainiliidriks, tegutsedes enam kui 120 riigis ja omades esindusi Euroopas, P\u00f5hja- ja L\u00f5una-Ameerikas ning Aasias. Innovatsioonist kantuna toob meie rahvusvaheline disainitiim igap\u00e4evaesemetesse v\u00e4rsket loomingulisust ja uusi ideid, seades kaasaegsele disainile uusi standardeid.","og_url":"https:\/\/www.talidesign.eu\/et\/pood\/toode\/umbra-stowit-ehtelaegas-valge\/","og_site_name":"TALI Concept Store","article_publisher":"https:\/\/www.facebook.com\/TaliDisain\/","article_modified_time":"2026-03-13T20:19:43+00:00","og_image":[{"width":1900,"height":1900,"url":"https:\/\/www.talidesign.eu\/wp\/wp-content\/uploads\/2025\/10\/h5bvxr3egh8e619jmczf.jpeg","type":"image\/jpeg"}],"twitter_card":"summary_large_image","twitter_misc":{"Est. reading time":"2 minutes"},"schema":{"@context":"https:\/\/schema.org","@graph":[{"@type":"WebPage","@id":"https:\/\/www.talidesign.eu\/et\/pood\/toode\/umbra-stowit-ehtelaegas-valge\/","url":"https:\/\/www.talidesign.eu\/et\/pood\/toode\/umbra-stowit-ehtelaegas-valge\/","name":"Umbra Stowit ehtelaegas Valge - TALI Concept Store","isPartOf":{"@id":"https:\/\/www.talidesign.eu\/et\/#website"},"primaryImageOfPage":{"@id":"https:\/\/www.talidesign.eu\/et\/pood\/toode\/umbra-stowit-ehtelaegas-valge\/#primaryimage"},"image":{"@id":"https:\/\/www.talidesign.eu\/et\/pood\/toode\/umbra-stowit-ehtelaegas-valge\/#primaryimage"},"thumbnailUrl":"https:\/\/www.talidesign.eu\/wp\/wp-content\/uploads\/2025\/10\/h5bvxr3egh8e619jmczf.jpeg","datePublished":"2025-10-28T11:18:22+00:00","dateModified":"2026-03-13T20:19:43+00:00","breadcrumb":{"@id":"https:\/\/www.talidesign.eu\/et\/pood\/toode\/umbra-stowit-ehtelaegas-valge\/#breadcrumb"},"inLanguage":"et","potentialAction":[{"@type":"ReadAction","target":["https:\/\/www.talidesign.eu\/et\/pood\/toode\/umbra-stowit-ehtelaegas-valge\/"]}]},{"@type":"ImageObject","inLanguage":"et","@id":"https:\/\/www.talidesign.eu\/et\/pood\/toode\/umbra-stowit-ehtelaegas-valge\/#primaryimage","url":"https:\/\/www.talidesign.eu\/wp\/wp-content\/uploads\/2025\/10\/h5bvxr3egh8e619jmczf.jpeg","contentUrl":"https:\/\/www.talidesign.eu\/wp\/wp-content\/uploads\/2025\/10\/h5bvxr3egh8e619jmczf.jpeg","width":1900,"height":1900},{"@type":"BreadcrumbList","@id":"https:\/\/www.talidesign.eu\/et\/pood\/toode\/umbra-stowit-ehtelaegas-valge\/#breadcrumb","itemListElement":[{"@type":"ListItem","position":1,"name":"Avaleht","item":"https:\/\/www.talidesign.eu\/et\/"},{"@type":"ListItem","position":2,"name":"Pood","item":"https:\/\/www.talidesign.eu\/et\/pood\/"},{"@type":"ListItem","position":3,"name":"Umbra Stowit ehtelaegas Valge"}]},{"@type":"WebSite","@id":"https:\/\/www.talidesign.eu\/et\/#website","url":"https:\/\/www.talidesign.eu\/et\/","name":"TALI Concept Store","description":"Suurim Disainipood Eestis","potentialAction":[{"@type":"SearchAction","target":{"@type":"EntryPoint","urlTemplate":"https:\/\/www.talidesign.eu\/et\/?s={search_term_string}"},"query-input":{"@type":"PropertyValueSpecification","valueRequired":true,"valueName":"search_term_string"}}],"inLanguage":"et"}]}},"_links":{"self":[{"href":"https:\/\/www.talidesign.eu\/et\/wp-json\/wp\/v2\/product\/110031","targetHints":{"allow":["GET"]}}],"collection":[{"href":"https:\/\/www.talidesign.eu\/et\/wp-json\/wp\/v2\/product"}],"about":[{"href":"https:\/\/www.talidesign.eu\/et\/wp-json\/wp\/v2\/types\/product"}],"wp:featuredmedia":[{"embeddable":true,"href":"https:\/\/www.talidesign.eu\/et\/wp-json\/wp\/v2\/media\/110041"}],"wp:attachment":[{"href":"https:\/\/www.talidesign.eu\/et\/wp-json\/wp\/v2\/media?parent=110031"}],"wp:term":[{"taxonomy":"product_brand","embeddable":true,"href":"https:\/\/www.talidesign.eu\/et\/wp-json\/wp\/v2\/product_brand?post=110031"},{"taxonomy":"product_cat","embeddable":true,"href":"https:\/\/www.talidesign.eu\/et\/wp-json\/wp\/v2\/product_cat?post=110031"},{"taxonomy":"product_tag","embeddable":true,"href":"https:\/\/www.talidesign.eu\/et\/wp-json\/wp\/v2\/product_tag?post=110031"}],"curies":[{"name":"wp","href":"https:\/\/api.w.org\/{rel}","templated":true}]}}