{"id":110324,"date":"2025-11-05T13:14:37","date_gmt":"2025-11-05T11:14:37","guid":{"rendered":"https:\/\/www.talidesign.eu\/?post_type=product&#038;p=110324"},"modified":"2026-04-03T10:22:09","modified_gmt":"2026-04-03T07:22:09","slug":"zone-inu-noudepesukomplekt","status":"publish","type":"product","link":"https:\/\/www.talidesign.eu\/et\/pood\/toode\/zone-inu-noudepesukomplekt\/","title":{"rendered":"Zone Inu n\u00f5udepesukomplekt"},"content":{"rendered":"<p><strong>Inu n\u00f5udepesukomplekt<\/strong><\/p>\n<p>Just see, mida vajad igap\u00e4evaseks n\u00f5udepesuks \u2013 ei rohkem ega v\u00e4hem. Mugav n\u00f5udepesuhari, paraja suurusega seebidosaator, sobiv k\u00f6\u00f6gilapp ja silikoonalus, mis hoiab k\u00f5ik ilusti koos.<\/p>\n<p>K\u00fclje pealt vaadates moodustab komplekti \u00fchendav metallraam pehme kaare, mis teeb kogu komplekti lihtsaks t\u00f5sta \u2013 n\u00e4iteks siis, kui tahad t\u00f6\u00f6pinda p\u00fchkida. Veelgi parem: raamile saab harja toetada ja lapi kuivama panna. L\u00e4bim\u00f5eldud ja \u00f5rn disain NEU Studiolt.<\/p>\n<p>\u2022 M\u00f5\u00f5dud: 20,2 \u00d7 8,8 \u00d7 21 cm<br \/>\n\u2022 Materjal: keraamika \/ ABS-plast<br \/>\n\u2022 <a href=\"https:\/\/www.talidesign.eu\/et\/tootekategooria\/brandid\/zone-denmark-et\/\">Br\u00e4nd Zone Denmark<\/a><\/p>\n<p><strong>Tutvu INU disaineriga!<\/strong><\/p>\n<p>Tilde Nygaard on NEU Stuudio t\u00f6\u00f6stusdisainer ning Taani disainib\u00fcroo VE2 kaasasutaja ja partner, kus on Zone Denmarkile loodud mitmeid auhinnatud tooteid. Oma disainistuudios on ta kaasa aidanud INU spaasarja arendamisele, mis toob Zone kaubam\u00e4rgile t\u00e4iesti uue intiimsema m\u00f5\u00f5tme.<\/p>\n<p><a href=\"https:\/\/www.talidesign.eu\/wp\/wp-content\/uploads\/2021\/02\/inu.jpg\"><img loading=\"lazy\" decoding=\"async\" src=\"https:\/\/www.talidesign.eu\/wp\/wp-content\/uploads\/2021\/02\/inu.jpg\" alt=\"\" width=\"1278\" height=\"753\" class=\"alignnone size-full wp-image-22793\" srcset=\"https:\/\/www.talidesign.eu\/wp\/wp-content\/uploads\/2021\/02\/inu.jpg 1278w, https:\/\/www.talidesign.eu\/wp\/wp-content\/uploads\/2021\/02\/inu-679x400.jpg 679w, https:\/\/www.talidesign.eu\/wp\/wp-content\/uploads\/2021\/02\/inu-768x453.jpg 768w, https:\/\/www.talidesign.eu\/wp\/wp-content\/uploads\/2021\/02\/inu-500x295.jpg 500w, https:\/\/www.talidesign.eu\/wp\/wp-content\/uploads\/2021\/02\/inu-510x300.jpg 510w\" sizes=\"auto, (max-width: 1278px) 100vw, 1278px\" \/><\/a><a href=\"\/product-category\/designers\/zone-denmark\/\"><img loading=\"lazy\" decoding=\"async\" src=\"https:\/\/www.talidesign.eu\/wp\/wp-content\/uploads\/2021\/03\/logo-6.jpg\" alt=\"\" width=\"500\" height=\"100\" class=\"alignnone size-full wp-image-24694\" \/><\/a><\/p>\n","protected":false},"excerpt":{"rendered":"<p><strong>Inu n\u00f5udepesukomplekt<\/strong><\/p>\n<p>Just see, mida vajad igap\u00e4evaseks n\u00f5udepesuks \u2013 ei rohkem ega v\u00e4hem. Mugav n\u00f5udepesuhari, paraja suurusega seebidosaator, sobiv k\u00f6\u00f6gilapp ja silikoonalus, mis hoiab k\u00f5ik ilusti koos.<\/p>\n<p>K\u00fclje pealt vaadates moodustab komplekti \u00fchendav metallraam pehme kaare, mis teeb kogu komplekti lihtsaks t\u00f5sta \u2013 n\u00e4iteks siis, kui tahad t\u00f6\u00f6pinda p\u00fchkida. Veelgi parem: raamile saab harja toetada ja lapi kuivama panna. L\u00e4bim\u00f5eldud ja \u00f5rn disain NEU Studiolt.<\/p>\n<p>\u2022 M\u00f5\u00f5dud: 20,2 \u00d7 8,8 \u00d7 21 cm<br \/>\n\u2022 Materjal: keraamika \/ ABS-plast<br \/>\n\u2022 <a href=\"https:\/\/www.talidesign.eu\/et\/tootekategooria\/brandid\/zone-denmark-et\/\">Br\u00e4nd Zone Denmark<\/a><\/p>\n<p><strong>Tutvu INU disaineriga!<\/strong><\/p>\n<p>Tilde Nygaard on NEU Stuudio t\u00f6\u00f6stusdisainer ning Taani disainib\u00fcroo VE2 kaasasutaja ja partner, kus on Zone Denmarkile loodud mitmeid auhinnatud tooteid. Oma disainistuudios on ta kaasa aidanud INU spaasarja arendamisele, mis toob Zone kaubam\u00e4rgile t\u00e4iesti uue intiimsema m\u00f5\u00f5tme.<\/p>\n<p><a href=\"https:\/\/www.talidesign.eu\/wp\/wp-content\/uploads\/2021\/02\/inu.jpg\"><img loading=\"lazy\" decoding=\"async\" src=\"https:\/\/www.talidesign.eu\/wp\/wp-content\/uploads\/2021\/02\/inu.jpg\" alt=\"\" width=\"1278\" height=\"753\" class=\"alignnone size-full wp-image-22793\" srcset=\"https:\/\/www.talidesign.eu\/wp\/wp-content\/uploads\/2021\/02\/inu.jpg 1278w, https:\/\/www.talidesign.eu\/wp\/wp-content\/uploads\/2021\/02\/inu-679x400.jpg 679w, https:\/\/www.talidesign.eu\/wp\/wp-content\/uploads\/2021\/02\/inu-768x453.jpg 768w, https:\/\/www.talidesign.eu\/wp\/wp-content\/uploads\/2021\/02\/inu-500x295.jpg 500w, https:\/\/www.talidesign.eu\/wp\/wp-content\/uploads\/2021\/02\/inu-510x300.jpg 510w\" sizes=\"auto, (max-width: 1278px) 100vw, 1278px\" \/><\/a><a href=\"\/product-category\/designers\/zone-denmark\/\"><img loading=\"lazy\" decoding=\"async\" src=\"https:\/\/www.talidesign.eu\/wp\/wp-content\/uploads\/2021\/03\/logo-6.jpg\" alt=\"\" width=\"500\" height=\"100\" class=\"alignnone size-full wp-image-24694\" \/><\/a><\/p>\n","protected":false},"featured_media":110328,"template":"","meta":[],"product_brand":[],"product_cat":[1026,1018,1030,1095],"product_tag":[1180],"class_list":{"0":"post-110324","1":"product","2":"type-product","3":"status-publish","4":"has-post-thumbnail","6":"product_cat-brandid","7":"product_cat-kodu","8":"product_cat-kook","9":"product_cat-zone-denmark-et","10":"product_tag-zone-et","12":"first","13":"instock","14":"taxable","15":"shipping-taxable","16":"purchasable","17":"product-type-simple"},"yoast_head":"<!-- This site is optimized with the Yoast SEO plugin v27.3 - https:\/\/yoast.com\/product\/yoast-seo-wordpress\/ -->\n<title>Zone Denmark - Zone INU Bath Brush 18,4 x 7<\/title>\n<meta name=\"robots\" content=\"index, follow, max-snippet:-1, max-image-preview:large, max-video-preview:-1\" \/>\n<link rel=\"canonical\" href=\"https:\/\/www.talidesign.eu\/et\/pood\/toode\/zone-inu-noudepesukomplekt\/\" \/>\n<meta property=\"og:locale\" content=\"et_EE\" \/>\n<meta property=\"og:type\" content=\"article\" \/>\n<meta property=\"og:title\" content=\"Zone Denmark - Zone INU Bath Brush 18,4 x 7\" \/>\n<meta property=\"og:description\" content=\"Inu n\u00f5udepesukomplekt  Just see, mida vajad igap\u00e4evaseks n\u00f5udepesuks \u2013 ei rohkem ega v\u00e4hem. Mugav n\u00f5udepesuhari, paraja suurusega seebidosaator, sobiv k\u00f6\u00f6gilapp ja silikoonalus, mis hoiab k\u00f5ik ilusti koos.  K\u00fclje pealt vaadates moodustab komplekti \u00fchendav metallraam pehme kaare, mis teeb kogu komplekti lihtsaks t\u00f5sta \u2013 n\u00e4iteks siis, kui tahad t\u00f6\u00f6pinda p\u00fchkida. Veelgi parem: raamile saab harja toetada ja lapi kuivama panna. L\u00e4bim\u00f5eldud ja \u00f5rn disain NEU Studiolt.  \u2022 M\u00f5\u00f5dud: 20,2 \u00d7 8,8 \u00d7 21 cm \u2022 Materjal: keraamika \/ ABS-plast \u2022 Br\u00e4nd Zone Denmark  Tutvu INU disaineriga!  Tilde Nygaard on NEU Stuudio t\u00f6\u00f6stusdisainer ning Taani disainib\u00fcroo VE2 kaasasutaja ja partner, kus on Zone Denmarkile loodud mitmeid auhinnatud tooteid. Oma disainistuudios on ta kaasa aidanud INU spaasarja arendamisele, mis toob Zone kaubam\u00e4rgile t\u00e4iesti uue intiimsema m\u00f5\u00f5tme.\" \/>\n<meta property=\"og:url\" content=\"https:\/\/www.talidesign.eu\/et\/pood\/toode\/zone-inu-noudepesukomplekt\/\" \/>\n<meta property=\"og:site_name\" content=\"TALI Concept Store\" \/>\n<meta property=\"article:publisher\" content=\"https:\/\/www.facebook.com\/TaliDisain\/\" \/>\n<meta property=\"article:modified_time\" content=\"2026-04-03T07:22:09+00:00\" \/>\n<meta property=\"og:image\" content=\"https:\/\/www.talidesign.eu\/wp\/wp-content\/uploads\/2025\/11\/29720.jpeg\" \/>\n\t<meta property=\"og:image:width\" content=\"768\" \/>\n\t<meta property=\"og:image:height\" content=\"768\" \/>\n\t<meta property=\"og:image:type\" content=\"image\/jpeg\" \/>\n<meta name=\"twitter:card\" content=\"summary_large_image\" \/>\n<meta name=\"twitter:label1\" content=\"Est. reading time\" \/>\n\t<meta name=\"twitter:data1\" content=\"2 minutes\" \/>\n<script type=\"application\/ld+json\" class=\"yoast-schema-graph\">{\"@context\":\"https:\\\/\\\/schema.org\",\"@graph\":[{\"@type\":\"WebPage\",\"@id\":\"https:\\\/\\\/www.talidesign.eu\\\/et\\\/pood\\\/toode\\\/zone-inu-noudepesukomplekt\\\/\",\"url\":\"https:\\\/\\\/www.talidesign.eu\\\/et\\\/pood\\\/toode\\\/zone-inu-noudepesukomplekt\\\/\",\"name\":\"Zone Denmark - Zone INU Bath Brush 18,4 x 7\",\"isPartOf\":{\"@id\":\"https:\\\/\\\/www.talidesign.eu\\\/et\\\/#website\"},\"primaryImageOfPage\":{\"@id\":\"https:\\\/\\\/www.talidesign.eu\\\/et\\\/pood\\\/toode\\\/zone-inu-noudepesukomplekt\\\/#primaryimage\"},\"image\":{\"@id\":\"https:\\\/\\\/www.talidesign.eu\\\/et\\\/pood\\\/toode\\\/zone-inu-noudepesukomplekt\\\/#primaryimage\"},\"thumbnailUrl\":\"https:\\\/\\\/www.talidesign.eu\\\/wp\\\/wp-content\\\/uploads\\\/2025\\\/11\\\/29720.jpeg\",\"datePublished\":\"2025-11-05T11:14:37+00:00\",\"dateModified\":\"2026-04-03T07:22:09+00:00\",\"breadcrumb\":{\"@id\":\"https:\\\/\\\/www.talidesign.eu\\\/et\\\/pood\\\/toode\\\/zone-inu-noudepesukomplekt\\\/#breadcrumb\"},\"inLanguage\":\"et\",\"potentialAction\":[{\"@type\":\"ReadAction\",\"target\":[\"https:\\\/\\\/www.talidesign.eu\\\/et\\\/pood\\\/toode\\\/zone-inu-noudepesukomplekt\\\/\"]}]},{\"@type\":\"ImageObject\",\"inLanguage\":\"et\",\"@id\":\"https:\\\/\\\/www.talidesign.eu\\\/et\\\/pood\\\/toode\\\/zone-inu-noudepesukomplekt\\\/#primaryimage\",\"url\":\"https:\\\/\\\/www.talidesign.eu\\\/wp\\\/wp-content\\\/uploads\\\/2025\\\/11\\\/29720.jpeg\",\"contentUrl\":\"https:\\\/\\\/www.talidesign.eu\\\/wp\\\/wp-content\\\/uploads\\\/2025\\\/11\\\/29720.jpeg\",\"width\":768,\"height\":768},{\"@type\":\"BreadcrumbList\",\"@id\":\"https:\\\/\\\/www.talidesign.eu\\\/et\\\/pood\\\/toode\\\/zone-inu-noudepesukomplekt\\\/#breadcrumb\",\"itemListElement\":[{\"@type\":\"ListItem\",\"position\":1,\"name\":\"Avaleht\",\"item\":\"https:\\\/\\\/www.talidesign.eu\\\/et\\\/\"},{\"@type\":\"ListItem\",\"position\":2,\"name\":\"Pood\",\"item\":\"https:\\\/\\\/www.talidesign.eu\\\/et\\\/pood\\\/\"},{\"@type\":\"ListItem\",\"position\":3,\"name\":\"Zone Inu n\u00f5udepesukomplekt\"}]},{\"@type\":\"WebSite\",\"@id\":\"https:\\\/\\\/www.talidesign.eu\\\/et\\\/#website\",\"url\":\"https:\\\/\\\/www.talidesign.eu\\\/et\\\/\",\"name\":\"TALI Concept Store\",\"description\":\"Suurim Disainipood Eestis\",\"potentialAction\":[{\"@type\":\"SearchAction\",\"target\":{\"@type\":\"EntryPoint\",\"urlTemplate\":\"https:\\\/\\\/www.talidesign.eu\\\/et\\\/?s={search_term_string}\"},\"query-input\":{\"@type\":\"PropertyValueSpecification\",\"valueRequired\":true,\"valueName\":\"search_term_string\"}}],\"inLanguage\":\"et\"}]}<\/script>\n<!-- \/ Yoast SEO plugin. -->","yoast_head_json":{"title":"Zone Denmark - Zone INU Bath Brush 18,4 x 7","robots":{"index":"index","follow":"follow","max-snippet":"max-snippet:-1","max-image-preview":"max-image-preview:large","max-video-preview":"max-video-preview:-1"},"canonical":"https:\/\/www.talidesign.eu\/et\/pood\/toode\/zone-inu-noudepesukomplekt\/","og_locale":"et_EE","og_type":"article","og_title":"Zone Denmark - Zone INU Bath Brush 18,4 x 7","og_description":"Inu n\u00f5udepesukomplekt  Just see, mida vajad igap\u00e4evaseks n\u00f5udepesuks \u2013 ei rohkem ega v\u00e4hem. Mugav n\u00f5udepesuhari, paraja suurusega seebidosaator, sobiv k\u00f6\u00f6gilapp ja silikoonalus, mis hoiab k\u00f5ik ilusti koos.  K\u00fclje pealt vaadates moodustab komplekti \u00fchendav metallraam pehme kaare, mis teeb kogu komplekti lihtsaks t\u00f5sta \u2013 n\u00e4iteks siis, kui tahad t\u00f6\u00f6pinda p\u00fchkida. Veelgi parem: raamile saab harja toetada ja lapi kuivama panna. L\u00e4bim\u00f5eldud ja \u00f5rn disain NEU Studiolt.  \u2022 M\u00f5\u00f5dud: 20,2 \u00d7 8,8 \u00d7 21 cm \u2022 Materjal: keraamika \/ ABS-plast \u2022 Br\u00e4nd Zone Denmark  Tutvu INU disaineriga!  Tilde Nygaard on NEU Stuudio t\u00f6\u00f6stusdisainer ning Taani disainib\u00fcroo VE2 kaasasutaja ja partner, kus on Zone Denmarkile loodud mitmeid auhinnatud tooteid. Oma disainistuudios on ta kaasa aidanud INU spaasarja arendamisele, mis toob Zone kaubam\u00e4rgile t\u00e4iesti uue intiimsema m\u00f5\u00f5tme.","og_url":"https:\/\/www.talidesign.eu\/et\/pood\/toode\/zone-inu-noudepesukomplekt\/","og_site_name":"TALI Concept Store","article_publisher":"https:\/\/www.facebook.com\/TaliDisain\/","article_modified_time":"2026-04-03T07:22:09+00:00","og_image":[{"width":768,"height":768,"url":"https:\/\/www.talidesign.eu\/wp\/wp-content\/uploads\/2025\/11\/29720.jpeg","type":"image\/jpeg"}],"twitter_card":"summary_large_image","twitter_misc":{"Est. reading time":"2 minutes"},"schema":{"@context":"https:\/\/schema.org","@graph":[{"@type":"WebPage","@id":"https:\/\/www.talidesign.eu\/et\/pood\/toode\/zone-inu-noudepesukomplekt\/","url":"https:\/\/www.talidesign.eu\/et\/pood\/toode\/zone-inu-noudepesukomplekt\/","name":"Zone Denmark - Zone INU Bath Brush 18,4 x 7","isPartOf":{"@id":"https:\/\/www.talidesign.eu\/et\/#website"},"primaryImageOfPage":{"@id":"https:\/\/www.talidesign.eu\/et\/pood\/toode\/zone-inu-noudepesukomplekt\/#primaryimage"},"image":{"@id":"https:\/\/www.talidesign.eu\/et\/pood\/toode\/zone-inu-noudepesukomplekt\/#primaryimage"},"thumbnailUrl":"https:\/\/www.talidesign.eu\/wp\/wp-content\/uploads\/2025\/11\/29720.jpeg","datePublished":"2025-11-05T11:14:37+00:00","dateModified":"2026-04-03T07:22:09+00:00","breadcrumb":{"@id":"https:\/\/www.talidesign.eu\/et\/pood\/toode\/zone-inu-noudepesukomplekt\/#breadcrumb"},"inLanguage":"et","potentialAction":[{"@type":"ReadAction","target":["https:\/\/www.talidesign.eu\/et\/pood\/toode\/zone-inu-noudepesukomplekt\/"]}]},{"@type":"ImageObject","inLanguage":"et","@id":"https:\/\/www.talidesign.eu\/et\/pood\/toode\/zone-inu-noudepesukomplekt\/#primaryimage","url":"https:\/\/www.talidesign.eu\/wp\/wp-content\/uploads\/2025\/11\/29720.jpeg","contentUrl":"https:\/\/www.talidesign.eu\/wp\/wp-content\/uploads\/2025\/11\/29720.jpeg","width":768,"height":768},{"@type":"BreadcrumbList","@id":"https:\/\/www.talidesign.eu\/et\/pood\/toode\/zone-inu-noudepesukomplekt\/#breadcrumb","itemListElement":[{"@type":"ListItem","position":1,"name":"Avaleht","item":"https:\/\/www.talidesign.eu\/et\/"},{"@type":"ListItem","position":2,"name":"Pood","item":"https:\/\/www.talidesign.eu\/et\/pood\/"},{"@type":"ListItem","position":3,"name":"Zone Inu n\u00f5udepesukomplekt"}]},{"@type":"WebSite","@id":"https:\/\/www.talidesign.eu\/et\/#website","url":"https:\/\/www.talidesign.eu\/et\/","name":"TALI Concept Store","description":"Suurim Disainipood Eestis","potentialAction":[{"@type":"SearchAction","target":{"@type":"EntryPoint","urlTemplate":"https:\/\/www.talidesign.eu\/et\/?s={search_term_string}"},"query-input":{"@type":"PropertyValueSpecification","valueRequired":true,"valueName":"search_term_string"}}],"inLanguage":"et"}]}},"_links":{"self":[{"href":"https:\/\/www.talidesign.eu\/et\/wp-json\/wp\/v2\/product\/110324","targetHints":{"allow":["GET"]}}],"collection":[{"href":"https:\/\/www.talidesign.eu\/et\/wp-json\/wp\/v2\/product"}],"about":[{"href":"https:\/\/www.talidesign.eu\/et\/wp-json\/wp\/v2\/types\/product"}],"wp:featuredmedia":[{"embeddable":true,"href":"https:\/\/www.talidesign.eu\/et\/wp-json\/wp\/v2\/media\/110328"}],"wp:attachment":[{"href":"https:\/\/www.talidesign.eu\/et\/wp-json\/wp\/v2\/media?parent=110324"}],"wp:term":[{"taxonomy":"product_brand","embeddable":true,"href":"https:\/\/www.talidesign.eu\/et\/wp-json\/wp\/v2\/product_brand?post=110324"},{"taxonomy":"product_cat","embeddable":true,"href":"https:\/\/www.talidesign.eu\/et\/wp-json\/wp\/v2\/product_cat?post=110324"},{"taxonomy":"product_tag","embeddable":true,"href":"https:\/\/www.talidesign.eu\/et\/wp-json\/wp\/v2\/product_tag?post=110324"}],"curies":[{"name":"wp","href":"https:\/\/api.w.org\/{rel}","templated":true}]}}