{"id":111583,"date":"2025-12-10T14:03:40","date_gmt":"2025-12-10T12:03:40","guid":{"rendered":"https:\/\/www.talidesign.eu\/?post_type=product&#038;p=111583"},"modified":"2026-01-31T21:10:46","modified_gmt":"2026-01-31T19:10:46","slug":"umbra-cappa-wc-paberihoidja-nickel","status":"publish","type":"product","link":"https:\/\/www.talidesign.eu\/et\/pood\/toode\/umbra-cappa-wc-paberihoidja-nickel\/","title":{"rendered":"Umbra Cappa WC-paberihoidja Nickel"},"content":{"rendered":"<p><strong>Cappa WC-paberihoidja Nickel<\/strong><\/p>\n<p>Cappa WC-paberihoidja \u00fchendab funktsionaalsuse ja minimalistliku disaini. Cappa mahutab kuni kolm jumbo-suuruses tualettpaberirulli. M\u00f5\u00f5tmetega 20 x 12 x 52 cm sobib see ideaalselt igasse vannituppa, pakkudes praktilist ja stiilset lahendust. Valmistatud vastupidavast metallist ning viimistletud keskkonnas\u00f5bralikul viisil, mis v\u00e4hendab vee- ja j\u00e4\u00e4tmekulu 85% v\u00f5rreldes traditsiooniliste meetoditega.<\/p>\n<ul>\n<li><strong>Moodne ja stiilne disain<\/strong><br \/>\nMinimalistlik ja poleeritud metallist disain sobib erinevate vannitubadega.<\/li>\n<li><strong>Kompaktne suurus<\/strong><br \/>\nV\u00f5tab v\u00e4he ruumi, m\u00f5\u00f5tmetega <strong>20 x 12 x 52 cm<\/strong>.<\/li>\n<li><strong>Lihtne hoiustamine<\/strong><br \/>\nMahutab kuni kolm jumbo-suuruses rulli, t\u00f5stetud alus hoiab rullid puhtana ja p\u00f5randast eemal.<\/li>\n<li><strong>Tugev metallkonstruktsioon<\/strong><br \/>\nValmistatud vastupidavast metallist, tagades stabiilsuse ja pikaealisuse.<\/li>\n<\/ul>\n<p>\u2022 Materjal: Vastupidav metall<br \/>\n\u2022 M\u00f5\u00f5dud: 20 x 12 x 52 cm<br \/>\n\u2022 <a href=\"https:\/\/www.talidesign.eu\/et\/tootekategooria\/brandid\/umbra-et\/\">Br\u00e4nd Umbra<\/a><\/p>\n<p><strong>Meist<\/strong><\/p>\n<p>1979. aastal alguse saanud \u00fche lihtsa aknakardinaga s\u00fcndis Umbra kirest originaalse disaini ja taskukohase, kaasaegse stiili vastu. Kaasasutajad Les Mandelbaum ja Paul Rowan n\u00e4gid vajadust luua loomingulisi ja soodsaid tooteid, mis sobiksid igasse koju.<\/p>\n<p>T\u00e4naseks on Torontos, Kanadas asuv Umbra kasvanud rahvusvaheliseks disainiliidriks, tegutsedes enam kui 120 riigis ja omades esindusi Euroopas, P\u00f5hja- ja L\u00f5una-Ameerikas ning Aasias. Innovatsioonist kantuna toob meie rahvusvaheline disainitiim igap\u00e4evaesemetesse v\u00e4rsket loomingulisust ja uusi ideid, seades kaasaegsele disainile uusi standardeid.<\/p>\n<p><a href=\"https:\/\/www.talidesign.eu\/et\/tootekategooria\/brandid\/umbra-et\/\"><img loading=\"lazy\" decoding=\"async\" class=\"alignnone size-full wp-image-93263\" src=\"https:\/\/www.talidesign.eu\/wp\/wp-content\/uploads\/2024\/10\/umbralogo-1.jpg\" alt=\"\" width=\"500\" height=\"100\" \/><\/a><\/p>\n","protected":false},"excerpt":{"rendered":"<p><strong>Cappa WC-paberihoidja Nickel<\/strong><\/p>\n<p>Cappa WC-paberihoidja \u00fchendab funktsionaalsuse ja minimalistliku disaini. Cappa mahutab kuni kolm jumbo-suuruses tualettpaberirulli. M\u00f5\u00f5tmetega 20 x 12 x 52 cm sobib see ideaalselt igasse vannituppa, pakkudes praktilist ja stiilset lahendust. Valmistatud vastupidavast metallist ning viimistletud keskkonnas\u00f5bralikul viisil, mis v\u00e4hendab vee- ja j\u00e4\u00e4tmekulu 85% v\u00f5rreldes traditsiooniliste meetoditega.<\/p>\n<ul>\n<li><strong>Moodne ja stiilne disain<\/strong><br \/>\nMinimalistlik ja poleeritud metallist disain sobib erinevate vannitubadega.<\/li>\n<li><strong>Kompaktne suurus<\/strong><br \/>\nV\u00f5tab v\u00e4he ruumi, m\u00f5\u00f5tmetega <strong>20 x 12 x 52 cm<\/strong>.<\/li>\n<li><strong>Lihtne hoiustamine<\/strong><br \/>\nMahutab kuni kolm jumbo-suuruses rulli, t\u00f5stetud alus hoiab rullid puhtana ja p\u00f5randast eemal.<\/li>\n<li><strong>Tugev metallkonstruktsioon<\/strong><br \/>\nValmistatud vastupidavast metallist, tagades stabiilsuse ja pikaealisuse.<\/li>\n<\/ul>\n<p>\u2022 Materjal: Vastupidav metall<br \/>\n\u2022 M\u00f5\u00f5dud: 20 x 12 x 52 cm<br \/>\n\u2022 <a href=\"https:\/\/www.talidesign.eu\/et\/tootekategooria\/brandid\/umbra-et\/\">Br\u00e4nd Umbra<\/a><\/p>\n<p><strong>Meist<\/strong><\/p>\n<p>1979. aastal alguse saanud \u00fche lihtsa aknakardinaga s\u00fcndis Umbra kirest originaalse disaini ja taskukohase, kaasaegse stiili vastu. Kaasasutajad Les Mandelbaum ja Paul Rowan n\u00e4gid vajadust luua loomingulisi ja soodsaid tooteid, mis sobiksid igasse koju.<\/p>\n<p>T\u00e4naseks on Torontos, Kanadas asuv Umbra kasvanud rahvusvaheliseks disainiliidriks, tegutsedes enam kui 120 riigis ja omades esindusi Euroopas, P\u00f5hja- ja L\u00f5una-Ameerikas ning Aasias. Innovatsioonist kantuna toob meie rahvusvaheline disainitiim igap\u00e4evaesemetesse v\u00e4rsket loomingulisust ja uusi ideid, seades kaasaegsele disainile uusi standardeid.<\/p>\n<p><a href=\"https:\/\/www.talidesign.eu\/et\/tootekategooria\/brandid\/umbra-et\/\"><img loading=\"lazy\" decoding=\"async\" class=\"alignnone size-full wp-image-93263\" src=\"https:\/\/www.talidesign.eu\/wp\/wp-content\/uploads\/2024\/10\/umbralogo-1.jpg\" alt=\"\" width=\"500\" height=\"100\" \/><\/a><\/p>\n","protected":false},"featured_media":111589,"template":"","meta":[],"product_brand":[],"product_cat":[1026,1018,3350,1100],"product_tag":[3356],"class_list":{"0":"post-111583","1":"product","2":"type-product","3":"status-publish","4":"has-post-thumbnail","6":"product_cat-brandid","7":"product_cat-kodu","8":"product_cat-umbra-et","9":"product_cat-vannituba","10":"product_tag-umbra-et","12":"first","13":"outofstock","14":"taxable","15":"shipping-taxable","16":"purchasable","17":"product-type-simple"},"yoast_head":"<!-- This site is optimized with the Yoast SEO plugin v27.3 - https:\/\/yoast.com\/product\/yoast-seo-wordpress\/ -->\n<title>Umbra Cappa WC-paberihoidja Nickel - TALI Concept Store<\/title>\n<meta name=\"robots\" content=\"index, follow, max-snippet:-1, max-image-preview:large, max-video-preview:-1\" \/>\n<link rel=\"canonical\" href=\"https:\/\/www.talidesign.eu\/et\/pood\/toode\/umbra-cappa-wc-paberihoidja-nickel\/\" \/>\n<meta property=\"og:locale\" content=\"et_EE\" \/>\n<meta property=\"og:type\" content=\"article\" \/>\n<meta property=\"og:title\" content=\"Umbra Cappa WC-paberihoidja Nickel - TALI Concept Store\" \/>\n<meta property=\"og:description\" content=\"Cappa WC-paberihoidja Nickel  Cappa WC-paberihoidja \u00fchendab funktsionaalsuse ja minimalistliku disaini. Cappa mahutab kuni kolm jumbo-suuruses tualettpaberirulli. M\u00f5\u00f5tmetega 20 x 12 x 52 cm sobib see ideaalselt igasse vannituppa, pakkudes praktilist ja stiilset lahendust. Valmistatud vastupidavast metallist ning viimistletud keskkonnas\u00f5bralikul viisil, mis v\u00e4hendab vee- ja j\u00e4\u00e4tmekulu 85% v\u00f5rreldes traditsiooniliste meetoditega.   Moodne ja stiilne disain Minimalistlik ja poleeritud metallist disain sobib erinevate vannitubadega.  Kompaktne suurus V\u00f5tab v\u00e4he ruumi, m\u00f5\u00f5tmetega 20 x 12 x 52 cm.  Lihtne hoiustamine Mahutab kuni kolm jumbo-suuruses rulli, t\u00f5stetud alus hoiab rullid puhtana ja p\u00f5randast eemal.  Tugev metallkonstruktsioon Valmistatud vastupidavast metallist, tagades stabiilsuse ja pikaealisuse.  \u2022 Materjal: Vastupidav metall \u2022 M\u00f5\u00f5dud: 20 x 12 x 52 cm \u2022 Br\u00e4nd Umbra  Meist  1979. aastal alguse saanud \u00fche lihtsa aknakardinaga s\u00fcndis Umbra kirest originaalse disaini ja taskukohase, kaasaegse stiili vastu. Kaasasutajad Les Mandelbaum ja Paul Rowan n\u00e4gid vajadust luua loomingulisi ja soodsaid tooteid, mis sobiksid igasse koju.  T\u00e4naseks on Torontos, Kanadas asuv Umbra kasvanud rahvusvaheliseks disainiliidriks, tegutsedes enam kui 120 riigis ja omades esindusi Euroopas, P\u00f5hja- ja L\u00f5una-Ameerikas ning Aasias. Innovatsioonist kantuna toob meie rahvusvaheline disainitiim igap\u00e4evaesemetesse v\u00e4rsket loomingulisust ja uusi ideid, seades kaasaegsele disainile uusi standardeid.\" \/>\n<meta property=\"og:url\" content=\"https:\/\/www.talidesign.eu\/et\/pood\/toode\/umbra-cappa-wc-paberihoidja-nickel\/\" \/>\n<meta property=\"og:site_name\" content=\"TALI Concept Store\" \/>\n<meta property=\"article:publisher\" content=\"https:\/\/www.facebook.com\/TaliDisain\/\" \/>\n<meta property=\"article:modified_time\" content=\"2026-01-31T19:10:46+00:00\" \/>\n<meta property=\"og:image\" content=\"https:\/\/www.talidesign.eu\/wp\/wp-content\/uploads\/2025\/12\/cappanickel-Photoroom.png\" \/>\n\t<meta property=\"og:image:width\" content=\"1000\" \/>\n\t<meta property=\"og:image:height\" content=\"1000\" \/>\n\t<meta property=\"og:image:type\" content=\"image\/png\" \/>\n<meta name=\"twitter:card\" content=\"summary_large_image\" \/>\n<meta name=\"twitter:label1\" content=\"Est. reading time\" \/>\n\t<meta name=\"twitter:data1\" content=\"2 minutes\" \/>\n<script type=\"application\/ld+json\" class=\"yoast-schema-graph\">{\"@context\":\"https:\\\/\\\/schema.org\",\"@graph\":[{\"@type\":\"WebPage\",\"@id\":\"https:\\\/\\\/www.talidesign.eu\\\/et\\\/pood\\\/toode\\\/umbra-cappa-wc-paberihoidja-nickel\\\/\",\"url\":\"https:\\\/\\\/www.talidesign.eu\\\/et\\\/pood\\\/toode\\\/umbra-cappa-wc-paberihoidja-nickel\\\/\",\"name\":\"Umbra Cappa WC-paberihoidja Nickel - TALI Concept Store\",\"isPartOf\":{\"@id\":\"https:\\\/\\\/www.talidesign.eu\\\/et\\\/#website\"},\"primaryImageOfPage\":{\"@id\":\"https:\\\/\\\/www.talidesign.eu\\\/et\\\/pood\\\/toode\\\/umbra-cappa-wc-paberihoidja-nickel\\\/#primaryimage\"},\"image\":{\"@id\":\"https:\\\/\\\/www.talidesign.eu\\\/et\\\/pood\\\/toode\\\/umbra-cappa-wc-paberihoidja-nickel\\\/#primaryimage\"},\"thumbnailUrl\":\"https:\\\/\\\/www.talidesign.eu\\\/wp\\\/wp-content\\\/uploads\\\/2025\\\/12\\\/cappanickel-Photoroom.png\",\"datePublished\":\"2025-12-10T12:03:40+00:00\",\"dateModified\":\"2026-01-31T19:10:46+00:00\",\"breadcrumb\":{\"@id\":\"https:\\\/\\\/www.talidesign.eu\\\/et\\\/pood\\\/toode\\\/umbra-cappa-wc-paberihoidja-nickel\\\/#breadcrumb\"},\"inLanguage\":\"et\",\"potentialAction\":[{\"@type\":\"ReadAction\",\"target\":[\"https:\\\/\\\/www.talidesign.eu\\\/et\\\/pood\\\/toode\\\/umbra-cappa-wc-paberihoidja-nickel\\\/\"]}]},{\"@type\":\"ImageObject\",\"inLanguage\":\"et\",\"@id\":\"https:\\\/\\\/www.talidesign.eu\\\/et\\\/pood\\\/toode\\\/umbra-cappa-wc-paberihoidja-nickel\\\/#primaryimage\",\"url\":\"https:\\\/\\\/www.talidesign.eu\\\/wp\\\/wp-content\\\/uploads\\\/2025\\\/12\\\/cappanickel-Photoroom.png\",\"contentUrl\":\"https:\\\/\\\/www.talidesign.eu\\\/wp\\\/wp-content\\\/uploads\\\/2025\\\/12\\\/cappanickel-Photoroom.png\",\"width\":1000,\"height\":1000},{\"@type\":\"BreadcrumbList\",\"@id\":\"https:\\\/\\\/www.talidesign.eu\\\/et\\\/pood\\\/toode\\\/umbra-cappa-wc-paberihoidja-nickel\\\/#breadcrumb\",\"itemListElement\":[{\"@type\":\"ListItem\",\"position\":1,\"name\":\"Avaleht\",\"item\":\"https:\\\/\\\/www.talidesign.eu\\\/et\\\/\"},{\"@type\":\"ListItem\",\"position\":2,\"name\":\"Pood\",\"item\":\"https:\\\/\\\/www.talidesign.eu\\\/et\\\/pood\\\/\"},{\"@type\":\"ListItem\",\"position\":3,\"name\":\"Umbra Cappa WC-paberihoidja Nickel\"}]},{\"@type\":\"WebSite\",\"@id\":\"https:\\\/\\\/www.talidesign.eu\\\/et\\\/#website\",\"url\":\"https:\\\/\\\/www.talidesign.eu\\\/et\\\/\",\"name\":\"TALI Concept Store\",\"description\":\"Suurim Disainipood Eestis\",\"potentialAction\":[{\"@type\":\"SearchAction\",\"target\":{\"@type\":\"EntryPoint\",\"urlTemplate\":\"https:\\\/\\\/www.talidesign.eu\\\/et\\\/?s={search_term_string}\"},\"query-input\":{\"@type\":\"PropertyValueSpecification\",\"valueRequired\":true,\"valueName\":\"search_term_string\"}}],\"inLanguage\":\"et\"}]}<\/script>\n<!-- \/ Yoast SEO plugin. -->","yoast_head_json":{"title":"Umbra Cappa WC-paberihoidja Nickel - TALI Concept Store","robots":{"index":"index","follow":"follow","max-snippet":"max-snippet:-1","max-image-preview":"max-image-preview:large","max-video-preview":"max-video-preview:-1"},"canonical":"https:\/\/www.talidesign.eu\/et\/pood\/toode\/umbra-cappa-wc-paberihoidja-nickel\/","og_locale":"et_EE","og_type":"article","og_title":"Umbra Cappa WC-paberihoidja Nickel - TALI Concept Store","og_description":"Cappa WC-paberihoidja Nickel  Cappa WC-paberihoidja \u00fchendab funktsionaalsuse ja minimalistliku disaini. Cappa mahutab kuni kolm jumbo-suuruses tualettpaberirulli. M\u00f5\u00f5tmetega 20 x 12 x 52 cm sobib see ideaalselt igasse vannituppa, pakkudes praktilist ja stiilset lahendust. Valmistatud vastupidavast metallist ning viimistletud keskkonnas\u00f5bralikul viisil, mis v\u00e4hendab vee- ja j\u00e4\u00e4tmekulu 85% v\u00f5rreldes traditsiooniliste meetoditega.   Moodne ja stiilne disain Minimalistlik ja poleeritud metallist disain sobib erinevate vannitubadega.  Kompaktne suurus V\u00f5tab v\u00e4he ruumi, m\u00f5\u00f5tmetega 20 x 12 x 52 cm.  Lihtne hoiustamine Mahutab kuni kolm jumbo-suuruses rulli, t\u00f5stetud alus hoiab rullid puhtana ja p\u00f5randast eemal.  Tugev metallkonstruktsioon Valmistatud vastupidavast metallist, tagades stabiilsuse ja pikaealisuse.  \u2022 Materjal: Vastupidav metall \u2022 M\u00f5\u00f5dud: 20 x 12 x 52 cm \u2022 Br\u00e4nd Umbra  Meist  1979. aastal alguse saanud \u00fche lihtsa aknakardinaga s\u00fcndis Umbra kirest originaalse disaini ja taskukohase, kaasaegse stiili vastu. Kaasasutajad Les Mandelbaum ja Paul Rowan n\u00e4gid vajadust luua loomingulisi ja soodsaid tooteid, mis sobiksid igasse koju.  T\u00e4naseks on Torontos, Kanadas asuv Umbra kasvanud rahvusvaheliseks disainiliidriks, tegutsedes enam kui 120 riigis ja omades esindusi Euroopas, P\u00f5hja- ja L\u00f5una-Ameerikas ning Aasias. Innovatsioonist kantuna toob meie rahvusvaheline disainitiim igap\u00e4evaesemetesse v\u00e4rsket loomingulisust ja uusi ideid, seades kaasaegsele disainile uusi standardeid.","og_url":"https:\/\/www.talidesign.eu\/et\/pood\/toode\/umbra-cappa-wc-paberihoidja-nickel\/","og_site_name":"TALI Concept Store","article_publisher":"https:\/\/www.facebook.com\/TaliDisain\/","article_modified_time":"2026-01-31T19:10:46+00:00","og_image":[{"width":1000,"height":1000,"url":"https:\/\/www.talidesign.eu\/wp\/wp-content\/uploads\/2025\/12\/cappanickel-Photoroom.png","type":"image\/png"}],"twitter_card":"summary_large_image","twitter_misc":{"Est. reading time":"2 minutes"},"schema":{"@context":"https:\/\/schema.org","@graph":[{"@type":"WebPage","@id":"https:\/\/www.talidesign.eu\/et\/pood\/toode\/umbra-cappa-wc-paberihoidja-nickel\/","url":"https:\/\/www.talidesign.eu\/et\/pood\/toode\/umbra-cappa-wc-paberihoidja-nickel\/","name":"Umbra Cappa WC-paberihoidja Nickel - TALI Concept Store","isPartOf":{"@id":"https:\/\/www.talidesign.eu\/et\/#website"},"primaryImageOfPage":{"@id":"https:\/\/www.talidesign.eu\/et\/pood\/toode\/umbra-cappa-wc-paberihoidja-nickel\/#primaryimage"},"image":{"@id":"https:\/\/www.talidesign.eu\/et\/pood\/toode\/umbra-cappa-wc-paberihoidja-nickel\/#primaryimage"},"thumbnailUrl":"https:\/\/www.talidesign.eu\/wp\/wp-content\/uploads\/2025\/12\/cappanickel-Photoroom.png","datePublished":"2025-12-10T12:03:40+00:00","dateModified":"2026-01-31T19:10:46+00:00","breadcrumb":{"@id":"https:\/\/www.talidesign.eu\/et\/pood\/toode\/umbra-cappa-wc-paberihoidja-nickel\/#breadcrumb"},"inLanguage":"et","potentialAction":[{"@type":"ReadAction","target":["https:\/\/www.talidesign.eu\/et\/pood\/toode\/umbra-cappa-wc-paberihoidja-nickel\/"]}]},{"@type":"ImageObject","inLanguage":"et","@id":"https:\/\/www.talidesign.eu\/et\/pood\/toode\/umbra-cappa-wc-paberihoidja-nickel\/#primaryimage","url":"https:\/\/www.talidesign.eu\/wp\/wp-content\/uploads\/2025\/12\/cappanickel-Photoroom.png","contentUrl":"https:\/\/www.talidesign.eu\/wp\/wp-content\/uploads\/2025\/12\/cappanickel-Photoroom.png","width":1000,"height":1000},{"@type":"BreadcrumbList","@id":"https:\/\/www.talidesign.eu\/et\/pood\/toode\/umbra-cappa-wc-paberihoidja-nickel\/#breadcrumb","itemListElement":[{"@type":"ListItem","position":1,"name":"Avaleht","item":"https:\/\/www.talidesign.eu\/et\/"},{"@type":"ListItem","position":2,"name":"Pood","item":"https:\/\/www.talidesign.eu\/et\/pood\/"},{"@type":"ListItem","position":3,"name":"Umbra Cappa WC-paberihoidja Nickel"}]},{"@type":"WebSite","@id":"https:\/\/www.talidesign.eu\/et\/#website","url":"https:\/\/www.talidesign.eu\/et\/","name":"TALI Concept Store","description":"Suurim Disainipood Eestis","potentialAction":[{"@type":"SearchAction","target":{"@type":"EntryPoint","urlTemplate":"https:\/\/www.talidesign.eu\/et\/?s={search_term_string}"},"query-input":{"@type":"PropertyValueSpecification","valueRequired":true,"valueName":"search_term_string"}}],"inLanguage":"et"}]}},"_links":{"self":[{"href":"https:\/\/www.talidesign.eu\/et\/wp-json\/wp\/v2\/product\/111583","targetHints":{"allow":["GET"]}}],"collection":[{"href":"https:\/\/www.talidesign.eu\/et\/wp-json\/wp\/v2\/product"}],"about":[{"href":"https:\/\/www.talidesign.eu\/et\/wp-json\/wp\/v2\/types\/product"}],"wp:featuredmedia":[{"embeddable":true,"href":"https:\/\/www.talidesign.eu\/et\/wp-json\/wp\/v2\/media\/111589"}],"wp:attachment":[{"href":"https:\/\/www.talidesign.eu\/et\/wp-json\/wp\/v2\/media?parent=111583"}],"wp:term":[{"taxonomy":"product_brand","embeddable":true,"href":"https:\/\/www.talidesign.eu\/et\/wp-json\/wp\/v2\/product_brand?post=111583"},{"taxonomy":"product_cat","embeddable":true,"href":"https:\/\/www.talidesign.eu\/et\/wp-json\/wp\/v2\/product_cat?post=111583"},{"taxonomy":"product_tag","embeddable":true,"href":"https:\/\/www.talidesign.eu\/et\/wp-json\/wp\/v2\/product_tag?post=111583"}],"curies":[{"name":"wp","href":"https:\/\/api.w.org\/{rel}","templated":true}]}}