{"id":112436,"date":"2026-01-09T14:59:11","date_gmt":"2026-01-09T12:59:11","guid":{"rendered":"https:\/\/www.talidesign.eu\/?post_type=product&#038;p=112436"},"modified":"2026-01-12T22:28:06","modified_gmt":"2026-01-12T20:28:06","slug":"chromophobia-kaelakee-heavy-heart","status":"publish","type":"product","link":"https:\/\/www.talidesign.eu\/et\/pood\/toode\/chromophobia-kaelakee-heavy-heart\/","title":{"rendered":"Chromophobia kaelakee &#8220;Heavy Heart&#8221;"},"content":{"rendered":"<p><strong>\u201cHeavy Heart\u201d kaelakee<\/strong><br \/>\nP\u00fcsikollektsioon<\/p>\n<p>P\u00fcsikollektsioon<br \/>\n\u2022 Puit, akr\u00fc\u00fcl, messing<br \/>\n\u2022 Ripats 50x50mm<br \/>\n\u2022 Roostevabast terasest kullatud kett, pikkus 40cm<\/p>\n<p><a href=\"https:\/\/www.talidesign.eu\/et\/tootekategooria\/brandid\/chromophobia-by-triinu-tiisel-et\/\">Chromophobia by Triinu Tiisel<\/a><\/p>\n<p>Loomult range ja j\u00f5uline ehtesari \u201cChromophobia\u201d on p\u00fc\u00fcdlus korrastatud struktuuri ning sellega kaasneva vabaduse poole.<br \/>\nEhteid iseloomustavad julged graafilised jooned ning arhitektuurne vorm, metallist detailid r\u00f5hutavad maskuliinsuse elegantsi.<br \/>\nChromophobia ehtesari koosneb p\u00fcsikollektsioonist ning alati uuenevatest autoriehetest, mis valmivad v\u00e4ga v\u00e4ikeses koguses.<br \/>\nTriinu Tiisel on Eesti arhitekt ja disainer, kes l\u00f5i oma ehtebr\u00e4ndi 2011. aastal.<\/p>\n<p><a href=\"https:\/\/www.talidesign.eu\/et\/tootekategooria\/brandid\/chromophobia-by-triinu-tiisel-et\/\"><img src=https:\/\/www.talidesign.eu\/wp\/wp-content\/uploads\/2021\/08\/Logo-584x400.jpg alt=\"\" width=\"584\" height=\"400\" class=\"alignnone size\n\n<\/p>\n","protected":false},"excerpt":{"rendered":"<p><strong>\u201cHeavy Heart\u201d kaelakee<\/strong><br \/>\nP\u00fcsikollektsioon<\/p>\n<p>P\u00fcsikollektsioon<br \/>\n\u2022 Puit, akr\u00fc\u00fcl, messing<br \/>\n\u2022 Ripats 50x50mm<br \/>\n\u2022 Roostevabast terasest kullatud kett, pikkus 40cm<\/p>\n<p><a href=\"https:\/\/www.talidesign.eu\/et\/tootekategooria\/brandid\/chromophobia-by-triinu-tiisel-et\/\">Chromophobia by Triinu Tiisel<\/a><\/p>\n<p>Loomult range ja j\u00f5uline ehtesari \u201cChromophobia\u201d on p\u00fc\u00fcdlus korrastatud struktuuri ning sellega kaasneva vabaduse poole.<br \/>\nEhteid iseloomustavad julged graafilised jooned ning arhitektuurne vorm, metallist detailid r\u00f5hutavad maskuliinsuse elegantsi.<br \/>\nChromophobia ehtesari koosneb p\u00fcsikollektsioonist ning alati uuenevatest autoriehetest, mis valmivad v\u00e4ga v\u00e4ikeses koguses.<br \/>\nTriinu Tiisel on Eesti arhitekt ja disainer, kes l\u00f5i oma ehtebr\u00e4ndi 2011. aastal.<\/p>\n<p><a href=\"https:\/\/www.talidesign.eu\/et\/tootekategooria\/brandid\/chromophobia-by-triinu-tiisel-et\/\"><img src=https:\/\/www.talidesign.eu\/wp\/wp-content\/uploads\/2021\/08\/Logo-584x400.jpg alt=\"\" width=\"584\" height=\"400\" class=\"alignnone size\n\n<\/p>\n","protected":false},"featured_media":112441,"template":"","meta":[],"product_brand":[],"product_cat":[1026,1176,1146,1166],"product_tag":[1824],"class_list":{"0":"post-112436","1":"product","2":"type-product","3":"status-publish","4":"has-post-thumbnail","6":"product_cat-brandid","7":"product_cat-chromophobia-by-triinu-tiisel-et","8":"product_cat-ehted","9":"product_cat-kaelakeed","10":"product_tag-chromophobia-et","12":"first","13":"outofstock","14":"taxable","15":"shipping-taxable","16":"purchasable","17":"product-type-simple"},"yoast_head":"<!-- This site is optimized with the Yoast SEO plugin v27.3 - https:\/\/yoast.com\/product\/yoast-seo-wordpress\/ -->\n<title>Chromophobia By Triinu Tiisel - Necklace &quot;O&quot; - Tali Concept Store<\/title>\n<meta name=\"robots\" content=\"index, follow, max-snippet:-1, max-image-preview:large, max-video-preview:-1\" \/>\n<link rel=\"canonical\" href=\"https:\/\/www.talidesign.eu\/et\/pood\/toode\/chromophobia-kaelakee-heavy-heart\/\" \/>\n<meta property=\"og:locale\" content=\"et_EE\" \/>\n<meta property=\"og:type\" content=\"article\" \/>\n<meta property=\"og:title\" content=\"Chromophobia By Triinu Tiisel - Necklace &quot;O&quot; - Tali Concept Store\" \/>\n<meta property=\"og:description\" content=\"\u201cHeavy Heart\u201d kaelakee P\u00fcsikollektsioon   P\u00fcsikollektsioon \u2022 Puit, akr\u00fc\u00fcl, messing \u2022 Ripats 50x50mm \u2022 Roostevabast terasest kullatud kett, pikkus 40cm  Chromophobia by Triinu Tiisel  Loomult range ja j\u00f5uline ehtesari \u201cChromophobia\u201d on p\u00fc\u00fcdlus korrastatud struktuuri ning sellega kaasneva vabaduse poole.  Ehteid iseloomustavad julged graafilised jooned ning arhitektuurne vorm, metallist detailid r\u00f5hutavad maskuliinsuse elegantsi. Chromophobia ehtesari koosneb p\u00fcsikollektsioonist ning alati uuenevatest autoriehetest, mis valmivad v\u00e4ga v\u00e4ikeses koguses. Triinu Tiisel on Eesti arhitekt ja disainer, kes l\u00f5i oma ehtebr\u00e4ndi 2011. aastal.\" \/>\n<meta property=\"og:url\" content=\"https:\/\/www.talidesign.eu\/et\/pood\/toode\/chromophobia-kaelakee-heavy-heart\/\" \/>\n<meta property=\"og:site_name\" content=\"TALI Concept Store\" \/>\n<meta property=\"article:publisher\" content=\"https:\/\/www.facebook.com\/TaliDisain\/\" \/>\n<meta property=\"article:modified_time\" content=\"2026-01-12T20:28:06+00:00\" \/>\n<meta property=\"og:image\" content=\"https:\/\/www.talidesign.eu\/wp\/wp-content\/uploads\/2026\/01\/Heavy-Heart_1.jpg\" \/>\n\t<meta property=\"og:image:width\" content=\"1839\" \/>\n\t<meta property=\"og:image:height\" content=\"1846\" \/>\n\t<meta property=\"og:image:type\" content=\"image\/jpeg\" \/>\n<meta name=\"twitter:card\" content=\"summary_large_image\" \/>\n<meta name=\"twitter:label1\" content=\"Est. reading time\" \/>\n\t<meta name=\"twitter:data1\" content=\"1 minute\" \/>\n<script type=\"application\/ld+json\" class=\"yoast-schema-graph\">{\"@context\":\"https:\\\/\\\/schema.org\",\"@graph\":[{\"@type\":\"WebPage\",\"@id\":\"https:\\\/\\\/www.talidesign.eu\\\/et\\\/pood\\\/toode\\\/chromophobia-kaelakee-heavy-heart\\\/\",\"url\":\"https:\\\/\\\/www.talidesign.eu\\\/et\\\/pood\\\/toode\\\/chromophobia-kaelakee-heavy-heart\\\/\",\"name\":\"Chromophobia By Triinu Tiisel - Necklace \\\"O\\\" - Tali Concept Store\",\"isPartOf\":{\"@id\":\"https:\\\/\\\/www.talidesign.eu\\\/et\\\/#website\"},\"primaryImageOfPage\":{\"@id\":\"https:\\\/\\\/www.talidesign.eu\\\/et\\\/pood\\\/toode\\\/chromophobia-kaelakee-heavy-heart\\\/#primaryimage\"},\"image\":{\"@id\":\"https:\\\/\\\/www.talidesign.eu\\\/et\\\/pood\\\/toode\\\/chromophobia-kaelakee-heavy-heart\\\/#primaryimage\"},\"thumbnailUrl\":\"https:\\\/\\\/www.talidesign.eu\\\/wp\\\/wp-content\\\/uploads\\\/2026\\\/01\\\/Heavy-Heart_1.jpg\",\"datePublished\":\"2026-01-09T12:59:11+00:00\",\"dateModified\":\"2026-01-12T20:28:06+00:00\",\"breadcrumb\":{\"@id\":\"https:\\\/\\\/www.talidesign.eu\\\/et\\\/pood\\\/toode\\\/chromophobia-kaelakee-heavy-heart\\\/#breadcrumb\"},\"inLanguage\":\"et\",\"potentialAction\":[{\"@type\":\"ReadAction\",\"target\":[\"https:\\\/\\\/www.talidesign.eu\\\/et\\\/pood\\\/toode\\\/chromophobia-kaelakee-heavy-heart\\\/\"]}]},{\"@type\":\"ImageObject\",\"inLanguage\":\"et\",\"@id\":\"https:\\\/\\\/www.talidesign.eu\\\/et\\\/pood\\\/toode\\\/chromophobia-kaelakee-heavy-heart\\\/#primaryimage\",\"url\":\"https:\\\/\\\/www.talidesign.eu\\\/wp\\\/wp-content\\\/uploads\\\/2026\\\/01\\\/Heavy-Heart_1.jpg\",\"contentUrl\":\"https:\\\/\\\/www.talidesign.eu\\\/wp\\\/wp-content\\\/uploads\\\/2026\\\/01\\\/Heavy-Heart_1.jpg\",\"width\":1839,\"height\":1846},{\"@type\":\"BreadcrumbList\",\"@id\":\"https:\\\/\\\/www.talidesign.eu\\\/et\\\/pood\\\/toode\\\/chromophobia-kaelakee-heavy-heart\\\/#breadcrumb\",\"itemListElement\":[{\"@type\":\"ListItem\",\"position\":1,\"name\":\"Avaleht\",\"item\":\"https:\\\/\\\/www.talidesign.eu\\\/et\\\/\"},{\"@type\":\"ListItem\",\"position\":2,\"name\":\"Pood\",\"item\":\"https:\\\/\\\/www.talidesign.eu\\\/et\\\/pood\\\/\"},{\"@type\":\"ListItem\",\"position\":3,\"name\":\"Chromophobia kaelakee &#8220;Heavy Heart&#8221;\"}]},{\"@type\":\"WebSite\",\"@id\":\"https:\\\/\\\/www.talidesign.eu\\\/et\\\/#website\",\"url\":\"https:\\\/\\\/www.talidesign.eu\\\/et\\\/\",\"name\":\"TALI Concept Store\",\"description\":\"Suurim Disainipood Eestis\",\"potentialAction\":[{\"@type\":\"SearchAction\",\"target\":{\"@type\":\"EntryPoint\",\"urlTemplate\":\"https:\\\/\\\/www.talidesign.eu\\\/et\\\/?s={search_term_string}\"},\"query-input\":{\"@type\":\"PropertyValueSpecification\",\"valueRequired\":true,\"valueName\":\"search_term_string\"}}],\"inLanguage\":\"et\"}]}<\/script>\n<!-- \/ Yoast SEO plugin. -->","yoast_head_json":{"title":"Chromophobia By Triinu Tiisel - Necklace \"O\" - Tali Concept Store","robots":{"index":"index","follow":"follow","max-snippet":"max-snippet:-1","max-image-preview":"max-image-preview:large","max-video-preview":"max-video-preview:-1"},"canonical":"https:\/\/www.talidesign.eu\/et\/pood\/toode\/chromophobia-kaelakee-heavy-heart\/","og_locale":"et_EE","og_type":"article","og_title":"Chromophobia By Triinu Tiisel - Necklace \"O\" - Tali Concept Store","og_description":"\u201cHeavy Heart\u201d kaelakee P\u00fcsikollektsioon   P\u00fcsikollektsioon \u2022 Puit, akr\u00fc\u00fcl, messing \u2022 Ripats 50x50mm \u2022 Roostevabast terasest kullatud kett, pikkus 40cm  Chromophobia by Triinu Tiisel  Loomult range ja j\u00f5uline ehtesari \u201cChromophobia\u201d on p\u00fc\u00fcdlus korrastatud struktuuri ning sellega kaasneva vabaduse poole.  Ehteid iseloomustavad julged graafilised jooned ning arhitektuurne vorm, metallist detailid r\u00f5hutavad maskuliinsuse elegantsi. Chromophobia ehtesari koosneb p\u00fcsikollektsioonist ning alati uuenevatest autoriehetest, mis valmivad v\u00e4ga v\u00e4ikeses koguses. Triinu Tiisel on Eesti arhitekt ja disainer, kes l\u00f5i oma ehtebr\u00e4ndi 2011. aastal.","og_url":"https:\/\/www.talidesign.eu\/et\/pood\/toode\/chromophobia-kaelakee-heavy-heart\/","og_site_name":"TALI Concept Store","article_publisher":"https:\/\/www.facebook.com\/TaliDisain\/","article_modified_time":"2026-01-12T20:28:06+00:00","og_image":[{"width":1839,"height":1846,"url":"https:\/\/www.talidesign.eu\/wp\/wp-content\/uploads\/2026\/01\/Heavy-Heart_1.jpg","type":"image\/jpeg"}],"twitter_card":"summary_large_image","twitter_misc":{"Est. reading time":"1 minute"},"schema":{"@context":"https:\/\/schema.org","@graph":[{"@type":"WebPage","@id":"https:\/\/www.talidesign.eu\/et\/pood\/toode\/chromophobia-kaelakee-heavy-heart\/","url":"https:\/\/www.talidesign.eu\/et\/pood\/toode\/chromophobia-kaelakee-heavy-heart\/","name":"Chromophobia By Triinu Tiisel - Necklace \"O\" - Tali Concept Store","isPartOf":{"@id":"https:\/\/www.talidesign.eu\/et\/#website"},"primaryImageOfPage":{"@id":"https:\/\/www.talidesign.eu\/et\/pood\/toode\/chromophobia-kaelakee-heavy-heart\/#primaryimage"},"image":{"@id":"https:\/\/www.talidesign.eu\/et\/pood\/toode\/chromophobia-kaelakee-heavy-heart\/#primaryimage"},"thumbnailUrl":"https:\/\/www.talidesign.eu\/wp\/wp-content\/uploads\/2026\/01\/Heavy-Heart_1.jpg","datePublished":"2026-01-09T12:59:11+00:00","dateModified":"2026-01-12T20:28:06+00:00","breadcrumb":{"@id":"https:\/\/www.talidesign.eu\/et\/pood\/toode\/chromophobia-kaelakee-heavy-heart\/#breadcrumb"},"inLanguage":"et","potentialAction":[{"@type":"ReadAction","target":["https:\/\/www.talidesign.eu\/et\/pood\/toode\/chromophobia-kaelakee-heavy-heart\/"]}]},{"@type":"ImageObject","inLanguage":"et","@id":"https:\/\/www.talidesign.eu\/et\/pood\/toode\/chromophobia-kaelakee-heavy-heart\/#primaryimage","url":"https:\/\/www.talidesign.eu\/wp\/wp-content\/uploads\/2026\/01\/Heavy-Heart_1.jpg","contentUrl":"https:\/\/www.talidesign.eu\/wp\/wp-content\/uploads\/2026\/01\/Heavy-Heart_1.jpg","width":1839,"height":1846},{"@type":"BreadcrumbList","@id":"https:\/\/www.talidesign.eu\/et\/pood\/toode\/chromophobia-kaelakee-heavy-heart\/#breadcrumb","itemListElement":[{"@type":"ListItem","position":1,"name":"Avaleht","item":"https:\/\/www.talidesign.eu\/et\/"},{"@type":"ListItem","position":2,"name":"Pood","item":"https:\/\/www.talidesign.eu\/et\/pood\/"},{"@type":"ListItem","position":3,"name":"Chromophobia kaelakee &#8220;Heavy Heart&#8221;"}]},{"@type":"WebSite","@id":"https:\/\/www.talidesign.eu\/et\/#website","url":"https:\/\/www.talidesign.eu\/et\/","name":"TALI Concept Store","description":"Suurim Disainipood Eestis","potentialAction":[{"@type":"SearchAction","target":{"@type":"EntryPoint","urlTemplate":"https:\/\/www.talidesign.eu\/et\/?s={search_term_string}"},"query-input":{"@type":"PropertyValueSpecification","valueRequired":true,"valueName":"search_term_string"}}],"inLanguage":"et"}]}},"_links":{"self":[{"href":"https:\/\/www.talidesign.eu\/et\/wp-json\/wp\/v2\/product\/112436","targetHints":{"allow":["GET"]}}],"collection":[{"href":"https:\/\/www.talidesign.eu\/et\/wp-json\/wp\/v2\/product"}],"about":[{"href":"https:\/\/www.talidesign.eu\/et\/wp-json\/wp\/v2\/types\/product"}],"wp:featuredmedia":[{"embeddable":true,"href":"https:\/\/www.talidesign.eu\/et\/wp-json\/wp\/v2\/media\/112441"}],"wp:attachment":[{"href":"https:\/\/www.talidesign.eu\/et\/wp-json\/wp\/v2\/media?parent=112436"}],"wp:term":[{"taxonomy":"product_brand","embeddable":true,"href":"https:\/\/www.talidesign.eu\/et\/wp-json\/wp\/v2\/product_brand?post=112436"},{"taxonomy":"product_cat","embeddable":true,"href":"https:\/\/www.talidesign.eu\/et\/wp-json\/wp\/v2\/product_cat?post=112436"},{"taxonomy":"product_tag","embeddable":true,"href":"https:\/\/www.talidesign.eu\/et\/wp-json\/wp\/v2\/product_tag?post=112436"}],"curies":[{"name":"wp","href":"https:\/\/api.w.org\/{rel}","templated":true}]}}