{"id":112560,"date":"2026-01-13T15:48:28","date_gmt":"2026-01-13T13:48:28","guid":{"rendered":"https:\/\/www.talidesign.eu\/?post_type=product&#038;p=112560"},"modified":"2026-02-20T17:00:01","modified_gmt":"2026-02-20T15:00:01","slug":"fluid-market-dachshund-seebidosaator","status":"publish","type":"product","link":"https:\/\/www.talidesign.eu\/et\/pood\/toode\/fluid-market-dachshund-seebidosaator\/","title":{"rendered":"Fluid Market Dachshund seebidosaator"},"content":{"rendered":"<p><strong>Dachshund seebidosaator<\/strong><\/p>\n<p>S\u00fcndis koost\u00f6\u00f6s Thomas Gravereau\u2019ga. Sest nunnusid seebidosaatoreid ei n\u00e4e just iga p\u00e4ev! Ja kui m\u00e4ngu tuleb veel taksikire, siis s\u00fcnnib ese, mis paneb sind iga 30 sekundi tagant k\u00e4si pesema.<\/p>\n<p>\u2022 17cm (H) x 14cm (L) x 5cm (W)<br \/>\n\u2022 Keraamiline<br \/>\n\u2022 <a href=\"\/product-category\/designers\/fluid-market-et\/\">Br\u00e4nd Fluid Market<\/a><\/p>\n<p><strong>Meist<\/strong><\/p>\n<p>J\u00e9r\u00e9my on olnud loominguline juba lapsep\u00f5lvest saadik, tema ema \u00fctles tihti, et ta elab oma kujutlusmaailmas.<br \/>\nSee loovus viis Fluid Marketi loomiseni \u2013 br\u00e4nd, mis on p\u00fchendunud positiivsete emotsioonide jagamisele ja ainulaadsete, m\u00e4nguliste disainide pakkumisele. P\u00e4rast aastaid k\u00fc\u00fcnlat\u00f6\u00f6stuses otsustas J\u00e9r\u00e9my uurida uusi kunstilisi horisonte. Keraamika sai t\u00e4iuslikuks v\u00e4ljundiks, pakkudes vabadust tema julgete ideede elluviimiseks.<\/p>\n<p>Tere tulemast Fluid Marketi maailma \u2014 naudi teekonda!<br \/>\n<a href=\"https:\/\/www.talidesign.eu\/wp\/wp-content\/uploads\/2024\/09\/Jeremy-400x400.webp\"><img loading=\"lazy\" decoding=\"async\" src=\"https:\/\/www.talidesign.eu\/wp\/wp-content\/uploads\/2024\/09\/Jeremy-400x400.webp\" alt=\"\" width=\"400\" height=\"400\" class=\"alignnone size-medium wp-image-91771\" srcset=\"https:\/\/www.talidesign.eu\/wp\/wp-content\/uploads\/2024\/09\/Jeremy-400x400.webp 400w, https:\/\/www.talidesign.eu\/wp\/wp-content\/uploads\/2024\/09\/Jeremy-280x280.webp 280w, https:\/\/www.talidesign.eu\/wp\/wp-content\/uploads\/2024\/09\/Jeremy-100x100.webp 100w, https:\/\/www.talidesign.eu\/wp\/wp-content\/uploads\/2024\/09\/Jeremy.webp 480w\" sizes=\"auto, (max-width: 400px) 100vw, 400px\" \/><\/a><br \/>\n<em>J\u00e9r\u00e9my<\/em><br \/>\n<a href=\"\/product-category\/designers\/fluid-market-et\/\"><img loading=\"lazy\" decoding=\"async\" src=\"https:\/\/www.talidesign.eu\/wp\/wp-content\/uploads\/2024\/09\/fluidMarket-1.jpg\" alt=\"\" width=\"500\" height=\"100\" class=\"alignnone size-full wp-image-91769\" \/><\/a><\/p>\n","protected":false},"excerpt":{"rendered":"<p><strong>Dachshund seebidosaator<\/strong><\/p>\n<p>S\u00fcndis koost\u00f6\u00f6s Thomas Gravereau\u2019ga. Sest nunnusid seebidosaatoreid ei n\u00e4e just iga p\u00e4ev! Ja kui m\u00e4ngu tuleb veel taksikire, siis s\u00fcnnib ese, mis paneb sind iga 30 sekundi tagant k\u00e4si pesema.<\/p>\n<p>\u2022 17cm (H) x 14cm (L) x 5cm (W)<br \/>\n\u2022 Keraamiline<br \/>\n\u2022 <a href=\"\/product-category\/designers\/fluid-market-et\/\">Br\u00e4nd Fluid Market<\/a><\/p>\n<p><strong>Meist<\/strong><\/p>\n<p>J\u00e9r\u00e9my on olnud loominguline juba lapsep\u00f5lvest saadik, tema ema \u00fctles tihti, et ta elab oma kujutlusmaailmas.<br \/>\nSee loovus viis Fluid Marketi loomiseni \u2013 br\u00e4nd, mis on p\u00fchendunud positiivsete emotsioonide jagamisele ja ainulaadsete, m\u00e4nguliste disainide pakkumisele. P\u00e4rast aastaid k\u00fc\u00fcnlat\u00f6\u00f6stuses otsustas J\u00e9r\u00e9my uurida uusi kunstilisi horisonte. Keraamika sai t\u00e4iuslikuks v\u00e4ljundiks, pakkudes vabadust tema julgete ideede elluviimiseks.<\/p>\n<p>Tere tulemast Fluid Marketi maailma \u2014 naudi teekonda!<br \/>\n<a href=\"https:\/\/www.talidesign.eu\/wp\/wp-content\/uploads\/2024\/09\/Jeremy-400x400.webp\"><img loading=\"lazy\" decoding=\"async\" src=\"https:\/\/www.talidesign.eu\/wp\/wp-content\/uploads\/2024\/09\/Jeremy-400x400.webp\" alt=\"\" width=\"400\" height=\"400\" class=\"alignnone size-medium wp-image-91771\" srcset=\"https:\/\/www.talidesign.eu\/wp\/wp-content\/uploads\/2024\/09\/Jeremy-400x400.webp 400w, https:\/\/www.talidesign.eu\/wp\/wp-content\/uploads\/2024\/09\/Jeremy-280x280.webp 280w, https:\/\/www.talidesign.eu\/wp\/wp-content\/uploads\/2024\/09\/Jeremy-100x100.webp 100w, https:\/\/www.talidesign.eu\/wp\/wp-content\/uploads\/2024\/09\/Jeremy.webp 480w\" sizes=\"auto, (max-width: 400px) 100vw, 400px\" \/><\/a><br \/>\n<em>J\u00e9r\u00e9my<\/em><br \/>\n<a href=\"\/product-category\/designers\/fluid-market-et\/\"><img loading=\"lazy\" decoding=\"async\" src=\"https:\/\/www.talidesign.eu\/wp\/wp-content\/uploads\/2024\/09\/fluidMarket-1.jpg\" alt=\"\" width=\"500\" height=\"100\" class=\"alignnone size-full wp-image-91769\" \/><\/a><\/p>\n","protected":false},"featured_media":112566,"template":"","meta":[],"product_brand":[],"product_cat":[1026,3299,1030,1100],"product_tag":[3302],"class_list":{"0":"post-112560","1":"product","2":"type-product","3":"status-publish","4":"has-post-thumbnail","6":"product_cat-brandid","7":"product_cat-fluid-market-et","8":"product_cat-kook","9":"product_cat-vannituba","10":"product_tag-fluid-market-et","12":"first","13":"outofstock","14":"taxable","15":"shipping-taxable","16":"purchasable","17":"product-type-simple"},"yoast_head":"<!-- This site is optimized with the Yoast SEO plugin v27.4 - https:\/\/yoast.com\/product\/yoast-seo-wordpress\/ -->\n<title>Fluid Market Dachshund seebidosaator - TALI Concept Store<\/title>\n<meta name=\"robots\" content=\"index, follow, max-snippet:-1, max-image-preview:large, max-video-preview:-1\" \/>\n<link rel=\"canonical\" href=\"https:\/\/www.talidesign.eu\/et\/pood\/toode\/fluid-market-dachshund-seebidosaator\/\" \/>\n<meta property=\"og:locale\" content=\"et_EE\" \/>\n<meta property=\"og:type\" content=\"article\" \/>\n<meta property=\"og:title\" content=\"Fluid Market Dachshund seebidosaator - TALI Concept Store\" \/>\n<meta property=\"og:description\" content=\"Dachshund seebidosaator  S\u00fcndis koost\u00f6\u00f6s Thomas Gravereau\u2019ga. Sest nunnusid seebidosaatoreid ei n\u00e4e just iga p\u00e4ev! Ja kui m\u00e4ngu tuleb veel taksikire, siis s\u00fcnnib ese, mis paneb sind iga 30 sekundi tagant k\u00e4si pesema.  \u2022 17cm (H) x 14cm (L) x 5cm (W) \u2022 Keraamiline \u2022 Br\u00e4nd Fluid Market  Meist  J\u00e9r\u00e9my on olnud loominguline juba lapsep\u00f5lvest saadik, tema ema \u00fctles tihti, et ta elab oma kujutlusmaailmas. See loovus viis Fluid Marketi loomiseni \u2013 br\u00e4nd, mis on p\u00fchendunud positiivsete emotsioonide jagamisele ja ainulaadsete, m\u00e4nguliste disainide pakkumisele. P\u00e4rast aastaid k\u00fc\u00fcnlat\u00f6\u00f6stuses otsustas J\u00e9r\u00e9my uurida uusi kunstilisi horisonte. Keraamika sai t\u00e4iuslikuks v\u00e4ljundiks, pakkudes vabadust tema julgete ideede elluviimiseks.  Tere tulemast Fluid Marketi maailma \u2014 naudi teekonda!  J\u00e9r\u00e9my\" \/>\n<meta property=\"og:url\" content=\"https:\/\/www.talidesign.eu\/et\/pood\/toode\/fluid-market-dachshund-seebidosaator\/\" \/>\n<meta property=\"og:site_name\" content=\"TALI Concept Store\" \/>\n<meta property=\"article:publisher\" content=\"https:\/\/www.facebook.com\/TaliDisain\/\" \/>\n<meta property=\"article:modified_time\" content=\"2026-02-20T15:00:01+00:00\" \/>\n<meta property=\"og:image\" content=\"https:\/\/www.talidesign.eu\/wp\/wp-content\/uploads\/2026\/01\/transparent-Photoroom-4.jpg\" \/>\n\t<meta property=\"og:image:width\" content=\"1000\" \/>\n\t<meta property=\"og:image:height\" content=\"1000\" \/>\n\t<meta property=\"og:image:type\" content=\"image\/jpeg\" \/>\n<meta name=\"twitter:card\" content=\"summary_large_image\" \/>\n<meta name=\"twitter:label1\" content=\"Est. reading time\" \/>\n\t<meta name=\"twitter:data1\" content=\"2 minutes\" \/>\n<script type=\"application\/ld+json\" class=\"yoast-schema-graph\">{\"@context\":\"https:\\\/\\\/schema.org\",\"@graph\":[{\"@type\":\"WebPage\",\"@id\":\"https:\\\/\\\/www.talidesign.eu\\\/et\\\/pood\\\/toode\\\/fluid-market-dachshund-seebidosaator\\\/\",\"url\":\"https:\\\/\\\/www.talidesign.eu\\\/et\\\/pood\\\/toode\\\/fluid-market-dachshund-seebidosaator\\\/\",\"name\":\"Fluid Market Dachshund seebidosaator - TALI Concept Store\",\"isPartOf\":{\"@id\":\"https:\\\/\\\/www.talidesign.eu\\\/et\\\/#website\"},\"primaryImageOfPage\":{\"@id\":\"https:\\\/\\\/www.talidesign.eu\\\/et\\\/pood\\\/toode\\\/fluid-market-dachshund-seebidosaator\\\/#primaryimage\"},\"image\":{\"@id\":\"https:\\\/\\\/www.talidesign.eu\\\/et\\\/pood\\\/toode\\\/fluid-market-dachshund-seebidosaator\\\/#primaryimage\"},\"thumbnailUrl\":\"https:\\\/\\\/www.talidesign.eu\\\/wp\\\/wp-content\\\/uploads\\\/2026\\\/01\\\/transparent-Photoroom-4.jpg\",\"datePublished\":\"2026-01-13T13:48:28+00:00\",\"dateModified\":\"2026-02-20T15:00:01+00:00\",\"breadcrumb\":{\"@id\":\"https:\\\/\\\/www.talidesign.eu\\\/et\\\/pood\\\/toode\\\/fluid-market-dachshund-seebidosaator\\\/#breadcrumb\"},\"inLanguage\":\"et\",\"potentialAction\":[{\"@type\":\"ReadAction\",\"target\":[\"https:\\\/\\\/www.talidesign.eu\\\/et\\\/pood\\\/toode\\\/fluid-market-dachshund-seebidosaator\\\/\"]}]},{\"@type\":\"ImageObject\",\"inLanguage\":\"et\",\"@id\":\"https:\\\/\\\/www.talidesign.eu\\\/et\\\/pood\\\/toode\\\/fluid-market-dachshund-seebidosaator\\\/#primaryimage\",\"url\":\"https:\\\/\\\/www.talidesign.eu\\\/wp\\\/wp-content\\\/uploads\\\/2026\\\/01\\\/transparent-Photoroom-4.jpg\",\"contentUrl\":\"https:\\\/\\\/www.talidesign.eu\\\/wp\\\/wp-content\\\/uploads\\\/2026\\\/01\\\/transparent-Photoroom-4.jpg\",\"width\":1000,\"height\":1000},{\"@type\":\"BreadcrumbList\",\"@id\":\"https:\\\/\\\/www.talidesign.eu\\\/et\\\/pood\\\/toode\\\/fluid-market-dachshund-seebidosaator\\\/#breadcrumb\",\"itemListElement\":[{\"@type\":\"ListItem\",\"position\":1,\"name\":\"Avaleht\",\"item\":\"https:\\\/\\\/www.talidesign.eu\\\/et\\\/\"},{\"@type\":\"ListItem\",\"position\":2,\"name\":\"Pood\",\"item\":\"https:\\\/\\\/www.talidesign.eu\\\/et\\\/pood\\\/\"},{\"@type\":\"ListItem\",\"position\":3,\"name\":\"Fluid Market Dachshund seebidosaator\"}]},{\"@type\":\"WebSite\",\"@id\":\"https:\\\/\\\/www.talidesign.eu\\\/et\\\/#website\",\"url\":\"https:\\\/\\\/www.talidesign.eu\\\/et\\\/\",\"name\":\"TALI Concept Store\",\"description\":\"Suurim Disainipood Eestis\",\"potentialAction\":[{\"@type\":\"SearchAction\",\"target\":{\"@type\":\"EntryPoint\",\"urlTemplate\":\"https:\\\/\\\/www.talidesign.eu\\\/et\\\/?s={search_term_string}\"},\"query-input\":{\"@type\":\"PropertyValueSpecification\",\"valueRequired\":true,\"valueName\":\"search_term_string\"}}],\"inLanguage\":\"et\"}]}<\/script>\n<!-- \/ Yoast SEO plugin. -->","yoast_head_json":{"title":"Fluid Market Dachshund seebidosaator - TALI Concept Store","robots":{"index":"index","follow":"follow","max-snippet":"max-snippet:-1","max-image-preview":"max-image-preview:large","max-video-preview":"max-video-preview:-1"},"canonical":"https:\/\/www.talidesign.eu\/et\/pood\/toode\/fluid-market-dachshund-seebidosaator\/","og_locale":"et_EE","og_type":"article","og_title":"Fluid Market Dachshund seebidosaator - TALI Concept Store","og_description":"Dachshund seebidosaator  S\u00fcndis koost\u00f6\u00f6s Thomas Gravereau\u2019ga. Sest nunnusid seebidosaatoreid ei n\u00e4e just iga p\u00e4ev! Ja kui m\u00e4ngu tuleb veel taksikire, siis s\u00fcnnib ese, mis paneb sind iga 30 sekundi tagant k\u00e4si pesema.  \u2022 17cm (H) x 14cm (L) x 5cm (W) \u2022 Keraamiline \u2022 Br\u00e4nd Fluid Market  Meist  J\u00e9r\u00e9my on olnud loominguline juba lapsep\u00f5lvest saadik, tema ema \u00fctles tihti, et ta elab oma kujutlusmaailmas. See loovus viis Fluid Marketi loomiseni \u2013 br\u00e4nd, mis on p\u00fchendunud positiivsete emotsioonide jagamisele ja ainulaadsete, m\u00e4nguliste disainide pakkumisele. P\u00e4rast aastaid k\u00fc\u00fcnlat\u00f6\u00f6stuses otsustas J\u00e9r\u00e9my uurida uusi kunstilisi horisonte. Keraamika sai t\u00e4iuslikuks v\u00e4ljundiks, pakkudes vabadust tema julgete ideede elluviimiseks.  Tere tulemast Fluid Marketi maailma \u2014 naudi teekonda!  J\u00e9r\u00e9my","og_url":"https:\/\/www.talidesign.eu\/et\/pood\/toode\/fluid-market-dachshund-seebidosaator\/","og_site_name":"TALI Concept Store","article_publisher":"https:\/\/www.facebook.com\/TaliDisain\/","article_modified_time":"2026-02-20T15:00:01+00:00","og_image":[{"width":1000,"height":1000,"url":"https:\/\/www.talidesign.eu\/wp\/wp-content\/uploads\/2026\/01\/transparent-Photoroom-4.jpg","type":"image\/jpeg"}],"twitter_card":"summary_large_image","twitter_misc":{"Est. reading time":"2 minutes"},"schema":{"@context":"https:\/\/schema.org","@graph":[{"@type":"WebPage","@id":"https:\/\/www.talidesign.eu\/et\/pood\/toode\/fluid-market-dachshund-seebidosaator\/","url":"https:\/\/www.talidesign.eu\/et\/pood\/toode\/fluid-market-dachshund-seebidosaator\/","name":"Fluid Market Dachshund seebidosaator - TALI Concept Store","isPartOf":{"@id":"https:\/\/www.talidesign.eu\/et\/#website"},"primaryImageOfPage":{"@id":"https:\/\/www.talidesign.eu\/et\/pood\/toode\/fluid-market-dachshund-seebidosaator\/#primaryimage"},"image":{"@id":"https:\/\/www.talidesign.eu\/et\/pood\/toode\/fluid-market-dachshund-seebidosaator\/#primaryimage"},"thumbnailUrl":"https:\/\/www.talidesign.eu\/wp\/wp-content\/uploads\/2026\/01\/transparent-Photoroom-4.jpg","datePublished":"2026-01-13T13:48:28+00:00","dateModified":"2026-02-20T15:00:01+00:00","breadcrumb":{"@id":"https:\/\/www.talidesign.eu\/et\/pood\/toode\/fluid-market-dachshund-seebidosaator\/#breadcrumb"},"inLanguage":"et","potentialAction":[{"@type":"ReadAction","target":["https:\/\/www.talidesign.eu\/et\/pood\/toode\/fluid-market-dachshund-seebidosaator\/"]}]},{"@type":"ImageObject","inLanguage":"et","@id":"https:\/\/www.talidesign.eu\/et\/pood\/toode\/fluid-market-dachshund-seebidosaator\/#primaryimage","url":"https:\/\/www.talidesign.eu\/wp\/wp-content\/uploads\/2026\/01\/transparent-Photoroom-4.jpg","contentUrl":"https:\/\/www.talidesign.eu\/wp\/wp-content\/uploads\/2026\/01\/transparent-Photoroom-4.jpg","width":1000,"height":1000},{"@type":"BreadcrumbList","@id":"https:\/\/www.talidesign.eu\/et\/pood\/toode\/fluid-market-dachshund-seebidosaator\/#breadcrumb","itemListElement":[{"@type":"ListItem","position":1,"name":"Avaleht","item":"https:\/\/www.talidesign.eu\/et\/"},{"@type":"ListItem","position":2,"name":"Pood","item":"https:\/\/www.talidesign.eu\/et\/pood\/"},{"@type":"ListItem","position":3,"name":"Fluid Market Dachshund seebidosaator"}]},{"@type":"WebSite","@id":"https:\/\/www.talidesign.eu\/et\/#website","url":"https:\/\/www.talidesign.eu\/et\/","name":"TALI Concept Store","description":"Suurim Disainipood Eestis","potentialAction":[{"@type":"SearchAction","target":{"@type":"EntryPoint","urlTemplate":"https:\/\/www.talidesign.eu\/et\/?s={search_term_string}"},"query-input":{"@type":"PropertyValueSpecification","valueRequired":true,"valueName":"search_term_string"}}],"inLanguage":"et"}]}},"_links":{"self":[{"href":"https:\/\/www.talidesign.eu\/et\/wp-json\/wp\/v2\/product\/112560","targetHints":{"allow":["GET"]}}],"collection":[{"href":"https:\/\/www.talidesign.eu\/et\/wp-json\/wp\/v2\/product"}],"about":[{"href":"https:\/\/www.talidesign.eu\/et\/wp-json\/wp\/v2\/types\/product"}],"wp:featuredmedia":[{"embeddable":true,"href":"https:\/\/www.talidesign.eu\/et\/wp-json\/wp\/v2\/media\/112566"}],"wp:attachment":[{"href":"https:\/\/www.talidesign.eu\/et\/wp-json\/wp\/v2\/media?parent=112560"}],"wp:term":[{"taxonomy":"product_brand","embeddable":true,"href":"https:\/\/www.talidesign.eu\/et\/wp-json\/wp\/v2\/product_brand?post=112560"},{"taxonomy":"product_cat","embeddable":true,"href":"https:\/\/www.talidesign.eu\/et\/wp-json\/wp\/v2\/product_cat?post=112560"},{"taxonomy":"product_tag","embeddable":true,"href":"https:\/\/www.talidesign.eu\/et\/wp-json\/wp\/v2\/product_tag?post=112560"}],"curies":[{"name":"wp","href":"https:\/\/api.w.org\/{rel}","templated":true}]}}