{"id":112921,"date":"2026-01-26T16:05:51","date_gmt":"2026-01-26T14:05:51","guid":{"rendered":"https:\/\/www.talidesign.eu\/?post_type=product&#038;p=112921"},"modified":"2026-03-07T16:02:51","modified_gmt":"2026-03-07T14:02:51","slug":"pluto-design-soola-ja-pipratoosid-moomin-figure","status":"publish","type":"product","link":"https:\/\/www.talidesign.eu\/et\/pood\/toode\/pluto-design-soola-ja-pipratoosid-moomin-figure\/","title":{"rendered":"Pluto Design Soola- ja pipratoosid Moomin Figure"},"content":{"rendered":"<p><strong>Soola- ja pipratoosid Moomin Figure<\/strong><\/p>\n<p>Armsad Muumitegelastega soola- ja pipratoosid toovad igale lauale r\u00f5\u00f5mu ja muinasjutulist meeleolu. T\u00e4iuslik valik nii kogujale kui ka s\u00fcdamlikuks kingituseks t\u00f5elisele Muumif\u00e4nnile.<\/p>\n<p>\u2022 <a href=\"https:\/\/www.talidesign.eu\/et\/tootekategooria\/brandid\/pluto-design-et\/\">Vaata rohkem br\u00e4ndilt Pluto Design<\/a><br \/>\n\u2022 Pikkus: 3,5 cm<br \/>\n\u2022 Laius: 3 cm<br \/>\n\u2022 K\u00f5rgus: 7,3 cm<br \/>\n\u2022 Kaal: 2 \u00d7 38 g<br \/>\n\u2022 Materjal: dolomiit<\/p>\n<p><strong>Br\u00e4ndist<\/strong><\/p>\n<p>Pluto Design on Rootsi disainibr\u00e4nd, mis sai alguse G\u00f6teborgis 1996. aastal ning on t\u00e4naseks kujunenud armastatud nimeks sisustusmaailmas. Ettev\u00f5tte eesm\u00e4rk on luua kvaliteetseid Skandinaavia stiilis tooteid, mis \u00fchendavad kauni disaini, hoolikalt l\u00e4bim\u00f5eldud pakendi ja taskukohase hinna.<\/p>\n<p>Pluto teeb koost\u00f6\u00f6d tuntud rahvusvaheliste litsentsibr\u00e4ndidega, nagu Moomin Characters&#x2122;, Miffy ja Lisa Larson, ning nende tooteid leiab juba 35 riigis \u00fcle kogu maailma.<\/p>\n<p>Br\u00e4ndi m\u00e4nguline ja oman\u00e4oline stiil p\u00f5imib kaasaegseid ja traditsioonilisi jooni, p\u00f6\u00f6rates samal ajal suurt t\u00e4helepanu keskkonnas\u00f5bralikkusele ja taaskasutusele. Iga uus kollektsioon s\u00fcnnib soovist tuua ilu, soojust ja r\u00f5\u00f5mu igasse koju.<\/p>\n<p><a href=\"https:\/\/www.talidesign.eu\/et\/tootekategooria\/brandid\/pluto-design-et\/\"><img loading=\"lazy\" decoding=\"async\" src=\"https:\/\/www.talidesign.eu\/wp\/wp-content\/uploads\/2025\/10\/pluto.jpg\" alt=\"\" width=\"500\" height=\"100\" class=\"alignnone size-full wp-image-109839\" srcset=\"https:\/\/www.talidesign.eu\/wp\/wp-content\/uploads\/2025\/10\/pluto.jpg 500w, https:\/\/www.talidesign.eu\/wp\/wp-content\/uploads\/2025\/10\/pluto-64x13.jpg 64w\" sizes=\"auto, (max-width: 500px) 100vw, 500px\" \/><\/a><\/p>\n","protected":false},"excerpt":{"rendered":"<p><strong>Soola- ja pipratoosid Moomin Figure<\/strong><\/p>\n<p>Armsad Muumitegelastega soola- ja pipratoosid toovad igale lauale r\u00f5\u00f5mu ja muinasjutulist meeleolu. T\u00e4iuslik valik nii kogujale kui ka s\u00fcdamlikuks kingituseks t\u00f5elisele Muumif\u00e4nnile.<\/p>\n<p>\u2022 <a href=\"https:\/\/www.talidesign.eu\/et\/tootekategooria\/brandid\/pluto-design-et\/\">Vaata rohkem br\u00e4ndilt Pluto Design<\/a><br \/>\n\u2022 Pikkus: 3,5 cm<br \/>\n\u2022 Laius: 3 cm<br \/>\n\u2022 K\u00f5rgus: 7,3 cm<br \/>\n\u2022 Kaal: 2 \u00d7 38 g<br \/>\n\u2022 Materjal: dolomiit<\/p>\n<p><strong>Br\u00e4ndist<\/strong><\/p>\n<p>Pluto Design on Rootsi disainibr\u00e4nd, mis sai alguse G\u00f6teborgis 1996. aastal ning on t\u00e4naseks kujunenud armastatud nimeks sisustusmaailmas. Ettev\u00f5tte eesm\u00e4rk on luua kvaliteetseid Skandinaavia stiilis tooteid, mis \u00fchendavad kauni disaini, hoolikalt l\u00e4bim\u00f5eldud pakendi ja taskukohase hinna.<\/p>\n<p>Pluto teeb koost\u00f6\u00f6d tuntud rahvusvaheliste litsentsibr\u00e4ndidega, nagu Moomin Characters&#x2122;, Miffy ja Lisa Larson, ning nende tooteid leiab juba 35 riigis \u00fcle kogu maailma.<\/p>\n<p>Br\u00e4ndi m\u00e4nguline ja oman\u00e4oline stiil p\u00f5imib kaasaegseid ja traditsioonilisi jooni, p\u00f6\u00f6rates samal ajal suurt t\u00e4helepanu keskkonnas\u00f5bralikkusele ja taaskasutusele. Iga uus kollektsioon s\u00fcnnib soovist tuua ilu, soojust ja r\u00f5\u00f5mu igasse koju.<\/p>\n<p><a href=\"https:\/\/www.talidesign.eu\/et\/tootekategooria\/brandid\/pluto-design-et\/\"><img loading=\"lazy\" decoding=\"async\" src=\"https:\/\/www.talidesign.eu\/wp\/wp-content\/uploads\/2025\/10\/pluto.jpg\" alt=\"\" width=\"500\" height=\"100\" class=\"alignnone size-full wp-image-109839\" srcset=\"https:\/\/www.talidesign.eu\/wp\/wp-content\/uploads\/2025\/10\/pluto.jpg 500w, https:\/\/www.talidesign.eu\/wp\/wp-content\/uploads\/2025\/10\/pluto-64x13.jpg 64w\" sizes=\"auto, (max-width: 500px) 100vw, 500px\" \/><\/a><\/p>\n","protected":false},"featured_media":112925,"template":"","meta":[],"product_brand":[],"product_cat":[1030,3635],"product_tag":[3638],"class_list":{"0":"post-112921","1":"product","2":"type-product","3":"status-publish","4":"has-post-thumbnail","6":"product_cat-kook","7":"product_cat-pluto-design-et","8":"product_tag-pluto-design","10":"first","11":"outofstock","12":"featured","13":"taxable","14":"shipping-taxable","15":"purchasable","16":"product-type-simple"},"yoast_head":"<!-- This site is optimized with the Yoast SEO plugin v27.5 - https:\/\/yoast.com\/product\/yoast-seo-wordpress\/ -->\n<title>Pluto Design Soola- ja pipratoosid Moomin Figure - TALI Concept Store<\/title>\n<meta name=\"robots\" content=\"index, follow, max-snippet:-1, max-image-preview:large, max-video-preview:-1\" \/>\n<link rel=\"canonical\" href=\"https:\/\/www.talidesign.eu\/et\/pood\/toode\/pluto-design-soola-ja-pipratoosid-moomin-figure\/\" \/>\n<meta property=\"og:locale\" content=\"et_EE\" \/>\n<meta property=\"og:type\" content=\"article\" \/>\n<meta property=\"og:title\" content=\"Pluto Design Soola- ja pipratoosid Moomin Figure - TALI Concept Store\" \/>\n<meta property=\"og:description\" content=\"Soola- ja pipratoosid Moomin Figure  Armsad Muumitegelastega soola- ja pipratoosid toovad igale lauale r\u00f5\u00f5mu ja muinasjutulist meeleolu. T\u00e4iuslik valik nii kogujale kui ka s\u00fcdamlikuks kingituseks t\u00f5elisele Muumif\u00e4nnile.  \u2022 Vaata rohkem br\u00e4ndilt Pluto Design \u2022 Pikkus: 3,5 cm \u2022 Laius: 3 cm \u2022 K\u00f5rgus: 7,3 cm \u2022 Kaal: 2 \u00d7 38 g \u2022 Materjal: dolomiit  Br\u00e4ndist  Pluto Design on Rootsi disainibr\u00e4nd, mis sai alguse G\u00f6teborgis 1996. aastal ning on t\u00e4naseks kujunenud armastatud nimeks sisustusmaailmas. Ettev\u00f5tte eesm\u00e4rk on luua kvaliteetseid Skandinaavia stiilis tooteid, mis \u00fchendavad kauni disaini, hoolikalt l\u00e4bim\u00f5eldud pakendi ja taskukohase hinna.  Pluto teeb koost\u00f6\u00f6d tuntud rahvusvaheliste litsentsibr\u00e4ndidega, nagu Moomin Characters&#x2122;, Miffy ja Lisa Larson, ning nende tooteid leiab juba 35 riigis \u00fcle kogu maailma.  Br\u00e4ndi m\u00e4nguline ja oman\u00e4oline stiil p\u00f5imib kaasaegseid ja traditsioonilisi jooni, p\u00f6\u00f6rates samal ajal suurt t\u00e4helepanu keskkonnas\u00f5bralikkusele ja taaskasutusele. Iga uus kollektsioon s\u00fcnnib soovist tuua ilu, soojust ja r\u00f5\u00f5mu igasse koju.\" \/>\n<meta property=\"og:url\" content=\"https:\/\/www.talidesign.eu\/et\/pood\/toode\/pluto-design-soola-ja-pipratoosid-moomin-figure\/\" \/>\n<meta property=\"og:site_name\" content=\"TALI Concept Store\" \/>\n<meta property=\"article:publisher\" content=\"https:\/\/www.facebook.com\/TaliDisain\/\" \/>\n<meta property=\"article:modified_time\" content=\"2026-03-07T14:02:51+00:00\" \/>\n<meta property=\"og:image\" content=\"https:\/\/www.talidesign.eu\/wp\/wp-content\/uploads\/2026\/01\/170520409-origpic-f5edf2-scaled.jpeg\" \/>\n\t<meta property=\"og:image:width\" content=\"2560\" \/>\n\t<meta property=\"og:image:height\" content=\"2560\" \/>\n\t<meta property=\"og:image:type\" content=\"image\/jpeg\" \/>\n<meta name=\"twitter:card\" content=\"summary_large_image\" \/>\n<meta name=\"twitter:label1\" content=\"Est. reading time\" \/>\n\t<meta name=\"twitter:data1\" content=\"2 minutes\" \/>\n<script type=\"application\/ld+json\" class=\"yoast-schema-graph\">{\"@context\":\"https:\\\/\\\/schema.org\",\"@graph\":[{\"@type\":\"WebPage\",\"@id\":\"https:\\\/\\\/www.talidesign.eu\\\/et\\\/pood\\\/toode\\\/pluto-design-soola-ja-pipratoosid-moomin-figure\\\/\",\"url\":\"https:\\\/\\\/www.talidesign.eu\\\/et\\\/pood\\\/toode\\\/pluto-design-soola-ja-pipratoosid-moomin-figure\\\/\",\"name\":\"Pluto Design Soola- ja pipratoosid Moomin Figure - TALI Concept Store\",\"isPartOf\":{\"@id\":\"https:\\\/\\\/www.talidesign.eu\\\/et\\\/#website\"},\"primaryImageOfPage\":{\"@id\":\"https:\\\/\\\/www.talidesign.eu\\\/et\\\/pood\\\/toode\\\/pluto-design-soola-ja-pipratoosid-moomin-figure\\\/#primaryimage\"},\"image\":{\"@id\":\"https:\\\/\\\/www.talidesign.eu\\\/et\\\/pood\\\/toode\\\/pluto-design-soola-ja-pipratoosid-moomin-figure\\\/#primaryimage\"},\"thumbnailUrl\":\"https:\\\/\\\/www.talidesign.eu\\\/wp\\\/wp-content\\\/uploads\\\/2026\\\/01\\\/170520409-origpic-f5edf2-scaled.jpeg\",\"datePublished\":\"2026-01-26T14:05:51+00:00\",\"dateModified\":\"2026-03-07T14:02:51+00:00\",\"breadcrumb\":{\"@id\":\"https:\\\/\\\/www.talidesign.eu\\\/et\\\/pood\\\/toode\\\/pluto-design-soola-ja-pipratoosid-moomin-figure\\\/#breadcrumb\"},\"inLanguage\":\"et\",\"potentialAction\":[{\"@type\":\"ReadAction\",\"target\":[\"https:\\\/\\\/www.talidesign.eu\\\/et\\\/pood\\\/toode\\\/pluto-design-soola-ja-pipratoosid-moomin-figure\\\/\"]}]},{\"@type\":\"ImageObject\",\"inLanguage\":\"et\",\"@id\":\"https:\\\/\\\/www.talidesign.eu\\\/et\\\/pood\\\/toode\\\/pluto-design-soola-ja-pipratoosid-moomin-figure\\\/#primaryimage\",\"url\":\"https:\\\/\\\/www.talidesign.eu\\\/wp\\\/wp-content\\\/uploads\\\/2026\\\/01\\\/170520409-origpic-f5edf2-scaled.jpeg\",\"contentUrl\":\"https:\\\/\\\/www.talidesign.eu\\\/wp\\\/wp-content\\\/uploads\\\/2026\\\/01\\\/170520409-origpic-f5edf2-scaled.jpeg\",\"width\":2560,\"height\":2560},{\"@type\":\"BreadcrumbList\",\"@id\":\"https:\\\/\\\/www.talidesign.eu\\\/et\\\/pood\\\/toode\\\/pluto-design-soola-ja-pipratoosid-moomin-figure\\\/#breadcrumb\",\"itemListElement\":[{\"@type\":\"ListItem\",\"position\":1,\"name\":\"Avaleht\",\"item\":\"https:\\\/\\\/www.talidesign.eu\\\/et\\\/\"},{\"@type\":\"ListItem\",\"position\":2,\"name\":\"Pood\",\"item\":\"https:\\\/\\\/www.talidesign.eu\\\/et\\\/pood\\\/\"},{\"@type\":\"ListItem\",\"position\":3,\"name\":\"Pluto Design Soola- ja pipratoosid Moomin Figure\"}]},{\"@type\":\"WebSite\",\"@id\":\"https:\\\/\\\/www.talidesign.eu\\\/et\\\/#website\",\"url\":\"https:\\\/\\\/www.talidesign.eu\\\/et\\\/\",\"name\":\"TALI Concept Store\",\"description\":\"Suurim Disainipood Eestis\",\"potentialAction\":[{\"@type\":\"SearchAction\",\"target\":{\"@type\":\"EntryPoint\",\"urlTemplate\":\"https:\\\/\\\/www.talidesign.eu\\\/et\\\/?s={search_term_string}\"},\"query-input\":{\"@type\":\"PropertyValueSpecification\",\"valueRequired\":true,\"valueName\":\"search_term_string\"}}],\"inLanguage\":\"et\"}]}<\/script>\n<!-- \/ Yoast SEO plugin. -->","yoast_head_json":{"title":"Pluto Design Soola- ja pipratoosid Moomin Figure - TALI Concept Store","robots":{"index":"index","follow":"follow","max-snippet":"max-snippet:-1","max-image-preview":"max-image-preview:large","max-video-preview":"max-video-preview:-1"},"canonical":"https:\/\/www.talidesign.eu\/et\/pood\/toode\/pluto-design-soola-ja-pipratoosid-moomin-figure\/","og_locale":"et_EE","og_type":"article","og_title":"Pluto Design Soola- ja pipratoosid Moomin Figure - TALI Concept Store","og_description":"Soola- ja pipratoosid Moomin Figure  Armsad Muumitegelastega soola- ja pipratoosid toovad igale lauale r\u00f5\u00f5mu ja muinasjutulist meeleolu. T\u00e4iuslik valik nii kogujale kui ka s\u00fcdamlikuks kingituseks t\u00f5elisele Muumif\u00e4nnile.  \u2022 Vaata rohkem br\u00e4ndilt Pluto Design \u2022 Pikkus: 3,5 cm \u2022 Laius: 3 cm \u2022 K\u00f5rgus: 7,3 cm \u2022 Kaal: 2 \u00d7 38 g \u2022 Materjal: dolomiit  Br\u00e4ndist  Pluto Design on Rootsi disainibr\u00e4nd, mis sai alguse G\u00f6teborgis 1996. aastal ning on t\u00e4naseks kujunenud armastatud nimeks sisustusmaailmas. Ettev\u00f5tte eesm\u00e4rk on luua kvaliteetseid Skandinaavia stiilis tooteid, mis \u00fchendavad kauni disaini, hoolikalt l\u00e4bim\u00f5eldud pakendi ja taskukohase hinna.  Pluto teeb koost\u00f6\u00f6d tuntud rahvusvaheliste litsentsibr\u00e4ndidega, nagu Moomin Characters&#x2122;, Miffy ja Lisa Larson, ning nende tooteid leiab juba 35 riigis \u00fcle kogu maailma.  Br\u00e4ndi m\u00e4nguline ja oman\u00e4oline stiil p\u00f5imib kaasaegseid ja traditsioonilisi jooni, p\u00f6\u00f6rates samal ajal suurt t\u00e4helepanu keskkonnas\u00f5bralikkusele ja taaskasutusele. Iga uus kollektsioon s\u00fcnnib soovist tuua ilu, soojust ja r\u00f5\u00f5mu igasse koju.","og_url":"https:\/\/www.talidesign.eu\/et\/pood\/toode\/pluto-design-soola-ja-pipratoosid-moomin-figure\/","og_site_name":"TALI Concept Store","article_publisher":"https:\/\/www.facebook.com\/TaliDisain\/","article_modified_time":"2026-03-07T14:02:51+00:00","og_image":[{"width":2560,"height":2560,"url":"https:\/\/www.talidesign.eu\/wp\/wp-content\/uploads\/2026\/01\/170520409-origpic-f5edf2-scaled.jpeg","type":"image\/jpeg"}],"twitter_card":"summary_large_image","twitter_misc":{"Est. reading time":"2 minutes"},"schema":{"@context":"https:\/\/schema.org","@graph":[{"@type":"WebPage","@id":"https:\/\/www.talidesign.eu\/et\/pood\/toode\/pluto-design-soola-ja-pipratoosid-moomin-figure\/","url":"https:\/\/www.talidesign.eu\/et\/pood\/toode\/pluto-design-soola-ja-pipratoosid-moomin-figure\/","name":"Pluto Design Soola- ja pipratoosid Moomin Figure - TALI Concept Store","isPartOf":{"@id":"https:\/\/www.talidesign.eu\/et\/#website"},"primaryImageOfPage":{"@id":"https:\/\/www.talidesign.eu\/et\/pood\/toode\/pluto-design-soola-ja-pipratoosid-moomin-figure\/#primaryimage"},"image":{"@id":"https:\/\/www.talidesign.eu\/et\/pood\/toode\/pluto-design-soola-ja-pipratoosid-moomin-figure\/#primaryimage"},"thumbnailUrl":"https:\/\/www.talidesign.eu\/wp\/wp-content\/uploads\/2026\/01\/170520409-origpic-f5edf2-scaled.jpeg","datePublished":"2026-01-26T14:05:51+00:00","dateModified":"2026-03-07T14:02:51+00:00","breadcrumb":{"@id":"https:\/\/www.talidesign.eu\/et\/pood\/toode\/pluto-design-soola-ja-pipratoosid-moomin-figure\/#breadcrumb"},"inLanguage":"et","potentialAction":[{"@type":"ReadAction","target":["https:\/\/www.talidesign.eu\/et\/pood\/toode\/pluto-design-soola-ja-pipratoosid-moomin-figure\/"]}]},{"@type":"ImageObject","inLanguage":"et","@id":"https:\/\/www.talidesign.eu\/et\/pood\/toode\/pluto-design-soola-ja-pipratoosid-moomin-figure\/#primaryimage","url":"https:\/\/www.talidesign.eu\/wp\/wp-content\/uploads\/2026\/01\/170520409-origpic-f5edf2-scaled.jpeg","contentUrl":"https:\/\/www.talidesign.eu\/wp\/wp-content\/uploads\/2026\/01\/170520409-origpic-f5edf2-scaled.jpeg","width":2560,"height":2560},{"@type":"BreadcrumbList","@id":"https:\/\/www.talidesign.eu\/et\/pood\/toode\/pluto-design-soola-ja-pipratoosid-moomin-figure\/#breadcrumb","itemListElement":[{"@type":"ListItem","position":1,"name":"Avaleht","item":"https:\/\/www.talidesign.eu\/et\/"},{"@type":"ListItem","position":2,"name":"Pood","item":"https:\/\/www.talidesign.eu\/et\/pood\/"},{"@type":"ListItem","position":3,"name":"Pluto Design Soola- ja pipratoosid Moomin Figure"}]},{"@type":"WebSite","@id":"https:\/\/www.talidesign.eu\/et\/#website","url":"https:\/\/www.talidesign.eu\/et\/","name":"TALI Concept Store","description":"Suurim Disainipood Eestis","potentialAction":[{"@type":"SearchAction","target":{"@type":"EntryPoint","urlTemplate":"https:\/\/www.talidesign.eu\/et\/?s={search_term_string}"},"query-input":{"@type":"PropertyValueSpecification","valueRequired":true,"valueName":"search_term_string"}}],"inLanguage":"et"}]}},"_links":{"self":[{"href":"https:\/\/www.talidesign.eu\/et\/wp-json\/wp\/v2\/product\/112921","targetHints":{"allow":["GET"]}}],"collection":[{"href":"https:\/\/www.talidesign.eu\/et\/wp-json\/wp\/v2\/product"}],"about":[{"href":"https:\/\/www.talidesign.eu\/et\/wp-json\/wp\/v2\/types\/product"}],"wp:featuredmedia":[{"embeddable":true,"href":"https:\/\/www.talidesign.eu\/et\/wp-json\/wp\/v2\/media\/112925"}],"wp:attachment":[{"href":"https:\/\/www.talidesign.eu\/et\/wp-json\/wp\/v2\/media?parent=112921"}],"wp:term":[{"taxonomy":"product_brand","embeddable":true,"href":"https:\/\/www.talidesign.eu\/et\/wp-json\/wp\/v2\/product_brand?post=112921"},{"taxonomy":"product_cat","embeddable":true,"href":"https:\/\/www.talidesign.eu\/et\/wp-json\/wp\/v2\/product_cat?post=112921"},{"taxonomy":"product_tag","embeddable":true,"href":"https:\/\/www.talidesign.eu\/et\/wp-json\/wp\/v2\/product_tag?post=112921"}],"curies":[{"name":"wp","href":"https:\/\/api.w.org\/{rel}","templated":true}]}}