{"id":113290,"date":"2026-02-18T09:44:55","date_gmt":"2026-02-18T07:44:55","guid":{"rendered":"https:\/\/www.talidesign.eu\/?post_type=product&#038;p=113290"},"modified":"2026-02-18T09:53:44","modified_gmt":"2026-02-18T07:53:44","slug":"zone-sensu-seebidosaator-taupe","status":"publish","type":"product","link":"https:\/\/www.talidesign.eu\/et\/pood\/toode\/zone-sensu-seebidosaator-taupe\/","title":{"rendered":"Zone Sensu seebidosaator Taupe"},"content":{"rendered":"<p><strong>Sensu seebidosaator Taupe<\/strong><\/p>\n<p>Iga\u00fcks vajab aeg-ajalt oma hingamisruumi, et end uuesti laadida \u2013 ja me saame selle luua ka oma kodus. Jaapani m\u00f5judest inspireeritud vannitoasari Sensu toob ruumi kutsuva minimalismi ja puhtad jooned, mis \u00e4ratavad, r\u00f5\u00f5mustavad ja hellitavad meie meeli. Sarjale omased \u00fcmarad nurgad, pehmed vormid ja ringikujulised detailid korduvad l\u00e4bivalt k\u00f5igis toodetes.<\/p>\n<p>\u2022 V\u00e4rv: taupe<br \/>\n\u2022 M\u00f5\u00f5dud: \u00d8 7,5 \u00d7 13 cm<br \/>\n\u2022 Maht: 0,3 l<br \/>\n\u2022 Materjal: kivikeraamika \/ ABS-plastik<br \/>\n\u2022 <a href=\"https:\/\/www.talidesign.eu\/et\/tootekategooria\/brandid\/zone-denmark-et\/\">Br\u00e4nd Zone Denmark<\/a><\/p>\n<p><a href=\"\/product-category\/designers\/zone-denmark\/\"><img loading=\"lazy\" decoding=\"async\" src=\"https:\/\/www.talidesign.eu\/wp\/wp-content\/uploads\/2021\/03\/logo-6.jpg\" alt=\"\" width=\"500\" height=\"100\" class=\"alignnone size-full wp-image-24694\" \/><\/a><\/p>\n","protected":false},"excerpt":{"rendered":"<p><strong>Sensu seebidosaator Taupe<\/strong><\/p>\n<p>Iga\u00fcks vajab aeg-ajalt oma hingamisruumi, et end uuesti laadida \u2013 ja me saame selle luua ka oma kodus. Jaapani m\u00f5judest inspireeritud vannitoasari Sensu toob ruumi kutsuva minimalismi ja puhtad jooned, mis \u00e4ratavad, r\u00f5\u00f5mustavad ja hellitavad meie meeli. Sarjale omased \u00fcmarad nurgad, pehmed vormid ja ringikujulised detailid korduvad l\u00e4bivalt k\u00f5igis toodetes.<\/p>\n<p>\u2022 V\u00e4rv: taupe<br \/>\n\u2022 M\u00f5\u00f5dud: \u00d8 7,5 \u00d7 13 cm<br \/>\n\u2022 Maht: 0,3 l<br \/>\n\u2022 Materjal: kivikeraamika \/ ABS-plastik<br \/>\n\u2022 <a href=\"https:\/\/www.talidesign.eu\/et\/tootekategooria\/brandid\/zone-denmark-et\/\">Br\u00e4nd Zone Denmark<\/a><\/p>\n<p><a href=\"\/product-category\/designers\/zone-denmark\/\"><img loading=\"lazy\" decoding=\"async\" src=\"https:\/\/www.talidesign.eu\/wp\/wp-content\/uploads\/2021\/03\/logo-6.jpg\" alt=\"\" width=\"500\" height=\"100\" class=\"alignnone size-full wp-image-24694\" \/><\/a><\/p>\n","protected":false},"featured_media":113295,"template":"","meta":[],"product_brand":[],"product_cat":[1026,1018,1030,1100,1095],"product_tag":[1191],"class_list":{"0":"post-113290","1":"product","2":"type-product","3":"status-publish","4":"has-post-thumbnail","6":"product_cat-brandid","7":"product_cat-kodu","8":"product_cat-kook","9":"product_cat-vannituba","10":"product_cat-zone-denmark-et","11":"product_tag-zone-denmark-solo-et","13":"first","14":"instock","15":"taxable","16":"shipping-taxable","17":"purchasable","18":"product-type-simple"},"yoast_head":"<!-- This site is optimized with the Yoast SEO plugin v27.3 - https:\/\/yoast.com\/product\/yoast-seo-wordpress\/ -->\n<title>Zone Sensu seebidosaator Taupe - TALI Concept Store<\/title>\n<meta name=\"robots\" content=\"index, follow, max-snippet:-1, max-image-preview:large, max-video-preview:-1\" \/>\n<link rel=\"canonical\" href=\"https:\/\/www.talidesign.eu\/et\/pood\/toode\/zone-sensu-seebidosaator-taupe\/\" \/>\n<meta property=\"og:locale\" content=\"et_EE\" \/>\n<meta property=\"og:type\" content=\"article\" \/>\n<meta property=\"og:title\" content=\"Zone Sensu seebidosaator Taupe - TALI Concept Store\" \/>\n<meta property=\"og:description\" content=\"Sensu seebidosaator Taupe  Iga\u00fcks vajab aeg-ajalt oma hingamisruumi, et end uuesti laadida \u2013 ja me saame selle luua ka oma kodus. Jaapani m\u00f5judest inspireeritud vannitoasari Sensu toob ruumi kutsuva minimalismi ja puhtad jooned, mis \u00e4ratavad, r\u00f5\u00f5mustavad ja hellitavad meie meeli. Sarjale omased \u00fcmarad nurgad, pehmed vormid ja ringikujulised detailid korduvad l\u00e4bivalt k\u00f5igis toodetes.  \u2022 V\u00e4rv: taupe \u2022 M\u00f5\u00f5dud: \u00d8 7,5 \u00d7 13 cm \u2022 Maht: 0,3 l \u2022 Materjal: kivikeraamika \/ ABS-plastik \u2022 Br\u00e4nd Zone Denmark\" \/>\n<meta property=\"og:url\" content=\"https:\/\/www.talidesign.eu\/et\/pood\/toode\/zone-sensu-seebidosaator-taupe\/\" \/>\n<meta property=\"og:site_name\" content=\"TALI Concept Store\" \/>\n<meta property=\"article:publisher\" content=\"https:\/\/www.facebook.com\/TaliDisain\/\" \/>\n<meta property=\"article:modified_time\" content=\"2026-02-18T07:53:44+00:00\" \/>\n<meta property=\"og:image\" content=\"https:\/\/www.talidesign.eu\/wp\/wp-content\/uploads\/2026\/02\/zone-sensu-soap-dispenser-taupe.jpg\" \/>\n\t<meta property=\"og:image:width\" content=\"1000\" \/>\n\t<meta property=\"og:image:height\" content=\"1000\" \/>\n\t<meta property=\"og:image:type\" content=\"image\/jpeg\" \/>\n<meta name=\"twitter:card\" content=\"summary_large_image\" \/>\n<meta name=\"twitter:label1\" content=\"Est. reading time\" \/>\n\t<meta name=\"twitter:data1\" content=\"1 minute\" \/>\n<script type=\"application\/ld+json\" class=\"yoast-schema-graph\">{\"@context\":\"https:\\\/\\\/schema.org\",\"@graph\":[{\"@type\":\"WebPage\",\"@id\":\"https:\\\/\\\/www.talidesign.eu\\\/et\\\/pood\\\/toode\\\/zone-sensu-seebidosaator-taupe\\\/\",\"url\":\"https:\\\/\\\/www.talidesign.eu\\\/et\\\/pood\\\/toode\\\/zone-sensu-seebidosaator-taupe\\\/\",\"name\":\"Zone Sensu seebidosaator Taupe - TALI Concept Store\",\"isPartOf\":{\"@id\":\"https:\\\/\\\/www.talidesign.eu\\\/et\\\/#website\"},\"primaryImageOfPage\":{\"@id\":\"https:\\\/\\\/www.talidesign.eu\\\/et\\\/pood\\\/toode\\\/zone-sensu-seebidosaator-taupe\\\/#primaryimage\"},\"image\":{\"@id\":\"https:\\\/\\\/www.talidesign.eu\\\/et\\\/pood\\\/toode\\\/zone-sensu-seebidosaator-taupe\\\/#primaryimage\"},\"thumbnailUrl\":\"https:\\\/\\\/www.talidesign.eu\\\/wp\\\/wp-content\\\/uploads\\\/2026\\\/02\\\/zone-sensu-soap-dispenser-taupe.jpg\",\"datePublished\":\"2026-02-18T07:44:55+00:00\",\"dateModified\":\"2026-02-18T07:53:44+00:00\",\"breadcrumb\":{\"@id\":\"https:\\\/\\\/www.talidesign.eu\\\/et\\\/pood\\\/toode\\\/zone-sensu-seebidosaator-taupe\\\/#breadcrumb\"},\"inLanguage\":\"et\",\"potentialAction\":[{\"@type\":\"ReadAction\",\"target\":[\"https:\\\/\\\/www.talidesign.eu\\\/et\\\/pood\\\/toode\\\/zone-sensu-seebidosaator-taupe\\\/\"]}]},{\"@type\":\"ImageObject\",\"inLanguage\":\"et\",\"@id\":\"https:\\\/\\\/www.talidesign.eu\\\/et\\\/pood\\\/toode\\\/zone-sensu-seebidosaator-taupe\\\/#primaryimage\",\"url\":\"https:\\\/\\\/www.talidesign.eu\\\/wp\\\/wp-content\\\/uploads\\\/2026\\\/02\\\/zone-sensu-soap-dispenser-taupe.jpg\",\"contentUrl\":\"https:\\\/\\\/www.talidesign.eu\\\/wp\\\/wp-content\\\/uploads\\\/2026\\\/02\\\/zone-sensu-soap-dispenser-taupe.jpg\",\"width\":1000,\"height\":1000},{\"@type\":\"BreadcrumbList\",\"@id\":\"https:\\\/\\\/www.talidesign.eu\\\/et\\\/pood\\\/toode\\\/zone-sensu-seebidosaator-taupe\\\/#breadcrumb\",\"itemListElement\":[{\"@type\":\"ListItem\",\"position\":1,\"name\":\"Avaleht\",\"item\":\"https:\\\/\\\/www.talidesign.eu\\\/et\\\/\"},{\"@type\":\"ListItem\",\"position\":2,\"name\":\"Pood\",\"item\":\"https:\\\/\\\/www.talidesign.eu\\\/et\\\/pood\\\/\"},{\"@type\":\"ListItem\",\"position\":3,\"name\":\"Zone Sensu seebidosaator Taupe\"}]},{\"@type\":\"WebSite\",\"@id\":\"https:\\\/\\\/www.talidesign.eu\\\/et\\\/#website\",\"url\":\"https:\\\/\\\/www.talidesign.eu\\\/et\\\/\",\"name\":\"TALI Concept Store\",\"description\":\"Suurim Disainipood Eestis\",\"potentialAction\":[{\"@type\":\"SearchAction\",\"target\":{\"@type\":\"EntryPoint\",\"urlTemplate\":\"https:\\\/\\\/www.talidesign.eu\\\/et\\\/?s={search_term_string}\"},\"query-input\":{\"@type\":\"PropertyValueSpecification\",\"valueRequired\":true,\"valueName\":\"search_term_string\"}}],\"inLanguage\":\"et\"}]}<\/script>\n<!-- \/ Yoast SEO plugin. -->","yoast_head_json":{"title":"Zone Sensu seebidosaator Taupe - TALI Concept Store","robots":{"index":"index","follow":"follow","max-snippet":"max-snippet:-1","max-image-preview":"max-image-preview:large","max-video-preview":"max-video-preview:-1"},"canonical":"https:\/\/www.talidesign.eu\/et\/pood\/toode\/zone-sensu-seebidosaator-taupe\/","og_locale":"et_EE","og_type":"article","og_title":"Zone Sensu seebidosaator Taupe - TALI Concept Store","og_description":"Sensu seebidosaator Taupe  Iga\u00fcks vajab aeg-ajalt oma hingamisruumi, et end uuesti laadida \u2013 ja me saame selle luua ka oma kodus. Jaapani m\u00f5judest inspireeritud vannitoasari Sensu toob ruumi kutsuva minimalismi ja puhtad jooned, mis \u00e4ratavad, r\u00f5\u00f5mustavad ja hellitavad meie meeli. Sarjale omased \u00fcmarad nurgad, pehmed vormid ja ringikujulised detailid korduvad l\u00e4bivalt k\u00f5igis toodetes.  \u2022 V\u00e4rv: taupe \u2022 M\u00f5\u00f5dud: \u00d8 7,5 \u00d7 13 cm \u2022 Maht: 0,3 l \u2022 Materjal: kivikeraamika \/ ABS-plastik \u2022 Br\u00e4nd Zone Denmark","og_url":"https:\/\/www.talidesign.eu\/et\/pood\/toode\/zone-sensu-seebidosaator-taupe\/","og_site_name":"TALI Concept Store","article_publisher":"https:\/\/www.facebook.com\/TaliDisain\/","article_modified_time":"2026-02-18T07:53:44+00:00","og_image":[{"width":1000,"height":1000,"url":"https:\/\/www.talidesign.eu\/wp\/wp-content\/uploads\/2026\/02\/zone-sensu-soap-dispenser-taupe.jpg","type":"image\/jpeg"}],"twitter_card":"summary_large_image","twitter_misc":{"Est. reading time":"1 minute"},"schema":{"@context":"https:\/\/schema.org","@graph":[{"@type":"WebPage","@id":"https:\/\/www.talidesign.eu\/et\/pood\/toode\/zone-sensu-seebidosaator-taupe\/","url":"https:\/\/www.talidesign.eu\/et\/pood\/toode\/zone-sensu-seebidosaator-taupe\/","name":"Zone Sensu seebidosaator Taupe - TALI Concept Store","isPartOf":{"@id":"https:\/\/www.talidesign.eu\/et\/#website"},"primaryImageOfPage":{"@id":"https:\/\/www.talidesign.eu\/et\/pood\/toode\/zone-sensu-seebidosaator-taupe\/#primaryimage"},"image":{"@id":"https:\/\/www.talidesign.eu\/et\/pood\/toode\/zone-sensu-seebidosaator-taupe\/#primaryimage"},"thumbnailUrl":"https:\/\/www.talidesign.eu\/wp\/wp-content\/uploads\/2026\/02\/zone-sensu-soap-dispenser-taupe.jpg","datePublished":"2026-02-18T07:44:55+00:00","dateModified":"2026-02-18T07:53:44+00:00","breadcrumb":{"@id":"https:\/\/www.talidesign.eu\/et\/pood\/toode\/zone-sensu-seebidosaator-taupe\/#breadcrumb"},"inLanguage":"et","potentialAction":[{"@type":"ReadAction","target":["https:\/\/www.talidesign.eu\/et\/pood\/toode\/zone-sensu-seebidosaator-taupe\/"]}]},{"@type":"ImageObject","inLanguage":"et","@id":"https:\/\/www.talidesign.eu\/et\/pood\/toode\/zone-sensu-seebidosaator-taupe\/#primaryimage","url":"https:\/\/www.talidesign.eu\/wp\/wp-content\/uploads\/2026\/02\/zone-sensu-soap-dispenser-taupe.jpg","contentUrl":"https:\/\/www.talidesign.eu\/wp\/wp-content\/uploads\/2026\/02\/zone-sensu-soap-dispenser-taupe.jpg","width":1000,"height":1000},{"@type":"BreadcrumbList","@id":"https:\/\/www.talidesign.eu\/et\/pood\/toode\/zone-sensu-seebidosaator-taupe\/#breadcrumb","itemListElement":[{"@type":"ListItem","position":1,"name":"Avaleht","item":"https:\/\/www.talidesign.eu\/et\/"},{"@type":"ListItem","position":2,"name":"Pood","item":"https:\/\/www.talidesign.eu\/et\/pood\/"},{"@type":"ListItem","position":3,"name":"Zone Sensu seebidosaator Taupe"}]},{"@type":"WebSite","@id":"https:\/\/www.talidesign.eu\/et\/#website","url":"https:\/\/www.talidesign.eu\/et\/","name":"TALI Concept Store","description":"Suurim Disainipood Eestis","potentialAction":[{"@type":"SearchAction","target":{"@type":"EntryPoint","urlTemplate":"https:\/\/www.talidesign.eu\/et\/?s={search_term_string}"},"query-input":{"@type":"PropertyValueSpecification","valueRequired":true,"valueName":"search_term_string"}}],"inLanguage":"et"}]}},"_links":{"self":[{"href":"https:\/\/www.talidesign.eu\/et\/wp-json\/wp\/v2\/product\/113290","targetHints":{"allow":["GET"]}}],"collection":[{"href":"https:\/\/www.talidesign.eu\/et\/wp-json\/wp\/v2\/product"}],"about":[{"href":"https:\/\/www.talidesign.eu\/et\/wp-json\/wp\/v2\/types\/product"}],"wp:featuredmedia":[{"embeddable":true,"href":"https:\/\/www.talidesign.eu\/et\/wp-json\/wp\/v2\/media\/113295"}],"wp:attachment":[{"href":"https:\/\/www.talidesign.eu\/et\/wp-json\/wp\/v2\/media?parent=113290"}],"wp:term":[{"taxonomy":"product_brand","embeddable":true,"href":"https:\/\/www.talidesign.eu\/et\/wp-json\/wp\/v2\/product_brand?post=113290"},{"taxonomy":"product_cat","embeddable":true,"href":"https:\/\/www.talidesign.eu\/et\/wp-json\/wp\/v2\/product_cat?post=113290"},{"taxonomy":"product_tag","embeddable":true,"href":"https:\/\/www.talidesign.eu\/et\/wp-json\/wp\/v2\/product_tag?post=113290"}],"curies":[{"name":"wp","href":"https:\/\/api.w.org\/{rel}","templated":true}]}}