{"id":113327,"date":"2026-02-18T10:59:39","date_gmt":"2026-02-18T08:59:39","guid":{"rendered":"https:\/\/www.talidesign.eu\/?post_type=product&#038;p=113327"},"modified":"2026-02-27T10:28:59","modified_gmt":"2026-02-27T08:28:59","slug":"zone-singles-termopudel-black","status":"publish","type":"product","link":"https:\/\/www.talidesign.eu\/et\/pood\/toode\/zone-singles-termopudel-black\/","title":{"rendered":"Zone Singles termopudel Black"},"content":{"rendered":"<p><strong>Singles termopudel Black<\/strong><\/p>\n<p>Me k\u00f5ik teame, et ilma kohvita \u2013 v\u00f5i kasv\u00f5i veeta \u2013 ei l\u00e4he p\u00e4ev korralikult k\u00e4ima. Seep\u00e4rast on VE2 loonud mitmek\u00fclgse termopudeli, mis sobib ideaalselt kaasaegse linnaliku elustiiliga.<\/p>\n<p>Nutika lahendusena on igal pudelil kaasas kaks kaant: kl\u00f5psuga suletav joogikaas ja keeratav kork. Nii saad seda kasutada nii kruusi kui pudelina \u2013 vastavalt oma p\u00e4evale ja tujule.<\/p>\n<p>Kahekordse seinaga roostevabast terasest termopudel hoiab kohvi kuumana kuni 12 tundi ning k\u00fclmad joogid m\u00f5nusalt jahedana terve p\u00e4eva. Ideaalne t\u00f6\u00f6le s\u00f5iduks, linnaseiklusteks v\u00f5i liikvel olles janu kustutamiseks.<\/p>\n<p>Kui on aeg kohvi nautida, avaneb vaikne kl\u00f5psukaas mugavalt \u00fche k\u00e4ega. Pudelil on 360\u00b0 joomisserv ning pehme \u00e4\u00e4rejoon, mis tundub huultel nagu sinu lemmikkruus. Lai pudelisuue v\u00f5imaldab h\u00f5lpsalt lisada j\u00e4\u00e4kuubikuid v\u00f5i teepakke ning teeb t\u00e4itmise ja puhastamise lihtsaks.<\/p>\n<p>Voolujooneline kuju mahub h\u00e4sti auto topsihoidjasse. K\u00fclmade jookide kaasas kandmisel tagab tihedalt sulguv keeratav kork, et pudel on kotis kindlalt suletud ega leki.<\/p>\n<p>\u2022 M\u00f5\u00f5dud: \u00d8 7,5 \u00d7 19 cm<br \/>\n\u2022 Maht: 400 ml<br \/>\n\u2022 Materjal: roostevaba teras (SS304) \/ PP-plastik<br \/>\n\u2022 <a href=\"https:\/\/www.talidesign.eu\/et\/tootekategooria\/brandid\/zone-denmark-et\/\">Br\u00e4nd Zone Denmark<\/a><\/p>\n<p><strong>Tutvu disaineritega!<\/strong><\/p>\n<p>Singles kollektsiooni on loonud Taani disainib\u00fcroo VE2 kolmik Tilde Nygaard, Hugo Dines Schmidt ja Morten Lauritzen. Nende loodud lahendused on funktsionaalsed, esteetilised ja vastupidavad ning alati lihtsalt kombineeritavad teiste toodetega.<\/p>\n<p><a href=\"https:\/\/www.talidesign.eu\/wp\/wp-content\/uploads\/2021\/01\/getimage.jpg\"><img loading=\"lazy\" decoding=\"async\" src=\"https:\/\/www.talidesign.eu\/wp\/wp-content\/uploads\/2021\/01\/getimage.jpg\" alt=\"\" width=\"1278\" height=\"753\" class=\"alignnone size-full wp-image-22828\" srcset=\"https:\/\/www.talidesign.eu\/wp\/wp-content\/uploads\/2021\/01\/getimage.jpg 1278w, https:\/\/www.talidesign.eu\/wp\/wp-content\/uploads\/2021\/01\/getimage-679x400.jpg 679w, https:\/\/www.talidesign.eu\/wp\/wp-content\/uploads\/2021\/01\/getimage-768x453.jpg 768w, https:\/\/www.talidesign.eu\/wp\/wp-content\/uploads\/2021\/01\/getimage-500x295.jpg 500w, https:\/\/www.talidesign.eu\/wp\/wp-content\/uploads\/2021\/01\/getimage-510x300.jpg 510w\" sizes=\"auto, (max-width: 1278px) 100vw, 1278px\" \/><\/a><a href=\"\/product-category\/designers\/zone-denmark\/\"><img loading=\"lazy\" decoding=\"async\" src=\"https:\/\/www.talidesign.eu\/wp\/wp-content\/uploads\/2021\/03\/logo-6.jpg\" alt=\"\" width=\"500\" height=\"100\" class=\"alignnone size-full wp-image-24694\" \/><\/a><\/p>\n","protected":false},"excerpt":{"rendered":"<p><strong>Singles termopudel Black<\/strong><\/p>\n<p>Me k\u00f5ik teame, et ilma kohvita \u2013 v\u00f5i kasv\u00f5i veeta \u2013 ei l\u00e4he p\u00e4ev korralikult k\u00e4ima. Seep\u00e4rast on VE2 loonud mitmek\u00fclgse termopudeli, mis sobib ideaalselt kaasaegse linnaliku elustiiliga.<\/p>\n<p>Nutika lahendusena on igal pudelil kaasas kaks kaant: kl\u00f5psuga suletav joogikaas ja keeratav kork. Nii saad seda kasutada nii kruusi kui pudelina \u2013 vastavalt oma p\u00e4evale ja tujule.<\/p>\n<p>Kahekordse seinaga roostevabast terasest termopudel hoiab kohvi kuumana kuni 12 tundi ning k\u00fclmad joogid m\u00f5nusalt jahedana terve p\u00e4eva. Ideaalne t\u00f6\u00f6le s\u00f5iduks, linnaseiklusteks v\u00f5i liikvel olles janu kustutamiseks.<\/p>\n<p>Kui on aeg kohvi nautida, avaneb vaikne kl\u00f5psukaas mugavalt \u00fche k\u00e4ega. Pudelil on 360\u00b0 joomisserv ning pehme \u00e4\u00e4rejoon, mis tundub huultel nagu sinu lemmikkruus. Lai pudelisuue v\u00f5imaldab h\u00f5lpsalt lisada j\u00e4\u00e4kuubikuid v\u00f5i teepakke ning teeb t\u00e4itmise ja puhastamise lihtsaks.<\/p>\n<p>Voolujooneline kuju mahub h\u00e4sti auto topsihoidjasse. K\u00fclmade jookide kaasas kandmisel tagab tihedalt sulguv keeratav kork, et pudel on kotis kindlalt suletud ega leki.<\/p>\n<p>\u2022 M\u00f5\u00f5dud: \u00d8 7,5 \u00d7 19 cm<br \/>\n\u2022 Maht: 400 ml<br \/>\n\u2022 Materjal: roostevaba teras (SS304) \/ PP-plastik<br \/>\n\u2022 <a href=\"https:\/\/www.talidesign.eu\/et\/tootekategooria\/brandid\/zone-denmark-et\/\">Br\u00e4nd Zone Denmark<\/a><\/p>\n<p><strong>Tutvu disaineritega!<\/strong><\/p>\n<p>Singles kollektsiooni on loonud Taani disainib\u00fcroo VE2 kolmik Tilde Nygaard, Hugo Dines Schmidt ja Morten Lauritzen. Nende loodud lahendused on funktsionaalsed, esteetilised ja vastupidavad ning alati lihtsalt kombineeritavad teiste toodetega.<\/p>\n<p><a href=\"https:\/\/www.talidesign.eu\/wp\/wp-content\/uploads\/2021\/01\/getimage.jpg\"><img loading=\"lazy\" decoding=\"async\" src=\"https:\/\/www.talidesign.eu\/wp\/wp-content\/uploads\/2021\/01\/getimage.jpg\" alt=\"\" width=\"1278\" height=\"753\" class=\"alignnone size-full wp-image-22828\" srcset=\"https:\/\/www.talidesign.eu\/wp\/wp-content\/uploads\/2021\/01\/getimage.jpg 1278w, https:\/\/www.talidesign.eu\/wp\/wp-content\/uploads\/2021\/01\/getimage-679x400.jpg 679w, https:\/\/www.talidesign.eu\/wp\/wp-content\/uploads\/2021\/01\/getimage-768x453.jpg 768w, https:\/\/www.talidesign.eu\/wp\/wp-content\/uploads\/2021\/01\/getimage-500x295.jpg 500w, https:\/\/www.talidesign.eu\/wp\/wp-content\/uploads\/2021\/01\/getimage-510x300.jpg 510w\" sizes=\"auto, (max-width: 1278px) 100vw, 1278px\" \/><\/a><a href=\"\/product-category\/designers\/zone-denmark\/\"><img loading=\"lazy\" decoding=\"async\" src=\"https:\/\/www.talidesign.eu\/wp\/wp-content\/uploads\/2021\/03\/logo-6.jpg\" alt=\"\" width=\"500\" height=\"100\" class=\"alignnone size-full wp-image-24694\" \/><\/a><\/p>\n","protected":false},"featured_media":113332,"template":"","meta":[],"product_brand":[],"product_cat":[1026,1114,1132,1095],"product_tag":[1180],"class_list":{"0":"post-113327","1":"product","2":"type-product","3":"status-publish","4":"has-post-thumbnail","6":"product_cat-brandid","7":"product_cat-pudelid","8":"product_cat-naiste-pudelid","9":"product_cat-zone-denmark-et","10":"product_tag-zone-et","12":"first","13":"instock","14":"taxable","15":"shipping-taxable","16":"purchasable","17":"product-type-simple"},"yoast_head":"<!-- This site is optimized with the Yoast SEO plugin v27.3 - https:\/\/yoast.com\/product\/yoast-seo-wordpress\/ -->\n<title>Zone Singles termopudel Black - TALI Concept Store<\/title>\n<meta name=\"robots\" content=\"index, follow, max-snippet:-1, max-image-preview:large, max-video-preview:-1\" \/>\n<link rel=\"canonical\" href=\"https:\/\/www.talidesign.eu\/et\/pood\/toode\/zone-singles-termopudel-black\/\" \/>\n<meta property=\"og:locale\" content=\"et_EE\" \/>\n<meta property=\"og:type\" content=\"article\" \/>\n<meta property=\"og:title\" content=\"Zone Singles termopudel Black - TALI Concept Store\" \/>\n<meta property=\"og:description\" content=\"Singles termopudel Black  Me k\u00f5ik teame, et ilma kohvita \u2013 v\u00f5i kasv\u00f5i veeta \u2013 ei l\u00e4he p\u00e4ev korralikult k\u00e4ima. Seep\u00e4rast on VE2 loonud mitmek\u00fclgse termopudeli, mis sobib ideaalselt kaasaegse linnaliku elustiiliga.  Nutika lahendusena on igal pudelil kaasas kaks kaant: kl\u00f5psuga suletav joogikaas ja keeratav kork. Nii saad seda kasutada nii kruusi kui pudelina \u2013 vastavalt oma p\u00e4evale ja tujule.  Kahekordse seinaga roostevabast terasest termopudel hoiab kohvi kuumana kuni 12 tundi ning k\u00fclmad joogid m\u00f5nusalt jahedana terve p\u00e4eva. Ideaalne t\u00f6\u00f6le s\u00f5iduks, linnaseiklusteks v\u00f5i liikvel olles janu kustutamiseks.  Kui on aeg kohvi nautida, avaneb vaikne kl\u00f5psukaas mugavalt \u00fche k\u00e4ega. Pudelil on 360\u00b0 joomisserv ning pehme \u00e4\u00e4rejoon, mis tundub huultel nagu sinu lemmikkruus. Lai pudelisuue v\u00f5imaldab h\u00f5lpsalt lisada j\u00e4\u00e4kuubikuid v\u00f5i teepakke ning teeb t\u00e4itmise ja puhastamise lihtsaks.  Voolujooneline kuju mahub h\u00e4sti auto topsihoidjasse. K\u00fclmade jookide kaasas kandmisel tagab tihedalt sulguv keeratav kork, et pudel on kotis kindlalt suletud ega leki.  \u2022 M\u00f5\u00f5dud: \u00d8 7,5 \u00d7 19 cm \u2022 Maht: 400 ml \u2022 Materjal: roostevaba teras (SS304) \/ PP-plastik \u2022 Br\u00e4nd Zone Denmark  Tutvu disaineritega!  Singles kollektsiooni on loonud Taani disainib\u00fcroo VE2 kolmik Tilde Nygaard, Hugo Dines Schmidt ja Morten Lauritzen. Nende loodud lahendused on funktsionaalsed, esteetilised ja vastupidavad ning alati lihtsalt kombineeritavad teiste toodetega.\" \/>\n<meta property=\"og:url\" content=\"https:\/\/www.talidesign.eu\/et\/pood\/toode\/zone-singles-termopudel-black\/\" \/>\n<meta property=\"og:site_name\" content=\"TALI Concept Store\" \/>\n<meta property=\"article:publisher\" content=\"https:\/\/www.facebook.com\/TaliDisain\/\" \/>\n<meta property=\"article:modified_time\" content=\"2026-02-27T08:28:59+00:00\" \/>\n<meta property=\"og:image\" content=\"https:\/\/www.talidesign.eu\/wp\/wp-content\/uploads\/2026\/02\/zone-singles-thermo-mug-black.jpg\" \/>\n\t<meta property=\"og:image:width\" content=\"900\" \/>\n\t<meta property=\"og:image:height\" content=\"900\" \/>\n\t<meta property=\"og:image:type\" content=\"image\/jpeg\" \/>\n<meta name=\"twitter:card\" content=\"summary_large_image\" \/>\n<meta name=\"twitter:label1\" content=\"Est. reading time\" \/>\n\t<meta name=\"twitter:data1\" content=\"2 minutes\" \/>\n<script type=\"application\/ld+json\" class=\"yoast-schema-graph\">{\"@context\":\"https:\\\/\\\/schema.org\",\"@graph\":[{\"@type\":\"WebPage\",\"@id\":\"https:\\\/\\\/www.talidesign.eu\\\/et\\\/pood\\\/toode\\\/zone-singles-termopudel-black\\\/\",\"url\":\"https:\\\/\\\/www.talidesign.eu\\\/et\\\/pood\\\/toode\\\/zone-singles-termopudel-black\\\/\",\"name\":\"Zone Singles termopudel Black - TALI Concept Store\",\"isPartOf\":{\"@id\":\"https:\\\/\\\/www.talidesign.eu\\\/et\\\/#website\"},\"primaryImageOfPage\":{\"@id\":\"https:\\\/\\\/www.talidesign.eu\\\/et\\\/pood\\\/toode\\\/zone-singles-termopudel-black\\\/#primaryimage\"},\"image\":{\"@id\":\"https:\\\/\\\/www.talidesign.eu\\\/et\\\/pood\\\/toode\\\/zone-singles-termopudel-black\\\/#primaryimage\"},\"thumbnailUrl\":\"https:\\\/\\\/www.talidesign.eu\\\/wp\\\/wp-content\\\/uploads\\\/2026\\\/02\\\/zone-singles-thermo-mug-black.jpg\",\"datePublished\":\"2026-02-18T08:59:39+00:00\",\"dateModified\":\"2026-02-27T08:28:59+00:00\",\"breadcrumb\":{\"@id\":\"https:\\\/\\\/www.talidesign.eu\\\/et\\\/pood\\\/toode\\\/zone-singles-termopudel-black\\\/#breadcrumb\"},\"inLanguage\":\"et\",\"potentialAction\":[{\"@type\":\"ReadAction\",\"target\":[\"https:\\\/\\\/www.talidesign.eu\\\/et\\\/pood\\\/toode\\\/zone-singles-termopudel-black\\\/\"]}]},{\"@type\":\"ImageObject\",\"inLanguage\":\"et\",\"@id\":\"https:\\\/\\\/www.talidesign.eu\\\/et\\\/pood\\\/toode\\\/zone-singles-termopudel-black\\\/#primaryimage\",\"url\":\"https:\\\/\\\/www.talidesign.eu\\\/wp\\\/wp-content\\\/uploads\\\/2026\\\/02\\\/zone-singles-thermo-mug-black.jpg\",\"contentUrl\":\"https:\\\/\\\/www.talidesign.eu\\\/wp\\\/wp-content\\\/uploads\\\/2026\\\/02\\\/zone-singles-thermo-mug-black.jpg\",\"width\":900,\"height\":900},{\"@type\":\"BreadcrumbList\",\"@id\":\"https:\\\/\\\/www.talidesign.eu\\\/et\\\/pood\\\/toode\\\/zone-singles-termopudel-black\\\/#breadcrumb\",\"itemListElement\":[{\"@type\":\"ListItem\",\"position\":1,\"name\":\"Avaleht\",\"item\":\"https:\\\/\\\/www.talidesign.eu\\\/et\\\/\"},{\"@type\":\"ListItem\",\"position\":2,\"name\":\"Pood\",\"item\":\"https:\\\/\\\/www.talidesign.eu\\\/et\\\/pood\\\/\"},{\"@type\":\"ListItem\",\"position\":3,\"name\":\"Zone Singles termopudel Black\"}]},{\"@type\":\"WebSite\",\"@id\":\"https:\\\/\\\/www.talidesign.eu\\\/et\\\/#website\",\"url\":\"https:\\\/\\\/www.talidesign.eu\\\/et\\\/\",\"name\":\"TALI Concept Store\",\"description\":\"Suurim Disainipood Eestis\",\"potentialAction\":[{\"@type\":\"SearchAction\",\"target\":{\"@type\":\"EntryPoint\",\"urlTemplate\":\"https:\\\/\\\/www.talidesign.eu\\\/et\\\/?s={search_term_string}\"},\"query-input\":{\"@type\":\"PropertyValueSpecification\",\"valueRequired\":true,\"valueName\":\"search_term_string\"}}],\"inLanguage\":\"et\"}]}<\/script>\n<!-- \/ Yoast SEO plugin. -->","yoast_head_json":{"title":"Zone Singles termopudel Black - TALI Concept Store","robots":{"index":"index","follow":"follow","max-snippet":"max-snippet:-1","max-image-preview":"max-image-preview:large","max-video-preview":"max-video-preview:-1"},"canonical":"https:\/\/www.talidesign.eu\/et\/pood\/toode\/zone-singles-termopudel-black\/","og_locale":"et_EE","og_type":"article","og_title":"Zone Singles termopudel Black - TALI Concept Store","og_description":"Singles termopudel Black  Me k\u00f5ik teame, et ilma kohvita \u2013 v\u00f5i kasv\u00f5i veeta \u2013 ei l\u00e4he p\u00e4ev korralikult k\u00e4ima. Seep\u00e4rast on VE2 loonud mitmek\u00fclgse termopudeli, mis sobib ideaalselt kaasaegse linnaliku elustiiliga.  Nutika lahendusena on igal pudelil kaasas kaks kaant: kl\u00f5psuga suletav joogikaas ja keeratav kork. Nii saad seda kasutada nii kruusi kui pudelina \u2013 vastavalt oma p\u00e4evale ja tujule.  Kahekordse seinaga roostevabast terasest termopudel hoiab kohvi kuumana kuni 12 tundi ning k\u00fclmad joogid m\u00f5nusalt jahedana terve p\u00e4eva. Ideaalne t\u00f6\u00f6le s\u00f5iduks, linnaseiklusteks v\u00f5i liikvel olles janu kustutamiseks.  Kui on aeg kohvi nautida, avaneb vaikne kl\u00f5psukaas mugavalt \u00fche k\u00e4ega. Pudelil on 360\u00b0 joomisserv ning pehme \u00e4\u00e4rejoon, mis tundub huultel nagu sinu lemmikkruus. Lai pudelisuue v\u00f5imaldab h\u00f5lpsalt lisada j\u00e4\u00e4kuubikuid v\u00f5i teepakke ning teeb t\u00e4itmise ja puhastamise lihtsaks.  Voolujooneline kuju mahub h\u00e4sti auto topsihoidjasse. K\u00fclmade jookide kaasas kandmisel tagab tihedalt sulguv keeratav kork, et pudel on kotis kindlalt suletud ega leki.  \u2022 M\u00f5\u00f5dud: \u00d8 7,5 \u00d7 19 cm \u2022 Maht: 400 ml \u2022 Materjal: roostevaba teras (SS304) \/ PP-plastik \u2022 Br\u00e4nd Zone Denmark  Tutvu disaineritega!  Singles kollektsiooni on loonud Taani disainib\u00fcroo VE2 kolmik Tilde Nygaard, Hugo Dines Schmidt ja Morten Lauritzen. Nende loodud lahendused on funktsionaalsed, esteetilised ja vastupidavad ning alati lihtsalt kombineeritavad teiste toodetega.","og_url":"https:\/\/www.talidesign.eu\/et\/pood\/toode\/zone-singles-termopudel-black\/","og_site_name":"TALI Concept Store","article_publisher":"https:\/\/www.facebook.com\/TaliDisain\/","article_modified_time":"2026-02-27T08:28:59+00:00","og_image":[{"width":900,"height":900,"url":"https:\/\/www.talidesign.eu\/wp\/wp-content\/uploads\/2026\/02\/zone-singles-thermo-mug-black.jpg","type":"image\/jpeg"}],"twitter_card":"summary_large_image","twitter_misc":{"Est. reading time":"2 minutes"},"schema":{"@context":"https:\/\/schema.org","@graph":[{"@type":"WebPage","@id":"https:\/\/www.talidesign.eu\/et\/pood\/toode\/zone-singles-termopudel-black\/","url":"https:\/\/www.talidesign.eu\/et\/pood\/toode\/zone-singles-termopudel-black\/","name":"Zone Singles termopudel Black - TALI Concept Store","isPartOf":{"@id":"https:\/\/www.talidesign.eu\/et\/#website"},"primaryImageOfPage":{"@id":"https:\/\/www.talidesign.eu\/et\/pood\/toode\/zone-singles-termopudel-black\/#primaryimage"},"image":{"@id":"https:\/\/www.talidesign.eu\/et\/pood\/toode\/zone-singles-termopudel-black\/#primaryimage"},"thumbnailUrl":"https:\/\/www.talidesign.eu\/wp\/wp-content\/uploads\/2026\/02\/zone-singles-thermo-mug-black.jpg","datePublished":"2026-02-18T08:59:39+00:00","dateModified":"2026-02-27T08:28:59+00:00","breadcrumb":{"@id":"https:\/\/www.talidesign.eu\/et\/pood\/toode\/zone-singles-termopudel-black\/#breadcrumb"},"inLanguage":"et","potentialAction":[{"@type":"ReadAction","target":["https:\/\/www.talidesign.eu\/et\/pood\/toode\/zone-singles-termopudel-black\/"]}]},{"@type":"ImageObject","inLanguage":"et","@id":"https:\/\/www.talidesign.eu\/et\/pood\/toode\/zone-singles-termopudel-black\/#primaryimage","url":"https:\/\/www.talidesign.eu\/wp\/wp-content\/uploads\/2026\/02\/zone-singles-thermo-mug-black.jpg","contentUrl":"https:\/\/www.talidesign.eu\/wp\/wp-content\/uploads\/2026\/02\/zone-singles-thermo-mug-black.jpg","width":900,"height":900},{"@type":"BreadcrumbList","@id":"https:\/\/www.talidesign.eu\/et\/pood\/toode\/zone-singles-termopudel-black\/#breadcrumb","itemListElement":[{"@type":"ListItem","position":1,"name":"Avaleht","item":"https:\/\/www.talidesign.eu\/et\/"},{"@type":"ListItem","position":2,"name":"Pood","item":"https:\/\/www.talidesign.eu\/et\/pood\/"},{"@type":"ListItem","position":3,"name":"Zone Singles termopudel Black"}]},{"@type":"WebSite","@id":"https:\/\/www.talidesign.eu\/et\/#website","url":"https:\/\/www.talidesign.eu\/et\/","name":"TALI Concept Store","description":"Suurim Disainipood Eestis","potentialAction":[{"@type":"SearchAction","target":{"@type":"EntryPoint","urlTemplate":"https:\/\/www.talidesign.eu\/et\/?s={search_term_string}"},"query-input":{"@type":"PropertyValueSpecification","valueRequired":true,"valueName":"search_term_string"}}],"inLanguage":"et"}]}},"_links":{"self":[{"href":"https:\/\/www.talidesign.eu\/et\/wp-json\/wp\/v2\/product\/113327","targetHints":{"allow":["GET"]}}],"collection":[{"href":"https:\/\/www.talidesign.eu\/et\/wp-json\/wp\/v2\/product"}],"about":[{"href":"https:\/\/www.talidesign.eu\/et\/wp-json\/wp\/v2\/types\/product"}],"wp:featuredmedia":[{"embeddable":true,"href":"https:\/\/www.talidesign.eu\/et\/wp-json\/wp\/v2\/media\/113332"}],"wp:attachment":[{"href":"https:\/\/www.talidesign.eu\/et\/wp-json\/wp\/v2\/media?parent=113327"}],"wp:term":[{"taxonomy":"product_brand","embeddable":true,"href":"https:\/\/www.talidesign.eu\/et\/wp-json\/wp\/v2\/product_brand?post=113327"},{"taxonomy":"product_cat","embeddable":true,"href":"https:\/\/www.talidesign.eu\/et\/wp-json\/wp\/v2\/product_cat?post=113327"},{"taxonomy":"product_tag","embeddable":true,"href":"https:\/\/www.talidesign.eu\/et\/wp-json\/wp\/v2\/product_tag?post=113327"}],"curies":[{"name":"wp","href":"https:\/\/api.w.org\/{rel}","templated":true}]}}