{"id":113639,"date":"2026-03-04T10:18:07","date_gmt":"2026-03-04T08:18:07","guid":{"rendered":"https:\/\/www.talidesign.eu\/?post_type=product&#038;p=113639"},"modified":"2026-04-20T09:53:50","modified_gmt":"2026-04-20T06:53:50","slug":"got-bag-kott-pleat-moon-small-scallop-monochrome","status":"publish","type":"product","link":"https:\/\/www.talidesign.eu\/et\/pood\/toode\/got-bag-kott-pleat-moon-small-scallop-monochrome\/","title":{"rendered":"Got Bag Kott Pleat Moon Small Scallop Monochrome"},"content":{"rendered":"<p><strong>Kott Pleat Moon Small Scallop Monochrome<\/strong><\/p>\n<p>\u00dclipehme, m\u00e4nguline ja vetth\u00fclgav kott, mis mahutab 3 liitrit ning paistab silma stiilse s\u00f5lmedetailiga \u00f5larihmal. See v\u00e4ike, kuid \u00fcllatavalt mahukas kaaslane sobib igap\u00e4evaseks kasutamiseks \u2013 t\u00f5eline v\u00e4ike ruumiime.<\/p>\n<p>\u2022 <a href=\"https:\/\/www.talidesign.eu\/et\/tootekategooria\/brandid\/got-bag-et\/\">Br\u00e4nd Got Bag<\/a><br \/>\n\u2022 Maht: 3 l<br \/>\n\u2022 M\u00f5\u00f5dud: 23 \u00d7 34 \u00d7 10 cm (K \u00d7 L \u00d7 S)<br \/>\n\u2022 Kaal: 200 g<br \/>\n\u2022 Sisemine lukuga tasku v\u00e4iksemate esemete jaoks<br \/>\n\u2022 Dekoratiivne s\u00f5lmedetail \u00f5larihmal<br \/>\n\u2022 Uuenduslik rihmas\u00fcsteem<br \/>\n\u2022 Reguleeritav \u00f5larihm: 63\u2013106 cm<br \/>\n\u2022 RE:NYNET\u00ae p\u00f5himaterjal on valmistatud taaskasutatud kalav\u00f5rkudest<br \/>\n\u2022 Sisemine vooder ja t\u00f5mblukk taaskasutatud nailonist<br \/>\n\u2022 Sisemine lukk taaskasutatud PA-materjalist<br \/>\n\u2022 Rihmad RE:NYNET\u00ae materjalist<br \/>\n\u2022 Polsterdus taaskasutatud pol\u00fcestrist<br \/>\n\u2022 Vetth\u00fclgav \u2013 sobib kerge vihma ja l\u00fchiajalise niiskuse korral<br \/>\n\u2022 PU-kate tagak\u00fcljel ja DWR-kate pealispinnal<br \/>\n\u2022 PFAS- ja PVC-vaba<\/p>\n<p><strong>Hooldus<\/strong><\/p>\n<p>\u2022 Puhasta mikrokiudlapiga, kasutades sooja vett ja neutraalset seepi<br \/>\n\u2022 Mitte pesta pesumasinas<br \/>\n\u2022 Mitte kuivatada trummelkuivatis<br \/>\n\u2022 Mitte triikida ega keemiliselt puhastada<\/p>\n<p><strong>Br\u00e4ndist Got Bag<\/strong><\/p>\n<p>Asutatud 2018. aastal, loome minimalistlikke reisitarbeid neile, kes hindavad kvaliteeti ja kaasaegset disaini ning soovivad j\u00e4tta positiivse jalaj\u00e4lje. Meie seljakotid, kohvrid ja aksessuaarid s\u00fcnnivad taaskasutatud materjalidest, nagu Ocean Impact Plastic, muutes pr\u00fcgi v\u00e4\u00e4rtuslikuks ressursiks ja aidates kaitsta ookeane.<\/p>\n<p><strong>GOT BAG Indonesia puhastusprogramm<\/strong> v\u00f5itleb plastireostuse algp\u00f5hjustega, kogudes j\u00e4\u00e4tmeid meredest, j\u00f5gedest ja rannikualadelt. Kohalikke kogukondi kaasates ja j\u00e4\u00e4tmek\u00e4itluss\u00fcsteeme arendades muudame plastij\u00e4\u00e4tmed v\u00e4\u00e4rtuslikuks ressursiks, aidates luua puhtama elukeskkonna ning tugevdada kogukondade elatist.<\/p>\n<p>B Corp&#x2122; sertifitseeritud ettev\u00f5ttena oleme osa globaalsest kogukonnast, mis j\u00e4rgib k\u00f5rgeid sotsiaalse ja keskkondliku vastutuse standardeid.<\/p>\n<p><a href=\"https:\/\/www.talidesign.eu\/et\/tootekategooria\/brandid\/got-bag-et\/\"><img loading=\"lazy\" decoding=\"async\" src=\"https:\/\/www.talidesign.eu\/wp\/wp-content\/uploads\/2025\/02\/gotbag.jpg\" alt=\"\" width=\"500\" height=\"100\" class=\"alignnone size-full wp-image-98951\" \/><\/a><\/p>\n","protected":false},"excerpt":{"rendered":"<p><strong>Kott Pleat Moon Small Scallop Monochrome<\/strong><\/p>\n<p>\u00dclipehme, m\u00e4nguline ja vetth\u00fclgav kott, mis mahutab 3 liitrit ning paistab silma stiilse s\u00f5lmedetailiga \u00f5larihmal. See v\u00e4ike, kuid \u00fcllatavalt mahukas kaaslane sobib igap\u00e4evaseks kasutamiseks \u2013 t\u00f5eline v\u00e4ike ruumiime.<\/p>\n<p>\u2022 <a href=\"https:\/\/www.talidesign.eu\/et\/tootekategooria\/brandid\/got-bag-et\/\">Br\u00e4nd Got Bag<\/a><br \/>\n\u2022 Maht: 3 l<br \/>\n\u2022 M\u00f5\u00f5dud: 23 \u00d7 34 \u00d7 10 cm (K \u00d7 L \u00d7 S)<br \/>\n\u2022 Kaal: 200 g<br \/>\n\u2022 Sisemine lukuga tasku v\u00e4iksemate esemete jaoks<br \/>\n\u2022 Dekoratiivne s\u00f5lmedetail \u00f5larihmal<br \/>\n\u2022 Uuenduslik rihmas\u00fcsteem<br \/>\n\u2022 Reguleeritav \u00f5larihm: 63\u2013106 cm<br \/>\n\u2022 RE:NYNET\u00ae p\u00f5himaterjal on valmistatud taaskasutatud kalav\u00f5rkudest<br \/>\n\u2022 Sisemine vooder ja t\u00f5mblukk taaskasutatud nailonist<br \/>\n\u2022 Sisemine lukk taaskasutatud PA-materjalist<br \/>\n\u2022 Rihmad RE:NYNET\u00ae materjalist<br \/>\n\u2022 Polsterdus taaskasutatud pol\u00fcestrist<br \/>\n\u2022 Vetth\u00fclgav \u2013 sobib kerge vihma ja l\u00fchiajalise niiskuse korral<br \/>\n\u2022 PU-kate tagak\u00fcljel ja DWR-kate pealispinnal<br \/>\n\u2022 PFAS- ja PVC-vaba<\/p>\n<p><strong>Hooldus<\/strong><\/p>\n<p>\u2022 Puhasta mikrokiudlapiga, kasutades sooja vett ja neutraalset seepi<br \/>\n\u2022 Mitte pesta pesumasinas<br \/>\n\u2022 Mitte kuivatada trummelkuivatis<br \/>\n\u2022 Mitte triikida ega keemiliselt puhastada<\/p>\n<p><strong>Br\u00e4ndist Got Bag<\/strong><\/p>\n<p>Asutatud 2018. aastal, loome minimalistlikke reisitarbeid neile, kes hindavad kvaliteeti ja kaasaegset disaini ning soovivad j\u00e4tta positiivse jalaj\u00e4lje. Meie seljakotid, kohvrid ja aksessuaarid s\u00fcnnivad taaskasutatud materjalidest, nagu Ocean Impact Plastic, muutes pr\u00fcgi v\u00e4\u00e4rtuslikuks ressursiks ja aidates kaitsta ookeane.<\/p>\n<p><strong>GOT BAG Indonesia puhastusprogramm<\/strong> v\u00f5itleb plastireostuse algp\u00f5hjustega, kogudes j\u00e4\u00e4tmeid meredest, j\u00f5gedest ja rannikualadelt. Kohalikke kogukondi kaasates ja j\u00e4\u00e4tmek\u00e4itluss\u00fcsteeme arendades muudame plastij\u00e4\u00e4tmed v\u00e4\u00e4rtuslikuks ressursiks, aidates luua puhtama elukeskkonna ning tugevdada kogukondade elatist.<\/p>\n<p>B Corp&#x2122; sertifitseeritud ettev\u00f5ttena oleme osa globaalsest kogukonnast, mis j\u00e4rgib k\u00f5rgeid sotsiaalse ja keskkondliku vastutuse standardeid.<\/p>\n<p><a href=\"https:\/\/www.talidesign.eu\/et\/tootekategooria\/brandid\/got-bag-et\/\"><img loading=\"lazy\" decoding=\"async\" src=\"https:\/\/www.talidesign.eu\/wp\/wp-content\/uploads\/2025\/02\/gotbag.jpg\" alt=\"\" width=\"500\" height=\"100\" class=\"alignnone size-full wp-image-98951\" \/><\/a><\/p>\n","protected":false},"featured_media":113646,"template":"","meta":[],"product_brand":[],"product_cat":[1026,3416,1131,1113],"product_tag":[3418],"class_list":{"0":"post-113639","1":"product","2":"type-product","3":"status-publish","4":"has-post-thumbnail","6":"product_cat-brandid","7":"product_cat-got-bag-et","8":"product_cat-naiste-kotid","9":"product_cat-kotid","10":"product_tag-got-bag-et","12":"first","13":"instock","14":"taxable","15":"shipping-taxable","16":"purchasable","17":"product-type-simple"},"yoast_head":"<!-- This site is optimized with the Yoast SEO plugin v27.4 - https:\/\/yoast.com\/product\/yoast-seo-wordpress\/ -->\n<title>Got Bag Kott Pleat Moon Small Scallop Monochrome - TALI Concept Store<\/title>\n<meta name=\"robots\" content=\"index, follow, max-snippet:-1, max-image-preview:large, max-video-preview:-1\" \/>\n<link rel=\"canonical\" href=\"https:\/\/www.talidesign.eu\/et\/pood\/toode\/got-bag-kott-pleat-moon-small-scallop-monochrome\/\" \/>\n<meta property=\"og:locale\" content=\"et_EE\" \/>\n<meta property=\"og:type\" content=\"article\" \/>\n<meta property=\"og:title\" content=\"Got Bag Kott Pleat Moon Small Scallop Monochrome - TALI Concept Store\" \/>\n<meta property=\"og:description\" content=\"Kott Pleat Moon Small Scallop Monochrome  \u00dclipehme, m\u00e4nguline ja vetth\u00fclgav kott, mis mahutab 3 liitrit ning paistab silma stiilse s\u00f5lmedetailiga \u00f5larihmal. See v\u00e4ike, kuid \u00fcllatavalt mahukas kaaslane sobib igap\u00e4evaseks kasutamiseks \u2013 t\u00f5eline v\u00e4ike ruumiime.  \u2022 Br\u00e4nd Got Bag \u2022 Maht: 3 l \u2022 M\u00f5\u00f5dud: 23 \u00d7 34 \u00d7 10 cm (K \u00d7 L \u00d7 S) \u2022 Kaal: 200 g \u2022 Sisemine lukuga tasku v\u00e4iksemate esemete jaoks \u2022 Dekoratiivne s\u00f5lmedetail \u00f5larihmal \u2022 Uuenduslik rihmas\u00fcsteem \u2022 Reguleeritav \u00f5larihm: 63\u2013106 cm \u2022 RE:NYNET\u00ae p\u00f5himaterjal on valmistatud taaskasutatud kalav\u00f5rkudest \u2022 Sisemine vooder ja t\u00f5mblukk taaskasutatud nailonist \u2022 Sisemine lukk taaskasutatud PA-materjalist \u2022 Rihmad RE:NYNET\u00ae materjalist \u2022 Polsterdus taaskasutatud pol\u00fcestrist \u2022 Vetth\u00fclgav \u2013 sobib kerge vihma ja l\u00fchiajalise niiskuse korral \u2022 PU-kate tagak\u00fcljel ja DWR-kate pealispinnal \u2022 PFAS- ja PVC-vaba  Hooldus  \u2022 Puhasta mikrokiudlapiga, kasutades sooja vett ja neutraalset seepi \u2022 Mitte pesta pesumasinas \u2022 Mitte kuivatada trummelkuivatis \u2022 Mitte triikida ega keemiliselt puhastada  Br\u00e4ndist Got Bag  Asutatud 2018. aastal, loome minimalistlikke reisitarbeid neile, kes hindavad kvaliteeti ja kaasaegset disaini ning soovivad j\u00e4tta positiivse jalaj\u00e4lje. Meie seljakotid, kohvrid ja aksessuaarid s\u00fcnnivad taaskasutatud materjalidest, nagu Ocean Impact Plastic, muutes pr\u00fcgi v\u00e4\u00e4rtuslikuks ressursiks ja aidates kaitsta ookeane.  GOT BAG Indonesia puhastusprogramm v\u00f5itleb plastireostuse algp\u00f5hjustega, kogudes j\u00e4\u00e4tmeid meredest, j\u00f5gedest ja rannikualadelt. Kohalikke kogukondi kaasates ja j\u00e4\u00e4tmek\u00e4itluss\u00fcsteeme arendades muudame plastij\u00e4\u00e4tmed v\u00e4\u00e4rtuslikuks ressursiks, aidates luua puhtama elukeskkonna ning tugevdada kogukondade elatist.  B Corp&#x2122; sertifitseeritud ettev\u00f5ttena oleme osa globaalsest kogukonnast, mis j\u00e4rgib k\u00f5rgeid sotsiaalse ja keskkondliku vastutuse standardeid.\" \/>\n<meta property=\"og:url\" content=\"https:\/\/www.talidesign.eu\/et\/pood\/toode\/got-bag-kott-pleat-moon-small-scallop-monochrome\/\" \/>\n<meta property=\"og:site_name\" content=\"TALI Concept Store\" \/>\n<meta property=\"article:publisher\" content=\"https:\/\/www.facebook.com\/TaliDisain\/\" \/>\n<meta property=\"article:modified_time\" content=\"2026-04-20T06:53:50+00:00\" \/>\n<meta property=\"og:image\" content=\"https:\/\/www.talidesign.eu\/wp\/wp-content\/uploads\/2026\/03\/gotbagScallop-Photoroom.jpg\" \/>\n\t<meta property=\"og:image:width\" content=\"1920\" \/>\n\t<meta property=\"og:image:height\" content=\"1920\" \/>\n\t<meta property=\"og:image:type\" content=\"image\/jpeg\" \/>\n<meta name=\"twitter:card\" content=\"summary_large_image\" \/>\n<meta name=\"twitter:label1\" content=\"Est. reading time\" \/>\n\t<meta name=\"twitter:data1\" content=\"2 minutes\" \/>\n<script type=\"application\/ld+json\" class=\"yoast-schema-graph\">{\"@context\":\"https:\\\/\\\/schema.org\",\"@graph\":[{\"@type\":\"WebPage\",\"@id\":\"https:\\\/\\\/www.talidesign.eu\\\/et\\\/pood\\\/toode\\\/got-bag-kott-pleat-moon-small-scallop-monochrome\\\/\",\"url\":\"https:\\\/\\\/www.talidesign.eu\\\/et\\\/pood\\\/toode\\\/got-bag-kott-pleat-moon-small-scallop-monochrome\\\/\",\"name\":\"Got Bag Kott Pleat Moon Small Scallop Monochrome - TALI Concept Store\",\"isPartOf\":{\"@id\":\"https:\\\/\\\/www.talidesign.eu\\\/et\\\/#website\"},\"primaryImageOfPage\":{\"@id\":\"https:\\\/\\\/www.talidesign.eu\\\/et\\\/pood\\\/toode\\\/got-bag-kott-pleat-moon-small-scallop-monochrome\\\/#primaryimage\"},\"image\":{\"@id\":\"https:\\\/\\\/www.talidesign.eu\\\/et\\\/pood\\\/toode\\\/got-bag-kott-pleat-moon-small-scallop-monochrome\\\/#primaryimage\"},\"thumbnailUrl\":\"https:\\\/\\\/www.talidesign.eu\\\/wp\\\/wp-content\\\/uploads\\\/2026\\\/03\\\/gotbagScallop-Photoroom.jpg\",\"datePublished\":\"2026-03-04T08:18:07+00:00\",\"dateModified\":\"2026-04-20T06:53:50+00:00\",\"breadcrumb\":{\"@id\":\"https:\\\/\\\/www.talidesign.eu\\\/et\\\/pood\\\/toode\\\/got-bag-kott-pleat-moon-small-scallop-monochrome\\\/#breadcrumb\"},\"inLanguage\":\"et\",\"potentialAction\":[{\"@type\":\"ReadAction\",\"target\":[\"https:\\\/\\\/www.talidesign.eu\\\/et\\\/pood\\\/toode\\\/got-bag-kott-pleat-moon-small-scallop-monochrome\\\/\"]}]},{\"@type\":\"ImageObject\",\"inLanguage\":\"et\",\"@id\":\"https:\\\/\\\/www.talidesign.eu\\\/et\\\/pood\\\/toode\\\/got-bag-kott-pleat-moon-small-scallop-monochrome\\\/#primaryimage\",\"url\":\"https:\\\/\\\/www.talidesign.eu\\\/wp\\\/wp-content\\\/uploads\\\/2026\\\/03\\\/gotbagScallop-Photoroom.jpg\",\"contentUrl\":\"https:\\\/\\\/www.talidesign.eu\\\/wp\\\/wp-content\\\/uploads\\\/2026\\\/03\\\/gotbagScallop-Photoroom.jpg\",\"width\":1920,\"height\":1920},{\"@type\":\"BreadcrumbList\",\"@id\":\"https:\\\/\\\/www.talidesign.eu\\\/et\\\/pood\\\/toode\\\/got-bag-kott-pleat-moon-small-scallop-monochrome\\\/#breadcrumb\",\"itemListElement\":[{\"@type\":\"ListItem\",\"position\":1,\"name\":\"Avaleht\",\"item\":\"https:\\\/\\\/www.talidesign.eu\\\/et\\\/\"},{\"@type\":\"ListItem\",\"position\":2,\"name\":\"Pood\",\"item\":\"https:\\\/\\\/www.talidesign.eu\\\/et\\\/pood\\\/\"},{\"@type\":\"ListItem\",\"position\":3,\"name\":\"Got Bag Kott Pleat Moon Small Scallop Monochrome\"}]},{\"@type\":\"WebSite\",\"@id\":\"https:\\\/\\\/www.talidesign.eu\\\/et\\\/#website\",\"url\":\"https:\\\/\\\/www.talidesign.eu\\\/et\\\/\",\"name\":\"TALI Concept Store\",\"description\":\"Suurim Disainipood Eestis\",\"potentialAction\":[{\"@type\":\"SearchAction\",\"target\":{\"@type\":\"EntryPoint\",\"urlTemplate\":\"https:\\\/\\\/www.talidesign.eu\\\/et\\\/?s={search_term_string}\"},\"query-input\":{\"@type\":\"PropertyValueSpecification\",\"valueRequired\":true,\"valueName\":\"search_term_string\"}}],\"inLanguage\":\"et\"}]}<\/script>\n<!-- \/ Yoast SEO plugin. -->","yoast_head_json":{"title":"Got Bag Kott Pleat Moon Small Scallop Monochrome - TALI Concept Store","robots":{"index":"index","follow":"follow","max-snippet":"max-snippet:-1","max-image-preview":"max-image-preview:large","max-video-preview":"max-video-preview:-1"},"canonical":"https:\/\/www.talidesign.eu\/et\/pood\/toode\/got-bag-kott-pleat-moon-small-scallop-monochrome\/","og_locale":"et_EE","og_type":"article","og_title":"Got Bag Kott Pleat Moon Small Scallop Monochrome - TALI Concept Store","og_description":"Kott Pleat Moon Small Scallop Monochrome  \u00dclipehme, m\u00e4nguline ja vetth\u00fclgav kott, mis mahutab 3 liitrit ning paistab silma stiilse s\u00f5lmedetailiga \u00f5larihmal. See v\u00e4ike, kuid \u00fcllatavalt mahukas kaaslane sobib igap\u00e4evaseks kasutamiseks \u2013 t\u00f5eline v\u00e4ike ruumiime.  \u2022 Br\u00e4nd Got Bag \u2022 Maht: 3 l \u2022 M\u00f5\u00f5dud: 23 \u00d7 34 \u00d7 10 cm (K \u00d7 L \u00d7 S) \u2022 Kaal: 200 g \u2022 Sisemine lukuga tasku v\u00e4iksemate esemete jaoks \u2022 Dekoratiivne s\u00f5lmedetail \u00f5larihmal \u2022 Uuenduslik rihmas\u00fcsteem \u2022 Reguleeritav \u00f5larihm: 63\u2013106 cm \u2022 RE:NYNET\u00ae p\u00f5himaterjal on valmistatud taaskasutatud kalav\u00f5rkudest \u2022 Sisemine vooder ja t\u00f5mblukk taaskasutatud nailonist \u2022 Sisemine lukk taaskasutatud PA-materjalist \u2022 Rihmad RE:NYNET\u00ae materjalist \u2022 Polsterdus taaskasutatud pol\u00fcestrist \u2022 Vetth\u00fclgav \u2013 sobib kerge vihma ja l\u00fchiajalise niiskuse korral \u2022 PU-kate tagak\u00fcljel ja DWR-kate pealispinnal \u2022 PFAS- ja PVC-vaba  Hooldus  \u2022 Puhasta mikrokiudlapiga, kasutades sooja vett ja neutraalset seepi \u2022 Mitte pesta pesumasinas \u2022 Mitte kuivatada trummelkuivatis \u2022 Mitte triikida ega keemiliselt puhastada  Br\u00e4ndist Got Bag  Asutatud 2018. aastal, loome minimalistlikke reisitarbeid neile, kes hindavad kvaliteeti ja kaasaegset disaini ning soovivad j\u00e4tta positiivse jalaj\u00e4lje. Meie seljakotid, kohvrid ja aksessuaarid s\u00fcnnivad taaskasutatud materjalidest, nagu Ocean Impact Plastic, muutes pr\u00fcgi v\u00e4\u00e4rtuslikuks ressursiks ja aidates kaitsta ookeane.  GOT BAG Indonesia puhastusprogramm v\u00f5itleb plastireostuse algp\u00f5hjustega, kogudes j\u00e4\u00e4tmeid meredest, j\u00f5gedest ja rannikualadelt. Kohalikke kogukondi kaasates ja j\u00e4\u00e4tmek\u00e4itluss\u00fcsteeme arendades muudame plastij\u00e4\u00e4tmed v\u00e4\u00e4rtuslikuks ressursiks, aidates luua puhtama elukeskkonna ning tugevdada kogukondade elatist.  B Corp&#x2122; sertifitseeritud ettev\u00f5ttena oleme osa globaalsest kogukonnast, mis j\u00e4rgib k\u00f5rgeid sotsiaalse ja keskkondliku vastutuse standardeid.","og_url":"https:\/\/www.talidesign.eu\/et\/pood\/toode\/got-bag-kott-pleat-moon-small-scallop-monochrome\/","og_site_name":"TALI Concept Store","article_publisher":"https:\/\/www.facebook.com\/TaliDisain\/","article_modified_time":"2026-04-20T06:53:50+00:00","og_image":[{"width":1920,"height":1920,"url":"https:\/\/www.talidesign.eu\/wp\/wp-content\/uploads\/2026\/03\/gotbagScallop-Photoroom.jpg","type":"image\/jpeg"}],"twitter_card":"summary_large_image","twitter_misc":{"Est. reading time":"2 minutes"},"schema":{"@context":"https:\/\/schema.org","@graph":[{"@type":"WebPage","@id":"https:\/\/www.talidesign.eu\/et\/pood\/toode\/got-bag-kott-pleat-moon-small-scallop-monochrome\/","url":"https:\/\/www.talidesign.eu\/et\/pood\/toode\/got-bag-kott-pleat-moon-small-scallop-monochrome\/","name":"Got Bag Kott Pleat Moon Small Scallop Monochrome - TALI Concept Store","isPartOf":{"@id":"https:\/\/www.talidesign.eu\/et\/#website"},"primaryImageOfPage":{"@id":"https:\/\/www.talidesign.eu\/et\/pood\/toode\/got-bag-kott-pleat-moon-small-scallop-monochrome\/#primaryimage"},"image":{"@id":"https:\/\/www.talidesign.eu\/et\/pood\/toode\/got-bag-kott-pleat-moon-small-scallop-monochrome\/#primaryimage"},"thumbnailUrl":"https:\/\/www.talidesign.eu\/wp\/wp-content\/uploads\/2026\/03\/gotbagScallop-Photoroom.jpg","datePublished":"2026-03-04T08:18:07+00:00","dateModified":"2026-04-20T06:53:50+00:00","breadcrumb":{"@id":"https:\/\/www.talidesign.eu\/et\/pood\/toode\/got-bag-kott-pleat-moon-small-scallop-monochrome\/#breadcrumb"},"inLanguage":"et","potentialAction":[{"@type":"ReadAction","target":["https:\/\/www.talidesign.eu\/et\/pood\/toode\/got-bag-kott-pleat-moon-small-scallop-monochrome\/"]}]},{"@type":"ImageObject","inLanguage":"et","@id":"https:\/\/www.talidesign.eu\/et\/pood\/toode\/got-bag-kott-pleat-moon-small-scallop-monochrome\/#primaryimage","url":"https:\/\/www.talidesign.eu\/wp\/wp-content\/uploads\/2026\/03\/gotbagScallop-Photoroom.jpg","contentUrl":"https:\/\/www.talidesign.eu\/wp\/wp-content\/uploads\/2026\/03\/gotbagScallop-Photoroom.jpg","width":1920,"height":1920},{"@type":"BreadcrumbList","@id":"https:\/\/www.talidesign.eu\/et\/pood\/toode\/got-bag-kott-pleat-moon-small-scallop-monochrome\/#breadcrumb","itemListElement":[{"@type":"ListItem","position":1,"name":"Avaleht","item":"https:\/\/www.talidesign.eu\/et\/"},{"@type":"ListItem","position":2,"name":"Pood","item":"https:\/\/www.talidesign.eu\/et\/pood\/"},{"@type":"ListItem","position":3,"name":"Got Bag Kott Pleat Moon Small Scallop Monochrome"}]},{"@type":"WebSite","@id":"https:\/\/www.talidesign.eu\/et\/#website","url":"https:\/\/www.talidesign.eu\/et\/","name":"TALI Concept Store","description":"Suurim Disainipood Eestis","potentialAction":[{"@type":"SearchAction","target":{"@type":"EntryPoint","urlTemplate":"https:\/\/www.talidesign.eu\/et\/?s={search_term_string}"},"query-input":{"@type":"PropertyValueSpecification","valueRequired":true,"valueName":"search_term_string"}}],"inLanguage":"et"}]}},"_links":{"self":[{"href":"https:\/\/www.talidesign.eu\/et\/wp-json\/wp\/v2\/product\/113639","targetHints":{"allow":["GET"]}}],"collection":[{"href":"https:\/\/www.talidesign.eu\/et\/wp-json\/wp\/v2\/product"}],"about":[{"href":"https:\/\/www.talidesign.eu\/et\/wp-json\/wp\/v2\/types\/product"}],"wp:featuredmedia":[{"embeddable":true,"href":"https:\/\/www.talidesign.eu\/et\/wp-json\/wp\/v2\/media\/113646"}],"wp:attachment":[{"href":"https:\/\/www.talidesign.eu\/et\/wp-json\/wp\/v2\/media?parent=113639"}],"wp:term":[{"taxonomy":"product_brand","embeddable":true,"href":"https:\/\/www.talidesign.eu\/et\/wp-json\/wp\/v2\/product_brand?post=113639"},{"taxonomy":"product_cat","embeddable":true,"href":"https:\/\/www.talidesign.eu\/et\/wp-json\/wp\/v2\/product_cat?post=113639"},{"taxonomy":"product_tag","embeddable":true,"href":"https:\/\/www.talidesign.eu\/et\/wp-json\/wp\/v2\/product_tag?post=113639"}],"curies":[{"name":"wp","href":"https:\/\/api.w.org\/{rel}","templated":true}]}}