{"id":114028,"date":"2026-03-10T12:58:32","date_gmt":"2026-03-10T10:58:32","guid":{"rendered":"https:\/\/www.talidesign.eu\/?post_type=product&#038;p=114028"},"modified":"2026-04-23T15:45:19","modified_gmt":"2026-04-23T12:45:19","slug":"the-air-korvarongad-cube-stud-mini-must","status":"publish","type":"product","link":"https:\/\/www.talidesign.eu\/et\/pood\/toode\/the-air-korvarongad-cube-stud-mini-must\/","title":{"rendered":"THE AIR K\u00f5rvar\u00f5ngad Cube Stud Mini Must"},"content":{"rendered":"<p><strong>THE AIR K\u00f5rvar\u00f5ngad Cube Stud Mini Must<\/strong><\/p>\n<p>Vorm, mis tavaliselt kuulub arhitektuuri, matemaatika ja ruumi m\u00f5testamise valdkonda- stabiilne, tasakaalus ja range. Ehe on seevastu ajalooliselt p\u00fc\u00fcdnud j\u00e4rgida keha loomulikku liikumist ning kohanduda selle d\u00fcnaamikaga. Cube l\u00e4heb sellele traditsioonile teadlikult vastu, et murda etteaimatavust ja luua uus, ootamatu suhe vormi ja keha vahel.<\/p>\n<p>Cube- v\u00e4ike arhitektuurne objekt kehal.<\/p>\n<p>\u2022 <a href=\"https:\/\/www.talidesign.eu\/et\/tootekategooria\/brandid\/kirju-co-et\/\">Br\u00e4nd KIRJU.CO<\/a><br \/>\n\u2022 Materjal: 925 h\u00f5be ja biop\u00f5hine PLA, mis koosneb taastuvatest looduslikest materjalidest nagu maisit\u00e4rklis v\u00f5i suhkruroog.<br \/>\n\u2022 Suurus: Size: 5x5x5mm<br \/>\n\u2022 Disain: @kirjuco<\/p>\n<p><strong>Hooldus<\/strong><\/p>\n<p>\u2022 \u00c4ra painuta ehteid ega aseta nende peale raskeid esemeid.<br \/>\n\u2022 Pikaajaline kokkupuude otsese p\u00e4ikesevalgusega v\u00f5ib p\u00f5hjustada v\u00e4rvi tuhmumist.<br \/>\n\u2022 Eemalda ehe enne sauna v\u00f5i ujuma minekut.<br \/>\n\u2022 V\u00e4ldi kokkupuudet kemikaalidega (parf\u00fc\u00fcm, juukselakk, kreemid, puhastusvahendid jms).<br \/>\n\u2022 V\u00e4ldi tugevat mehaanilist h\u00f5\u00f5rumist.<br \/>\n\u2022 Puhastada \u00f5rnalt leige vee ja seebiga, kasutades pehmet mikrofiiberlappi.<br \/>\n\u2022 Hoia ehteid turvalises kohas.<\/p>\n<p><strong>THE AIR.<\/strong><\/p>\n<p>Kerge, minimalistlik, unisex- kollektsioon, mille vormikeel on teadlikult tasakaalustatud, et r\u00f5hutada kandja individuaalsust.<\/p>\n<p><a href=\"https:\/\/www.talidesign.eu\/et\/tootekategooria\/brandid\/kirju-co-et\/\"><img loading=\"lazy\" decoding=\"async\" src=\"https:\/\/www.talidesign.eu\/wp\/wp-content\/uploads\/2021\/03\/logo-1.jpg\" alt=\"\" width=\"500\" height=\"100\" class=\"alignnone size-full wp-image-24054\" \/><\/a><\/p>\n","protected":false},"excerpt":{"rendered":"<p><strong>THE AIR K\u00f5rvar\u00f5ngad Cube Stud Mini Must<\/strong><\/p>\n<p>Vorm, mis tavaliselt kuulub arhitektuuri, matemaatika ja ruumi m\u00f5testamise valdkonda- stabiilne, tasakaalus ja range. Ehe on seevastu ajalooliselt p\u00fc\u00fcdnud j\u00e4rgida keha loomulikku liikumist ning kohanduda selle d\u00fcnaamikaga. Cube l\u00e4heb sellele traditsioonile teadlikult vastu, et murda etteaimatavust ja luua uus, ootamatu suhe vormi ja keha vahel.<\/p>\n<p>Cube- v\u00e4ike arhitektuurne objekt kehal.<\/p>\n<p>\u2022 <a href=\"https:\/\/www.talidesign.eu\/et\/tootekategooria\/brandid\/kirju-co-et\/\">Br\u00e4nd KIRJU.CO<\/a><br \/>\n\u2022 Materjal: 925 h\u00f5be ja biop\u00f5hine PLA, mis koosneb taastuvatest looduslikest materjalidest nagu maisit\u00e4rklis v\u00f5i suhkruroog.<br \/>\n\u2022 Suurus: Size: 5x5x5mm<br \/>\n\u2022 Disain: @kirjuco<\/p>\n<p><strong>Hooldus<\/strong><\/p>\n<p>\u2022 \u00c4ra painuta ehteid ega aseta nende peale raskeid esemeid.<br \/>\n\u2022 Pikaajaline kokkupuude otsese p\u00e4ikesevalgusega v\u00f5ib p\u00f5hjustada v\u00e4rvi tuhmumist.<br \/>\n\u2022 Eemalda ehe enne sauna v\u00f5i ujuma minekut.<br \/>\n\u2022 V\u00e4ldi kokkupuudet kemikaalidega (parf\u00fc\u00fcm, juukselakk, kreemid, puhastusvahendid jms).<br \/>\n\u2022 V\u00e4ldi tugevat mehaanilist h\u00f5\u00f5rumist.<br \/>\n\u2022 Puhastada \u00f5rnalt leige vee ja seebiga, kasutades pehmet mikrofiiberlappi.<br \/>\n\u2022 Hoia ehteid turvalises kohas.<\/p>\n<p><strong>THE AIR.<\/strong><\/p>\n<p>Kerge, minimalistlik, unisex- kollektsioon, mille vormikeel on teadlikult tasakaalustatud, et r\u00f5hutada kandja individuaalsust.<\/p>\n<p><a href=\"https:\/\/www.talidesign.eu\/et\/tootekategooria\/brandid\/kirju-co-et\/\"><img loading=\"lazy\" decoding=\"async\" src=\"https:\/\/www.talidesign.eu\/wp\/wp-content\/uploads\/2021\/03\/logo-1.jpg\" alt=\"\" width=\"500\" height=\"100\" class=\"alignnone size-full wp-image-24054\" \/><\/a><\/p>\n","protected":false},"featured_media":114030,"template":"","meta":[],"product_brand":[],"product_cat":[1152,1054],"product_tag":[1254],"class_list":{"0":"post-114028","1":"product","2":"type-product","3":"status-publish","4":"has-post-thumbnail","6":"product_cat-kirju-co-korvarongad","7":"product_cat-kirju-co-et","8":"product_tag-kirju-jewellery-et","10":"first","11":"instock","12":"sale","13":"featured","14":"taxable","15":"shipping-taxable","16":"purchasable","17":"product-type-simple"},"yoast_head":"<!-- This site is optimized with the Yoast SEO plugin v27.4 - https:\/\/yoast.com\/product\/yoast-seo-wordpress\/ -->\n<title>THE AIR K\u00f5rvar\u00f5ngad Cube Stud Mini Must - TALI Concept Store<\/title>\n<meta name=\"robots\" content=\"index, follow, max-snippet:-1, max-image-preview:large, max-video-preview:-1\" \/>\n<link rel=\"canonical\" href=\"https:\/\/www.talidesign.eu\/et\/pood\/toode\/the-air-korvarongad-cube-stud-mini-must\/\" \/>\n<meta property=\"og:locale\" content=\"et_EE\" \/>\n<meta property=\"og:type\" content=\"article\" \/>\n<meta property=\"og:title\" content=\"THE AIR K\u00f5rvar\u00f5ngad Cube Stud Mini Must - TALI Concept Store\" \/>\n<meta property=\"og:description\" content=\"THE AIR K\u00f5rvar\u00f5ngad Cube Stud Mini Must  Vorm, mis tavaliselt kuulub arhitektuuri, matemaatika ja ruumi m\u00f5testamise valdkonda- stabiilne, tasakaalus ja range. Ehe on seevastu ajalooliselt p\u00fc\u00fcdnud j\u00e4rgida keha loomulikku liikumist ning kohanduda selle d\u00fcnaamikaga. Cube l\u00e4heb sellele traditsioonile teadlikult vastu, et murda etteaimatavust ja luua uus, ootamatu suhe vormi ja keha vahel.  Cube- v\u00e4ike arhitektuurne objekt kehal.  \u2022 Br\u00e4nd KIRJU.CO \u2022 Materjal: 925 h\u00f5be ja biop\u00f5hine PLA, mis koosneb taastuvatest looduslikest materjalidest nagu maisit\u00e4rklis v\u00f5i suhkruroog. \u2022 Suurus: Size: 5x5x5mm  \u2022 Disain: @kirjuco  Hooldus  \u2022 \u00c4ra painuta ehteid ega aseta nende peale raskeid esemeid. \u2022 Pikaajaline kokkupuude otsese p\u00e4ikesevalgusega v\u00f5ib p\u00f5hjustada v\u00e4rvi tuhmumist.  \u2022 Eemalda ehe enne sauna v\u00f5i ujuma minekut. \u2022 V\u00e4ldi kokkupuudet kemikaalidega (parf\u00fc\u00fcm, juukselakk, kreemid, puhastusvahendid jms). \u2022 V\u00e4ldi tugevat mehaanilist h\u00f5\u00f5rumist. \u2022 Puhastada \u00f5rnalt leige vee ja seebiga, kasutades pehmet mikrofiiberlappi.  \u2022 Hoia ehteid turvalises kohas.  THE AIR.  Kerge, minimalistlik, unisex- kollektsioon, mille vormikeel on teadlikult tasakaalustatud, et r\u00f5hutada kandja individuaalsust.\" \/>\n<meta property=\"og:url\" content=\"https:\/\/www.talidesign.eu\/et\/pood\/toode\/the-air-korvarongad-cube-stud-mini-must\/\" \/>\n<meta property=\"og:site_name\" content=\"TALI Concept Store\" \/>\n<meta property=\"article:publisher\" content=\"https:\/\/www.facebook.com\/TaliDisain\/\" \/>\n<meta property=\"article:modified_time\" content=\"2026-04-23T12:45:19+00:00\" \/>\n<meta property=\"og:image\" content=\"https:\/\/www.talidesign.eu\/wp\/wp-content\/uploads\/2026\/03\/Cube-Mini-Stud_B-scaled.jpg\" \/>\n\t<meta property=\"og:image:width\" content=\"2560\" \/>\n\t<meta property=\"og:image:height\" content=\"2560\" \/>\n\t<meta property=\"og:image:type\" content=\"image\/jpeg\" \/>\n<meta name=\"twitter:card\" content=\"summary_large_image\" \/>\n<meta name=\"twitter:label1\" content=\"Est. reading time\" \/>\n\t<meta name=\"twitter:data1\" content=\"2 minutes\" \/>\n<script type=\"application\/ld+json\" class=\"yoast-schema-graph\">{\"@context\":\"https:\\\/\\\/schema.org\",\"@graph\":[{\"@type\":\"WebPage\",\"@id\":\"https:\\\/\\\/www.talidesign.eu\\\/et\\\/pood\\\/toode\\\/the-air-korvarongad-cube-stud-mini-must\\\/\",\"url\":\"https:\\\/\\\/www.talidesign.eu\\\/et\\\/pood\\\/toode\\\/the-air-korvarongad-cube-stud-mini-must\\\/\",\"name\":\"THE AIR K\u00f5rvar\u00f5ngad Cube Stud Mini Must - TALI Concept Store\",\"isPartOf\":{\"@id\":\"https:\\\/\\\/www.talidesign.eu\\\/et\\\/#website\"},\"primaryImageOfPage\":{\"@id\":\"https:\\\/\\\/www.talidesign.eu\\\/et\\\/pood\\\/toode\\\/the-air-korvarongad-cube-stud-mini-must\\\/#primaryimage\"},\"image\":{\"@id\":\"https:\\\/\\\/www.talidesign.eu\\\/et\\\/pood\\\/toode\\\/the-air-korvarongad-cube-stud-mini-must\\\/#primaryimage\"},\"thumbnailUrl\":\"https:\\\/\\\/www.talidesign.eu\\\/wp\\\/wp-content\\\/uploads\\\/2026\\\/03\\\/Cube-Mini-Stud_B-scaled.jpg\",\"datePublished\":\"2026-03-10T10:58:32+00:00\",\"dateModified\":\"2026-04-23T12:45:19+00:00\",\"breadcrumb\":{\"@id\":\"https:\\\/\\\/www.talidesign.eu\\\/et\\\/pood\\\/toode\\\/the-air-korvarongad-cube-stud-mini-must\\\/#breadcrumb\"},\"inLanguage\":\"et\",\"potentialAction\":[{\"@type\":\"ReadAction\",\"target\":[\"https:\\\/\\\/www.talidesign.eu\\\/et\\\/pood\\\/toode\\\/the-air-korvarongad-cube-stud-mini-must\\\/\"]}]},{\"@type\":\"ImageObject\",\"inLanguage\":\"et\",\"@id\":\"https:\\\/\\\/www.talidesign.eu\\\/et\\\/pood\\\/toode\\\/the-air-korvarongad-cube-stud-mini-must\\\/#primaryimage\",\"url\":\"https:\\\/\\\/www.talidesign.eu\\\/wp\\\/wp-content\\\/uploads\\\/2026\\\/03\\\/Cube-Mini-Stud_B-scaled.jpg\",\"contentUrl\":\"https:\\\/\\\/www.talidesign.eu\\\/wp\\\/wp-content\\\/uploads\\\/2026\\\/03\\\/Cube-Mini-Stud_B-scaled.jpg\",\"width\":2560,\"height\":2560},{\"@type\":\"BreadcrumbList\",\"@id\":\"https:\\\/\\\/www.talidesign.eu\\\/et\\\/pood\\\/toode\\\/the-air-korvarongad-cube-stud-mini-must\\\/#breadcrumb\",\"itemListElement\":[{\"@type\":\"ListItem\",\"position\":1,\"name\":\"Avaleht\",\"item\":\"https:\\\/\\\/www.talidesign.eu\\\/et\\\/\"},{\"@type\":\"ListItem\",\"position\":2,\"name\":\"Pood\",\"item\":\"https:\\\/\\\/www.talidesign.eu\\\/et\\\/pood\\\/\"},{\"@type\":\"ListItem\",\"position\":3,\"name\":\"THE AIR K\u00f5rvar\u00f5ngad Cube Stud Mini Must\"}]},{\"@type\":\"WebSite\",\"@id\":\"https:\\\/\\\/www.talidesign.eu\\\/et\\\/#website\",\"url\":\"https:\\\/\\\/www.talidesign.eu\\\/et\\\/\",\"name\":\"TALI Concept Store\",\"description\":\"Suurim Disainipood Eestis\",\"potentialAction\":[{\"@type\":\"SearchAction\",\"target\":{\"@type\":\"EntryPoint\",\"urlTemplate\":\"https:\\\/\\\/www.talidesign.eu\\\/et\\\/?s={search_term_string}\"},\"query-input\":{\"@type\":\"PropertyValueSpecification\",\"valueRequired\":true,\"valueName\":\"search_term_string\"}}],\"inLanguage\":\"et\"}]}<\/script>\n<!-- \/ Yoast SEO plugin. -->","yoast_head_json":{"title":"THE AIR K\u00f5rvar\u00f5ngad Cube Stud Mini Must - TALI Concept Store","robots":{"index":"index","follow":"follow","max-snippet":"max-snippet:-1","max-image-preview":"max-image-preview:large","max-video-preview":"max-video-preview:-1"},"canonical":"https:\/\/www.talidesign.eu\/et\/pood\/toode\/the-air-korvarongad-cube-stud-mini-must\/","og_locale":"et_EE","og_type":"article","og_title":"THE AIR K\u00f5rvar\u00f5ngad Cube Stud Mini Must - TALI Concept Store","og_description":"THE AIR K\u00f5rvar\u00f5ngad Cube Stud Mini Must  Vorm, mis tavaliselt kuulub arhitektuuri, matemaatika ja ruumi m\u00f5testamise valdkonda- stabiilne, tasakaalus ja range. Ehe on seevastu ajalooliselt p\u00fc\u00fcdnud j\u00e4rgida keha loomulikku liikumist ning kohanduda selle d\u00fcnaamikaga. Cube l\u00e4heb sellele traditsioonile teadlikult vastu, et murda etteaimatavust ja luua uus, ootamatu suhe vormi ja keha vahel.  Cube- v\u00e4ike arhitektuurne objekt kehal.  \u2022 Br\u00e4nd KIRJU.CO \u2022 Materjal: 925 h\u00f5be ja biop\u00f5hine PLA, mis koosneb taastuvatest looduslikest materjalidest nagu maisit\u00e4rklis v\u00f5i suhkruroog. \u2022 Suurus: Size: 5x5x5mm  \u2022 Disain: @kirjuco  Hooldus  \u2022 \u00c4ra painuta ehteid ega aseta nende peale raskeid esemeid. \u2022 Pikaajaline kokkupuude otsese p\u00e4ikesevalgusega v\u00f5ib p\u00f5hjustada v\u00e4rvi tuhmumist.  \u2022 Eemalda ehe enne sauna v\u00f5i ujuma minekut. \u2022 V\u00e4ldi kokkupuudet kemikaalidega (parf\u00fc\u00fcm, juukselakk, kreemid, puhastusvahendid jms). \u2022 V\u00e4ldi tugevat mehaanilist h\u00f5\u00f5rumist. \u2022 Puhastada \u00f5rnalt leige vee ja seebiga, kasutades pehmet mikrofiiberlappi.  \u2022 Hoia ehteid turvalises kohas.  THE AIR.  Kerge, minimalistlik, unisex- kollektsioon, mille vormikeel on teadlikult tasakaalustatud, et r\u00f5hutada kandja individuaalsust.","og_url":"https:\/\/www.talidesign.eu\/et\/pood\/toode\/the-air-korvarongad-cube-stud-mini-must\/","og_site_name":"TALI Concept Store","article_publisher":"https:\/\/www.facebook.com\/TaliDisain\/","article_modified_time":"2026-04-23T12:45:19+00:00","og_image":[{"width":2560,"height":2560,"url":"https:\/\/www.talidesign.eu\/wp\/wp-content\/uploads\/2026\/03\/Cube-Mini-Stud_B-scaled.jpg","type":"image\/jpeg"}],"twitter_card":"summary_large_image","twitter_misc":{"Est. reading time":"2 minutes"},"schema":{"@context":"https:\/\/schema.org","@graph":[{"@type":"WebPage","@id":"https:\/\/www.talidesign.eu\/et\/pood\/toode\/the-air-korvarongad-cube-stud-mini-must\/","url":"https:\/\/www.talidesign.eu\/et\/pood\/toode\/the-air-korvarongad-cube-stud-mini-must\/","name":"THE AIR K\u00f5rvar\u00f5ngad Cube Stud Mini Must - TALI Concept Store","isPartOf":{"@id":"https:\/\/www.talidesign.eu\/et\/#website"},"primaryImageOfPage":{"@id":"https:\/\/www.talidesign.eu\/et\/pood\/toode\/the-air-korvarongad-cube-stud-mini-must\/#primaryimage"},"image":{"@id":"https:\/\/www.talidesign.eu\/et\/pood\/toode\/the-air-korvarongad-cube-stud-mini-must\/#primaryimage"},"thumbnailUrl":"https:\/\/www.talidesign.eu\/wp\/wp-content\/uploads\/2026\/03\/Cube-Mini-Stud_B-scaled.jpg","datePublished":"2026-03-10T10:58:32+00:00","dateModified":"2026-04-23T12:45:19+00:00","breadcrumb":{"@id":"https:\/\/www.talidesign.eu\/et\/pood\/toode\/the-air-korvarongad-cube-stud-mini-must\/#breadcrumb"},"inLanguage":"et","potentialAction":[{"@type":"ReadAction","target":["https:\/\/www.talidesign.eu\/et\/pood\/toode\/the-air-korvarongad-cube-stud-mini-must\/"]}]},{"@type":"ImageObject","inLanguage":"et","@id":"https:\/\/www.talidesign.eu\/et\/pood\/toode\/the-air-korvarongad-cube-stud-mini-must\/#primaryimage","url":"https:\/\/www.talidesign.eu\/wp\/wp-content\/uploads\/2026\/03\/Cube-Mini-Stud_B-scaled.jpg","contentUrl":"https:\/\/www.talidesign.eu\/wp\/wp-content\/uploads\/2026\/03\/Cube-Mini-Stud_B-scaled.jpg","width":2560,"height":2560},{"@type":"BreadcrumbList","@id":"https:\/\/www.talidesign.eu\/et\/pood\/toode\/the-air-korvarongad-cube-stud-mini-must\/#breadcrumb","itemListElement":[{"@type":"ListItem","position":1,"name":"Avaleht","item":"https:\/\/www.talidesign.eu\/et\/"},{"@type":"ListItem","position":2,"name":"Pood","item":"https:\/\/www.talidesign.eu\/et\/pood\/"},{"@type":"ListItem","position":3,"name":"THE AIR K\u00f5rvar\u00f5ngad Cube Stud Mini Must"}]},{"@type":"WebSite","@id":"https:\/\/www.talidesign.eu\/et\/#website","url":"https:\/\/www.talidesign.eu\/et\/","name":"TALI Concept Store","description":"Suurim Disainipood Eestis","potentialAction":[{"@type":"SearchAction","target":{"@type":"EntryPoint","urlTemplate":"https:\/\/www.talidesign.eu\/et\/?s={search_term_string}"},"query-input":{"@type":"PropertyValueSpecification","valueRequired":true,"valueName":"search_term_string"}}],"inLanguage":"et"}]}},"_links":{"self":[{"href":"https:\/\/www.talidesign.eu\/et\/wp-json\/wp\/v2\/product\/114028","targetHints":{"allow":["GET"]}}],"collection":[{"href":"https:\/\/www.talidesign.eu\/et\/wp-json\/wp\/v2\/product"}],"about":[{"href":"https:\/\/www.talidesign.eu\/et\/wp-json\/wp\/v2\/types\/product"}],"wp:featuredmedia":[{"embeddable":true,"href":"https:\/\/www.talidesign.eu\/et\/wp-json\/wp\/v2\/media\/114030"}],"wp:attachment":[{"href":"https:\/\/www.talidesign.eu\/et\/wp-json\/wp\/v2\/media?parent=114028"}],"wp:term":[{"taxonomy":"product_brand","embeddable":true,"href":"https:\/\/www.talidesign.eu\/et\/wp-json\/wp\/v2\/product_brand?post=114028"},{"taxonomy":"product_cat","embeddable":true,"href":"https:\/\/www.talidesign.eu\/et\/wp-json\/wp\/v2\/product_cat?post=114028"},{"taxonomy":"product_tag","embeddable":true,"href":"https:\/\/www.talidesign.eu\/et\/wp-json\/wp\/v2\/product_tag?post=114028"}],"curies":[{"name":"wp","href":"https:\/\/api.w.org\/{rel}","templated":true}]}}