{"id":114273,"date":"2026-03-10T23:19:29","date_gmt":"2026-03-10T21:19:29","guid":{"rendered":"https:\/\/www.talidesign.eu\/?post_type=product&#038;p=114273"},"modified":"2026-03-18T11:19:08","modified_gmt":"2026-03-18T09:19:08","slug":"the-air-korvarongad-still-hoop","status":"publish","type":"product","link":"https:\/\/www.talidesign.eu\/et\/pood\/toode\/the-air-korvarongad-still-hoop\/","title":{"rendered":"THE AIR K\u00f5rvar\u00f5ngad Still Hoop"},"content":{"rendered":"<p><strong>THE AIR K\u00f5rvar\u00f5ngad Still Hoop<\/strong><\/p>\n<p>Arhitektuuris j\u00e4etakse betoon sageli viimistlemata, et n\u00e4htavale j\u00e4\u00e4ksid selle loomulik tekstuur, valuj\u00e4ljed ja poorid. Sama p\u00f5him\u00f5te on aluseks ka STILL sarja ehetele, kus materjali olemust ja valmistusprotsessi ei varjata, vaid tuuakse esile.<\/p>\n<p>Ehted valmivad 3D-printimise teel, kus vorm kasvab kiht-kihi haaval. Need peened kihid j\u00e4\u00e4vad pinnal n\u00e4htavaks, moodustades rahuliku r\u00fctmi ja jutustades loo eseme valmimisest.<\/p>\n<p>Tulemuseks on betooni meenutav pind- rahulik, toores ja korrap\u00e4rane. V\u00e4ikesed ebatasasused ja vead ei ole siin puudused, vaid detailid, mis annavad igale ehtele oma iseloomu.<\/p>\n<p>\u2022 <a href=\"https:\/\/www.talidesign.eu\/et\/tootekategooria\/brandid\/kirju-co-et\/\">Br\u00e4nd KIRJU.CO<\/a><br \/>\n\u2022 Materjal: 925 h\u00f5be ja biop\u00f5hine PLA, mis koosneb taastuvatest looduslikest materjalidest nagu maisit\u00e4rklis v\u00f5i suhkruroog, betoonise pinna annab 40% ulatuses juurde lisatud taaskasutatud puit.<br \/>\n\u2022 Suurus: D20x7mm<br \/>\n\u2022 Disain: @kirjuco<\/p>\n<p><strong>Hooldus<\/strong><\/p>\n<p>\u2022 \u00c4ra painuta ehteid ega aseta nende peale raskeid esemeid.<br \/>\n\u2022 Pikaajaline kokkupuude otsese p\u00e4ikesevalgusega v\u00f5ib p\u00f5hjustada v\u00e4rvi tuhmumist.<br \/>\n\u2022 Eemalda ehe enne sauna v\u00f5i ujuma minekut.<br \/>\n\u2022 V\u00e4ldi kokkupuudet kemikaalidega (parf\u00fc\u00fcm, juukselakk, kreemid, puhastusvahendid jms).<br \/>\n\u2022 V\u00e4ldi tugevat mehaanilist h\u00f5\u00f5rumist.<br \/>\n\u2022 Puhastada \u00f5rnalt leige vee ja seebiga, kasutades pehmet mikrofiiberlappi.<br \/>\n\u2022 Hoia ehteid turvalises kohas.<\/p>\n<p><strong>THE AIR.<\/strong><\/p>\n<p>Kerge, minimalistlik, unisex- kollektsioon, mille vormikeel on teadlikult tasakaalustatud, et r\u00f5hutada kandja individuaalsust.<\/p>\n<p><a href=\"https:\/\/www.talidesign.eu\/et\/tootekategooria\/brandid\/kirju-co-et\/\"><img loading=\"lazy\" decoding=\"async\" src=\"https:\/\/www.talidesign.eu\/wp\/wp-content\/uploads\/2021\/03\/logo-1.jpg\" alt=\"\" width=\"500\" height=\"100\" class=\"alignnone size-full wp-image-24054\" \/><\/a><\/p>\n","protected":false},"excerpt":{"rendered":"<p><strong>THE AIR K\u00f5rvar\u00f5ngad Still Hoop<\/strong<strong>THE AIR Still Hoop<\/strong><\/p>\n<p>Arhitektuuris j\u00e4etakse betoon sageli viimistlemata, et n\u00e4htavale j\u00e4\u00e4ksid selle loomulik tekstuur, valuj\u00e4ljed ja poorid. Sama p\u00f5him\u00f5te on aluseks ka STILL sarja ehetele, kus materjali olemust ja valmistusprotsessi ei varjata, vaid tuuakse esile.<\/p>\n<p>Ehted valmivad 3D-printimise teel, kus vorm kasvab kiht-kihi haaval. Need peened kihid j\u00e4\u00e4vad pinnal n\u00e4htavaks, moodustades rahuliku r\u00fctmi ja jutustades loo eseme valmimisest.<\/p>\n<p>Tulemuseks on betooni meenutav pind- rahulik, toores ja korrap\u00e4rane. V\u00e4ikesed ebatasasused ja vead ei ole siin puudused, vaid detailid, mis annavad igale ehtele oma iseloomu.<\/p>\n<p>\u2022 <a href=\"https:\/\/www.talidesign.eu\/et\/tootekategooria\/brandid\/kirju-co-et\/\">Br\u00e4nd KIRJU.CO<\/a><br \/>\n\u2022 Materjal: 925 h\u00f5be ja biop\u00f5hine PLA, mis koosneb taastuvatest looduslikest materjalidest nagu maisit\u00e4rklis v\u00f5i suhkruroog, betoonise pinna annab 40% ulatuses juurde lisatud taaskasutatud puit.<br \/>\n\u2022 Suurus: D20x7mm<br \/>\n\u2022 Disain: @kirjuco<\/p>\n<p><strong>Hooldus<\/strong><\/p>\n<p>\u2022 \u00c4ra painuta ehteid ega aseta nende peale raskeid esemeid.<br \/>\n\u2022 Pikaajaline kokkupuude otsese p\u00e4ikesevalgusega v\u00f5ib p\u00f5hjustada v\u00e4rvi tuhmumist.<br \/>\n\u2022 Eemalda ehe enne sauna v\u00f5i ujuma minekut.<br \/>\n\u2022 V\u00e4ldi kokkupuudet kemikaalidega (parf\u00fc\u00fcm, juukselakk, kreemid, puhastusvahendid jms).<br \/>\n\u2022 V\u00e4ldi tugevat mehaanilist h\u00f5\u00f5rumist.<br \/>\n\u2022 Puhastada \u00f5rnalt leige vee ja seebiga, kasutades pehmet mikrofiiberlappi.<br \/>\n\u2022 Hoia ehteid turvalises kohas.<\/p>\n<p><strong>THE AIR.<\/strong><\/p>\n<p>Kerge, minimalistlik, unisex- kollektsioon, mille vormikeel on teadlikult tasakaalustatud, et r\u00f5hutada kandja individuaalsust.<\/p>\n<p><a href=\"https:\/\/www.talidesign.eu\/et\/tootekategooria\/brandid\/kirju-co-et\/\"><img loading=\"lazy\" decoding=\"async\" src=\"https:\/\/www.talidesign.eu\/wp\/wp-content\/uploads\/2021\/03\/logo-1.jpg\" alt=\"\" width=\"500\" height=\"100\" class=\"alignnone size-full wp-image-24054\" \/><\/a><\/p>\n<p>In architecture, concrete is often left unfinished so that its natural texture, casting marks, and pores remain visible. The STILL jewelry series follows the same principle: the nature of the material and the process of making it are not hidden, but deliberately revealed.<\/p>\n<p>The pieces are created through 3D printing, where each form grows layer by layer. These fine layers remain visible on the surface, forming a calm rhythm and telling the story of how the object came into being.<\/p>\n<p>The result is a surface reminiscent of concrete- calm, raw, and structured. Small irregularities and imperfections are not flaws, but details that give each piece its own unique character.<\/p>\n<p>\u2022 <a href=\"\/product-category\/designers\/kirju-co\/\">View more from KIRJU.CO<\/a><br \/>\n\u2022 Materials: 925 sterling silver and bio-based PLA derived from renewable natural resources such as cornstarch and sugarcane. The concrete-like surface is achieved by incorporating 40% recycled wood.<br \/>\n\u2022 Size: D20x7mm<br \/>\n\u2022 Designed by @kirjuco<br \/>\n\u2022 Comes in a gift box<\/p>\n<p><strong>Care<\/strong><\/p>\n<p>\u2022 Do not bend the jewellery or place heavy objects on top of it.<br \/>\n\u2022 Avoid prolonged exposure to direct sunlight, as this may cause the colour to fade over time.<br \/>\n\u2022 Remove your jewellery before using a sauna or going swimming.<br \/>\n\u2022 Avoid contact with chemicals such as perfume, hairspray, creams, or cleaning products.<br \/>\n\u2022 Avoid strong friction or rough handling.<br \/>\n\u2022 To clean, gently wash with lukewarm water and mild soap, then dry with a soft microfibre cloth.<br \/>\n\u2022 Store your jewellery in a safe place when not in use.<\/p>\n<p><strong>THE AIR.<\/strong><\/p>\n<p>Lightweight, minimalist, unisex jewelry collection with a thoughtfully balanced design that highlights the wearer\u2019s individuality.<\/p>\n<p><a href=\"\/product-category\/designers\/kirju-co\/\"><img loading=\"lazy\" decoding=\"async\" src=\"https:\/\/www.talidesign.eu\/wp\/wp-content\/uploads\/2021\/03\/logo-1.jpg\" alt=\"\" width=\"500\" height=\"100\" class=\"alignnone size-full wp-image-24054\" \/><\/a><\/p>\n","protected":false},"featured_media":114279,"template":"","meta":[],"product_brand":[],"product_cat":[1054,1152],"product_tag":[1254],"class_list":{"0":"post-114273","1":"product","2":"type-product","3":"status-publish","4":"has-post-thumbnail","6":"product_cat-kirju-co-et","7":"product_cat-kirju-co-korvarongad","8":"product_tag-kirju-jewellery-et","10":"first","11":"instock","12":"sale","13":"featured","14":"taxable","15":"shipping-taxable","16":"purchasable","17":"product-type-simple"},"yoast_head":"<!-- This site is optimized with the Yoast SEO plugin v27.4 - https:\/\/yoast.com\/product\/yoast-seo-wordpress\/ -->\n<title>THE AIR K\u00f5rvar\u00f5ngad Still Hoop - TALI Concept Store<\/title>\n<meta name=\"robots\" content=\"index, follow, max-snippet:-1, max-image-preview:large, max-video-preview:-1\" \/>\n<link rel=\"canonical\" href=\"https:\/\/www.talidesign.eu\/et\/pood\/toode\/the-air-korvarongad-still-hoop\/\" \/>\n<meta property=\"og:locale\" content=\"et_EE\" \/>\n<meta property=\"og:type\" content=\"article\" \/>\n<meta property=\"og:title\" content=\"THE AIR K\u00f5rvar\u00f5ngad Still Hoop - TALI Concept Store\" \/>\n<meta property=\"og:description\" content=\"THE AIR K\u00f5rvar\u00f5ngad Still Hoop\" \/>\n<meta property=\"og:url\" content=\"https:\/\/www.talidesign.eu\/et\/pood\/toode\/the-air-korvarongad-still-hoop\/\" \/>\n<meta property=\"og:site_name\" content=\"TALI Concept Store\" \/>\n<meta property=\"article:publisher\" content=\"https:\/\/www.facebook.com\/TaliDisain\/\" \/>\n<meta property=\"article:modified_time\" content=\"2026-03-18T09:19:08+00:00\" \/>\n<meta property=\"og:image\" content=\"https:\/\/www.talidesign.eu\/wp\/wp-content\/uploads\/2026\/03\/Still-Hoop-Earrings-scaled.jpg\" \/>\n\t<meta property=\"og:image:width\" content=\"2560\" \/>\n\t<meta property=\"og:image:height\" content=\"2560\" \/>\n\t<meta property=\"og:image:type\" content=\"image\/jpeg\" \/>\n<meta name=\"twitter:card\" content=\"summary_large_image\" \/>\n<meta name=\"twitter:label1\" content=\"Est. reading time\" \/>\n\t<meta name=\"twitter:data1\" content=\"2 minutes\" \/>\n<script type=\"application\/ld+json\" class=\"yoast-schema-graph\">{\"@context\":\"https:\\\/\\\/schema.org\",\"@graph\":[{\"@type\":\"WebPage\",\"@id\":\"https:\\\/\\\/www.talidesign.eu\\\/et\\\/pood\\\/toode\\\/the-air-korvarongad-still-hoop\\\/\",\"url\":\"https:\\\/\\\/www.talidesign.eu\\\/et\\\/pood\\\/toode\\\/the-air-korvarongad-still-hoop\\\/\",\"name\":\"THE AIR K\u00f5rvar\u00f5ngad Still Hoop - TALI Concept Store\",\"isPartOf\":{\"@id\":\"https:\\\/\\\/www.talidesign.eu\\\/et\\\/#website\"},\"primaryImageOfPage\":{\"@id\":\"https:\\\/\\\/www.talidesign.eu\\\/et\\\/pood\\\/toode\\\/the-air-korvarongad-still-hoop\\\/#primaryimage\"},\"image\":{\"@id\":\"https:\\\/\\\/www.talidesign.eu\\\/et\\\/pood\\\/toode\\\/the-air-korvarongad-still-hoop\\\/#primaryimage\"},\"thumbnailUrl\":\"https:\\\/\\\/www.talidesign.eu\\\/wp\\\/wp-content\\\/uploads\\\/2026\\\/03\\\/Still-Hoop-Earrings-scaled.jpg\",\"datePublished\":\"2026-03-10T21:19:29+00:00\",\"dateModified\":\"2026-03-18T09:19:08+00:00\",\"breadcrumb\":{\"@id\":\"https:\\\/\\\/www.talidesign.eu\\\/et\\\/pood\\\/toode\\\/the-air-korvarongad-still-hoop\\\/#breadcrumb\"},\"inLanguage\":\"et\",\"potentialAction\":[{\"@type\":\"ReadAction\",\"target\":[\"https:\\\/\\\/www.talidesign.eu\\\/et\\\/pood\\\/toode\\\/the-air-korvarongad-still-hoop\\\/\"]}]},{\"@type\":\"ImageObject\",\"inLanguage\":\"et\",\"@id\":\"https:\\\/\\\/www.talidesign.eu\\\/et\\\/pood\\\/toode\\\/the-air-korvarongad-still-hoop\\\/#primaryimage\",\"url\":\"https:\\\/\\\/www.talidesign.eu\\\/wp\\\/wp-content\\\/uploads\\\/2026\\\/03\\\/Still-Hoop-Earrings-scaled.jpg\",\"contentUrl\":\"https:\\\/\\\/www.talidesign.eu\\\/wp\\\/wp-content\\\/uploads\\\/2026\\\/03\\\/Still-Hoop-Earrings-scaled.jpg\",\"width\":2560,\"height\":2560},{\"@type\":\"BreadcrumbList\",\"@id\":\"https:\\\/\\\/www.talidesign.eu\\\/et\\\/pood\\\/toode\\\/the-air-korvarongad-still-hoop\\\/#breadcrumb\",\"itemListElement\":[{\"@type\":\"ListItem\",\"position\":1,\"name\":\"Avaleht\",\"item\":\"https:\\\/\\\/www.talidesign.eu\\\/et\\\/\"},{\"@type\":\"ListItem\",\"position\":2,\"name\":\"Pood\",\"item\":\"https:\\\/\\\/www.talidesign.eu\\\/et\\\/pood\\\/\"},{\"@type\":\"ListItem\",\"position\":3,\"name\":\"THE AIR K\u00f5rvar\u00f5ngad Still Hoop\"}]},{\"@type\":\"WebSite\",\"@id\":\"https:\\\/\\\/www.talidesign.eu\\\/et\\\/#website\",\"url\":\"https:\\\/\\\/www.talidesign.eu\\\/et\\\/\",\"name\":\"TALI Concept Store\",\"description\":\"Suurim Disainipood Eestis\",\"potentialAction\":[{\"@type\":\"SearchAction\",\"target\":{\"@type\":\"EntryPoint\",\"urlTemplate\":\"https:\\\/\\\/www.talidesign.eu\\\/et\\\/?s={search_term_string}\"},\"query-input\":{\"@type\":\"PropertyValueSpecification\",\"valueRequired\":true,\"valueName\":\"search_term_string\"}}],\"inLanguage\":\"et\"}]}<\/script>\n<!-- \/ Yoast SEO plugin. -->","yoast_head_json":{"title":"THE AIR K\u00f5rvar\u00f5ngad Still Hoop - TALI Concept Store","robots":{"index":"index","follow":"follow","max-snippet":"max-snippet:-1","max-image-preview":"max-image-preview:large","max-video-preview":"max-video-preview:-1"},"canonical":"https:\/\/www.talidesign.eu\/et\/pood\/toode\/the-air-korvarongad-still-hoop\/","og_locale":"et_EE","og_type":"article","og_title":"THE AIR K\u00f5rvar\u00f5ngad Still Hoop - TALI Concept Store","og_description":"THE AIR K\u00f5rvar\u00f5ngad Still Hoop","og_url":"https:\/\/www.talidesign.eu\/et\/pood\/toode\/the-air-korvarongad-still-hoop\/","og_site_name":"TALI Concept Store","article_publisher":"https:\/\/www.facebook.com\/TaliDisain\/","article_modified_time":"2026-03-18T09:19:08+00:00","og_image":[{"width":2560,"height":2560,"url":"https:\/\/www.talidesign.eu\/wp\/wp-content\/uploads\/2026\/03\/Still-Hoop-Earrings-scaled.jpg","type":"image\/jpeg"}],"twitter_card":"summary_large_image","twitter_misc":{"Est. reading time":"2 minutes"},"schema":{"@context":"https:\/\/schema.org","@graph":[{"@type":"WebPage","@id":"https:\/\/www.talidesign.eu\/et\/pood\/toode\/the-air-korvarongad-still-hoop\/","url":"https:\/\/www.talidesign.eu\/et\/pood\/toode\/the-air-korvarongad-still-hoop\/","name":"THE AIR K\u00f5rvar\u00f5ngad Still Hoop - TALI Concept Store","isPartOf":{"@id":"https:\/\/www.talidesign.eu\/et\/#website"},"primaryImageOfPage":{"@id":"https:\/\/www.talidesign.eu\/et\/pood\/toode\/the-air-korvarongad-still-hoop\/#primaryimage"},"image":{"@id":"https:\/\/www.talidesign.eu\/et\/pood\/toode\/the-air-korvarongad-still-hoop\/#primaryimage"},"thumbnailUrl":"https:\/\/www.talidesign.eu\/wp\/wp-content\/uploads\/2026\/03\/Still-Hoop-Earrings-scaled.jpg","datePublished":"2026-03-10T21:19:29+00:00","dateModified":"2026-03-18T09:19:08+00:00","breadcrumb":{"@id":"https:\/\/www.talidesign.eu\/et\/pood\/toode\/the-air-korvarongad-still-hoop\/#breadcrumb"},"inLanguage":"et","potentialAction":[{"@type":"ReadAction","target":["https:\/\/www.talidesign.eu\/et\/pood\/toode\/the-air-korvarongad-still-hoop\/"]}]},{"@type":"ImageObject","inLanguage":"et","@id":"https:\/\/www.talidesign.eu\/et\/pood\/toode\/the-air-korvarongad-still-hoop\/#primaryimage","url":"https:\/\/www.talidesign.eu\/wp\/wp-content\/uploads\/2026\/03\/Still-Hoop-Earrings-scaled.jpg","contentUrl":"https:\/\/www.talidesign.eu\/wp\/wp-content\/uploads\/2026\/03\/Still-Hoop-Earrings-scaled.jpg","width":2560,"height":2560},{"@type":"BreadcrumbList","@id":"https:\/\/www.talidesign.eu\/et\/pood\/toode\/the-air-korvarongad-still-hoop\/#breadcrumb","itemListElement":[{"@type":"ListItem","position":1,"name":"Avaleht","item":"https:\/\/www.talidesign.eu\/et\/"},{"@type":"ListItem","position":2,"name":"Pood","item":"https:\/\/www.talidesign.eu\/et\/pood\/"},{"@type":"ListItem","position":3,"name":"THE AIR K\u00f5rvar\u00f5ngad Still Hoop"}]},{"@type":"WebSite","@id":"https:\/\/www.talidesign.eu\/et\/#website","url":"https:\/\/www.talidesign.eu\/et\/","name":"TALI Concept Store","description":"Suurim Disainipood Eestis","potentialAction":[{"@type":"SearchAction","target":{"@type":"EntryPoint","urlTemplate":"https:\/\/www.talidesign.eu\/et\/?s={search_term_string}"},"query-input":{"@type":"PropertyValueSpecification","valueRequired":true,"valueName":"search_term_string"}}],"inLanguage":"et"}]}},"_links":{"self":[{"href":"https:\/\/www.talidesign.eu\/et\/wp-json\/wp\/v2\/product\/114273","targetHints":{"allow":["GET"]}}],"collection":[{"href":"https:\/\/www.talidesign.eu\/et\/wp-json\/wp\/v2\/product"}],"about":[{"href":"https:\/\/www.talidesign.eu\/et\/wp-json\/wp\/v2\/types\/product"}],"wp:featuredmedia":[{"embeddable":true,"href":"https:\/\/www.talidesign.eu\/et\/wp-json\/wp\/v2\/media\/114279"}],"wp:attachment":[{"href":"https:\/\/www.talidesign.eu\/et\/wp-json\/wp\/v2\/media?parent=114273"}],"wp:term":[{"taxonomy":"product_brand","embeddable":true,"href":"https:\/\/www.talidesign.eu\/et\/wp-json\/wp\/v2\/product_brand?post=114273"},{"taxonomy":"product_cat","embeddable":true,"href":"https:\/\/www.talidesign.eu\/et\/wp-json\/wp\/v2\/product_cat?post=114273"},{"taxonomy":"product_tag","embeddable":true,"href":"https:\/\/www.talidesign.eu\/et\/wp-json\/wp\/v2\/product_tag?post=114273"}],"curies":[{"name":"wp","href":"https:\/\/api.w.org\/{rel}","templated":true}]}}