{"id":114519,"date":"2026-03-11T23:00:10","date_gmt":"2026-03-11T21:00:10","guid":{"rendered":"https:\/\/www.talidesign.eu\/?post_type=product&#038;p=114519"},"modified":"2026-04-14T12:22:36","modified_gmt":"2026-04-14T09:22:36","slug":"the-air-apex-sormus-bold-must","status":"publish","type":"product","link":"https:\/\/www.talidesign.eu\/et\/pood\/toode\/the-air-apex-sormus-bold-must\/","title":{"rendered":"THE AIR Apex S\u00f5rmus Bold Must"},"content":{"rendered":"<p><strong>THE AIR Apex S\u00f5rmus Bold Must<\/strong><\/p>\n<p>Siksakiline pinnaviimistlus peegeldab teekonda l\u00e4bi kahtluste ja katsetuste- l\u00e4bi \u00f5ppimise, kasvamise ja vaiksete v\u00f5itude. <\/p>\n<p>Iga murdejoon meenutab, et t\u00f5eline ilu ei s\u00fcnni mugavusest, vaid julgusest liikuda edasi, j\u00e4\u00e4da kindlaks oma teele ka siis, kui see ei kulge sirgjooneliselt.<\/p>\n<p>\u00c4ra unusta peatuda ja nautida hetke, mil seisad tipus- enesekindlalt, \u00f5nnelikult, t\u00e4ielikult kohal.<\/p>\n<p>\u2022 <a href=\"https:\/\/www.talidesign.eu\/et\/tootekategooria\/brandid\/kirju-co-et\/\">Br\u00e4nd KIRJU.CO<\/a><br \/>\n\u2022 Materjal: Biop\u00f5hine PLA, mis koosneb taastuvatest looduslikest materjalidest nagu maisit\u00e4rklis v\u00f5i suhkruroog.<br \/>\n\u2022 Suurus: H17mm<br \/>\n\u2022 Disain: @kirjuco<\/p>\n<p><strong>Hooldus<\/strong><\/p>\n<p>\u2022 \u00c4ra painuta ehteid ega aseta nende peale raskeid esemeid.<br \/>\n\u2022 Pikaajaline kokkupuude otsese p\u00e4ikesevalgusega v\u00f5ib p\u00f5hjustada v\u00e4rvi tuhmumist.<br \/>\n\u2022 Eemalda ehe enne sauna v\u00f5i ujuma minekut.<br \/>\n\u2022 V\u00e4ldi kokkupuudet kemikaalidega (parf\u00fc\u00fcm, juukselakk, kreemid, puhastusvahendid jms).<br \/>\n\u2022 V\u00e4ldi tugevat mehaanilist h\u00f5\u00f5rumist.<br \/>\n\u2022 Puhastada \u00f5rnalt leige vee ja seebiga, kasutades pehmet mikrofiiberlappi.<br \/>\n\u2022 Hoia ehteid turvalises kohas.<\/p>\n<p><strong>THE AIR.<\/strong><\/p>\n<p>Kerge, minimalistlik, unisex- kollektsioon, mille vormikeel on teadlikult tasakaalustatud, et r\u00f5hutada kandja individuaalsust.<\/p>\n<p><a href=\"https:\/\/www.talidesign.eu\/et\/tootekategooria\/brandid\/kirju-co-et\/\"><img loading=\"lazy\" decoding=\"async\" src=\"https:\/\/www.talidesign.eu\/wp\/wp-content\/uploads\/2021\/03\/logo-1.jpg\" alt=\"\" width=\"500\" height=\"100\" class=\"alignnone size-full wp-image-24054\" \/><\/a><\/p>\n","protected":false},"excerpt":{"rendered":"<p><strong>THE AIR Apex S\u00f5rmus Bold Must<\/strong><\/p>\n<p>Siksakiline pinnaviimistlus peegeldab teekonda l\u00e4bi kahtluste ja katsetuste- l\u00e4bi \u00f5ppimise, kasvamise ja vaiksete v\u00f5itude. <\/p>\n<p>Iga murdejoon meenutab, et t\u00f5eline ilu ei s\u00fcnni mugavusest, vaid julgusest liikuda edasi, j\u00e4\u00e4da kindlaks oma teele ka siis, kui see ei kulge sirgjooneliselt.<\/p>\n<p>\u00c4ra unusta peatuda ja nautida hetke, mil seisad tipus- enesekindlalt, \u00f5nnelikult, t\u00e4ielikult kohal.<\/p>\n<p>\u2022 <a href=\"https:\/\/www.talidesign.eu\/et\/tootekategooria\/brandid\/kirju-co-et\/\">Br\u00e4nd KIRJU.CO<\/a><br \/>\n\u2022 Materjal: Biop\u00f5hine PLA, mis koosneb taastuvatest looduslikest materjalidest nagu maisit\u00e4rklis v\u00f5i suhkruroog.<br \/>\n\u2022 Suurus: H17mm<br \/>\n\u2022 Disain: @kirjuco<\/p>\n<p><strong>Hooldus<\/strong><\/p>\n<p>\u2022 \u00c4ra painuta ehteid ega aseta nende peale raskeid esemeid.<br \/>\n\u2022 Pikaajaline kokkupuude otsese p\u00e4ikesevalgusega v\u00f5ib p\u00f5hjustada v\u00e4rvi tuhmumist.<br \/>\n\u2022 Eemalda ehe enne sauna v\u00f5i ujuma minekut.<br \/>\n\u2022 V\u00e4ldi kokkupuudet kemikaalidega (parf\u00fc\u00fcm, juukselakk, kreemid, puhastusvahendid jms).<br \/>\n\u2022 V\u00e4ldi tugevat mehaanilist h\u00f5\u00f5rumist.<br \/>\n\u2022 Puhastada \u00f5rnalt leige vee ja seebiga, kasutades pehmet mikrofiiberlappi.<br \/>\n\u2022 Hoia ehteid turvalises kohas.<\/p>\n<p><strong>THE AIR.<\/strong><\/p>\n<p>Kerge, minimalistlik, unisex- kollektsioon, mille vormikeel on teadlikult tasakaalustatud, et r\u00f5hutada kandja individuaalsust.<\/p>\n<p><a href=\"https:\/\/www.talidesign.eu\/et\/tootekategooria\/brandid\/kirju-co-et\/\"><img loading=\"lazy\" decoding=\"async\" src=\"https:\/\/www.talidesign.eu\/wp\/wp-content\/uploads\/2021\/03\/logo-1.jpg\" alt=\"\" width=\"500\" height=\"100\" class=\"alignnone size-full wp-image-24054\" \/><\/a><\/p>\n","protected":false},"featured_media":114529,"template":"","meta":[],"product_brand":[],"product_cat":[1054,1168],"product_tag":[1254],"class_list":{"0":"post-114519","1":"product","2":"type-product","3":"status-publish","4":"has-post-thumbnail","6":"product_cat-kirju-co-et","7":"product_cat-sormused","8":"product_tag-kirju-jewellery-et","10":"first","11":"instock","12":"sale","13":"featured","14":"taxable","15":"shipping-taxable","16":"purchasable","17":"product-type-variable"},"yoast_head":"<!-- This site is optimized with the Yoast SEO plugin v27.4 - https:\/\/yoast.com\/product\/yoast-seo-wordpress\/ -->\n<title>THE AIR Apex S\u00f5rmus Bold Must - TALI Concept Store<\/title>\n<meta name=\"robots\" content=\"index, follow, max-snippet:-1, max-image-preview:large, max-video-preview:-1\" \/>\n<link rel=\"canonical\" href=\"https:\/\/www.talidesign.eu\/et\/pood\/toode\/the-air-apex-sormus-bold-must\/\" \/>\n<meta property=\"og:locale\" content=\"et_EE\" \/>\n<meta property=\"og:type\" content=\"article\" \/>\n<meta property=\"og:title\" content=\"THE AIR Apex S\u00f5rmus Bold Must - TALI Concept Store\" \/>\n<meta property=\"og:description\" content=\"THE AIR Apex S\u00f5rmus Bold Must  Siksakiline pinnaviimistlus peegeldab teekonda l\u00e4bi kahtluste ja katsetuste- l\u00e4bi \u00f5ppimise, kasvamise ja vaiksete v\u00f5itude.   Iga murdejoon meenutab, et t\u00f5eline ilu ei s\u00fcnni mugavusest, vaid julgusest liikuda edasi, j\u00e4\u00e4da kindlaks oma teele ka siis, kui see ei kulge sirgjooneliselt.  \u00c4ra unusta peatuda ja nautida hetke, mil seisad tipus- enesekindlalt, \u00f5nnelikult, t\u00e4ielikult kohal.  \u2022 Br\u00e4nd KIRJU.CO \u2022 Materjal: Biop\u00f5hine PLA, mis koosneb taastuvatest looduslikest materjalidest nagu maisit\u00e4rklis v\u00f5i suhkruroog. \u2022 Suurus: H17mm \u2022 Disain: @kirjuco  Hooldus  \u2022 \u00c4ra painuta ehteid ega aseta nende peale raskeid esemeid. \u2022 Pikaajaline kokkupuude otsese p\u00e4ikesevalgusega v\u00f5ib p\u00f5hjustada v\u00e4rvi tuhmumist.  \u2022 Eemalda ehe enne sauna v\u00f5i ujuma minekut. \u2022 V\u00e4ldi kokkupuudet kemikaalidega (parf\u00fc\u00fcm, juukselakk, kreemid, puhastusvahendid jms). \u2022 V\u00e4ldi tugevat mehaanilist h\u00f5\u00f5rumist. \u2022 Puhastada \u00f5rnalt leige vee ja seebiga, kasutades pehmet mikrofiiberlappi.  \u2022 Hoia ehteid turvalises kohas.  THE AIR.  Kerge, minimalistlik, unisex- kollektsioon, mille vormikeel on teadlikult tasakaalustatud, et r\u00f5hutada kandja individuaalsust.\" \/>\n<meta property=\"og:url\" content=\"https:\/\/www.talidesign.eu\/et\/pood\/toode\/the-air-apex-sormus-bold-must\/\" \/>\n<meta property=\"og:site_name\" content=\"TALI Concept Store\" \/>\n<meta property=\"article:publisher\" content=\"https:\/\/www.facebook.com\/TaliDisain\/\" \/>\n<meta property=\"article:modified_time\" content=\"2026-04-14T09:22:36+00:00\" \/>\n<meta property=\"og:image\" content=\"https:\/\/www.talidesign.eu\/wp\/wp-content\/uploads\/2026\/03\/Apex-Ring-Bold_B.jpg\" \/>\n\t<meta property=\"og:image:width\" content=\"1024\" \/>\n\t<meta property=\"og:image:height\" content=\"1024\" \/>\n\t<meta property=\"og:image:type\" content=\"image\/jpeg\" \/>\n<meta name=\"twitter:card\" content=\"summary_large_image\" \/>\n<meta name=\"twitter:label1\" content=\"Est. reading time\" \/>\n\t<meta name=\"twitter:data1\" content=\"2 minutes\" \/>\n<script type=\"application\/ld+json\" class=\"yoast-schema-graph\">{\"@context\":\"https:\\\/\\\/schema.org\",\"@graph\":[{\"@type\":\"WebPage\",\"@id\":\"https:\\\/\\\/www.talidesign.eu\\\/et\\\/pood\\\/toode\\\/the-air-apex-sormus-bold-must\\\/\",\"url\":\"https:\\\/\\\/www.talidesign.eu\\\/et\\\/pood\\\/toode\\\/the-air-apex-sormus-bold-must\\\/\",\"name\":\"THE AIR Apex S\u00f5rmus Bold Must - TALI Concept Store\",\"isPartOf\":{\"@id\":\"https:\\\/\\\/www.talidesign.eu\\\/et\\\/#website\"},\"primaryImageOfPage\":{\"@id\":\"https:\\\/\\\/www.talidesign.eu\\\/et\\\/pood\\\/toode\\\/the-air-apex-sormus-bold-must\\\/#primaryimage\"},\"image\":{\"@id\":\"https:\\\/\\\/www.talidesign.eu\\\/et\\\/pood\\\/toode\\\/the-air-apex-sormus-bold-must\\\/#primaryimage\"},\"thumbnailUrl\":\"https:\\\/\\\/www.talidesign.eu\\\/wp\\\/wp-content\\\/uploads\\\/2026\\\/03\\\/Apex-Ring-Bold_B.jpg\",\"datePublished\":\"2026-03-11T21:00:10+00:00\",\"dateModified\":\"2026-04-14T09:22:36+00:00\",\"breadcrumb\":{\"@id\":\"https:\\\/\\\/www.talidesign.eu\\\/et\\\/pood\\\/toode\\\/the-air-apex-sormus-bold-must\\\/#breadcrumb\"},\"inLanguage\":\"et\",\"potentialAction\":[{\"@type\":\"ReadAction\",\"target\":[\"https:\\\/\\\/www.talidesign.eu\\\/et\\\/pood\\\/toode\\\/the-air-apex-sormus-bold-must\\\/\"]}]},{\"@type\":\"ImageObject\",\"inLanguage\":\"et\",\"@id\":\"https:\\\/\\\/www.talidesign.eu\\\/et\\\/pood\\\/toode\\\/the-air-apex-sormus-bold-must\\\/#primaryimage\",\"url\":\"https:\\\/\\\/www.talidesign.eu\\\/wp\\\/wp-content\\\/uploads\\\/2026\\\/03\\\/Apex-Ring-Bold_B.jpg\",\"contentUrl\":\"https:\\\/\\\/www.talidesign.eu\\\/wp\\\/wp-content\\\/uploads\\\/2026\\\/03\\\/Apex-Ring-Bold_B.jpg\",\"width\":1024,\"height\":1024},{\"@type\":\"BreadcrumbList\",\"@id\":\"https:\\\/\\\/www.talidesign.eu\\\/et\\\/pood\\\/toode\\\/the-air-apex-sormus-bold-must\\\/#breadcrumb\",\"itemListElement\":[{\"@type\":\"ListItem\",\"position\":1,\"name\":\"Avaleht\",\"item\":\"https:\\\/\\\/www.talidesign.eu\\\/et\\\/\"},{\"@type\":\"ListItem\",\"position\":2,\"name\":\"Pood\",\"item\":\"https:\\\/\\\/www.talidesign.eu\\\/et\\\/pood\\\/\"},{\"@type\":\"ListItem\",\"position\":3,\"name\":\"THE AIR Apex S\u00f5rmus Bold Must\"}]},{\"@type\":\"WebSite\",\"@id\":\"https:\\\/\\\/www.talidesign.eu\\\/et\\\/#website\",\"url\":\"https:\\\/\\\/www.talidesign.eu\\\/et\\\/\",\"name\":\"TALI Concept Store\",\"description\":\"Suurim Disainipood Eestis\",\"potentialAction\":[{\"@type\":\"SearchAction\",\"target\":{\"@type\":\"EntryPoint\",\"urlTemplate\":\"https:\\\/\\\/www.talidesign.eu\\\/et\\\/?s={search_term_string}\"},\"query-input\":{\"@type\":\"PropertyValueSpecification\",\"valueRequired\":true,\"valueName\":\"search_term_string\"}}],\"inLanguage\":\"et\"}]}<\/script>\n<!-- \/ Yoast SEO plugin. -->","yoast_head_json":{"title":"THE AIR Apex S\u00f5rmus Bold Must - TALI Concept Store","robots":{"index":"index","follow":"follow","max-snippet":"max-snippet:-1","max-image-preview":"max-image-preview:large","max-video-preview":"max-video-preview:-1"},"canonical":"https:\/\/www.talidesign.eu\/et\/pood\/toode\/the-air-apex-sormus-bold-must\/","og_locale":"et_EE","og_type":"article","og_title":"THE AIR Apex S\u00f5rmus Bold Must - TALI Concept Store","og_description":"THE AIR Apex S\u00f5rmus Bold Must  Siksakiline pinnaviimistlus peegeldab teekonda l\u00e4bi kahtluste ja katsetuste- l\u00e4bi \u00f5ppimise, kasvamise ja vaiksete v\u00f5itude.   Iga murdejoon meenutab, et t\u00f5eline ilu ei s\u00fcnni mugavusest, vaid julgusest liikuda edasi, j\u00e4\u00e4da kindlaks oma teele ka siis, kui see ei kulge sirgjooneliselt.  \u00c4ra unusta peatuda ja nautida hetke, mil seisad tipus- enesekindlalt, \u00f5nnelikult, t\u00e4ielikult kohal.  \u2022 Br\u00e4nd KIRJU.CO \u2022 Materjal: Biop\u00f5hine PLA, mis koosneb taastuvatest looduslikest materjalidest nagu maisit\u00e4rklis v\u00f5i suhkruroog. \u2022 Suurus: H17mm \u2022 Disain: @kirjuco  Hooldus  \u2022 \u00c4ra painuta ehteid ega aseta nende peale raskeid esemeid. \u2022 Pikaajaline kokkupuude otsese p\u00e4ikesevalgusega v\u00f5ib p\u00f5hjustada v\u00e4rvi tuhmumist.  \u2022 Eemalda ehe enne sauna v\u00f5i ujuma minekut. \u2022 V\u00e4ldi kokkupuudet kemikaalidega (parf\u00fc\u00fcm, juukselakk, kreemid, puhastusvahendid jms). \u2022 V\u00e4ldi tugevat mehaanilist h\u00f5\u00f5rumist. \u2022 Puhastada \u00f5rnalt leige vee ja seebiga, kasutades pehmet mikrofiiberlappi.  \u2022 Hoia ehteid turvalises kohas.  THE AIR.  Kerge, minimalistlik, unisex- kollektsioon, mille vormikeel on teadlikult tasakaalustatud, et r\u00f5hutada kandja individuaalsust.","og_url":"https:\/\/www.talidesign.eu\/et\/pood\/toode\/the-air-apex-sormus-bold-must\/","og_site_name":"TALI Concept Store","article_publisher":"https:\/\/www.facebook.com\/TaliDisain\/","article_modified_time":"2026-04-14T09:22:36+00:00","og_image":[{"width":1024,"height":1024,"url":"https:\/\/www.talidesign.eu\/wp\/wp-content\/uploads\/2026\/03\/Apex-Ring-Bold_B.jpg","type":"image\/jpeg"}],"twitter_card":"summary_large_image","twitter_misc":{"Est. reading time":"2 minutes"},"schema":{"@context":"https:\/\/schema.org","@graph":[{"@type":"WebPage","@id":"https:\/\/www.talidesign.eu\/et\/pood\/toode\/the-air-apex-sormus-bold-must\/","url":"https:\/\/www.talidesign.eu\/et\/pood\/toode\/the-air-apex-sormus-bold-must\/","name":"THE AIR Apex S\u00f5rmus Bold Must - TALI Concept Store","isPartOf":{"@id":"https:\/\/www.talidesign.eu\/et\/#website"},"primaryImageOfPage":{"@id":"https:\/\/www.talidesign.eu\/et\/pood\/toode\/the-air-apex-sormus-bold-must\/#primaryimage"},"image":{"@id":"https:\/\/www.talidesign.eu\/et\/pood\/toode\/the-air-apex-sormus-bold-must\/#primaryimage"},"thumbnailUrl":"https:\/\/www.talidesign.eu\/wp\/wp-content\/uploads\/2026\/03\/Apex-Ring-Bold_B.jpg","datePublished":"2026-03-11T21:00:10+00:00","dateModified":"2026-04-14T09:22:36+00:00","breadcrumb":{"@id":"https:\/\/www.talidesign.eu\/et\/pood\/toode\/the-air-apex-sormus-bold-must\/#breadcrumb"},"inLanguage":"et","potentialAction":[{"@type":"ReadAction","target":["https:\/\/www.talidesign.eu\/et\/pood\/toode\/the-air-apex-sormus-bold-must\/"]}]},{"@type":"ImageObject","inLanguage":"et","@id":"https:\/\/www.talidesign.eu\/et\/pood\/toode\/the-air-apex-sormus-bold-must\/#primaryimage","url":"https:\/\/www.talidesign.eu\/wp\/wp-content\/uploads\/2026\/03\/Apex-Ring-Bold_B.jpg","contentUrl":"https:\/\/www.talidesign.eu\/wp\/wp-content\/uploads\/2026\/03\/Apex-Ring-Bold_B.jpg","width":1024,"height":1024},{"@type":"BreadcrumbList","@id":"https:\/\/www.talidesign.eu\/et\/pood\/toode\/the-air-apex-sormus-bold-must\/#breadcrumb","itemListElement":[{"@type":"ListItem","position":1,"name":"Avaleht","item":"https:\/\/www.talidesign.eu\/et\/"},{"@type":"ListItem","position":2,"name":"Pood","item":"https:\/\/www.talidesign.eu\/et\/pood\/"},{"@type":"ListItem","position":3,"name":"THE AIR Apex S\u00f5rmus Bold Must"}]},{"@type":"WebSite","@id":"https:\/\/www.talidesign.eu\/et\/#website","url":"https:\/\/www.talidesign.eu\/et\/","name":"TALI Concept Store","description":"Suurim Disainipood Eestis","potentialAction":[{"@type":"SearchAction","target":{"@type":"EntryPoint","urlTemplate":"https:\/\/www.talidesign.eu\/et\/?s={search_term_string}"},"query-input":{"@type":"PropertyValueSpecification","valueRequired":true,"valueName":"search_term_string"}}],"inLanguage":"et"}]}},"_links":{"self":[{"href":"https:\/\/www.talidesign.eu\/et\/wp-json\/wp\/v2\/product\/114519","targetHints":{"allow":["GET"]}}],"collection":[{"href":"https:\/\/www.talidesign.eu\/et\/wp-json\/wp\/v2\/product"}],"about":[{"href":"https:\/\/www.talidesign.eu\/et\/wp-json\/wp\/v2\/types\/product"}],"wp:featuredmedia":[{"embeddable":true,"href":"https:\/\/www.talidesign.eu\/et\/wp-json\/wp\/v2\/media\/114529"}],"wp:attachment":[{"href":"https:\/\/www.talidesign.eu\/et\/wp-json\/wp\/v2\/media?parent=114519"}],"wp:term":[{"taxonomy":"product_brand","embeddable":true,"href":"https:\/\/www.talidesign.eu\/et\/wp-json\/wp\/v2\/product_brand?post=114519"},{"taxonomy":"product_cat","embeddable":true,"href":"https:\/\/www.talidesign.eu\/et\/wp-json\/wp\/v2\/product_cat?post=114519"},{"taxonomy":"product_tag","embeddable":true,"href":"https:\/\/www.talidesign.eu\/et\/wp-json\/wp\/v2\/product_tag?post=114519"}],"curies":[{"name":"wp","href":"https:\/\/api.w.org\/{rel}","templated":true}]}}