{"id":114716,"date":"2026-03-17T09:23:10","date_gmt":"2026-03-17T07:23:10","guid":{"rendered":"https:\/\/www.talidesign.eu\/?post_type=product&#038;p=114716"},"modified":"2026-03-22T11:36:02","modified_gmt":"2026-03-22T09:36:02","slug":"meller-eco-oba-paikeseprillid-chocolate-kakao","status":"publish","type":"product","link":"https:\/\/www.talidesign.eu\/et\/pood\/toode\/meller-eco-oba-paikeseprillid-chocolate-kakao\/","title":{"rendered":"Meller Eco Oba p\u00e4ikeseprillid Chocolate Kakao"},"content":{"rendered":"<p><strong>Eco Oba p\u00e4ikeseprillid Chocolate Kakao<\/strong><\/p>\n<p>Oba p\u00e4ikeseprillid \u00fchendavad elegantsi ja lihtsuse peene servaga ovaalse raamiga.<br \/>\nAjatu siluett on saanud modernse t\u00f5lgenduse \u2013 ideaalne neile, kes hindavad puhta joonega, kuid iseloomuga disaini.<\/p>\n<p>Milleks Eco?<\/p>\n<p>Meller toob turule uue biop\u00f5histe prillide sarja, mis pakub keskkonnas\u00f5bralikumat alternatiivi, v\u00e4hendades mittes\u00e4\u00e4stlike plastide kasutamist. Raamid on valmistatud 45% looduslikest materjalidest, mis v\u00e4hendab fossiilsete materjalide kasutamist ja s\u00fcsinikdioksiidi heitkoguseid.<\/p>\n<p>\u2022 UV-kaitse UV400: 3. kategooria<br \/>\n\u2022 L\u00e4\u00e4ts: Saksa Tac polariseeritud, kriimustusvastane, super hydrfobic film<br \/>\n\u2022 Materjal: Bio-based G850<br \/>\n\u2022 M\u00f5\u00f5dud: laius 140 mm, k\u00f5rgus 38 mm, sangade pikkus 145 mm<br \/>\n\u2022 <a href=\"https:\/\/www.talidesign.eu\/et\/tootekategooria\/brandid\/meller-et\/\">Br\u00e4nd Meller<\/a><\/p>\n<p>Ideaalne tasakaal mugavuse ja vastupidavuse vahel.<\/p>\n<p><strong>Br\u00e4ndist<\/strong><\/p>\n<p>Aastal 2014 asutasid Sergi Benet, Borja Nadal ja Marco Grandi Meller br\u00e4ndi.<\/p>\n<p>Alguses m\u00fc\u00fcsid nad oma tooteid garaa\u017eist&#8230; t\u00e4naseks on Mellerist saanud \u00fcks m\u00f5jukamaid kaubam\u00e4rke ravhusvahelisel areenil.<\/p>\n<p><a href=\"https:\/\/www.talidesign.eu\/et\/tootekategooria\/brandid\/meller-et\/\"><img loading=\"lazy\" decoding=\"async\" src=\"https:\/\/www.talidesign.eu\/wp\/wp-content\/uploads\/2021\/07\/meller-1.jpg\" alt=\"\" width=\"400\" height=\"100\" class=\"alignnone size-full wp-image-31744\" \/><\/a><\/p>\n","protected":false},"excerpt":{"rendered":"<p><strong>Eco Oba p\u00e4ikeseprillid Chocolate Kakao<\/strong><\/p>\n<p>Oba p\u00e4ikeseprillid \u00fchendavad elegantsi ja lihtsuse peene servaga ovaalse raamiga.<br \/>\nAjatu siluett on saanud modernse t\u00f5lgenduse \u2013 ideaalne neile, kes hindavad puhta joonega, kuid iseloomuga disaini.<\/p>\n<p>Milleks Eco?<\/p>\n<p>Meller toob turule uue biop\u00f5histe prillide sarja, mis pakub keskkonnas\u00f5bralikumat alternatiivi, v\u00e4hendades mittes\u00e4\u00e4stlike plastide kasutamist. Raamid on valmistatud 45% looduslikest materjalidest, mis v\u00e4hendab fossiilsete materjalide kasutamist ja s\u00fcsinikdioksiidi heitkoguseid.<\/p>\n<p>\u2022 UV-kaitse UV400: 3. kategooria<br \/>\n\u2022 L\u00e4\u00e4ts: Saksa Tac polariseeritud, kriimustusvastane, super hydrfobic film<br \/>\n\u2022 Materjal: Bio-based G850<br \/>\n\u2022 M\u00f5\u00f5dud: laius 140 mm, k\u00f5rgus 38 mm, sangade pikkus 145 mm<br \/>\n\u2022 <a href=\"https:\/\/www.talidesign.eu\/et\/tootekategooria\/brandid\/meller-et\/\">Br\u00e4nd Meller<\/a><\/p>\n<p>Ideaalne tasakaal mugavuse ja vastupidavuse vahel.<\/p>\n<p><strong>Br\u00e4ndist<\/strong><\/p>\n<p>Aastal 2014 asutasid Sergi Benet, Borja Nadal ja Marco Grandi Meller br\u00e4ndi.<\/p>\n<p>Alguses m\u00fc\u00fcsid nad oma tooteid garaa\u017eist&#8230; t\u00e4naseks on Mellerist saanud \u00fcks m\u00f5jukamaid kaubam\u00e4rke ravhusvahelisel areenil.<\/p>\n<p><a href=\"https:\/\/www.talidesign.eu\/et\/tootekategooria\/brandid\/meller-et\/\"><img loading=\"lazy\" decoding=\"async\" src=\"https:\/\/www.talidesign.eu\/wp\/wp-content\/uploads\/2021\/07\/meller-1.jpg\" alt=\"\" width=\"400\" height=\"100\" class=\"alignnone size-full wp-image-31744\" \/><\/a><\/p>\n","protected":false},"featured_media":114722,"template":"","meta":[],"product_brand":[],"product_cat":[1026,1067,1173,1128],"product_tag":[1750],"class_list":{"0":"post-114716","1":"product","2":"type-product","3":"status-publish","4":"has-post-thumbnail","6":"product_cat-brandid","7":"product_cat-meller-et","8":"product_cat-paikeseprillid","9":"product_cat-meeste-paikeseprillid","10":"product_tag-meller-et","12":"first","13":"outofstock","14":"sale","15":"taxable","16":"shipping-taxable","17":"purchasable","18":"product-type-simple"},"yoast_head":"<!-- This site is optimized with the Yoast SEO plugin v27.5 - https:\/\/yoast.com\/product\/yoast-seo-wordpress\/ -->\n<title>Meller Eco Oba p\u00e4ikeseprillid Chocolate Kakao - TALI Concept Store<\/title>\n<meta name=\"robots\" content=\"index, follow, max-snippet:-1, max-image-preview:large, max-video-preview:-1\" \/>\n<link rel=\"canonical\" href=\"https:\/\/www.talidesign.eu\/et\/pood\/toode\/meller-eco-oba-paikeseprillid-chocolate-kakao\/\" \/>\n<meta property=\"og:locale\" content=\"et_EE\" \/>\n<meta property=\"og:type\" content=\"article\" \/>\n<meta property=\"og:title\" content=\"Meller Eco Oba p\u00e4ikeseprillid Chocolate Kakao - TALI Concept Store\" \/>\n<meta property=\"og:description\" content=\"Eco Oba p\u00e4ikeseprillid Chocolate Kakao  Oba p\u00e4ikeseprillid \u00fchendavad elegantsi ja lihtsuse peene servaga ovaalse raamiga. Ajatu siluett on saanud modernse t\u00f5lgenduse \u2013 ideaalne neile, kes hindavad puhta joonega, kuid iseloomuga disaini.  Milleks Eco?  Meller toob turule uue biop\u00f5histe prillide sarja, mis pakub keskkonnas\u00f5bralikumat alternatiivi, v\u00e4hendades mittes\u00e4\u00e4stlike plastide kasutamist. Raamid on valmistatud 45% looduslikest materjalidest, mis v\u00e4hendab fossiilsete materjalide kasutamist ja s\u00fcsinikdioksiidi heitkoguseid.  \u2022 UV-kaitse UV400: 3. kategooria \u2022 L\u00e4\u00e4ts: Saksa Tac polariseeritud, kriimustusvastane, super hydrfobic film \u2022 Materjal: Bio-based G850 \u2022 M\u00f5\u00f5dud: laius 140 mm, k\u00f5rgus 38 mm, sangade pikkus 145 mm \u2022 Br\u00e4nd Meller  Ideaalne tasakaal mugavuse ja vastupidavuse vahel.  Br\u00e4ndist  Aastal 2014 asutasid Sergi Benet, Borja Nadal ja Marco Grandi Meller br\u00e4ndi.  Alguses m\u00fc\u00fcsid nad oma tooteid garaa\u017eist... t\u00e4naseks on Mellerist saanud \u00fcks m\u00f5jukamaid kaubam\u00e4rke ravhusvahelisel areenil.\" \/>\n<meta property=\"og:url\" content=\"https:\/\/www.talidesign.eu\/et\/pood\/toode\/meller-eco-oba-paikeseprillid-chocolate-kakao\/\" \/>\n<meta property=\"og:site_name\" content=\"TALI Concept Store\" \/>\n<meta property=\"article:publisher\" content=\"https:\/\/www.facebook.com\/TaliDisain\/\" \/>\n<meta property=\"article:modified_time\" content=\"2026-03-22T09:36:02+00:00\" \/>\n<meta property=\"og:image\" content=\"https:\/\/www.talidesign.eu\/wp\/wp-content\/uploads\/2026\/03\/meller-oba-ifu-chocolate-kakao3.jpg\" \/>\n\t<meta property=\"og:image:width\" content=\"1300\" \/>\n\t<meta property=\"og:image:height\" content=\"1300\" \/>\n\t<meta property=\"og:image:type\" content=\"image\/jpeg\" \/>\n<meta name=\"twitter:card\" content=\"summary_large_image\" \/>\n<meta name=\"twitter:label1\" content=\"Est. reading time\" \/>\n\t<meta name=\"twitter:data1\" content=\"1 minute\" \/>\n<script type=\"application\/ld+json\" class=\"yoast-schema-graph\">{\"@context\":\"https:\\\/\\\/schema.org\",\"@graph\":[{\"@type\":\"WebPage\",\"@id\":\"https:\\\/\\\/www.talidesign.eu\\\/et\\\/pood\\\/toode\\\/meller-eco-oba-paikeseprillid-chocolate-kakao\\\/\",\"url\":\"https:\\\/\\\/www.talidesign.eu\\\/et\\\/pood\\\/toode\\\/meller-eco-oba-paikeseprillid-chocolate-kakao\\\/\",\"name\":\"Meller Eco Oba p\u00e4ikeseprillid Chocolate Kakao - TALI Concept Store\",\"isPartOf\":{\"@id\":\"https:\\\/\\\/www.talidesign.eu\\\/et\\\/#website\"},\"primaryImageOfPage\":{\"@id\":\"https:\\\/\\\/www.talidesign.eu\\\/et\\\/pood\\\/toode\\\/meller-eco-oba-paikeseprillid-chocolate-kakao\\\/#primaryimage\"},\"image\":{\"@id\":\"https:\\\/\\\/www.talidesign.eu\\\/et\\\/pood\\\/toode\\\/meller-eco-oba-paikeseprillid-chocolate-kakao\\\/#primaryimage\"},\"thumbnailUrl\":\"https:\\\/\\\/www.talidesign.eu\\\/wp\\\/wp-content\\\/uploads\\\/2026\\\/03\\\/meller-oba-ifu-chocolate-kakao3.jpg\",\"datePublished\":\"2026-03-17T07:23:10+00:00\",\"dateModified\":\"2026-03-22T09:36:02+00:00\",\"breadcrumb\":{\"@id\":\"https:\\\/\\\/www.talidesign.eu\\\/et\\\/pood\\\/toode\\\/meller-eco-oba-paikeseprillid-chocolate-kakao\\\/#breadcrumb\"},\"inLanguage\":\"et\",\"potentialAction\":[{\"@type\":\"ReadAction\",\"target\":[\"https:\\\/\\\/www.talidesign.eu\\\/et\\\/pood\\\/toode\\\/meller-eco-oba-paikeseprillid-chocolate-kakao\\\/\"]}]},{\"@type\":\"ImageObject\",\"inLanguage\":\"et\",\"@id\":\"https:\\\/\\\/www.talidesign.eu\\\/et\\\/pood\\\/toode\\\/meller-eco-oba-paikeseprillid-chocolate-kakao\\\/#primaryimage\",\"url\":\"https:\\\/\\\/www.talidesign.eu\\\/wp\\\/wp-content\\\/uploads\\\/2026\\\/03\\\/meller-oba-ifu-chocolate-kakao3.jpg\",\"contentUrl\":\"https:\\\/\\\/www.talidesign.eu\\\/wp\\\/wp-content\\\/uploads\\\/2026\\\/03\\\/meller-oba-ifu-chocolate-kakao3.jpg\",\"width\":1300,\"height\":1300},{\"@type\":\"BreadcrumbList\",\"@id\":\"https:\\\/\\\/www.talidesign.eu\\\/et\\\/pood\\\/toode\\\/meller-eco-oba-paikeseprillid-chocolate-kakao\\\/#breadcrumb\",\"itemListElement\":[{\"@type\":\"ListItem\",\"position\":1,\"name\":\"Avaleht\",\"item\":\"https:\\\/\\\/www.talidesign.eu\\\/et\\\/\"},{\"@type\":\"ListItem\",\"position\":2,\"name\":\"Pood\",\"item\":\"https:\\\/\\\/www.talidesign.eu\\\/et\\\/pood\\\/\"},{\"@type\":\"ListItem\",\"position\":3,\"name\":\"Meller Eco Oba p\u00e4ikeseprillid Chocolate Kakao\"}]},{\"@type\":\"WebSite\",\"@id\":\"https:\\\/\\\/www.talidesign.eu\\\/et\\\/#website\",\"url\":\"https:\\\/\\\/www.talidesign.eu\\\/et\\\/\",\"name\":\"TALI Concept Store\",\"description\":\"Suurim Disainipood Eestis\",\"potentialAction\":[{\"@type\":\"SearchAction\",\"target\":{\"@type\":\"EntryPoint\",\"urlTemplate\":\"https:\\\/\\\/www.talidesign.eu\\\/et\\\/?s={search_term_string}\"},\"query-input\":{\"@type\":\"PropertyValueSpecification\",\"valueRequired\":true,\"valueName\":\"search_term_string\"}}],\"inLanguage\":\"et\"}]}<\/script>\n<!-- \/ Yoast SEO plugin. -->","yoast_head_json":{"title":"Meller Eco Oba p\u00e4ikeseprillid Chocolate Kakao - TALI Concept Store","robots":{"index":"index","follow":"follow","max-snippet":"max-snippet:-1","max-image-preview":"max-image-preview:large","max-video-preview":"max-video-preview:-1"},"canonical":"https:\/\/www.talidesign.eu\/et\/pood\/toode\/meller-eco-oba-paikeseprillid-chocolate-kakao\/","og_locale":"et_EE","og_type":"article","og_title":"Meller Eco Oba p\u00e4ikeseprillid Chocolate Kakao - TALI Concept Store","og_description":"Eco Oba p\u00e4ikeseprillid Chocolate Kakao  Oba p\u00e4ikeseprillid \u00fchendavad elegantsi ja lihtsuse peene servaga ovaalse raamiga. Ajatu siluett on saanud modernse t\u00f5lgenduse \u2013 ideaalne neile, kes hindavad puhta joonega, kuid iseloomuga disaini.  Milleks Eco?  Meller toob turule uue biop\u00f5histe prillide sarja, mis pakub keskkonnas\u00f5bralikumat alternatiivi, v\u00e4hendades mittes\u00e4\u00e4stlike plastide kasutamist. Raamid on valmistatud 45% looduslikest materjalidest, mis v\u00e4hendab fossiilsete materjalide kasutamist ja s\u00fcsinikdioksiidi heitkoguseid.  \u2022 UV-kaitse UV400: 3. kategooria \u2022 L\u00e4\u00e4ts: Saksa Tac polariseeritud, kriimustusvastane, super hydrfobic film \u2022 Materjal: Bio-based G850 \u2022 M\u00f5\u00f5dud: laius 140 mm, k\u00f5rgus 38 mm, sangade pikkus 145 mm \u2022 Br\u00e4nd Meller  Ideaalne tasakaal mugavuse ja vastupidavuse vahel.  Br\u00e4ndist  Aastal 2014 asutasid Sergi Benet, Borja Nadal ja Marco Grandi Meller br\u00e4ndi.  Alguses m\u00fc\u00fcsid nad oma tooteid garaa\u017eist... t\u00e4naseks on Mellerist saanud \u00fcks m\u00f5jukamaid kaubam\u00e4rke ravhusvahelisel areenil.","og_url":"https:\/\/www.talidesign.eu\/et\/pood\/toode\/meller-eco-oba-paikeseprillid-chocolate-kakao\/","og_site_name":"TALI Concept Store","article_publisher":"https:\/\/www.facebook.com\/TaliDisain\/","article_modified_time":"2026-03-22T09:36:02+00:00","og_image":[{"width":1300,"height":1300,"url":"https:\/\/www.talidesign.eu\/wp\/wp-content\/uploads\/2026\/03\/meller-oba-ifu-chocolate-kakao3.jpg","type":"image\/jpeg"}],"twitter_card":"summary_large_image","twitter_misc":{"Est. reading time":"1 minute"},"schema":{"@context":"https:\/\/schema.org","@graph":[{"@type":"WebPage","@id":"https:\/\/www.talidesign.eu\/et\/pood\/toode\/meller-eco-oba-paikeseprillid-chocolate-kakao\/","url":"https:\/\/www.talidesign.eu\/et\/pood\/toode\/meller-eco-oba-paikeseprillid-chocolate-kakao\/","name":"Meller Eco Oba p\u00e4ikeseprillid Chocolate Kakao - TALI Concept Store","isPartOf":{"@id":"https:\/\/www.talidesign.eu\/et\/#website"},"primaryImageOfPage":{"@id":"https:\/\/www.talidesign.eu\/et\/pood\/toode\/meller-eco-oba-paikeseprillid-chocolate-kakao\/#primaryimage"},"image":{"@id":"https:\/\/www.talidesign.eu\/et\/pood\/toode\/meller-eco-oba-paikeseprillid-chocolate-kakao\/#primaryimage"},"thumbnailUrl":"https:\/\/www.talidesign.eu\/wp\/wp-content\/uploads\/2026\/03\/meller-oba-ifu-chocolate-kakao3.jpg","datePublished":"2026-03-17T07:23:10+00:00","dateModified":"2026-03-22T09:36:02+00:00","breadcrumb":{"@id":"https:\/\/www.talidesign.eu\/et\/pood\/toode\/meller-eco-oba-paikeseprillid-chocolate-kakao\/#breadcrumb"},"inLanguage":"et","potentialAction":[{"@type":"ReadAction","target":["https:\/\/www.talidesign.eu\/et\/pood\/toode\/meller-eco-oba-paikeseprillid-chocolate-kakao\/"]}]},{"@type":"ImageObject","inLanguage":"et","@id":"https:\/\/www.talidesign.eu\/et\/pood\/toode\/meller-eco-oba-paikeseprillid-chocolate-kakao\/#primaryimage","url":"https:\/\/www.talidesign.eu\/wp\/wp-content\/uploads\/2026\/03\/meller-oba-ifu-chocolate-kakao3.jpg","contentUrl":"https:\/\/www.talidesign.eu\/wp\/wp-content\/uploads\/2026\/03\/meller-oba-ifu-chocolate-kakao3.jpg","width":1300,"height":1300},{"@type":"BreadcrumbList","@id":"https:\/\/www.talidesign.eu\/et\/pood\/toode\/meller-eco-oba-paikeseprillid-chocolate-kakao\/#breadcrumb","itemListElement":[{"@type":"ListItem","position":1,"name":"Avaleht","item":"https:\/\/www.talidesign.eu\/et\/"},{"@type":"ListItem","position":2,"name":"Pood","item":"https:\/\/www.talidesign.eu\/et\/pood\/"},{"@type":"ListItem","position":3,"name":"Meller Eco Oba p\u00e4ikeseprillid Chocolate Kakao"}]},{"@type":"WebSite","@id":"https:\/\/www.talidesign.eu\/et\/#website","url":"https:\/\/www.talidesign.eu\/et\/","name":"TALI Concept Store","description":"Suurim Disainipood Eestis","potentialAction":[{"@type":"SearchAction","target":{"@type":"EntryPoint","urlTemplate":"https:\/\/www.talidesign.eu\/et\/?s={search_term_string}"},"query-input":{"@type":"PropertyValueSpecification","valueRequired":true,"valueName":"search_term_string"}}],"inLanguage":"et"}]}},"_links":{"self":[{"href":"https:\/\/www.talidesign.eu\/et\/wp-json\/wp\/v2\/product\/114716","targetHints":{"allow":["GET"]}}],"collection":[{"href":"https:\/\/www.talidesign.eu\/et\/wp-json\/wp\/v2\/product"}],"about":[{"href":"https:\/\/www.talidesign.eu\/et\/wp-json\/wp\/v2\/types\/product"}],"wp:featuredmedia":[{"embeddable":true,"href":"https:\/\/www.talidesign.eu\/et\/wp-json\/wp\/v2\/media\/114722"}],"wp:attachment":[{"href":"https:\/\/www.talidesign.eu\/et\/wp-json\/wp\/v2\/media?parent=114716"}],"wp:term":[{"taxonomy":"product_brand","embeddable":true,"href":"https:\/\/www.talidesign.eu\/et\/wp-json\/wp\/v2\/product_brand?post=114716"},{"taxonomy":"product_cat","embeddable":true,"href":"https:\/\/www.talidesign.eu\/et\/wp-json\/wp\/v2\/product_cat?post=114716"},{"taxonomy":"product_tag","embeddable":true,"href":"https:\/\/www.talidesign.eu\/et\/wp-json\/wp\/v2\/product_tag?post=114716"}],"curies":[{"name":"wp","href":"https:\/\/api.w.org\/{rel}","templated":true}]}}