{"id":114953,"date":"2026-03-20T12:18:15","date_gmt":"2026-03-20T10:18:15","guid":{"rendered":"https:\/\/www.talidesign.eu\/?post_type=product&#038;p=114953"},"modified":"2026-04-01T18:46:02","modified_gmt":"2026-04-01T15:46:02","slug":"enamel-copenhagen-lola-bold-kaevoru","status":"publish","type":"product","link":"https:\/\/www.talidesign.eu\/et\/pood\/toode\/enamel-copenhagen-lola-bold-kaevoru\/","title":{"rendered":"Enamel Copenhagen Lola Bold k\u00e4ev\u00f5ru"},"content":{"rendered":"<p><strong>Lola Bold k\u00e4ev\u00f5ru<\/strong><\/p>\n<p>\u2022 <a href=\"https:\/\/www.talidesign.eu\/et\/tootekategooria\/brandid\/enamel-copenhagen-ehted\/\">Br\u00e4nd Enamel Copenhagen<\/a><br \/>\n\u2022 8k kullaga kaetud taaskasutatud sterlingh\u00f5be<br \/>\n\u2022 M\u00f5\u00f5dud: 15 + 4 cm<br \/>\n\u2022 Kinkekarbis<\/p>\n<p>Parim vahend ehete puhastamiseks kodus on soe vesi. Puhastage ehted \u00f5rnatoimelise n\u00f5udepesuvahendi ja sooja vee lahuses. Loputage hoolikalt ja kuivatage pehme lapiga.<\/p>\n<p>Parima tulemuse saavutamiseks poleerige h\u00f5beehteid spetsiaalse ehete poleerimise lapiga.<\/p>\n<p><strong>ENAMEL Copenhagen<\/strong> on Taani ehtebr\u00e4nd, mille asutas 2012. aastal disainer Marie Rantzau. Meie ehted on disainilt ja v\u00e4rvilt harmooniliselt tasakaalus. K\u00f5ik ehted on valmistatud 18-karaadisest kullatud sterlingh\u00f5bedast ja toodetud hoolikalt valitud tarnijate poolt. ENAMEL Copenhagen ehteid m\u00fc\u00fcakse valitud kaubamajades, elustiili- ja juveelipoodides 17 erinevas riigis.<\/p>\n<p><a href=\"https:\/\/www.talidesign.eu\/wp\/wp-content\/uploads\/2024\/02\/Marie_AW23_14JUN230232-copy-scaled.jpg\"><img loading=\"lazy\" decoding=\"async\" src=\"https:\/\/www.talidesign.eu\/wp\/wp-content\/uploads\/2024\/02\/Marie_AW23_14JUN230232-copy-267x400.jpg\" alt=\"\" width=\"267\" height=\"400\" class=\"alignnone size-medium wp-image-83409\" srcset=\"https:\/\/www.talidesign.eu\/wp\/wp-content\/uploads\/2024\/02\/Marie_AW23_14JUN230232-copy-267x400.jpg 267w, https:\/\/www.talidesign.eu\/wp\/wp-content\/uploads\/2024\/02\/Marie_AW23_14JUN230232-copy-534x800.jpg 534w, https:\/\/www.talidesign.eu\/wp\/wp-content\/uploads\/2024\/02\/Marie_AW23_14JUN230232-copy-768x1152.jpg 768w, https:\/\/www.talidesign.eu\/wp\/wp-content\/uploads\/2024\/02\/Marie_AW23_14JUN230232-copy-1024x1536.jpg 1024w, https:\/\/www.talidesign.eu\/wp\/wp-content\/uploads\/2024\/02\/Marie_AW23_14JUN230232-copy-1366x2048.jpg 1366w, https:\/\/www.talidesign.eu\/wp\/wp-content\/uploads\/2024\/02\/Marie_AW23_14JUN230232-copy-500x750.jpg 500w, https:\/\/www.talidesign.eu\/wp\/wp-content\/uploads\/2024\/02\/Marie_AW23_14JUN230232-copy-510x765.jpg 510w, https:\/\/www.talidesign.eu\/wp\/wp-content\/uploads\/2024\/02\/Marie_AW23_14JUN230232-copy-scaled.jpg 1707w\" sizes=\"auto, (max-width: 267px) 100vw, 267px\" \/><\/a><br \/>\n<em>Marie Rantzau<\/em><\/p>\n","protected":false},"excerpt":{"rendered":"<p><strong>Lola Bold k\u00e4ev\u00f5ru<\/strong><\/p>\n<p>\u2022 <a href=\"https:\/\/www.talidesign.eu\/et\/tootekategooria\/brandid\/enamel-copenhagen-ehted\/\">Br\u00e4nd Enamel Copenhagen<\/a><br \/>\n\u2022 8k kullaga kaetud taaskasutatud sterlingh\u00f5be<br \/>\n\u2022 M\u00f5\u00f5dud: 15 + 4 cm<br \/>\n\u2022 Kinkekarbis<\/p>\n<p>Parim vahend ehete puhastamiseks kodus on soe vesi. Puhastage ehted \u00f5rnatoimelise n\u00f5udepesuvahendi ja sooja vee lahuses. Loputage hoolikalt ja kuivatage pehme lapiga.<\/p>\n<p>Parima tulemuse saavutamiseks poleerige h\u00f5beehteid spetsiaalse ehete poleerimise lapiga.<\/p>\n<p><strong>ENAMEL Copenhagen<\/strong> on Taani ehtebr\u00e4nd, mille asutas 2012. aastal disainer Marie Rantzau. Meie ehted on disainilt ja v\u00e4rvilt harmooniliselt tasakaalus. K\u00f5ik ehted on valmistatud 18-karaadisest kullatud sterlingh\u00f5bedast ja toodetud hoolikalt valitud tarnijate poolt. ENAMEL Copenhagen ehteid m\u00fc\u00fcakse valitud kaubamajades, elustiili- ja juveelipoodides 17 erinevas riigis.<\/p>\n<p><a href=\"https:\/\/www.talidesign.eu\/wp\/wp-content\/uploads\/2024\/02\/Marie_AW23_14JUN230232-copy-scaled.jpg\"><img loading=\"lazy\" decoding=\"async\" src=\"https:\/\/www.talidesign.eu\/wp\/wp-content\/uploads\/2024\/02\/Marie_AW23_14JUN230232-copy-267x400.jpg\" alt=\"\" width=\"267\" height=\"400\" class=\"alignnone size-medium wp-image-83409\" srcset=\"https:\/\/www.talidesign.eu\/wp\/wp-content\/uploads\/2024\/02\/Marie_AW23_14JUN230232-copy-267x400.jpg 267w, https:\/\/www.talidesign.eu\/wp\/wp-content\/uploads\/2024\/02\/Marie_AW23_14JUN230232-copy-534x800.jpg 534w, https:\/\/www.talidesign.eu\/wp\/wp-content\/uploads\/2024\/02\/Marie_AW23_14JUN230232-copy-768x1152.jpg 768w, https:\/\/www.talidesign.eu\/wp\/wp-content\/uploads\/2024\/02\/Marie_AW23_14JUN230232-copy-1024x1536.jpg 1024w, https:\/\/www.talidesign.eu\/wp\/wp-content\/uploads\/2024\/02\/Marie_AW23_14JUN230232-copy-1366x2048.jpg 1366w, https:\/\/www.talidesign.eu\/wp\/wp-content\/uploads\/2024\/02\/Marie_AW23_14JUN230232-copy-500x750.jpg 500w, https:\/\/www.talidesign.eu\/wp\/wp-content\/uploads\/2024\/02\/Marie_AW23_14JUN230232-copy-510x765.jpg 510w, https:\/\/www.talidesign.eu\/wp\/wp-content\/uploads\/2024\/02\/Marie_AW23_14JUN230232-copy-scaled.jpg 1707w\" sizes=\"auto, (max-width: 267px) 100vw, 267px\" \/><\/a><br \/>\n<em>Marie Rantzau<\/em><\/p>\n","protected":false},"featured_media":114957,"template":"","meta":[],"product_brand":[],"product_cat":[1026,1146,3132,1147],"product_tag":[3135],"class_list":{"0":"post-114953","1":"product","2":"type-product","3":"status-publish","4":"has-post-thumbnail","6":"product_cat-brandid","7":"product_cat-ehted","8":"product_cat-enamel-copenhagen-ehted","9":"product_cat-kaevorud","10":"product_tag-enamel-copenhagen-et","12":"first","13":"outofstock","14":"taxable","15":"shipping-taxable","16":"purchasable","17":"product-type-simple"},"yoast_head":"<!-- This site is optimized with the Yoast SEO plugin v27.5 - https:\/\/yoast.com\/product\/yoast-seo-wordpress\/ -->\n<title>Enamel Copenhagen Lola Bold k\u00e4ev\u00f5ru - TALI Concept Store<\/title>\n<meta name=\"robots\" content=\"index, follow, max-snippet:-1, max-image-preview:large, max-video-preview:-1\" \/>\n<link rel=\"canonical\" href=\"https:\/\/www.talidesign.eu\/et\/pood\/toode\/enamel-copenhagen-lola-bold-kaevoru\/\" \/>\n<meta property=\"og:locale\" content=\"et_EE\" \/>\n<meta property=\"og:type\" content=\"article\" \/>\n<meta property=\"og:title\" content=\"Enamel Copenhagen Lola Bold k\u00e4ev\u00f5ru - TALI Concept Store\" \/>\n<meta property=\"og:description\" content=\"Lola Bold k\u00e4ev\u00f5ru  \u2022 Br\u00e4nd Enamel Copenhagen \u2022 8k kullaga kaetud taaskasutatud sterlingh\u00f5be \u2022 M\u00f5\u00f5dud: 15 + 4 cm \u2022 Kinkekarbis  Parim vahend ehete puhastamiseks kodus on soe vesi. Puhastage ehted \u00f5rnatoimelise n\u00f5udepesuvahendi ja sooja vee lahuses. Loputage hoolikalt ja kuivatage pehme lapiga.  Parima tulemuse saavutamiseks poleerige h\u00f5beehteid spetsiaalse ehete poleerimise lapiga.  ENAMEL Copenhagen on Taani ehtebr\u00e4nd, mille asutas 2012. aastal disainer Marie Rantzau. Meie ehted on disainilt ja v\u00e4rvilt harmooniliselt tasakaalus. K\u00f5ik ehted on valmistatud 18-karaadisest kullatud sterlingh\u00f5bedast ja toodetud hoolikalt valitud tarnijate poolt. ENAMEL Copenhagen ehteid m\u00fc\u00fcakse valitud kaubamajades, elustiili- ja juveelipoodides 17 erinevas riigis.   Marie Rantzau\" \/>\n<meta property=\"og:url\" content=\"https:\/\/www.talidesign.eu\/et\/pood\/toode\/enamel-copenhagen-lola-bold-kaevoru\/\" \/>\n<meta property=\"og:site_name\" content=\"TALI Concept Store\" \/>\n<meta property=\"article:publisher\" content=\"https:\/\/www.facebook.com\/TaliDisain\/\" \/>\n<meta property=\"article:modified_time\" content=\"2026-04-01T15:46:02+00:00\" \/>\n<meta property=\"og:image\" content=\"https:\/\/www.talidesign.eu\/wp\/wp-content\/uploads\/2026\/03\/B147G-Bracelet-Lola-Bold-Blush-Extra-0-scaled.jpg\" \/>\n\t<meta property=\"og:image:width\" content=\"2560\" \/>\n\t<meta property=\"og:image:height\" content=\"2560\" \/>\n\t<meta property=\"og:image:type\" content=\"image\/jpeg\" \/>\n<meta name=\"twitter:card\" content=\"summary_large_image\" \/>\n<meta name=\"twitter:label1\" content=\"Est. reading time\" \/>\n\t<meta name=\"twitter:data1\" content=\"1 minute\" \/>\n<script type=\"application\/ld+json\" class=\"yoast-schema-graph\">{\"@context\":\"https:\\\/\\\/schema.org\",\"@graph\":[{\"@type\":\"WebPage\",\"@id\":\"https:\\\/\\\/www.talidesign.eu\\\/et\\\/pood\\\/toode\\\/enamel-copenhagen-lola-bold-kaevoru\\\/\",\"url\":\"https:\\\/\\\/www.talidesign.eu\\\/et\\\/pood\\\/toode\\\/enamel-copenhagen-lola-bold-kaevoru\\\/\",\"name\":\"Enamel Copenhagen Lola Bold k\u00e4ev\u00f5ru - TALI Concept Store\",\"isPartOf\":{\"@id\":\"https:\\\/\\\/www.talidesign.eu\\\/et\\\/#website\"},\"primaryImageOfPage\":{\"@id\":\"https:\\\/\\\/www.talidesign.eu\\\/et\\\/pood\\\/toode\\\/enamel-copenhagen-lola-bold-kaevoru\\\/#primaryimage\"},\"image\":{\"@id\":\"https:\\\/\\\/www.talidesign.eu\\\/et\\\/pood\\\/toode\\\/enamel-copenhagen-lola-bold-kaevoru\\\/#primaryimage\"},\"thumbnailUrl\":\"https:\\\/\\\/www.talidesign.eu\\\/wp\\\/wp-content\\\/uploads\\\/2026\\\/03\\\/B147G-Bracelet-Lola-Bold-Blush-Extra-0-scaled.jpg\",\"datePublished\":\"2026-03-20T10:18:15+00:00\",\"dateModified\":\"2026-04-01T15:46:02+00:00\",\"breadcrumb\":{\"@id\":\"https:\\\/\\\/www.talidesign.eu\\\/et\\\/pood\\\/toode\\\/enamel-copenhagen-lola-bold-kaevoru\\\/#breadcrumb\"},\"inLanguage\":\"et\",\"potentialAction\":[{\"@type\":\"ReadAction\",\"target\":[\"https:\\\/\\\/www.talidesign.eu\\\/et\\\/pood\\\/toode\\\/enamel-copenhagen-lola-bold-kaevoru\\\/\"]}]},{\"@type\":\"ImageObject\",\"inLanguage\":\"et\",\"@id\":\"https:\\\/\\\/www.talidesign.eu\\\/et\\\/pood\\\/toode\\\/enamel-copenhagen-lola-bold-kaevoru\\\/#primaryimage\",\"url\":\"https:\\\/\\\/www.talidesign.eu\\\/wp\\\/wp-content\\\/uploads\\\/2026\\\/03\\\/B147G-Bracelet-Lola-Bold-Blush-Extra-0-scaled.jpg\",\"contentUrl\":\"https:\\\/\\\/www.talidesign.eu\\\/wp\\\/wp-content\\\/uploads\\\/2026\\\/03\\\/B147G-Bracelet-Lola-Bold-Blush-Extra-0-scaled.jpg\",\"width\":2560,\"height\":2560},{\"@type\":\"BreadcrumbList\",\"@id\":\"https:\\\/\\\/www.talidesign.eu\\\/et\\\/pood\\\/toode\\\/enamel-copenhagen-lola-bold-kaevoru\\\/#breadcrumb\",\"itemListElement\":[{\"@type\":\"ListItem\",\"position\":1,\"name\":\"Avaleht\",\"item\":\"https:\\\/\\\/www.talidesign.eu\\\/et\\\/\"},{\"@type\":\"ListItem\",\"position\":2,\"name\":\"Pood\",\"item\":\"https:\\\/\\\/www.talidesign.eu\\\/et\\\/pood\\\/\"},{\"@type\":\"ListItem\",\"position\":3,\"name\":\"Enamel Copenhagen Lola Bold k\u00e4ev\u00f5ru\"}]},{\"@type\":\"WebSite\",\"@id\":\"https:\\\/\\\/www.talidesign.eu\\\/et\\\/#website\",\"url\":\"https:\\\/\\\/www.talidesign.eu\\\/et\\\/\",\"name\":\"TALI Concept Store\",\"description\":\"Suurim Disainipood Eestis\",\"potentialAction\":[{\"@type\":\"SearchAction\",\"target\":{\"@type\":\"EntryPoint\",\"urlTemplate\":\"https:\\\/\\\/www.talidesign.eu\\\/et\\\/?s={search_term_string}\"},\"query-input\":{\"@type\":\"PropertyValueSpecification\",\"valueRequired\":true,\"valueName\":\"search_term_string\"}}],\"inLanguage\":\"et\"}]}<\/script>\n<!-- \/ Yoast SEO plugin. -->","yoast_head_json":{"title":"Enamel Copenhagen Lola Bold k\u00e4ev\u00f5ru - TALI Concept Store","robots":{"index":"index","follow":"follow","max-snippet":"max-snippet:-1","max-image-preview":"max-image-preview:large","max-video-preview":"max-video-preview:-1"},"canonical":"https:\/\/www.talidesign.eu\/et\/pood\/toode\/enamel-copenhagen-lola-bold-kaevoru\/","og_locale":"et_EE","og_type":"article","og_title":"Enamel Copenhagen Lola Bold k\u00e4ev\u00f5ru - TALI Concept Store","og_description":"Lola Bold k\u00e4ev\u00f5ru  \u2022 Br\u00e4nd Enamel Copenhagen \u2022 8k kullaga kaetud taaskasutatud sterlingh\u00f5be \u2022 M\u00f5\u00f5dud: 15 + 4 cm \u2022 Kinkekarbis  Parim vahend ehete puhastamiseks kodus on soe vesi. Puhastage ehted \u00f5rnatoimelise n\u00f5udepesuvahendi ja sooja vee lahuses. Loputage hoolikalt ja kuivatage pehme lapiga.  Parima tulemuse saavutamiseks poleerige h\u00f5beehteid spetsiaalse ehete poleerimise lapiga.  ENAMEL Copenhagen on Taani ehtebr\u00e4nd, mille asutas 2012. aastal disainer Marie Rantzau. Meie ehted on disainilt ja v\u00e4rvilt harmooniliselt tasakaalus. K\u00f5ik ehted on valmistatud 18-karaadisest kullatud sterlingh\u00f5bedast ja toodetud hoolikalt valitud tarnijate poolt. ENAMEL Copenhagen ehteid m\u00fc\u00fcakse valitud kaubamajades, elustiili- ja juveelipoodides 17 erinevas riigis.   Marie Rantzau","og_url":"https:\/\/www.talidesign.eu\/et\/pood\/toode\/enamel-copenhagen-lola-bold-kaevoru\/","og_site_name":"TALI Concept Store","article_publisher":"https:\/\/www.facebook.com\/TaliDisain\/","article_modified_time":"2026-04-01T15:46:02+00:00","og_image":[{"width":2560,"height":2560,"url":"https:\/\/www.talidesign.eu\/wp\/wp-content\/uploads\/2026\/03\/B147G-Bracelet-Lola-Bold-Blush-Extra-0-scaled.jpg","type":"image\/jpeg"}],"twitter_card":"summary_large_image","twitter_misc":{"Est. reading time":"1 minute"},"schema":{"@context":"https:\/\/schema.org","@graph":[{"@type":"WebPage","@id":"https:\/\/www.talidesign.eu\/et\/pood\/toode\/enamel-copenhagen-lola-bold-kaevoru\/","url":"https:\/\/www.talidesign.eu\/et\/pood\/toode\/enamel-copenhagen-lola-bold-kaevoru\/","name":"Enamel Copenhagen Lola Bold k\u00e4ev\u00f5ru - TALI Concept Store","isPartOf":{"@id":"https:\/\/www.talidesign.eu\/et\/#website"},"primaryImageOfPage":{"@id":"https:\/\/www.talidesign.eu\/et\/pood\/toode\/enamel-copenhagen-lola-bold-kaevoru\/#primaryimage"},"image":{"@id":"https:\/\/www.talidesign.eu\/et\/pood\/toode\/enamel-copenhagen-lola-bold-kaevoru\/#primaryimage"},"thumbnailUrl":"https:\/\/www.talidesign.eu\/wp\/wp-content\/uploads\/2026\/03\/B147G-Bracelet-Lola-Bold-Blush-Extra-0-scaled.jpg","datePublished":"2026-03-20T10:18:15+00:00","dateModified":"2026-04-01T15:46:02+00:00","breadcrumb":{"@id":"https:\/\/www.talidesign.eu\/et\/pood\/toode\/enamel-copenhagen-lola-bold-kaevoru\/#breadcrumb"},"inLanguage":"et","potentialAction":[{"@type":"ReadAction","target":["https:\/\/www.talidesign.eu\/et\/pood\/toode\/enamel-copenhagen-lola-bold-kaevoru\/"]}]},{"@type":"ImageObject","inLanguage":"et","@id":"https:\/\/www.talidesign.eu\/et\/pood\/toode\/enamel-copenhagen-lola-bold-kaevoru\/#primaryimage","url":"https:\/\/www.talidesign.eu\/wp\/wp-content\/uploads\/2026\/03\/B147G-Bracelet-Lola-Bold-Blush-Extra-0-scaled.jpg","contentUrl":"https:\/\/www.talidesign.eu\/wp\/wp-content\/uploads\/2026\/03\/B147G-Bracelet-Lola-Bold-Blush-Extra-0-scaled.jpg","width":2560,"height":2560},{"@type":"BreadcrumbList","@id":"https:\/\/www.talidesign.eu\/et\/pood\/toode\/enamel-copenhagen-lola-bold-kaevoru\/#breadcrumb","itemListElement":[{"@type":"ListItem","position":1,"name":"Avaleht","item":"https:\/\/www.talidesign.eu\/et\/"},{"@type":"ListItem","position":2,"name":"Pood","item":"https:\/\/www.talidesign.eu\/et\/pood\/"},{"@type":"ListItem","position":3,"name":"Enamel Copenhagen Lola Bold k\u00e4ev\u00f5ru"}]},{"@type":"WebSite","@id":"https:\/\/www.talidesign.eu\/et\/#website","url":"https:\/\/www.talidesign.eu\/et\/","name":"TALI Concept Store","description":"Suurim Disainipood Eestis","potentialAction":[{"@type":"SearchAction","target":{"@type":"EntryPoint","urlTemplate":"https:\/\/www.talidesign.eu\/et\/?s={search_term_string}"},"query-input":{"@type":"PropertyValueSpecification","valueRequired":true,"valueName":"search_term_string"}}],"inLanguage":"et"}]}},"_links":{"self":[{"href":"https:\/\/www.talidesign.eu\/et\/wp-json\/wp\/v2\/product\/114953","targetHints":{"allow":["GET"]}}],"collection":[{"href":"https:\/\/www.talidesign.eu\/et\/wp-json\/wp\/v2\/product"}],"about":[{"href":"https:\/\/www.talidesign.eu\/et\/wp-json\/wp\/v2\/types\/product"}],"wp:featuredmedia":[{"embeddable":true,"href":"https:\/\/www.talidesign.eu\/et\/wp-json\/wp\/v2\/media\/114957"}],"wp:attachment":[{"href":"https:\/\/www.talidesign.eu\/et\/wp-json\/wp\/v2\/media?parent=114953"}],"wp:term":[{"taxonomy":"product_brand","embeddable":true,"href":"https:\/\/www.talidesign.eu\/et\/wp-json\/wp\/v2\/product_brand?post=114953"},{"taxonomy":"product_cat","embeddable":true,"href":"https:\/\/www.talidesign.eu\/et\/wp-json\/wp\/v2\/product_cat?post=114953"},{"taxonomy":"product_tag","embeddable":true,"href":"https:\/\/www.talidesign.eu\/et\/wp-json\/wp\/v2\/product_tag?post=114953"}],"curies":[{"name":"wp","href":"https:\/\/api.w.org\/{rel}","templated":true}]}}